{"id":133,"date":"2015-07-02T21:08:52","date_gmt":"2015-07-02T21:08:52","guid":{"rendered":"http:\/\/hgh.ca\/foundation\/?page_id=133"},"modified":"2025-09-16T14:03:49","modified_gmt":"2025-09-16T18:03:49","slug":"conseil-dadministration","status":"publish","type":"page","link":"https:\/\/hgh.ca\/foundation\/fr\/a-notre-sujet\/conseil-dadministration\/","title":{"rendered":"Conseil d\u2019administration"},"content":{"rendered":"<p class=\"lead\">La Fondation obtient des r\u00e9sultats \u00e9loquents gr\u00e2ce \u00e0 l\u2019engagement de gens d\u2019exception qui ont \u00e0 c\u0153ur la qualit\u00e9 des soins et des services de sant\u00e9 dans leur communaut\u00e9.<\/p>\n<p>Les membres du conseil d\u2019administration de la Fondation veillent \u00e0 ce que les fonds amass\u00e9s soient g\u00e9r\u00e9s de fa\u00e7on rigoureuse.<\/p>\n<h2>Les membres du conseil 2025-2026<\/h2>\n","protected":false},"excerpt":{"rendered":"La Fondation obtient des r\u00e9sultats \u00e9loquents gr\u00e2ce \u00e0 l\u2019engagement de gens d\u2019exception qui ont \u00e0 c\u0153ur la qualit\u00e9 des soins et des services de sant\u00e9 dans leur communaut\u00e9. Les membres du conseil d\u2019administration de la Fondation veillent \u00e0 ce que les fonds amass\u00e9s soient g\u00e9r\u00e9s de fa\u00e7on rigoureuse. Les membres du conseil 2025-2026","protected":false},"author":1,"featured_media":0,"parent":21,"menu_order":5,"comment_status":"open","ping_status":"open","template":"template-profiles.php","meta":{"_acf_changed":false,"footnotes":""},"class_list":["post-133","page","type-page","status-publish","hentry"],"acf":[],"yoast_head":"<!-- This site is optimized with the Yoast SEO plugin v23.0 - https:\/\/yoast.com\/wordpress\/plugins\/seo\/ -->\n<title>Conseil d\u2019administration - HGH Foundation<\/title>\n<meta name=\"description\" content=\"Membres du conseil d&#039;administration de la Fondation HGH\" \/>\n<meta name=\"robots\" content=\"index, follow, max-snippet:-1, max-image-preview:large, max-video-preview:-1\" \/>\n<link rel=\"canonical\" href=\"https:\/\/hgh.ca\/foundation\/fr\/a-notre-sujet\/conseil-dadministration\/\" \/>\n<meta property=\"og:locale\" content=\"fr_FR\" \/>\n<meta property=\"og:type\" content=\"article\" \/>\n<meta property=\"og:title\" content=\"Conseil d\u2019administration - HGH Foundation\" \/>\n<meta property=\"og:description\" content=\"Membres du conseil d&#039;administration de la Fondation HGH\" \/>\n<meta property=\"og:url\" content=\"https:\/\/hgh.ca\/foundation\/fr\/a-notre-sujet\/conseil-dadministration\/\" \/>\n<meta property=\"og:site_name\" content=\"HGH Foundation\" \/>\n<meta property=\"article:modified_time\" content=\"2025-09-16T18:03:49+00:00\" \/>\n<meta name=\"twitter:card\" content=\"summary_large_image\" \/>\n<meta name=\"twitter:label1\" content=\"Dur\u00e9e de lecture estim\u00e9e\" \/>\n\t<meta name=\"twitter:data1\" content=\"1 minute\" \/>\n<script type=\"application\/ld+json\" class=\"yoast-schema-graph\">{\"@context\":\"https:\/\/schema.org\",\"@graph\":[{\"@type\":\"WebPage\",\"@id\":\"https:\/\/hgh.ca\/foundation\/fr\/a-notre-sujet\/conseil-dadministration\/\",\"url\":\"https:\/\/hgh.ca\/foundation\/fr\/a-notre-sujet\/conseil-dadministration\/\",\"name\":\"Conseil d\u2019administration - HGH Foundation\",\"isPartOf\":{\"@id\":\"https:\/\/hgh.ca\/foundation\/#website\"},\"datePublished\":\"2015-07-02T21:08:52+00:00\",\"dateModified\":\"2025-09-16T18:03:49+00:00\",\"description\":\"Membres du conseil d'administration de la Fondation HGH\",\"breadcrumb\":{\"@id\":\"https:\/\/hgh.ca\/foundation\/fr\/a-notre-sujet\/conseil-dadministration\/#breadcrumb\"},\"inLanguage\":\"fr-FR\",\"potentialAction\":[{\"@type\":\"ReadAction\",\"target\":[\"https:\/\/hgh.ca\/foundation\/fr\/a-notre-sujet\/conseil-dadministration\/\"]}]},{\"@type\":\"BreadcrumbList\",\"@id\":\"https:\/\/hgh.ca\/foundation\/fr\/a-notre-sujet\/conseil-dadministration\/#breadcrumb\",\"itemListElement\":[{\"@type\":\"ListItem\",\"position\":1,\"name\":\"Home\",\"item\":\"https:\/\/hgh.ca\/foundation\/fr\/\"},{\"@type\":\"ListItem\",\"position\":2,\"name\":\"\u00c0 notre sujet\",\"item\":\"https:\/\/hgh.ca\/foundation\/fr\/a-notre-sujet\/\"},{\"@type\":\"ListItem\",\"position\":3,\"name\":\"Conseil d\u2019administration\"}]},{\"@type\":\"WebSite\",\"@id\":\"https:\/\/hgh.ca\/foundation\/#website\",\"url\":\"https:\/\/hgh.ca\/foundation\/\",\"name\":\"HGH Foundation\",\"description\":\"The Foundation raises funds for the Hawkesbury General Hospital\",\"potentialAction\":[{\"@type\":\"SearchAction\",\"target\":{\"@type\":\"EntryPoint\",\"urlTemplate\":\"https:\/\/hgh.ca\/foundation\/?s={search_term_string}\"},\"query-input\":\"required name=search_term_string\"}],\"inLanguage\":\"fr-FR\"}]}<\/script>\n<!-- \/ Yoast SEO plugin. -->","yoast_head_json":{"title":"Conseil d\u2019administration - HGH Foundation","description":"Membres du conseil d'administration de la Fondation HGH","robots":{"index":"index","follow":"follow","max-snippet":"max-snippet:-1","max-image-preview":"max-image-preview:large","max-video-preview":"max-video-preview:-1"},"canonical":"https:\/\/hgh.ca\/foundation\/fr\/a-notre-sujet\/conseil-dadministration\/","og_locale":"fr_FR","og_type":"article","og_title":"Conseil d\u2019administration - HGH Foundation","og_description":"Membres du conseil d'administration de la Fondation HGH","og_url":"https:\/\/hgh.ca\/foundation\/fr\/a-notre-sujet\/conseil-dadministration\/","og_site_name":"HGH Foundation","article_modified_time":"2025-09-16T18:03:49+00:00","twitter_card":"summary_large_image","twitter_misc":{"Dur\u00e9e de lecture estim\u00e9e":"1 minute"},"schema":{"@context":"https:\/\/schema.org","@graph":[{"@type":"WebPage","@id":"https:\/\/hgh.ca\/foundation\/fr\/a-notre-sujet\/conseil-dadministration\/","url":"https:\/\/hgh.ca\/foundation\/fr\/a-notre-sujet\/conseil-dadministration\/","name":"Conseil d\u2019administration - HGH Foundation","isPartOf":{"@id":"https:\/\/hgh.ca\/foundation\/#website"},"datePublished":"2015-07-02T21:08:52+00:00","dateModified":"2025-09-16T18:03:49+00:00","description":"Membres du conseil d'administration de la Fondation HGH","breadcrumb":{"@id":"https:\/\/hgh.ca\/foundation\/fr\/a-notre-sujet\/conseil-dadministration\/#breadcrumb"},"inLanguage":"fr-FR","potentialAction":[{"@type":"ReadAction","target":["https:\/\/hgh.ca\/foundation\/fr\/a-notre-sujet\/conseil-dadministration\/"]}]},{"@type":"BreadcrumbList","@id":"https:\/\/hgh.ca\/foundation\/fr\/a-notre-sujet\/conseil-dadministration\/#breadcrumb","itemListElement":[{"@type":"ListItem","position":1,"name":"Home","item":"https:\/\/hgh.ca\/foundation\/fr\/"},{"@type":"ListItem","position":2,"name":"\u00c0 notre sujet","item":"https:\/\/hgh.ca\/foundation\/fr\/a-notre-sujet\/"},{"@type":"ListItem","position":3,"name":"Conseil d\u2019administration"}]},{"@type":"WebSite","@id":"https:\/\/hgh.ca\/foundation\/#website","url":"https:\/\/hgh.ca\/foundation\/","name":"HGH Foundation","description":"The Foundation raises funds for the Hawkesbury General Hospital","potentialAction":[{"@type":"SearchAction","target":{"@type":"EntryPoint","urlTemplate":"https:\/\/hgh.ca\/foundation\/?s={search_term_string}"},"query-input":"required name=search_term_string"}],"inLanguage":"fr-FR"}]}},"_links":{"self":[{"href":"https:\/\/hgh.ca\/foundation\/fr\/wp-json\/wp\/v2\/pages\/133\/"}],"collection":[{"href":"https:\/\/hgh.ca\/foundation\/fr\/wp-json\/wp\/v2\/pages\/"}],"about":[{"href":"https:\/\/hgh.ca\/foundation\/fr\/wp-json\/wp\/v2\/types\/page\/"}],"author":[{"embeddable":true,"href":"https:\/\/hgh.ca\/foundation\/fr\/wp-json\/wp\/v2\/users\/1\/"}],"replies":[{"embeddable":true,"href":"https:\/\/hgh.ca\/foundation\/fr\/wp-json\/wp\/v2\/comments\/?post=133"}],"version-history":[{"count":5,"href":"https:\/\/hgh.ca\/foundation\/fr\/wp-json\/wp\/v2\/pages\/133\/revisions\/"}],"predecessor-version":[{"id":6624,"href":"https:\/\/hgh.ca\/foundation\/fr\/wp-json\/wp\/v2\/pages\/133\/revisions\/6624\/"}],"up":[{"embeddable":true,"href":"https:\/\/hgh.ca\/foundation\/fr\/wp-json\/wp\/v2\/pages\/21\/"}],"wp:attachment":[{"href":"https:\/\/hgh.ca\/foundation\/fr\/wp-json\/wp\/v2\/media\/?parent=133"}],"curies":[{"name":"wp","href":"https:\/\/api.w.org\/{rel}","templated":true}]}}