{"id":137,"date":"2015-07-02T21:17:19","date_gmt":"2015-07-02T21:17:19","guid":{"rendered":"http:\/\/hgh.ca\/foundation\/?page_id=137"},"modified":"2024-12-02T09:24:02","modified_gmt":"2024-12-02T14:24:02","slug":"le-personnel","status":"publish","type":"page","link":"https:\/\/hgh.ca\/foundation\/fr\/a-notre-sujet\/le-personnel\/","title":{"rendered":"Personnel"},"content":{"rendered":"<p class=\"lead\">Votre Fondation HGH bouillonne d\u2019activit\u00e9s afin de r\u00e9aliser sa mission et peut compter sur des ressources engag\u00e9es qui y consacrent toutes leurs \u00e9nergies et tout leur c\u0153ur.<\/p>\n","protected":false},"excerpt":{"rendered":"Votre Fondation HGH bouillonne d\u2019activit\u00e9s afin de r\u00e9aliser sa mission et peut compter sur des ressources engag\u00e9es qui y consacrent toutes leurs \u00e9nergies et tout leur c\u0153ur.","protected":false},"author":1,"featured_media":0,"parent":21,"menu_order":6,"comment_status":"open","ping_status":"open","template":"template-profiles.php","meta":{"_acf_changed":false,"footnotes":""},"class_list":["post-137","page","type-page","status-publish","hentry"],"acf":[],"yoast_head":"<!-- This site is optimized with the Yoast SEO plugin v23.0 - https:\/\/yoast.com\/wordpress\/plugins\/seo\/ -->\n<title>Personnel - HGH Foundation<\/title>\n<meta name=\"robots\" content=\"index, follow, max-snippet:-1, max-image-preview:large, max-video-preview:-1\" \/>\n<link rel=\"canonical\" href=\"https:\/\/hgh.ca\/foundation\/fr\/a-notre-sujet\/le-personnel\/\" \/>\n<meta property=\"og:locale\" content=\"fr_FR\" \/>\n<meta property=\"og:type\" content=\"article\" \/>\n<meta property=\"og:title\" content=\"Personnel - HGH Foundation\" \/>\n<meta property=\"og:description\" content=\"Votre Fondation HGH bouillonne d\u2019activit\u00e9s afin de r\u00e9aliser sa mission et peut compter sur des ressources engag\u00e9es qui y consacrent toutes leurs \u00e9nergies et tout leur c\u0153ur.\" \/>\n<meta property=\"og:url\" content=\"https:\/\/hgh.ca\/foundation\/fr\/a-notre-sujet\/le-personnel\/\" \/>\n<meta property=\"og:site_name\" content=\"HGH Foundation\" \/>\n<meta property=\"article:modified_time\" content=\"2024-12-02T14:24:02+00:00\" \/>\n<meta name=\"twitter:card\" content=\"summary_large_image\" \/>\n<meta name=\"twitter:label1\" content=\"Dur\u00e9e de lecture estim\u00e9e\" \/>\n\t<meta name=\"twitter:data1\" content=\"1 minute\" \/>\n<script type=\"application\/ld+json\" class=\"yoast-schema-graph\">{\"@context\":\"https:\/\/schema.org\",\"@graph\":[{\"@type\":\"WebPage\",\"@id\":\"https:\/\/hgh.ca\/foundation\/fr\/a-notre-sujet\/le-personnel\/\",\"url\":\"https:\/\/hgh.ca\/foundation\/fr\/a-notre-sujet\/le-personnel\/\",\"name\":\"Personnel - HGH Foundation\",\"isPartOf\":{\"@id\":\"https:\/\/hgh.ca\/foundation\/#website\"},\"datePublished\":\"2015-07-02T21:17:19+00:00\",\"dateModified\":\"2024-12-02T14:24:02+00:00\",\"breadcrumb\":{\"@id\":\"https:\/\/hgh.ca\/foundation\/fr\/a-notre-sujet\/le-personnel\/#breadcrumb\"},\"inLanguage\":\"fr-FR\",\"potentialAction\":[{\"@type\":\"ReadAction\",\"target\":[\"https:\/\/hgh.ca\/foundation\/fr\/a-notre-sujet\/le-personnel\/\"]}]},{\"@type\":\"BreadcrumbList\",\"@id\":\"https:\/\/hgh.ca\/foundation\/fr\/a-notre-sujet\/le-personnel\/#breadcrumb\",\"itemListElement\":[{\"@type\":\"ListItem\",\"position\":1,\"name\":\"Home\",\"item\":\"https:\/\/hgh.ca\/foundation\/fr\/\"},{\"@type\":\"ListItem\",\"position\":2,\"name\":\"\u00c0 notre sujet\",\"item\":\"https:\/\/hgh.ca\/foundation\/fr\/a-notre-sujet\/\"},{\"@type\":\"ListItem\",\"position\":3,\"name\":\"Personnel\"}]},{\"@type\":\"WebSite\",\"@id\":\"https:\/\/hgh.ca\/foundation\/#website\",\"url\":\"https:\/\/hgh.ca\/foundation\/\",\"name\":\"HGH Foundation\",\"description\":\"The Foundation raises funds for the Hawkesbury General Hospital\",\"potentialAction\":[{\"@type\":\"SearchAction\",\"target\":{\"@type\":\"EntryPoint\",\"urlTemplate\":\"https:\/\/hgh.ca\/foundation\/?s={search_term_string}\"},\"query-input\":\"required name=search_term_string\"}],\"inLanguage\":\"fr-FR\"}]}<\/script>\n<!-- \/ Yoast SEO plugin. -->","yoast_head_json":{"title":"Personnel - HGH Foundation","robots":{"index":"index","follow":"follow","max-snippet":"max-snippet:-1","max-image-preview":"max-image-preview:large","max-video-preview":"max-video-preview:-1"},"canonical":"https:\/\/hgh.ca\/foundation\/fr\/a-notre-sujet\/le-personnel\/","og_locale":"fr_FR","og_type":"article","og_title":"Personnel - HGH Foundation","og_description":"Votre Fondation HGH bouillonne d\u2019activit\u00e9s afin de r\u00e9aliser sa mission et peut compter sur des ressources engag\u00e9es qui y consacrent toutes leurs \u00e9nergies et tout leur c\u0153ur.","og_url":"https:\/\/hgh.ca\/foundation\/fr\/a-notre-sujet\/le-personnel\/","og_site_name":"HGH Foundation","article_modified_time":"2024-12-02T14:24:02+00:00","twitter_card":"summary_large_image","twitter_misc":{"Dur\u00e9e de lecture estim\u00e9e":"1 minute"},"schema":{"@context":"https:\/\/schema.org","@graph":[{"@type":"WebPage","@id":"https:\/\/hgh.ca\/foundation\/fr\/a-notre-sujet\/le-personnel\/","url":"https:\/\/hgh.ca\/foundation\/fr\/a-notre-sujet\/le-personnel\/","name":"Personnel - HGH Foundation","isPartOf":{"@id":"https:\/\/hgh.ca\/foundation\/#website"},"datePublished":"2015-07-02T21:17:19+00:00","dateModified":"2024-12-02T14:24:02+00:00","breadcrumb":{"@id":"https:\/\/hgh.ca\/foundation\/fr\/a-notre-sujet\/le-personnel\/#breadcrumb"},"inLanguage":"fr-FR","potentialAction":[{"@type":"ReadAction","target":["https:\/\/hgh.ca\/foundation\/fr\/a-notre-sujet\/le-personnel\/"]}]},{"@type":"BreadcrumbList","@id":"https:\/\/hgh.ca\/foundation\/fr\/a-notre-sujet\/le-personnel\/#breadcrumb","itemListElement":[{"@type":"ListItem","position":1,"name":"Home","item":"https:\/\/hgh.ca\/foundation\/fr\/"},{"@type":"ListItem","position":2,"name":"\u00c0 notre sujet","item":"https:\/\/hgh.ca\/foundation\/fr\/a-notre-sujet\/"},{"@type":"ListItem","position":3,"name":"Personnel"}]},{"@type":"WebSite","@id":"https:\/\/hgh.ca\/foundation\/#website","url":"https:\/\/hgh.ca\/foundation\/","name":"HGH Foundation","description":"The Foundation raises funds for the Hawkesbury General Hospital","potentialAction":[{"@type":"SearchAction","target":{"@type":"EntryPoint","urlTemplate":"https:\/\/hgh.ca\/foundation\/?s={search_term_string}"},"query-input":"required name=search_term_string"}],"inLanguage":"fr-FR"}]}},"_links":{"self":[{"href":"https:\/\/hgh.ca\/foundation\/fr\/wp-json\/wp\/v2\/pages\/137\/"}],"collection":[{"href":"https:\/\/hgh.ca\/foundation\/fr\/wp-json\/wp\/v2\/pages\/"}],"about":[{"href":"https:\/\/hgh.ca\/foundation\/fr\/wp-json\/wp\/v2\/types\/page\/"}],"author":[{"embeddable":true,"href":"https:\/\/hgh.ca\/foundation\/fr\/wp-json\/wp\/v2\/users\/1\/"}],"replies":[{"embeddable":true,"href":"https:\/\/hgh.ca\/foundation\/fr\/wp-json\/wp\/v2\/comments\/?post=137"}],"version-history":[{"count":5,"href":"https:\/\/hgh.ca\/foundation\/fr\/wp-json\/wp\/v2\/pages\/137\/revisions\/"}],"predecessor-version":[{"id":6210,"href":"https:\/\/hgh.ca\/foundation\/fr\/wp-json\/wp\/v2\/pages\/137\/revisions\/6210\/"}],"up":[{"embeddable":true,"href":"https:\/\/hgh.ca\/foundation\/fr\/wp-json\/wp\/v2\/pages\/21\/"}],"wp:attachment":[{"href":"https:\/\/hgh.ca\/foundation\/fr\/wp-json\/wp\/v2\/media\/?parent=137"}],"curies":[{"name":"wp","href":"https:\/\/api.w.org\/{rel}","templated":true}]}}