{"id":14,"date":"2015-05-29T13:14:05","date_gmt":"2015-05-29T13:14:05","guid":{"rendered":"http:\/\/hgh.ca\/foundation\/?page_id=14"},"modified":"2023-08-24T15:17:27","modified_gmt":"2023-08-24T15:17:27","slug":"nous-joindre","status":"publish","type":"page","link":"https:\/\/hgh.ca\/foundation\/fr\/nous-joindre\/","title":{"rendered":"Nous joindre"},"content":{"rendered":"<h2>Bureau \u00e0 l&rsquo;HGH<\/h2>\n<p><a href=\"http:\/\/hgh.ca\/foundation\/wp-content\/uploads\/sites\/2\/2022\/02\/foundation-office-door-feb-2022.jpg\"><img loading=\"lazy\" decoding=\"async\" width=\"700\" height=\"525\" class=\"alignnone size-full wp-image-3940\" src=\"http:\/\/hgh.ca\/foundation\/wp-content\/uploads\/sites\/2\/2022\/02\/foundation-office-door-feb-2022.jpg\" alt=\"Porte des bureaux de la Fondation \u00e0 l'h\u00f4pital\" srcset=\"https:\/\/hgh.ca\/foundation\/wp-content\/uploads\/sites\/2\/2022\/02\/foundation-office-door-feb-2022.jpg 700w, https:\/\/hgh.ca\/foundation\/wp-content\/uploads\/sites\/2\/2022\/02\/foundation-office-door-feb-2022-250x188.jpg 250w, https:\/\/hgh.ca\/foundation\/wp-content\/uploads\/sites\/2\/2022\/02\/foundation-office-door-feb-2022-120x90.jpg 120w\" sizes=\"(max-width: 700px) 100vw, 700px\" \/><\/a><\/p>\n<p>Notre bureau est situ\u00e9 dans l\u2019h\u00f4pital pr\u00e8s de l&rsquo;entr\u00e9e principale entre les d\u00e9partements de cardiologie et d&rsquo;imagerie m\u00e9dicale.<\/p>\n<p>&nbsp;<\/p>\n<h2>Coordonn\u00e9es<\/h2>\n<p>Fondation HGH<br \/>\n1111, rue Ghislain<br \/>\nHawkesbury, ON K6A 3G5<\/p>\n<p>Notre bureau se trouve au A1.194 (bloc A, niveau 1, salle 194). Voir un <a href=\"https:\/\/hgh.ca\/fr\/nous-joindre\/#planhopital\">plan de l&rsquo;h\u00f4pital<\/a>.<\/p>\n<p>T\u00e9l\u00e9phone :\u00a0<a href=\"tel:613-632-1111\">613-632-1111<\/a> \u00a0poste 21101<\/p>\n<p>Courriel\u00a0: <a href=\"mailto:fondation@hgh.ca\">fondation@hgh.ca<\/a><\/p>\n<h3>Heures de bureau<\/h3>\n<p>Heures r\u00e9guli\u00e8res : du lundi au vendredi de 8 h \u00e0 16 h (sauf les jours f\u00e9ri\u00e9s)<\/p>\n<hr \/>\n<h2>Restons en contact<\/h2>\n<p>Abonnez-vous \u00e0 l&rsquo;infolettre \u00e9lectronique <a href=\"http:\/\/hgh.ca\/foundation\/fr\/le-rythme\/\">Le Rythme<\/a><\/p>\n<p>Suivez-nous sur <a href=\"https:\/\/www.facebook.com\/Fondation-HGH-Foundation-300110053387960\/\" target=\"_blank\" rel=\"noopener noreferrer\">Facebook<\/a><\/p>\n<p>Suivez-nous sur <a href=\"https:\/\/www.instagram.com\/fondation_hgh_foundation\/?hl=fr-ca\" target=\"_blank\" rel=\"noopener noreferrer\">Instagram<\/a><\/p>\n<p>Abonnez-vous \u00e0 notre cha\u00eene <a href=\"https:\/\/www.youtube.com\/channel\/UCiAyp5CS8M-H9b_89g6ldNg\" target=\"_blank\" rel=\"noopener noreferrer\">YouTube<\/a><\/p>\n<hr \/>\n<p><strong>Num\u00e9ro d\u2019enregistrement de bienfaisance :<\/strong> 118921592 RR0001<\/p>\n","protected":false},"excerpt":{"rendered":"Bureau \u00e0 l&rsquo;HGH Notre bureau est situ\u00e9 dans l\u2019h\u00f4pital pr\u00e8s de l&rsquo;entr\u00e9e principale entre les d\u00e9partements de cardiologie et d&rsquo;imagerie m\u00e9dicale. &nbsp; Coordonn\u00e9es Fondation HGH 1111, rue Ghislain Hawkesbury, ON K6A 3G5 Notre bureau se trouve au A1.194 (bloc A, niveau 1, salle 194). Voir un plan de l&rsquo;h\u00f4pital. T\u00e9l\u00e9phone :\u00a0613-632-1111 \u00a0poste 21101 Courriel\u00a0: fondation@hgh.ca&#8230; <a class=\"btn btn--primary\" href=\"https:\/\/hgh.ca\/foundation\/fr\/nous-joindre\/\">View Article<\/a>","protected":false},"author":1,"featured_media":0,"parent":0,"menu_order":10,"comment_status":"open","ping_status":"closed","template":"","meta":{"_acf_changed":false,"footnotes":""},"class_list":["post-14","page","type-page","status-publish","hentry"],"acf":[],"yoast_head":"<!-- This site is optimized with the Yoast SEO plugin v23.0 - https:\/\/yoast.com\/wordpress\/plugins\/seo\/ -->\n<title>Nous joindre - HGH Foundation<\/title>\n<meta name=\"robots\" content=\"index, follow, max-snippet:-1, max-image-preview:large, max-video-preview:-1\" \/>\n<link rel=\"canonical\" href=\"https:\/\/hgh.ca\/foundation\/fr\/nous-joindre\/\" \/>\n<meta property=\"og:locale\" content=\"fr_FR\" \/>\n<meta property=\"og:type\" content=\"article\" \/>\n<meta property=\"og:title\" content=\"Nous joindre - HGH Foundation\" \/>\n<meta property=\"og:description\" content=\"Bureau \u00e0 l&rsquo;HGH Notre bureau est situ\u00e9 dans l\u2019h\u00f4pital pr\u00e8s de l&rsquo;entr\u00e9e principale entre les d\u00e9partements de cardiologie et d&rsquo;imagerie m\u00e9dicale. &nbsp; Coordonn\u00e9es Fondation HGH 1111, rue Ghislain Hawkesbury, ON K6A 3G5 Notre bureau se trouve au A1.194 (bloc A, niveau 1, salle 194). Voir un plan de l&rsquo;h\u00f4pital. T\u00e9l\u00e9phone :\u00a0613-632-1111 \u00a0poste 21101 Courriel\u00a0: fondation@hgh.ca... View Article\" \/>\n<meta property=\"og:url\" content=\"https:\/\/hgh.ca\/foundation\/fr\/nous-joindre\/\" \/>\n<meta property=\"og:site_name\" content=\"HGH Foundation\" \/>\n<meta property=\"article:modified_time\" content=\"2023-08-24T15:17:27+00:00\" \/>\n<meta property=\"og:image\" content=\"http:\/\/hgh.ca\/foundation\/wp-content\/uploads\/sites\/2\/2022\/02\/foundation-office-door-feb-2022.jpg\" \/>\n<meta name=\"twitter:card\" content=\"summary_large_image\" \/>\n<meta name=\"twitter:label1\" content=\"Dur\u00e9e de lecture estim\u00e9e\" \/>\n\t<meta name=\"twitter:data1\" content=\"1 minute\" \/>\n<script type=\"application\/ld+json\" class=\"yoast-schema-graph\">{\"@context\":\"https:\/\/schema.org\",\"@graph\":[{\"@type\":\"WebPage\",\"@id\":\"https:\/\/hgh.ca\/foundation\/fr\/nous-joindre\/\",\"url\":\"https:\/\/hgh.ca\/foundation\/fr\/nous-joindre\/\",\"name\":\"Nous joindre - HGH Foundation\",\"isPartOf\":{\"@id\":\"https:\/\/hgh.ca\/foundation\/#website\"},\"primaryImageOfPage\":{\"@id\":\"https:\/\/hgh.ca\/foundation\/fr\/nous-joindre\/#primaryimage\"},\"image\":{\"@id\":\"https:\/\/hgh.ca\/foundation\/fr\/nous-joindre\/#primaryimage\"},\"thumbnailUrl\":\"http:\/\/hgh.ca\/foundation\/wp-content\/uploads\/sites\/2\/2022\/02\/foundation-office-door-feb-2022.jpg\",\"datePublished\":\"2015-05-29T13:14:05+00:00\",\"dateModified\":\"2023-08-24T15:17:27+00:00\",\"breadcrumb\":{\"@id\":\"https:\/\/hgh.ca\/foundation\/fr\/nous-joindre\/#breadcrumb\"},\"inLanguage\":\"fr-FR\",\"potentialAction\":[{\"@type\":\"ReadAction\",\"target\":[\"https:\/\/hgh.ca\/foundation\/fr\/nous-joindre\/\"]}]},{\"@type\":\"ImageObject\",\"inLanguage\":\"fr-FR\",\"@id\":\"https:\/\/hgh.ca\/foundation\/fr\/nous-joindre\/#primaryimage\",\"url\":\"http:\/\/hgh.ca\/foundation\/wp-content\/uploads\/sites\/2\/2022\/02\/foundation-office-door-feb-2022.jpg\",\"contentUrl\":\"http:\/\/hgh.ca\/foundation\/wp-content\/uploads\/sites\/2\/2022\/02\/foundation-office-door-feb-2022.jpg\"},{\"@type\":\"BreadcrumbList\",\"@id\":\"https:\/\/hgh.ca\/foundation\/fr\/nous-joindre\/#breadcrumb\",\"itemListElement\":[{\"@type\":\"ListItem\",\"position\":1,\"name\":\"Home\",\"item\":\"https:\/\/hgh.ca\/foundation\/fr\/\"},{\"@type\":\"ListItem\",\"position\":2,\"name\":\"Nous joindre\"}]},{\"@type\":\"WebSite\",\"@id\":\"https:\/\/hgh.ca\/foundation\/#website\",\"url\":\"https:\/\/hgh.ca\/foundation\/\",\"name\":\"HGH Foundation\",\"description\":\"The Foundation raises funds for the Hawkesbury General Hospital\",\"potentialAction\":[{\"@type\":\"SearchAction\",\"target\":{\"@type\":\"EntryPoint\",\"urlTemplate\":\"https:\/\/hgh.ca\/foundation\/?s={search_term_string}\"},\"query-input\":\"required name=search_term_string\"}],\"inLanguage\":\"fr-FR\"}]}<\/script>\n<!-- \/ Yoast SEO plugin. -->","yoast_head_json":{"title":"Nous joindre - HGH Foundation","robots":{"index":"index","follow":"follow","max-snippet":"max-snippet:-1","max-image-preview":"max-image-preview:large","max-video-preview":"max-video-preview:-1"},"canonical":"https:\/\/hgh.ca\/foundation\/fr\/nous-joindre\/","og_locale":"fr_FR","og_type":"article","og_title":"Nous joindre - HGH Foundation","og_description":"Bureau \u00e0 l&rsquo;HGH Notre bureau est situ\u00e9 dans l\u2019h\u00f4pital pr\u00e8s de l&rsquo;entr\u00e9e principale entre les d\u00e9partements de cardiologie et d&rsquo;imagerie m\u00e9dicale. &nbsp; Coordonn\u00e9es Fondation HGH 1111, rue Ghislain Hawkesbury, ON K6A 3G5 Notre bureau se trouve au A1.194 (bloc A, niveau 1, salle 194). Voir un plan de l&rsquo;h\u00f4pital. T\u00e9l\u00e9phone :\u00a0613-632-1111 \u00a0poste 21101 Courriel\u00a0: fondation@hgh.ca... View Article","og_url":"https:\/\/hgh.ca\/foundation\/fr\/nous-joindre\/","og_site_name":"HGH Foundation","article_modified_time":"2023-08-24T15:17:27+00:00","og_image":[{"url":"http:\/\/hgh.ca\/foundation\/wp-content\/uploads\/sites\/2\/2022\/02\/foundation-office-door-feb-2022.jpg"}],"twitter_card":"summary_large_image","twitter_misc":{"Dur\u00e9e de lecture estim\u00e9e":"1 minute"},"schema":{"@context":"https:\/\/schema.org","@graph":[{"@type":"WebPage","@id":"https:\/\/hgh.ca\/foundation\/fr\/nous-joindre\/","url":"https:\/\/hgh.ca\/foundation\/fr\/nous-joindre\/","name":"Nous joindre - HGH Foundation","isPartOf":{"@id":"https:\/\/hgh.ca\/foundation\/#website"},"primaryImageOfPage":{"@id":"https:\/\/hgh.ca\/foundation\/fr\/nous-joindre\/#primaryimage"},"image":{"@id":"https:\/\/hgh.ca\/foundation\/fr\/nous-joindre\/#primaryimage"},"thumbnailUrl":"http:\/\/hgh.ca\/foundation\/wp-content\/uploads\/sites\/2\/2022\/02\/foundation-office-door-feb-2022.jpg","datePublished":"2015-05-29T13:14:05+00:00","dateModified":"2023-08-24T15:17:27+00:00","breadcrumb":{"@id":"https:\/\/hgh.ca\/foundation\/fr\/nous-joindre\/#breadcrumb"},"inLanguage":"fr-FR","potentialAction":[{"@type":"ReadAction","target":["https:\/\/hgh.ca\/foundation\/fr\/nous-joindre\/"]}]},{"@type":"ImageObject","inLanguage":"fr-FR","@id":"https:\/\/hgh.ca\/foundation\/fr\/nous-joindre\/#primaryimage","url":"http:\/\/hgh.ca\/foundation\/wp-content\/uploads\/sites\/2\/2022\/02\/foundation-office-door-feb-2022.jpg","contentUrl":"http:\/\/hgh.ca\/foundation\/wp-content\/uploads\/sites\/2\/2022\/02\/foundation-office-door-feb-2022.jpg"},{"@type":"BreadcrumbList","@id":"https:\/\/hgh.ca\/foundation\/fr\/nous-joindre\/#breadcrumb","itemListElement":[{"@type":"ListItem","position":1,"name":"Home","item":"https:\/\/hgh.ca\/foundation\/fr\/"},{"@type":"ListItem","position":2,"name":"Nous joindre"}]},{"@type":"WebSite","@id":"https:\/\/hgh.ca\/foundation\/#website","url":"https:\/\/hgh.ca\/foundation\/","name":"HGH Foundation","description":"The Foundation raises funds for the Hawkesbury General Hospital","potentialAction":[{"@type":"SearchAction","target":{"@type":"EntryPoint","urlTemplate":"https:\/\/hgh.ca\/foundation\/?s={search_term_string}"},"query-input":"required name=search_term_string"}],"inLanguage":"fr-FR"}]}},"_links":{"self":[{"href":"https:\/\/hgh.ca\/foundation\/fr\/wp-json\/wp\/v2\/pages\/14\/"}],"collection":[{"href":"https:\/\/hgh.ca\/foundation\/fr\/wp-json\/wp\/v2\/pages\/"}],"about":[{"href":"https:\/\/hgh.ca\/foundation\/fr\/wp-json\/wp\/v2\/types\/page\/"}],"author":[{"embeddable":true,"href":"https:\/\/hgh.ca\/foundation\/fr\/wp-json\/wp\/v2\/users\/1\/"}],"replies":[{"embeddable":true,"href":"https:\/\/hgh.ca\/foundation\/fr\/wp-json\/wp\/v2\/comments\/?post=14"}],"version-history":[{"count":6,"href":"https:\/\/hgh.ca\/foundation\/fr\/wp-json\/wp\/v2\/pages\/14\/revisions\/"}],"predecessor-version":[{"id":5492,"href":"https:\/\/hgh.ca\/foundation\/fr\/wp-json\/wp\/v2\/pages\/14\/revisions\/5492\/"}],"wp:attachment":[{"href":"https:\/\/hgh.ca\/foundation\/fr\/wp-json\/wp\/v2\/media\/?parent=14"}],"curies":[{"name":"wp","href":"https:\/\/api.w.org\/{rel}","templated":true}]}}