{"id":160,"date":"2015-07-31T19:28:12","date_gmt":"2015-07-31T19:28:12","guid":{"rendered":"http:\/\/hgh.ca\/foundation\/?page_id=160"},"modified":"2023-08-28T11:29:34","modified_gmt":"2023-08-28T15:29:34","slug":"droits-du-donateur","status":"publish","type":"page","link":"https:\/\/hgh.ca\/foundation\/fr\/a-notre-sujet\/droits-du-donateur\/","title":{"rendered":"Droits du donateur"},"content":{"rendered":"<h2>Charte des droits du donateur<\/h2>\n<p class=\"lead\">La confiance de nos donateurs est primordiale dans tout ce que nous faisons \u00e0 la Fondation de l&rsquo;H\u00f4pital g\u00e9n\u00e9ral de Hawkesbury et district (HGH).<\/p>\n<p>En tant que donateur, vous avez droit \u00e0 :<\/p>\n<ul>\n<li>Conna\u00eetre notre mission et la fa\u00e7on dont vos dons sont utilis\u00e9s;<\/li>\n<li>\u00catre inform\u00e9 de l&rsquo;identit\u00e9 des membres de notre conseil d&rsquo;administration et s&rsquo;attendre \u00e0 ce qu&rsquo;ils agissent de mani\u00e8re responsable dans l&rsquo;ex\u00e9cution de leurs responsabilit\u00e9s;<\/li>\n<li>Recevoir la correspondance, le mat\u00e9riel et les services de la Fondation en anglais ou en fran\u00e7ais;<\/li>\n<li>Avoir acc\u00e8s \u00e0 la derni\u00e8re copie des \u00e9tats financiers annuels de la Fondation HGH;<\/li>\n<li>\u00catre assur\u00e9 que votre contribution sera utilis\u00e9e aux fins pr\u00e9cis\u00e9es lorsque vous avez fait votre don;<\/li>\n<li>Recevoir une reconnaissance de votre don;<\/li>\n<li>Au traitement professionnel et courtois de la part du personnel et des b\u00e9n\u00e9voles de la Fondation;<\/li>\n<li>Faire en sorte que votre nom ou toute autre information vous concernant soit trait\u00e9 avec la plus grande confidentialit\u00e9 et ne soit ni partag\u00e9 ni vendu \u00e0 des organismes externes;<\/li>\n<li>Faire retirer votre nom des listes de diffusion sur demande;<\/li>\n<li>Comprendre si les personnes qui vous contactent au nom de la Fondation sont des b\u00e9n\u00e9voles, des employ\u00e9s ou des solliciteurs engag\u00e9s; et<\/li>\n<li>Recevoir des r\u00e9ponses rapides, v\u00e9ridiques et compl\u00e8tes \u00e0 toutes vos questions concernant les contributions \u00e0 la Fondation.<\/li>\n<\/ul>\n<p>Lire notre <a href=\"http:\/\/hgh.ca\/foundation\/fr\/a-notre-sujet\/politique-de-confidentialite\/\">Politique et d\u00e9claration de confidentialit\u00e9<\/a>.<\/p>\n","protected":false},"excerpt":{"rendered":"Charte des droits du donateur La confiance de nos donateurs est primordiale dans tout ce que nous faisons \u00e0 la Fondation de l&rsquo;H\u00f4pital g\u00e9n\u00e9ral de Hawkesbury et district (HGH). En tant que donateur, vous avez droit \u00e0 : Conna\u00eetre notre mission et la fa\u00e7on dont vos dons sont utilis\u00e9s; \u00catre inform\u00e9 de l&rsquo;identit\u00e9 des membres&#8230; <a class=\"btn btn--primary\" href=\"https:\/\/hgh.ca\/foundation\/fr\/a-notre-sujet\/droits-du-donateur\/\">View Article<\/a>","protected":false},"author":2,"featured_media":0,"parent":21,"menu_order":2,"comment_status":"open","ping_status":"open","template":"","meta":{"_acf_changed":false,"footnotes":""},"class_list":["post-160","page","type-page","status-publish","hentry"],"acf":[],"yoast_head":"<!-- This site is optimized with the Yoast SEO plugin v23.0 - https:\/\/yoast.com\/wordpress\/plugins\/seo\/ -->\n<title>Droits du donateur - HGH Foundation<\/title>\n<meta name=\"robots\" content=\"index, follow, max-snippet:-1, max-image-preview:large, max-video-preview:-1\" \/>\n<link rel=\"canonical\" href=\"https:\/\/hgh.ca\/foundation\/fr\/a-notre-sujet\/droits-du-donateur\/\" \/>\n<meta property=\"og:locale\" content=\"fr_FR\" \/>\n<meta property=\"og:type\" content=\"article\" \/>\n<meta property=\"og:title\" content=\"Droits du donateur - HGH Foundation\" \/>\n<meta property=\"og:description\" content=\"Charte des droits du donateur La confiance de nos donateurs est primordiale dans tout ce que nous faisons \u00e0 la Fondation de l&rsquo;H\u00f4pital g\u00e9n\u00e9ral de Hawkesbury et district (HGH). En tant que donateur, vous avez droit \u00e0 : Conna\u00eetre notre mission et la fa\u00e7on dont vos dons sont utilis\u00e9s; \u00catre inform\u00e9 de l&rsquo;identit\u00e9 des membres... View Article\" \/>\n<meta property=\"og:url\" content=\"https:\/\/hgh.ca\/foundation\/fr\/a-notre-sujet\/droits-du-donateur\/\" \/>\n<meta property=\"og:site_name\" content=\"HGH Foundation\" \/>\n<meta property=\"article:modified_time\" content=\"2023-08-28T15:29:34+00:00\" \/>\n<meta name=\"twitter:card\" content=\"summary_large_image\" \/>\n<meta name=\"twitter:label1\" content=\"Dur\u00e9e de lecture estim\u00e9e\" \/>\n\t<meta name=\"twitter:data1\" content=\"1 minute\" \/>\n<script type=\"application\/ld+json\" class=\"yoast-schema-graph\">{\"@context\":\"https:\/\/schema.org\",\"@graph\":[{\"@type\":\"WebPage\",\"@id\":\"https:\/\/hgh.ca\/foundation\/fr\/a-notre-sujet\/droits-du-donateur\/\",\"url\":\"https:\/\/hgh.ca\/foundation\/fr\/a-notre-sujet\/droits-du-donateur\/\",\"name\":\"Droits du donateur - HGH Foundation\",\"isPartOf\":{\"@id\":\"https:\/\/hgh.ca\/foundation\/#website\"},\"datePublished\":\"2015-07-31T19:28:12+00:00\",\"dateModified\":\"2023-08-28T15:29:34+00:00\",\"breadcrumb\":{\"@id\":\"https:\/\/hgh.ca\/foundation\/fr\/a-notre-sujet\/droits-du-donateur\/#breadcrumb\"},\"inLanguage\":\"fr-FR\",\"potentialAction\":[{\"@type\":\"ReadAction\",\"target\":[\"https:\/\/hgh.ca\/foundation\/fr\/a-notre-sujet\/droits-du-donateur\/\"]}]},{\"@type\":\"BreadcrumbList\",\"@id\":\"https:\/\/hgh.ca\/foundation\/fr\/a-notre-sujet\/droits-du-donateur\/#breadcrumb\",\"itemListElement\":[{\"@type\":\"ListItem\",\"position\":1,\"name\":\"Home\",\"item\":\"https:\/\/hgh.ca\/foundation\/fr\/\"},{\"@type\":\"ListItem\",\"position\":2,\"name\":\"\u00c0 notre sujet\",\"item\":\"https:\/\/hgh.ca\/foundation\/fr\/a-notre-sujet\/\"},{\"@type\":\"ListItem\",\"position\":3,\"name\":\"Droits du donateur\"}]},{\"@type\":\"WebSite\",\"@id\":\"https:\/\/hgh.ca\/foundation\/#website\",\"url\":\"https:\/\/hgh.ca\/foundation\/\",\"name\":\"HGH Foundation\",\"description\":\"The Foundation raises funds for the Hawkesbury General Hospital\",\"potentialAction\":[{\"@type\":\"SearchAction\",\"target\":{\"@type\":\"EntryPoint\",\"urlTemplate\":\"https:\/\/hgh.ca\/foundation\/?s={search_term_string}\"},\"query-input\":\"required name=search_term_string\"}],\"inLanguage\":\"fr-FR\"}]}<\/script>\n<!-- \/ Yoast SEO plugin. -->","yoast_head_json":{"title":"Droits du donateur - HGH Foundation","robots":{"index":"index","follow":"follow","max-snippet":"max-snippet:-1","max-image-preview":"max-image-preview:large","max-video-preview":"max-video-preview:-1"},"canonical":"https:\/\/hgh.ca\/foundation\/fr\/a-notre-sujet\/droits-du-donateur\/","og_locale":"fr_FR","og_type":"article","og_title":"Droits du donateur - HGH Foundation","og_description":"Charte des droits du donateur La confiance de nos donateurs est primordiale dans tout ce que nous faisons \u00e0 la Fondation de l&rsquo;H\u00f4pital g\u00e9n\u00e9ral de Hawkesbury et district (HGH). En tant que donateur, vous avez droit \u00e0 : Conna\u00eetre notre mission et la fa\u00e7on dont vos dons sont utilis\u00e9s; \u00catre inform\u00e9 de l&rsquo;identit\u00e9 des membres... View Article","og_url":"https:\/\/hgh.ca\/foundation\/fr\/a-notre-sujet\/droits-du-donateur\/","og_site_name":"HGH Foundation","article_modified_time":"2023-08-28T15:29:34+00:00","twitter_card":"summary_large_image","twitter_misc":{"Dur\u00e9e de lecture estim\u00e9e":"1 minute"},"schema":{"@context":"https:\/\/schema.org","@graph":[{"@type":"WebPage","@id":"https:\/\/hgh.ca\/foundation\/fr\/a-notre-sujet\/droits-du-donateur\/","url":"https:\/\/hgh.ca\/foundation\/fr\/a-notre-sujet\/droits-du-donateur\/","name":"Droits du donateur - HGH Foundation","isPartOf":{"@id":"https:\/\/hgh.ca\/foundation\/#website"},"datePublished":"2015-07-31T19:28:12+00:00","dateModified":"2023-08-28T15:29:34+00:00","breadcrumb":{"@id":"https:\/\/hgh.ca\/foundation\/fr\/a-notre-sujet\/droits-du-donateur\/#breadcrumb"},"inLanguage":"fr-FR","potentialAction":[{"@type":"ReadAction","target":["https:\/\/hgh.ca\/foundation\/fr\/a-notre-sujet\/droits-du-donateur\/"]}]},{"@type":"BreadcrumbList","@id":"https:\/\/hgh.ca\/foundation\/fr\/a-notre-sujet\/droits-du-donateur\/#breadcrumb","itemListElement":[{"@type":"ListItem","position":1,"name":"Home","item":"https:\/\/hgh.ca\/foundation\/fr\/"},{"@type":"ListItem","position":2,"name":"\u00c0 notre sujet","item":"https:\/\/hgh.ca\/foundation\/fr\/a-notre-sujet\/"},{"@type":"ListItem","position":3,"name":"Droits du donateur"}]},{"@type":"WebSite","@id":"https:\/\/hgh.ca\/foundation\/#website","url":"https:\/\/hgh.ca\/foundation\/","name":"HGH Foundation","description":"The Foundation raises funds for the Hawkesbury General Hospital","potentialAction":[{"@type":"SearchAction","target":{"@type":"EntryPoint","urlTemplate":"https:\/\/hgh.ca\/foundation\/?s={search_term_string}"},"query-input":"required name=search_term_string"}],"inLanguage":"fr-FR"}]}},"_links":{"self":[{"href":"https:\/\/hgh.ca\/foundation\/fr\/wp-json\/wp\/v2\/pages\/160\/"}],"collection":[{"href":"https:\/\/hgh.ca\/foundation\/fr\/wp-json\/wp\/v2\/pages\/"}],"about":[{"href":"https:\/\/hgh.ca\/foundation\/fr\/wp-json\/wp\/v2\/types\/page\/"}],"author":[{"embeddable":true,"href":"https:\/\/hgh.ca\/foundation\/fr\/wp-json\/wp\/v2\/users\/2\/"}],"replies":[{"embeddable":true,"href":"https:\/\/hgh.ca\/foundation\/fr\/wp-json\/wp\/v2\/comments\/?post=160"}],"version-history":[{"count":6,"href":"https:\/\/hgh.ca\/foundation\/fr\/wp-json\/wp\/v2\/pages\/160\/revisions\/"}],"predecessor-version":[{"id":5517,"href":"https:\/\/hgh.ca\/foundation\/fr\/wp-json\/wp\/v2\/pages\/160\/revisions\/5517\/"}],"up":[{"embeddable":true,"href":"https:\/\/hgh.ca\/foundation\/fr\/wp-json\/wp\/v2\/pages\/21\/"}],"wp:attachment":[{"href":"https:\/\/hgh.ca\/foundation\/fr\/wp-json\/wp\/v2\/media\/?parent=160"}],"curies":[{"name":"wp","href":"https:\/\/api.w.org\/{rel}","templated":true}]}}