{"id":1681,"date":"2018-04-03T18:15:34","date_gmt":"2018-04-03T18:15:34","guid":{"rendered":"http:\/\/hgh.ca\/foundation\/?page_id=1681"},"modified":"2021-04-06T18:47:14","modified_gmt":"2021-04-06T18:47:14","slug":"evenements-passes","status":"publish","type":"page","link":"https:\/\/hgh.ca\/foundation\/fr\/evenements\/evenements-passes\/","title":{"rendered":"\u00c9v\u00e9nements pass\u00e9s"},"content":{"rendered":"<p><span class=\"lead\" style=\"line-height: 1.5;\">Les fonds amass\u00e9s pendant nos activit\u00e9s de collectes de fond servent \u00e0 l\u2019achat d\u2019\u00e9quipement m\u00e9dical \u00e0 la fine pointe de la technologie pour l&rsquo;HGH.<\/span><\/p>\n<p><span style=\"line-height: 1.5;\">La Fondation HGH contribue \u00e0 l\u2019am\u00e9lioration des services de sant\u00e9 de votre h\u00f4pital depuis 1990.\u00a0<\/span><\/p>\n<p>Vous souhaitez aider la Fondation \u00e0 atteindre ses objectifs\u00a0? Il y a plusieurs fa\u00e7ons dont vous pouvez aider :<\/p>\n<ul>\n<li>Participez \u00e0 l\u2019une de nos activit\u00e9s<\/li>\n<li>Donnez de votre temps et soyez\u00a0b\u00e9n\u00e9vole \u00e0 l&rsquo;une de nos activit\u00e9s<\/li>\n<li>Commanditez l&rsquo;une de nos activit\u00e9s<\/li>\n<li>Organisez un \u00e9v\u00e9nement de collecte de fonds<\/li>\n<\/ul>\n","protected":false},"excerpt":{"rendered":"Les fonds amass\u00e9s pendant nos activit\u00e9s de collectes de fond servent \u00e0 l\u2019achat d\u2019\u00e9quipement m\u00e9dical \u00e0 la fine pointe de la technologie pour l&rsquo;HGH. La Fondation HGH contribue \u00e0 l\u2019am\u00e9lioration des services de sant\u00e9 de votre h\u00f4pital depuis 1990.\u00a0 Vous souhaitez aider la Fondation \u00e0 atteindre ses objectifs\u00a0? Il y a plusieurs fa\u00e7ons dont vous&#8230; <a class=\"btn btn--primary\" href=\"https:\/\/hgh.ca\/foundation\/fr\/evenements\/evenements-passes\/\">View Article<\/a>","protected":false},"author":2,"featured_media":0,"parent":27,"menu_order":4,"comment_status":"closed","ping_status":"closed","template":"","meta":{"_acf_changed":false,"footnotes":""},"class_list":["post-1681","page","type-page","status-publish","hentry"],"acf":[],"yoast_head":"<!-- This site is optimized with the Yoast SEO plugin v23.0 - https:\/\/yoast.com\/wordpress\/plugins\/seo\/ -->\n<title>\u00c9v\u00e9nements pass\u00e9s - HGH Foundation<\/title>\n<meta name=\"robots\" content=\"index, follow, max-snippet:-1, max-image-preview:large, max-video-preview:-1\" \/>\n<link rel=\"canonical\" href=\"https:\/\/hgh.ca\/foundation\/fr\/evenements\/evenements-passes\/\" \/>\n<meta property=\"og:locale\" content=\"fr_FR\" \/>\n<meta property=\"og:type\" content=\"article\" \/>\n<meta property=\"og:title\" content=\"\u00c9v\u00e9nements pass\u00e9s - HGH Foundation\" \/>\n<meta property=\"og:description\" content=\"Les fonds amass\u00e9s pendant nos activit\u00e9s de collectes de fond servent \u00e0 l\u2019achat d\u2019\u00e9quipement m\u00e9dical \u00e0 la fine pointe de la technologie pour l&rsquo;HGH. La Fondation HGH contribue \u00e0 l\u2019am\u00e9lioration des services de sant\u00e9 de votre h\u00f4pital depuis 1990.\u00a0 Vous souhaitez aider la Fondation \u00e0 atteindre ses objectifs\u00a0? Il y a plusieurs fa\u00e7ons dont vous... View Article\" \/>\n<meta property=\"og:url\" content=\"https:\/\/hgh.ca\/foundation\/fr\/evenements\/evenements-passes\/\" \/>\n<meta property=\"og:site_name\" content=\"HGH Foundation\" \/>\n<meta property=\"article:modified_time\" content=\"2021-04-06T18:47:14+00:00\" \/>\n<meta name=\"twitter:card\" content=\"summary_large_image\" \/>\n<script type=\"application\/ld+json\" class=\"yoast-schema-graph\">{\"@context\":\"https:\/\/schema.org\",\"@graph\":[{\"@type\":\"WebPage\",\"@id\":\"https:\/\/hgh.ca\/foundation\/fr\/evenements\/evenements-passes\/\",\"url\":\"https:\/\/hgh.ca\/foundation\/fr\/evenements\/evenements-passes\/\",\"name\":\"\u00c9v\u00e9nements pass\u00e9s - HGH Foundation\",\"isPartOf\":{\"@id\":\"https:\/\/hgh.ca\/foundation\/#website\"},\"datePublished\":\"2018-04-03T18:15:34+00:00\",\"dateModified\":\"2021-04-06T18:47:14+00:00\",\"breadcrumb\":{\"@id\":\"https:\/\/hgh.ca\/foundation\/fr\/evenements\/evenements-passes\/#breadcrumb\"},\"inLanguage\":\"fr-FR\",\"potentialAction\":[{\"@type\":\"ReadAction\",\"target\":[\"https:\/\/hgh.ca\/foundation\/fr\/evenements\/evenements-passes\/\"]}]},{\"@type\":\"BreadcrumbList\",\"@id\":\"https:\/\/hgh.ca\/foundation\/fr\/evenements\/evenements-passes\/#breadcrumb\",\"itemListElement\":[{\"@type\":\"ListItem\",\"position\":1,\"name\":\"Home\",\"item\":\"https:\/\/hgh.ca\/foundation\/fr\/\"},{\"@type\":\"ListItem\",\"position\":2,\"name\":\"\u00c9v\u00e9nements\",\"item\":\"https:\/\/hgh.ca\/foundation\/fr\/evenements\/\"},{\"@type\":\"ListItem\",\"position\":3,\"name\":\"\u00c9v\u00e9nements pass\u00e9s\"}]},{\"@type\":\"WebSite\",\"@id\":\"https:\/\/hgh.ca\/foundation\/#website\",\"url\":\"https:\/\/hgh.ca\/foundation\/\",\"name\":\"HGH Foundation\",\"description\":\"The Foundation raises funds for the Hawkesbury General Hospital\",\"potentialAction\":[{\"@type\":\"SearchAction\",\"target\":{\"@type\":\"EntryPoint\",\"urlTemplate\":\"https:\/\/hgh.ca\/foundation\/?s={search_term_string}\"},\"query-input\":\"required name=search_term_string\"}],\"inLanguage\":\"fr-FR\"}]}<\/script>\n<!-- \/ Yoast SEO plugin. -->","yoast_head_json":{"title":"\u00c9v\u00e9nements pass\u00e9s - HGH Foundation","robots":{"index":"index","follow":"follow","max-snippet":"max-snippet:-1","max-image-preview":"max-image-preview:large","max-video-preview":"max-video-preview:-1"},"canonical":"https:\/\/hgh.ca\/foundation\/fr\/evenements\/evenements-passes\/","og_locale":"fr_FR","og_type":"article","og_title":"\u00c9v\u00e9nements pass\u00e9s - HGH Foundation","og_description":"Les fonds amass\u00e9s pendant nos activit\u00e9s de collectes de fond servent \u00e0 l\u2019achat d\u2019\u00e9quipement m\u00e9dical \u00e0 la fine pointe de la technologie pour l&rsquo;HGH. La Fondation HGH contribue \u00e0 l\u2019am\u00e9lioration des services de sant\u00e9 de votre h\u00f4pital depuis 1990.\u00a0 Vous souhaitez aider la Fondation \u00e0 atteindre ses objectifs\u00a0? Il y a plusieurs fa\u00e7ons dont vous... View Article","og_url":"https:\/\/hgh.ca\/foundation\/fr\/evenements\/evenements-passes\/","og_site_name":"HGH Foundation","article_modified_time":"2021-04-06T18:47:14+00:00","twitter_card":"summary_large_image","schema":{"@context":"https:\/\/schema.org","@graph":[{"@type":"WebPage","@id":"https:\/\/hgh.ca\/foundation\/fr\/evenements\/evenements-passes\/","url":"https:\/\/hgh.ca\/foundation\/fr\/evenements\/evenements-passes\/","name":"\u00c9v\u00e9nements pass\u00e9s - HGH Foundation","isPartOf":{"@id":"https:\/\/hgh.ca\/foundation\/#website"},"datePublished":"2018-04-03T18:15:34+00:00","dateModified":"2021-04-06T18:47:14+00:00","breadcrumb":{"@id":"https:\/\/hgh.ca\/foundation\/fr\/evenements\/evenements-passes\/#breadcrumb"},"inLanguage":"fr-FR","potentialAction":[{"@type":"ReadAction","target":["https:\/\/hgh.ca\/foundation\/fr\/evenements\/evenements-passes\/"]}]},{"@type":"BreadcrumbList","@id":"https:\/\/hgh.ca\/foundation\/fr\/evenements\/evenements-passes\/#breadcrumb","itemListElement":[{"@type":"ListItem","position":1,"name":"Home","item":"https:\/\/hgh.ca\/foundation\/fr\/"},{"@type":"ListItem","position":2,"name":"\u00c9v\u00e9nements","item":"https:\/\/hgh.ca\/foundation\/fr\/evenements\/"},{"@type":"ListItem","position":3,"name":"\u00c9v\u00e9nements pass\u00e9s"}]},{"@type":"WebSite","@id":"https:\/\/hgh.ca\/foundation\/#website","url":"https:\/\/hgh.ca\/foundation\/","name":"HGH Foundation","description":"The Foundation raises funds for the Hawkesbury General Hospital","potentialAction":[{"@type":"SearchAction","target":{"@type":"EntryPoint","urlTemplate":"https:\/\/hgh.ca\/foundation\/?s={search_term_string}"},"query-input":"required name=search_term_string"}],"inLanguage":"fr-FR"}]}},"_links":{"self":[{"href":"https:\/\/hgh.ca\/foundation\/fr\/wp-json\/wp\/v2\/pages\/1681\/"}],"collection":[{"href":"https:\/\/hgh.ca\/foundation\/fr\/wp-json\/wp\/v2\/pages\/"}],"about":[{"href":"https:\/\/hgh.ca\/foundation\/fr\/wp-json\/wp\/v2\/types\/page\/"}],"author":[{"embeddable":true,"href":"https:\/\/hgh.ca\/foundation\/fr\/wp-json\/wp\/v2\/users\/2\/"}],"replies":[{"embeddable":true,"href":"https:\/\/hgh.ca\/foundation\/fr\/wp-json\/wp\/v2\/comments\/?post=1681"}],"version-history":[{"count":4,"href":"https:\/\/hgh.ca\/foundation\/fr\/wp-json\/wp\/v2\/pages\/1681\/revisions\/"}],"predecessor-version":[{"id":3193,"href":"https:\/\/hgh.ca\/foundation\/fr\/wp-json\/wp\/v2\/pages\/1681\/revisions\/3193\/"}],"up":[{"embeddable":true,"href":"https:\/\/hgh.ca\/foundation\/fr\/wp-json\/wp\/v2\/pages\/27\/"}],"wp:attachment":[{"href":"https:\/\/hgh.ca\/foundation\/fr\/wp-json\/wp\/v2\/media\/?parent=1681"}],"curies":[{"name":"wp","href":"https:\/\/api.w.org\/{rel}","templated":true}]}}