{"id":2019,"date":"2019-09-17T19:25:23","date_gmt":"2019-09-17T19:25:23","guid":{"rendered":"http:\/\/hgh.ca\/foundation\/?page_id=2019"},"modified":"2020-01-16T19:29:01","modified_gmt":"2020-01-16T19:29:01","slug":"caution-demandee-2","status":"publish","type":"page","link":"https:\/\/hgh.ca\/foundation\/fr\/evenements\/evenements-passes\/caution-demandee-2\/","title":{"rendered":"Caution demand\u00e9e!"},"content":{"rendered":"<p><a href=\"http:\/\/hgh.ca\/foundation\/wp-content\/uploads\/sites\/2\/2019\/09\/Logo-Bail-Out-960.jpg\"><img loading=\"lazy\" decoding=\"async\" class=\"alignnone wp-image-2016 size-full\" src=\"http:\/\/hgh.ca\/foundation\/wp-content\/uploads\/sites\/2\/2019\/09\/Logo-Bail-Out-960.jpg\" alt=\"Bail Out event logo\" width=\"959\" height=\"389\" srcset=\"https:\/\/hgh.ca\/foundation\/wp-content\/uploads\/sites\/2\/2019\/09\/Logo-Bail-Out-960.jpg 959w, https:\/\/hgh.ca\/foundation\/wp-content\/uploads\/sites\/2\/2019\/09\/Logo-Bail-Out-960-250x101.jpg 250w, https:\/\/hgh.ca\/foundation\/wp-content\/uploads\/sites\/2\/2019\/09\/Logo-Bail-Out-960-768x312.jpg 768w, https:\/\/hgh.ca\/foundation\/wp-content\/uploads\/sites\/2\/2019\/09\/Logo-Bail-Out-960-700x284.jpg 700w, https:\/\/hgh.ca\/foundation\/wp-content\/uploads\/sites\/2\/2019\/09\/Logo-Bail-Out-960-120x49.jpg 120w\" sizes=\"(max-width: 959px) 100vw, 959px\" \/><\/a><\/p>\n<h2>Caution demand\u00e9e au profit de la Fondation HGH<\/h2>\n<p>Venez vivre une exp\u00e9rience unique \u00e0 l&rsquo;Ancienne prison de L\u2019Orignal tout en appuyant la Fondation HGH en participant \u00e0 l\u2019\u00e9v\u00e9nement Bailout\/Caution demand\u00e9e.<\/p>\n<h2>Devenez &lsquo;prisonnier&rsquo; pour quelques heures<\/h2>\n<p>Portez-vous volontaire pour devenir \u2018prisonnier\u2019 et demandez \u00e0 votre famille, vos amis et vos coll\u00e8gues de travail de payer votre \u2018caution\u2019 pour vous lib\u00e9rer de prison.\u00a0Le prix de votre caution est fix\u00e9 \u00e0 750 $.\u00a0 Inscrivez-vous comme prisonnier et commencez \u00e0 recueillir vos dons pour votre caution d\u00e8s aujourd\u2019hui.<\/p>\n<h2>Objectif de l\u2019\u00e9v\u00e9nement Caution demand\u00e9e<\/h2>\n<p>Notre objectif est de recueillir 15 000 $ gr\u00e2ce \u00e0 nos prisonniers et \u00e0 la g\u00e9n\u00e9rosit\u00e9 des gens dans leurs r\u00e9seaux. Les profits aideront l\u2019H\u00f4pital g\u00e9n\u00e9ral de Hawkesbury et district \u00e0 am\u00e9liorer l\u2019offre des programmes et services gr\u00e2ce \u00e0 l\u2019achat de nouveaux \u00e9quipements qui ne sont pas financ\u00e9s par le gouvernement.<\/p>\n<h2>Date et lieu de la journ\u00e9e Caution Demand\u00e9e<\/h2>\n<p>Le mercredi 6 novembre 2019<br \/>\nAncienne Prison de L&rsquo;Orignal<br \/>\n1023, rue Queen<br \/>\nL\u2019Orignal (Ontario)<\/p>\n<h2>D\u00e9roulement du Bailout<\/h2>\n<p>Le jour de l\u2019\u00e9v\u00e9nement, les prisonniers doivent se pr\u00e9senter \u00e0 la prison pour leur \u2018incarc\u00e9ration\u2019 de deux heures. Pendant votre emprisonnement, vous aurez une derni\u00e8re chance de recueillir les dons n\u00e9cessaires \u00e0 votre &lsquo;caution&rsquo; en t\u00e9l\u00e9phonant \u00e0 vos amis, votre famille et vos coll\u00e8gues.<\/p>\n<p>Toute la communaut\u00e9 est invit\u00e9e \u00e0 venir visiter les prisonniers et \u00e0 faire un don envers leurs cautions.<\/p>\n<h2>Visites guid\u00e9es de l\u2019Ancienne prison de L\u2019Orignal<\/h2>\n<p>Profitez de la visite \u00e0 votre prisonnier pr\u00e9f\u00e9r\u00e9 pour faire une visite guid\u00e9e de l&rsquo;<a href=\"https:\/\/www.lorignalprison.com\/\" target=\"_blank\" rel=\"noopener noreferrer\">Ancienne prison de L&rsquo;Orignal<\/a>.<\/p>\n<p>Entr\u00e9e pour les visites guid\u00e9es<br \/>\nAdulte : 7 $<br \/>\nAin\u00e9s (65+) et \u00e9tudiants : 6 $<br \/>\nEnfants (5-12 ans) : 4 $<br \/>\nFamille de deux adultes et deux enfants : 20 $<\/p>\n<h2>Inscription et dons<\/h2>\n<p>Vous pouvez vous inscrire comme prisonnier ou faire un don pour lib\u00e9rer un prisonnier via notre <a href=\"https:\/\/www.jedonneenligne.org\/fondationhghfoundation\/campagne\/Evenements\/defi\/9ab4806f-06d6-4e0a-9969-de7526f26505\" target=\"_blank\" rel=\"noopener noreferrer\">portail en ligne s\u00e9curis\u00e9<\/a>.<\/p>\n<h2>Information<\/h2>\n<p>Christine Gray St-Denis<br \/>\nCoordonnatrice de projets philanthropiques<br \/>\nFondation de l\u2019H\u00f4pital g\u00e9n\u00e9ral de Hawkesbury et district<br \/>\nT\u00e9l\u00e9phone : 613-632-1111, poste 21108<br \/>\nCourriel : cgraystdenis@hgh.ca<\/p>\n","protected":false},"excerpt":{"rendered":"Caution demand\u00e9e au profit de la Fondation HGH Venez vivre une exp\u00e9rience unique \u00e0 l&rsquo;Ancienne prison de L\u2019Orignal tout en appuyant la Fondation HGH en participant \u00e0 l\u2019\u00e9v\u00e9nement Bailout\/Caution demand\u00e9e. Devenez &lsquo;prisonnier&rsquo; pour quelques heures Portez-vous volontaire pour devenir \u2018prisonnier\u2019 et demandez \u00e0 votre famille, vos amis et vos coll\u00e8gues de travail de payer votre&#8230; <a class=\"btn btn--primary\" href=\"https:\/\/hgh.ca\/foundation\/fr\/evenements\/evenements-passes\/caution-demandee-2\/\">View Article<\/a>","protected":false},"author":2,"featured_media":0,"parent":1681,"menu_order":5,"comment_status":"closed","ping_status":"closed","template":"","meta":{"_acf_changed":false,"footnotes":""},"class_list":["post-2019","page","type-page","status-publish","hentry"],"acf":[],"yoast_head":"<!-- This site is optimized with the Yoast SEO plugin v23.0 - https:\/\/yoast.com\/wordpress\/plugins\/seo\/ -->\n<title>Caution demand\u00e9e! - HGH Foundation<\/title>\n<meta name=\"robots\" content=\"index, follow, max-snippet:-1, max-image-preview:large, max-video-preview:-1\" \/>\n<link rel=\"canonical\" href=\"https:\/\/hgh.ca\/foundation\/fr\/evenements\/evenements-passes\/caution-demandee-2\/\" \/>\n<meta property=\"og:locale\" content=\"fr_FR\" \/>\n<meta property=\"og:type\" content=\"article\" \/>\n<meta property=\"og:title\" content=\"Caution demand\u00e9e! - HGH Foundation\" \/>\n<meta property=\"og:description\" content=\"Caution demand\u00e9e au profit de la Fondation HGH Venez vivre une exp\u00e9rience unique \u00e0 l&rsquo;Ancienne prison de L\u2019Orignal tout en appuyant la Fondation HGH en participant \u00e0 l\u2019\u00e9v\u00e9nement Bailout\/Caution demand\u00e9e. Devenez &lsquo;prisonnier&rsquo; pour quelques heures Portez-vous volontaire pour devenir \u2018prisonnier\u2019 et demandez \u00e0 votre famille, vos amis et vos coll\u00e8gues de travail de payer votre... View Article\" \/>\n<meta property=\"og:url\" content=\"https:\/\/hgh.ca\/foundation\/fr\/evenements\/evenements-passes\/caution-demandee-2\/\" \/>\n<meta property=\"og:site_name\" content=\"HGH Foundation\" \/>\n<meta property=\"article:modified_time\" content=\"2020-01-16T19:29:01+00:00\" \/>\n<meta property=\"og:image\" content=\"http:\/\/hgh.ca\/foundation\/wp-content\/uploads\/sites\/2\/2019\/09\/Logo-Bail-Out-960.jpg\" \/>\n<meta name=\"twitter:card\" content=\"summary_large_image\" \/>\n<meta name=\"twitter:label1\" content=\"Dur\u00e9e de lecture estim\u00e9e\" \/>\n\t<meta name=\"twitter:data1\" content=\"2 minutes\" \/>\n<script type=\"application\/ld+json\" class=\"yoast-schema-graph\">{\"@context\":\"https:\/\/schema.org\",\"@graph\":[{\"@type\":\"WebPage\",\"@id\":\"https:\/\/hgh.ca\/foundation\/fr\/evenements\/evenements-passes\/caution-demandee-2\/\",\"url\":\"https:\/\/hgh.ca\/foundation\/fr\/evenements\/evenements-passes\/caution-demandee-2\/\",\"name\":\"Caution demand\u00e9e! - HGH Foundation\",\"isPartOf\":{\"@id\":\"https:\/\/hgh.ca\/foundation\/#website\"},\"primaryImageOfPage\":{\"@id\":\"https:\/\/hgh.ca\/foundation\/fr\/evenements\/evenements-passes\/caution-demandee-2\/#primaryimage\"},\"image\":{\"@id\":\"https:\/\/hgh.ca\/foundation\/fr\/evenements\/evenements-passes\/caution-demandee-2\/#primaryimage\"},\"thumbnailUrl\":\"http:\/\/hgh.ca\/foundation\/wp-content\/uploads\/sites\/2\/2019\/09\/Logo-Bail-Out-960.jpg\",\"datePublished\":\"2019-09-17T19:25:23+00:00\",\"dateModified\":\"2020-01-16T19:29:01+00:00\",\"breadcrumb\":{\"@id\":\"https:\/\/hgh.ca\/foundation\/fr\/evenements\/evenements-passes\/caution-demandee-2\/#breadcrumb\"},\"inLanguage\":\"fr-FR\",\"potentialAction\":[{\"@type\":\"ReadAction\",\"target\":[\"https:\/\/hgh.ca\/foundation\/fr\/evenements\/evenements-passes\/caution-demandee-2\/\"]}]},{\"@type\":\"ImageObject\",\"inLanguage\":\"fr-FR\",\"@id\":\"https:\/\/hgh.ca\/foundation\/fr\/evenements\/evenements-passes\/caution-demandee-2\/#primaryimage\",\"url\":\"http:\/\/hgh.ca\/foundation\/wp-content\/uploads\/sites\/2\/2019\/09\/Logo-Bail-Out-960.jpg\",\"contentUrl\":\"http:\/\/hgh.ca\/foundation\/wp-content\/uploads\/sites\/2\/2019\/09\/Logo-Bail-Out-960.jpg\"},{\"@type\":\"BreadcrumbList\",\"@id\":\"https:\/\/hgh.ca\/foundation\/fr\/evenements\/evenements-passes\/caution-demandee-2\/#breadcrumb\",\"itemListElement\":[{\"@type\":\"ListItem\",\"position\":1,\"name\":\"Home\",\"item\":\"https:\/\/hgh.ca\/foundation\/fr\/\"},{\"@type\":\"ListItem\",\"position\":2,\"name\":\"\u00c9v\u00e9nements\",\"item\":\"https:\/\/hgh.ca\/foundation\/fr\/evenements\/\"},{\"@type\":\"ListItem\",\"position\":3,\"name\":\"\u00c9v\u00e9nements pass\u00e9s\",\"item\":\"https:\/\/hgh.ca\/foundation\/fr\/evenements\/evenements-passes\/\"},{\"@type\":\"ListItem\",\"position\":4,\"name\":\"Caution demand\u00e9e!\"}]},{\"@type\":\"WebSite\",\"@id\":\"https:\/\/hgh.ca\/foundation\/#website\",\"url\":\"https:\/\/hgh.ca\/foundation\/\",\"name\":\"HGH Foundation\",\"description\":\"The Foundation raises funds for the Hawkesbury General Hospital\",\"potentialAction\":[{\"@type\":\"SearchAction\",\"target\":{\"@type\":\"EntryPoint\",\"urlTemplate\":\"https:\/\/hgh.ca\/foundation\/?s={search_term_string}\"},\"query-input\":\"required name=search_term_string\"}],\"inLanguage\":\"fr-FR\"}]}<\/script>\n<!-- \/ Yoast SEO plugin. -->","yoast_head_json":{"title":"Caution demand\u00e9e! - HGH Foundation","robots":{"index":"index","follow":"follow","max-snippet":"max-snippet:-1","max-image-preview":"max-image-preview:large","max-video-preview":"max-video-preview:-1"},"canonical":"https:\/\/hgh.ca\/foundation\/fr\/evenements\/evenements-passes\/caution-demandee-2\/","og_locale":"fr_FR","og_type":"article","og_title":"Caution demand\u00e9e! - HGH Foundation","og_description":"Caution demand\u00e9e au profit de la Fondation HGH Venez vivre une exp\u00e9rience unique \u00e0 l&rsquo;Ancienne prison de L\u2019Orignal tout en appuyant la Fondation HGH en participant \u00e0 l\u2019\u00e9v\u00e9nement Bailout\/Caution demand\u00e9e. Devenez &lsquo;prisonnier&rsquo; pour quelques heures Portez-vous volontaire pour devenir \u2018prisonnier\u2019 et demandez \u00e0 votre famille, vos amis et vos coll\u00e8gues de travail de payer votre... View Article","og_url":"https:\/\/hgh.ca\/foundation\/fr\/evenements\/evenements-passes\/caution-demandee-2\/","og_site_name":"HGH Foundation","article_modified_time":"2020-01-16T19:29:01+00:00","og_image":[{"url":"http:\/\/hgh.ca\/foundation\/wp-content\/uploads\/sites\/2\/2019\/09\/Logo-Bail-Out-960.jpg"}],"twitter_card":"summary_large_image","twitter_misc":{"Dur\u00e9e de lecture estim\u00e9e":"2 minutes"},"schema":{"@context":"https:\/\/schema.org","@graph":[{"@type":"WebPage","@id":"https:\/\/hgh.ca\/foundation\/fr\/evenements\/evenements-passes\/caution-demandee-2\/","url":"https:\/\/hgh.ca\/foundation\/fr\/evenements\/evenements-passes\/caution-demandee-2\/","name":"Caution demand\u00e9e! - HGH Foundation","isPartOf":{"@id":"https:\/\/hgh.ca\/foundation\/#website"},"primaryImageOfPage":{"@id":"https:\/\/hgh.ca\/foundation\/fr\/evenements\/evenements-passes\/caution-demandee-2\/#primaryimage"},"image":{"@id":"https:\/\/hgh.ca\/foundation\/fr\/evenements\/evenements-passes\/caution-demandee-2\/#primaryimage"},"thumbnailUrl":"http:\/\/hgh.ca\/foundation\/wp-content\/uploads\/sites\/2\/2019\/09\/Logo-Bail-Out-960.jpg","datePublished":"2019-09-17T19:25:23+00:00","dateModified":"2020-01-16T19:29:01+00:00","breadcrumb":{"@id":"https:\/\/hgh.ca\/foundation\/fr\/evenements\/evenements-passes\/caution-demandee-2\/#breadcrumb"},"inLanguage":"fr-FR","potentialAction":[{"@type":"ReadAction","target":["https:\/\/hgh.ca\/foundation\/fr\/evenements\/evenements-passes\/caution-demandee-2\/"]}]},{"@type":"ImageObject","inLanguage":"fr-FR","@id":"https:\/\/hgh.ca\/foundation\/fr\/evenements\/evenements-passes\/caution-demandee-2\/#primaryimage","url":"http:\/\/hgh.ca\/foundation\/wp-content\/uploads\/sites\/2\/2019\/09\/Logo-Bail-Out-960.jpg","contentUrl":"http:\/\/hgh.ca\/foundation\/wp-content\/uploads\/sites\/2\/2019\/09\/Logo-Bail-Out-960.jpg"},{"@type":"BreadcrumbList","@id":"https:\/\/hgh.ca\/foundation\/fr\/evenements\/evenements-passes\/caution-demandee-2\/#breadcrumb","itemListElement":[{"@type":"ListItem","position":1,"name":"Home","item":"https:\/\/hgh.ca\/foundation\/fr\/"},{"@type":"ListItem","position":2,"name":"\u00c9v\u00e9nements","item":"https:\/\/hgh.ca\/foundation\/fr\/evenements\/"},{"@type":"ListItem","position":3,"name":"\u00c9v\u00e9nements pass\u00e9s","item":"https:\/\/hgh.ca\/foundation\/fr\/evenements\/evenements-passes\/"},{"@type":"ListItem","position":4,"name":"Caution demand\u00e9e!"}]},{"@type":"WebSite","@id":"https:\/\/hgh.ca\/foundation\/#website","url":"https:\/\/hgh.ca\/foundation\/","name":"HGH Foundation","description":"The Foundation raises funds for the Hawkesbury General Hospital","potentialAction":[{"@type":"SearchAction","target":{"@type":"EntryPoint","urlTemplate":"https:\/\/hgh.ca\/foundation\/?s={search_term_string}"},"query-input":"required name=search_term_string"}],"inLanguage":"fr-FR"}]}},"_links":{"self":[{"href":"https:\/\/hgh.ca\/foundation\/fr\/wp-json\/wp\/v2\/pages\/2019\/"}],"collection":[{"href":"https:\/\/hgh.ca\/foundation\/fr\/wp-json\/wp\/v2\/pages\/"}],"about":[{"href":"https:\/\/hgh.ca\/foundation\/fr\/wp-json\/wp\/v2\/types\/page\/"}],"author":[{"embeddable":true,"href":"https:\/\/hgh.ca\/foundation\/fr\/wp-json\/wp\/v2\/users\/2\/"}],"replies":[{"embeddable":true,"href":"https:\/\/hgh.ca\/foundation\/fr\/wp-json\/wp\/v2\/comments\/?post=2019"}],"version-history":[{"count":3,"href":"https:\/\/hgh.ca\/foundation\/fr\/wp-json\/wp\/v2\/pages\/2019\/revisions\/"}],"predecessor-version":[{"id":2022,"href":"https:\/\/hgh.ca\/foundation\/fr\/wp-json\/wp\/v2\/pages\/2019\/revisions\/2022\/"}],"up":[{"embeddable":true,"href":"https:\/\/hgh.ca\/foundation\/fr\/wp-json\/wp\/v2\/pages\/1681\/"}],"wp:attachment":[{"href":"https:\/\/hgh.ca\/foundation\/fr\/wp-json\/wp\/v2\/media\/?parent=2019"}],"curies":[{"name":"wp","href":"https:\/\/api.w.org\/{rel}","templated":true}]}}