{"id":21,"date":"2015-05-29T14:03:45","date_gmt":"2015-05-29T14:03:45","guid":{"rendered":"http:\/\/hgh.ca\/foundation\/?page_id=21"},"modified":"2026-03-06T13:12:29","modified_gmt":"2026-03-06T18:12:29","slug":"a-notre-sujet","status":"publish","type":"page","link":"https:\/\/hgh.ca\/foundation\/fr\/a-notre-sujet\/","title":{"rendered":"\u00c0 notre sujet"},"content":{"rendered":"<h3>La Fondation de l\u2019H\u00f4pital g\u00e9n\u00e9ral de Hawkesbury et district (HGH) a pour mission de recueillir des fonds afin d\u2019am\u00e9liorer les soins et les services offerts \u00e0 la communaut\u00e9 par l\u2019HGH.<\/h3>\n<p><a href=\"http:\/\/hgh.ca\/foundation\/wp-content\/uploads\/sites\/2\/2026\/03\/hghfoundation-golf2025check.jpeg\"><img loading=\"lazy\" decoding=\"async\" class=\"wp-image-6831 alignleft\" src=\"http:\/\/hgh.ca\/foundation\/wp-content\/uploads\/sites\/2\/2026\/03\/hghfoundation-golf2025check.jpeg\" alt=\"Golf2025-Cheque-CEO\" width=\"622\" height=\"467\" \/><\/a><\/p>\n<p>Gr\u00e2ce \u00e0 la g\u00e9n\u00e9rosit\u00e9 de la communaut\u00e9 et de ses pr\u00e9cieux b\u00e9n\u00e9voles, la Fondation HGH contribue \u00e0 l\u2019am\u00e9lioration des services de votre h\u00f4pital.<\/p>\n<ul>\n<li>De 1990 \u00e0 2006, la Fondation a achet\u00e9 pour plus de 2,5 millions de dollars d\u2019\u00e9quipement m\u00e9dical pour l\u2019h\u00f4pital.<\/li>\n<li>De 2006 \u00e0 2012, la Fondation a recueilli 7 millions de dollars pour le projet de r\u00e9am\u00e9nagement majeur de l\u2019h\u00f4pital.<\/li>\n<li>De 2015 \u00e0 2019, la Fondation a amass\u00e9 4 millions de dollars afin de fournir \u00e0 l\u2019h\u00f4pital un nouveau tomodensitom\u00e8tre (CT scan) et le tout premier appareil d\u2019imagerie par r\u00e9sonance magn\u00e9tique (IRM) de l\u2019HGH.<\/li>\n<li>De 2020 \u00e0 2022, la Fondation a vers\u00e9 plus de 700 000 $ pour diverses initiatives li\u00e9es \u00e0 la COVID-19 ainsi que pour le lancement de nouveaux programmes.<\/li>\n<li>De 2023 \u00e0 2025, la Fondation HGH a compl\u00e9t\u00e9 avec succ\u00e8s la campagne majeure On est si bien chez soi, amassant plus de 2,9 millions de dollars pour l\u2019acquisition d\u2019\u00e9quipements m\u00e9dicaux essentiels et le d\u00e9veloppement de services sp\u00e9cialis\u00e9s, permettant \u00e0 davantage de patients de recevoir des soins de qualit\u00e9 pr\u00e8s de chez eux.<\/li>\n<\/ul>\n<p>Pour en savoir davantage sur nos succ\u00e8s, visitez la page <a href=\"https:\/\/hgh.ca\/foundation\/fr\/a-notre-sujet\/rapports-et-finances\/\">Rapports et r\u00e9alisations<\/a>.<\/p>\n<p>Pour nous aider \u00e0 r\u00e9aliser notre mission, visitez la page <a href=\"https:\/\/hgh.ca\/foundation\/fr\/comment-donner\/\">Comment donner<\/a>.<\/p>\n<p><strong>Notre num\u00e9ro d\u2019enregistrement de bienfaisance est le <\/strong>118921592 RR0001<\/p>\n<p>&nbsp;<\/p>\n","protected":false},"excerpt":{"rendered":"La Fondation de l\u2019H\u00f4pital g\u00e9n\u00e9ral de Hawkesbury et district (HGH) a pour mission de recueillir des fonds afin d\u2019am\u00e9liorer les soins et les services offerts \u00e0 la communaut\u00e9 par l\u2019HGH. Gr\u00e2ce \u00e0 la g\u00e9n\u00e9rosit\u00e9 de la communaut\u00e9 et de ses pr\u00e9cieux b\u00e9n\u00e9voles, la Fondation HGH contribue \u00e0 l\u2019am\u00e9lioration des services de votre h\u00f4pital. De 1990&#8230; <a class=\"btn btn--primary\" href=\"https:\/\/hgh.ca\/foundation\/fr\/a-notre-sujet\/\">View Article<\/a>","protected":false},"author":1,"featured_media":0,"parent":0,"menu_order":12,"comment_status":"open","ping_status":"open","template":"","meta":{"_acf_changed":false,"footnotes":""},"class_list":["post-21","page","type-page","status-publish","hentry"],"acf":[],"yoast_head":"<!-- This site is optimized with the Yoast SEO plugin v23.0 - https:\/\/yoast.com\/wordpress\/plugins\/seo\/ -->\n<title>\u00c0 notre sujet - HGH Foundation<\/title>\n<meta name=\"robots\" content=\"index, follow, max-snippet:-1, max-image-preview:large, max-video-preview:-1\" \/>\n<link rel=\"canonical\" href=\"https:\/\/hgh.ca\/foundation\/fr\/a-notre-sujet\/\" \/>\n<meta property=\"og:locale\" content=\"fr_FR\" \/>\n<meta property=\"og:type\" content=\"article\" \/>\n<meta property=\"og:title\" content=\"\u00c0 notre sujet - HGH Foundation\" \/>\n<meta property=\"og:description\" content=\"La Fondation de l\u2019H\u00f4pital g\u00e9n\u00e9ral de Hawkesbury et district (HGH) a pour mission de recueillir des fonds afin d\u2019am\u00e9liorer les soins et les services offerts \u00e0 la communaut\u00e9 par l\u2019HGH. Gr\u00e2ce \u00e0 la g\u00e9n\u00e9rosit\u00e9 de la communaut\u00e9 et de ses pr\u00e9cieux b\u00e9n\u00e9voles, la Fondation HGH contribue \u00e0 l\u2019am\u00e9lioration des services de votre h\u00f4pital. De 1990... View Article\" \/>\n<meta property=\"og:url\" content=\"https:\/\/hgh.ca\/foundation\/fr\/a-notre-sujet\/\" \/>\n<meta property=\"og:site_name\" content=\"HGH Foundation\" \/>\n<meta property=\"article:modified_time\" content=\"2026-03-06T18:12:29+00:00\" \/>\n<meta property=\"og:image\" content=\"http:\/\/hgh.ca\/foundation\/wp-content\/uploads\/sites\/2\/2026\/03\/hghfoundation-golf2025check.jpeg\" \/>\n<meta name=\"twitter:card\" content=\"summary_large_image\" \/>\n<meta name=\"twitter:label1\" content=\"Dur\u00e9e de lecture estim\u00e9e\" \/>\n\t<meta name=\"twitter:data1\" content=\"2 minutes\" \/>\n<script type=\"application\/ld+json\" class=\"yoast-schema-graph\">{\"@context\":\"https:\/\/schema.org\",\"@graph\":[{\"@type\":\"WebPage\",\"@id\":\"https:\/\/hgh.ca\/foundation\/fr\/a-notre-sujet\/\",\"url\":\"https:\/\/hgh.ca\/foundation\/fr\/a-notre-sujet\/\",\"name\":\"\u00c0 notre sujet - HGH Foundation\",\"isPartOf\":{\"@id\":\"https:\/\/hgh.ca\/foundation\/#website\"},\"primaryImageOfPage\":{\"@id\":\"https:\/\/hgh.ca\/foundation\/fr\/a-notre-sujet\/#primaryimage\"},\"image\":{\"@id\":\"https:\/\/hgh.ca\/foundation\/fr\/a-notre-sujet\/#primaryimage\"},\"thumbnailUrl\":\"http:\/\/hgh.ca\/foundation\/wp-content\/uploads\/sites\/2\/2026\/03\/hghfoundation-golf2025check.jpeg\",\"datePublished\":\"2015-05-29T14:03:45+00:00\",\"dateModified\":\"2026-03-06T18:12:29+00:00\",\"breadcrumb\":{\"@id\":\"https:\/\/hgh.ca\/foundation\/fr\/a-notre-sujet\/#breadcrumb\"},\"inLanguage\":\"fr-FR\",\"potentialAction\":[{\"@type\":\"ReadAction\",\"target\":[\"https:\/\/hgh.ca\/foundation\/fr\/a-notre-sujet\/\"]}]},{\"@type\":\"ImageObject\",\"inLanguage\":\"fr-FR\",\"@id\":\"https:\/\/hgh.ca\/foundation\/fr\/a-notre-sujet\/#primaryimage\",\"url\":\"http:\/\/hgh.ca\/foundation\/wp-content\/uploads\/sites\/2\/2026\/03\/hghfoundation-golf2025check.jpeg\",\"contentUrl\":\"http:\/\/hgh.ca\/foundation\/wp-content\/uploads\/sites\/2\/2026\/03\/hghfoundation-golf2025check.jpeg\"},{\"@type\":\"BreadcrumbList\",\"@id\":\"https:\/\/hgh.ca\/foundation\/fr\/a-notre-sujet\/#breadcrumb\",\"itemListElement\":[{\"@type\":\"ListItem\",\"position\":1,\"name\":\"Home\",\"item\":\"https:\/\/hgh.ca\/foundation\/fr\/\"},{\"@type\":\"ListItem\",\"position\":2,\"name\":\"\u00c0 notre sujet\"}]},{\"@type\":\"WebSite\",\"@id\":\"https:\/\/hgh.ca\/foundation\/#website\",\"url\":\"https:\/\/hgh.ca\/foundation\/\",\"name\":\"HGH Foundation\",\"description\":\"The Foundation raises funds for the Hawkesbury General Hospital\",\"potentialAction\":[{\"@type\":\"SearchAction\",\"target\":{\"@type\":\"EntryPoint\",\"urlTemplate\":\"https:\/\/hgh.ca\/foundation\/?s={search_term_string}\"},\"query-input\":\"required name=search_term_string\"}],\"inLanguage\":\"fr-FR\"}]}<\/script>\n<!-- \/ Yoast SEO plugin. -->","yoast_head_json":{"title":"\u00c0 notre sujet - HGH Foundation","robots":{"index":"index","follow":"follow","max-snippet":"max-snippet:-1","max-image-preview":"max-image-preview:large","max-video-preview":"max-video-preview:-1"},"canonical":"https:\/\/hgh.ca\/foundation\/fr\/a-notre-sujet\/","og_locale":"fr_FR","og_type":"article","og_title":"\u00c0 notre sujet - HGH Foundation","og_description":"La Fondation de l\u2019H\u00f4pital g\u00e9n\u00e9ral de Hawkesbury et district (HGH) a pour mission de recueillir des fonds afin d\u2019am\u00e9liorer les soins et les services offerts \u00e0 la communaut\u00e9 par l\u2019HGH. Gr\u00e2ce \u00e0 la g\u00e9n\u00e9rosit\u00e9 de la communaut\u00e9 et de ses pr\u00e9cieux b\u00e9n\u00e9voles, la Fondation HGH contribue \u00e0 l\u2019am\u00e9lioration des services de votre h\u00f4pital. De 1990... View Article","og_url":"https:\/\/hgh.ca\/foundation\/fr\/a-notre-sujet\/","og_site_name":"HGH Foundation","article_modified_time":"2026-03-06T18:12:29+00:00","og_image":[{"url":"http:\/\/hgh.ca\/foundation\/wp-content\/uploads\/sites\/2\/2026\/03\/hghfoundation-golf2025check.jpeg"}],"twitter_card":"summary_large_image","twitter_misc":{"Dur\u00e9e de lecture estim\u00e9e":"2 minutes"},"schema":{"@context":"https:\/\/schema.org","@graph":[{"@type":"WebPage","@id":"https:\/\/hgh.ca\/foundation\/fr\/a-notre-sujet\/","url":"https:\/\/hgh.ca\/foundation\/fr\/a-notre-sujet\/","name":"\u00c0 notre sujet - HGH Foundation","isPartOf":{"@id":"https:\/\/hgh.ca\/foundation\/#website"},"primaryImageOfPage":{"@id":"https:\/\/hgh.ca\/foundation\/fr\/a-notre-sujet\/#primaryimage"},"image":{"@id":"https:\/\/hgh.ca\/foundation\/fr\/a-notre-sujet\/#primaryimage"},"thumbnailUrl":"http:\/\/hgh.ca\/foundation\/wp-content\/uploads\/sites\/2\/2026\/03\/hghfoundation-golf2025check.jpeg","datePublished":"2015-05-29T14:03:45+00:00","dateModified":"2026-03-06T18:12:29+00:00","breadcrumb":{"@id":"https:\/\/hgh.ca\/foundation\/fr\/a-notre-sujet\/#breadcrumb"},"inLanguage":"fr-FR","potentialAction":[{"@type":"ReadAction","target":["https:\/\/hgh.ca\/foundation\/fr\/a-notre-sujet\/"]}]},{"@type":"ImageObject","inLanguage":"fr-FR","@id":"https:\/\/hgh.ca\/foundation\/fr\/a-notre-sujet\/#primaryimage","url":"http:\/\/hgh.ca\/foundation\/wp-content\/uploads\/sites\/2\/2026\/03\/hghfoundation-golf2025check.jpeg","contentUrl":"http:\/\/hgh.ca\/foundation\/wp-content\/uploads\/sites\/2\/2026\/03\/hghfoundation-golf2025check.jpeg"},{"@type":"BreadcrumbList","@id":"https:\/\/hgh.ca\/foundation\/fr\/a-notre-sujet\/#breadcrumb","itemListElement":[{"@type":"ListItem","position":1,"name":"Home","item":"https:\/\/hgh.ca\/foundation\/fr\/"},{"@type":"ListItem","position":2,"name":"\u00c0 notre sujet"}]},{"@type":"WebSite","@id":"https:\/\/hgh.ca\/foundation\/#website","url":"https:\/\/hgh.ca\/foundation\/","name":"HGH Foundation","description":"The Foundation raises funds for the Hawkesbury General Hospital","potentialAction":[{"@type":"SearchAction","target":{"@type":"EntryPoint","urlTemplate":"https:\/\/hgh.ca\/foundation\/?s={search_term_string}"},"query-input":"required name=search_term_string"}],"inLanguage":"fr-FR"}]}},"_links":{"self":[{"href":"https:\/\/hgh.ca\/foundation\/fr\/wp-json\/wp\/v2\/pages\/21\/"}],"collection":[{"href":"https:\/\/hgh.ca\/foundation\/fr\/wp-json\/wp\/v2\/pages\/"}],"about":[{"href":"https:\/\/hgh.ca\/foundation\/fr\/wp-json\/wp\/v2\/types\/page\/"}],"author":[{"embeddable":true,"href":"https:\/\/hgh.ca\/foundation\/fr\/wp-json\/wp\/v2\/users\/1\/"}],"replies":[{"embeddable":true,"href":"https:\/\/hgh.ca\/foundation\/fr\/wp-json\/wp\/v2\/comments\/?post=21"}],"version-history":[{"count":5,"href":"https:\/\/hgh.ca\/foundation\/fr\/wp-json\/wp\/v2\/pages\/21\/revisions\/"}],"predecessor-version":[{"id":6840,"href":"https:\/\/hgh.ca\/foundation\/fr\/wp-json\/wp\/v2\/pages\/21\/revisions\/6840\/"}],"wp:attachment":[{"href":"https:\/\/hgh.ca\/foundation\/fr\/wp-json\/wp\/v2\/media\/?parent=21"}],"curies":[{"name":"wp","href":"https:\/\/api.w.org\/{rel}","templated":true}]}}