{"id":2305,"date":"2020-02-27T18:21:29","date_gmt":"2020-02-27T18:21:29","guid":{"rendered":"http:\/\/hgh.ca\/foundation\/?page_id=2305"},"modified":"2021-12-17T13:46:19","modified_gmt":"2021-12-17T13:46:19","slug":"priorites-actuelles","status":"publish","type":"page","link":"https:\/\/hgh.ca\/foundation\/fr\/priorites-actuelles\/","title":{"rendered":"Priorit\u00e9s actuelles"},"content":{"rendered":"<h2>Aidez-nous \u00e0 offrir des services en orthop\u00e9die pr\u00e8s de chez vous<\/h2>\n<p>Dr Chris Kennedy, chirurgien orthop\u00e9diste, et plusieurs de ses coll\u00e8gues de l\u2019H\u00f4pital d\u2019Ottawa contribuent au d\u00e9veloppement du programme d\u2019orthop\u00e9die \u00e0 l\u2019H\u00f4pital g\u00e9n\u00e9ral de Hawkesbury et district (HGH). Ce programme est con\u00e7u pour r\u00e9pondre \u00e0 la demande en services orthop\u00e9diques et aux besoins grandissants des patients de la r\u00e9gion. Le programme d&rsquo;orthop\u00e9die est la premi\u00e8re priorit\u00e9 de notre nouvelle campage <em>On est si bien chez soi!\u00a0<\/em><\/p>\n<p><a href=\"http:\/\/hgh.ca\/foundation\/wp-content\/uploads\/sites\/2\/2020\/02\/Dr.-Kennedy.jpg\"><img loading=\"lazy\" decoding=\"async\" width=\"250\" height=\"285\" class=\"size-medium wp-image-2275 alignleft\" src=\"http:\/\/hgh.ca\/foundation\/wp-content\/uploads\/sites\/2\/2020\/02\/Dr.-Kennedy-250x285.jpg\" alt=\"Dr. Kennedy\" srcset=\"https:\/\/hgh.ca\/foundation\/wp-content\/uploads\/sites\/2\/2020\/02\/Dr.-Kennedy-250x285.jpg 250w, https:\/\/hgh.ca\/foundation\/wp-content\/uploads\/sites\/2\/2020\/02\/Dr.-Kennedy-120x137.jpg 120w, https:\/\/hgh.ca\/foundation\/wp-content\/uploads\/sites\/2\/2020\/02\/Dr.-Kennedy.jpg 600w\" sizes=\"(max-width: 250px) 100vw, 250px\" \/><\/a><\/p>\n<p>&nbsp;<\/p>\n<p>\u00ab L\u2019orthop\u00e9die est une sp\u00e9cialit\u00e9 qui touche tout le monde. Nul n\u2019est \u00e0 l\u2019abri d\u2019une fracture ou d\u2019une blessure. En vieillissant, il arrive souvent que nos articulations se d\u00e9t\u00e9riorent. Ceci peut nous emp\u00eacher de faire nos activit\u00e9s de tous les jours et ruiner notre qualit\u00e9 de vie. \u00bb\u00a0 \u00a0-Dr Chris Kennedy<\/p>\n<p>&nbsp;<\/p>\n<p>Dr Kennedy et ses coll\u00e8gues traitent les patients souffrant de fractures, de blessures sportives, de douleurs articulaires dues \u00e0 des mouvements r\u00e9p\u00e9titifs ou \u00e0 l\u2019arthrose, et autres. \u00ab Ces probl\u00e8mes de sant\u00e9 sont tr\u00e8s courants \u00e0 l\u2019HGH et peuvent avoir de s\u00e9rieuses r\u00e9percussions sur la qualit\u00e9 de vie des patients. En r\u00e9alit\u00e9, lorsqu\u2019une personne a mal, cela peut devenir difficile de voyager \u00e0 Ottawa pour se rendre \u00e0 plusieurs rendez-vous. M\u00eame les petites t\u00e2ches de la vie quotidienne peuvent provoquer des douleurs insupportables \u00bb, dit Dr Kennedy.<\/p>\n<p>&nbsp;<\/p>\n<h2>Notre objectif pour le programme d&rsquo;orthop\u00e9die<\/h2>\n<p>L\u2019HGH a demand\u00e9 \u00e0 la Fondation de recueillir un million de dollars aupr\u00e8s de la communaut\u00e9 afin de bien \u00e9quiper les salles d\u2019op\u00e9ration pour faire ces chirurgies orthop\u00e9diques. L\u2019HGH a fourni les infrastructures et est en mesure d\u2019assumer les co\u00fbts additionnels d\u2019un plus grand nombre de chirurgies ; toutefois, l\u2019h\u00f4pital demande l\u2019aide de la communaut\u00e9 pour acqu\u00e9rir l\u2019\u00e9quipement sp\u00e9cialis\u00e9 requis pour lancer ce programme.<\/p>\n<p>&nbsp;<\/p>\n<p><a href=\"http:\/\/hgh.ca\/foundation\/wp-content\/uploads\/sites\/2\/2020\/02\/Dr.-Maranda-600.jpg\"><img loading=\"lazy\" decoding=\"async\" width=\"250\" height=\"375\" class=\"size-medium wp-image-2273 alignleft\" src=\"http:\/\/hgh.ca\/foundation\/wp-content\/uploads\/sites\/2\/2020\/02\/Dr.-Maranda-600-250x375.jpg\" alt=\"Dr. Julie Maranda\" srcset=\"https:\/\/hgh.ca\/foundation\/wp-content\/uploads\/sites\/2\/2020\/02\/Dr.-Maranda-600-250x375.jpg 250w, https:\/\/hgh.ca\/foundation\/wp-content\/uploads\/sites\/2\/2020\/02\/Dr.-Maranda-600-120x180.jpg 120w, https:\/\/hgh.ca\/foundation\/wp-content\/uploads\/sites\/2\/2020\/02\/Dr.-Maranda-600.jpg 600w\" sizes=\"(max-width: 250px) 100vw, 250px\" \/><\/a><\/p>\n<p>\u00ab Ce nouveau programme aidera tellement de patients et leurs familles dans notre r\u00e9gion. L\u2019objectif de B\u00e2tir le nouvel HGH \u00e9tait de devenir un h\u00f4pital \u00e0 service complet et d\u2019am\u00e9liorer l\u2019acc\u00e8s aux soins pour nos patients. Et nous y sommes presque. Aujourd\u2019hui, nous avons besoin de l\u2019appui de nos g\u00e9n\u00e9reux donateurs pour que le programme d\u2019orthop\u00e9die voit le jour. \u00bb\u00a0 \u00a0-Dre Julie Maranda, m\u00e9decin-chef de l\u2019HGH<\/p>\n<p>&nbsp;<\/p>\n<p><strong>Nous vous invitons \u00e0 participer d\u00e8s aujourd\u2019hui. Nous ne pouvons jamais pr\u00e9voir lorsqu\u2019un membre de notre famille subira une blessure sportive, souffrira de douleurs articulaires chroniques ou aura un accident causant une fracture. Ces probl\u00e8mes de sant\u00e9 sont impr\u00e9visibles. <\/strong><\/p>\n<p>&nbsp;<\/p>\n<p>Votre don aidera l\u2019h\u00f4pital \u00e0 r\u00e9pondre aux besoins de nos patients, en tout temps, et surtout lorsque les gens en ont le plus besoin\u2026 parce que tout simplement <em>On est si bien chez soi!<\/em> D\u00e9couvrez <a href=\"http:\/\/hgh.ca\/foundation\/fr\/on-est-si-bien-chez-soi\/comment-vous-pouvez-aider\/\">comment vous pouvez aider<\/a>.<\/p>\n","protected":false},"excerpt":{"rendered":"Aidez-nous \u00e0 offrir des services en orthop\u00e9die pr\u00e8s de chez vous Dr Chris Kennedy, chirurgien orthop\u00e9diste, et plusieurs de ses coll\u00e8gues de l\u2019H\u00f4pital d\u2019Ottawa contribuent au d\u00e9veloppement du programme d\u2019orthop\u00e9die \u00e0 l\u2019H\u00f4pital g\u00e9n\u00e9ral de Hawkesbury et district (HGH). Ce programme est con\u00e7u pour r\u00e9pondre \u00e0 la demande en services orthop\u00e9diques et aux besoins grandissants des&#8230; <a class=\"btn btn--primary\" href=\"https:\/\/hgh.ca\/foundation\/fr\/priorites-actuelles\/\">View Article<\/a>","protected":false},"author":2,"featured_media":0,"parent":0,"menu_order":2,"comment_status":"closed","ping_status":"closed","template":"","meta":{"_acf_changed":false,"footnotes":""},"class_list":["post-2305","page","type-page","status-publish","hentry"],"acf":[],"yoast_head":"<!-- This site is optimized with the Yoast SEO plugin v23.0 - https:\/\/yoast.com\/wordpress\/plugins\/seo\/ -->\n<title>Priorit\u00e9s actuelles - HGH Foundation<\/title>\n<meta name=\"robots\" content=\"index, follow, max-snippet:-1, max-image-preview:large, max-video-preview:-1\" \/>\n<link rel=\"canonical\" href=\"https:\/\/hgh.ca\/foundation\/fr\/priorites-actuelles\/\" \/>\n<meta property=\"og:locale\" content=\"fr_FR\" \/>\n<meta property=\"og:type\" content=\"article\" \/>\n<meta property=\"og:title\" content=\"Priorit\u00e9s actuelles - HGH Foundation\" \/>\n<meta property=\"og:description\" content=\"Aidez-nous \u00e0 offrir des services en orthop\u00e9die pr\u00e8s de chez vous Dr Chris Kennedy, chirurgien orthop\u00e9diste, et plusieurs de ses coll\u00e8gues de l\u2019H\u00f4pital d\u2019Ottawa contribuent au d\u00e9veloppement du programme d\u2019orthop\u00e9die \u00e0 l\u2019H\u00f4pital g\u00e9n\u00e9ral de Hawkesbury et district (HGH). Ce programme est con\u00e7u pour r\u00e9pondre \u00e0 la demande en services orthop\u00e9diques et aux besoins grandissants des... View Article\" \/>\n<meta property=\"og:url\" content=\"https:\/\/hgh.ca\/foundation\/fr\/priorites-actuelles\/\" \/>\n<meta property=\"og:site_name\" content=\"HGH Foundation\" \/>\n<meta property=\"article:modified_time\" content=\"2021-12-17T13:46:19+00:00\" \/>\n<meta property=\"og:image\" content=\"http:\/\/hgh.ca\/foundation\/wp-content\/uploads\/sites\/2\/2020\/02\/Dr.-Kennedy-250x285.jpg\" \/>\n<meta name=\"twitter:card\" content=\"summary_large_image\" \/>\n<meta name=\"twitter:label1\" content=\"Dur\u00e9e de lecture estim\u00e9e\" \/>\n\t<meta name=\"twitter:data1\" content=\"3 minutes\" \/>\n<script type=\"application\/ld+json\" class=\"yoast-schema-graph\">{\"@context\":\"https:\/\/schema.org\",\"@graph\":[{\"@type\":\"WebPage\",\"@id\":\"https:\/\/hgh.ca\/foundation\/fr\/priorites-actuelles\/\",\"url\":\"https:\/\/hgh.ca\/foundation\/fr\/priorites-actuelles\/\",\"name\":\"Priorit\u00e9s actuelles - HGH Foundation\",\"isPartOf\":{\"@id\":\"https:\/\/hgh.ca\/foundation\/#website\"},\"primaryImageOfPage\":{\"@id\":\"https:\/\/hgh.ca\/foundation\/fr\/priorites-actuelles\/#primaryimage\"},\"image\":{\"@id\":\"https:\/\/hgh.ca\/foundation\/fr\/priorites-actuelles\/#primaryimage\"},\"thumbnailUrl\":\"http:\/\/hgh.ca\/foundation\/wp-content\/uploads\/sites\/2\/2020\/02\/Dr.-Kennedy-250x285.jpg\",\"datePublished\":\"2020-02-27T18:21:29+00:00\",\"dateModified\":\"2021-12-17T13:46:19+00:00\",\"breadcrumb\":{\"@id\":\"https:\/\/hgh.ca\/foundation\/fr\/priorites-actuelles\/#breadcrumb\"},\"inLanguage\":\"fr-FR\",\"potentialAction\":[{\"@type\":\"ReadAction\",\"target\":[\"https:\/\/hgh.ca\/foundation\/fr\/priorites-actuelles\/\"]}]},{\"@type\":\"ImageObject\",\"inLanguage\":\"fr-FR\",\"@id\":\"https:\/\/hgh.ca\/foundation\/fr\/priorites-actuelles\/#primaryimage\",\"url\":\"http:\/\/hgh.ca\/foundation\/wp-content\/uploads\/sites\/2\/2020\/02\/Dr.-Kennedy-250x285.jpg\",\"contentUrl\":\"http:\/\/hgh.ca\/foundation\/wp-content\/uploads\/sites\/2\/2020\/02\/Dr.-Kennedy-250x285.jpg\"},{\"@type\":\"BreadcrumbList\",\"@id\":\"https:\/\/hgh.ca\/foundation\/fr\/priorites-actuelles\/#breadcrumb\",\"itemListElement\":[{\"@type\":\"ListItem\",\"position\":1,\"name\":\"Home\",\"item\":\"https:\/\/hgh.ca\/foundation\/fr\/\"},{\"@type\":\"ListItem\",\"position\":2,\"name\":\"Priorit\u00e9s actuelles\"}]},{\"@type\":\"WebSite\",\"@id\":\"https:\/\/hgh.ca\/foundation\/#website\",\"url\":\"https:\/\/hgh.ca\/foundation\/\",\"name\":\"HGH Foundation\",\"description\":\"The Foundation raises funds for the Hawkesbury General Hospital\",\"potentialAction\":[{\"@type\":\"SearchAction\",\"target\":{\"@type\":\"EntryPoint\",\"urlTemplate\":\"https:\/\/hgh.ca\/foundation\/?s={search_term_string}\"},\"query-input\":\"required name=search_term_string\"}],\"inLanguage\":\"fr-FR\"}]}<\/script>\n<!-- \/ Yoast SEO plugin. -->","yoast_head_json":{"title":"Priorit\u00e9s actuelles - HGH Foundation","robots":{"index":"index","follow":"follow","max-snippet":"max-snippet:-1","max-image-preview":"max-image-preview:large","max-video-preview":"max-video-preview:-1"},"canonical":"https:\/\/hgh.ca\/foundation\/fr\/priorites-actuelles\/","og_locale":"fr_FR","og_type":"article","og_title":"Priorit\u00e9s actuelles - HGH Foundation","og_description":"Aidez-nous \u00e0 offrir des services en orthop\u00e9die pr\u00e8s de chez vous Dr Chris Kennedy, chirurgien orthop\u00e9diste, et plusieurs de ses coll\u00e8gues de l\u2019H\u00f4pital d\u2019Ottawa contribuent au d\u00e9veloppement du programme d\u2019orthop\u00e9die \u00e0 l\u2019H\u00f4pital g\u00e9n\u00e9ral de Hawkesbury et district (HGH). Ce programme est con\u00e7u pour r\u00e9pondre \u00e0 la demande en services orthop\u00e9diques et aux besoins grandissants des... View Article","og_url":"https:\/\/hgh.ca\/foundation\/fr\/priorites-actuelles\/","og_site_name":"HGH Foundation","article_modified_time":"2021-12-17T13:46:19+00:00","og_image":[{"url":"http:\/\/hgh.ca\/foundation\/wp-content\/uploads\/sites\/2\/2020\/02\/Dr.-Kennedy-250x285.jpg"}],"twitter_card":"summary_large_image","twitter_misc":{"Dur\u00e9e de lecture estim\u00e9e":"3 minutes"},"schema":{"@context":"https:\/\/schema.org","@graph":[{"@type":"WebPage","@id":"https:\/\/hgh.ca\/foundation\/fr\/priorites-actuelles\/","url":"https:\/\/hgh.ca\/foundation\/fr\/priorites-actuelles\/","name":"Priorit\u00e9s actuelles - HGH Foundation","isPartOf":{"@id":"https:\/\/hgh.ca\/foundation\/#website"},"primaryImageOfPage":{"@id":"https:\/\/hgh.ca\/foundation\/fr\/priorites-actuelles\/#primaryimage"},"image":{"@id":"https:\/\/hgh.ca\/foundation\/fr\/priorites-actuelles\/#primaryimage"},"thumbnailUrl":"http:\/\/hgh.ca\/foundation\/wp-content\/uploads\/sites\/2\/2020\/02\/Dr.-Kennedy-250x285.jpg","datePublished":"2020-02-27T18:21:29+00:00","dateModified":"2021-12-17T13:46:19+00:00","breadcrumb":{"@id":"https:\/\/hgh.ca\/foundation\/fr\/priorites-actuelles\/#breadcrumb"},"inLanguage":"fr-FR","potentialAction":[{"@type":"ReadAction","target":["https:\/\/hgh.ca\/foundation\/fr\/priorites-actuelles\/"]}]},{"@type":"ImageObject","inLanguage":"fr-FR","@id":"https:\/\/hgh.ca\/foundation\/fr\/priorites-actuelles\/#primaryimage","url":"http:\/\/hgh.ca\/foundation\/wp-content\/uploads\/sites\/2\/2020\/02\/Dr.-Kennedy-250x285.jpg","contentUrl":"http:\/\/hgh.ca\/foundation\/wp-content\/uploads\/sites\/2\/2020\/02\/Dr.-Kennedy-250x285.jpg"},{"@type":"BreadcrumbList","@id":"https:\/\/hgh.ca\/foundation\/fr\/priorites-actuelles\/#breadcrumb","itemListElement":[{"@type":"ListItem","position":1,"name":"Home","item":"https:\/\/hgh.ca\/foundation\/fr\/"},{"@type":"ListItem","position":2,"name":"Priorit\u00e9s actuelles"}]},{"@type":"WebSite","@id":"https:\/\/hgh.ca\/foundation\/#website","url":"https:\/\/hgh.ca\/foundation\/","name":"HGH Foundation","description":"The Foundation raises funds for the Hawkesbury General Hospital","potentialAction":[{"@type":"SearchAction","target":{"@type":"EntryPoint","urlTemplate":"https:\/\/hgh.ca\/foundation\/?s={search_term_string}"},"query-input":"required name=search_term_string"}],"inLanguage":"fr-FR"}]}},"_links":{"self":[{"href":"https:\/\/hgh.ca\/foundation\/fr\/wp-json\/wp\/v2\/pages\/2305\/"}],"collection":[{"href":"https:\/\/hgh.ca\/foundation\/fr\/wp-json\/wp\/v2\/pages\/"}],"about":[{"href":"https:\/\/hgh.ca\/foundation\/fr\/wp-json\/wp\/v2\/types\/page\/"}],"author":[{"embeddable":true,"href":"https:\/\/hgh.ca\/foundation\/fr\/wp-json\/wp\/v2\/users\/2\/"}],"replies":[{"embeddable":true,"href":"https:\/\/hgh.ca\/foundation\/fr\/wp-json\/wp\/v2\/comments\/?post=2305"}],"version-history":[{"count":6,"href":"https:\/\/hgh.ca\/foundation\/fr\/wp-json\/wp\/v2\/pages\/2305\/revisions\/"}],"predecessor-version":[{"id":2744,"href":"https:\/\/hgh.ca\/foundation\/fr\/wp-json\/wp\/v2\/pages\/2305\/revisions\/2744\/"}],"wp:attachment":[{"href":"https:\/\/hgh.ca\/foundation\/fr\/wp-json\/wp\/v2\/media\/?parent=2305"}],"curies":[{"name":"wp","href":"https:\/\/api.w.org\/{rel}","templated":true}]}}