{"id":2310,"date":"2020-02-27T18:28:13","date_gmt":"2020-02-27T18:28:13","guid":{"rendered":"http:\/\/hgh.ca\/foundation\/?page_id=2310"},"modified":"2023-08-24T15:10:25","modified_gmt":"2023-08-24T15:10:25","slug":"comment-vous-pouvez-aider","status":"publish","type":"page","link":"https:\/\/hgh.ca\/foundation\/fr\/comment-vous-pouvez-aider\/","title":{"rendered":"Comment vous pouvez aider"},"content":{"rendered":"<p><a href=\"http:\/\/hgh.ca\/foundation\/wp-content\/uploads\/sites\/2\/2020\/02\/Theres-no-place-like-home-960.jpg\"><img loading=\"lazy\" decoding=\"async\" class=\"alignnone wp-image-2261 size-full\" src=\"http:\/\/hgh.ca\/foundation\/wp-content\/uploads\/sites\/2\/2020\/02\/Theres-no-place-like-home-960.jpg\" alt=\"&quot; &quot;\" width=\"960\" height=\"640\" srcset=\"https:\/\/hgh.ca\/foundation\/wp-content\/uploads\/sites\/2\/2020\/02\/Theres-no-place-like-home-960.jpg 960w, https:\/\/hgh.ca\/foundation\/wp-content\/uploads\/sites\/2\/2020\/02\/Theres-no-place-like-home-960-250x167.jpg 250w, https:\/\/hgh.ca\/foundation\/wp-content\/uploads\/sites\/2\/2020\/02\/Theres-no-place-like-home-960-700x467.jpg 700w, https:\/\/hgh.ca\/foundation\/wp-content\/uploads\/sites\/2\/2020\/02\/Theres-no-place-like-home-960-768x512.jpg 768w, https:\/\/hgh.ca\/foundation\/wp-content\/uploads\/sites\/2\/2020\/02\/Theres-no-place-like-home-960-120x80.jpg 120w\" sizes=\"(max-width: 960px) 100vw, 960px\" \/><\/a><\/p>\n<p>Au cours des trois \u00e0 cinq prochaines ann\u00e9es, nous mettrons l\u2019accent sur l\u2019augmentation des services en chirurgie orthop\u00e9dique, urologie, ophtalmologie, endoscopie et mammographie avanc\u00e9e afin de r\u00e9pondre aux besoins croissants et les plus pressants de notre population. L\u2019appui de la communaut\u00e9 nous permettra de continuer \u00e0 veiller \u00e0 ce que l\u2019\u00e9quipement m\u00e9dical soit disponible pour r\u00e9pondre aux besoins et \u00e0 profiter du plein potentiel du r\u00e9am\u00e9nagement et de l\u2019agrandissement de l\u2019h\u00f4pital.<\/p>\n<p>Vous souhaitez aider? Vous pouvez contribuer \u00e0 notre campagne actuelle <em>On est si bien chez soi<\/em> de plusieurs fa\u00e7ons :<\/p>\n<ul>\n<li>Faites un <a href=\"https:\/\/www.jedonneenligne.org\/fondationhghfoundation\/TNPLH\/\" target=\"_blank\" rel=\"noopener noreferrer\">don en ligne<\/a>.<\/li>\n<li>T\u00e9l\u00e9phone au 613-632-1111, poste 21101, pour faire un don par carte de cr\u00e9dit.<\/li>\n<li>Donnez par contribution mensuelle ou annuelle \u00e0 la Fondation HGH avec des versements pr\u00e9autoris\u00e9s.<\/li>\n<li>Envoyez un don par poste \u00e0 la Fondation HGH : 1111 rue Ghislain, Hawkesbury, ON K6A 3G5<\/li>\n<\/ul>\n<p>Pour en savoir davantage, veuillez communiquer avec Erin Tabakman au 613-632-1111, poste 21102, ou envoyez un <a href=\"mailto:etabakman@hgh.ca\">courriel<\/a>.<\/p>\n<p>La Fondation HGH g\u00e8re plusieurs autres programmes. Pour en savoir davantage, visitez la page <a href=\"http:\/\/hgh.ca\/foundation\/fr\/comment-donner\/\">Comment donner<\/a>.<\/p>\n","protected":false},"excerpt":{"rendered":"Au cours des trois \u00e0 cinq prochaines ann\u00e9es, nous mettrons l\u2019accent sur l\u2019augmentation des services en chirurgie orthop\u00e9dique, urologie, ophtalmologie, endoscopie et mammographie avanc\u00e9e afin de r\u00e9pondre aux besoins croissants et les plus pressants de notre population. L\u2019appui de la communaut\u00e9 nous permettra de continuer \u00e0 veiller \u00e0 ce que l\u2019\u00e9quipement m\u00e9dical soit disponible pour&#8230; <a class=\"btn btn--primary\" href=\"https:\/\/hgh.ca\/foundation\/fr\/comment-vous-pouvez-aider\/\">View Article<\/a>","protected":false},"author":2,"featured_media":0,"parent":0,"menu_order":8,"comment_status":"closed","ping_status":"closed","template":"","meta":{"_acf_changed":false,"footnotes":""},"class_list":["post-2310","page","type-page","status-publish","hentry"],"acf":[],"yoast_head":"<!-- This site is optimized with the Yoast SEO plugin v23.0 - https:\/\/yoast.com\/wordpress\/plugins\/seo\/ -->\n<title>Comment vous pouvez aider - HGH Foundation<\/title>\n<meta name=\"robots\" content=\"index, follow, max-snippet:-1, max-image-preview:large, max-video-preview:-1\" \/>\n<link rel=\"canonical\" href=\"https:\/\/hgh.ca\/foundation\/fr\/comment-vous-pouvez-aider\/\" \/>\n<meta property=\"og:locale\" content=\"fr_FR\" \/>\n<meta property=\"og:type\" content=\"article\" \/>\n<meta property=\"og:title\" content=\"Comment vous pouvez aider - HGH Foundation\" \/>\n<meta property=\"og:description\" content=\"Au cours des trois \u00e0 cinq prochaines ann\u00e9es, nous mettrons l\u2019accent sur l\u2019augmentation des services en chirurgie orthop\u00e9dique, urologie, ophtalmologie, endoscopie et mammographie avanc\u00e9e afin de r\u00e9pondre aux besoins croissants et les plus pressants de notre population. L\u2019appui de la communaut\u00e9 nous permettra de continuer \u00e0 veiller \u00e0 ce que l\u2019\u00e9quipement m\u00e9dical soit disponible pour... View Article\" \/>\n<meta property=\"og:url\" content=\"https:\/\/hgh.ca\/foundation\/fr\/comment-vous-pouvez-aider\/\" \/>\n<meta property=\"og:site_name\" content=\"HGH Foundation\" \/>\n<meta property=\"article:modified_time\" content=\"2023-08-24T15:10:25+00:00\" \/>\n<meta property=\"og:image\" content=\"http:\/\/hgh.ca\/foundation\/wp-content\/uploads\/sites\/2\/2020\/02\/Theres-no-place-like-home-960.jpg\" \/>\n<meta name=\"twitter:card\" content=\"summary_large_image\" \/>\n<meta name=\"twitter:label1\" content=\"Dur\u00e9e de lecture estim\u00e9e\" \/>\n\t<meta name=\"twitter:data1\" content=\"1 minute\" \/>\n<script type=\"application\/ld+json\" class=\"yoast-schema-graph\">{\"@context\":\"https:\/\/schema.org\",\"@graph\":[{\"@type\":\"WebPage\",\"@id\":\"https:\/\/hgh.ca\/foundation\/fr\/comment-vous-pouvez-aider\/\",\"url\":\"https:\/\/hgh.ca\/foundation\/fr\/comment-vous-pouvez-aider\/\",\"name\":\"Comment vous pouvez aider - HGH Foundation\",\"isPartOf\":{\"@id\":\"https:\/\/hgh.ca\/foundation\/#website\"},\"primaryImageOfPage\":{\"@id\":\"https:\/\/hgh.ca\/foundation\/fr\/comment-vous-pouvez-aider\/#primaryimage\"},\"image\":{\"@id\":\"https:\/\/hgh.ca\/foundation\/fr\/comment-vous-pouvez-aider\/#primaryimage\"},\"thumbnailUrl\":\"http:\/\/hgh.ca\/foundation\/wp-content\/uploads\/sites\/2\/2020\/02\/Theres-no-place-like-home-960.jpg\",\"datePublished\":\"2020-02-27T18:28:13+00:00\",\"dateModified\":\"2023-08-24T15:10:25+00:00\",\"breadcrumb\":{\"@id\":\"https:\/\/hgh.ca\/foundation\/fr\/comment-vous-pouvez-aider\/#breadcrumb\"},\"inLanguage\":\"fr-FR\",\"potentialAction\":[{\"@type\":\"ReadAction\",\"target\":[\"https:\/\/hgh.ca\/foundation\/fr\/comment-vous-pouvez-aider\/\"]}]},{\"@type\":\"ImageObject\",\"inLanguage\":\"fr-FR\",\"@id\":\"https:\/\/hgh.ca\/foundation\/fr\/comment-vous-pouvez-aider\/#primaryimage\",\"url\":\"http:\/\/hgh.ca\/foundation\/wp-content\/uploads\/sites\/2\/2020\/02\/Theres-no-place-like-home-960.jpg\",\"contentUrl\":\"http:\/\/hgh.ca\/foundation\/wp-content\/uploads\/sites\/2\/2020\/02\/Theres-no-place-like-home-960.jpg\"},{\"@type\":\"BreadcrumbList\",\"@id\":\"https:\/\/hgh.ca\/foundation\/fr\/comment-vous-pouvez-aider\/#breadcrumb\",\"itemListElement\":[{\"@type\":\"ListItem\",\"position\":1,\"name\":\"Home\",\"item\":\"https:\/\/hgh.ca\/foundation\/fr\/\"},{\"@type\":\"ListItem\",\"position\":2,\"name\":\"Comment vous pouvez aider\"}]},{\"@type\":\"WebSite\",\"@id\":\"https:\/\/hgh.ca\/foundation\/#website\",\"url\":\"https:\/\/hgh.ca\/foundation\/\",\"name\":\"HGH Foundation\",\"description\":\"The Foundation raises funds for the Hawkesbury General Hospital\",\"potentialAction\":[{\"@type\":\"SearchAction\",\"target\":{\"@type\":\"EntryPoint\",\"urlTemplate\":\"https:\/\/hgh.ca\/foundation\/?s={search_term_string}\"},\"query-input\":\"required name=search_term_string\"}],\"inLanguage\":\"fr-FR\"}]}<\/script>\n<!-- \/ Yoast SEO plugin. -->","yoast_head_json":{"title":"Comment vous pouvez aider - HGH Foundation","robots":{"index":"index","follow":"follow","max-snippet":"max-snippet:-1","max-image-preview":"max-image-preview:large","max-video-preview":"max-video-preview:-1"},"canonical":"https:\/\/hgh.ca\/foundation\/fr\/comment-vous-pouvez-aider\/","og_locale":"fr_FR","og_type":"article","og_title":"Comment vous pouvez aider - HGH Foundation","og_description":"Au cours des trois \u00e0 cinq prochaines ann\u00e9es, nous mettrons l\u2019accent sur l\u2019augmentation des services en chirurgie orthop\u00e9dique, urologie, ophtalmologie, endoscopie et mammographie avanc\u00e9e afin de r\u00e9pondre aux besoins croissants et les plus pressants de notre population. L\u2019appui de la communaut\u00e9 nous permettra de continuer \u00e0 veiller \u00e0 ce que l\u2019\u00e9quipement m\u00e9dical soit disponible pour... View Article","og_url":"https:\/\/hgh.ca\/foundation\/fr\/comment-vous-pouvez-aider\/","og_site_name":"HGH Foundation","article_modified_time":"2023-08-24T15:10:25+00:00","og_image":[{"url":"http:\/\/hgh.ca\/foundation\/wp-content\/uploads\/sites\/2\/2020\/02\/Theres-no-place-like-home-960.jpg"}],"twitter_card":"summary_large_image","twitter_misc":{"Dur\u00e9e de lecture estim\u00e9e":"1 minute"},"schema":{"@context":"https:\/\/schema.org","@graph":[{"@type":"WebPage","@id":"https:\/\/hgh.ca\/foundation\/fr\/comment-vous-pouvez-aider\/","url":"https:\/\/hgh.ca\/foundation\/fr\/comment-vous-pouvez-aider\/","name":"Comment vous pouvez aider - HGH Foundation","isPartOf":{"@id":"https:\/\/hgh.ca\/foundation\/#website"},"primaryImageOfPage":{"@id":"https:\/\/hgh.ca\/foundation\/fr\/comment-vous-pouvez-aider\/#primaryimage"},"image":{"@id":"https:\/\/hgh.ca\/foundation\/fr\/comment-vous-pouvez-aider\/#primaryimage"},"thumbnailUrl":"http:\/\/hgh.ca\/foundation\/wp-content\/uploads\/sites\/2\/2020\/02\/Theres-no-place-like-home-960.jpg","datePublished":"2020-02-27T18:28:13+00:00","dateModified":"2023-08-24T15:10:25+00:00","breadcrumb":{"@id":"https:\/\/hgh.ca\/foundation\/fr\/comment-vous-pouvez-aider\/#breadcrumb"},"inLanguage":"fr-FR","potentialAction":[{"@type":"ReadAction","target":["https:\/\/hgh.ca\/foundation\/fr\/comment-vous-pouvez-aider\/"]}]},{"@type":"ImageObject","inLanguage":"fr-FR","@id":"https:\/\/hgh.ca\/foundation\/fr\/comment-vous-pouvez-aider\/#primaryimage","url":"http:\/\/hgh.ca\/foundation\/wp-content\/uploads\/sites\/2\/2020\/02\/Theres-no-place-like-home-960.jpg","contentUrl":"http:\/\/hgh.ca\/foundation\/wp-content\/uploads\/sites\/2\/2020\/02\/Theres-no-place-like-home-960.jpg"},{"@type":"BreadcrumbList","@id":"https:\/\/hgh.ca\/foundation\/fr\/comment-vous-pouvez-aider\/#breadcrumb","itemListElement":[{"@type":"ListItem","position":1,"name":"Home","item":"https:\/\/hgh.ca\/foundation\/fr\/"},{"@type":"ListItem","position":2,"name":"Comment vous pouvez aider"}]},{"@type":"WebSite","@id":"https:\/\/hgh.ca\/foundation\/#website","url":"https:\/\/hgh.ca\/foundation\/","name":"HGH Foundation","description":"The Foundation raises funds for the Hawkesbury General Hospital","potentialAction":[{"@type":"SearchAction","target":{"@type":"EntryPoint","urlTemplate":"https:\/\/hgh.ca\/foundation\/?s={search_term_string}"},"query-input":"required name=search_term_string"}],"inLanguage":"fr-FR"}]}},"_links":{"self":[{"href":"https:\/\/hgh.ca\/foundation\/fr\/wp-json\/wp\/v2\/pages\/2310\/"}],"collection":[{"href":"https:\/\/hgh.ca\/foundation\/fr\/wp-json\/wp\/v2\/pages\/"}],"about":[{"href":"https:\/\/hgh.ca\/foundation\/fr\/wp-json\/wp\/v2\/types\/page\/"}],"author":[{"embeddable":true,"href":"https:\/\/hgh.ca\/foundation\/fr\/wp-json\/wp\/v2\/users\/2\/"}],"replies":[{"embeddable":true,"href":"https:\/\/hgh.ca\/foundation\/fr\/wp-json\/wp\/v2\/comments\/?post=2310"}],"version-history":[{"count":5,"href":"https:\/\/hgh.ca\/foundation\/fr\/wp-json\/wp\/v2\/pages\/2310\/revisions\/"}],"predecessor-version":[{"id":5487,"href":"https:\/\/hgh.ca\/foundation\/fr\/wp-json\/wp\/v2\/pages\/2310\/revisions\/5487\/"}],"wp:attachment":[{"href":"https:\/\/hgh.ca\/foundation\/fr\/wp-json\/wp\/v2\/media\/?parent=2310"}],"curies":[{"name":"wp","href":"https:\/\/api.w.org\/{rel}","templated":true}]}}