{"id":25,"date":"2015-05-29T14:04:07","date_gmt":"2015-05-29T14:04:07","guid":{"rendered":"http:\/\/hgh.ca\/foundation\/?page_id=25"},"modified":"2026-03-06T11:45:57","modified_gmt":"2026-03-06T16:45:57","slug":"comment-donner","status":"publish","type":"page","link":"https:\/\/hgh.ca\/foundation\/fr\/comment-donner\/","title":{"rendered":"Comment donner"},"content":{"rendered":"<p><a href=\"http:\/\/hgh.ca\/foundation\/wp-content\/uploads\/sites\/2\/2021\/03\/Donors.png\"><img loading=\"lazy\" decoding=\"async\" width=\"960\" height=\"340\" class=\"alignnone size-full wp-image-3122\" src=\"http:\/\/hgh.ca\/foundation\/wp-content\/uploads\/sites\/2\/2021\/03\/Donors.png\" alt=\"\" srcset=\"https:\/\/hgh.ca\/foundation\/wp-content\/uploads\/sites\/2\/2021\/03\/Donors.png 960w, https:\/\/hgh.ca\/foundation\/wp-content\/uploads\/sites\/2\/2021\/03\/Donors-250x89.png 250w, https:\/\/hgh.ca\/foundation\/wp-content\/uploads\/sites\/2\/2021\/03\/Donors-700x248.png 700w, https:\/\/hgh.ca\/foundation\/wp-content\/uploads\/sites\/2\/2021\/03\/Donors-768x272.png 768w, https:\/\/hgh.ca\/foundation\/wp-content\/uploads\/sites\/2\/2021\/03\/Donors-120x43.png 120w\" sizes=\"(max-width: 960px) 100vw, 960px\" \/><\/a><\/p>\n<p class=\"lead\">Votre h\u00f4pital est en mesure de r\u00e9aliser sa mission en partie gr\u00e2ce \u00e0 la g\u00e9n\u00e9rosit\u00e9 des donateurs.<\/p>\n<p>Il y a plusieurs fa\u00e7ons de contribuer au d\u00e9veloppement de votre h\u00f4pital r\u00e9gional et les dons financiers sont essentiels \u00e0 l\u2019am\u00e9lioration des soins de sant\u00e9. Gr\u00e2ce \u00e0 vos dons, l\u2019H\u00f4pital g\u00e9n\u00e9ral de Hawkesbury et district peut acqu\u00e9rir des \u00e9quipements \u00e0 la fine pointe de la technologie. Nous vous encourageons vivement \u00e0 faire un don en utilisant l\u2019une ou l\u2019autre des options suivantes :<\/p>\n<h2>Fonds g\u00e9n\u00e9ral<\/h2>\n<p>En contribuant au fonds g\u00e9n\u00e9ral de l\u2019h\u00f4pital, vous favorisez la concr\u00e9tisation de projets majeurs qui sont en lien avec les priorit\u00e9s de l\u2019\u00e9tablissement. Suivez ce lien pour faire un don en ligne au <a href=\"https:\/\/www.jedonneenligne.org\/fondationhghfoundation\/DG\/\" target=\"_blank\" rel=\"noopener noreferrer\">Fonds g\u00e9n\u00e9ral<\/a>.<\/p>\n<h2>Fonds sp\u00e9cifiques<\/h2>\n<p>En contribuant aux fonds sp\u00e9cifiques, vous pouvez aider un secteur en particulier comme l\u2019urgence, les soins palliatifs ou l\u2019unit\u00e9 de dialyse. Votre don servira \u00e0 l\u2019achat d\u2019\u00e9quipement pour le secteur vis\u00e9.<\/p>\n<h2>Dons \u00ab En m\u00e9moire de\u00a0\u00bb<\/h2>\n<p>Vous souhaitez souligner la m\u00e9moire d\u2019un \u00eatre cher ou honorer la m\u00e9moire d&rsquo;une personne qui vous est toute sp\u00e9ciale? Faire un don \u00ab En m\u00e9moire de \u00bb est aussi une fa\u00e7on remarquable de contribuer \u00e0 votre h\u00f4pital. Suivez ce lien pour <a href=\"https:\/\/www.jedonneenligne.org\/fondationhghfoundation\/DIM\/\" target=\"_blank\" rel=\"noopener noreferrer\">faire un don en ligne maintenant<\/a>.<\/p>\n<h2>Transferts \u00e9lectroniques<\/h2>\n<p>Nous acceptons les dons par transfert \u00e9lectronique \u00e0 <a href=\"mailto:fondation@hgh.ca\">fondation@hgh.ca<\/a>.<\/p>\n<ul>\n<li>Veuillez ajouter votre nom et votre adresse dans les commentaires pour recevoir un re\u00e7u fiscal.<\/li>\n<li>Vous pouvez \u00e9galement indiquer o\u00f9 vous aimeriez que votre don soit dirig\u00e9, par exemple\u00a0: la campagne actuelle, les fonds g\u00e9n\u00e9raux ou un secteur en particulier.<\/li>\n<\/ul>\n<h2>Dons planifi\u00e9s<\/h2>\n<p>Une fa\u00e7on de plus en plus populaire d\u2019effectuer une contribution est de recourir au don planifi\u00e9. En l\u00e9guant une partie de vos actifs \u00e0 la Fondation, vous pouvez faire un don significatif et am\u00e9liorer le sort de votre communaut\u00e9, sans affecter votre budget de votre vivant. De plus, ce type de dons peut faire b\u00e9n\u00e9ficier votre succession\u00a0d&rsquo;avantages fiscaux int\u00e9ressants tout en participant \u00e0 une noble cause.<\/p>\n<ul>\n<li>Testaments et legs : Pour faire un don d&rsquo;argent \u00e0 la Fondation par l&rsquo;entremise de votre testament.<\/li>\n<li>Assurance-vie : Pour d\u00e9signer la Fondation \u00e0 titre de b\u00e9n\u00e9ficiaire unique d&rsquo;une nouvelle assurance-vie ou en transf\u00e9rant une assurance existante au nom de la Fondation. Dans ce cas, vous b\u00e9n\u00e9ficiez imm\u00e9diatement d\u2019avantages fiscaux int\u00e9ressants.<\/li>\n<li>Don d&rsquo;actions ou d&rsquo;obligations : Pour c\u00e9der des actions ou des obligations \u00e0 la Fondation par l&rsquo;entremise de votre conseiller en placement ou de notre gestionnaire de portefeuille.<\/li>\n<\/ul>\n<p>Pour en savoir davantage sur les dons planifi\u00e9s, veuillez consulter la page <a href=\"http:\/\/hgh.ca\/foundation\/fr\/comment-donner\/planifier-votre-heritage\/\">Planifier votre h\u00e9ritage<\/a>, ou communiquer avec Erin Tabakman au 613-632-1111, poste 21102.<\/p>\n<h2>Activit\u00e9s de collecte de dons<\/h2>\n<p>Vous pouvez contribuer d\u2019une fa\u00e7on importante \u00e0 votre h\u00f4pital en vous impliquant dans diverses activit\u00e9s de collecte de fonds organis\u00e9es par la Fondation. Vous pouvez \u00e9galement organiser des \u00e9v\u00e9nements dont les profits seront remis \u00e0 la Fondation. Pour en savoir davantage, consultez la\u00a0section <a href=\"http:\/\/hgh.ca\/foundation\/fr\/evenements\/evenements-organises-par-des-tiers\/\">\u00c9v\u00e9nements organis\u00e9s par des tiers<\/a>.<\/p>\n<p><strong>Num\u00e9ro d\u2019enregistrement de bienfaisance :<\/strong> 118921592 RR0001<\/p>\n","protected":false},"excerpt":{"rendered":"Votre h\u00f4pital est en mesure de r\u00e9aliser sa mission en partie gr\u00e2ce \u00e0 la g\u00e9n\u00e9rosit\u00e9 des donateurs. Il y a plusieurs fa\u00e7ons de contribuer au d\u00e9veloppement de votre h\u00f4pital r\u00e9gional et les dons financiers sont essentiels \u00e0 l\u2019am\u00e9lioration des soins de sant\u00e9. Gr\u00e2ce \u00e0 vos dons, l\u2019H\u00f4pital g\u00e9n\u00e9ral de Hawkesbury et district peut acqu\u00e9rir des&#8230; <a class=\"btn btn--primary\" href=\"https:\/\/hgh.ca\/foundation\/fr\/comment-donner\/\">View Article<\/a>","protected":false},"author":1,"featured_media":0,"parent":0,"menu_order":13,"comment_status":"open","ping_status":"open","template":"","meta":{"_acf_changed":false,"footnotes":""},"class_list":["post-25","page","type-page","status-publish","hentry"],"acf":[],"yoast_head":"<!-- This site is optimized with the Yoast SEO plugin v23.0 - https:\/\/yoast.com\/wordpress\/plugins\/seo\/ -->\n<title>Comment donner - HGH Foundation<\/title>\n<meta name=\"robots\" content=\"index, follow, max-snippet:-1, max-image-preview:large, max-video-preview:-1\" \/>\n<link rel=\"canonical\" href=\"https:\/\/hgh.ca\/foundation\/fr\/comment-donner\/\" \/>\n<meta property=\"og:locale\" content=\"fr_FR\" \/>\n<meta property=\"og:type\" content=\"article\" \/>\n<meta property=\"og:title\" content=\"Comment donner - HGH Foundation\" \/>\n<meta property=\"og:description\" content=\"Votre h\u00f4pital est en mesure de r\u00e9aliser sa mission en partie gr\u00e2ce \u00e0 la g\u00e9n\u00e9rosit\u00e9 des donateurs. Il y a plusieurs fa\u00e7ons de contribuer au d\u00e9veloppement de votre h\u00f4pital r\u00e9gional et les dons financiers sont essentiels \u00e0 l\u2019am\u00e9lioration des soins de sant\u00e9. Gr\u00e2ce \u00e0 vos dons, l\u2019H\u00f4pital g\u00e9n\u00e9ral de Hawkesbury et district peut acqu\u00e9rir des... View Article\" \/>\n<meta property=\"og:url\" content=\"https:\/\/hgh.ca\/foundation\/fr\/comment-donner\/\" \/>\n<meta property=\"og:site_name\" content=\"HGH Foundation\" \/>\n<meta property=\"article:modified_time\" content=\"2026-03-06T16:45:57+00:00\" \/>\n<meta property=\"og:image\" content=\"http:\/\/hgh.ca\/foundation\/wp-content\/uploads\/sites\/2\/2021\/03\/Donors.png\" \/>\n<meta name=\"twitter:card\" content=\"summary_large_image\" \/>\n<meta name=\"twitter:label1\" content=\"Dur\u00e9e de lecture estim\u00e9e\" \/>\n\t<meta name=\"twitter:data1\" content=\"3 minutes\" \/>\n<script type=\"application\/ld+json\" class=\"yoast-schema-graph\">{\"@context\":\"https:\/\/schema.org\",\"@graph\":[{\"@type\":\"WebPage\",\"@id\":\"https:\/\/hgh.ca\/foundation\/fr\/comment-donner\/\",\"url\":\"https:\/\/hgh.ca\/foundation\/fr\/comment-donner\/\",\"name\":\"Comment donner - HGH Foundation\",\"isPartOf\":{\"@id\":\"https:\/\/hgh.ca\/foundation\/#website\"},\"primaryImageOfPage\":{\"@id\":\"https:\/\/hgh.ca\/foundation\/fr\/comment-donner\/#primaryimage\"},\"image\":{\"@id\":\"https:\/\/hgh.ca\/foundation\/fr\/comment-donner\/#primaryimage\"},\"thumbnailUrl\":\"http:\/\/hgh.ca\/foundation\/wp-content\/uploads\/sites\/2\/2021\/03\/Donors.png\",\"datePublished\":\"2015-05-29T14:04:07+00:00\",\"dateModified\":\"2026-03-06T16:45:57+00:00\",\"breadcrumb\":{\"@id\":\"https:\/\/hgh.ca\/foundation\/fr\/comment-donner\/#breadcrumb\"},\"inLanguage\":\"fr-FR\",\"potentialAction\":[{\"@type\":\"ReadAction\",\"target\":[\"https:\/\/hgh.ca\/foundation\/fr\/comment-donner\/\"]}]},{\"@type\":\"ImageObject\",\"inLanguage\":\"fr-FR\",\"@id\":\"https:\/\/hgh.ca\/foundation\/fr\/comment-donner\/#primaryimage\",\"url\":\"http:\/\/hgh.ca\/foundation\/wp-content\/uploads\/sites\/2\/2021\/03\/Donors.png\",\"contentUrl\":\"http:\/\/hgh.ca\/foundation\/wp-content\/uploads\/sites\/2\/2021\/03\/Donors.png\"},{\"@type\":\"BreadcrumbList\",\"@id\":\"https:\/\/hgh.ca\/foundation\/fr\/comment-donner\/#breadcrumb\",\"itemListElement\":[{\"@type\":\"ListItem\",\"position\":1,\"name\":\"Home\",\"item\":\"https:\/\/hgh.ca\/foundation\/fr\/\"},{\"@type\":\"ListItem\",\"position\":2,\"name\":\"Comment donner\"}]},{\"@type\":\"WebSite\",\"@id\":\"https:\/\/hgh.ca\/foundation\/#website\",\"url\":\"https:\/\/hgh.ca\/foundation\/\",\"name\":\"HGH Foundation\",\"description\":\"The Foundation raises funds for the Hawkesbury General Hospital\",\"potentialAction\":[{\"@type\":\"SearchAction\",\"target\":{\"@type\":\"EntryPoint\",\"urlTemplate\":\"https:\/\/hgh.ca\/foundation\/?s={search_term_string}\"},\"query-input\":\"required name=search_term_string\"}],\"inLanguage\":\"fr-FR\"}]}<\/script>\n<!-- \/ Yoast SEO plugin. -->","yoast_head_json":{"title":"Comment donner - HGH Foundation","robots":{"index":"index","follow":"follow","max-snippet":"max-snippet:-1","max-image-preview":"max-image-preview:large","max-video-preview":"max-video-preview:-1"},"canonical":"https:\/\/hgh.ca\/foundation\/fr\/comment-donner\/","og_locale":"fr_FR","og_type":"article","og_title":"Comment donner - HGH Foundation","og_description":"Votre h\u00f4pital est en mesure de r\u00e9aliser sa mission en partie gr\u00e2ce \u00e0 la g\u00e9n\u00e9rosit\u00e9 des donateurs. Il y a plusieurs fa\u00e7ons de contribuer au d\u00e9veloppement de votre h\u00f4pital r\u00e9gional et les dons financiers sont essentiels \u00e0 l\u2019am\u00e9lioration des soins de sant\u00e9. Gr\u00e2ce \u00e0 vos dons, l\u2019H\u00f4pital g\u00e9n\u00e9ral de Hawkesbury et district peut acqu\u00e9rir des... View Article","og_url":"https:\/\/hgh.ca\/foundation\/fr\/comment-donner\/","og_site_name":"HGH Foundation","article_modified_time":"2026-03-06T16:45:57+00:00","og_image":[{"url":"http:\/\/hgh.ca\/foundation\/wp-content\/uploads\/sites\/2\/2021\/03\/Donors.png"}],"twitter_card":"summary_large_image","twitter_misc":{"Dur\u00e9e de lecture estim\u00e9e":"3 minutes"},"schema":{"@context":"https:\/\/schema.org","@graph":[{"@type":"WebPage","@id":"https:\/\/hgh.ca\/foundation\/fr\/comment-donner\/","url":"https:\/\/hgh.ca\/foundation\/fr\/comment-donner\/","name":"Comment donner - HGH Foundation","isPartOf":{"@id":"https:\/\/hgh.ca\/foundation\/#website"},"primaryImageOfPage":{"@id":"https:\/\/hgh.ca\/foundation\/fr\/comment-donner\/#primaryimage"},"image":{"@id":"https:\/\/hgh.ca\/foundation\/fr\/comment-donner\/#primaryimage"},"thumbnailUrl":"http:\/\/hgh.ca\/foundation\/wp-content\/uploads\/sites\/2\/2021\/03\/Donors.png","datePublished":"2015-05-29T14:04:07+00:00","dateModified":"2026-03-06T16:45:57+00:00","breadcrumb":{"@id":"https:\/\/hgh.ca\/foundation\/fr\/comment-donner\/#breadcrumb"},"inLanguage":"fr-FR","potentialAction":[{"@type":"ReadAction","target":["https:\/\/hgh.ca\/foundation\/fr\/comment-donner\/"]}]},{"@type":"ImageObject","inLanguage":"fr-FR","@id":"https:\/\/hgh.ca\/foundation\/fr\/comment-donner\/#primaryimage","url":"http:\/\/hgh.ca\/foundation\/wp-content\/uploads\/sites\/2\/2021\/03\/Donors.png","contentUrl":"http:\/\/hgh.ca\/foundation\/wp-content\/uploads\/sites\/2\/2021\/03\/Donors.png"},{"@type":"BreadcrumbList","@id":"https:\/\/hgh.ca\/foundation\/fr\/comment-donner\/#breadcrumb","itemListElement":[{"@type":"ListItem","position":1,"name":"Home","item":"https:\/\/hgh.ca\/foundation\/fr\/"},{"@type":"ListItem","position":2,"name":"Comment donner"}]},{"@type":"WebSite","@id":"https:\/\/hgh.ca\/foundation\/#website","url":"https:\/\/hgh.ca\/foundation\/","name":"HGH Foundation","description":"The Foundation raises funds for the Hawkesbury General Hospital","potentialAction":[{"@type":"SearchAction","target":{"@type":"EntryPoint","urlTemplate":"https:\/\/hgh.ca\/foundation\/?s={search_term_string}"},"query-input":"required name=search_term_string"}],"inLanguage":"fr-FR"}]}},"_links":{"self":[{"href":"https:\/\/hgh.ca\/foundation\/fr\/wp-json\/wp\/v2\/pages\/25\/"}],"collection":[{"href":"https:\/\/hgh.ca\/foundation\/fr\/wp-json\/wp\/v2\/pages\/"}],"about":[{"href":"https:\/\/hgh.ca\/foundation\/fr\/wp-json\/wp\/v2\/types\/page\/"}],"author":[{"embeddable":true,"href":"https:\/\/hgh.ca\/foundation\/fr\/wp-json\/wp\/v2\/users\/1\/"}],"replies":[{"embeddable":true,"href":"https:\/\/hgh.ca\/foundation\/fr\/wp-json\/wp\/v2\/comments\/?post=25"}],"version-history":[{"count":7,"href":"https:\/\/hgh.ca\/foundation\/fr\/wp-json\/wp\/v2\/pages\/25\/revisions\/"}],"predecessor-version":[{"id":6822,"href":"https:\/\/hgh.ca\/foundation\/fr\/wp-json\/wp\/v2\/pages\/25\/revisions\/6822\/"}],"wp:attachment":[{"href":"https:\/\/hgh.ca\/foundation\/fr\/wp-json\/wp\/v2\/media\/?parent=25"}],"curies":[{"name":"wp","href":"https:\/\/api.w.org\/{rel}","templated":true}]}}