{"id":2521,"date":"2020-06-08T18:50:18","date_gmt":"2020-06-08T18:50:18","guid":{"rendered":"http:\/\/hgh.ca\/foundation\/?page_id=2521"},"modified":"2025-04-04T10:48:51","modified_gmt":"2025-04-04T14:48:51","slug":"course-la-baie-run","status":"publish","type":"page","link":"https:\/\/hgh.ca\/foundation\/fr\/evenements\/course-la-baie-run\/","title":{"rendered":"Course La Baie Run"},"content":{"rendered":"<h2><a href=\"http:\/\/hgh.ca\/foundation\/wp-content\/uploads\/sites\/2\/2025\/04\/lbr.png\"><img loading=\"lazy\" decoding=\"async\" class=\"alignnone wp-image-6297 size-full\" src=\"http:\/\/hgh.ca\/foundation\/wp-content\/uploads\/sites\/2\/2025\/04\/lbr.png\" alt=\"\" width=\"1640\" height=\"924\" srcset=\"https:\/\/hgh.ca\/foundation\/wp-content\/uploads\/sites\/2\/2025\/04\/lbr.png 1640w, https:\/\/hgh.ca\/foundation\/wp-content\/uploads\/sites\/2\/2025\/04\/lbr-250x141.png 250w, https:\/\/hgh.ca\/foundation\/wp-content\/uploads\/sites\/2\/2025\/04\/lbr-700x394.png 700w, https:\/\/hgh.ca\/foundation\/wp-content\/uploads\/sites\/2\/2025\/04\/lbr-768x433.png 768w, https:\/\/hgh.ca\/foundation\/wp-content\/uploads\/sites\/2\/2025\/04\/lbr-1536x865.png 1536w, https:\/\/hgh.ca\/foundation\/wp-content\/uploads\/sites\/2\/2025\/04\/lbr-120x68.png 120w, https:\/\/hgh.ca\/foundation\/wp-content\/uploads\/sites\/2\/2025\/04\/lbr-960x540.png 960w, https:\/\/hgh.ca\/foundation\/wp-content\/uploads\/sites\/2\/2025\/04\/lbr-1280x720.png 1280w\" sizes=\"(max-width: 1640px) 100vw, 1640px\" \/><\/a><\/h2>\n<h2>La Baie Run 2025 au profit de la Fondation HGH<\/h2>\n<p>La Fondation HGH est heureuse d\u2019apprendre qu\u2019elle sera la b\u00e9n\u00e9ficiaire de la septi\u00e8me \u00e9dition de La Baie Run!<\/p>\n<div class=\"x_elementToProof\" data-olk-copy-source=\"MessageBody\">L\u2019\u00e9dition 2025 de la Baie Run aura lieu en personne le 19 juillet. Les options de distance \u00e0 parcourir sont de 1 km, 5 km, 10 km ou un demi-marathon.<\/div>\n<p>La Baie Run est une belle fa\u00e7on de rester actif et de profiter du beau temps de l&rsquo;\u00e9t\u00e9, tout en soutenant une bonne cause et en aidant votre communaut\u00e9 !<\/p>\n<h2>Inscription \u00e0 La Baie Run<\/h2>\n<ul>\n<li><b data-olk-copy-source=\"MessageBody\">Jusqu\u2019au 1er juin :<\/b>\u00a0les frais d\u2019inscription sont de seulement 40 $ (ou 20 $ pour le 1 km), et incluent une trousse de course, une m\u00e9daille et du mat\u00e9riel des commanditaires. Un t-shirt est aussi compris pour les personnes qui s\u2019inscrivent d\u2019ici le 1er juin.<\/li>\n<li><b>Apr\u00e8s le 1er juin :<\/b>\u00a0les frais d\u2019inscription sont de 50 $ (ou 25 $ pour 1 km)<\/li>\n<\/ul>\n<p>Pour plus d&rsquo;information sur l\u2019\u00e9v\u00e9nement et pour vous inscrire \u00e0 la course, veuillez visiter le <a href=\"https:\/\/www.labaierun.com\" target=\"_blank\" rel=\"noopener noreferrer\">site web officiel de l&rsquo;\u00e9v\u00e9nement<\/a> et la <a href=\"https:\/\/www.facebook.com\/LaBaieRun\/\" target=\"_blank\" rel=\"noopener noreferrer\">page Facebook<\/a>.<\/p>\n<p>&nbsp;<\/p>\n<h2>Relevez un d\u00e9fi d\u2019\u00e9quipe ou faites un don individuel \u00e0 la Fondation HGH<\/h2>\n<div class=\"x_elementToProof\" data-olk-copy-source=\"MessageBody\">ndividus, groupes, entreprises, organisations, familles \u2013 tous sont invit\u00e9s \u00e0 collecter des fonds et \u00e0 faire un don \u00e0 la Fondation HGH.<\/div>\n<div class=\"x_elementToProof\">Relevez le D\u00e9fi d\u2019\u00e9quipes ! Formez une \u00e9quipe avec vos amis, votre famille ou vos coll\u00e8gues, fixez-vous un objectif de collecte de fonds, participez \u00e0 La Baie Run et faites un don \u00e0 la Fondation HGH. L\u2019\u00e9quipe qui amassera le plus de dons gagnera un prix : un d\u00eener pizza pour toute l\u2019\u00e9quipe.<\/div>\n<hr \/>\n<h2>Comment cet \u00e9v\u00e9nement aidera-t-il mon h\u00f4pital?<\/h2>\n<div class=\"x_elementToProof\" data-olk-copy-source=\"MessageBody\">Les profits nets de l\u2019\u00e9v\u00e9nement seront dirig\u00e9s vers la Fondation HGH,\u00a0Les fonds soutiendront de nouveaux programmes et continuera d\u2019aider \u00e0 d\u00e9velopper les services \u00e0 l\u2019HGH. L\u2019accent de la campagne est sur l\u2019augmentation des services en chirurgie orthop\u00e9dique, urologie, ophtalmologie, endoscopie et mammographie avanc\u00e9e. Ceci permettra d\u2019augmenter l\u2019acc\u00e8s \u00e0 des soins sp\u00e9cialis\u00e9s, plus pr\u00e8s du domicile. Votre soutien contribuera \u00e0 l\u2019acquisition de nouveaux \u00e9quipements m\u00e9dicaux pour r\u00e9pondre aux besoins de soins de sant\u00e9 de notre r\u00e9gion en pleine croissance ainsi qu\u2019\u00e0 tirer le meilleur parti du r\u00e9cent d\u00e9veloppement et de l\u2019expansion \u00e0 l\u2019HGH.<\/div>\n","protected":false},"excerpt":{"rendered":"La Baie Run 2025 au profit de la Fondation HGH La Fondation HGH est heureuse d\u2019apprendre qu\u2019elle sera la b\u00e9n\u00e9ficiaire de la septi\u00e8me \u00e9dition de La Baie Run! L\u2019\u00e9dition 2025 de la Baie Run aura lieu en personne le 19 juillet. Les options de distance \u00e0 parcourir sont de 1 km, 5 km, 10 km&#8230; <a class=\"btn btn--primary\" href=\"https:\/\/hgh.ca\/foundation\/fr\/evenements\/course-la-baie-run\/\">View Article<\/a>","protected":false},"author":2,"featured_media":0,"parent":27,"menu_order":1,"comment_status":"closed","ping_status":"closed","template":"","meta":{"_acf_changed":false,"footnotes":""},"class_list":["post-2521","page","type-page","status-publish","hentry"],"acf":[],"yoast_head":"<!-- This site is optimized with the Yoast SEO plugin v23.0 - https:\/\/yoast.com\/wordpress\/plugins\/seo\/ -->\n<title>Course La Baie Run - HGH Foundation<\/title>\n<meta name=\"robots\" content=\"index, follow, max-snippet:-1, max-image-preview:large, max-video-preview:-1\" \/>\n<link rel=\"canonical\" href=\"https:\/\/hgh.ca\/foundation\/fr\/evenements\/course-la-baie-run\/\" \/>\n<meta property=\"og:locale\" content=\"fr_FR\" \/>\n<meta property=\"og:type\" content=\"article\" \/>\n<meta property=\"og:title\" content=\"Course La Baie Run - HGH Foundation\" \/>\n<meta property=\"og:description\" content=\"La Baie Run 2025 au profit de la Fondation HGH La Fondation HGH est heureuse d\u2019apprendre qu\u2019elle sera la b\u00e9n\u00e9ficiaire de la septi\u00e8me \u00e9dition de La Baie Run! L\u2019\u00e9dition 2025 de la Baie Run aura lieu en personne le 19 juillet. Les options de distance \u00e0 parcourir sont de 1 km, 5 km, 10 km... View Article\" \/>\n<meta property=\"og:url\" content=\"https:\/\/hgh.ca\/foundation\/fr\/evenements\/course-la-baie-run\/\" \/>\n<meta property=\"og:site_name\" content=\"HGH Foundation\" \/>\n<meta property=\"article:modified_time\" content=\"2025-04-04T14:48:51+00:00\" \/>\n<meta property=\"og:image\" content=\"http:\/\/hgh.ca\/foundation\/wp-content\/uploads\/sites\/2\/2025\/04\/lbr.png\" \/>\n<meta name=\"twitter:card\" content=\"summary_large_image\" \/>\n<meta name=\"twitter:label1\" content=\"Dur\u00e9e de lecture estim\u00e9e\" \/>\n\t<meta name=\"twitter:data1\" content=\"2 minutes\" \/>\n<script type=\"application\/ld+json\" class=\"yoast-schema-graph\">{\"@context\":\"https:\/\/schema.org\",\"@graph\":[{\"@type\":\"WebPage\",\"@id\":\"https:\/\/hgh.ca\/foundation\/fr\/evenements\/course-la-baie-run\/\",\"url\":\"https:\/\/hgh.ca\/foundation\/fr\/evenements\/course-la-baie-run\/\",\"name\":\"Course La Baie Run - HGH Foundation\",\"isPartOf\":{\"@id\":\"https:\/\/hgh.ca\/foundation\/#website\"},\"primaryImageOfPage\":{\"@id\":\"https:\/\/hgh.ca\/foundation\/fr\/evenements\/course-la-baie-run\/#primaryimage\"},\"image\":{\"@id\":\"https:\/\/hgh.ca\/foundation\/fr\/evenements\/course-la-baie-run\/#primaryimage\"},\"thumbnailUrl\":\"http:\/\/hgh.ca\/foundation\/wp-content\/uploads\/sites\/2\/2025\/04\/lbr.png\",\"datePublished\":\"2020-06-08T18:50:18+00:00\",\"dateModified\":\"2025-04-04T14:48:51+00:00\",\"breadcrumb\":{\"@id\":\"https:\/\/hgh.ca\/foundation\/fr\/evenements\/course-la-baie-run\/#breadcrumb\"},\"inLanguage\":\"fr-FR\",\"potentialAction\":[{\"@type\":\"ReadAction\",\"target\":[\"https:\/\/hgh.ca\/foundation\/fr\/evenements\/course-la-baie-run\/\"]}]},{\"@type\":\"ImageObject\",\"inLanguage\":\"fr-FR\",\"@id\":\"https:\/\/hgh.ca\/foundation\/fr\/evenements\/course-la-baie-run\/#primaryimage\",\"url\":\"http:\/\/hgh.ca\/foundation\/wp-content\/uploads\/sites\/2\/2025\/04\/lbr.png\",\"contentUrl\":\"http:\/\/hgh.ca\/foundation\/wp-content\/uploads\/sites\/2\/2025\/04\/lbr.png\"},{\"@type\":\"BreadcrumbList\",\"@id\":\"https:\/\/hgh.ca\/foundation\/fr\/evenements\/course-la-baie-run\/#breadcrumb\",\"itemListElement\":[{\"@type\":\"ListItem\",\"position\":1,\"name\":\"Home\",\"item\":\"https:\/\/hgh.ca\/foundation\/fr\/\"},{\"@type\":\"ListItem\",\"position\":2,\"name\":\"\u00c9v\u00e9nements\",\"item\":\"https:\/\/hgh.ca\/foundation\/fr\/evenements\/\"},{\"@type\":\"ListItem\",\"position\":3,\"name\":\"Course La Baie Run\"}]},{\"@type\":\"WebSite\",\"@id\":\"https:\/\/hgh.ca\/foundation\/#website\",\"url\":\"https:\/\/hgh.ca\/foundation\/\",\"name\":\"HGH Foundation\",\"description\":\"The Foundation raises funds for the Hawkesbury General Hospital\",\"potentialAction\":[{\"@type\":\"SearchAction\",\"target\":{\"@type\":\"EntryPoint\",\"urlTemplate\":\"https:\/\/hgh.ca\/foundation\/?s={search_term_string}\"},\"query-input\":\"required name=search_term_string\"}],\"inLanguage\":\"fr-FR\"}]}<\/script>\n<!-- \/ Yoast SEO plugin. -->","yoast_head_json":{"title":"Course La Baie Run - HGH Foundation","robots":{"index":"index","follow":"follow","max-snippet":"max-snippet:-1","max-image-preview":"max-image-preview:large","max-video-preview":"max-video-preview:-1"},"canonical":"https:\/\/hgh.ca\/foundation\/fr\/evenements\/course-la-baie-run\/","og_locale":"fr_FR","og_type":"article","og_title":"Course La Baie Run - HGH Foundation","og_description":"La Baie Run 2025 au profit de la Fondation HGH La Fondation HGH est heureuse d\u2019apprendre qu\u2019elle sera la b\u00e9n\u00e9ficiaire de la septi\u00e8me \u00e9dition de La Baie Run! L\u2019\u00e9dition 2025 de la Baie Run aura lieu en personne le 19 juillet. Les options de distance \u00e0 parcourir sont de 1 km, 5 km, 10 km... View Article","og_url":"https:\/\/hgh.ca\/foundation\/fr\/evenements\/course-la-baie-run\/","og_site_name":"HGH Foundation","article_modified_time":"2025-04-04T14:48:51+00:00","og_image":[{"url":"http:\/\/hgh.ca\/foundation\/wp-content\/uploads\/sites\/2\/2025\/04\/lbr.png"}],"twitter_card":"summary_large_image","twitter_misc":{"Dur\u00e9e de lecture estim\u00e9e":"2 minutes"},"schema":{"@context":"https:\/\/schema.org","@graph":[{"@type":"WebPage","@id":"https:\/\/hgh.ca\/foundation\/fr\/evenements\/course-la-baie-run\/","url":"https:\/\/hgh.ca\/foundation\/fr\/evenements\/course-la-baie-run\/","name":"Course La Baie Run - HGH Foundation","isPartOf":{"@id":"https:\/\/hgh.ca\/foundation\/#website"},"primaryImageOfPage":{"@id":"https:\/\/hgh.ca\/foundation\/fr\/evenements\/course-la-baie-run\/#primaryimage"},"image":{"@id":"https:\/\/hgh.ca\/foundation\/fr\/evenements\/course-la-baie-run\/#primaryimage"},"thumbnailUrl":"http:\/\/hgh.ca\/foundation\/wp-content\/uploads\/sites\/2\/2025\/04\/lbr.png","datePublished":"2020-06-08T18:50:18+00:00","dateModified":"2025-04-04T14:48:51+00:00","breadcrumb":{"@id":"https:\/\/hgh.ca\/foundation\/fr\/evenements\/course-la-baie-run\/#breadcrumb"},"inLanguage":"fr-FR","potentialAction":[{"@type":"ReadAction","target":["https:\/\/hgh.ca\/foundation\/fr\/evenements\/course-la-baie-run\/"]}]},{"@type":"ImageObject","inLanguage":"fr-FR","@id":"https:\/\/hgh.ca\/foundation\/fr\/evenements\/course-la-baie-run\/#primaryimage","url":"http:\/\/hgh.ca\/foundation\/wp-content\/uploads\/sites\/2\/2025\/04\/lbr.png","contentUrl":"http:\/\/hgh.ca\/foundation\/wp-content\/uploads\/sites\/2\/2025\/04\/lbr.png"},{"@type":"BreadcrumbList","@id":"https:\/\/hgh.ca\/foundation\/fr\/evenements\/course-la-baie-run\/#breadcrumb","itemListElement":[{"@type":"ListItem","position":1,"name":"Home","item":"https:\/\/hgh.ca\/foundation\/fr\/"},{"@type":"ListItem","position":2,"name":"\u00c9v\u00e9nements","item":"https:\/\/hgh.ca\/foundation\/fr\/evenements\/"},{"@type":"ListItem","position":3,"name":"Course La Baie Run"}]},{"@type":"WebSite","@id":"https:\/\/hgh.ca\/foundation\/#website","url":"https:\/\/hgh.ca\/foundation\/","name":"HGH Foundation","description":"The Foundation raises funds for the Hawkesbury General Hospital","potentialAction":[{"@type":"SearchAction","target":{"@type":"EntryPoint","urlTemplate":"https:\/\/hgh.ca\/foundation\/?s={search_term_string}"},"query-input":"required name=search_term_string"}],"inLanguage":"fr-FR"}]}},"_links":{"self":[{"href":"https:\/\/hgh.ca\/foundation\/fr\/wp-json\/wp\/v2\/pages\/2521\/"}],"collection":[{"href":"https:\/\/hgh.ca\/foundation\/fr\/wp-json\/wp\/v2\/pages\/"}],"about":[{"href":"https:\/\/hgh.ca\/foundation\/fr\/wp-json\/wp\/v2\/types\/page\/"}],"author":[{"embeddable":true,"href":"https:\/\/hgh.ca\/foundation\/fr\/wp-json\/wp\/v2\/users\/2\/"}],"replies":[{"embeddable":true,"href":"https:\/\/hgh.ca\/foundation\/fr\/wp-json\/wp\/v2\/comments\/?post=2521"}],"version-history":[{"count":6,"href":"https:\/\/hgh.ca\/foundation\/fr\/wp-json\/wp\/v2\/pages\/2521\/revisions\/"}],"predecessor-version":[{"id":6302,"href":"https:\/\/hgh.ca\/foundation\/fr\/wp-json\/wp\/v2\/pages\/2521\/revisions\/6302\/"}],"up":[{"embeddable":true,"href":"https:\/\/hgh.ca\/foundation\/fr\/wp-json\/wp\/v2\/pages\/27\/"}],"wp:attachment":[{"href":"https:\/\/hgh.ca\/foundation\/fr\/wp-json\/wp\/v2\/media\/?parent=2521"}],"curies":[{"name":"wp","href":"https:\/\/api.w.org\/{rel}","templated":true}]}}