{"id":2614,"date":"2020-08-17T12:18:51","date_gmt":"2020-08-17T12:18:51","guid":{"rendered":"http:\/\/hgh.ca\/foundation\/?page_id=2614"},"modified":"2026-02-27T10:41:14","modified_gmt":"2026-02-27T15:41:14","slug":"tirage-50-50","status":"publish","type":"page","link":"https:\/\/hgh.ca\/foundation\/fr\/evenements\/tirage-50-50\/","title":{"rendered":"Tirage 50\/50"},"content":{"rendered":"<p>&nbsp;<\/p>\n<p>Le dernier tirage a eu lieu le 28 f\u00e9vrier 2026, et nous vous remercions sinc\u00e8rement pour votre participation ! Les b\u00e9n\u00e9fices nets g\u00e9n\u00e9r\u00e9s par ces tirages nous ont permis d&rsquo;am\u00e9liorer les soins et les services offerts par notre h\u00f4pital.<\/p>\n<p>Restez \u00e0 l&rsquo;aff\u00fbt, car une nouvelle loterie sera lanc\u00e9e le <b>20 mars 2026<\/b>.<\/p>\n<p><a href=\"http:\/\/hgh.ca\/foundation\/wp-content\/uploads\/sites\/2\/2020\/08\/HGH-Foundation-Ortho-2020.png\"><img loading=\"lazy\" decoding=\"async\" class=\"alignnone wp-image-2604 size-full\" src=\"http:\/\/hgh.ca\/foundation\/wp-content\/uploads\/sites\/2\/2020\/08\/HGH-Foundation-Ortho-2020.png\" alt=\"HGH Foundation Campaign for new Orthopedic Program\" width=\"960\" height=\"517\" srcset=\"https:\/\/hgh.ca\/foundation\/wp-content\/uploads\/sites\/2\/2020\/08\/HGH-Foundation-Ortho-2020.png 960w, https:\/\/hgh.ca\/foundation\/wp-content\/uploads\/sites\/2\/2020\/08\/HGH-Foundation-Ortho-2020-250x135.png 250w, https:\/\/hgh.ca\/foundation\/wp-content\/uploads\/sites\/2\/2020\/08\/HGH-Foundation-Ortho-2020-700x377.png 700w, https:\/\/hgh.ca\/foundation\/wp-content\/uploads\/sites\/2\/2020\/08\/HGH-Foundation-Ortho-2020-768x414.png 768w, https:\/\/hgh.ca\/foundation\/wp-content\/uploads\/sites\/2\/2020\/08\/HGH-Foundation-Ortho-2020-120x65.png 120w\" sizes=\"(max-width: 960px) 100vw, 960px\" \/><\/a><\/p>\n<p>&nbsp;<\/p>\n<h2>\u00c0 propos des prix des tirages<\/h2>\n<h3>28 f\u00e9vrier 2026<\/h3>\n<p>Nom de la personne gagnante : <span data-olk-copy-source=\"MessageBody\">Shawn L.<\/span><br \/>\nNum\u00e9ro du billet gagnant : <span data-olk-copy-source=\"MessageBody\">B-1175103<\/span><br \/>\nGros lot : <span data-olk-copy-source=\"MessageBody\">2 550,00$<\/span><\/p>\n<h3>30 janvier 2026<\/h3>\n<p>Nom de la personne gagnante : <span data-olk-copy-source=\"MessageBody\">Shawn L.<\/span><br \/>\nNum\u00e9ro du billet gagnant : D-1159735<br \/>\nGros lot : <span data-olk-copy-source=\"MessageBody\">2 450,00$<\/span><\/p>\n<h3>31 d\u00e9cembre 2025<\/h3>\n<p>Nom de la personne gagnante : <span data-olk-copy-source=\"MessageBody\">Barbara B.<\/span><br \/>\nNum\u00e9ro du billet gagnant : <span data-olk-copy-source=\"MessageBody\">B-1169728<\/span><br \/>\nGros lot : 3 660,00$<\/p>\n<h3>28 novembre 2025<\/h3>\n<p>Nom de la personne gagnante : Richard D.<br \/>\nNum\u00e9ro du billet gagnant : <span data-olk-copy-source=\"MessageBody\">B-1155310<\/span><br \/>\nGros lot : <span data-olk-copy-source=\"MessageBody\">2 565,00 $<\/span><\/p>\n<h3>31 octobre 2025<\/h3>\n<p>Nom de la personne gagnante : Linda D.<br \/>\nNum\u00e9ro du billet gagnant : <span data-olk-copy-source=\"MessageBody\">B-1151664<\/span><br \/>\nGros lot : 2 885,00$<\/p>\n<h3>30 septembre 2025<\/h3>\n<p>Nom de la personne gagnante : H\u00e9l\u00e8ne V.<br \/>\nNum\u00e9ro du billet gagnant : <span data-olk-copy-source=\"MessageBody\">D-1144348<\/span><br \/>\nGros lot : 2 480,00$<\/p>\n<h3>29 ao\u00fbt 2025<\/h3>\n<p>Nom de la personne gagnante : Emma M.<br \/>\nNum\u00e9ro du billet gagnant : <span data-olk-copy-source=\"MessageBody\">D-1141781<\/span><br \/>\nGros lot : 1 985,00$<\/p>\n<h3>31 juillet 2025<\/h3>\n<p>Nom de la personne gagnante : Pascal M.<br \/>\nNum\u00e9ro du billet gagnant : C-1138042<br \/>\nGros lot : 1 870,00$<\/p>\n<h3>30 juin 2025<\/h3>\n<p>Nom de la personne gagnante : Jean O.<br \/>\nNum\u00e9ro du billet gagnant :<span data-olk-copy-source=\"MessageBody\"> B-1133070<\/span><br \/>\nGros lot : <span data-olk-copy-source=\"MessageBody\">1 530,00$<\/span><\/p>\n<h3>31 mai 2025<\/h3>\n<p>Nom de la personne gagnante : <span data-olk-copy-source=\"MessageBody\">Carlo. R.<\/span><br \/>\nNum\u00e9ro du billet gagnant :<span data-olk-copy-source=\"MessageBody\"> D-1129786<\/span><br \/>\nGros lot : 2 340<span data-olk-copy-source=\"MessageBody\">,00<\/span>\u00a0$<\/p>\n<h3>30 avril 2025<\/h3>\n<p>Nom de la personne gagnante : <span data-olk-copy-source=\"MessageBody\">Sophia W.<\/span><br \/>\nNum\u00e9ro du billet gagnant :<span data-olk-copy-source=\"MessageBody\"> C-1124575<\/span><br \/>\nGros lot : 2 030<span data-olk-copy-source=\"MessageBody\">,00<\/span>\u00a0$<\/p>\n<h3>31 mars 2025<\/h3>\n<p>Nom de la personne gagnante : Roger P.<br \/>\nNum\u00e9ro du billet gagnant : <span data-olk-copy-source=\"MessageBody\">D-1120522<\/span><br \/>\nGros lot : 2 005<span data-olk-copy-source=\"MessageBody\">,00<\/span>\u00a0$<\/p>\n<h3>28 f\u00e9vrier 2025<\/h3>\n<p>Nom de la personne gagnante : <span data-olk-copy-source=\"MessageBody\"> Beatrice M.<\/span><br \/>\nNum\u00e9ro du billet gagnant : <span data-olk-copy-source=\"MessageBody\"> C-1118044<\/span><br \/>\nGros lot : 1 990<span data-olk-copy-source=\"MessageBody\">,00<\/span>\u00a0$<\/p>\n<h3>31 janvier 2025<\/h3>\n<p>Nom de la personne gagnante : <span data-olk-copy-source=\"MessageBody\"> Danielle. C<\/span><br \/>\nNum\u00e9ro du billet gagnant : <span data-olk-copy-source=\"MessageBody\">A-1114767<\/span><br \/>\nGros lot : 2 445<span data-olk-copy-source=\"MessageBody\">,00<\/span>\u00a0$<\/p>\n<h3>31 d\u00e9cembre 2024<\/h3>\n<p>Nom de la personne gagnante : Marc L.<br \/>\nNum\u00e9ro du billet gagnant : <span data-olk-copy-source=\"MessageBody\">C-1107081<\/span><br \/>\nGros lot : <span data-olk-copy-source=\"MessageBody\"> 3 015,00<\/span>\u00a0$<\/p>\n<h3>29 novembre 2024<\/h3>\n<p>Nom de la personne gagnante : Suzanne P.<br \/>\nNum\u00e9ro du billet gagnant : <span data-olk-copy-source=\"MessageBody\">B-1103910<\/span><br \/>\nGros lot : 2 525,00 $<\/p>\n<h3>31 octobre 2024<\/h3>\n<p>Nom de la personne gagnante : Jaspreet L.<br \/>\nNum\u00e9ro du billet gagnant : A-1099786<br \/>\nGros lot : 2 560,00 $<\/p>\n<h3>30 septembre 2024<\/h3>\n<p>Nom de la gagnante : Irene C.<br \/>\nNum\u00e9ro du billet gagnant : D-1089703<br \/>\nGros lot : 2 800,00 $<\/p>\n<h3>30 ao\u00fbt 2024<\/h3>\n<p>Nom de la gagnante : Nicole M.<br \/>\nNum\u00e9ro du billet gagnant : C-1088687<br \/>\nGros lot : 1 990,00 $<\/p>\n<h3>31 juillet 2024<\/h3>\n<p>Nom du gagnant : Jacques P.<br \/>\nNum\u00e9ro du billet gagnant : D-1084551<br \/>\nGros lot : 2 280,00 $<\/p>\n<h3>28 juin 2024<\/h3>\n<p>Nom de la gagnante : Carmen L.<br \/>\nNum\u00e9ro du billet gagnant : D-1079747<br \/>\nGros lot : 2 015,00 $<\/p>\n<h3>31 mai 2024<\/h3>\n<p>Nom de la gagnante : Claire R.<br \/>\nNum\u00e9ro du billet gagnant : C-1072975<br \/>\nGros lot : 3 300,00 $<\/p>\n<h3>30 avril 2024<\/h3>\n<p>Nom de la gagnante : Manon B.<br \/>\nNum\u00e9ro du billet gagnant : B-1067630<br \/>\nGros lot : 2 255,00 $<\/p>\n<h3>29 mars 2024<\/h3>\n<p>Nom de la gagnante : Jennifer L.<br \/>\nNum\u00e9ro du billet gagnant : A-1064736<br \/>\nGros lot : 2 730,00 $<\/p>\n<h3>29 f\u00e9vrier 2024<\/h3>\n<p>Nom de la gagnante : Donna C.<br \/>\nNum\u00e9ro du billet gagnant : B-1058269<br \/>\nGros lot : 2 740,00 $<\/p>\n<h3>31 janvier 2024<\/h3>\n<p>Nom de la gagnante : Lise W.<br \/>\nNum\u00e9ro du billet gagnant : B-1050384<br \/>\nGros lot : 2 235,00 $<\/p>\n<h3>29 d\u00e9cembre 2023<\/h3>\n<p>Nom du gagnant : Daniel P.<br \/>\nNum\u00e9ro du billet gagnant : B-1053874<br \/>\nGros lot : 3 422,50 $<\/p>\n<h3>30 novembre 2023<\/h3>\n<p>Nom du gagnant : Simone L.<br \/>\nNum\u00e9ro du billet gagnant : C-1048374<br \/>\nGros lot : 1 632,50 $<\/p>\n<h3>31 octobre 2023<\/h3>\n<p>Nom du gagnant : Pierre G.<br \/>\nNum\u00e9ro du billet gagnant : B-1044320<br \/>\nGros lot : 1 647,50 $<\/p>\n<h3>29 septembre 2023<\/h3>\n<p>Nom du gagnant : Lise D.<br \/>\nNum\u00e9ro du billet gagnant : A-1040986<br \/>\nGros lot : 1 780,00 $<\/p>\n<h3>15 septembre 2023<\/h3>\n<p>Gagnante : Claudette D.<br \/>\nLe num\u00e9ro du billet gagnant \u00e9tait le B-1042668<br \/>\nLe prix de participation h\u00e2tive (Early Bird) \u00e9tait une t\u00e9l\u00e9vision 50&Prime; d&rsquo;une valeur approximative de 500,00 $<\/p>\n<h3>31 ao\u00fbt 2023<\/h3>\n<p>Nom du gagnant : Raymond D.<br \/>\nNum\u00e9ro du billet gagnant : E-1038301<br \/>\nGros lot : 1 725,00 $<\/p>\n<p class=\"lead\">Merci \u00e0 tous ceux et celles qui ont aid\u00e9 la Fondation HGH en jouant \u00e0 cette loterie!<\/p>\n<hr \/>\n","protected":false},"excerpt":{"rendered":"&nbsp; Le dernier tirage a eu lieu le 28 f\u00e9vrier 2026, et nous vous remercions sinc\u00e8rement pour votre participation ! Les b\u00e9n\u00e9fices nets g\u00e9n\u00e9r\u00e9s par ces tirages nous ont permis d&rsquo;am\u00e9liorer les soins et les services offerts par notre h\u00f4pital. Restez \u00e0 l&rsquo;aff\u00fbt, car une nouvelle loterie sera lanc\u00e9e le 20 mars 2026. &nbsp; \u00c0&#8230; <a class=\"btn btn--primary\" href=\"https:\/\/hgh.ca\/foundation\/fr\/evenements\/tirage-50-50\/\">View Article<\/a>","protected":false},"author":2,"featured_media":2605,"parent":27,"menu_order":0,"comment_status":"closed","ping_status":"closed","template":"","meta":{"_acf_changed":false,"footnotes":""},"class_list":["post-2614","page","type-page","status-publish","has-post-thumbnail","hentry"],"acf":[],"yoast_head":"<!-- This site is optimized with the Yoast SEO plugin v23.0 - https:\/\/yoast.com\/wordpress\/plugins\/seo\/ -->\n<title>Tirage 50\/50 - HGH Foundation<\/title>\n<meta name=\"robots\" content=\"index, follow, max-snippet:-1, max-image-preview:large, max-video-preview:-1\" \/>\n<link rel=\"canonical\" href=\"https:\/\/hgh.ca\/foundation\/fr\/evenements\/tirage-50-50\/\" \/>\n<meta property=\"og:locale\" content=\"fr_FR\" \/>\n<meta property=\"og:type\" content=\"article\" \/>\n<meta property=\"og:title\" content=\"Tirage 50\/50 - HGH Foundation\" \/>\n<meta property=\"og:description\" content=\"&nbsp; Le dernier tirage a eu lieu le 28 f\u00e9vrier 2026, et nous vous remercions sinc\u00e8rement pour votre participation ! Les b\u00e9n\u00e9fices nets g\u00e9n\u00e9r\u00e9s par ces tirages nous ont permis d&rsquo;am\u00e9liorer les soins et les services offerts par notre h\u00f4pital. Restez \u00e0 l&rsquo;aff\u00fbt, car une nouvelle loterie sera lanc\u00e9e le 20 mars 2026. &nbsp; \u00c0... View Article\" \/>\n<meta property=\"og:url\" content=\"https:\/\/hgh.ca\/foundation\/fr\/evenements\/tirage-50-50\/\" \/>\n<meta property=\"og:site_name\" content=\"HGH Foundation\" \/>\n<meta property=\"article:modified_time\" content=\"2026-02-27T15:41:14+00:00\" \/>\n<meta property=\"og:image\" content=\"http:\/\/hgh.ca\/foundation\/wp-content\/uploads\/sites\/2\/2020\/08\/HGH-Foundation-Ortho-2020.png\" \/>\n\t<meta property=\"og:image:width\" content=\"960\" \/>\n\t<meta property=\"og:image:height\" content=\"517\" \/>\n\t<meta property=\"og:image:type\" content=\"image\/png\" \/>\n<meta name=\"twitter:card\" content=\"summary_large_image\" \/>\n<meta name=\"twitter:label1\" content=\"Dur\u00e9e de lecture estim\u00e9e\" \/>\n\t<meta name=\"twitter:data1\" content=\"4 minutes\" \/>\n<script type=\"application\/ld+json\" class=\"yoast-schema-graph\">{\"@context\":\"https:\/\/schema.org\",\"@graph\":[{\"@type\":\"WebPage\",\"@id\":\"https:\/\/hgh.ca\/foundation\/fr\/evenements\/tirage-50-50\/\",\"url\":\"https:\/\/hgh.ca\/foundation\/fr\/evenements\/tirage-50-50\/\",\"name\":\"Tirage 50\/50 - HGH Foundation\",\"isPartOf\":{\"@id\":\"https:\/\/hgh.ca\/foundation\/#website\"},\"primaryImageOfPage\":{\"@id\":\"https:\/\/hgh.ca\/foundation\/fr\/evenements\/tirage-50-50\/#primaryimage\"},\"image\":{\"@id\":\"https:\/\/hgh.ca\/foundation\/fr\/evenements\/tirage-50-50\/#primaryimage\"},\"thumbnailUrl\":\"https:\/\/hgh.ca\/foundation\/wp-content\/uploads\/sites\/2\/2020\/08\/HGH-Foundation-Ortho-2020.png\",\"datePublished\":\"2020-08-17T12:18:51+00:00\",\"dateModified\":\"2026-02-27T15:41:14+00:00\",\"breadcrumb\":{\"@id\":\"https:\/\/hgh.ca\/foundation\/fr\/evenements\/tirage-50-50\/#breadcrumb\"},\"inLanguage\":\"fr-FR\",\"potentialAction\":[{\"@type\":\"ReadAction\",\"target\":[\"https:\/\/hgh.ca\/foundation\/fr\/evenements\/tirage-50-50\/\"]}]},{\"@type\":\"ImageObject\",\"inLanguage\":\"fr-FR\",\"@id\":\"https:\/\/hgh.ca\/foundation\/fr\/evenements\/tirage-50-50\/#primaryimage\",\"url\":\"https:\/\/hgh.ca\/foundation\/wp-content\/uploads\/sites\/2\/2020\/08\/HGH-Foundation-Ortho-2020.png\",\"contentUrl\":\"https:\/\/hgh.ca\/foundation\/wp-content\/uploads\/sites\/2\/2020\/08\/HGH-Foundation-Ortho-2020.png\",\"width\":960,\"height\":517,\"caption\":\"Campagne de la Fondation HGH pour nouveau programme d'orthop\u00e9die\"},{\"@type\":\"BreadcrumbList\",\"@id\":\"https:\/\/hgh.ca\/foundation\/fr\/evenements\/tirage-50-50\/#breadcrumb\",\"itemListElement\":[{\"@type\":\"ListItem\",\"position\":1,\"name\":\"Home\",\"item\":\"https:\/\/hgh.ca\/foundation\/fr\/\"},{\"@type\":\"ListItem\",\"position\":2,\"name\":\"\u00c9v\u00e9nements\",\"item\":\"https:\/\/hgh.ca\/foundation\/fr\/evenements\/\"},{\"@type\":\"ListItem\",\"position\":3,\"name\":\"Tirage 50\/50\"}]},{\"@type\":\"WebSite\",\"@id\":\"https:\/\/hgh.ca\/foundation\/#website\",\"url\":\"https:\/\/hgh.ca\/foundation\/\",\"name\":\"HGH Foundation\",\"description\":\"The Foundation raises funds for the Hawkesbury General Hospital\",\"potentialAction\":[{\"@type\":\"SearchAction\",\"target\":{\"@type\":\"EntryPoint\",\"urlTemplate\":\"https:\/\/hgh.ca\/foundation\/?s={search_term_string}\"},\"query-input\":\"required name=search_term_string\"}],\"inLanguage\":\"fr-FR\"}]}<\/script>\n<!-- \/ Yoast SEO plugin. -->","yoast_head_json":{"title":"Tirage 50\/50 - HGH Foundation","robots":{"index":"index","follow":"follow","max-snippet":"max-snippet:-1","max-image-preview":"max-image-preview:large","max-video-preview":"max-video-preview:-1"},"canonical":"https:\/\/hgh.ca\/foundation\/fr\/evenements\/tirage-50-50\/","og_locale":"fr_FR","og_type":"article","og_title":"Tirage 50\/50 - HGH Foundation","og_description":"&nbsp; Le dernier tirage a eu lieu le 28 f\u00e9vrier 2026, et nous vous remercions sinc\u00e8rement pour votre participation ! Les b\u00e9n\u00e9fices nets g\u00e9n\u00e9r\u00e9s par ces tirages nous ont permis d&rsquo;am\u00e9liorer les soins et les services offerts par notre h\u00f4pital. Restez \u00e0 l&rsquo;aff\u00fbt, car une nouvelle loterie sera lanc\u00e9e le 20 mars 2026. &nbsp; \u00c0... View Article","og_url":"https:\/\/hgh.ca\/foundation\/fr\/evenements\/tirage-50-50\/","og_site_name":"HGH Foundation","article_modified_time":"2026-02-27T15:41:14+00:00","og_image":[{"width":960,"height":517,"url":"http:\/\/hgh.ca\/foundation\/wp-content\/uploads\/sites\/2\/2020\/08\/HGH-Foundation-Ortho-2020.png","type":"image\/png"}],"twitter_card":"summary_large_image","twitter_misc":{"Dur\u00e9e de lecture estim\u00e9e":"4 minutes"},"schema":{"@context":"https:\/\/schema.org","@graph":[{"@type":"WebPage","@id":"https:\/\/hgh.ca\/foundation\/fr\/evenements\/tirage-50-50\/","url":"https:\/\/hgh.ca\/foundation\/fr\/evenements\/tirage-50-50\/","name":"Tirage 50\/50 - HGH Foundation","isPartOf":{"@id":"https:\/\/hgh.ca\/foundation\/#website"},"primaryImageOfPage":{"@id":"https:\/\/hgh.ca\/foundation\/fr\/evenements\/tirage-50-50\/#primaryimage"},"image":{"@id":"https:\/\/hgh.ca\/foundation\/fr\/evenements\/tirage-50-50\/#primaryimage"},"thumbnailUrl":"https:\/\/hgh.ca\/foundation\/wp-content\/uploads\/sites\/2\/2020\/08\/HGH-Foundation-Ortho-2020.png","datePublished":"2020-08-17T12:18:51+00:00","dateModified":"2026-02-27T15:41:14+00:00","breadcrumb":{"@id":"https:\/\/hgh.ca\/foundation\/fr\/evenements\/tirage-50-50\/#breadcrumb"},"inLanguage":"fr-FR","potentialAction":[{"@type":"ReadAction","target":["https:\/\/hgh.ca\/foundation\/fr\/evenements\/tirage-50-50\/"]}]},{"@type":"ImageObject","inLanguage":"fr-FR","@id":"https:\/\/hgh.ca\/foundation\/fr\/evenements\/tirage-50-50\/#primaryimage","url":"https:\/\/hgh.ca\/foundation\/wp-content\/uploads\/sites\/2\/2020\/08\/HGH-Foundation-Ortho-2020.png","contentUrl":"https:\/\/hgh.ca\/foundation\/wp-content\/uploads\/sites\/2\/2020\/08\/HGH-Foundation-Ortho-2020.png","width":960,"height":517,"caption":"Campagne de la Fondation HGH pour nouveau programme d'orthop\u00e9die"},{"@type":"BreadcrumbList","@id":"https:\/\/hgh.ca\/foundation\/fr\/evenements\/tirage-50-50\/#breadcrumb","itemListElement":[{"@type":"ListItem","position":1,"name":"Home","item":"https:\/\/hgh.ca\/foundation\/fr\/"},{"@type":"ListItem","position":2,"name":"\u00c9v\u00e9nements","item":"https:\/\/hgh.ca\/foundation\/fr\/evenements\/"},{"@type":"ListItem","position":3,"name":"Tirage 50\/50"}]},{"@type":"WebSite","@id":"https:\/\/hgh.ca\/foundation\/#website","url":"https:\/\/hgh.ca\/foundation\/","name":"HGH Foundation","description":"The Foundation raises funds for the Hawkesbury General Hospital","potentialAction":[{"@type":"SearchAction","target":{"@type":"EntryPoint","urlTemplate":"https:\/\/hgh.ca\/foundation\/?s={search_term_string}"},"query-input":"required name=search_term_string"}],"inLanguage":"fr-FR"}]}},"_links":{"self":[{"href":"https:\/\/hgh.ca\/foundation\/fr\/wp-json\/wp\/v2\/pages\/2614\/"}],"collection":[{"href":"https:\/\/hgh.ca\/foundation\/fr\/wp-json\/wp\/v2\/pages\/"}],"about":[{"href":"https:\/\/hgh.ca\/foundation\/fr\/wp-json\/wp\/v2\/types\/page\/"}],"author":[{"embeddable":true,"href":"https:\/\/hgh.ca\/foundation\/fr\/wp-json\/wp\/v2\/users\/2\/"}],"replies":[{"embeddable":true,"href":"https:\/\/hgh.ca\/foundation\/fr\/wp-json\/wp\/v2\/comments\/?post=2614"}],"version-history":[{"count":6,"href":"https:\/\/hgh.ca\/foundation\/fr\/wp-json\/wp\/v2\/pages\/2614\/revisions\/"}],"predecessor-version":[{"id":6746,"href":"https:\/\/hgh.ca\/foundation\/fr\/wp-json\/wp\/v2\/pages\/2614\/revisions\/6746\/"}],"up":[{"embeddable":true,"href":"https:\/\/hgh.ca\/foundation\/fr\/wp-json\/wp\/v2\/pages\/27\/"}],"wp:featuredmedia":[{"embeddable":true,"href":"https:\/\/hgh.ca\/foundation\/fr\/wp-json\/wp\/v2\/media\/2605\/"}],"wp:attachment":[{"href":"https:\/\/hgh.ca\/foundation\/fr\/wp-json\/wp\/v2\/media\/?parent=2614"}],"curies":[{"name":"wp","href":"https:\/\/api.w.org\/{rel}","templated":true}]}}