{"id":27,"date":"2015-05-29T14:04:21","date_gmt":"2015-05-29T14:04:21","guid":{"rendered":"http:\/\/hgh.ca\/foundation\/?page_id=27"},"modified":"2015-09-08T19:57:24","modified_gmt":"2015-09-08T19:57:24","slug":"evenements","status":"publish","type":"page","link":"https:\/\/hgh.ca\/foundation\/fr\/evenements\/","title":{"rendered":"\u00c9v\u00e9nements"},"content":{"rendered":"<p><span class=\"lead\" style=\"line-height: 1.5;\">Les fonds amass\u00e9s pendant nos activit\u00e9s de collectes de fond servent \u00e0 l\u2019achat d\u2019\u00e9quipement m\u00e9dical.<\/span><\/p>\n<p><span style=\"line-height: 1.5;\">La Fondation HGH contribue \u00e0 l\u2019am\u00e9lioration des soins de sant\u00e9 de votre h\u00f4pital depuis 1990.\u00a0<\/span><\/p>\n<p>Vous souhaitez aider la Fondation \u00e0 atteindre ses objectifs\u00a0? Il y a plusieurs fa\u00e7ons dont vous pouvez aider.<\/p>\n<ul>\n<li>Participez \u00e0 l\u2019une de nos activit\u00e9s<\/li>\n<li>Donnez de votre temps et soyez\u00a0b\u00e9n\u00e9vole \u00e0 l&rsquo;une de nos activit\u00e9s<\/li>\n<li>Commanditez l&rsquo;une de nos activit\u00e9s<\/li>\n<li>Organisez un \u00e9v\u00e9nement de collecte de fonds<\/li>\n<\/ul>\n","protected":false},"excerpt":{"rendered":"Les fonds amass\u00e9s pendant nos activit\u00e9s de collectes de fond servent \u00e0 l\u2019achat d\u2019\u00e9quipement m\u00e9dical. La Fondation HGH contribue \u00e0 l\u2019am\u00e9lioration des soins de sant\u00e9 de votre h\u00f4pital depuis 1990.\u00a0 Vous souhaitez aider la Fondation \u00e0 atteindre ses objectifs\u00a0? Il y a plusieurs fa\u00e7ons dont vous pouvez aider. Participez \u00e0 l\u2019une de nos activit\u00e9s Donnez&#8230; <a class=\"btn btn--primary\" href=\"https:\/\/hgh.ca\/foundation\/fr\/evenements\/\">View Article<\/a>","protected":false},"author":1,"featured_media":0,"parent":0,"menu_order":11,"comment_status":"open","ping_status":"open","template":"","meta":{"_acf_changed":false,"footnotes":""},"class_list":["post-27","page","type-page","status-publish","hentry"],"acf":[],"yoast_head":"<!-- This site is optimized with the Yoast SEO plugin v23.0 - https:\/\/yoast.com\/wordpress\/plugins\/seo\/ -->\n<title>\u00c9v\u00e9nements - HGH Foundation<\/title>\n<meta name=\"robots\" content=\"index, follow, max-snippet:-1, max-image-preview:large, max-video-preview:-1\" \/>\n<link rel=\"canonical\" href=\"https:\/\/hgh.ca\/foundation\/fr\/evenements\/\" \/>\n<meta property=\"og:locale\" content=\"fr_FR\" \/>\n<meta property=\"og:type\" content=\"article\" \/>\n<meta property=\"og:title\" content=\"\u00c9v\u00e9nements - HGH Foundation\" \/>\n<meta property=\"og:description\" content=\"Les fonds amass\u00e9s pendant nos activit\u00e9s de collectes de fond servent \u00e0 l\u2019achat d\u2019\u00e9quipement m\u00e9dical. La Fondation HGH contribue \u00e0 l\u2019am\u00e9lioration des soins de sant\u00e9 de votre h\u00f4pital depuis 1990.\u00a0 Vous souhaitez aider la Fondation \u00e0 atteindre ses objectifs\u00a0? Il y a plusieurs fa\u00e7ons dont vous pouvez aider. Participez \u00e0 l\u2019une de nos activit\u00e9s Donnez... View Article\" \/>\n<meta property=\"og:url\" content=\"https:\/\/hgh.ca\/foundation\/fr\/evenements\/\" \/>\n<meta property=\"og:site_name\" content=\"HGH Foundation\" \/>\n<meta property=\"article:modified_time\" content=\"2015-09-08T19:57:24+00:00\" \/>\n<meta name=\"twitter:card\" content=\"summary_large_image\" \/>\n<script type=\"application\/ld+json\" class=\"yoast-schema-graph\">{\"@context\":\"https:\/\/schema.org\",\"@graph\":[{\"@type\":\"WebPage\",\"@id\":\"https:\/\/hgh.ca\/foundation\/fr\/evenements\/\",\"url\":\"https:\/\/hgh.ca\/foundation\/fr\/evenements\/\",\"name\":\"\u00c9v\u00e9nements - HGH Foundation\",\"isPartOf\":{\"@id\":\"https:\/\/hgh.ca\/foundation\/#website\"},\"datePublished\":\"2015-05-29T14:04:21+00:00\",\"dateModified\":\"2015-09-08T19:57:24+00:00\",\"breadcrumb\":{\"@id\":\"https:\/\/hgh.ca\/foundation\/fr\/evenements\/#breadcrumb\"},\"inLanguage\":\"fr-FR\",\"potentialAction\":[{\"@type\":\"ReadAction\",\"target\":[\"https:\/\/hgh.ca\/foundation\/fr\/evenements\/\"]}]},{\"@type\":\"BreadcrumbList\",\"@id\":\"https:\/\/hgh.ca\/foundation\/fr\/evenements\/#breadcrumb\",\"itemListElement\":[{\"@type\":\"ListItem\",\"position\":1,\"name\":\"Home\",\"item\":\"https:\/\/hgh.ca\/foundation\/fr\/\"},{\"@type\":\"ListItem\",\"position\":2,\"name\":\"\u00c9v\u00e9nements\"}]},{\"@type\":\"WebSite\",\"@id\":\"https:\/\/hgh.ca\/foundation\/#website\",\"url\":\"https:\/\/hgh.ca\/foundation\/\",\"name\":\"HGH Foundation\",\"description\":\"The Foundation raises funds for the Hawkesbury General Hospital\",\"potentialAction\":[{\"@type\":\"SearchAction\",\"target\":{\"@type\":\"EntryPoint\",\"urlTemplate\":\"https:\/\/hgh.ca\/foundation\/?s={search_term_string}\"},\"query-input\":\"required name=search_term_string\"}],\"inLanguage\":\"fr-FR\"}]}<\/script>\n<!-- \/ Yoast SEO plugin. -->","yoast_head_json":{"title":"\u00c9v\u00e9nements - HGH Foundation","robots":{"index":"index","follow":"follow","max-snippet":"max-snippet:-1","max-image-preview":"max-image-preview:large","max-video-preview":"max-video-preview:-1"},"canonical":"https:\/\/hgh.ca\/foundation\/fr\/evenements\/","og_locale":"fr_FR","og_type":"article","og_title":"\u00c9v\u00e9nements - HGH Foundation","og_description":"Les fonds amass\u00e9s pendant nos activit\u00e9s de collectes de fond servent \u00e0 l\u2019achat d\u2019\u00e9quipement m\u00e9dical. La Fondation HGH contribue \u00e0 l\u2019am\u00e9lioration des soins de sant\u00e9 de votre h\u00f4pital depuis 1990.\u00a0 Vous souhaitez aider la Fondation \u00e0 atteindre ses objectifs\u00a0? Il y a plusieurs fa\u00e7ons dont vous pouvez aider. Participez \u00e0 l\u2019une de nos activit\u00e9s Donnez... View Article","og_url":"https:\/\/hgh.ca\/foundation\/fr\/evenements\/","og_site_name":"HGH Foundation","article_modified_time":"2015-09-08T19:57:24+00:00","twitter_card":"summary_large_image","schema":{"@context":"https:\/\/schema.org","@graph":[{"@type":"WebPage","@id":"https:\/\/hgh.ca\/foundation\/fr\/evenements\/","url":"https:\/\/hgh.ca\/foundation\/fr\/evenements\/","name":"\u00c9v\u00e9nements - HGH Foundation","isPartOf":{"@id":"https:\/\/hgh.ca\/foundation\/#website"},"datePublished":"2015-05-29T14:04:21+00:00","dateModified":"2015-09-08T19:57:24+00:00","breadcrumb":{"@id":"https:\/\/hgh.ca\/foundation\/fr\/evenements\/#breadcrumb"},"inLanguage":"fr-FR","potentialAction":[{"@type":"ReadAction","target":["https:\/\/hgh.ca\/foundation\/fr\/evenements\/"]}]},{"@type":"BreadcrumbList","@id":"https:\/\/hgh.ca\/foundation\/fr\/evenements\/#breadcrumb","itemListElement":[{"@type":"ListItem","position":1,"name":"Home","item":"https:\/\/hgh.ca\/foundation\/fr\/"},{"@type":"ListItem","position":2,"name":"\u00c9v\u00e9nements"}]},{"@type":"WebSite","@id":"https:\/\/hgh.ca\/foundation\/#website","url":"https:\/\/hgh.ca\/foundation\/","name":"HGH Foundation","description":"The Foundation raises funds for the Hawkesbury General Hospital","potentialAction":[{"@type":"SearchAction","target":{"@type":"EntryPoint","urlTemplate":"https:\/\/hgh.ca\/foundation\/?s={search_term_string}"},"query-input":"required name=search_term_string"}],"inLanguage":"fr-FR"}]}},"_links":{"self":[{"href":"https:\/\/hgh.ca\/foundation\/fr\/wp-json\/wp\/v2\/pages\/27\/"}],"collection":[{"href":"https:\/\/hgh.ca\/foundation\/fr\/wp-json\/wp\/v2\/pages\/"}],"about":[{"href":"https:\/\/hgh.ca\/foundation\/fr\/wp-json\/wp\/v2\/types\/page\/"}],"author":[{"embeddable":true,"href":"https:\/\/hgh.ca\/foundation\/fr\/wp-json\/wp\/v2\/users\/1\/"}],"replies":[{"embeddable":true,"href":"https:\/\/hgh.ca\/foundation\/fr\/wp-json\/wp\/v2\/comments\/?post=27"}],"version-history":[{"count":10,"href":"https:\/\/hgh.ca\/foundation\/fr\/wp-json\/wp\/v2\/pages\/27\/revisions\/"}],"predecessor-version":[{"id":510,"href":"https:\/\/hgh.ca\/foundation\/fr\/wp-json\/wp\/v2\/pages\/27\/revisions\/510\/"}],"wp:attachment":[{"href":"https:\/\/hgh.ca\/foundation\/fr\/wp-json\/wp\/v2\/media\/?parent=27"}],"curies":[{"name":"wp","href":"https:\/\/api.w.org\/{rel}","templated":true}]}}