{"id":2760,"date":"2020-11-05T16:30:54","date_gmt":"2020-11-05T16:30:54","guid":{"rendered":"http:\/\/hgh.ca\/foundation\/?page_id=2760"},"modified":"2024-01-16T08:30:49","modified_gmt":"2024-01-16T13:30:49","slug":"loterie-50-50-de-jour-de-paie","status":"publish","type":"page","link":"https:\/\/hgh.ca\/foundation\/fr\/evenements\/loterie-50-50-de-jour-de-paie\/","title":{"rendered":"Loterie 50\/50 de jour de paie"},"content":{"rendered":"<p><a href=\"http:\/\/hgh.ca\/foundation\/wp-content\/uploads\/sites\/2\/2020\/11\/Banniere-loterie-jour-de-paie-Fondation-HGH.jpg\"><img loading=\"lazy\" decoding=\"async\" class=\"alignnone wp-image-2773 size-full\" src=\"http:\/\/hgh.ca\/foundation\/wp-content\/uploads\/sites\/2\/2020\/11\/Banniere-loterie-jour-de-paie-Fondation-HGH.jpg\" alt=\"\" width=\"960\" height=\"213\" srcset=\"https:\/\/hgh.ca\/foundation\/wp-content\/uploads\/sites\/2\/2020\/11\/Banniere-loterie-jour-de-paie-Fondation-HGH.jpg 960w, https:\/\/hgh.ca\/foundation\/wp-content\/uploads\/sites\/2\/2020\/11\/Banniere-loterie-jour-de-paie-Fondation-HGH-250x55.jpg 250w, https:\/\/hgh.ca\/foundation\/wp-content\/uploads\/sites\/2\/2020\/11\/Banniere-loterie-jour-de-paie-Fondation-HGH-700x155.jpg 700w, https:\/\/hgh.ca\/foundation\/wp-content\/uploads\/sites\/2\/2020\/11\/Banniere-loterie-jour-de-paie-Fondation-HGH-768x170.jpg 768w, https:\/\/hgh.ca\/foundation\/wp-content\/uploads\/sites\/2\/2020\/11\/Banniere-loterie-jour-de-paie-Fondation-HGH-120x27.jpg 120w\" sizes=\"(max-width: 960px) 100vw, 960px\" \/><\/a><\/p>\n<p class=\"lead\">Contribuez \u00e0 l\u2019avenir de votre h\u00f4pital r\u00e9gional en achetant des billets de loterie!<\/p>\n<h2>Qu\u2019est-ce que la Loterie 50\/50 de jour de paie?<\/h2>\n<p>La Loterie 50\/50 de jour de paie de la Fondation HGH est un tirage effectu\u00e9 aux deux semaines, le lendemain de la paie. La personne gagnante re\u00e7oit 50% des ventes de billets et la Fondation HGH re\u00e7oit l\u2019autre 50%. C\u2019est une approche gagnante pour tous : les employ\u00e9s, l\u2019h\u00f4pital et la communaut\u00e9!<\/p>\n<p>Comme employ\u00e9, vous soutenez votre milieu de travail et votre h\u00f4pital r\u00e9gional tout en courant la chance de remporter le gros lot. Les profits des tirages serviront \u00e0 financer l&rsquo;ensemble de la mission de la Fondation HGH. Votre soutien aidera la Fondation HGH \u00e0 acqu\u00e9rir de l\u2019\u00e9quipement de pointe important pour l\u2019HGH. Votre soutien aidera \u00e9galement \u00e0 d\u00e9velopper davantage les services de sant\u00e9 offerts \u00e0 la communaut\u00e9 par l\u2019HGH.<\/p>\n<h2>Qui peut acheter des billets de Loterie 50\/50 de jour de paie?<\/h2>\n<ul>\n<li>Tous les employ\u00e9s de l\u2019HGH \u00e2g\u00e9s de 18 ans ou plus.\n<ul>\n<li>Non \u00e9ligibles : les employ\u00e9s et les membres du conseil d\u2019administration de la Fondation HGH ainsi que les membres de leurs familles.<\/li>\n<\/ul>\n<\/li>\n<\/ul>\n<p><strong>Note :<\/strong> une autre loterie 50\/50 est ouverte au public. Pour plus d\u2019information, visitez la page <a href=\"http:\/\/hgh.ca\/foundation\/fr\/evenements\/tirage-50-50\/\">Tirage 50\/50<\/a>.<\/p>\n<h2>Quel est le co\u00fbt des billets?<\/h2>\n<p>Vous pouvez acheter :<\/p>\n<ul>\n<li>5 billets pour 5 $<\/li>\n<li>15 billets pour 10 $ ou<\/li>\n<li>40 billets pour 20 $<\/li>\n<\/ul>\n<p>Le montant que vous choisissez sera pr\u00e9lev\u00e9 automatiquement sur votre paie aux deux semaines.<\/p>\n<h2>Comment puis-je acheter des billets?<\/h2>\n<ol>\n<li>Lisez les <a href=\"#regles-du-jeu\">r\u00e8gles du jeu<\/a>.<\/li>\n<li>T\u00e9l\u00e9chargez et remplissez le <a href=\"http:\/\/hgh.ca\/foundation\/wp-content\/uploads\/sites\/2\/2023\/08\/Formulaire_loterie_jour_de_paie_Aout_2023.pdf\" target=\"_blank\" rel=\"noopener noreferrer\">formulaire interactif d\u2019abonnement (PDF)<\/a>.<\/li>\n<li>Sauvegardez le formulaire et envoyez-le par courriel \u00e0 <a href=\"mailto:fondation@hgh.ca\">fondation@hgh.ca<\/a>.<\/li>\n<li>Veuillez soumettre votre formulaire avant 16 h le jeudi de la semaine avant chaque jour de paie.<\/li>\n<li>Vous recevrez vos billets par courriel et le montant sera pr\u00e9lev\u00e9 automatiquement sur votre paie.<\/li>\n<\/ol>\n<p>En soumettant le formulaire d\u2019abonnement, vous vous inscrivez pour jouer \u00e0 la loterie aux deux semaines \u00e0 condition de recevoir une paie. Si vous ne recevez pas de paie pendant une p\u00e9riode, aucune d\u00e9duction ne sera prise et vous ne participerez pas au tirage de cette p\u00e9riode. Lorsque votre paie reprendra, les pr\u00e9l\u00e8vements recommenceront automatiquement et vous participerez aux tirages suivants.<\/p>\n<h2>Quand les tirages auront-ils lieu?<\/h2>\n<p>Les tirages auront lieu les vendredis \u00e0 13 h apr\u00e8s chaque jour de paie.<\/p>\n<h2>Puis-je modifier ou annuler mon abonnement?<\/h2>\n<p>Oui, vous pouvez annuler ou changer le montant de votre abonnement en avisant la Fondation HGH par \u00e9crit \u00e0 <a href=\"mailto:fondation@hgh.ca\">fondation@hgh.ca<\/a>\u00a0avant 16 h le jeudi de la semaine pr\u00e9c\u00e9dant un jour de paie.<\/p>\n<p>&nbsp;<\/p>\n<p><strong>Merci de votre participation et votre soutien !<\/strong><\/p>\n<h2>Questions?<\/h2>\n<p>Pour plus d\u2019information ou pour toutes questions, veuillez communiquer avec la Fondation HGH par courriel \u00e0 <a href=\"mailto:fondation@hgh.ca\">fondation@hgh.ca<\/a>.<\/p>\n<h2 id=\"regles-du-jeu\">R\u00e8gles du jeu<\/h2>\n<ol>\n<li>Les tombolas 50\/50 de jour de paie sont g\u00e9r\u00e9es par la Fondation de l&rsquo;H\u00f4pital g\u00e9n\u00e9ral de Hawkesbury et district (HGH).<\/li>\n<li>Les billets de tombola seront vendus \u00e0 l&rsquo;aide d&rsquo;un syst\u00e8me de tombola \u00e9lectronique fourni par RAFFLEBOX. Les billets seront vendus en ligne et fais par retenues de paie via les d\u00e9partements des Ressources humaines et Services financiers de l\u2019HGH.<\/li>\n<li>La loterie de jour de paie d\u00e9butera en janvier 2024 et aura lieu en continu. Les tirages auront lieu \u00e0 chaque deux semaines, les vendredis \u00e0 13 h 00 apr\u00e8s chaque jour de paie. Le premier tirage aura lieu le 5 janvier 2024 et le dernier tirage de l\u2019ann\u00e9e 2024 aura lieu le 20 d\u00e9cembre 2024.<\/li>\n<li>L&rsquo;acheteur doit avoir 18 ans ou plus pour jouer.<\/li>\n<li>Les billets ne peuvent PAS \u00eatre achet\u00e9s au nom d&rsquo;un mineur.<\/li>\n<li>Cette loterie de jour de paie est ouverte aux employ\u00e9s de l\u2019HGH, qui pourront acheter des billets en utilisant des retenues sur leurs paies.<\/li>\n<li>Les acheteurs de billets doivent \u00eatre situ\u00e9s dans la province de l&rsquo;Ontario au moment de l&rsquo;achat.<\/li>\n<li>Le billet valide est le re\u00e7u et la preuve d&rsquo;achat.<\/li>\n<li>Seuls les billets valides sont \u00e9ligibles pour le tirage.<\/li>\n<li>Aucun re\u00e7u fiscal ne peut \u00eatre \u00e9mis pour les achats de billets.<\/li>\n<li>Les employ\u00e9s auront jusqu&rsquo;\u00e0 16 h 00 le jeudi de la semaine avant chaque jour de paie pour soumettre leur formulaire d&rsquo;inscription \u00e0 la loterie. Remplir ce formulaire signifiera que l&#8217;employ\u00e9 s&rsquo;inscrira pour jouer \u00e0 la loterie, \u00e0 toutes les deux semaines, \u00e0 condition de recevoir une r\u00e9mun\u00e9ration. Si un(e) employ\u00e9(e) ne re\u00e7oit pas de paie, aucune d\u00e9duction ne sera effectu\u00e9e et il(elle) ne sera pas admissible \u00e0 participer au tirage de cette semaine. Lorsque la paie de l\u2019employ\u00e9(e) reprendra, les retenues recommenceront automatiquement et l\u2019employ\u00e9(e) participera au tirage de cette semaine et aux tirages suivants jusqu\u2019\u00e0 ce qu\u2019il(elle) ne re\u00e7oive pas de paie. Si les employ\u00e9s souhaitent annuler leur inscription et leur participation, ou apporter des modifications \u00e0 leur montant de retenues salariales\/achats de billets, ils devront en informer la Fondation HGH par \u00e9crit, \u00e0 fondation@hgh.ca, avant 16 h 00 le jeudi de la semaine avant chaque jour de paie.<\/li>\n<li>Les billets peuvent \u00eatre achet\u00e9s seulement en utilisant des retenues de paie pour 5,00 $ pour 5, 10,00 $ pour 15 et 20,00 $ pour 40.<\/li>\n<li>Les participants recevront une confirmation par courriel avec leurs num\u00e9ros 50\/50 enregistr\u00e9s d&rsquo;un syst\u00e8me g\u00e9n\u00e9rateur de nombres al\u00e9atoires. Les demandes de num\u00e9ros 50\/50 sp\u00e9cifiques ne sont donc pas accept\u00e9es, car les num\u00e9ros sont g\u00e9n\u00e9r\u00e9s de fa\u00e7on al\u00e9atoire.<\/li>\n<li>Les personnes suivantes et leurs familles imm\u00e9diates vivant \u00e0 la m\u00eame adresse ne sont pas \u00e9ligibles pour participer aux tirages 50\/50 : le personnel et les membres du conseil d&rsquo;administration de la Fondation HGH, et les membres des fournisseurs de jeux agr\u00e9\u00e9s qui fournissent des services \u00e0 ce programme.<\/li>\n<li>Les montants des prix des tombolas 50\/50 de jour de paie seront affich\u00e9s sur le portail des employ\u00e9s de l&rsquo;HGH (Mimi ou Sharepoint).<\/li>\n<li>Les tirages auront lieu \u00e0 l\u2019HGH, situ\u00e9 au 1111, rue Ghislain, Hawkesbury, Ontario.<\/li>\n<li>Le num\u00e9ro du billet gagnant sera s\u00e9lectionn\u00e9 par un syst\u00e8me de G\u00e9n\u00e9ration de nombres al\u00e9atoires (GNA) parmi tous les num\u00e9ros de tombola vendus pour le tirage.<\/li>\n<li>Le num\u00e9ro du billet gagnant sera affich\u00e9 en ligne sur le portail des employ\u00e9s de l\u2019HGH (Mimi ou Sharepoint).<\/li>\n<li>Le(la) gagnant(e) sera contact\u00e9(e) par un membre du personnel de la Fondation HGH. Cette communication comprendra des informations sur la proc\u00e9dure de r\u00e9clamation du prix.<\/li>\n<li>Le(la) gagnant(e) peut r\u00e9clamer son prix en communiquant avec la Fondation HGH au : 613-632-1111, poste 21101, ou par courriel : fondation@hgh.ca. Le billet peut ensuite \u00eatre apport\u00e9 au 1111, rue Ghislain, Hawkesbury, Ontario \u00e0 une heure convenue pour la v\u00e9rification du billet. Le(la) gagnant(e) doit avoir le billet gagnant original et aucune copie. Une fois que le(la) gagnant(e) aura \u00e9t\u00e9 v\u00e9rifi\u00e9 en personne ou par courriel et aura fourni une pi\u00e8ce d&rsquo;identit\u00e9 avec photo, il\/elle recevra un ch\u00e8que correspondant au montant du prix d\u00e9clar\u00e9, soit 50% du total des ventes de ce tirage. Tous les paiements seront effectu\u00e9s par ch\u00e8que.<\/li>\n<li>Le(la) gagnant(e) doit fournir son nom, son adresse et son num\u00e9ro de t\u00e9l\u00e9phone avec une pi\u00e8ce d&rsquo;identit\u00e9 valide avec photo afin de r\u00e9clamer son prix.<\/li>\n<li>Si le(la) gagnant(e) ne peut fournir une pi\u00e8ce d&rsquo;identit\u00e9 valide avec photo, le montant du prix sera conserv\u00e9 jusqu&rsquo;\u00e0 ce qu&rsquo;une telle pi\u00e8ce d&rsquo;identit\u00e9 puisse \u00eatre fournie.<\/li>\n<li>Le(la) d\u00e9tenteur(d\u00e9tentrice) du billet gagnant aura 6 mois pour r\u00e9clamer son prix \u00e0 compter de la date du tirage pour lequel son billet a \u00e9t\u00e9 achet\u00e9.<\/li>\n<li>Si aucun(e) gagnant(e) ne se pr\u00e9sente ou si le prix n&rsquo;est pas r\u00e9clam\u00e9 apr\u00e8s ce d\u00e9lai de temps, le prix sera remis \u00e0 un organisme de bienfaisance autre que la Fondation HGH, avec l&rsquo;approbation de la Commission des alcools et des jeux de l\u2019Ontario (CAJO).<\/li>\n<li>Tou(te)s les gagnant(e)s doivent accepter que leurs noms et leurs photos soient utilis\u00e9s \u00e0 des fins publicitaires par la Fondation HGH. Les gagnant(e)s conviennent qu&rsquo;ils(elles) ne r\u00e9clameront jamais une indemnit\u00e9 \u00e0 l\u2019\u00e9gard de ces utilisations publicitaires.<\/li>\n<li>Pour des renseignements sur les proc\u00e9dures de la loterie, veuillez composer le 613-632-1111, poste 21101, ou envoyer un courriel \u00e0 fondation@hgh.ca.<\/li>\n<li>Les profits net des tombolas seront dirig\u00e9s vers l&rsquo;am\u00e9lioration des soins et services offerts \u00e0 la communaut\u00e9 par l\u2019HGH.<\/li>\n<li>Les informations personnelles sont amass\u00e9es avec objectif unique de vendre des billets, d&rsquo;identifier les acheteurs de billets et de faire parvenir aux acheteurs de l\u2019information sur les nouvelles, les tombolas et les \u00e9v\u00e9nements de l\u2019HGH et la Fondation HGH. Les informations, compl\u00e8tes ou partielles, ne seront pas communiqu\u00e9es aux partis non impliqu\u00e9s dans le d\u00e9roulement de cette tombola.<\/li>\n<\/ol>\n<h2>Veuillez jouer de fa\u00e7on responsable<\/h2>\n<p><strong>Ligne ontarienne d\u2019aide sur le jeu probl\u00e9matique :<\/strong><\/p>\n<p>1-866-531-2600<br \/>\n<a href=\"http:\/\/www.connexontario.ca\/fr-ca\/\" target=\"_blank\" rel=\"noopener noreferrer\">www.ConnexOntario.ca<\/a><\/p>\n<p><strong>Licence de loterie de la Commission des alcools et des jeux de l\u2019Ontario # RAF11360022<\/strong><\/p>\n","protected":false},"excerpt":{"rendered":"Contribuez \u00e0 l\u2019avenir de votre h\u00f4pital r\u00e9gional en achetant des billets de loterie! Qu\u2019est-ce que la Loterie 50\/50 de jour de paie? La Loterie 50\/50 de jour de paie de la Fondation HGH est un tirage effectu\u00e9 aux deux semaines, le lendemain de la paie. La personne gagnante re\u00e7oit 50% des ventes de billets et&#8230; <a class=\"btn btn--primary\" href=\"https:\/\/hgh.ca\/foundation\/fr\/evenements\/loterie-50-50-de-jour-de-paie\/\">View Article<\/a>","protected":false},"author":2,"featured_media":0,"parent":27,"menu_order":3,"comment_status":"closed","ping_status":"closed","template":"","meta":{"_acf_changed":false,"footnotes":""},"class_list":["post-2760","page","type-page","status-publish","hentry"],"acf":[],"yoast_head":"<!-- This site is optimized with the Yoast SEO plugin v23.0 - https:\/\/yoast.com\/wordpress\/plugins\/seo\/ -->\n<title>Loterie 50\/50 de jour de paie - HGH Foundation<\/title>\n<meta name=\"description\" content=\"La Loterie 50\/50 Jour de paie de la Fondation HGH est un tirage effectu\u00e9 aux deux semaines, le lendemain de la paie et r\u00e9serv\u00e9 aux employ\u00e9s.\" \/>\n<meta name=\"robots\" content=\"index, follow, max-snippet:-1, max-image-preview:large, max-video-preview:-1\" \/>\n<link rel=\"canonical\" href=\"https:\/\/hgh.ca\/foundation\/fr\/evenements\/loterie-50-50-de-jour-de-paie\/\" \/>\n<meta property=\"og:locale\" content=\"fr_FR\" \/>\n<meta property=\"og:type\" content=\"article\" \/>\n<meta property=\"og:title\" content=\"Loterie 50\/50 de jour de paie - HGH Foundation\" \/>\n<meta property=\"og:description\" content=\"La Loterie 50\/50 Jour de paie de la Fondation HGH est un tirage effectu\u00e9 aux deux semaines, le lendemain de la paie et r\u00e9serv\u00e9 aux employ\u00e9s.\" \/>\n<meta property=\"og:url\" content=\"https:\/\/hgh.ca\/foundation\/fr\/evenements\/loterie-50-50-de-jour-de-paie\/\" \/>\n<meta property=\"og:site_name\" content=\"HGH Foundation\" \/>\n<meta property=\"article:modified_time\" content=\"2024-01-16T13:30:49+00:00\" \/>\n<meta property=\"og:image\" content=\"http:\/\/hgh.ca\/foundation\/wp-content\/uploads\/sites\/2\/2020\/11\/Banniere-loterie-jour-de-paie-Fondation-HGH.jpg\" \/>\n<meta name=\"twitter:card\" content=\"summary_large_image\" \/>\n<meta name=\"twitter:label1\" content=\"Dur\u00e9e de lecture estim\u00e9e\" \/>\n\t<meta name=\"twitter:data1\" content=\"8 minutes\" \/>\n<script type=\"application\/ld+json\" class=\"yoast-schema-graph\">{\"@context\":\"https:\/\/schema.org\",\"@graph\":[{\"@type\":\"WebPage\",\"@id\":\"https:\/\/hgh.ca\/foundation\/fr\/evenements\/loterie-50-50-de-jour-de-paie\/\",\"url\":\"https:\/\/hgh.ca\/foundation\/fr\/evenements\/loterie-50-50-de-jour-de-paie\/\",\"name\":\"Loterie 50\/50 de jour de paie - HGH Foundation\",\"isPartOf\":{\"@id\":\"https:\/\/hgh.ca\/foundation\/#website\"},\"primaryImageOfPage\":{\"@id\":\"https:\/\/hgh.ca\/foundation\/fr\/evenements\/loterie-50-50-de-jour-de-paie\/#primaryimage\"},\"image\":{\"@id\":\"https:\/\/hgh.ca\/foundation\/fr\/evenements\/loterie-50-50-de-jour-de-paie\/#primaryimage\"},\"thumbnailUrl\":\"http:\/\/hgh.ca\/foundation\/wp-content\/uploads\/sites\/2\/2020\/11\/Banniere-loterie-jour-de-paie-Fondation-HGH.jpg\",\"datePublished\":\"2020-11-05T16:30:54+00:00\",\"dateModified\":\"2024-01-16T13:30:49+00:00\",\"description\":\"La Loterie 50\/50 Jour de paie de la Fondation HGH est un tirage effectu\u00e9 aux deux semaines, le lendemain de la paie et r\u00e9serv\u00e9 aux employ\u00e9s.\",\"breadcrumb\":{\"@id\":\"https:\/\/hgh.ca\/foundation\/fr\/evenements\/loterie-50-50-de-jour-de-paie\/#breadcrumb\"},\"inLanguage\":\"fr-FR\",\"potentialAction\":[{\"@type\":\"ReadAction\",\"target\":[\"https:\/\/hgh.ca\/foundation\/fr\/evenements\/loterie-50-50-de-jour-de-paie\/\"]}]},{\"@type\":\"ImageObject\",\"inLanguage\":\"fr-FR\",\"@id\":\"https:\/\/hgh.ca\/foundation\/fr\/evenements\/loterie-50-50-de-jour-de-paie\/#primaryimage\",\"url\":\"http:\/\/hgh.ca\/foundation\/wp-content\/uploads\/sites\/2\/2020\/11\/Banniere-loterie-jour-de-paie-Fondation-HGH.jpg\",\"contentUrl\":\"http:\/\/hgh.ca\/foundation\/wp-content\/uploads\/sites\/2\/2020\/11\/Banniere-loterie-jour-de-paie-Fondation-HGH.jpg\"},{\"@type\":\"BreadcrumbList\",\"@id\":\"https:\/\/hgh.ca\/foundation\/fr\/evenements\/loterie-50-50-de-jour-de-paie\/#breadcrumb\",\"itemListElement\":[{\"@type\":\"ListItem\",\"position\":1,\"name\":\"Home\",\"item\":\"https:\/\/hgh.ca\/foundation\/fr\/\"},{\"@type\":\"ListItem\",\"position\":2,\"name\":\"\u00c9v\u00e9nements\",\"item\":\"https:\/\/hgh.ca\/foundation\/fr\/evenements\/\"},{\"@type\":\"ListItem\",\"position\":3,\"name\":\"Loterie 50\/50 de jour de paie\"}]},{\"@type\":\"WebSite\",\"@id\":\"https:\/\/hgh.ca\/foundation\/#website\",\"url\":\"https:\/\/hgh.ca\/foundation\/\",\"name\":\"HGH Foundation\",\"description\":\"The Foundation raises funds for the Hawkesbury General Hospital\",\"potentialAction\":[{\"@type\":\"SearchAction\",\"target\":{\"@type\":\"EntryPoint\",\"urlTemplate\":\"https:\/\/hgh.ca\/foundation\/?s={search_term_string}\"},\"query-input\":\"required name=search_term_string\"}],\"inLanguage\":\"fr-FR\"}]}<\/script>\n<!-- \/ Yoast SEO plugin. -->","yoast_head_json":{"title":"Loterie 50\/50 de jour de paie - HGH Foundation","description":"La Loterie 50\/50 Jour de paie de la Fondation HGH est un tirage effectu\u00e9 aux deux semaines, le lendemain de la paie et r\u00e9serv\u00e9 aux employ\u00e9s.","robots":{"index":"index","follow":"follow","max-snippet":"max-snippet:-1","max-image-preview":"max-image-preview:large","max-video-preview":"max-video-preview:-1"},"canonical":"https:\/\/hgh.ca\/foundation\/fr\/evenements\/loterie-50-50-de-jour-de-paie\/","og_locale":"fr_FR","og_type":"article","og_title":"Loterie 50\/50 de jour de paie - HGH Foundation","og_description":"La Loterie 50\/50 Jour de paie de la Fondation HGH est un tirage effectu\u00e9 aux deux semaines, le lendemain de la paie et r\u00e9serv\u00e9 aux employ\u00e9s.","og_url":"https:\/\/hgh.ca\/foundation\/fr\/evenements\/loterie-50-50-de-jour-de-paie\/","og_site_name":"HGH Foundation","article_modified_time":"2024-01-16T13:30:49+00:00","og_image":[{"url":"http:\/\/hgh.ca\/foundation\/wp-content\/uploads\/sites\/2\/2020\/11\/Banniere-loterie-jour-de-paie-Fondation-HGH.jpg"}],"twitter_card":"summary_large_image","twitter_misc":{"Dur\u00e9e de lecture estim\u00e9e":"8 minutes"},"schema":{"@context":"https:\/\/schema.org","@graph":[{"@type":"WebPage","@id":"https:\/\/hgh.ca\/foundation\/fr\/evenements\/loterie-50-50-de-jour-de-paie\/","url":"https:\/\/hgh.ca\/foundation\/fr\/evenements\/loterie-50-50-de-jour-de-paie\/","name":"Loterie 50\/50 de jour de paie - HGH Foundation","isPartOf":{"@id":"https:\/\/hgh.ca\/foundation\/#website"},"primaryImageOfPage":{"@id":"https:\/\/hgh.ca\/foundation\/fr\/evenements\/loterie-50-50-de-jour-de-paie\/#primaryimage"},"image":{"@id":"https:\/\/hgh.ca\/foundation\/fr\/evenements\/loterie-50-50-de-jour-de-paie\/#primaryimage"},"thumbnailUrl":"http:\/\/hgh.ca\/foundation\/wp-content\/uploads\/sites\/2\/2020\/11\/Banniere-loterie-jour-de-paie-Fondation-HGH.jpg","datePublished":"2020-11-05T16:30:54+00:00","dateModified":"2024-01-16T13:30:49+00:00","description":"La Loterie 50\/50 Jour de paie de la Fondation HGH est un tirage effectu\u00e9 aux deux semaines, le lendemain de la paie et r\u00e9serv\u00e9 aux employ\u00e9s.","breadcrumb":{"@id":"https:\/\/hgh.ca\/foundation\/fr\/evenements\/loterie-50-50-de-jour-de-paie\/#breadcrumb"},"inLanguage":"fr-FR","potentialAction":[{"@type":"ReadAction","target":["https:\/\/hgh.ca\/foundation\/fr\/evenements\/loterie-50-50-de-jour-de-paie\/"]}]},{"@type":"ImageObject","inLanguage":"fr-FR","@id":"https:\/\/hgh.ca\/foundation\/fr\/evenements\/loterie-50-50-de-jour-de-paie\/#primaryimage","url":"http:\/\/hgh.ca\/foundation\/wp-content\/uploads\/sites\/2\/2020\/11\/Banniere-loterie-jour-de-paie-Fondation-HGH.jpg","contentUrl":"http:\/\/hgh.ca\/foundation\/wp-content\/uploads\/sites\/2\/2020\/11\/Banniere-loterie-jour-de-paie-Fondation-HGH.jpg"},{"@type":"BreadcrumbList","@id":"https:\/\/hgh.ca\/foundation\/fr\/evenements\/loterie-50-50-de-jour-de-paie\/#breadcrumb","itemListElement":[{"@type":"ListItem","position":1,"name":"Home","item":"https:\/\/hgh.ca\/foundation\/fr\/"},{"@type":"ListItem","position":2,"name":"\u00c9v\u00e9nements","item":"https:\/\/hgh.ca\/foundation\/fr\/evenements\/"},{"@type":"ListItem","position":3,"name":"Loterie 50\/50 de jour de paie"}]},{"@type":"WebSite","@id":"https:\/\/hgh.ca\/foundation\/#website","url":"https:\/\/hgh.ca\/foundation\/","name":"HGH Foundation","description":"The Foundation raises funds for the Hawkesbury General Hospital","potentialAction":[{"@type":"SearchAction","target":{"@type":"EntryPoint","urlTemplate":"https:\/\/hgh.ca\/foundation\/?s={search_term_string}"},"query-input":"required name=search_term_string"}],"inLanguage":"fr-FR"}]}},"_links":{"self":[{"href":"https:\/\/hgh.ca\/foundation\/fr\/wp-json\/wp\/v2\/pages\/2760\/"}],"collection":[{"href":"https:\/\/hgh.ca\/foundation\/fr\/wp-json\/wp\/v2\/pages\/"}],"about":[{"href":"https:\/\/hgh.ca\/foundation\/fr\/wp-json\/wp\/v2\/types\/page\/"}],"author":[{"embeddable":true,"href":"https:\/\/hgh.ca\/foundation\/fr\/wp-json\/wp\/v2\/users\/2\/"}],"replies":[{"embeddable":true,"href":"https:\/\/hgh.ca\/foundation\/fr\/wp-json\/wp\/v2\/comments\/?post=2760"}],"version-history":[{"count":6,"href":"https:\/\/hgh.ca\/foundation\/fr\/wp-json\/wp\/v2\/pages\/2760\/revisions\/"}],"predecessor-version":[{"id":5704,"href":"https:\/\/hgh.ca\/foundation\/fr\/wp-json\/wp\/v2\/pages\/2760\/revisions\/5704\/"}],"up":[{"embeddable":true,"href":"https:\/\/hgh.ca\/foundation\/fr\/wp-json\/wp\/v2\/pages\/27\/"}],"wp:attachment":[{"href":"https:\/\/hgh.ca\/foundation\/fr\/wp-json\/wp\/v2\/media\/?parent=2760"}],"curies":[{"name":"wp","href":"https:\/\/api.w.org\/{rel}","templated":true}]}}