{"id":2876,"date":"2021-01-06T15:56:25","date_gmt":"2021-01-06T15:56:25","guid":{"rendered":"http:\/\/hgh.ca\/foundation\/?page_id=2876"},"modified":"2023-08-24T15:36:36","modified_gmt":"2023-08-24T15:36:36","slug":"information-personnelle-et-consentement","status":"publish","type":"page","link":"https:\/\/hgh.ca\/foundation\/fr\/a-notre-sujet\/politique-de-confidentialite\/information-personnelle-et-consentement\/","title":{"rendered":"Information personnelle et consentement"},"content":{"rendered":"<h2>Consentement \u00e0 la collecte, \u00e0 l&rsquo;utilisation et \u00e0 la divulgation d\u2019informations personnelles \u00e0 des fins de collecte de fonds<\/h2>\n<p>L\u2019H\u00f4pital g\u00e9n\u00e9ral de Hawkesbury et district (HGH) et sa Fondation s\u2019engagent \u00e0 prot\u00e9ger la confidentialit\u00e9 des informations personnelles de ses patients, donateurs, employ\u00e9s, membres, b\u00e9n\u00e9voles et autres parties prenantes.<\/p>\n<p>Le traitement de tous les renseignements personnels par l&rsquo;H\u00f4pital est r\u00e9gi par la <a href=\"https:\/\/www.ontario.ca\/fr\/lois\/loi\/90f31\" target=\"_blank\" rel=\"noopener noreferrer\">Loi sur l&rsquo;acc\u00e8s \u00e0 l&rsquo;information et la protection de la vie priv\u00e9e (LAIPVP)<\/a>. L&rsquo;H\u00f4pital s&rsquo;assure que vos renseignements personnels sur la sant\u00e9 sont priv\u00e9s, confidentiels et s\u00e9curis\u00e9s gr\u00e2ce \u00e0 la <a href=\"https:\/\/www.ontario.ca\/fr\/lois\/loi\/04p03\" target=\"_blank\" rel=\"noopener noreferrer\">Loi sur la protection des renseignements personnels sur la sant\u00e9 (LPRPS)<\/a>.<\/p>\n<h3>R\u00e8gles<\/h3>\n<p>Un h\u00f4pital peut recueillir, utiliser et divulguer des informations sur ses patients* \u00e0 des fins de collecte de fonds tant que l\u2019h\u00f4pital a obtenu le consentement implicite de ses patients et que les informations recueillies, utilis\u00e9es ou divulgu\u00e9es \u00e0 des fins de collecte de fonds se limitent aux noms et adresses postales des patients.<\/p>\n<p>L&rsquo;\u00e9tat de sant\u00e9 ou de soins de sant\u00e9 du patient n&rsquo;est jamais communiqu\u00e9 lorsque le patient est contact\u00e9 \u00e0 des fins de collecte de fonds.<\/p>\n<p>Le consentement expr\u00e8s doit \u00eatre obtenu lorsque nous recueillons, utilisons ou divulguons plus que le nom et l\u2019adresse postale du patient pour la collecte de fonds.<\/p>\n<p>*Patient fait r\u00e9f\u00e9rence \u00e0 un patient hospitalis\u00e9 ou un patient des soins ambulatoires.<\/p>\n<h3>Confidentialit\u00e9 et vie priv\u00e9e \u00e0 l&rsquo;HGH<\/h3>\n<p>Nous recueillons, utilisons, communiquons et conservons des renseignements personnels sur nos patients afin de :<\/p>\n<ul>\n<li>Vous soigner;<\/li>\n<li>\u00c9valuer la qualit\u00e9 de nos soins;<\/li>\n<li>Administrer l\u2019h\u00f4pital;<\/li>\n<li>Recueillir des donn\u00e9es \u00e0 des fins statistiques;<\/li>\n<li>Se conformer aux lois et r\u00e9glementations;<\/li>\n<li>Recueillir des fonds par l\u2019entremise de la Fondation HGH.<\/li>\n<\/ul>\n<p>Toute l\u2019information recueillie au sujet des patients demeure confidentielle.<\/p>\n<p>Pour plus de renseignements sur la confidentialit\u00e9, veuillez visiter le <a href=\"https:\/\/hgh.ca\/fr\/a-notre-sujet\/qualite-et-performance\/loi-sur-la-protection-des-renseignements-personnels-sur-la-sante-lprps\/\" target=\"_blank\" rel=\"noopener noreferrer\">site de l&rsquo;HGH<\/a>.<\/p>\n<p>Pour de l\u2019information sur les normes de qualit\u00e9 et performance \u00e0 l\u2019HGH, veuillez visiter le <a href=\"https:\/\/hgh.ca\/fr\/qualite-et-performance\/\">site de l&rsquo;HGH<\/a>.<\/p>\n<h3>Consentement<\/h3>\n<p>Si vous \u00eates un patient, \u00e0 moins que vous nous demandiez autrement, nous pouvons recueillir, conserver, utiliser et divulguer votre nom et votre adresse postale \u00e0 notre Fondation \u00e0 des fins de collecte de fonds, comme le permet la <em>Loi sur la protection des renseignements personnels sur la sant\u00e9<\/em> (LPRPS).<\/p>\n<p>La Fondation HGH s\u2019engage \u00e0 prot\u00e9ger la confidentialit\u00e9 des informations personnelles des patients et de ses donateurs, et n\u2019\u00e9change, ne loue, ou ne vend aucune information personnelle \u00e0 des tiers.<\/p>\n<p>Vous pouvez retirer votre consentement et vous d\u00e9sengager de recevoir des sollicitations de collecte de fonds \u00e0 tout moment en contactant l&rsquo;agent des Relations patients de l\u2019HGH au 613 632-1111, poste 51702, ou par courriel au <a href=\"mailto:relationspatients@hgh.ca\">relationspatients@hgh.ca<\/a>.<\/p>\n<p>Votre refus ou retrait de consentement n&rsquo;affectera en aucun cas les soins ou le traitement que vous recevez \u00e0 l\u2019HGH.<\/p>\n<p>La Fondation HGH ne vous contactera qu&rsquo;apr\u00e8s au moins 60 jours \u00e0 compter du jour de votre visite \u00e0 l\u2019HGH. Cela vous laisse le temps de vous d\u00e9sengager de recevoir des sollicitations de collecte de fonds si vous le souhaitez; cependant, vous pouvez toujours retirer votre consentement \u00e0 tout moment (m\u00eame apr\u00e8s l&rsquo;expiration des 60 jours).<\/p>\n<p>La Fondation HGH n&rsquo;a pas d&rsquo;acc\u00e8s direct aux informations des patients et n&rsquo;a pas acc\u00e8s et ne re\u00e7oit pas les dossiers m\u00e9dicaux des patients; l\u2019HGH pr\u00e9pare toutes les s\u00e9lections de donn\u00e9es partag\u00e9es avec la Fondation HGH. Toutes les donn\u00e9es re\u00e7ues de l\u2019HGH ne contiennent que les informations n\u00e9cessaires aux pratiques de collecte de fonds de la Fondation HGH et adh\u00e8rent aux l\u00e9gislations LAIPVP et LPRPS.<\/p>\n<p>Ce n&rsquo;est que lorsqu&rsquo;une personne r\u00e9pond \u00e0 un envoi postal que la Fondation HGH entre ses coordonn\u00e9es dans sa base de donn\u00e9es s\u00e9curis\u00e9e de donateurs. Tous les envois postaux aux patients incluent une clause d&rsquo;exclusion et la Fondation HGH tient \u00e0 jour une liste des personnes qui se sont d\u00e9sengag\u00e9es des envois.<\/p>\n<p>La Fondation HGH honorera les demandes des donateurs pour :<\/p>\n<ul>\n<li>Limiter la fr\u00e9quence des contacts;<\/li>\n<li>Ne pas \u00eatre contact\u00e9 par t\u00e9l\u00e9phone ou autre technologie;<\/li>\n<li>Recevoir des documents imprim\u00e9s concernant l\u2019organisation; et<\/li>\n<li>Cesser toutes communications avec les donateurs.<\/li>\n<\/ul>\n<p>Toute personne peut retirer ou limiter son consentement ou la fr\u00e9quence de ses contacts en communiquant avec la Fondation HGH au 613 632-1111, poste 21101, ou <a href=\"mailto:fondation@hgh.ca\">fondation@hgh.ca<\/a>.<\/p>\n<p>La Fondation HGH respecte les principes de la <a href=\"http:\/\/hgh.ca\/foundation\/fr\/a-notre-sujet\/droits-du-donateur\/\">Charte des droits du donateur<\/a>. Pour plus de renseignements, consultez notre <a href=\"https:\/\/hgh.ca\/foundation\/fr\/a-notre-sujet\/politique-de-confidentialite\/\">Politique et d\u00e9claration de confidentialit\u00e9.<\/a><\/p>\n<p>Merci de votre compr\u00e9hension et votre soutien.<\/p>\n","protected":false},"excerpt":{"rendered":"Consentement \u00e0 la collecte, \u00e0 l&rsquo;utilisation et \u00e0 la divulgation d\u2019informations personnelles \u00e0 des fins de collecte de fonds L\u2019H\u00f4pital g\u00e9n\u00e9ral de Hawkesbury et district (HGH) et sa Fondation s\u2019engagent \u00e0 prot\u00e9ger la confidentialit\u00e9 des informations personnelles de ses patients, donateurs, employ\u00e9s, membres, b\u00e9n\u00e9voles et autres parties prenantes. Le traitement de tous les renseignements personnels&#8230; <a class=\"btn btn--primary\" href=\"https:\/\/hgh.ca\/foundation\/fr\/a-notre-sujet\/politique-de-confidentialite\/information-personnelle-et-consentement\/\">View Article<\/a>","protected":false},"author":2,"featured_media":0,"parent":64,"menu_order":0,"comment_status":"closed","ping_status":"closed","template":"","meta":{"_acf_changed":false,"footnotes":""},"class_list":["post-2876","page","type-page","status-publish","hentry"],"acf":[],"yoast_head":"<!-- This site is optimized with the Yoast SEO plugin v23.0 - https:\/\/yoast.com\/wordpress\/plugins\/seo\/ -->\n<title>Information personnelle et consentement - HGH Foundation<\/title>\n<meta name=\"robots\" content=\"index, follow, max-snippet:-1, max-image-preview:large, max-video-preview:-1\" \/>\n<link rel=\"canonical\" href=\"https:\/\/hgh.ca\/foundation\/fr\/a-notre-sujet\/politique-de-confidentialite\/information-personnelle-et-consentement\/\" \/>\n<meta property=\"og:locale\" content=\"fr_FR\" \/>\n<meta property=\"og:type\" content=\"article\" \/>\n<meta property=\"og:title\" content=\"Information personnelle et consentement - HGH Foundation\" \/>\n<meta property=\"og:description\" content=\"Consentement \u00e0 la collecte, \u00e0 l&rsquo;utilisation et \u00e0 la divulgation d\u2019informations personnelles \u00e0 des fins de collecte de fonds L\u2019H\u00f4pital g\u00e9n\u00e9ral de Hawkesbury et district (HGH) et sa Fondation s\u2019engagent \u00e0 prot\u00e9ger la confidentialit\u00e9 des informations personnelles de ses patients, donateurs, employ\u00e9s, membres, b\u00e9n\u00e9voles et autres parties prenantes. Le traitement de tous les renseignements personnels... View Article\" \/>\n<meta property=\"og:url\" content=\"https:\/\/hgh.ca\/foundation\/fr\/a-notre-sujet\/politique-de-confidentialite\/information-personnelle-et-consentement\/\" \/>\n<meta property=\"og:site_name\" content=\"HGH Foundation\" \/>\n<meta property=\"article:modified_time\" content=\"2023-08-24T15:36:36+00:00\" \/>\n<meta name=\"twitter:card\" content=\"summary_large_image\" \/>\n<meta name=\"twitter:label1\" content=\"Dur\u00e9e de lecture estim\u00e9e\" \/>\n\t<meta name=\"twitter:data1\" content=\"4 minutes\" \/>\n<script type=\"application\/ld+json\" class=\"yoast-schema-graph\">{\"@context\":\"https:\/\/schema.org\",\"@graph\":[{\"@type\":\"WebPage\",\"@id\":\"https:\/\/hgh.ca\/foundation\/fr\/a-notre-sujet\/politique-de-confidentialite\/information-personnelle-et-consentement\/\",\"url\":\"https:\/\/hgh.ca\/foundation\/fr\/a-notre-sujet\/politique-de-confidentialite\/information-personnelle-et-consentement\/\",\"name\":\"Information personnelle et consentement - HGH Foundation\",\"isPartOf\":{\"@id\":\"https:\/\/hgh.ca\/foundation\/#website\"},\"datePublished\":\"2021-01-06T15:56:25+00:00\",\"dateModified\":\"2023-08-24T15:36:36+00:00\",\"breadcrumb\":{\"@id\":\"https:\/\/hgh.ca\/foundation\/fr\/a-notre-sujet\/politique-de-confidentialite\/information-personnelle-et-consentement\/#breadcrumb\"},\"inLanguage\":\"fr-FR\",\"potentialAction\":[{\"@type\":\"ReadAction\",\"target\":[\"https:\/\/hgh.ca\/foundation\/fr\/a-notre-sujet\/politique-de-confidentialite\/information-personnelle-et-consentement\/\"]}]},{\"@type\":\"BreadcrumbList\",\"@id\":\"https:\/\/hgh.ca\/foundation\/fr\/a-notre-sujet\/politique-de-confidentialite\/information-personnelle-et-consentement\/#breadcrumb\",\"itemListElement\":[{\"@type\":\"ListItem\",\"position\":1,\"name\":\"Home\",\"item\":\"https:\/\/hgh.ca\/foundation\/fr\/\"},{\"@type\":\"ListItem\",\"position\":2,\"name\":\"\u00c0 notre sujet\",\"item\":\"https:\/\/hgh.ca\/foundation\/fr\/a-notre-sujet\/\"},{\"@type\":\"ListItem\",\"position\":3,\"name\":\"Politique de confidentialit\u00e9\",\"item\":\"https:\/\/hgh.ca\/foundation\/fr\/a-notre-sujet\/politique-de-confidentialite\/\"},{\"@type\":\"ListItem\",\"position\":4,\"name\":\"Information personnelle et consentement\"}]},{\"@type\":\"WebSite\",\"@id\":\"https:\/\/hgh.ca\/foundation\/#website\",\"url\":\"https:\/\/hgh.ca\/foundation\/\",\"name\":\"HGH Foundation\",\"description\":\"The Foundation raises funds for the Hawkesbury General Hospital\",\"potentialAction\":[{\"@type\":\"SearchAction\",\"target\":{\"@type\":\"EntryPoint\",\"urlTemplate\":\"https:\/\/hgh.ca\/foundation\/?s={search_term_string}\"},\"query-input\":\"required name=search_term_string\"}],\"inLanguage\":\"fr-FR\"}]}<\/script>\n<!-- \/ Yoast SEO plugin. -->","yoast_head_json":{"title":"Information personnelle et consentement - HGH Foundation","robots":{"index":"index","follow":"follow","max-snippet":"max-snippet:-1","max-image-preview":"max-image-preview:large","max-video-preview":"max-video-preview:-1"},"canonical":"https:\/\/hgh.ca\/foundation\/fr\/a-notre-sujet\/politique-de-confidentialite\/information-personnelle-et-consentement\/","og_locale":"fr_FR","og_type":"article","og_title":"Information personnelle et consentement - HGH Foundation","og_description":"Consentement \u00e0 la collecte, \u00e0 l&rsquo;utilisation et \u00e0 la divulgation d\u2019informations personnelles \u00e0 des fins de collecte de fonds L\u2019H\u00f4pital g\u00e9n\u00e9ral de Hawkesbury et district (HGH) et sa Fondation s\u2019engagent \u00e0 prot\u00e9ger la confidentialit\u00e9 des informations personnelles de ses patients, donateurs, employ\u00e9s, membres, b\u00e9n\u00e9voles et autres parties prenantes. Le traitement de tous les renseignements personnels... View Article","og_url":"https:\/\/hgh.ca\/foundation\/fr\/a-notre-sujet\/politique-de-confidentialite\/information-personnelle-et-consentement\/","og_site_name":"HGH Foundation","article_modified_time":"2023-08-24T15:36:36+00:00","twitter_card":"summary_large_image","twitter_misc":{"Dur\u00e9e de lecture estim\u00e9e":"4 minutes"},"schema":{"@context":"https:\/\/schema.org","@graph":[{"@type":"WebPage","@id":"https:\/\/hgh.ca\/foundation\/fr\/a-notre-sujet\/politique-de-confidentialite\/information-personnelle-et-consentement\/","url":"https:\/\/hgh.ca\/foundation\/fr\/a-notre-sujet\/politique-de-confidentialite\/information-personnelle-et-consentement\/","name":"Information personnelle et consentement - HGH Foundation","isPartOf":{"@id":"https:\/\/hgh.ca\/foundation\/#website"},"datePublished":"2021-01-06T15:56:25+00:00","dateModified":"2023-08-24T15:36:36+00:00","breadcrumb":{"@id":"https:\/\/hgh.ca\/foundation\/fr\/a-notre-sujet\/politique-de-confidentialite\/information-personnelle-et-consentement\/#breadcrumb"},"inLanguage":"fr-FR","potentialAction":[{"@type":"ReadAction","target":["https:\/\/hgh.ca\/foundation\/fr\/a-notre-sujet\/politique-de-confidentialite\/information-personnelle-et-consentement\/"]}]},{"@type":"BreadcrumbList","@id":"https:\/\/hgh.ca\/foundation\/fr\/a-notre-sujet\/politique-de-confidentialite\/information-personnelle-et-consentement\/#breadcrumb","itemListElement":[{"@type":"ListItem","position":1,"name":"Home","item":"https:\/\/hgh.ca\/foundation\/fr\/"},{"@type":"ListItem","position":2,"name":"\u00c0 notre sujet","item":"https:\/\/hgh.ca\/foundation\/fr\/a-notre-sujet\/"},{"@type":"ListItem","position":3,"name":"Politique de confidentialit\u00e9","item":"https:\/\/hgh.ca\/foundation\/fr\/a-notre-sujet\/politique-de-confidentialite\/"},{"@type":"ListItem","position":4,"name":"Information personnelle et consentement"}]},{"@type":"WebSite","@id":"https:\/\/hgh.ca\/foundation\/#website","url":"https:\/\/hgh.ca\/foundation\/","name":"HGH Foundation","description":"The Foundation raises funds for the Hawkesbury General Hospital","potentialAction":[{"@type":"SearchAction","target":{"@type":"EntryPoint","urlTemplate":"https:\/\/hgh.ca\/foundation\/?s={search_term_string}"},"query-input":"required name=search_term_string"}],"inLanguage":"fr-FR"}]}},"_links":{"self":[{"href":"https:\/\/hgh.ca\/foundation\/fr\/wp-json\/wp\/v2\/pages\/2876\/"}],"collection":[{"href":"https:\/\/hgh.ca\/foundation\/fr\/wp-json\/wp\/v2\/pages\/"}],"about":[{"href":"https:\/\/hgh.ca\/foundation\/fr\/wp-json\/wp\/v2\/types\/page\/"}],"author":[{"embeddable":true,"href":"https:\/\/hgh.ca\/foundation\/fr\/wp-json\/wp\/v2\/users\/2\/"}],"replies":[{"embeddable":true,"href":"https:\/\/hgh.ca\/foundation\/fr\/wp-json\/wp\/v2\/comments\/?post=2876"}],"version-history":[{"count":5,"href":"https:\/\/hgh.ca\/foundation\/fr\/wp-json\/wp\/v2\/pages\/2876\/revisions\/"}],"predecessor-version":[{"id":5499,"href":"https:\/\/hgh.ca\/foundation\/fr\/wp-json\/wp\/v2\/pages\/2876\/revisions\/5499\/"}],"up":[{"embeddable":true,"href":"https:\/\/hgh.ca\/foundation\/fr\/wp-json\/wp\/v2\/pages\/64\/"}],"wp:attachment":[{"href":"https:\/\/hgh.ca\/foundation\/fr\/wp-json\/wp\/v2\/media\/?parent=2876"}],"curies":[{"name":"wp","href":"https:\/\/api.w.org\/{rel}","templated":true}]}}