{"id":3674,"date":"2021-12-10T13:24:21","date_gmt":"2021-12-10T13:24:21","guid":{"rendered":"http:\/\/hgh.ca\/foundation\/?page_id=3674"},"modified":"2021-12-10T13:24:58","modified_gmt":"2021-12-10T13:24:58","slug":"le-rythme","status":"publish","type":"page","link":"https:\/\/hgh.ca\/foundation\/fr\/le-rythme\/","title":{"rendered":"Le Rythme"},"content":{"rendered":"<h2><a href=\"http:\/\/hgh.ca\/foundation\/wp-content\/uploads\/sites\/2\/2021\/12\/banniere-infolettre-le-rythme.jpg\"><img loading=\"lazy\" decoding=\"async\" width=\"1250\" height=\"417\" class=\"alignnone size-full wp-image-3687\" src=\"http:\/\/hgh.ca\/foundation\/wp-content\/uploads\/sites\/2\/2021\/12\/banniere-infolettre-le-rythme.jpg\" alt=\"Banni\u00e8re de l'infolettre Le Rythme\" srcset=\"https:\/\/hgh.ca\/foundation\/wp-content\/uploads\/sites\/2\/2021\/12\/banniere-infolettre-le-rythme.jpg 1250w, https:\/\/hgh.ca\/foundation\/wp-content\/uploads\/sites\/2\/2021\/12\/banniere-infolettre-le-rythme-250x83.jpg 250w, https:\/\/hgh.ca\/foundation\/wp-content\/uploads\/sites\/2\/2021\/12\/banniere-infolettre-le-rythme-700x234.jpg 700w, https:\/\/hgh.ca\/foundation\/wp-content\/uploads\/sites\/2\/2021\/12\/banniere-infolettre-le-rythme-768x256.jpg 768w, https:\/\/hgh.ca\/foundation\/wp-content\/uploads\/sites\/2\/2021\/12\/banniere-infolettre-le-rythme-120x40.jpg 120w, https:\/\/hgh.ca\/foundation\/wp-content\/uploads\/sites\/2\/2021\/12\/banniere-infolettre-le-rythme-960x320.jpg 960w\" sizes=\"(max-width: 1250px) 100vw, 1250px\" \/><\/a><\/h2>\n<h2>Tenez-vous au courant avec Le Rythme<\/h2>\n<p>Abonnez-vous \u00e0 l&rsquo;infolettre \u00e9lectronique Le Rythme pour \u00eatre au fait des derni\u00e8res nouvelles de la Fondation HGH et pour constater l&rsquo;impact de vos dons \u00e0 l\u2019HGH.<\/p>\n<p>L&rsquo;infolettre \u00e9lectronique Le Rythme comprend :<\/p>\n<ul>\n<li>Des nouvelles sur les fa\u00e7ons dont vos dons aident les patients de l\u2019HGH et leurs familles<\/li>\n<li>Des entrevues d&rsquo;arri\u00e8re-sc\u00e8ne avec des m\u00e9decins et des membres du personnel<\/li>\n<li>Des invitations exclusives aux \u00e9v\u00e9nements \u00e0 venir<\/li>\n<\/ul>\n<p>Recevez les nouvelles dans votre bo\u00eete de r\u00e9ception environ quatre fois par ann\u00e9e. Cette infolettre \u00e9lectronique est un excellent moyen d&rsquo;obtenir des informations sur la communaut\u00e9 de la Fondation HGH.<\/p>\n<h3>Abonnez-vous \u00e0 l&rsquo;infolettre Le Rythme<\/h3>\n<p>En vous abonnant, vous acceptez de recevoir Le Rythme par courriel environ quatre fois par ann\u00e9e de la Fondation de l&rsquo;H\u00f4pital g\u00e9n\u00e9ral de Hawkesbury et district (HGH).<\/p>\n<ul>\n<li>La Fondation HGH respecte votre vie priv\u00e9e. Nous n\u2019\u00e9changeons pas, ne louons pas ou ne vendons aucune information personnelle \u00e0 des tiers. Pour en savoir davantage, lisez notre <a href=\"http:\/\/hgh.ca\/foundation\/fr\/a-notre-sujet\/politique-de-confidentialite\/\">Politique de confidentialit\u00e9<\/a>.<\/li>\n<li>Vous pouvez vous d\u00e9sabonner \u00e0 tout moment\u00a0simplement en cliquant sur le bouton \u00ab Se d\u00e9sabonner \u00bb au bas du courriel ou en communiquant avec nous par t\u00e9l\u00e9phone au 613-632-1111, poste 21101, ou par courriel \u00e0 <a href=\"mailto:fondation@hgh.ca\">fondation@hgh.ca<\/a>.<\/li>\n<\/ul>\n<p>Merci de remplir le formulaire ci-dessous pour vous abonner. Tous les champs sont obligatoires.<\/p>\n<p>&nbsp;<\/p>\n\n                <div class='gf_browser_gecko gform_wrapper' id='gform_wrapper_5' ><form method='post' enctype='multipart\/form-data'  id='gform_5'  action='\/foundation\/fr\/wp-json\/wp\/v2\/pages\/3674'>\n                        <div class='gform_body'><ul id='gform_fields_5' class='gform_fields top_label form_sublabel_below description_below'><li id='field_5_10'  class='gfield gfield_contains_required field_sublabel_below field_description_below gfield_visibility_visible' ><label class='gfield_label' for='input_5_10' >Titre (M. Mme  Mlle  Mx)<span class='gfield_required'>*<\/span><\/label><div class='ginput_container ginput_container_text'><input name='input_10' id='input_5_10' type='text' value='' class='medium'     aria-required=\"true\" aria-invalid=\"false\" \/><\/div><\/li><li id='field_5_2'  class='gfield gfield_contains_required field_sublabel_below field_description_below gfield_visibility_visible' ><label class='gfield_label' for='input_5_2' >Pr\u00e9nom et nom de famille<span class='gfield_required'>*<\/span><\/label><div class='ginput_container ginput_container_text'><input name='input_2' id='input_5_2' type='text' value='' class='medium'     aria-required=\"true\" aria-invalid=\"false\" \/><\/div><\/li><li id='field_5_4'  class='gfield gfield_contains_required field_sublabel_below field_description_below gfield_visibility_visible' ><label class='gfield_label' for='input_5_4' >Courriel<span class='gfield_required'>*<\/span><\/label><div class='ginput_container ginput_container_email'>\n                            <input name='input_4' id='input_5_4' type='text' value='' class='medium'    aria-required=\"true\" aria-invalid=\"false\" \/>\n                        <\/div><\/li><li id='field_5_9'  class='gfield gfield_contains_required field_sublabel_below field_description_below gfield_visibility_visible' ><label class='gfield_label'  >Langue de correspondance<span class='gfield_required'>*<\/span><\/label><div class='ginput_container ginput_container_radio'><ul class='gfield_radio' id='input_5_9'><li class='gchoice_5_9_0'><input name='input_9' type='radio' value='Anglais'  id='choice_5_9_0'    \/><label for='choice_5_9_0' id='label_5_9_0'>Anglais<\/label><\/li><li class='gchoice_5_9_1'><input name='input_9' type='radio' value='Fran\u00e7ais'  id='choice_5_9_1'    \/><label for='choice_5_9_1' id='label_5_9_1'>Fran\u00e7ais<\/label><\/li><\/ul><\/div><\/li><li id='field_5_5'  class='gfield field_sublabel_below field_description_below gfield_visibility_visible' ><label class='gfield_label' for='input_5_5' >CAPTCHA<\/label><div id='input_5_5' class='ginput_container ginput_recaptcha' data-sitekey='6Ld8iPQUAAAAAPR7jdBBLlizIeYNU7hlFdqurRPs'  data-theme='light' data-tabindex='0'  data-badge=''><\/div><\/li>\n                            <\/ul><\/div>\n        <div class='gform_footer top_label'> <input type='submit' id='gform_submit_button_5' class='gform_button button' value='Envoyer'  onclick='if(window[\"gf_submitting_5\"]){return false;}  window[\"gf_submitting_5\"]=true;  ' onkeypress='if( event.keyCode == 13 ){ if(window[\"gf_submitting_5\"]){return false;} window[\"gf_submitting_5\"]=true;  jQuery(\"#gform_5\").trigger(\"submit\",[true]); }' \/> \n            <input type='hidden' class='gform_hidden' name='is_submit_5' value='1' \/>\n            <input type='hidden' class='gform_hidden' name='gform_submit' value='5' \/>\n            \n            <input type='hidden' class='gform_hidden' name='gform_unique_id' value='' \/>\n            <input type='hidden' class='gform_hidden' name='state_5' value='WyJbXSIsIjg1ZGFjMGM4NjFiM2Q4NmZlZDYwNzhkNDc0ZGNlYTUwIl0=' \/>\n            <input type='hidden' class='gform_hidden' name='gform_target_page_number_5' id='gform_target_page_number_5' value='0' \/>\n            <input type='hidden' class='gform_hidden' name='gform_source_page_number_5' id='gform_source_page_number_5' value='1' \/>\n            <input type='hidden' name='gform_field_values' value='' \/>\n            \n        <\/div>\n                        <\/form>\n                        <\/div><script type='text\/javascript'> jQuery(document).bind('gform_post_render', function(event, formId, currentPage){if(formId == 5) {} } );jQuery(document).bind('gform_post_conditional_logic', function(event, formId, fields, isInit){} );<\/script><script type='text\/javascript'> jQuery(document).ready(function(){jQuery(document).trigger('gform_post_render', [5, 1]) } ); <\/script>\n<p>&nbsp;<\/p>\n<p><strong>Notre num\u00e9ro d\u2019enregistrement de bienfaisance<\/strong> est le 118921592 RR0001.<\/p>\n<p>&nbsp;<\/p>\n","protected":false},"excerpt":{"rendered":"Tenez-vous au courant avec Le Rythme Abonnez-vous \u00e0 l&rsquo;infolettre \u00e9lectronique Le Rythme pour \u00eatre au fait des derni\u00e8res nouvelles de la Fondation HGH et pour constater l&rsquo;impact de vos dons \u00e0 l\u2019HGH. L&rsquo;infolettre \u00e9lectronique Le Rythme comprend : Des nouvelles sur les fa\u00e7ons dont vos dons aident les patients de l\u2019HGH et leurs familles Des&#8230; <a class=\"btn btn--primary\" href=\"https:\/\/hgh.ca\/foundation\/fr\/le-rythme\/\">View Article<\/a>","protected":false},"author":2,"featured_media":0,"parent":0,"menu_order":9,"comment_status":"open","ping_status":"closed","template":"","meta":{"_acf_changed":false,"footnotes":""},"class_list":["post-3674","page","type-page","status-publish","hentry"],"acf":[],"yoast_head":"<!-- This site is optimized with the Yoast SEO plugin v23.0 - https:\/\/yoast.com\/wordpress\/plugins\/seo\/ -->\n<title>Le Rythme - HGH Foundation<\/title>\n<meta name=\"robots\" content=\"index, follow, max-snippet:-1, max-image-preview:large, max-video-preview:-1\" \/>\n<link rel=\"canonical\" href=\"https:\/\/hgh.ca\/foundation\/fr\/le-rythme\/\" \/>\n<meta property=\"og:locale\" content=\"fr_FR\" \/>\n<meta property=\"og:type\" content=\"article\" \/>\n<meta property=\"og:title\" content=\"Le Rythme - HGH Foundation\" \/>\n<meta property=\"og:description\" content=\"Tenez-vous au courant avec Le Rythme Abonnez-vous \u00e0 l&rsquo;infolettre \u00e9lectronique Le Rythme pour \u00eatre au fait des derni\u00e8res nouvelles de la Fondation HGH et pour constater l&rsquo;impact de vos dons \u00e0 l\u2019HGH. L&rsquo;infolettre \u00e9lectronique Le Rythme comprend : Des nouvelles sur les fa\u00e7ons dont vos dons aident les patients de l\u2019HGH et leurs familles Des... View Article\" \/>\n<meta property=\"og:url\" content=\"https:\/\/hgh.ca\/foundation\/fr\/le-rythme\/\" \/>\n<meta property=\"og:site_name\" content=\"HGH Foundation\" \/>\n<meta property=\"article:modified_time\" content=\"2021-12-10T13:24:58+00:00\" \/>\n<meta property=\"og:image\" content=\"http:\/\/hgh.ca\/foundation\/wp-content\/uploads\/sites\/2\/2021\/12\/banniere-infolettre-le-rythme.jpg\" \/>\n<meta name=\"twitter:card\" content=\"summary_large_image\" \/>\n<meta name=\"twitter:label1\" content=\"Dur\u00e9e de lecture estim\u00e9e\" \/>\n\t<meta name=\"twitter:data1\" content=\"1 minute\" \/>\n<script type=\"application\/ld+json\" class=\"yoast-schema-graph\">{\"@context\":\"https:\/\/schema.org\",\"@graph\":[{\"@type\":\"WebPage\",\"@id\":\"https:\/\/hgh.ca\/foundation\/fr\/le-rythme\/\",\"url\":\"https:\/\/hgh.ca\/foundation\/fr\/le-rythme\/\",\"name\":\"Le Rythme - HGH Foundation\",\"isPartOf\":{\"@id\":\"https:\/\/hgh.ca\/foundation\/#website\"},\"primaryImageOfPage\":{\"@id\":\"https:\/\/hgh.ca\/foundation\/fr\/le-rythme\/#primaryimage\"},\"image\":{\"@id\":\"https:\/\/hgh.ca\/foundation\/fr\/le-rythme\/#primaryimage\"},\"thumbnailUrl\":\"http:\/\/hgh.ca\/foundation\/wp-content\/uploads\/sites\/2\/2021\/12\/banniere-infolettre-le-rythme.jpg\",\"datePublished\":\"2021-12-10T13:24:21+00:00\",\"dateModified\":\"2021-12-10T13:24:58+00:00\",\"breadcrumb\":{\"@id\":\"https:\/\/hgh.ca\/foundation\/fr\/le-rythme\/#breadcrumb\"},\"inLanguage\":\"fr-FR\",\"potentialAction\":[{\"@type\":\"ReadAction\",\"target\":[\"https:\/\/hgh.ca\/foundation\/fr\/le-rythme\/\"]}]},{\"@type\":\"ImageObject\",\"inLanguage\":\"fr-FR\",\"@id\":\"https:\/\/hgh.ca\/foundation\/fr\/le-rythme\/#primaryimage\",\"url\":\"http:\/\/hgh.ca\/foundation\/wp-content\/uploads\/sites\/2\/2021\/12\/banniere-infolettre-le-rythme.jpg\",\"contentUrl\":\"http:\/\/hgh.ca\/foundation\/wp-content\/uploads\/sites\/2\/2021\/12\/banniere-infolettre-le-rythme.jpg\"},{\"@type\":\"BreadcrumbList\",\"@id\":\"https:\/\/hgh.ca\/foundation\/fr\/le-rythme\/#breadcrumb\",\"itemListElement\":[{\"@type\":\"ListItem\",\"position\":1,\"name\":\"Home\",\"item\":\"https:\/\/hgh.ca\/foundation\/fr\/\"},{\"@type\":\"ListItem\",\"position\":2,\"name\":\"Le Rythme\"}]},{\"@type\":\"WebSite\",\"@id\":\"https:\/\/hgh.ca\/foundation\/#website\",\"url\":\"https:\/\/hgh.ca\/foundation\/\",\"name\":\"HGH Foundation\",\"description\":\"The Foundation raises funds for the Hawkesbury General Hospital\",\"potentialAction\":[{\"@type\":\"SearchAction\",\"target\":{\"@type\":\"EntryPoint\",\"urlTemplate\":\"https:\/\/hgh.ca\/foundation\/?s={search_term_string}\"},\"query-input\":\"required name=search_term_string\"}],\"inLanguage\":\"fr-FR\"}]}<\/script>\n<!-- \/ Yoast SEO plugin. -->","yoast_head_json":{"title":"Le Rythme - HGH Foundation","robots":{"index":"index","follow":"follow","max-snippet":"max-snippet:-1","max-image-preview":"max-image-preview:large","max-video-preview":"max-video-preview:-1"},"canonical":"https:\/\/hgh.ca\/foundation\/fr\/le-rythme\/","og_locale":"fr_FR","og_type":"article","og_title":"Le Rythme - HGH Foundation","og_description":"Tenez-vous au courant avec Le Rythme Abonnez-vous \u00e0 l&rsquo;infolettre \u00e9lectronique Le Rythme pour \u00eatre au fait des derni\u00e8res nouvelles de la Fondation HGH et pour constater l&rsquo;impact de vos dons \u00e0 l\u2019HGH. L&rsquo;infolettre \u00e9lectronique Le Rythme comprend : Des nouvelles sur les fa\u00e7ons dont vos dons aident les patients de l\u2019HGH et leurs familles Des... View Article","og_url":"https:\/\/hgh.ca\/foundation\/fr\/le-rythme\/","og_site_name":"HGH Foundation","article_modified_time":"2021-12-10T13:24:58+00:00","og_image":[{"url":"http:\/\/hgh.ca\/foundation\/wp-content\/uploads\/sites\/2\/2021\/12\/banniere-infolettre-le-rythme.jpg"}],"twitter_card":"summary_large_image","twitter_misc":{"Dur\u00e9e de lecture estim\u00e9e":"1 minute"},"schema":{"@context":"https:\/\/schema.org","@graph":[{"@type":"WebPage","@id":"https:\/\/hgh.ca\/foundation\/fr\/le-rythme\/","url":"https:\/\/hgh.ca\/foundation\/fr\/le-rythme\/","name":"Le Rythme - HGH Foundation","isPartOf":{"@id":"https:\/\/hgh.ca\/foundation\/#website"},"primaryImageOfPage":{"@id":"https:\/\/hgh.ca\/foundation\/fr\/le-rythme\/#primaryimage"},"image":{"@id":"https:\/\/hgh.ca\/foundation\/fr\/le-rythme\/#primaryimage"},"thumbnailUrl":"http:\/\/hgh.ca\/foundation\/wp-content\/uploads\/sites\/2\/2021\/12\/banniere-infolettre-le-rythme.jpg","datePublished":"2021-12-10T13:24:21+00:00","dateModified":"2021-12-10T13:24:58+00:00","breadcrumb":{"@id":"https:\/\/hgh.ca\/foundation\/fr\/le-rythme\/#breadcrumb"},"inLanguage":"fr-FR","potentialAction":[{"@type":"ReadAction","target":["https:\/\/hgh.ca\/foundation\/fr\/le-rythme\/"]}]},{"@type":"ImageObject","inLanguage":"fr-FR","@id":"https:\/\/hgh.ca\/foundation\/fr\/le-rythme\/#primaryimage","url":"http:\/\/hgh.ca\/foundation\/wp-content\/uploads\/sites\/2\/2021\/12\/banniere-infolettre-le-rythme.jpg","contentUrl":"http:\/\/hgh.ca\/foundation\/wp-content\/uploads\/sites\/2\/2021\/12\/banniere-infolettre-le-rythme.jpg"},{"@type":"BreadcrumbList","@id":"https:\/\/hgh.ca\/foundation\/fr\/le-rythme\/#breadcrumb","itemListElement":[{"@type":"ListItem","position":1,"name":"Home","item":"https:\/\/hgh.ca\/foundation\/fr\/"},{"@type":"ListItem","position":2,"name":"Le Rythme"}]},{"@type":"WebSite","@id":"https:\/\/hgh.ca\/foundation\/#website","url":"https:\/\/hgh.ca\/foundation\/","name":"HGH Foundation","description":"The Foundation raises funds for the Hawkesbury General Hospital","potentialAction":[{"@type":"SearchAction","target":{"@type":"EntryPoint","urlTemplate":"https:\/\/hgh.ca\/foundation\/?s={search_term_string}"},"query-input":"required name=search_term_string"}],"inLanguage":"fr-FR"}]}},"_links":{"self":[{"href":"https:\/\/hgh.ca\/foundation\/fr\/wp-json\/wp\/v2\/pages\/3674\/"}],"collection":[{"href":"https:\/\/hgh.ca\/foundation\/fr\/wp-json\/wp\/v2\/pages\/"}],"about":[{"href":"https:\/\/hgh.ca\/foundation\/fr\/wp-json\/wp\/v2\/types\/page\/"}],"author":[{"embeddable":true,"href":"https:\/\/hgh.ca\/foundation\/fr\/wp-json\/wp\/v2\/users\/2\/"}],"replies":[{"embeddable":true,"href":"https:\/\/hgh.ca\/foundation\/fr\/wp-json\/wp\/v2\/comments\/?post=3674"}],"version-history":[{"count":5,"href":"https:\/\/hgh.ca\/foundation\/fr\/wp-json\/wp\/v2\/pages\/3674\/revisions\/"}],"predecessor-version":[{"id":3701,"href":"https:\/\/hgh.ca\/foundation\/fr\/wp-json\/wp\/v2\/pages\/3674\/revisions\/3701\/"}],"wp:attachment":[{"href":"https:\/\/hgh.ca\/foundation\/fr\/wp-json\/wp\/v2\/media\/?parent=3674"}],"curies":[{"name":"wp","href":"https:\/\/api.w.org\/{rel}","templated":true}]}}