{"id":3764,"date":"2021-12-16T21:59:17","date_gmt":"2021-12-16T21:59:17","guid":{"rendered":"http:\/\/hgh.ca\/foundation\/?page_id=3764"},"modified":"2025-08-22T13:04:18","modified_gmt":"2025-08-22T17:04:18","slug":"priorite-ophtalmologie","status":"publish","type":"page","link":"https:\/\/hgh.ca\/foundation\/fr\/on-est-si-bien-chez-soi\/priorite-ophtalmologie\/","title":{"rendered":"Priorit\u00e9 : ophtalmologie"},"content":{"rendered":"<h2><a href=\"http:\/\/hgh.ca\/foundation\/wp-content\/uploads\/sites\/2\/2021\/12\/ophthalmology-man-eye-exam.jpg\"><img loading=\"lazy\" decoding=\"async\" width=\"959\" height=\"544\" class=\"alignnone size-full wp-image-3767\" src=\"http:\/\/hgh.ca\/foundation\/wp-content\/uploads\/sites\/2\/2021\/12\/ophthalmology-man-eye-exam.jpg\" alt=\"Un m\u00e9decin examine les yeux d'un patient\" srcset=\"https:\/\/hgh.ca\/foundation\/wp-content\/uploads\/sites\/2\/2021\/12\/ophthalmology-man-eye-exam.jpg 959w, https:\/\/hgh.ca\/foundation\/wp-content\/uploads\/sites\/2\/2021\/12\/ophthalmology-man-eye-exam-250x142.jpg 250w, https:\/\/hgh.ca\/foundation\/wp-content\/uploads\/sites\/2\/2021\/12\/ophthalmology-man-eye-exam-700x397.jpg 700w, https:\/\/hgh.ca\/foundation\/wp-content\/uploads\/sites\/2\/2021\/12\/ophthalmology-man-eye-exam-768x436.jpg 768w, https:\/\/hgh.ca\/foundation\/wp-content\/uploads\/sites\/2\/2021\/12\/ophthalmology-man-eye-exam-120x68.jpg 120w\" sizes=\"(max-width: 959px) 100vw, 959px\" \/><\/a><\/h2>\n<h2>Aidez-nous \u00e0 offrir des services d&rsquo;ophtalmologie pr\u00e8s de chez vous<\/h2>\n<p>Nos yeux sont pre\u0301cieux, et leurs muscles sont les plus sollicite\u0301s de notre corps. Cependant, comme tous les autres muscles, ils sont sensibles au vieillissement. Ge\u0301ne\u0301ralement, notre vue baisse en vieillissant alors que l\u2019incidence des maladies lie\u0301es a\u0300 l\u2019a\u0302ge augmente.<\/p>\n<p>Les effets les plus courants du vieillissement sur les yeux sont le glaucome, les cataractes, la presbytie, les maladies de la corne\u0301e, la se\u0301cheresse oculaire, la de\u0301ge\u0301ne\u0301rescence maculaire et la re\u0301tinopathie diabe\u0301tique.<\/p>\n<p>Se rendre fre\u0301quemment a\u0300 Ottawa pour des traitements ou des examens peut repre\u0301senter un de\u0301fi pour quiconque. Et c\u0327a peut devenir un se\u0301rieux proble\u0300me pour les personnes qui ne peuvent pas s\u2019absenter de leur travail ou qui n\u2019ont pas de moyen de transport. Leur vue peut se de\u0301te\u0301riorer rapidement en l\u2019absence de suivis ou de traitements re\u0301guliers.<\/p>\n<p>La varie\u0301te\u0301 des services que l\u2019HGH aimerait ajouter comprend la chirurgie de la cataracte, des injections pour la de\u0301ge\u0301ne\u0301rescence maculaire et des soins pour les personnes atteintes de glaucome et de maladie de la corne\u0301e et de la re\u0301tine. Afin de fournir ces soins aux patients, de nouveaux e\u0301quipements sont ne\u0301cessaires tant au bloc ope\u0301ratoire qu\u2019aux Cliniques de soins ambulatoires de l\u2019HGH.<\/p>\n<blockquote><p>Ce nouvel e\u0301quipement aidera tellement\u00a0nos patients, et en particulier ceux\u00a0qui souffrent d\u2019une maladie lie\u0301e au\u00a0vieillissement affectant leurs yeux. Il y a\u00a0beaucoup de choses que nous pouvons\u00a0faire pour aider les gens a\u0300 conserver leur\u00a0vue et leur inde\u0301pendance. Quelle belle\u00a0fac\u0327on de soutenir l\u2019HGH et ses patients.<br \/>\n&#8211; Dre Julie Maranda, ancienne me\u0301decin-chef de l\u2019HGH<\/p><\/blockquote>\n<blockquote><p>Les patients atteints d\u2019une maladie des yeux ou d\u2019un proble\u0300me de vision ne\u0301cessitant un suivi a\u0300 long terme, des injections ou des examens doivent consulter leur ophtalmologiste re\u0301gulie\u0300rement afin de pre\u0301server au mieux leur vue. Pre\u0301sentement, l\u2019HGH ne peut accepter que 2,2 % de tous les cas d\u2019ophtalmologie. C\u2019est une situation e\u0301prouvante pour nos patients et leurs familles, et que nous espe\u0301rons changer.<br \/>\n&#8211; Imrana Jeoffrey, vice-pre\u0301sidente, Soins ambulatoires, Qualite\u0301 et Informatique a\u0300 l\u2019HGH<\/p><\/blockquote>\n<p>Le cou\u0302t du nouvel e\u0301quipement d\u2019ophtalmologie s\u2019e\u0301le\u0300ve a\u0300 700 000 dollars.<\/p>\n<p>Votre don aidera l\u2019h\u00f4pital \u00e0 r\u00e9pondre aux besoins de nos patients, en tout temps, et surtout lorsque les gens en ont le plus besoin\u2026 parce que tout simplement <em>On est si bien chez soi!<\/em>\u00a0Apprenez-en davantage sur notre <a href=\"https:\/\/hgh.ca\/foundation\/fr\/on-est-si-bien-chez-soi\/\">campagne de financement et comment vous pouvez aider<\/a>.<\/p>\n","protected":false},"excerpt":{"rendered":"Aidez-nous \u00e0 offrir des services d&rsquo;ophtalmologie pr\u00e8s de chez vous Nos yeux sont pre\u0301cieux, et leurs muscles sont les plus sollicite\u0301s de notre corps. Cependant, comme tous les autres muscles, ils sont sensibles au vieillissement. Ge\u0301ne\u0301ralement, notre vue baisse en vieillissant alors que l\u2019incidence des maladies lie\u0301es a\u0300 l\u2019a\u0302ge augmente. Les effets les plus courants&#8230; <a class=\"btn btn--primary\" href=\"https:\/\/hgh.ca\/foundation\/fr\/on-est-si-bien-chez-soi\/priorite-ophtalmologie\/\">View Article<\/a>","protected":false},"author":2,"featured_media":0,"parent":2299,"menu_order":2,"comment_status":"closed","ping_status":"closed","template":"","meta":{"_acf_changed":false,"footnotes":""},"class_list":["post-3764","page","type-page","status-publish","hentry"],"acf":[],"yoast_head":"<!-- This site is optimized with the Yoast SEO plugin v23.0 - https:\/\/yoast.com\/wordpress\/plugins\/seo\/ -->\n<title>Priorit\u00e9 : ophtalmologie - HGH Foundation<\/title>\n<meta name=\"robots\" content=\"index, follow, max-snippet:-1, max-image-preview:large, max-video-preview:-1\" \/>\n<link rel=\"canonical\" href=\"https:\/\/hgh.ca\/foundation\/fr\/on-est-si-bien-chez-soi\/priorite-ophtalmologie\/\" \/>\n<meta property=\"og:locale\" content=\"fr_FR\" \/>\n<meta property=\"og:type\" content=\"article\" \/>\n<meta property=\"og:title\" content=\"Priorit\u00e9 : ophtalmologie - HGH Foundation\" \/>\n<meta property=\"og:description\" content=\"Aidez-nous \u00e0 offrir des services d&rsquo;ophtalmologie pr\u00e8s de chez vous Nos yeux sont pre\u0301cieux, et leurs muscles sont les plus sollicite\u0301s de notre corps. Cependant, comme tous les autres muscles, ils sont sensibles au vieillissement. Ge\u0301ne\u0301ralement, notre vue baisse en vieillissant alors que l\u2019incidence des maladies lie\u0301es a\u0300 l\u2019a\u0302ge augmente. Les effets les plus courants... View Article\" \/>\n<meta property=\"og:url\" content=\"https:\/\/hgh.ca\/foundation\/fr\/on-est-si-bien-chez-soi\/priorite-ophtalmologie\/\" \/>\n<meta property=\"og:site_name\" content=\"HGH Foundation\" \/>\n<meta property=\"article:modified_time\" content=\"2025-08-22T17:04:18+00:00\" \/>\n<meta property=\"og:image\" content=\"http:\/\/hgh.ca\/foundation\/wp-content\/uploads\/sites\/2\/2021\/12\/ophthalmology-man-eye-exam.jpg\" \/>\n<meta name=\"twitter:card\" content=\"summary_large_image\" \/>\n<meta name=\"twitter:label1\" content=\"Dur\u00e9e de lecture estim\u00e9e\" \/>\n\t<meta name=\"twitter:data1\" content=\"2 minutes\" \/>\n<script type=\"application\/ld+json\" class=\"yoast-schema-graph\">{\"@context\":\"https:\/\/schema.org\",\"@graph\":[{\"@type\":\"WebPage\",\"@id\":\"https:\/\/hgh.ca\/foundation\/fr\/on-est-si-bien-chez-soi\/priorite-ophtalmologie\/\",\"url\":\"https:\/\/hgh.ca\/foundation\/fr\/on-est-si-bien-chez-soi\/priorite-ophtalmologie\/\",\"name\":\"Priorit\u00e9 : ophtalmologie - HGH Foundation\",\"isPartOf\":{\"@id\":\"https:\/\/hgh.ca\/foundation\/#website\"},\"primaryImageOfPage\":{\"@id\":\"https:\/\/hgh.ca\/foundation\/fr\/on-est-si-bien-chez-soi\/priorite-ophtalmologie\/#primaryimage\"},\"image\":{\"@id\":\"https:\/\/hgh.ca\/foundation\/fr\/on-est-si-bien-chez-soi\/priorite-ophtalmologie\/#primaryimage\"},\"thumbnailUrl\":\"http:\/\/hgh.ca\/foundation\/wp-content\/uploads\/sites\/2\/2021\/12\/ophthalmology-man-eye-exam.jpg\",\"datePublished\":\"2021-12-16T21:59:17+00:00\",\"dateModified\":\"2025-08-22T17:04:18+00:00\",\"breadcrumb\":{\"@id\":\"https:\/\/hgh.ca\/foundation\/fr\/on-est-si-bien-chez-soi\/priorite-ophtalmologie\/#breadcrumb\"},\"inLanguage\":\"fr-FR\",\"potentialAction\":[{\"@type\":\"ReadAction\",\"target\":[\"https:\/\/hgh.ca\/foundation\/fr\/on-est-si-bien-chez-soi\/priorite-ophtalmologie\/\"]}]},{\"@type\":\"ImageObject\",\"inLanguage\":\"fr-FR\",\"@id\":\"https:\/\/hgh.ca\/foundation\/fr\/on-est-si-bien-chez-soi\/priorite-ophtalmologie\/#primaryimage\",\"url\":\"http:\/\/hgh.ca\/foundation\/wp-content\/uploads\/sites\/2\/2021\/12\/ophthalmology-man-eye-exam.jpg\",\"contentUrl\":\"http:\/\/hgh.ca\/foundation\/wp-content\/uploads\/sites\/2\/2021\/12\/ophthalmology-man-eye-exam.jpg\"},{\"@type\":\"BreadcrumbList\",\"@id\":\"https:\/\/hgh.ca\/foundation\/fr\/on-est-si-bien-chez-soi\/priorite-ophtalmologie\/#breadcrumb\",\"itemListElement\":[{\"@type\":\"ListItem\",\"position\":1,\"name\":\"Home\",\"item\":\"https:\/\/hgh.ca\/foundation\/fr\/\"},{\"@type\":\"ListItem\",\"position\":2,\"name\":\"On est si bien chez soi\",\"item\":\"https:\/\/hgh.ca\/foundation\/fr\/on-est-si-bien-chez-soi\/\"},{\"@type\":\"ListItem\",\"position\":3,\"name\":\"Priorit\u00e9 : ophtalmologie\"}]},{\"@type\":\"WebSite\",\"@id\":\"https:\/\/hgh.ca\/foundation\/#website\",\"url\":\"https:\/\/hgh.ca\/foundation\/\",\"name\":\"HGH Foundation\",\"description\":\"The Foundation raises funds for the Hawkesbury General Hospital\",\"potentialAction\":[{\"@type\":\"SearchAction\",\"target\":{\"@type\":\"EntryPoint\",\"urlTemplate\":\"https:\/\/hgh.ca\/foundation\/?s={search_term_string}\"},\"query-input\":\"required name=search_term_string\"}],\"inLanguage\":\"fr-FR\"}]}<\/script>\n<!-- \/ Yoast SEO plugin. -->","yoast_head_json":{"title":"Priorit\u00e9 : ophtalmologie - HGH Foundation","robots":{"index":"index","follow":"follow","max-snippet":"max-snippet:-1","max-image-preview":"max-image-preview:large","max-video-preview":"max-video-preview:-1"},"canonical":"https:\/\/hgh.ca\/foundation\/fr\/on-est-si-bien-chez-soi\/priorite-ophtalmologie\/","og_locale":"fr_FR","og_type":"article","og_title":"Priorit\u00e9 : ophtalmologie - HGH Foundation","og_description":"Aidez-nous \u00e0 offrir des services d&rsquo;ophtalmologie pr\u00e8s de chez vous Nos yeux sont pre\u0301cieux, et leurs muscles sont les plus sollicite\u0301s de notre corps. Cependant, comme tous les autres muscles, ils sont sensibles au vieillissement. Ge\u0301ne\u0301ralement, notre vue baisse en vieillissant alors que l\u2019incidence des maladies lie\u0301es a\u0300 l\u2019a\u0302ge augmente. Les effets les plus courants... View Article","og_url":"https:\/\/hgh.ca\/foundation\/fr\/on-est-si-bien-chez-soi\/priorite-ophtalmologie\/","og_site_name":"HGH Foundation","article_modified_time":"2025-08-22T17:04:18+00:00","og_image":[{"url":"http:\/\/hgh.ca\/foundation\/wp-content\/uploads\/sites\/2\/2021\/12\/ophthalmology-man-eye-exam.jpg"}],"twitter_card":"summary_large_image","twitter_misc":{"Dur\u00e9e de lecture estim\u00e9e":"2 minutes"},"schema":{"@context":"https:\/\/schema.org","@graph":[{"@type":"WebPage","@id":"https:\/\/hgh.ca\/foundation\/fr\/on-est-si-bien-chez-soi\/priorite-ophtalmologie\/","url":"https:\/\/hgh.ca\/foundation\/fr\/on-est-si-bien-chez-soi\/priorite-ophtalmologie\/","name":"Priorit\u00e9 : ophtalmologie - HGH Foundation","isPartOf":{"@id":"https:\/\/hgh.ca\/foundation\/#website"},"primaryImageOfPage":{"@id":"https:\/\/hgh.ca\/foundation\/fr\/on-est-si-bien-chez-soi\/priorite-ophtalmologie\/#primaryimage"},"image":{"@id":"https:\/\/hgh.ca\/foundation\/fr\/on-est-si-bien-chez-soi\/priorite-ophtalmologie\/#primaryimage"},"thumbnailUrl":"http:\/\/hgh.ca\/foundation\/wp-content\/uploads\/sites\/2\/2021\/12\/ophthalmology-man-eye-exam.jpg","datePublished":"2021-12-16T21:59:17+00:00","dateModified":"2025-08-22T17:04:18+00:00","breadcrumb":{"@id":"https:\/\/hgh.ca\/foundation\/fr\/on-est-si-bien-chez-soi\/priorite-ophtalmologie\/#breadcrumb"},"inLanguage":"fr-FR","potentialAction":[{"@type":"ReadAction","target":["https:\/\/hgh.ca\/foundation\/fr\/on-est-si-bien-chez-soi\/priorite-ophtalmologie\/"]}]},{"@type":"ImageObject","inLanguage":"fr-FR","@id":"https:\/\/hgh.ca\/foundation\/fr\/on-est-si-bien-chez-soi\/priorite-ophtalmologie\/#primaryimage","url":"http:\/\/hgh.ca\/foundation\/wp-content\/uploads\/sites\/2\/2021\/12\/ophthalmology-man-eye-exam.jpg","contentUrl":"http:\/\/hgh.ca\/foundation\/wp-content\/uploads\/sites\/2\/2021\/12\/ophthalmology-man-eye-exam.jpg"},{"@type":"BreadcrumbList","@id":"https:\/\/hgh.ca\/foundation\/fr\/on-est-si-bien-chez-soi\/priorite-ophtalmologie\/#breadcrumb","itemListElement":[{"@type":"ListItem","position":1,"name":"Home","item":"https:\/\/hgh.ca\/foundation\/fr\/"},{"@type":"ListItem","position":2,"name":"On est si bien chez soi","item":"https:\/\/hgh.ca\/foundation\/fr\/on-est-si-bien-chez-soi\/"},{"@type":"ListItem","position":3,"name":"Priorit\u00e9 : ophtalmologie"}]},{"@type":"WebSite","@id":"https:\/\/hgh.ca\/foundation\/#website","url":"https:\/\/hgh.ca\/foundation\/","name":"HGH Foundation","description":"The Foundation raises funds for the Hawkesbury General Hospital","potentialAction":[{"@type":"SearchAction","target":{"@type":"EntryPoint","urlTemplate":"https:\/\/hgh.ca\/foundation\/?s={search_term_string}"},"query-input":"required name=search_term_string"}],"inLanguage":"fr-FR"}]}},"_links":{"self":[{"href":"https:\/\/hgh.ca\/foundation\/fr\/wp-json\/wp\/v2\/pages\/3764\/"}],"collection":[{"href":"https:\/\/hgh.ca\/foundation\/fr\/wp-json\/wp\/v2\/pages\/"}],"about":[{"href":"https:\/\/hgh.ca\/foundation\/fr\/wp-json\/wp\/v2\/types\/page\/"}],"author":[{"embeddable":true,"href":"https:\/\/hgh.ca\/foundation\/fr\/wp-json\/wp\/v2\/users\/2\/"}],"replies":[{"embeddable":true,"href":"https:\/\/hgh.ca\/foundation\/fr\/wp-json\/wp\/v2\/comments\/?post=3764"}],"version-history":[{"count":5,"href":"https:\/\/hgh.ca\/foundation\/fr\/wp-json\/wp\/v2\/pages\/3764\/revisions\/"}],"predecessor-version":[{"id":6604,"href":"https:\/\/hgh.ca\/foundation\/fr\/wp-json\/wp\/v2\/pages\/3764\/revisions\/6604\/"}],"up":[{"embeddable":true,"href":"https:\/\/hgh.ca\/foundation\/fr\/wp-json\/wp\/v2\/pages\/2299\/"}],"wp:attachment":[{"href":"https:\/\/hgh.ca\/foundation\/fr\/wp-json\/wp\/v2\/media\/?parent=3764"}],"curies":[{"name":"wp","href":"https:\/\/api.w.org\/{rel}","templated":true}]}}