{"id":3796,"date":"2021-12-17T13:38:30","date_gmt":"2021-12-17T13:38:30","guid":{"rendered":"http:\/\/hgh.ca\/foundation\/?page_id=3796"},"modified":"2025-08-22T13:12:58","modified_gmt":"2025-08-22T17:12:58","slug":"priorite-mammographie-avancee","status":"publish","type":"page","link":"https:\/\/hgh.ca\/foundation\/fr\/on-est-si-bien-chez-soi\/priorite-mammographie-avancee\/","title":{"rendered":"Priorit\u00e9 : mammographie avanc\u00e9e"},"content":{"rendered":"<p><a href=\"http:\/\/hgh.ca\/foundation\/wp-content\/uploads\/sites\/2\/2024\/06\/mammo-mission-accomplie-2.png\"><img loading=\"lazy\" decoding=\"async\" width=\"960\" height=\"560\" class=\"alignnone size-full wp-image-5928\" src=\"http:\/\/hgh.ca\/foundation\/wp-content\/uploads\/sites\/2\/2024\/06\/mammo-mission-accomplie-2.png\" alt=\"Projet Mammographie 3D - merci pour une mission accomplie!\" srcset=\"https:\/\/hgh.ca\/foundation\/wp-content\/uploads\/sites\/2\/2024\/06\/mammo-mission-accomplie-2.png 960w, https:\/\/hgh.ca\/foundation\/wp-content\/uploads\/sites\/2\/2024\/06\/mammo-mission-accomplie-2-250x146.png 250w, https:\/\/hgh.ca\/foundation\/wp-content\/uploads\/sites\/2\/2024\/06\/mammo-mission-accomplie-2-700x408.png 700w, https:\/\/hgh.ca\/foundation\/wp-content\/uploads\/sites\/2\/2024\/06\/mammo-mission-accomplie-2-768x448.png 768w, https:\/\/hgh.ca\/foundation\/wp-content\/uploads\/sites\/2\/2024\/06\/mammo-mission-accomplie-2-120x70.png 120w\" sizes=\"(max-width: 960px) 100vw, 960px\" \/><\/a><\/p>\n<p>&nbsp;<\/p>\n<h2>Un nouvel appareil gr\u00e2ce \u00e0 vos dons!<\/h2>\n<p>Le nouvel appareil de mammographie avanc\u00e9e est arriv\u00e9 \u00e0 l&rsquo;HGH. Regardez la <a href=\"https:\/\/hgh.ca\/foundation\/fr\/un-nouvel-appareil-de-mammographie-grace-aux-donateurs-de-la-fondation\/\">vid\u00e9o de son arriv\u00e9e<\/a>.<\/p>\n<h2>Aidez-nous \u00e0 offrir la mammographie avanc\u00e9e pr\u00e8s de chez vous<\/h2>\n<p>Les statistiques sur le cancer du sein continuent d\u2019e\u0302tre pre\u0301occupantes. Une femme canadienne sur huit de\u0301veloppera un cancer du sein au cours de sa vie. La mammographie est l\u2019un des meilleurs moyens de de\u0301tecter le cancer du sein, et pourtant, trop de femmes e\u0301vitent ou retardent ce simple test.<\/p>\n<p>L\u2019HGH souhaite acque\u0301rir la technologie de mammographie 3D \u2014 un examen simple, moins douloureux et capable de de\u0301tecter un cancer avant me\u0302me l\u2019apparition des sympto\u0302mes.<\/p>\n<p>Cet appareil de de\u0301pistage, appele\u0301 tomosynthe\u0300se mammaire, est un type avance\u0301 d\u2019imagerie mammaire qui utilise des rayons X a\u0300 faible dose et un ordinateur pour reconstituer une image du sein en trois dimensions. C\u2019est une ame\u0301lioration significative en matie\u0300re de de\u0301tection pre\u0301coce et de diagnostic du cancer du sein.<\/p>\n<p>Ce syste\u0300me donne des images d\u2019une pre\u0301cision et d\u2019une clarte\u0301 exceptionnelles aux techniciens et cause peu d\u2019inconfort aux patientes. Il permettra de de\u0301tecter de petites tumeurs\u00a0qui ne pourraient probablement pas e\u0302tre de\u0301tecte\u0301es autrement et d\u2019obtenir de meilleurs taux de de\u0301tection que la mammographie actuellement utilise\u0301e a\u0300 l\u2019HGH.<\/p>\n<p><a href=\"http:\/\/hgh.ca\/foundation\/wp-content\/uploads\/sites\/2\/2021\/12\/dre-julie-maranda.jpg\"><img loading=\"lazy\" decoding=\"async\" class=\"alignleft wp-image-3794 size-medium\" src=\"http:\/\/hgh.ca\/foundation\/wp-content\/uploads\/sites\/2\/2021\/12\/dre-julie-maranda-250x252.jpg\" alt=\"Dre Julie Maranda\" width=\"250\" height=\"252\" srcset=\"https:\/\/hgh.ca\/foundation\/wp-content\/uploads\/sites\/2\/2021\/12\/dre-julie-maranda-250x252.jpg 250w, https:\/\/hgh.ca\/foundation\/wp-content\/uploads\/sites\/2\/2021\/12\/dre-julie-maranda-150x150.jpg 150w, https:\/\/hgh.ca\/foundation\/wp-content\/uploads\/sites\/2\/2021\/12\/dre-julie-maranda-120x121.jpg 120w, https:\/\/hgh.ca\/foundation\/wp-content\/uploads\/sites\/2\/2021\/12\/dre-julie-maranda.jpg 650w\" sizes=\"(max-width: 250px) 100vw, 250px\" \/><\/a>\u00ab Cet e\u0301quipement est conc\u0327u pour offrir une expe\u0301rience plus confortable aux femmes et une image plus pre\u0301cise aux prestataires de soins. Pre\u0301sentement a\u0300\u00a0l\u2019HGH, nos temps d\u2019attente sont tre\u0300s courts pour\u00a0le de\u0301pistage par mammographie. Donc, de\u0300s\u00a0que nous aurons ce nouvel e\u0301quipement, un plus\u00a0grand nombre de femmes en be\u0301ne\u0301ficieront.\u00bb<br \/>\n-Dre Julie Maranda, ancienne me\u0301decin-chef de l\u2019HGH<\/p>\n<p>Le remplacement de l\u2019e\u0301quipement actuel de l\u2019HGH par cette technologie 3D ame\u0301liorera l\u2019expe\u0301rience des patientes, produira des images plus nettes et de\u0301taille\u0301es et entrai\u0302nera de meilleurs re\u0301sultats pour les femmes de notre re\u0301gion.<\/p>\n<p>Le cou\u0302t de l\u2019e\u0301quipement de mammographie avance\u0301e s\u2019e\u0301le\u0300ve a\u0300 830 000 dollars.<\/p>\n<p>Votre don aidera l\u2019h\u00f4pital \u00e0 r\u00e9pondre aux besoins de nos patients, en tout temps, et surtout lorsque les gens en ont le plus besoin\u2026 parce que tout simplement <em>On est si bien chez soi!<\/em>\u00a0Apprenez-en davantage sur notre <a href=\"https:\/\/hgh.ca\/foundation\/fr\/on-est-si-bien-chez-soi\/\">campagne de financement et comment vous pouvez aider<\/a>.<\/p>\n","protected":false},"excerpt":{"rendered":"&nbsp; Un nouvel appareil gr\u00e2ce \u00e0 vos dons! Le nouvel appareil de mammographie avanc\u00e9e est arriv\u00e9 \u00e0 l&rsquo;HGH. Regardez la vid\u00e9o de son arriv\u00e9e. Aidez-nous \u00e0 offrir la mammographie avanc\u00e9e pr\u00e8s de chez vous Les statistiques sur le cancer du sein continuent d\u2019e\u0302tre pre\u0301occupantes. Une femme canadienne sur huit de\u0301veloppera un cancer du sein au&#8230; <a class=\"btn btn--primary\" href=\"https:\/\/hgh.ca\/foundation\/fr\/on-est-si-bien-chez-soi\/priorite-mammographie-avancee\/\">View Article<\/a>","protected":false},"author":2,"featured_media":0,"parent":2299,"menu_order":4,"comment_status":"closed","ping_status":"closed","template":"","meta":{"_acf_changed":false,"footnotes":""},"class_list":["post-3796","page","type-page","status-publish","hentry"],"acf":[],"yoast_head":"<!-- This site is optimized with the Yoast SEO plugin v23.0 - https:\/\/yoast.com\/wordpress\/plugins\/seo\/ -->\n<title>Priorit\u00e9 : mammographie avanc\u00e9e - HGH Foundation<\/title>\n<meta name=\"robots\" content=\"index, follow, max-snippet:-1, max-image-preview:large, max-video-preview:-1\" \/>\n<link rel=\"canonical\" href=\"https:\/\/hgh.ca\/foundation\/fr\/on-est-si-bien-chez-soi\/priorite-mammographie-avancee\/\" \/>\n<meta property=\"og:locale\" content=\"fr_FR\" \/>\n<meta property=\"og:type\" content=\"article\" \/>\n<meta property=\"og:title\" content=\"Priorit\u00e9 : mammographie avanc\u00e9e - HGH Foundation\" \/>\n<meta property=\"og:description\" content=\"&nbsp; Un nouvel appareil gr\u00e2ce \u00e0 vos dons! Le nouvel appareil de mammographie avanc\u00e9e est arriv\u00e9 \u00e0 l&rsquo;HGH. Regardez la vid\u00e9o de son arriv\u00e9e. Aidez-nous \u00e0 offrir la mammographie avanc\u00e9e pr\u00e8s de chez vous Les statistiques sur le cancer du sein continuent d\u2019e\u0302tre pre\u0301occupantes. Une femme canadienne sur huit de\u0301veloppera un cancer du sein au... View Article\" \/>\n<meta property=\"og:url\" content=\"https:\/\/hgh.ca\/foundation\/fr\/on-est-si-bien-chez-soi\/priorite-mammographie-avancee\/\" \/>\n<meta property=\"og:site_name\" content=\"HGH Foundation\" \/>\n<meta property=\"article:modified_time\" content=\"2025-08-22T17:12:58+00:00\" \/>\n<meta property=\"og:image\" content=\"http:\/\/hgh.ca\/foundation\/wp-content\/uploads\/sites\/2\/2024\/06\/mammo-mission-accomplie-2.png\" \/>\n<meta name=\"twitter:card\" content=\"summary_large_image\" \/>\n<meta name=\"twitter:label1\" content=\"Dur\u00e9e de lecture estim\u00e9e\" \/>\n\t<meta name=\"twitter:data1\" content=\"2 minutes\" \/>\n<script type=\"application\/ld+json\" class=\"yoast-schema-graph\">{\"@context\":\"https:\/\/schema.org\",\"@graph\":[{\"@type\":\"WebPage\",\"@id\":\"https:\/\/hgh.ca\/foundation\/fr\/on-est-si-bien-chez-soi\/priorite-mammographie-avancee\/\",\"url\":\"https:\/\/hgh.ca\/foundation\/fr\/on-est-si-bien-chez-soi\/priorite-mammographie-avancee\/\",\"name\":\"Priorit\u00e9 : mammographie avanc\u00e9e - HGH Foundation\",\"isPartOf\":{\"@id\":\"https:\/\/hgh.ca\/foundation\/#website\"},\"primaryImageOfPage\":{\"@id\":\"https:\/\/hgh.ca\/foundation\/fr\/on-est-si-bien-chez-soi\/priorite-mammographie-avancee\/#primaryimage\"},\"image\":{\"@id\":\"https:\/\/hgh.ca\/foundation\/fr\/on-est-si-bien-chez-soi\/priorite-mammographie-avancee\/#primaryimage\"},\"thumbnailUrl\":\"http:\/\/hgh.ca\/foundation\/wp-content\/uploads\/sites\/2\/2024\/06\/mammo-mission-accomplie-2.png\",\"datePublished\":\"2021-12-17T13:38:30+00:00\",\"dateModified\":\"2025-08-22T17:12:58+00:00\",\"breadcrumb\":{\"@id\":\"https:\/\/hgh.ca\/foundation\/fr\/on-est-si-bien-chez-soi\/priorite-mammographie-avancee\/#breadcrumb\"},\"inLanguage\":\"fr-FR\",\"potentialAction\":[{\"@type\":\"ReadAction\",\"target\":[\"https:\/\/hgh.ca\/foundation\/fr\/on-est-si-bien-chez-soi\/priorite-mammographie-avancee\/\"]}]},{\"@type\":\"ImageObject\",\"inLanguage\":\"fr-FR\",\"@id\":\"https:\/\/hgh.ca\/foundation\/fr\/on-est-si-bien-chez-soi\/priorite-mammographie-avancee\/#primaryimage\",\"url\":\"http:\/\/hgh.ca\/foundation\/wp-content\/uploads\/sites\/2\/2024\/06\/mammo-mission-accomplie-2.png\",\"contentUrl\":\"http:\/\/hgh.ca\/foundation\/wp-content\/uploads\/sites\/2\/2024\/06\/mammo-mission-accomplie-2.png\"},{\"@type\":\"BreadcrumbList\",\"@id\":\"https:\/\/hgh.ca\/foundation\/fr\/on-est-si-bien-chez-soi\/priorite-mammographie-avancee\/#breadcrumb\",\"itemListElement\":[{\"@type\":\"ListItem\",\"position\":1,\"name\":\"Home\",\"item\":\"https:\/\/hgh.ca\/foundation\/fr\/\"},{\"@type\":\"ListItem\",\"position\":2,\"name\":\"On est si bien chez soi\",\"item\":\"https:\/\/hgh.ca\/foundation\/fr\/on-est-si-bien-chez-soi\/\"},{\"@type\":\"ListItem\",\"position\":3,\"name\":\"Priorit\u00e9 : mammographie avanc\u00e9e\"}]},{\"@type\":\"WebSite\",\"@id\":\"https:\/\/hgh.ca\/foundation\/#website\",\"url\":\"https:\/\/hgh.ca\/foundation\/\",\"name\":\"HGH Foundation\",\"description\":\"The Foundation raises funds for the Hawkesbury General Hospital\",\"potentialAction\":[{\"@type\":\"SearchAction\",\"target\":{\"@type\":\"EntryPoint\",\"urlTemplate\":\"https:\/\/hgh.ca\/foundation\/?s={search_term_string}\"},\"query-input\":\"required name=search_term_string\"}],\"inLanguage\":\"fr-FR\"}]}<\/script>\n<!-- \/ Yoast SEO plugin. -->","yoast_head_json":{"title":"Priorit\u00e9 : mammographie avanc\u00e9e - HGH Foundation","robots":{"index":"index","follow":"follow","max-snippet":"max-snippet:-1","max-image-preview":"max-image-preview:large","max-video-preview":"max-video-preview:-1"},"canonical":"https:\/\/hgh.ca\/foundation\/fr\/on-est-si-bien-chez-soi\/priorite-mammographie-avancee\/","og_locale":"fr_FR","og_type":"article","og_title":"Priorit\u00e9 : mammographie avanc\u00e9e - HGH Foundation","og_description":"&nbsp; Un nouvel appareil gr\u00e2ce \u00e0 vos dons! Le nouvel appareil de mammographie avanc\u00e9e est arriv\u00e9 \u00e0 l&rsquo;HGH. Regardez la vid\u00e9o de son arriv\u00e9e. Aidez-nous \u00e0 offrir la mammographie avanc\u00e9e pr\u00e8s de chez vous Les statistiques sur le cancer du sein continuent d\u2019e\u0302tre pre\u0301occupantes. Une femme canadienne sur huit de\u0301veloppera un cancer du sein au... View Article","og_url":"https:\/\/hgh.ca\/foundation\/fr\/on-est-si-bien-chez-soi\/priorite-mammographie-avancee\/","og_site_name":"HGH Foundation","article_modified_time":"2025-08-22T17:12:58+00:00","og_image":[{"url":"http:\/\/hgh.ca\/foundation\/wp-content\/uploads\/sites\/2\/2024\/06\/mammo-mission-accomplie-2.png"}],"twitter_card":"summary_large_image","twitter_misc":{"Dur\u00e9e de lecture estim\u00e9e":"2 minutes"},"schema":{"@context":"https:\/\/schema.org","@graph":[{"@type":"WebPage","@id":"https:\/\/hgh.ca\/foundation\/fr\/on-est-si-bien-chez-soi\/priorite-mammographie-avancee\/","url":"https:\/\/hgh.ca\/foundation\/fr\/on-est-si-bien-chez-soi\/priorite-mammographie-avancee\/","name":"Priorit\u00e9 : mammographie avanc\u00e9e - HGH Foundation","isPartOf":{"@id":"https:\/\/hgh.ca\/foundation\/#website"},"primaryImageOfPage":{"@id":"https:\/\/hgh.ca\/foundation\/fr\/on-est-si-bien-chez-soi\/priorite-mammographie-avancee\/#primaryimage"},"image":{"@id":"https:\/\/hgh.ca\/foundation\/fr\/on-est-si-bien-chez-soi\/priorite-mammographie-avancee\/#primaryimage"},"thumbnailUrl":"http:\/\/hgh.ca\/foundation\/wp-content\/uploads\/sites\/2\/2024\/06\/mammo-mission-accomplie-2.png","datePublished":"2021-12-17T13:38:30+00:00","dateModified":"2025-08-22T17:12:58+00:00","breadcrumb":{"@id":"https:\/\/hgh.ca\/foundation\/fr\/on-est-si-bien-chez-soi\/priorite-mammographie-avancee\/#breadcrumb"},"inLanguage":"fr-FR","potentialAction":[{"@type":"ReadAction","target":["https:\/\/hgh.ca\/foundation\/fr\/on-est-si-bien-chez-soi\/priorite-mammographie-avancee\/"]}]},{"@type":"ImageObject","inLanguage":"fr-FR","@id":"https:\/\/hgh.ca\/foundation\/fr\/on-est-si-bien-chez-soi\/priorite-mammographie-avancee\/#primaryimage","url":"http:\/\/hgh.ca\/foundation\/wp-content\/uploads\/sites\/2\/2024\/06\/mammo-mission-accomplie-2.png","contentUrl":"http:\/\/hgh.ca\/foundation\/wp-content\/uploads\/sites\/2\/2024\/06\/mammo-mission-accomplie-2.png"},{"@type":"BreadcrumbList","@id":"https:\/\/hgh.ca\/foundation\/fr\/on-est-si-bien-chez-soi\/priorite-mammographie-avancee\/#breadcrumb","itemListElement":[{"@type":"ListItem","position":1,"name":"Home","item":"https:\/\/hgh.ca\/foundation\/fr\/"},{"@type":"ListItem","position":2,"name":"On est si bien chez soi","item":"https:\/\/hgh.ca\/foundation\/fr\/on-est-si-bien-chez-soi\/"},{"@type":"ListItem","position":3,"name":"Priorit\u00e9 : mammographie avanc\u00e9e"}]},{"@type":"WebSite","@id":"https:\/\/hgh.ca\/foundation\/#website","url":"https:\/\/hgh.ca\/foundation\/","name":"HGH Foundation","description":"The Foundation raises funds for the Hawkesbury General Hospital","potentialAction":[{"@type":"SearchAction","target":{"@type":"EntryPoint","urlTemplate":"https:\/\/hgh.ca\/foundation\/?s={search_term_string}"},"query-input":"required name=search_term_string"}],"inLanguage":"fr-FR"}]}},"_links":{"self":[{"href":"https:\/\/hgh.ca\/foundation\/fr\/wp-json\/wp\/v2\/pages\/3796\/"}],"collection":[{"href":"https:\/\/hgh.ca\/foundation\/fr\/wp-json\/wp\/v2\/pages\/"}],"about":[{"href":"https:\/\/hgh.ca\/foundation\/fr\/wp-json\/wp\/v2\/types\/page\/"}],"author":[{"embeddable":true,"href":"https:\/\/hgh.ca\/foundation\/fr\/wp-json\/wp\/v2\/users\/2\/"}],"replies":[{"embeddable":true,"href":"https:\/\/hgh.ca\/foundation\/fr\/wp-json\/wp\/v2\/comments\/?post=3796"}],"version-history":[{"count":5,"href":"https:\/\/hgh.ca\/foundation\/fr\/wp-json\/wp\/v2\/pages\/3796\/revisions\/"}],"predecessor-version":[{"id":6610,"href":"https:\/\/hgh.ca\/foundation\/fr\/wp-json\/wp\/v2\/pages\/3796\/revisions\/6610\/"}],"up":[{"embeddable":true,"href":"https:\/\/hgh.ca\/foundation\/fr\/wp-json\/wp\/v2\/pages\/2299\/"}],"wp:attachment":[{"href":"https:\/\/hgh.ca\/foundation\/fr\/wp-json\/wp\/v2\/media\/?parent=3796"}],"curies":[{"name":"wp","href":"https:\/\/api.w.org\/{rel}","templated":true}]}}