{"id":3884,"date":"2022-02-07T19:03:08","date_gmt":"2022-02-07T19:03:08","guid":{"rendered":"http:\/\/hgh.ca\/foundation\/?page_id=3884"},"modified":"2025-07-25T09:54:03","modified_gmt":"2025-07-25T13:54:03","slug":"limportance-de-contribuer","status":"publish","type":"page","link":"https:\/\/hgh.ca\/foundation\/fr\/limportance-de-contribuer\/","title":{"rendered":"L\u2019importance de contribuer"},"content":{"rendered":"<p><a href=\"http:\/\/hgh.ca\/foundation\/wp-content\/uploads\/sites\/2\/2022\/01\/le-rythme-hiver-2022.png\"><img loading=\"lazy\" decoding=\"async\" width=\"960\" height=\"308\" class=\"alignnone size-full wp-image-3868\" src=\"http:\/\/hgh.ca\/foundation\/wp-content\/uploads\/sites\/2\/2022\/01\/le-rythme-hiver-2022.png\" alt=\"\u00c9dition Hiver 2022 de l'infolettre \u00e9lectronique Le Rythme pr\u00e9sentant des nouvelles de la Fondation HGH\" srcset=\"https:\/\/hgh.ca\/foundation\/wp-content\/uploads\/sites\/2\/2022\/01\/le-rythme-hiver-2022.png 960w, https:\/\/hgh.ca\/foundation\/wp-content\/uploads\/sites\/2\/2022\/01\/le-rythme-hiver-2022-250x80.png 250w, https:\/\/hgh.ca\/foundation\/wp-content\/uploads\/sites\/2\/2022\/01\/le-rythme-hiver-2022-700x225.png 700w, https:\/\/hgh.ca\/foundation\/wp-content\/uploads\/sites\/2\/2022\/01\/le-rythme-hiver-2022-768x246.png 768w, https:\/\/hgh.ca\/foundation\/wp-content\/uploads\/sites\/2\/2022\/01\/le-rythme-hiver-2022-120x39.png 120w\" sizes=\"(max-width: 960px) 100vw, 960px\" \/><\/a><\/p>\n<p class=\"lead\">Entrevue avec une b\u00e9n\u00e9vole et donatrice de la Fondation HGH sur l\u2019importance de contribuer \u00e0 notre avenir en soins de sant\u00e9<\/p>\n<h2>Pourriez-vous nous parler un peu de vous\u2009?<\/h2>\n<p>Mon nom est Ginette Labelle. Je suis originaire de Ste-Th\u00e9r\u00e8se dans les Basses-Laurentides o\u00f9 j\u2019y ai pass\u00e9 une grande partie de ma vie. En 1996, j\u2019ai rencontr\u00e9 mon mari qui lui, est originaire de L\u2019Orignal. C\u2019est en 2000 que nous avons d\u00e9cid\u00e9 d\u2019acheter la maison familiale de mon mari pour en faire notre r\u00e9sidence principale. J\u2019ai une premi\u00e8re formation en secr\u00e9tariat juridique. J\u2019ai \u00e9galement un certificat universitaire en ressources humaines et une ma\u00eetrise en administration (MBA). Ces \u00e9tudes m\u2019ont permis de faire carri\u00e8re en ressources humaines pendant plus de 25 ans au sein de grandes entreprises o\u00f9 j\u2019ai eu la chance d\u2019\u00e9voluer et o\u00f9 j\u2019ai pu mettre en place plusieurs programmes de gestion et de formation. J\u2019ai pris ma retraite en 2017.<\/p>\n<h2>Pourquoi avez-vous choisi de vous impliquer avec la Fondation HGH\u2009?<\/h2>\n<p>C\u2019est par l\u2019entremise d\u2019un de mes beaux-fr\u00e8res, alors membre du Conseil d\u2019administration de la Fondation HGH, que j\u2019en ai entendu parler. Sachant que l\u2019h\u00f4pital est un atout important pour notre communaut\u00e9, ainsi que pour notre r\u00e9gion, et cherchant un moyen de m\u2019impliquer aupr\u00e8s d\u2019un organisme, je me suis dit que mon exp\u00e9rience en ressources humaines pourrait \u00eatre utile \u00e0 la Fondation HGH et son Conseil d\u2019administration. Je voulais, d\u2019une certaine fa\u00e7on, faire ma part, car notre h\u00f4pital est tellement important.<\/p>\n<h2>Depuis combien de temps \u00eates-vous impliqu\u00e9e avec la Fondation de l\u2019H\u00f4pital g\u00e9n\u00e9ral de Hawkesbury et district (HGH)\u2009?<\/h2>\n<p>J\u2019ai joint le Conseil d\u2019administration de la Fondation HGH \u00e0 l\u2019hiver 2020\u2009; donc, cela fait maintenant deux ans.<\/p>\n<h2>Dans quels projets ou \u00e9v\u00e9nements sp\u00e9cifiques de la Fondation HGH avez-vous \u00e9t\u00e9 impliqu\u00e9e\u2009? Pourquoi\u2009?<\/h2>\n<p>En plus de mon r\u00f4le sur le Conseil d\u2019administration, j\u2019ai jusqu\u2019\u00e0 pr\u00e9sent aid\u00e9 \u00e0 organiser deux \u00e9v\u00e9nements. Le premier est le concert virtuel qui a eu lieu en 2020. C\u2019\u00e9tait un beau spectacle\u2009! Le deuxi\u00e8me a eu lieu \u00e0 l\u2019automne 2021\u2009; c\u2019\u00e9tait un \u00e9v\u00e9nement de golf d\u2019une dur\u00e9e d\u2019une semaine (Golfons pour la Fondation HGH). Je suis \u00e9galement membre et pr\u00e9sidente du Comit\u00e9 de philanthropie de la Fondation HGH. J\u2019ai certainement h\u00e2te de pouvoir m\u2019impliquer avec d\u2019autres projets \u00e0 venir.<\/p>\n<h2>Qu\u2019est-ce que vous aimez le plus de votre r\u00f4le au sein du Conseil d\u2019administration de la Fondation HGH\u2009?<\/h2>\n<p>En tant que membre du Conseil d\u2019administration et du Comit\u00e9 de philanthropie, j\u2019aime faire partie des discussions sur les enjeux et les options qui se pr\u00e9sentent \u00e0 la Fondation HGH. Pour moi, c\u2019est important d\u2019\u00eatre partie prenante de ces conversations qui ont un impact direct sur les collectes de fonds qui sont n\u00e9cessaires \u00e0 l\u2019atteinte des objectifs de la Fondation HGH. J\u2019aime le travail d\u2019\u00e9quipe. J\u2019ai toujours travaill\u00e9 avec les gens. M\u00eame si j\u2019ai de nombreuses ann\u00e9es d\u2019exp\u00e9rience en gestion, c\u2019est la premi\u00e8re fois que j\u2019ai un r\u00f4le au sein d\u2019une fondation. Cela me permet d\u2019apprendre le fonctionnement de celle-ci, mais aussi de comprendre les d\u00e9fis que peut repr\u00e9senter ce domaine. C\u2019est tr\u00e8s enrichissant.<\/p>\n<p>La t\u00e9nacit\u00e9, la d\u00e9termination et le d\u00e9vouement du personnel et des membres du Conseil sont, pour moi, ce qui est le plus marquant et j\u2019appr\u00e9cie cette dynamique.<\/p>\n<p>La g\u00e9n\u00e9rosit\u00e9 des donateurs, malgr\u00e9 la p\u00e9riode difficile que nous vivons, est aussi, en soi, un \u00e9l\u00e9ment tr\u00e8s marquant pour moi.<\/p>\n<h2>Pourriez-vous nous d\u00e9crire l\u2019importance qu\u2019a pour vous la campagne actuelle de la Fondation HGH, On est si bien chez soi\u2009?<\/h2>\n<p>Avoir les meilleurs soins possibles, pr\u00e8s de chez soi, est d\u2019une importance majeure pour moi. Cela facilite tellement la vie des patients, mais aussi celle des proches aidants et de toute la famille. Avoir acc\u00e8s \u00e0 des soins, sans avoir \u00e0 faire de longues distances pour acc\u00e9der \u00e0 ceux-ci, est essentiel et am\u00e9liore la qualit\u00e9 de vie.<\/p>\n<p>Soutenir l\u2019achat d\u2019\u00e9quipement m\u00e9dical n\u00e9cessaire apportera plus de services sp\u00e9cialis\u00e9s \u00e0 l\u2019HGH et, plus notre h\u00f4pital sera \u00e0 la fine pointe, plus nous pourrons attirer les professionnels de la sant\u00e9 et les sp\u00e9cialistes dont nous avons besoin.<\/p>\n<p>Il faut \u00e9galement savoir et comprendre que l\u2019\u00e9quipement n\u00e9cessaire pour les services offerts \u00e0 notre h\u00f4pital n\u2019est pas tout couvert par le gouvernement\u2009; de l\u00e0, l\u2019importance de soutenir les priorit\u00e9s de financement de la Fondation HGH.<\/p>\n<p>Tout ceci est pourquoi je suis, moi-m\u00eame, une donatrice mensuelle de la Fondation HGH. Je suis tr\u00e8s fi\u00e8re de savoir que je contribue \u00e0 l\u2019avenir de notre h\u00f4pital et des soins de sant\u00e9 pour notre r\u00e9gion.<\/p>\n<blockquote><p>La campagne, On est si bien chez soi, soutiendra l\u2019achat d\u2019\u00e9quipement m\u00e9dical essentiel pour de nouveaux services \u00e0 l\u2019HGH, tels que la chirurgie de la cataracte, les remplacements de genou et de hanche, et plus encore\u2009! La campagne permettra l\u2019acc\u00e8s \u00e0 davantage de soins sp\u00e9cialis\u00e9s, plus pr\u00e8s du domicile, en mettant l\u2019accent sur le d\u00e9veloppement des services en chirurgie orthop\u00e9dique, en urologie, en ophtalmologie, en endoscopie et en mammographie avanc\u00e9e. Le soutien envers cette campagne contribuera \u00e0 faire en sorte que nos familles et nos amis puissent recevoir des soins m\u00e9dicaux sp\u00e9cialis\u00e9s \u00e0 l\u2019HGH sans avoir \u00e0 se d\u00e9placer ailleurs. Pour plus d\u2019information sur la campagne, visitez <a href=\"http:\/\/hgh.ca\/foundation\/fr\/on-est-si-bien-chez-soi\/\">On est si bien chez soi<\/a>.<\/p><\/blockquote>\n<h2>Y a-t-il d\u00e9j\u00e0 eu un moment dans votre vie personnelle o\u00f9 vous, votre famille ou un proche avez eu recours aux services de l\u2019HGH\u2009?<\/h2>\n<p>J\u2019avoue, je me consid\u00e8re tr\u00e8s chanceuse. Lorsque j\u2019ai eu des probl\u00e8mes de sant\u00e9 en 2017, on m\u2019a rapidement r\u00e9f\u00e9r\u00e9e \u00e0 l\u2019HGH pour des tests, qui ont \u00e9t\u00e9 faits rapidement. Ceci m\u2019a permis d\u2019avoir une op\u00e9ration dans de courts d\u00e9lais, ce qui a fait en sorte que je me porte tr\u00e8s bien aujourd\u2019hui. Je suis tr\u00e8s reconnaissante pour les bons soins que j\u2019ai re\u00e7us.<\/p>\n<p><a href=\"http:\/\/hgh.ca\/foundation\/wp-content\/uploads\/sites\/2\/2022\/01\/ginette-labelle-et-daniel-parisien.jpg\"><img loading=\"lazy\" decoding=\"async\" class=\"alignleft wp-image-3880\" src=\"http:\/\/hgh.ca\/foundation\/wp-content\/uploads\/sites\/2\/2022\/01\/ginette-labelle-et-daniel-parisien-250x188.jpg\" alt=\"Couple de donateurs Daniel Parisien et Ginette Labelle\" width=\"350\" height=\"263\" srcset=\"https:\/\/hgh.ca\/foundation\/wp-content\/uploads\/sites\/2\/2022\/01\/ginette-labelle-et-daniel-parisien-250x188.jpg 250w, https:\/\/hgh.ca\/foundation\/wp-content\/uploads\/sites\/2\/2022\/01\/ginette-labelle-et-daniel-parisien-120x90.jpg 120w, https:\/\/hgh.ca\/foundation\/wp-content\/uploads\/sites\/2\/2022\/01\/ginette-labelle-et-daniel-parisien.jpg 650w\" sizes=\"(max-width: 350px) 100vw, 350px\" \/><\/a>Mon mari a aussi d\u00fb \u00eatre soign\u00e9 \u00e0 l\u2019HGH o\u00f9 il a \u00e9t\u00e9 tr\u00e8s bien pris en charge. Il a d\u00fb subir une l\u00e9g\u00e8re intervention \u00e0 un genou. Malheureusement, \u00e0 ce moment-l\u00e0, elle ne pouvait se faire \u00e0 l\u2019HGH\u2009; donc, nous avons d\u00fb nous rendre \u00e0 Ottawa. Cette exp\u00e9rience, m\u00eame si elle s\u2019est bien pass\u00e9e, confirme encore plus, pour moi, la n\u00e9cessit\u00e9 d\u2019avoir les \u00e9quipements et les ressources n\u00e9cessaires pour ce genre de service pr\u00e8s de chez nous. Le stress et le temps requis pour faire des d\u00e9placements au loin, surtout lorsqu\u2019on est en douleur, n\u2019est pas facile. Nous sommes chanceux, car nous avons \u00e9t\u00e9 capables de conduire jusqu\u2019\u00e0 Ottawa. Mais, ce n\u2019est pas tout le monde qui est capable de le faire\u2009; donc, je ne peux qu\u2019imaginer le genre de d\u00e9fi que \u00e7a peut repr\u00e9senter pour eux.<\/p>\n<p>Malgr\u00e9 ce qui peut parfois \u00eatre dit sur les d\u00e9lais dans les h\u00f4pitaux, je peux dire qu\u2019\u00e0 chacune de mes pr\u00e9sences pour moi ou quelqu\u2019un de mon entourage, nous avons eu d\u2019excellents soins \u00e0 l\u2019HGH. Raison de plus pour que je soutienne les efforts de la Fondation HGH afin d\u2019aider \u00e0 maintenir et d\u00e9velopper davantage ces services importants.<\/p>\n<h2>Quels sentiments est-ce que \u00e7a \u00e9voque en vous lorsque les gens de notre communaut\u00e9 font un don \u00e0 la Fondation HGH\u2009?<\/h2>\n<p>Cela me donne un grand sentiment de reconnaissance. Chaque geste et chaque don, quel qu\u2019il soit, est un pas dans la bonne direction vers doter notre h\u00f4pital des ressources n\u00e9cessaires aux soins offerts et au bien-\u00eatre de notre communaut\u00e9. Un don n\u2019est pas seulement un geste de partage avec la communaut\u00e9, il est aussi un geste pour soi et pour ceux qu\u2019on aime.<\/p>\n<p><strong>Merci de votre soutien\u2009! C\u2019est si important\u2009! Vous faites vraiment une diff\u00e9rence \u00e0 tous les jours dans la vie des patients et de leurs familles, ainsi que pour le personnel de l\u2019h\u00f4pital.<\/strong><\/p>\n","protected":false},"excerpt":{"rendered":"Entrevue avec une b\u00e9n\u00e9vole et donatrice de la Fondation HGH sur l\u2019importance de contribuer \u00e0 notre avenir en soins de sant\u00e9 Pourriez-vous nous parler un peu de vous\u2009? Mon nom est Ginette Labelle. Je suis originaire de Ste-Th\u00e9r\u00e8se dans les Basses-Laurentides o\u00f9 j\u2019y ai pass\u00e9 une grande partie de ma vie. En 1996, j\u2019ai rencontr\u00e9&#8230; <a class=\"btn btn--primary\" href=\"https:\/\/hgh.ca\/foundation\/fr\/limportance-de-contribuer\/\">View Article<\/a>","protected":false},"author":2,"featured_media":0,"parent":0,"menu_order":5,"comment_status":"closed","ping_status":"closed","template":"","meta":{"_acf_changed":false,"footnotes":""},"class_list":["post-3884","page","type-page","status-publish","hentry"],"acf":[],"yoast_head":"<!-- This site is optimized with the Yoast SEO plugin v23.0 - https:\/\/yoast.com\/wordpress\/plugins\/seo\/ -->\n<title>L\u2019importance de contribuer - HGH Foundation<\/title>\n<meta name=\"robots\" content=\"index, follow, max-snippet:-1, max-image-preview:large, max-video-preview:-1\" \/>\n<link rel=\"canonical\" href=\"https:\/\/hgh.ca\/foundation\/fr\/limportance-de-contribuer\/\" \/>\n<meta property=\"og:locale\" content=\"fr_FR\" \/>\n<meta property=\"og:type\" content=\"article\" \/>\n<meta property=\"og:title\" content=\"L\u2019importance de contribuer - HGH Foundation\" \/>\n<meta property=\"og:description\" content=\"Entrevue avec une b\u00e9n\u00e9vole et donatrice de la Fondation HGH sur l\u2019importance de contribuer \u00e0 notre avenir en soins de sant\u00e9 Pourriez-vous nous parler un peu de vous\u2009? Mon nom est Ginette Labelle. Je suis originaire de Ste-Th\u00e9r\u00e8se dans les Basses-Laurentides o\u00f9 j\u2019y ai pass\u00e9 une grande partie de ma vie. En 1996, j\u2019ai rencontr\u00e9... View Article\" \/>\n<meta property=\"og:url\" content=\"https:\/\/hgh.ca\/foundation\/fr\/limportance-de-contribuer\/\" \/>\n<meta property=\"og:site_name\" content=\"HGH Foundation\" \/>\n<meta property=\"article:modified_time\" content=\"2025-07-25T13:54:03+00:00\" \/>\n<meta property=\"og:image\" content=\"http:\/\/hgh.ca\/foundation\/wp-content\/uploads\/sites\/2\/2022\/01\/le-rythme-hiver-2022.png\" \/>\n<meta name=\"twitter:card\" content=\"summary_large_image\" \/>\n<meta name=\"twitter:label1\" content=\"Dur\u00e9e de lecture estim\u00e9e\" \/>\n\t<meta name=\"twitter:data1\" content=\"6 minutes\" \/>\n<script type=\"application\/ld+json\" class=\"yoast-schema-graph\">{\"@context\":\"https:\/\/schema.org\",\"@graph\":[{\"@type\":\"WebPage\",\"@id\":\"https:\/\/hgh.ca\/foundation\/fr\/limportance-de-contribuer\/\",\"url\":\"https:\/\/hgh.ca\/foundation\/fr\/limportance-de-contribuer\/\",\"name\":\"L\u2019importance de contribuer - HGH Foundation\",\"isPartOf\":{\"@id\":\"https:\/\/hgh.ca\/foundation\/#website\"},\"primaryImageOfPage\":{\"@id\":\"https:\/\/hgh.ca\/foundation\/fr\/limportance-de-contribuer\/#primaryimage\"},\"image\":{\"@id\":\"https:\/\/hgh.ca\/foundation\/fr\/limportance-de-contribuer\/#primaryimage\"},\"thumbnailUrl\":\"http:\/\/hgh.ca\/foundation\/wp-content\/uploads\/sites\/2\/2022\/01\/le-rythme-hiver-2022.png\",\"datePublished\":\"2022-02-07T19:03:08+00:00\",\"dateModified\":\"2025-07-25T13:54:03+00:00\",\"breadcrumb\":{\"@id\":\"https:\/\/hgh.ca\/foundation\/fr\/limportance-de-contribuer\/#breadcrumb\"},\"inLanguage\":\"fr-FR\",\"potentialAction\":[{\"@type\":\"ReadAction\",\"target\":[\"https:\/\/hgh.ca\/foundation\/fr\/limportance-de-contribuer\/\"]}]},{\"@type\":\"ImageObject\",\"inLanguage\":\"fr-FR\",\"@id\":\"https:\/\/hgh.ca\/foundation\/fr\/limportance-de-contribuer\/#primaryimage\",\"url\":\"http:\/\/hgh.ca\/foundation\/wp-content\/uploads\/sites\/2\/2022\/01\/le-rythme-hiver-2022.png\",\"contentUrl\":\"http:\/\/hgh.ca\/foundation\/wp-content\/uploads\/sites\/2\/2022\/01\/le-rythme-hiver-2022.png\"},{\"@type\":\"BreadcrumbList\",\"@id\":\"https:\/\/hgh.ca\/foundation\/fr\/limportance-de-contribuer\/#breadcrumb\",\"itemListElement\":[{\"@type\":\"ListItem\",\"position\":1,\"name\":\"Home\",\"item\":\"https:\/\/hgh.ca\/foundation\/fr\/\"},{\"@type\":\"ListItem\",\"position\":2,\"name\":\"L\u2019importance de contribuer\"}]},{\"@type\":\"WebSite\",\"@id\":\"https:\/\/hgh.ca\/foundation\/#website\",\"url\":\"https:\/\/hgh.ca\/foundation\/\",\"name\":\"HGH Foundation\",\"description\":\"The Foundation raises funds for the Hawkesbury General Hospital\",\"potentialAction\":[{\"@type\":\"SearchAction\",\"target\":{\"@type\":\"EntryPoint\",\"urlTemplate\":\"https:\/\/hgh.ca\/foundation\/?s={search_term_string}\"},\"query-input\":\"required name=search_term_string\"}],\"inLanguage\":\"fr-FR\"}]}<\/script>\n<!-- \/ Yoast SEO plugin. -->","yoast_head_json":{"title":"L\u2019importance de contribuer - HGH Foundation","robots":{"index":"index","follow":"follow","max-snippet":"max-snippet:-1","max-image-preview":"max-image-preview:large","max-video-preview":"max-video-preview:-1"},"canonical":"https:\/\/hgh.ca\/foundation\/fr\/limportance-de-contribuer\/","og_locale":"fr_FR","og_type":"article","og_title":"L\u2019importance de contribuer - HGH Foundation","og_description":"Entrevue avec une b\u00e9n\u00e9vole et donatrice de la Fondation HGH sur l\u2019importance de contribuer \u00e0 notre avenir en soins de sant\u00e9 Pourriez-vous nous parler un peu de vous\u2009? Mon nom est Ginette Labelle. Je suis originaire de Ste-Th\u00e9r\u00e8se dans les Basses-Laurentides o\u00f9 j\u2019y ai pass\u00e9 une grande partie de ma vie. En 1996, j\u2019ai rencontr\u00e9... View Article","og_url":"https:\/\/hgh.ca\/foundation\/fr\/limportance-de-contribuer\/","og_site_name":"HGH Foundation","article_modified_time":"2025-07-25T13:54:03+00:00","og_image":[{"url":"http:\/\/hgh.ca\/foundation\/wp-content\/uploads\/sites\/2\/2022\/01\/le-rythme-hiver-2022.png"}],"twitter_card":"summary_large_image","twitter_misc":{"Dur\u00e9e de lecture estim\u00e9e":"6 minutes"},"schema":{"@context":"https:\/\/schema.org","@graph":[{"@type":"WebPage","@id":"https:\/\/hgh.ca\/foundation\/fr\/limportance-de-contribuer\/","url":"https:\/\/hgh.ca\/foundation\/fr\/limportance-de-contribuer\/","name":"L\u2019importance de contribuer - HGH Foundation","isPartOf":{"@id":"https:\/\/hgh.ca\/foundation\/#website"},"primaryImageOfPage":{"@id":"https:\/\/hgh.ca\/foundation\/fr\/limportance-de-contribuer\/#primaryimage"},"image":{"@id":"https:\/\/hgh.ca\/foundation\/fr\/limportance-de-contribuer\/#primaryimage"},"thumbnailUrl":"http:\/\/hgh.ca\/foundation\/wp-content\/uploads\/sites\/2\/2022\/01\/le-rythme-hiver-2022.png","datePublished":"2022-02-07T19:03:08+00:00","dateModified":"2025-07-25T13:54:03+00:00","breadcrumb":{"@id":"https:\/\/hgh.ca\/foundation\/fr\/limportance-de-contribuer\/#breadcrumb"},"inLanguage":"fr-FR","potentialAction":[{"@type":"ReadAction","target":["https:\/\/hgh.ca\/foundation\/fr\/limportance-de-contribuer\/"]}]},{"@type":"ImageObject","inLanguage":"fr-FR","@id":"https:\/\/hgh.ca\/foundation\/fr\/limportance-de-contribuer\/#primaryimage","url":"http:\/\/hgh.ca\/foundation\/wp-content\/uploads\/sites\/2\/2022\/01\/le-rythme-hiver-2022.png","contentUrl":"http:\/\/hgh.ca\/foundation\/wp-content\/uploads\/sites\/2\/2022\/01\/le-rythme-hiver-2022.png"},{"@type":"BreadcrumbList","@id":"https:\/\/hgh.ca\/foundation\/fr\/limportance-de-contribuer\/#breadcrumb","itemListElement":[{"@type":"ListItem","position":1,"name":"Home","item":"https:\/\/hgh.ca\/foundation\/fr\/"},{"@type":"ListItem","position":2,"name":"L\u2019importance de contribuer"}]},{"@type":"WebSite","@id":"https:\/\/hgh.ca\/foundation\/#website","url":"https:\/\/hgh.ca\/foundation\/","name":"HGH Foundation","description":"The Foundation raises funds for the Hawkesbury General Hospital","potentialAction":[{"@type":"SearchAction","target":{"@type":"EntryPoint","urlTemplate":"https:\/\/hgh.ca\/foundation\/?s={search_term_string}"},"query-input":"required name=search_term_string"}],"inLanguage":"fr-FR"}]}},"_links":{"self":[{"href":"https:\/\/hgh.ca\/foundation\/fr\/wp-json\/wp\/v2\/pages\/3884\/"}],"collection":[{"href":"https:\/\/hgh.ca\/foundation\/fr\/wp-json\/wp\/v2\/pages\/"}],"about":[{"href":"https:\/\/hgh.ca\/foundation\/fr\/wp-json\/wp\/v2\/types\/page\/"}],"author":[{"embeddable":true,"href":"https:\/\/hgh.ca\/foundation\/fr\/wp-json\/wp\/v2\/users\/2\/"}],"replies":[{"embeddable":true,"href":"https:\/\/hgh.ca\/foundation\/fr\/wp-json\/wp\/v2\/comments\/?post=3884"}],"version-history":[{"count":5,"href":"https:\/\/hgh.ca\/foundation\/fr\/wp-json\/wp\/v2\/pages\/3884\/revisions\/"}],"predecessor-version":[{"id":6543,"href":"https:\/\/hgh.ca\/foundation\/fr\/wp-json\/wp\/v2\/pages\/3884\/revisions\/6543\/"}],"wp:attachment":[{"href":"https:\/\/hgh.ca\/foundation\/fr\/wp-json\/wp\/v2\/media\/?parent=3884"}],"curies":[{"name":"wp","href":"https:\/\/api.w.org\/{rel}","templated":true}]}}