{"id":3914,"date":"2022-02-07T19:04:09","date_gmt":"2022-02-07T19:04:09","guid":{"rendered":"http:\/\/hgh.ca\/foundation\/?page_id=3914"},"modified":"2022-04-19T19:44:16","modified_gmt":"2022-04-19T19:44:16","slug":"des-eleves-philanthropes","status":"publish","type":"page","link":"https:\/\/hgh.ca\/foundation\/fr\/des-eleves-philanthropes\/","title":{"rendered":"Des \u00e9l\u00e8ves philanthropes"},"content":{"rendered":"<p><a href=\"http:\/\/hgh.ca\/foundation\/wp-content\/uploads\/sites\/2\/2022\/01\/le-rythme-hiver-2022.png\"><img loading=\"lazy\" decoding=\"async\" width=\"960\" height=\"308\" class=\"alignnone size-full wp-image-3868\" src=\"http:\/\/hgh.ca\/foundation\/wp-content\/uploads\/sites\/2\/2022\/01\/le-rythme-hiver-2022.png\" alt=\"\u00c9dition Hiver 2022 de l'infolettre \u00e9lectronique Le Rythme pr\u00e9sentant des nouvelles de la Fondation HGH\" srcset=\"https:\/\/hgh.ca\/foundation\/wp-content\/uploads\/sites\/2\/2022\/01\/le-rythme-hiver-2022.png 960w, https:\/\/hgh.ca\/foundation\/wp-content\/uploads\/sites\/2\/2022\/01\/le-rythme-hiver-2022-250x80.png 250w, https:\/\/hgh.ca\/foundation\/wp-content\/uploads\/sites\/2\/2022\/01\/le-rythme-hiver-2022-700x225.png 700w, https:\/\/hgh.ca\/foundation\/wp-content\/uploads\/sites\/2\/2022\/01\/le-rythme-hiver-2022-768x246.png 768w, https:\/\/hgh.ca\/foundation\/wp-content\/uploads\/sites\/2\/2022\/01\/le-rythme-hiver-2022-120x39.png 120w\" sizes=\"(max-width: 960px) 100vw, 960px\" \/><\/a><\/p>\n<h2>Suivez dans les pas de ces \u00e9l\u00e8ves philanthropes extraordinaires<\/h2>\n<p>La philanthropie \u2013 le sentiment de bienfaisance de venir en aide aux autres \u2013 est importante pour tout le monde, quel que soit notre \u00e2ge. Il y a tellement de fa\u00e7ons dont on peut redonner \u00e0 autrui. De jeunes \u00e9l\u00e8ves du secondaire ont r\u00e9cemment d\u00e9montr\u00e9 l\u2019importance de la philanthropie et d\u2019appuyer sa communaut\u00e9 en organisant une collecte de fonds pour la Fondation de l\u2019H\u00f4pital g\u00e9n\u00e9ral de Hawkesbury et district (HGH).<\/p>\n<p>&nbsp;<\/p>\n<figure id=\"attachment_3905\" aria-describedby=\"caption-attachment-3905\" style=\"width: 960px\" class=\"wp-caption alignnone\"><a href=\"http:\/\/hgh.ca\/foundation\/wp-content\/uploads\/sites\/2\/2022\/01\/groupe-esrh-guignolee.jpg\"><img loading=\"lazy\" decoding=\"async\" class=\"wp-image-3905 size-full\" src=\"http:\/\/hgh.ca\/foundation\/wp-content\/uploads\/sites\/2\/2022\/01\/groupe-esrh-guignolee.jpg\" alt=\"Groupe d'\u00e9tudiants qui ont amass\u00e9 des fonds \u00e0 la guignol\u00e9e et debout devant l'\u00c9cole secondaire r\u00e9gionale de Hawkesbury\" width=\"960\" height=\"442\" srcset=\"https:\/\/hgh.ca\/foundation\/wp-content\/uploads\/sites\/2\/2022\/01\/groupe-esrh-guignolee.jpg 960w, https:\/\/hgh.ca\/foundation\/wp-content\/uploads\/sites\/2\/2022\/01\/groupe-esrh-guignolee-250x115.jpg 250w, https:\/\/hgh.ca\/foundation\/wp-content\/uploads\/sites\/2\/2022\/01\/groupe-esrh-guignolee-700x322.jpg 700w, https:\/\/hgh.ca\/foundation\/wp-content\/uploads\/sites\/2\/2022\/01\/groupe-esrh-guignolee-768x354.jpg 768w, https:\/\/hgh.ca\/foundation\/wp-content\/uploads\/sites\/2\/2022\/01\/groupe-esrh-guignolee-120x55.jpg 120w\" sizes=\"(max-width: 960px) 100vw, 960px\" \/><\/a><figcaption id=\"caption-attachment-3905\" class=\"wp-caption-text\">Groupe d&rsquo;\u00e9tudiants qui ont amass\u00e9 des fonds \u00e0 la guignol\u00e9e et debout devant l&rsquo;\u00c9cole secondaire r\u00e9gionale de Hawkesbury<\/figcaption><\/figure>\n<p>Le 10 d\u00e9cembre 2021 de midi \u00e0 14 h, les \u00e9l\u00e8ves de 9e et de 10e ann\u00e9es du programme d\u2019enrichissement (VAA) de l\u2019\u00c9cole secondaire catholique r\u00e9gionale de Hawkesbury (ESCRH) ont fait leur guignol\u00e9e annuelle devant diff\u00e9rents commerces de Hawkesbury. Au total, 46 \u00e9l\u00e8ves y ont particip\u00e9. Les \u00e9l\u00e8ves \u00e9taient divis\u00e9s en groupes d\u2019environ 4 \u00e9l\u00e8ves chacun. Ils \u00e9taient pr\u00e9sents \u00e0 l\u2019ext\u00e9rieur de 11 commerces de Hawkesbury pour offrir des souhaits du temps des F\u00eates aux personnes de la communaut\u00e9 et amasser des dons mon\u00e9taires pour la Fondation HGH. On pouvait, par la m\u00eame occasion, entendre de la musique jouer lorsqu\u2019on passait leur dire bonjour. \u00c9tant d\u2019humeur festive, certains s\u2019amusaient \u00e0 danser sur les trottoirs. Surtout durant cette pand\u00e9mie difficile, leur bonne humeur et leur grande \u00e9nergie \u00e9taient contagieuses. Nous les remercions du fond du c\u0153ur pour cette belle initiative\u2009!<\/p>\n<p>Merci beaucoup \u00e0 tous les commer\u00e7ants qui ont accept\u00e9 volontiers d\u2019accueillir ces jeunes leaders :<\/p>\n<ul>\n<li>Sports experts (Plaza Hawkesbury)<\/li>\n<li>Fitlife Gym<\/li>\n<li>Jean Coutu Hawkesbury (Main E.)<\/li>\n<li>Pizza Pizza Hawkesbury<\/li>\n<li>Caisse populaire Desjardins de Hawkesbury<\/li>\n<li>Tigre g\u00e9ant Hawkesbury<\/li>\n<li>Le Petit Pain<\/li>\n<li>Centre d\u2019achats de Hawkesbury<\/li>\n<li>McDonald\u2019s Hawkesbury<\/li>\n<li>Fresh Co Hawkesbury<\/li>\n<li>Staples Hawkesbury<\/li>\n<\/ul>\n<p>Merci \u00e0 la compagnie d\u2019autobus R &amp; C Cuerrier pour le transport.<\/p>\n<p>Un grand merci \u00e9galement \u00e0 toutes les personnes de la communaut\u00e9 qui ont encourag\u00e9 les \u00e9l\u00e8ves lors de leur guignol\u00e9e. Ils ont r\u00e9ussi \u00e0 amasser 2\u2009160 $ en moins de deux heures ! Les fonds amass\u00e9s aideront la Fondation HGH \u00e0 fournir de l\u2019\u00e9quipement de pointe et des services additionnels \u00e0 l\u2019HGH.<\/p>\n<p>&nbsp;<\/p>\n<figure id=\"attachment_3909\" aria-describedby=\"caption-attachment-3909\" style=\"width: 960px\" class=\"wp-caption alignnone\"><a href=\"http:\/\/hgh.ca\/foundation\/wp-content\/uploads\/sites\/2\/2022\/01\/cheque-guignolee-2021-esrh.jpg\"><img loading=\"lazy\" decoding=\"async\" class=\"wp-image-3909 size-full\" src=\"http:\/\/hgh.ca\/foundation\/wp-content\/uploads\/sites\/2\/2022\/01\/cheque-guignolee-2021-esrh.jpg\" alt=\"Joey B\u00e9dard, directeur de l'ESRH l'enseignante Liza Boucher-Sutherland remettent un ch\u00e8que g\u00e9ant de $2,160 \u00e0 Erin Tabakman, directrice g\u00e9n\u00e9rale de la Fondation HGH devant l'H\u00f4pital g\u00e9n\u00e9rale de Hawkesbury\" width=\"960\" height=\"485\" srcset=\"https:\/\/hgh.ca\/foundation\/wp-content\/uploads\/sites\/2\/2022\/01\/cheque-guignolee-2021-esrh.jpg 960w, https:\/\/hgh.ca\/foundation\/wp-content\/uploads\/sites\/2\/2022\/01\/cheque-guignolee-2021-esrh-250x126.jpg 250w, https:\/\/hgh.ca\/foundation\/wp-content\/uploads\/sites\/2\/2022\/01\/cheque-guignolee-2021-esrh-700x354.jpg 700w, https:\/\/hgh.ca\/foundation\/wp-content\/uploads\/sites\/2\/2022\/01\/cheque-guignolee-2021-esrh-768x388.jpg 768w, https:\/\/hgh.ca\/foundation\/wp-content\/uploads\/sites\/2\/2022\/01\/cheque-guignolee-2021-esrh-120x61.jpg 120w\" sizes=\"(max-width: 960px) 100vw, 960px\" \/><\/a><figcaption id=\"caption-attachment-3909\" class=\"wp-caption-text\">Joey B\u00e9dard, directeur de l&rsquo;ESRH l&rsquo;enseignante Liza Boucher-Sutherland remettent un ch\u00e8que g\u00e9ant de $2,160 \u00e0 Erin Tabakman, directrice g\u00e9n\u00e9rale de la Fondation HGH devant l&rsquo;H\u00f4pital g\u00e9n\u00e9rale de Hawkesbury<\/figcaption><\/figure>\n<p>Quel beau geste de gentillesse et de g\u00e9n\u00e9rosit\u00e9 d\u00e9montr\u00e9 par ces \u00e9l\u00e8ves et leurs enseignantes, Liza Boucher-Sutherland et Isabelle Pageau. Vous les trouvez inspirants? Alors, vous aussi, vous pourriez organiser votre propre collecte de fonds pour aider \u00e0 soutenir votre h\u00f4pital r\u00e9gional. Faites-vous partie d\u2019une organisation qui cherche \u00e0 redonner \u00e0 la communaut\u00e9? Est-ce que vous avez un groupe d\u2019amis qui aimeraient travailler ensemble pour organiser une activit\u00e9 amusante dans le but d\u2019appuyer une bonne cause? Si oui, veuillez consid\u00e9rer faire une collecte de fonds pour la Fondation HGH. Ceci peut \u00eatre sous forme d\u2019un \u00e9v\u00e9nement, d\u2019une activit\u00e9 ou m\u00eame, d\u2019une promotion de produits.<\/p>\n<p>Si vous avez une id\u00e9e de collecte de fonds, vous pouvez la soumettre en ligne sur la page <a href=\"http:\/\/hgh.ca\/foundation\/fr\/evenements\/evenements-organises-par-des-tiers-2\/\">\u00c9v\u00e9nements par des tiers<\/a>. Vous pouvez aussi t\u00e9l\u00e9phoner au 613-632-1111, poste 21108, si vous souhaitez discuter des d\u00e9tails de votre activit\u00e9. La Fondation HGH vous offrira conseils et soutien. Le personnel peut vous offrir :<\/p>\n<ul>\n<li>Des conseils en organisation d\u2019\u00e9v\u00e9nements<\/li>\n<li>Des conseils et de l\u2019aide en publicit\u00e9 \u00e9v\u00e9nementiel<\/li>\n<li>Des informations sur la Fondation HGH (ex. : documents de soutien, cartes de don, etc.)<\/li>\n<li>De l\u2019aide suppl\u00e9mentaire le jour de l\u2019\u00e9v\u00e9nement<\/li>\n<li>Et plus encore, selon les ressources disponibles<\/li>\n<\/ul>\n<p>La Fondation HGH vous appuiera dans votre organisation de collecte de fonds. Votre temps et votre soutien sont grandement appr\u00e9ci\u00e9s\u2009!<\/p>\n<p>Nous avons la chance d\u2019avoir un excellent h\u00f4pital pr\u00e8s de chez nous, mais l\u2019HGH a besoin d\u2019aide afin de continuer \u00e0 r\u00e9pondre aux besoins croissants et les plus pressants de notre population. Votre appui permet \u00e0 la Fondation HGH de continuer \u00e0 veiller \u00e0 ce que l\u2019\u00e9quipement m\u00e9dical n\u00e9cessaire soit disponible pour r\u00e9pondre \u00e0 ces besoins, car cet \u00e9quipement n\u2019est pas financ\u00e9 par le gouvernement. Sachez donc que votre g\u00e9n\u00e9rosit\u00e9 fait r\u00e9ellement une diff\u00e9rence dans la vie des patients de l\u2019HGH et leurs familles.<\/p>\n<p>Un grand merci, encore une fois, aux incroyables \u00e9l\u00e8ves de l\u2019ESCRH pour leur gentillesse et leur g\u00e9n\u00e9rosit\u00e9 envers leur communaut\u00e9 et la Fondation HGH\u2009!<\/p>\n<p>&nbsp;<\/p>\n<p><a href=\"http:\/\/hgh.ca\/foundation\/wp-content\/uploads\/sites\/2\/2022\/01\/guignolee-2021.png\"><img loading=\"lazy\" decoding=\"async\" width=\"960\" height=\"960\" class=\"alignnone size-full wp-image-3912\" src=\"http:\/\/hgh.ca\/foundation\/wp-content\/uploads\/sites\/2\/2022\/01\/guignolee-2021.png\" alt=\"\" srcset=\"https:\/\/hgh.ca\/foundation\/wp-content\/uploads\/sites\/2\/2022\/01\/guignolee-2021.png 960w, https:\/\/hgh.ca\/foundation\/wp-content\/uploads\/sites\/2\/2022\/01\/guignolee-2021-250x250.png 250w, https:\/\/hgh.ca\/foundation\/wp-content\/uploads\/sites\/2\/2022\/01\/guignolee-2021-700x700.png 700w, https:\/\/hgh.ca\/foundation\/wp-content\/uploads\/sites\/2\/2022\/01\/guignolee-2021-150x150.png 150w, https:\/\/hgh.ca\/foundation\/wp-content\/uploads\/sites\/2\/2022\/01\/guignolee-2021-768x768.png 768w, https:\/\/hgh.ca\/foundation\/wp-content\/uploads\/sites\/2\/2022\/01\/guignolee-2021-120x120.png 120w\" sizes=\"(max-width: 960px) 100vw, 960px\" \/><\/a><\/p>\n","protected":false},"excerpt":{"rendered":"Suivez dans les pas de ces \u00e9l\u00e8ves philanthropes extraordinaires La philanthropie \u2013 le sentiment de bienfaisance de venir en aide aux autres \u2013 est importante pour tout le monde, quel que soit notre \u00e2ge. Il y a tellement de fa\u00e7ons dont on peut redonner \u00e0 autrui. De jeunes \u00e9l\u00e8ves du secondaire ont r\u00e9cemment d\u00e9montr\u00e9 l\u2019importance&#8230; <a class=\"btn btn--primary\" href=\"https:\/\/hgh.ca\/foundation\/fr\/des-eleves-philanthropes\/\">View Article<\/a>","protected":false},"author":2,"featured_media":0,"parent":0,"menu_order":6,"comment_status":"closed","ping_status":"closed","template":"","meta":{"_acf_changed":false,"footnotes":""},"class_list":["post-3914","page","type-page","status-publish","hentry"],"acf":[],"yoast_head":"<!-- This site is optimized with the Yoast SEO plugin v23.0 - https:\/\/yoast.com\/wordpress\/plugins\/seo\/ -->\n<title>Des \u00e9l\u00e8ves philanthropes - HGH Foundation<\/title>\n<meta name=\"robots\" content=\"index, follow, max-snippet:-1, max-image-preview:large, max-video-preview:-1\" \/>\n<link rel=\"canonical\" href=\"https:\/\/hgh.ca\/foundation\/fr\/des-eleves-philanthropes\/\" \/>\n<meta property=\"og:locale\" content=\"fr_FR\" \/>\n<meta property=\"og:type\" content=\"article\" \/>\n<meta property=\"og:title\" content=\"Des \u00e9l\u00e8ves philanthropes - HGH Foundation\" \/>\n<meta property=\"og:description\" content=\"Suivez dans les pas de ces \u00e9l\u00e8ves philanthropes extraordinaires La philanthropie \u2013 le sentiment de bienfaisance de venir en aide aux autres \u2013 est importante pour tout le monde, quel que soit notre \u00e2ge. Il y a tellement de fa\u00e7ons dont on peut redonner \u00e0 autrui. De jeunes \u00e9l\u00e8ves du secondaire ont r\u00e9cemment d\u00e9montr\u00e9 l\u2019importance... View Article\" \/>\n<meta property=\"og:url\" content=\"https:\/\/hgh.ca\/foundation\/fr\/des-eleves-philanthropes\/\" \/>\n<meta property=\"og:site_name\" content=\"HGH Foundation\" \/>\n<meta property=\"article:modified_time\" content=\"2022-04-19T19:44:16+00:00\" \/>\n<meta property=\"og:image\" content=\"http:\/\/hgh.ca\/foundation\/wp-content\/uploads\/sites\/2\/2022\/01\/le-rythme-hiver-2022.png\" \/>\n<meta name=\"twitter:card\" content=\"summary_large_image\" \/>\n<meta name=\"twitter:label1\" content=\"Dur\u00e9e de lecture estim\u00e9e\" \/>\n\t<meta name=\"twitter:data1\" content=\"4 minutes\" \/>\n<script type=\"application\/ld+json\" class=\"yoast-schema-graph\">{\"@context\":\"https:\/\/schema.org\",\"@graph\":[{\"@type\":\"WebPage\",\"@id\":\"https:\/\/hgh.ca\/foundation\/fr\/des-eleves-philanthropes\/\",\"url\":\"https:\/\/hgh.ca\/foundation\/fr\/des-eleves-philanthropes\/\",\"name\":\"Des \u00e9l\u00e8ves philanthropes - HGH Foundation\",\"isPartOf\":{\"@id\":\"https:\/\/hgh.ca\/foundation\/#website\"},\"primaryImageOfPage\":{\"@id\":\"https:\/\/hgh.ca\/foundation\/fr\/des-eleves-philanthropes\/#primaryimage\"},\"image\":{\"@id\":\"https:\/\/hgh.ca\/foundation\/fr\/des-eleves-philanthropes\/#primaryimage\"},\"thumbnailUrl\":\"http:\/\/hgh.ca\/foundation\/wp-content\/uploads\/sites\/2\/2022\/01\/le-rythme-hiver-2022.png\",\"datePublished\":\"2022-02-07T19:04:09+00:00\",\"dateModified\":\"2022-04-19T19:44:16+00:00\",\"breadcrumb\":{\"@id\":\"https:\/\/hgh.ca\/foundation\/fr\/des-eleves-philanthropes\/#breadcrumb\"},\"inLanguage\":\"fr-FR\",\"potentialAction\":[{\"@type\":\"ReadAction\",\"target\":[\"https:\/\/hgh.ca\/foundation\/fr\/des-eleves-philanthropes\/\"]}]},{\"@type\":\"ImageObject\",\"inLanguage\":\"fr-FR\",\"@id\":\"https:\/\/hgh.ca\/foundation\/fr\/des-eleves-philanthropes\/#primaryimage\",\"url\":\"http:\/\/hgh.ca\/foundation\/wp-content\/uploads\/sites\/2\/2022\/01\/le-rythme-hiver-2022.png\",\"contentUrl\":\"http:\/\/hgh.ca\/foundation\/wp-content\/uploads\/sites\/2\/2022\/01\/le-rythme-hiver-2022.png\"},{\"@type\":\"BreadcrumbList\",\"@id\":\"https:\/\/hgh.ca\/foundation\/fr\/des-eleves-philanthropes\/#breadcrumb\",\"itemListElement\":[{\"@type\":\"ListItem\",\"position\":1,\"name\":\"Home\",\"item\":\"https:\/\/hgh.ca\/foundation\/fr\/\"},{\"@type\":\"ListItem\",\"position\":2,\"name\":\"Des \u00e9l\u00e8ves philanthropes\"}]},{\"@type\":\"WebSite\",\"@id\":\"https:\/\/hgh.ca\/foundation\/#website\",\"url\":\"https:\/\/hgh.ca\/foundation\/\",\"name\":\"HGH Foundation\",\"description\":\"The Foundation raises funds for the Hawkesbury General Hospital\",\"potentialAction\":[{\"@type\":\"SearchAction\",\"target\":{\"@type\":\"EntryPoint\",\"urlTemplate\":\"https:\/\/hgh.ca\/foundation\/?s={search_term_string}\"},\"query-input\":\"required name=search_term_string\"}],\"inLanguage\":\"fr-FR\"}]}<\/script>\n<!-- \/ Yoast SEO plugin. -->","yoast_head_json":{"title":"Des \u00e9l\u00e8ves philanthropes - HGH Foundation","robots":{"index":"index","follow":"follow","max-snippet":"max-snippet:-1","max-image-preview":"max-image-preview:large","max-video-preview":"max-video-preview:-1"},"canonical":"https:\/\/hgh.ca\/foundation\/fr\/des-eleves-philanthropes\/","og_locale":"fr_FR","og_type":"article","og_title":"Des \u00e9l\u00e8ves philanthropes - HGH Foundation","og_description":"Suivez dans les pas de ces \u00e9l\u00e8ves philanthropes extraordinaires La philanthropie \u2013 le sentiment de bienfaisance de venir en aide aux autres \u2013 est importante pour tout le monde, quel que soit notre \u00e2ge. Il y a tellement de fa\u00e7ons dont on peut redonner \u00e0 autrui. De jeunes \u00e9l\u00e8ves du secondaire ont r\u00e9cemment d\u00e9montr\u00e9 l\u2019importance... View Article","og_url":"https:\/\/hgh.ca\/foundation\/fr\/des-eleves-philanthropes\/","og_site_name":"HGH Foundation","article_modified_time":"2022-04-19T19:44:16+00:00","og_image":[{"url":"http:\/\/hgh.ca\/foundation\/wp-content\/uploads\/sites\/2\/2022\/01\/le-rythme-hiver-2022.png"}],"twitter_card":"summary_large_image","twitter_misc":{"Dur\u00e9e de lecture estim\u00e9e":"4 minutes"},"schema":{"@context":"https:\/\/schema.org","@graph":[{"@type":"WebPage","@id":"https:\/\/hgh.ca\/foundation\/fr\/des-eleves-philanthropes\/","url":"https:\/\/hgh.ca\/foundation\/fr\/des-eleves-philanthropes\/","name":"Des \u00e9l\u00e8ves philanthropes - HGH Foundation","isPartOf":{"@id":"https:\/\/hgh.ca\/foundation\/#website"},"primaryImageOfPage":{"@id":"https:\/\/hgh.ca\/foundation\/fr\/des-eleves-philanthropes\/#primaryimage"},"image":{"@id":"https:\/\/hgh.ca\/foundation\/fr\/des-eleves-philanthropes\/#primaryimage"},"thumbnailUrl":"http:\/\/hgh.ca\/foundation\/wp-content\/uploads\/sites\/2\/2022\/01\/le-rythme-hiver-2022.png","datePublished":"2022-02-07T19:04:09+00:00","dateModified":"2022-04-19T19:44:16+00:00","breadcrumb":{"@id":"https:\/\/hgh.ca\/foundation\/fr\/des-eleves-philanthropes\/#breadcrumb"},"inLanguage":"fr-FR","potentialAction":[{"@type":"ReadAction","target":["https:\/\/hgh.ca\/foundation\/fr\/des-eleves-philanthropes\/"]}]},{"@type":"ImageObject","inLanguage":"fr-FR","@id":"https:\/\/hgh.ca\/foundation\/fr\/des-eleves-philanthropes\/#primaryimage","url":"http:\/\/hgh.ca\/foundation\/wp-content\/uploads\/sites\/2\/2022\/01\/le-rythme-hiver-2022.png","contentUrl":"http:\/\/hgh.ca\/foundation\/wp-content\/uploads\/sites\/2\/2022\/01\/le-rythme-hiver-2022.png"},{"@type":"BreadcrumbList","@id":"https:\/\/hgh.ca\/foundation\/fr\/des-eleves-philanthropes\/#breadcrumb","itemListElement":[{"@type":"ListItem","position":1,"name":"Home","item":"https:\/\/hgh.ca\/foundation\/fr\/"},{"@type":"ListItem","position":2,"name":"Des \u00e9l\u00e8ves philanthropes"}]},{"@type":"WebSite","@id":"https:\/\/hgh.ca\/foundation\/#website","url":"https:\/\/hgh.ca\/foundation\/","name":"HGH Foundation","description":"The Foundation raises funds for the Hawkesbury General Hospital","potentialAction":[{"@type":"SearchAction","target":{"@type":"EntryPoint","urlTemplate":"https:\/\/hgh.ca\/foundation\/?s={search_term_string}"},"query-input":"required name=search_term_string"}],"inLanguage":"fr-FR"}]}},"_links":{"self":[{"href":"https:\/\/hgh.ca\/foundation\/fr\/wp-json\/wp\/v2\/pages\/3914\/"}],"collection":[{"href":"https:\/\/hgh.ca\/foundation\/fr\/wp-json\/wp\/v2\/pages\/"}],"about":[{"href":"https:\/\/hgh.ca\/foundation\/fr\/wp-json\/wp\/v2\/types\/page\/"}],"author":[{"embeddable":true,"href":"https:\/\/hgh.ca\/foundation\/fr\/wp-json\/wp\/v2\/users\/2\/"}],"replies":[{"embeddable":true,"href":"https:\/\/hgh.ca\/foundation\/fr\/wp-json\/wp\/v2\/comments\/?post=3914"}],"version-history":[{"count":5,"href":"https:\/\/hgh.ca\/foundation\/fr\/wp-json\/wp\/v2\/pages\/3914\/revisions\/"}],"predecessor-version":[{"id":4117,"href":"https:\/\/hgh.ca\/foundation\/fr\/wp-json\/wp\/v2\/pages\/3914\/revisions\/4117\/"}],"wp:attachment":[{"href":"https:\/\/hgh.ca\/foundation\/fr\/wp-json\/wp\/v2\/media\/?parent=3914"}],"curies":[{"name":"wp","href":"https:\/\/api.w.org\/{rel}","templated":true}]}}