{"id":3923,"date":"2022-02-07T19:06:25","date_gmt":"2022-02-07T19:06:25","guid":{"rendered":"http:\/\/hgh.ca\/foundation\/?page_id=3923"},"modified":"2022-02-07T21:57:21","modified_gmt":"2022-02-07T21:57:21","slug":"une-qualite-de-vie-retrouvee","status":"publish","type":"page","link":"https:\/\/hgh.ca\/foundation\/fr\/une-qualite-de-vie-retrouvee\/","title":{"rendered":"Une qualit\u00e9 de vie retrouv\u00e9e!"},"content":{"rendered":"<p><a href=\"http:\/\/hgh.ca\/foundation\/wp-content\/uploads\/sites\/2\/2022\/01\/le-rythme-hiver-2022.png\"><img loading=\"lazy\" decoding=\"async\" width=\"960\" height=\"308\" class=\"alignnone size-full wp-image-3868\" src=\"http:\/\/hgh.ca\/foundation\/wp-content\/uploads\/sites\/2\/2022\/01\/le-rythme-hiver-2022.png\" alt=\"\u00c9dition Hiver 2022 de l'infolettre \u00e9lectronique Le Rythme pr\u00e9sentant des nouvelles de la Fondation HGH\" srcset=\"https:\/\/hgh.ca\/foundation\/wp-content\/uploads\/sites\/2\/2022\/01\/le-rythme-hiver-2022.png 960w, https:\/\/hgh.ca\/foundation\/wp-content\/uploads\/sites\/2\/2022\/01\/le-rythme-hiver-2022-250x80.png 250w, https:\/\/hgh.ca\/foundation\/wp-content\/uploads\/sites\/2\/2022\/01\/le-rythme-hiver-2022-700x225.png 700w, https:\/\/hgh.ca\/foundation\/wp-content\/uploads\/sites\/2\/2022\/01\/le-rythme-hiver-2022-768x246.png 768w, https:\/\/hgh.ca\/foundation\/wp-content\/uploads\/sites\/2\/2022\/01\/le-rythme-hiver-2022-120x39.png 120w\" sizes=\"(max-width: 960px) 100vw, 960px\" \/><\/a><\/p>\n<h2>Nous avons retrouv\u00e9 une meilleure qualit\u00e9 de vie \u2013 gr\u00e2ce \u00e0 vous!<\/h2>\n<p><a href=\"http:\/\/hgh.ca\/foundation\/wp-content\/uploads\/sites\/2\/2022\/01\/ronald-gallou-et-liane-marchand.jpg\"><img loading=\"lazy\" decoding=\"async\" class=\"alignleft wp-image-3896\" src=\"http:\/\/hgh.ca\/foundation\/wp-content\/uploads\/sites\/2\/2022\/01\/ronald-gallou-et-liane-marchand.jpg\" alt=\"Couple de donateurs Ronald Gallou et Liane Marchand\" width=\"350\" height=\"263\" srcset=\"https:\/\/hgh.ca\/foundation\/wp-content\/uploads\/sites\/2\/2022\/01\/ronald-gallou-et-liane-marchand.jpg 650w, https:\/\/hgh.ca\/foundation\/wp-content\/uploads\/sites\/2\/2022\/01\/ronald-gallou-et-liane-marchand-250x188.jpg 250w, https:\/\/hgh.ca\/foundation\/wp-content\/uploads\/sites\/2\/2022\/01\/ronald-gallou-et-liane-marchand-120x90.jpg 120w\" sizes=\"(max-width: 350px) 100vw, 350px\" \/><\/a>Nous sommes Ronald Gallou et Liane Marchand. Nous avons re\u00e7u d\u2019excellents soins \u00e0 l\u2019H\u00f4pital g\u00e9n\u00e9ral de Hawkesbury et district (HGH) et nous en sommes tr\u00e8s reconnaissants. Ces soins ont mis fin \u00e0 nos grandes souffrances et nous ont permis de retrouver une bien meilleure qualit\u00e9 de vie\u2009! Nous voulons donc vous raconter notre histoire pour d\u00e9montrer l\u2019impact incroyable de vos dons sur les patients de l\u2019HGH.<\/p>\n<p>Tous les deux, nous avions des probl\u00e8mes de hanches qui nous causaient d\u2019\u00e9normes souffrances et affectaient profond\u00e9ment notre fonctionnement quotidien. M\u00eame marcher \u00e9tait devenu difficile et des t\u00e2ches simples de tous les jours \u00e9taient un d\u00e9fi. Nous avions donc tr\u00e8s h\u00e2te de recevoir les soins dont nous avions d\u00e9sesp\u00e9r\u00e9ment besoin. Nous \u00e9tions tellement soulag\u00e9s lorsqu\u2019un ami nous a parl\u00e9 d\u2019un nouveau programme de chirurgie orthop\u00e9dique offert \u00e0 Hawkesbury. Nous avions imm\u00e9diatement demand\u00e9 \u00e0 notre m\u00e9decin de famille de nous r\u00e9f\u00e9rer \u00e0 l\u2019HGH. \u00c0 l\u2019\u00e9t\u00e9 2020, nous y avons rencontr\u00e9 le chirurgien orthop\u00e9dique, Dr Paul E. Beaul\u00e9, et nous avons ainsi pu avoir nos op\u00e9rations en janvier 2021 \u2013 les deux la m\u00eame journ\u00e9e \u2013 \u00e0 l\u2019HGH.<\/p>\n<p>Le service \u00e0 l\u2019HGH \u00e9tait \u00ab\u2009A1\u2009\u00bb, comme on dit. C\u2019\u00e9tait vraiment super de pouvoir avoir nos op\u00e9rations et \u00eatre de retour \u00e0 la maison, dans notre propre lit, la m\u00eame journ\u00e9e. Le service a \u00e9t\u00e9 impressionnant et efficace, et le chirurgien \u00e9tait pr\u00e9sent tout au long du processus. Le jour de nos op\u00e9rations, Dr Beaul\u00e9 est venu nous voir \u00e0 quelques reprises sans que nous ayons \u00e0 en faire la demande. Tout le personnel d\u00e9montre beaucoup de professionnalisme \u00e0 l\u2019HGH et ils sont all\u00e9s au-del\u00e0 de nos attentes pour s\u2019assurer que nous \u00e9tions bien soign\u00e9s, \u00e0 la fois \u00e0 l\u2019h\u00f4pital et une fois de retour \u00e0 la maison. Nous sommes tr\u00e8s reconnaissants de leur excellent service\u2009!<\/p>\n<p>Notre exp\u00e9rience \u00e0 certains autres h\u00f4pitaux a \u00e9t\u00e9 tr\u00e8s diff\u00e9rente. Nous ne nous sentions pas comme une priorit\u00e9, mais plut\u00f4t comme un num\u00e9ro. Notre exp\u00e9rience \u00e0 l\u2019HGH a \u00e9t\u00e9 \u00e0 l\u2019oppos\u00e9. Nous avons \u00e9t\u00e9 bien re\u00e7us et chacun des membres du personnel a le bien-\u00eatre des patients \u00e0 c\u0153ur. Ils sont tr\u00e8s proactifs et ils prennent le temps de faire des suivis; ils compl\u00e8tent le cercle de service. Ceci aide les patients \u00e0 se sentir \u00e0 l\u2019aise et confortables. Le service est vraiment \u00ab\u2009wow\u2009\u00bb\u2009!<\/p>\n<p>Nous avons choisi de partager notre exp\u00e9rience avec vous, parce que l\u2019op\u00e9ration de la hanche que nous avons chacun subie \u00e0 l\u2019HGH nous a litt\u00e9ralement redonn\u00e9 notre vie. Nous allons tous les deux tr\u00e8s bien maintenant et nous trouvons incroyable que ce merveilleux service que nous avons re\u00e7u soit disponible \u00e0 l\u2019HGH gr\u00e2ce \u00e0 la g\u00e9n\u00e9rosit\u00e9 de donateurs comme vous. Sans votre soutien, nous aurions peut-\u00eatre attendu de nombreux mois, voire des ann\u00e9es, avant d\u2019obtenir les soins dont nous avions besoin.<\/p>\n<p>Nous savons que notre histoire est juste un exemple du pourquoi il est si important de continuer \u00e0 appuyer la Fondation HGH. Les dons aident \u00e0 soutenir de nouveaux programmes et \u00e0 d\u00e9velopper les services offerts \u00e0 l\u2019HGH. Ceci permet \u00e0 l\u2019h\u00f4pital de continuer \u00e0 r\u00e9pondre aux besoins croissants de la population. D\u2019apr\u00e8s notre exp\u00e9rience, chaque dollar donn\u00e9 va \u00eatre r\u00e9compens\u00e9 au moins en double \u2013 ou m\u00eame en triple \u2013 en ce qui concerne le service\u2009!<\/p>\n<p>En conclusion, nous aimerions remercier Dr Beaul\u00e9, l\u2019\u00e9quipe de l\u2019HGH ainsi que vous, les donateurs, d\u2019avoir fait du nouveau programme orthop\u00e9dique de l\u2019HGH une r\u00e9alit\u00e9\u2009!<\/p>\n<p>Merci d\u2019avoir lu notre histoire et merci de votre soutien envers la Fondation HGH\u2009!<\/p>\n","protected":false},"excerpt":{"rendered":"Nous avons retrouv\u00e9 une meilleure qualit\u00e9 de vie \u2013 gr\u00e2ce \u00e0 vous! Nous sommes Ronald Gallou et Liane Marchand. Nous avons re\u00e7u d\u2019excellents soins \u00e0 l\u2019H\u00f4pital g\u00e9n\u00e9ral de Hawkesbury et district (HGH) et nous en sommes tr\u00e8s reconnaissants. Ces soins ont mis fin \u00e0 nos grandes souffrances et nous ont permis de retrouver une bien&#8230; <a class=\"btn btn--primary\" href=\"https:\/\/hgh.ca\/foundation\/fr\/une-qualite-de-vie-retrouvee\/\">View Article<\/a>","protected":false},"author":2,"featured_media":0,"parent":0,"menu_order":7,"comment_status":"closed","ping_status":"closed","template":"","meta":{"_acf_changed":false,"footnotes":""},"class_list":["post-3923","page","type-page","status-publish","hentry"],"acf":[],"yoast_head":"<!-- This site is optimized with the Yoast SEO plugin v23.0 - https:\/\/yoast.com\/wordpress\/plugins\/seo\/ -->\n<title>Une qualit\u00e9 de vie retrouv\u00e9e! - HGH Foundation<\/title>\n<meta name=\"robots\" content=\"index, follow, max-snippet:-1, max-image-preview:large, max-video-preview:-1\" \/>\n<link rel=\"canonical\" href=\"https:\/\/hgh.ca\/foundation\/fr\/une-qualite-de-vie-retrouvee\/\" \/>\n<meta property=\"og:locale\" content=\"fr_FR\" \/>\n<meta property=\"og:type\" content=\"article\" \/>\n<meta property=\"og:title\" content=\"Une qualit\u00e9 de vie retrouv\u00e9e! - HGH Foundation\" \/>\n<meta property=\"og:description\" content=\"Nous avons retrouv\u00e9 une meilleure qualit\u00e9 de vie \u2013 gr\u00e2ce \u00e0 vous! Nous sommes Ronald Gallou et Liane Marchand. Nous avons re\u00e7u d\u2019excellents soins \u00e0 l\u2019H\u00f4pital g\u00e9n\u00e9ral de Hawkesbury et district (HGH) et nous en sommes tr\u00e8s reconnaissants. Ces soins ont mis fin \u00e0 nos grandes souffrances et nous ont permis de retrouver une bien... View Article\" \/>\n<meta property=\"og:url\" content=\"https:\/\/hgh.ca\/foundation\/fr\/une-qualite-de-vie-retrouvee\/\" \/>\n<meta property=\"og:site_name\" content=\"HGH Foundation\" \/>\n<meta property=\"article:modified_time\" content=\"2022-02-07T21:57:21+00:00\" \/>\n<meta property=\"og:image\" content=\"http:\/\/hgh.ca\/foundation\/wp-content\/uploads\/sites\/2\/2022\/01\/le-rythme-hiver-2022.png\" \/>\n<meta name=\"twitter:card\" content=\"summary_large_image\" \/>\n<meta name=\"twitter:label1\" content=\"Dur\u00e9e de lecture estim\u00e9e\" \/>\n\t<meta name=\"twitter:data1\" content=\"3 minutes\" \/>\n<script type=\"application\/ld+json\" class=\"yoast-schema-graph\">{\"@context\":\"https:\/\/schema.org\",\"@graph\":[{\"@type\":\"WebPage\",\"@id\":\"https:\/\/hgh.ca\/foundation\/fr\/une-qualite-de-vie-retrouvee\/\",\"url\":\"https:\/\/hgh.ca\/foundation\/fr\/une-qualite-de-vie-retrouvee\/\",\"name\":\"Une qualit\u00e9 de vie retrouv\u00e9e! - HGH Foundation\",\"isPartOf\":{\"@id\":\"https:\/\/hgh.ca\/foundation\/#website\"},\"primaryImageOfPage\":{\"@id\":\"https:\/\/hgh.ca\/foundation\/fr\/une-qualite-de-vie-retrouvee\/#primaryimage\"},\"image\":{\"@id\":\"https:\/\/hgh.ca\/foundation\/fr\/une-qualite-de-vie-retrouvee\/#primaryimage\"},\"thumbnailUrl\":\"http:\/\/hgh.ca\/foundation\/wp-content\/uploads\/sites\/2\/2022\/01\/le-rythme-hiver-2022.png\",\"datePublished\":\"2022-02-07T19:06:25+00:00\",\"dateModified\":\"2022-02-07T21:57:21+00:00\",\"breadcrumb\":{\"@id\":\"https:\/\/hgh.ca\/foundation\/fr\/une-qualite-de-vie-retrouvee\/#breadcrumb\"},\"inLanguage\":\"fr-FR\",\"potentialAction\":[{\"@type\":\"ReadAction\",\"target\":[\"https:\/\/hgh.ca\/foundation\/fr\/une-qualite-de-vie-retrouvee\/\"]}]},{\"@type\":\"ImageObject\",\"inLanguage\":\"fr-FR\",\"@id\":\"https:\/\/hgh.ca\/foundation\/fr\/une-qualite-de-vie-retrouvee\/#primaryimage\",\"url\":\"http:\/\/hgh.ca\/foundation\/wp-content\/uploads\/sites\/2\/2022\/01\/le-rythme-hiver-2022.png\",\"contentUrl\":\"http:\/\/hgh.ca\/foundation\/wp-content\/uploads\/sites\/2\/2022\/01\/le-rythme-hiver-2022.png\"},{\"@type\":\"BreadcrumbList\",\"@id\":\"https:\/\/hgh.ca\/foundation\/fr\/une-qualite-de-vie-retrouvee\/#breadcrumb\",\"itemListElement\":[{\"@type\":\"ListItem\",\"position\":1,\"name\":\"Home\",\"item\":\"https:\/\/hgh.ca\/foundation\/fr\/\"},{\"@type\":\"ListItem\",\"position\":2,\"name\":\"Une qualit\u00e9 de vie retrouv\u00e9e!\"}]},{\"@type\":\"WebSite\",\"@id\":\"https:\/\/hgh.ca\/foundation\/#website\",\"url\":\"https:\/\/hgh.ca\/foundation\/\",\"name\":\"HGH Foundation\",\"description\":\"The Foundation raises funds for the Hawkesbury General Hospital\",\"potentialAction\":[{\"@type\":\"SearchAction\",\"target\":{\"@type\":\"EntryPoint\",\"urlTemplate\":\"https:\/\/hgh.ca\/foundation\/?s={search_term_string}\"},\"query-input\":\"required name=search_term_string\"}],\"inLanguage\":\"fr-FR\"}]}<\/script>\n<!-- \/ Yoast SEO plugin. -->","yoast_head_json":{"title":"Une qualit\u00e9 de vie retrouv\u00e9e! - HGH Foundation","robots":{"index":"index","follow":"follow","max-snippet":"max-snippet:-1","max-image-preview":"max-image-preview:large","max-video-preview":"max-video-preview:-1"},"canonical":"https:\/\/hgh.ca\/foundation\/fr\/une-qualite-de-vie-retrouvee\/","og_locale":"fr_FR","og_type":"article","og_title":"Une qualit\u00e9 de vie retrouv\u00e9e! - HGH Foundation","og_description":"Nous avons retrouv\u00e9 une meilleure qualit\u00e9 de vie \u2013 gr\u00e2ce \u00e0 vous! Nous sommes Ronald Gallou et Liane Marchand. Nous avons re\u00e7u d\u2019excellents soins \u00e0 l\u2019H\u00f4pital g\u00e9n\u00e9ral de Hawkesbury et district (HGH) et nous en sommes tr\u00e8s reconnaissants. Ces soins ont mis fin \u00e0 nos grandes souffrances et nous ont permis de retrouver une bien... View Article","og_url":"https:\/\/hgh.ca\/foundation\/fr\/une-qualite-de-vie-retrouvee\/","og_site_name":"HGH Foundation","article_modified_time":"2022-02-07T21:57:21+00:00","og_image":[{"url":"http:\/\/hgh.ca\/foundation\/wp-content\/uploads\/sites\/2\/2022\/01\/le-rythme-hiver-2022.png"}],"twitter_card":"summary_large_image","twitter_misc":{"Dur\u00e9e de lecture estim\u00e9e":"3 minutes"},"schema":{"@context":"https:\/\/schema.org","@graph":[{"@type":"WebPage","@id":"https:\/\/hgh.ca\/foundation\/fr\/une-qualite-de-vie-retrouvee\/","url":"https:\/\/hgh.ca\/foundation\/fr\/une-qualite-de-vie-retrouvee\/","name":"Une qualit\u00e9 de vie retrouv\u00e9e! - HGH Foundation","isPartOf":{"@id":"https:\/\/hgh.ca\/foundation\/#website"},"primaryImageOfPage":{"@id":"https:\/\/hgh.ca\/foundation\/fr\/une-qualite-de-vie-retrouvee\/#primaryimage"},"image":{"@id":"https:\/\/hgh.ca\/foundation\/fr\/une-qualite-de-vie-retrouvee\/#primaryimage"},"thumbnailUrl":"http:\/\/hgh.ca\/foundation\/wp-content\/uploads\/sites\/2\/2022\/01\/le-rythme-hiver-2022.png","datePublished":"2022-02-07T19:06:25+00:00","dateModified":"2022-02-07T21:57:21+00:00","breadcrumb":{"@id":"https:\/\/hgh.ca\/foundation\/fr\/une-qualite-de-vie-retrouvee\/#breadcrumb"},"inLanguage":"fr-FR","potentialAction":[{"@type":"ReadAction","target":["https:\/\/hgh.ca\/foundation\/fr\/une-qualite-de-vie-retrouvee\/"]}]},{"@type":"ImageObject","inLanguage":"fr-FR","@id":"https:\/\/hgh.ca\/foundation\/fr\/une-qualite-de-vie-retrouvee\/#primaryimage","url":"http:\/\/hgh.ca\/foundation\/wp-content\/uploads\/sites\/2\/2022\/01\/le-rythme-hiver-2022.png","contentUrl":"http:\/\/hgh.ca\/foundation\/wp-content\/uploads\/sites\/2\/2022\/01\/le-rythme-hiver-2022.png"},{"@type":"BreadcrumbList","@id":"https:\/\/hgh.ca\/foundation\/fr\/une-qualite-de-vie-retrouvee\/#breadcrumb","itemListElement":[{"@type":"ListItem","position":1,"name":"Home","item":"https:\/\/hgh.ca\/foundation\/fr\/"},{"@type":"ListItem","position":2,"name":"Une qualit\u00e9 de vie retrouv\u00e9e!"}]},{"@type":"WebSite","@id":"https:\/\/hgh.ca\/foundation\/#website","url":"https:\/\/hgh.ca\/foundation\/","name":"HGH Foundation","description":"The Foundation raises funds for the Hawkesbury General Hospital","potentialAction":[{"@type":"SearchAction","target":{"@type":"EntryPoint","urlTemplate":"https:\/\/hgh.ca\/foundation\/?s={search_term_string}"},"query-input":"required name=search_term_string"}],"inLanguage":"fr-FR"}]}},"_links":{"self":[{"href":"https:\/\/hgh.ca\/foundation\/fr\/wp-json\/wp\/v2\/pages\/3923\/"}],"collection":[{"href":"https:\/\/hgh.ca\/foundation\/fr\/wp-json\/wp\/v2\/pages\/"}],"about":[{"href":"https:\/\/hgh.ca\/foundation\/fr\/wp-json\/wp\/v2\/types\/page\/"}],"author":[{"embeddable":true,"href":"https:\/\/hgh.ca\/foundation\/fr\/wp-json\/wp\/v2\/users\/2\/"}],"replies":[{"embeddable":true,"href":"https:\/\/hgh.ca\/foundation\/fr\/wp-json\/wp\/v2\/comments\/?post=3923"}],"version-history":[{"count":4,"href":"https:\/\/hgh.ca\/foundation\/fr\/wp-json\/wp\/v2\/pages\/3923\/revisions\/"}],"predecessor-version":[{"id":3928,"href":"https:\/\/hgh.ca\/foundation\/fr\/wp-json\/wp\/v2\/pages\/3923\/revisions\/3928\/"}],"wp:attachment":[{"href":"https:\/\/hgh.ca\/foundation\/fr\/wp-json\/wp\/v2\/media\/?parent=3923"}],"curies":[{"name":"wp","href":"https:\/\/api.w.org\/{rel}","templated":true}]}}