{"id":4140,"date":"2022-05-03T15:53:56","date_gmt":"2022-05-03T15:53:56","guid":{"rendered":"http:\/\/hgh.ca\/foundation\/?page_id=4140"},"modified":"2025-05-02T12:48:52","modified_gmt":"2025-05-02T16:48:52","slug":"grand-mcdon","status":"publish","type":"page","link":"https:\/\/hgh.ca\/foundation\/fr\/evenements\/grand-mcdon\/","title":{"rendered":"Grand McDon"},"content":{"rendered":"<p><a href=\"http:\/\/hgh.ca\/foundation\/wp-content\/uploads\/sites\/2\/2025\/05\/mchappy.png\"><img loading=\"lazy\" decoding=\"async\" class=\"alignnone wp-image-6342 size-full\" src=\"http:\/\/hgh.ca\/foundation\/wp-content\/uploads\/sites\/2\/2025\/05\/mchappy.png\" alt=\"\" width=\"1080\" height=\"1080\" srcset=\"https:\/\/hgh.ca\/foundation\/wp-content\/uploads\/sites\/2\/2025\/05\/mchappy.png 1080w, https:\/\/hgh.ca\/foundation\/wp-content\/uploads\/sites\/2\/2025\/05\/mchappy-250x250.png 250w, https:\/\/hgh.ca\/foundation\/wp-content\/uploads\/sites\/2\/2025\/05\/mchappy-700x700.png 700w, https:\/\/hgh.ca\/foundation\/wp-content\/uploads\/sites\/2\/2025\/05\/mchappy-150x150.png 150w, https:\/\/hgh.ca\/foundation\/wp-content\/uploads\/sites\/2\/2025\/05\/mchappy-768x768.png 768w, https:\/\/hgh.ca\/foundation\/wp-content\/uploads\/sites\/2\/2025\/05\/mchappy-120x120.png 120w, https:\/\/hgh.ca\/foundation\/wp-content\/uploads\/sites\/2\/2025\/05\/mchappy-960x960.png 960w\" sizes=\"(max-width: 1080px) 100vw, 1080px\" \/><\/a><\/p>\n<h2>Le Grand McDon 2025 \u00e0 l\u2019appui des enfants \u00e0 l\u2019HGH<\/h2>\n<p>La Fondation de l\u2019H\u00f4pital g\u00e9n\u00e9ral de Hawkesbury et district (HGH) est tr\u00e8s reconnaissante d\u2019\u00eatre la b\u00e9n\u00e9ficiaire des fonds amass\u00e9s lors du Grand McDon de cette ann\u00e9e aux restaurants McDonald\u2019s de Hawkesbury et de Grenville. Merci beaucoup \u00e0 Monsieur Louis Gigu\u00e8re, le propri\u00e9taire de ces restaurants, pour sa g\u00e9n\u00e9rosit\u00e9 et son appui continu envers la Fondation HGH.<\/p>\n<p>Cette ann\u00e9e, le Grand McDon aura lieu\u00a0<strong>le jeudi 8 mai<\/strong>. Les restaurants McDonald\u2019s partout au pays organisent le Grand McDon, qui consiste en une c\u00e9l\u00e9bration annuelle instaur\u00e9e en grande tradition canadienne depuis 1977. Cette journ\u00e9e a \u00e9t\u00e9 cr\u00e9\u00e9e en vue d\u2019amasser des fonds pour les Manoirs Ronald McDonald et \u00e0 l\u2019appui d\u2019organismes de charit\u00e9 locaux venant en aide aux enfants.<\/p>\n<p>En cette journ\u00e9e, vous pourrez appuyer la Fondation HGH en faisant un don ou en achetant des articles amusants comme des bas, des lunettes de soleil, des jeux et m\u00eame des renards en peluche au restaurant McDonald\u2019s. Une partie de tous les achats du menu au cours de cette journ\u00e9e sera \u00e9galement remise \u00e0 la Fondation HGH.<\/p>\n<p>Les fonds de cette ann\u00e9e seront dirig\u00e9s au Programme de r\u00e9adaptation pour enfants de l\u2019Est de l\u2019Ontario. Ce programme aide les enfants \u00e0 retrouver la mobilit\u00e9, la force et la flexibilit\u00e9 ou \u00e0 s\u2019adapter \u00e0 leur condition \u00e0 la suite d\u2019un accident ou d\u2019une maladie. Le programme aide aussi les enfants atteints d\u2019un retard de d\u00e9veloppement ou d\u2019un syndrome \u00e0 am\u00e9liorer leur coordination et leur communication ainsi qu\u2019\u00e0 d\u00e9velopper leur plein potentiel. Le programme offre des services d\u2019\u00e9valuation et de suivi th\u00e9rapeutique afin d\u2019am\u00e9liorer la condition globale des enfants.<\/p>\n<p>Les fonds du Grand McDon contribueront \u00e0 l\u2019achat d\u2019\u00e9quipements et d\u2019outils importants que tous les th\u00e9rapeutes du programme pourront utiliser. Ces items comprennent des jeux pour le renforcement musculaire, des tests standardis\u00e9s pour l\u2019\u00e9valuation des enfants et des \u00e9quipements pour pouvoir modeler des interventions en physioth\u00e9rapie, ergoth\u00e9rapie et orthophonie. Les fonds aideront \u00e9galement pour avoir acc\u00e8s \u00e0 des applications qui permettent d\u2019offrir une plateforme suppl\u00e9mentaire avec des jeux d\u2019intervention en orthophonie et ergoth\u00e9rapie. L\u2019h\u00f4pital esp\u00e8re aussi faire l\u2019ajout de plusieurs \u00e9quipements pour travailler la mobilit\u00e9, la motricit\u00e9 globale et la motricit\u00e9 fine chez les enfants.<\/p>\n<p>La Fondation HGH vous invite \u00e0 passer \u00e0 l\u2019un des restaurants le 8 mai afin de les aider \u00e0 amasser les fonds n\u00e9cessaires pour ces \u00e9quipements importants pour les enfants de notre r\u00e9gion. Votre g\u00e9n\u00e9rosit\u00e9 peut aider \u00e0 faire une diff\u00e9rence dans la vie de ces enfants. La Fondation remercie \u00e9galement M. Gigu\u00e8re et le personnel des franchises McDonald\u2019s de Hawkesbury et de Grenville pour tout leur soutien.<\/p>\n","protected":false},"excerpt":{"rendered":"Le Grand McDon 2025 \u00e0 l\u2019appui des enfants \u00e0 l\u2019HGH La Fondation de l\u2019H\u00f4pital g\u00e9n\u00e9ral de Hawkesbury et district (HGH) est tr\u00e8s reconnaissante d\u2019\u00eatre la b\u00e9n\u00e9ficiaire des fonds amass\u00e9s lors du Grand McDon de cette ann\u00e9e aux restaurants McDonald\u2019s de Hawkesbury et de Grenville. Merci beaucoup \u00e0 Monsieur Louis Gigu\u00e8re, le propri\u00e9taire de ces restaurants,&#8230; <a class=\"btn btn--primary\" href=\"https:\/\/hgh.ca\/foundation\/fr\/evenements\/grand-mcdon\/\">View Article<\/a>","protected":false},"author":2,"featured_media":0,"parent":27,"menu_order":4,"comment_status":"closed","ping_status":"closed","template":"","meta":{"_acf_changed":false,"footnotes":""},"class_list":["post-4140","page","type-page","status-publish","hentry"],"acf":[],"yoast_head":"<!-- This site is optimized with the Yoast SEO plugin v23.0 - https:\/\/yoast.com\/wordpress\/plugins\/seo\/ -->\n<title>Grand McDon - HGH Foundation<\/title>\n<meta name=\"robots\" content=\"index, follow, max-snippet:-1, max-image-preview:large, max-video-preview:-1\" \/>\n<link rel=\"canonical\" href=\"https:\/\/hgh.ca\/foundation\/fr\/evenements\/grand-mcdon\/\" \/>\n<meta property=\"og:locale\" content=\"fr_FR\" \/>\n<meta property=\"og:type\" content=\"article\" \/>\n<meta property=\"og:title\" content=\"Grand McDon - HGH Foundation\" \/>\n<meta property=\"og:description\" content=\"Le Grand McDon 2025 \u00e0 l\u2019appui des enfants \u00e0 l\u2019HGH La Fondation de l\u2019H\u00f4pital g\u00e9n\u00e9ral de Hawkesbury et district (HGH) est tr\u00e8s reconnaissante d\u2019\u00eatre la b\u00e9n\u00e9ficiaire des fonds amass\u00e9s lors du Grand McDon de cette ann\u00e9e aux restaurants McDonald\u2019s de Hawkesbury et de Grenville. Merci beaucoup \u00e0 Monsieur Louis Gigu\u00e8re, le propri\u00e9taire de ces restaurants,... View Article\" \/>\n<meta property=\"og:url\" content=\"https:\/\/hgh.ca\/foundation\/fr\/evenements\/grand-mcdon\/\" \/>\n<meta property=\"og:site_name\" content=\"HGH Foundation\" \/>\n<meta property=\"article:modified_time\" content=\"2025-05-02T16:48:52+00:00\" \/>\n<meta property=\"og:image\" content=\"http:\/\/hgh.ca\/foundation\/wp-content\/uploads\/sites\/2\/2025\/05\/mchappy.png\" \/>\n<meta name=\"twitter:card\" content=\"summary_large_image\" \/>\n<meta name=\"twitter:label1\" content=\"Dur\u00e9e de lecture estim\u00e9e\" \/>\n\t<meta name=\"twitter:data1\" content=\"3 minutes\" \/>\n<script type=\"application\/ld+json\" class=\"yoast-schema-graph\">{\"@context\":\"https:\/\/schema.org\",\"@graph\":[{\"@type\":\"WebPage\",\"@id\":\"https:\/\/hgh.ca\/foundation\/fr\/evenements\/grand-mcdon\/\",\"url\":\"https:\/\/hgh.ca\/foundation\/fr\/evenements\/grand-mcdon\/\",\"name\":\"Grand McDon - HGH Foundation\",\"isPartOf\":{\"@id\":\"https:\/\/hgh.ca\/foundation\/#website\"},\"primaryImageOfPage\":{\"@id\":\"https:\/\/hgh.ca\/foundation\/fr\/evenements\/grand-mcdon\/#primaryimage\"},\"image\":{\"@id\":\"https:\/\/hgh.ca\/foundation\/fr\/evenements\/grand-mcdon\/#primaryimage\"},\"thumbnailUrl\":\"http:\/\/hgh.ca\/foundation\/wp-content\/uploads\/sites\/2\/2025\/05\/mchappy.png\",\"datePublished\":\"2022-05-03T15:53:56+00:00\",\"dateModified\":\"2025-05-02T16:48:52+00:00\",\"breadcrumb\":{\"@id\":\"https:\/\/hgh.ca\/foundation\/fr\/evenements\/grand-mcdon\/#breadcrumb\"},\"inLanguage\":\"fr-FR\",\"potentialAction\":[{\"@type\":\"ReadAction\",\"target\":[\"https:\/\/hgh.ca\/foundation\/fr\/evenements\/grand-mcdon\/\"]}]},{\"@type\":\"ImageObject\",\"inLanguage\":\"fr-FR\",\"@id\":\"https:\/\/hgh.ca\/foundation\/fr\/evenements\/grand-mcdon\/#primaryimage\",\"url\":\"http:\/\/hgh.ca\/foundation\/wp-content\/uploads\/sites\/2\/2025\/05\/mchappy.png\",\"contentUrl\":\"http:\/\/hgh.ca\/foundation\/wp-content\/uploads\/sites\/2\/2025\/05\/mchappy.png\"},{\"@type\":\"BreadcrumbList\",\"@id\":\"https:\/\/hgh.ca\/foundation\/fr\/evenements\/grand-mcdon\/#breadcrumb\",\"itemListElement\":[{\"@type\":\"ListItem\",\"position\":1,\"name\":\"Home\",\"item\":\"https:\/\/hgh.ca\/foundation\/fr\/\"},{\"@type\":\"ListItem\",\"position\":2,\"name\":\"\u00c9v\u00e9nements\",\"item\":\"https:\/\/hgh.ca\/foundation\/fr\/evenements\/\"},{\"@type\":\"ListItem\",\"position\":3,\"name\":\"Grand McDon\"}]},{\"@type\":\"WebSite\",\"@id\":\"https:\/\/hgh.ca\/foundation\/#website\",\"url\":\"https:\/\/hgh.ca\/foundation\/\",\"name\":\"HGH Foundation\",\"description\":\"The Foundation raises funds for the Hawkesbury General Hospital\",\"potentialAction\":[{\"@type\":\"SearchAction\",\"target\":{\"@type\":\"EntryPoint\",\"urlTemplate\":\"https:\/\/hgh.ca\/foundation\/?s={search_term_string}\"},\"query-input\":\"required name=search_term_string\"}],\"inLanguage\":\"fr-FR\"}]}<\/script>\n<!-- \/ Yoast SEO plugin. -->","yoast_head_json":{"title":"Grand McDon - HGH Foundation","robots":{"index":"index","follow":"follow","max-snippet":"max-snippet:-1","max-image-preview":"max-image-preview:large","max-video-preview":"max-video-preview:-1"},"canonical":"https:\/\/hgh.ca\/foundation\/fr\/evenements\/grand-mcdon\/","og_locale":"fr_FR","og_type":"article","og_title":"Grand McDon - HGH Foundation","og_description":"Le Grand McDon 2025 \u00e0 l\u2019appui des enfants \u00e0 l\u2019HGH La Fondation de l\u2019H\u00f4pital g\u00e9n\u00e9ral de Hawkesbury et district (HGH) est tr\u00e8s reconnaissante d\u2019\u00eatre la b\u00e9n\u00e9ficiaire des fonds amass\u00e9s lors du Grand McDon de cette ann\u00e9e aux restaurants McDonald\u2019s de Hawkesbury et de Grenville. Merci beaucoup \u00e0 Monsieur Louis Gigu\u00e8re, le propri\u00e9taire de ces restaurants,... View Article","og_url":"https:\/\/hgh.ca\/foundation\/fr\/evenements\/grand-mcdon\/","og_site_name":"HGH Foundation","article_modified_time":"2025-05-02T16:48:52+00:00","og_image":[{"url":"http:\/\/hgh.ca\/foundation\/wp-content\/uploads\/sites\/2\/2025\/05\/mchappy.png"}],"twitter_card":"summary_large_image","twitter_misc":{"Dur\u00e9e de lecture estim\u00e9e":"3 minutes"},"schema":{"@context":"https:\/\/schema.org","@graph":[{"@type":"WebPage","@id":"https:\/\/hgh.ca\/foundation\/fr\/evenements\/grand-mcdon\/","url":"https:\/\/hgh.ca\/foundation\/fr\/evenements\/grand-mcdon\/","name":"Grand McDon - HGH Foundation","isPartOf":{"@id":"https:\/\/hgh.ca\/foundation\/#website"},"primaryImageOfPage":{"@id":"https:\/\/hgh.ca\/foundation\/fr\/evenements\/grand-mcdon\/#primaryimage"},"image":{"@id":"https:\/\/hgh.ca\/foundation\/fr\/evenements\/grand-mcdon\/#primaryimage"},"thumbnailUrl":"http:\/\/hgh.ca\/foundation\/wp-content\/uploads\/sites\/2\/2025\/05\/mchappy.png","datePublished":"2022-05-03T15:53:56+00:00","dateModified":"2025-05-02T16:48:52+00:00","breadcrumb":{"@id":"https:\/\/hgh.ca\/foundation\/fr\/evenements\/grand-mcdon\/#breadcrumb"},"inLanguage":"fr-FR","potentialAction":[{"@type":"ReadAction","target":["https:\/\/hgh.ca\/foundation\/fr\/evenements\/grand-mcdon\/"]}]},{"@type":"ImageObject","inLanguage":"fr-FR","@id":"https:\/\/hgh.ca\/foundation\/fr\/evenements\/grand-mcdon\/#primaryimage","url":"http:\/\/hgh.ca\/foundation\/wp-content\/uploads\/sites\/2\/2025\/05\/mchappy.png","contentUrl":"http:\/\/hgh.ca\/foundation\/wp-content\/uploads\/sites\/2\/2025\/05\/mchappy.png"},{"@type":"BreadcrumbList","@id":"https:\/\/hgh.ca\/foundation\/fr\/evenements\/grand-mcdon\/#breadcrumb","itemListElement":[{"@type":"ListItem","position":1,"name":"Home","item":"https:\/\/hgh.ca\/foundation\/fr\/"},{"@type":"ListItem","position":2,"name":"\u00c9v\u00e9nements","item":"https:\/\/hgh.ca\/foundation\/fr\/evenements\/"},{"@type":"ListItem","position":3,"name":"Grand McDon"}]},{"@type":"WebSite","@id":"https:\/\/hgh.ca\/foundation\/#website","url":"https:\/\/hgh.ca\/foundation\/","name":"HGH Foundation","description":"The Foundation raises funds for the Hawkesbury General Hospital","potentialAction":[{"@type":"SearchAction","target":{"@type":"EntryPoint","urlTemplate":"https:\/\/hgh.ca\/foundation\/?s={search_term_string}"},"query-input":"required name=search_term_string"}],"inLanguage":"fr-FR"}]}},"_links":{"self":[{"href":"https:\/\/hgh.ca\/foundation\/fr\/wp-json\/wp\/v2\/pages\/4140\/"}],"collection":[{"href":"https:\/\/hgh.ca\/foundation\/fr\/wp-json\/wp\/v2\/pages\/"}],"about":[{"href":"https:\/\/hgh.ca\/foundation\/fr\/wp-json\/wp\/v2\/types\/page\/"}],"author":[{"embeddable":true,"href":"https:\/\/hgh.ca\/foundation\/fr\/wp-json\/wp\/v2\/users\/2\/"}],"replies":[{"embeddable":true,"href":"https:\/\/hgh.ca\/foundation\/fr\/wp-json\/wp\/v2\/comments\/?post=4140"}],"version-history":[{"count":5,"href":"https:\/\/hgh.ca\/foundation\/fr\/wp-json\/wp\/v2\/pages\/4140\/revisions\/"}],"predecessor-version":[{"id":6344,"href":"https:\/\/hgh.ca\/foundation\/fr\/wp-json\/wp\/v2\/pages\/4140\/revisions\/6344\/"}],"up":[{"embeddable":true,"href":"https:\/\/hgh.ca\/foundation\/fr\/wp-json\/wp\/v2\/pages\/27\/"}],"wp:attachment":[{"href":"https:\/\/hgh.ca\/foundation\/fr\/wp-json\/wp\/v2\/media\/?parent=4140"}],"curies":[{"name":"wp","href":"https:\/\/api.w.org\/{rel}","templated":true}]}}