{"id":429,"date":"2024-03-01T07:45:35","date_gmt":"2024-03-01T12:45:35","guid":{"rendered":"http:\/\/hgh.ca\/foundation\/fr\/?page_id=429"},"modified":"2026-03-10T15:36:49","modified_gmt":"2026-03-10T19:36:49","slug":"tournoi-de-golf","status":"publish","type":"page","link":"https:\/\/hgh.ca\/foundation\/fr\/evenements\/tournoi-de-golf\/","title":{"rendered":"Tournoi de golf"},"content":{"rendered":"<p class=\"lead highlight-blue\">Bienvenue \u00e0 la 44e \u00e9dition de la Classique de golf de la Fondation HGH!<\/p>\n<h2>Classique de golf 2026<\/h2>\n<p>Encore cette ann\u00e9e, notre tournoi se d\u00e9roulera sur deux jours ! Rejoignez-nous le 7 ou le 8 juillet pour une journ\u00e9e de golf fantastique qui contribuera \u00e0 soutenir une grande cause ! Le tournoi est ouvert aux joueurs de tous \u00e2ges et de tous niveaux.<\/p>\n<ul>\n<li>Parcours extraordinaire<\/li>\n<li><strong>Prix en argent \u00e0 gagner !<\/strong><\/li>\n<li>Remise de prix lors du cocktail et du banquet<\/li>\n<li>Photo de votre quatuor<\/li>\n<\/ul>\n<h2>D\u00e9tails de l&rsquo;\u00e9v\u00e9nement<\/h2>\n<p><strong>Date : <\/strong>Mardi 7 juillet &amp; mercredi 8 juillet 2026<\/p>\n<p><strong>Lieu\u00a0:<\/strong> Club de golf et curling de Hawkesbury<br \/>\n1150, chemin Golf Club Hawkesbury, ON<\/p>\n<p><strong>Frais d\u2019inscription\u00a0:<\/strong><\/p>\n<p>7 juillet 2026 : 225 $ par golfeur, comprenant la voiturette avec un toit et le cocktail<br \/>\n8 juillet 2026 : 250 $ par golfeur, comprenant la voiturette avec un toit et le souper<\/p>\n<ul>\n<li>Inscription de 9h \u00e0 10h15<\/li>\n<li>D\u00e9part simultan\u00e9 \u00e0 10h30 pr\u00e9cises!<\/li>\n<li>Mardi cocktail \u00e0 16h30<\/li>\n<li>Mercredi souper \u00e0 18h<\/li>\n<\/ul>\n<p>Les profits de cet \u00e9v\u00e9nement aideront la Fondation HGH \u00e0 r\u00e9aliser sa mission : recueillir des fonds en vue d\u2019am\u00e9liorer les soins et les services offerts \u00e0 l\u2019HGH. Gr\u00e2ce \u00e0 votre soutien, nous pourrons acqu\u00e9rir de l\u2019\u00e9quipement m\u00e9dical de pointe dont l\u2019h\u00f4pital a besoin pour r\u00e9pondre aux besoins de la communaut\u00e9. Votre contribution aidera aussi l\u2019HGH \u00e0 d\u00e9velopper de nouveaux programmes et services pour notre r\u00e9gion en pleine croissance. Ce qui veut dire que vous, ainsi que vos proches, aurez acc\u00e8s \u00e0 plus de soins sp\u00e9cialis\u00e9s, plus pr\u00e8s du domicile.<\/p>\n<h2>Inscription<\/h2>\n<p>Vous pouvez vous inscrire en ligne et payer par carte de cr\u00e9dit ou en t\u00e9l\u00e9chargeant un formulaire PDF. Mais faites vite, car le tournoi affiche habituellement complet tr\u00e8s rapidement !<\/p>\n<ul>\n<li>Lien vers notre portail s\u00e9curis\u00e9 pour l\u2019<a href=\"https:\/\/www.imakeanonlinedonation.org\/fondationhghfoundation\/GOLF2026\/?lng=1\">inscription et le paiement en ligne<\/a>.<\/li>\n<li>Lien vers le <a href=\"http:\/\/hgh.ca\/foundation\/wp-content\/uploads\/sites\/2\/2026\/02\/Registration-Form-Golf-2026.pdf-FR.pdf\" target=\"_blank\" rel=\"noopener\">formulaire en version imprimable (PDF)<\/a>. Veuillez le t\u00e9l\u00e9charger, le remplir et l\u2019envoyer \u00e0 notre bureau, par la poste ou en personne, avec le paiement.<\/li>\n<\/ul>\n<p>&nbsp;<\/p>\n<hr \/>\n<h2>Nos partenaires<\/h2>\n<p class=\"highlight\">\u00c0 venir !<\/p>\n<h3>Merci \u00e0 nos partenaires Ace<\/h3>\n<p>&nbsp;<\/p>\n<hr \/>\n<h3>Merci \u00e0 nos partenaires Aigle<\/h3>\n<p>&nbsp;<\/p>\n<hr \/>\n<h3>Merci \u00e0 nos partenaires Boguey<\/h3>\n<p>&nbsp;<\/p>\n<hr \/>\n<h3>Merci \u00e0 notre partenaire de voiturette<\/h3>\n<p>&nbsp;<\/p>\n<hr \/>\n<h3>Merci \u00e0 notre partenaire d&rsquo;ap\u00e9ritif<\/h3>\n<p>&nbsp;<\/p>\n<hr \/>\n<h3>Merci \u00e0 notre partenaire de vin<\/h3>\n<p>&nbsp;<\/p>\n<hr \/>\n<h3>Merci \u00e0 notre partenaire b\u00e9n\u00e9vole<\/h3>\n<p>&nbsp;<\/p>\n<hr \/>\n<h2>Kiosques alimentaires<\/h2>\n<p>De la bonne bouffe, des rafra\u00eechissements et des activit\u00e9s vous attendent tout au long du parcours!<\/p>\n<p>Les entreprises participantes seront bient\u00f4t d\u00e9voil\u00e9es.<\/p>\n<hr \/>\n<h2>Information<\/h2>\n<p>Ashley Tillotson<br \/>\n613-632-1111, poste 21109 ou par <a href=\"mailto:ATillotson@hgh.ca\">courriel<\/a><\/p>\n<p>Le bureau de la Fondation est situ\u00e9 \u00e0 l\u2019HGH.<br \/>\n1111, rue Ghislain<br \/>\nHawkesbury, ON K6A 3G5<\/p>\n<p>Notre bureau est ouvert du lundi au vendredi de 8 h \u00e0 16 h.<\/p>\n<p><strong>Au nom de la Fondation HGH, nous vous remercions pour votre g\u00e9n\u00e9rosit\u00e9 et nous esp\u00e9rons sinc\u00e8rement que vous vous joindrez \u00e0 nous pour une journ\u00e9e extraordinaire de golf!<\/strong><\/p>\n<hr \/>\n<p>La Fondation HGH organise plusieurs activit\u00e9s de collecte de fonds au cours de l\u2019ann\u00e9e. Pour plus d\u2019information, visitez la page <a href=\"http:\/\/hgh.ca\/foundation\/fr\/evenements\/\">\u00c9v\u00e9nements<\/a>.<\/p>\n","protected":false},"excerpt":{"rendered":"Bienvenue \u00e0 la 44e \u00e9dition de la Classique de golf de la Fondation HGH! Classique de golf 2026 Encore cette ann\u00e9e, notre tournoi se d\u00e9roulera sur deux jours ! Rejoignez-nous le 7 ou le 8 juillet pour une journ\u00e9e de golf fantastique qui contribuera \u00e0 soutenir une grande cause ! Le tournoi est ouvert aux&#8230; <a class=\"btn btn--primary\" href=\"https:\/\/hgh.ca\/foundation\/fr\/evenements\/tournoi-de-golf\/\">View Article<\/a>","protected":false},"author":1,"featured_media":0,"parent":27,"menu_order":1,"comment_status":"open","ping_status":"open","template":"","meta":{"_acf_changed":false,"footnotes":""},"class_list":["post-429","page","type-page","status-publish","hentry"],"acf":[],"yoast_head":"<!-- This site is optimized with the Yoast SEO plugin v23.0 - https:\/\/yoast.com\/wordpress\/plugins\/seo\/ -->\n<title>Tournoi de golf - HGH Foundation<\/title>\n<meta name=\"description\" content=\"Classique de golf 2025\" \/>\n<meta name=\"robots\" content=\"index, follow, max-snippet:-1, max-image-preview:large, max-video-preview:-1\" \/>\n<link rel=\"canonical\" href=\"https:\/\/hgh.ca\/foundation\/fr\/evenements\/tournoi-de-golf\/\" \/>\n<meta property=\"og:locale\" content=\"fr_FR\" \/>\n<meta property=\"og:type\" content=\"article\" \/>\n<meta property=\"og:title\" content=\"Tournoi de golf - HGH Foundation\" \/>\n<meta property=\"og:description\" content=\"Classique de golf 2025\" \/>\n<meta property=\"og:url\" content=\"https:\/\/hgh.ca\/foundation\/fr\/evenements\/tournoi-de-golf\/\" \/>\n<meta property=\"og:site_name\" content=\"HGH Foundation\" \/>\n<meta property=\"article:modified_time\" content=\"2026-03-10T19:36:49+00:00\" \/>\n<meta name=\"twitter:card\" content=\"summary_large_image\" \/>\n<meta name=\"twitter:label1\" content=\"Dur\u00e9e de lecture estim\u00e9e\" \/>\n\t<meta name=\"twitter:data1\" content=\"3 minutes\" \/>\n<script type=\"application\/ld+json\" class=\"yoast-schema-graph\">{\"@context\":\"https:\/\/schema.org\",\"@graph\":[{\"@type\":\"WebPage\",\"@id\":\"https:\/\/hgh.ca\/foundation\/fr\/evenements\/tournoi-de-golf\/\",\"url\":\"https:\/\/hgh.ca\/foundation\/fr\/evenements\/tournoi-de-golf\/\",\"name\":\"Tournoi de golf - HGH Foundation\",\"isPartOf\":{\"@id\":\"https:\/\/hgh.ca\/foundation\/#website\"},\"datePublished\":\"2024-03-01T12:45:35+00:00\",\"dateModified\":\"2026-03-10T19:36:49+00:00\",\"description\":\"Classique de golf 2025\",\"breadcrumb\":{\"@id\":\"https:\/\/hgh.ca\/foundation\/fr\/evenements\/tournoi-de-golf\/#breadcrumb\"},\"inLanguage\":\"fr-FR\",\"potentialAction\":[{\"@type\":\"ReadAction\",\"target\":[\"https:\/\/hgh.ca\/foundation\/fr\/evenements\/tournoi-de-golf\/\"]}]},{\"@type\":\"BreadcrumbList\",\"@id\":\"https:\/\/hgh.ca\/foundation\/fr\/evenements\/tournoi-de-golf\/#breadcrumb\",\"itemListElement\":[{\"@type\":\"ListItem\",\"position\":1,\"name\":\"Home\",\"item\":\"https:\/\/hgh.ca\/foundation\/fr\/\"},{\"@type\":\"ListItem\",\"position\":2,\"name\":\"\u00c9v\u00e9nements\",\"item\":\"https:\/\/hgh.ca\/foundation\/fr\/evenements\/\"},{\"@type\":\"ListItem\",\"position\":3,\"name\":\"Tournoi de golf\"}]},{\"@type\":\"WebSite\",\"@id\":\"https:\/\/hgh.ca\/foundation\/#website\",\"url\":\"https:\/\/hgh.ca\/foundation\/\",\"name\":\"HGH Foundation\",\"description\":\"The Foundation raises funds for the Hawkesbury General Hospital\",\"potentialAction\":[{\"@type\":\"SearchAction\",\"target\":{\"@type\":\"EntryPoint\",\"urlTemplate\":\"https:\/\/hgh.ca\/foundation\/?s={search_term_string}\"},\"query-input\":\"required name=search_term_string\"}],\"inLanguage\":\"fr-FR\"}]}<\/script>\n<!-- \/ Yoast SEO plugin. -->","yoast_head_json":{"title":"Tournoi de golf - HGH Foundation","description":"Classique de golf 2025","robots":{"index":"index","follow":"follow","max-snippet":"max-snippet:-1","max-image-preview":"max-image-preview:large","max-video-preview":"max-video-preview:-1"},"canonical":"https:\/\/hgh.ca\/foundation\/fr\/evenements\/tournoi-de-golf\/","og_locale":"fr_FR","og_type":"article","og_title":"Tournoi de golf - HGH Foundation","og_description":"Classique de golf 2025","og_url":"https:\/\/hgh.ca\/foundation\/fr\/evenements\/tournoi-de-golf\/","og_site_name":"HGH Foundation","article_modified_time":"2026-03-10T19:36:49+00:00","twitter_card":"summary_large_image","twitter_misc":{"Dur\u00e9e de lecture estim\u00e9e":"3 minutes"},"schema":{"@context":"https:\/\/schema.org","@graph":[{"@type":"WebPage","@id":"https:\/\/hgh.ca\/foundation\/fr\/evenements\/tournoi-de-golf\/","url":"https:\/\/hgh.ca\/foundation\/fr\/evenements\/tournoi-de-golf\/","name":"Tournoi de golf - HGH Foundation","isPartOf":{"@id":"https:\/\/hgh.ca\/foundation\/#website"},"datePublished":"2024-03-01T12:45:35+00:00","dateModified":"2026-03-10T19:36:49+00:00","description":"Classique de golf 2025","breadcrumb":{"@id":"https:\/\/hgh.ca\/foundation\/fr\/evenements\/tournoi-de-golf\/#breadcrumb"},"inLanguage":"fr-FR","potentialAction":[{"@type":"ReadAction","target":["https:\/\/hgh.ca\/foundation\/fr\/evenements\/tournoi-de-golf\/"]}]},{"@type":"BreadcrumbList","@id":"https:\/\/hgh.ca\/foundation\/fr\/evenements\/tournoi-de-golf\/#breadcrumb","itemListElement":[{"@type":"ListItem","position":1,"name":"Home","item":"https:\/\/hgh.ca\/foundation\/fr\/"},{"@type":"ListItem","position":2,"name":"\u00c9v\u00e9nements","item":"https:\/\/hgh.ca\/foundation\/fr\/evenements\/"},{"@type":"ListItem","position":3,"name":"Tournoi de golf"}]},{"@type":"WebSite","@id":"https:\/\/hgh.ca\/foundation\/#website","url":"https:\/\/hgh.ca\/foundation\/","name":"HGH Foundation","description":"The Foundation raises funds for the Hawkesbury General Hospital","potentialAction":[{"@type":"SearchAction","target":{"@type":"EntryPoint","urlTemplate":"https:\/\/hgh.ca\/foundation\/?s={search_term_string}"},"query-input":"required name=search_term_string"}],"inLanguage":"fr-FR"}]}},"_links":{"self":[{"href":"https:\/\/hgh.ca\/foundation\/fr\/wp-json\/wp\/v2\/pages\/429\/"}],"collection":[{"href":"https:\/\/hgh.ca\/foundation\/fr\/wp-json\/wp\/v2\/pages\/"}],"about":[{"href":"https:\/\/hgh.ca\/foundation\/fr\/wp-json\/wp\/v2\/types\/page\/"}],"author":[{"embeddable":true,"href":"https:\/\/hgh.ca\/foundation\/fr\/wp-json\/wp\/v2\/users\/1\/"}],"replies":[{"embeddable":true,"href":"https:\/\/hgh.ca\/foundation\/fr\/wp-json\/wp\/v2\/comments\/?post=429"}],"version-history":[{"count":7,"href":"https:\/\/hgh.ca\/foundation\/fr\/wp-json\/wp\/v2\/pages\/429\/revisions\/"}],"predecessor-version":[{"id":6842,"href":"https:\/\/hgh.ca\/foundation\/fr\/wp-json\/wp\/v2\/pages\/429\/revisions\/6842\/"}],"up":[{"embeddable":true,"href":"https:\/\/hgh.ca\/foundation\/fr\/wp-json\/wp\/v2\/pages\/27\/"}],"wp:attachment":[{"href":"https:\/\/hgh.ca\/foundation\/fr\/wp-json\/wp\/v2\/media\/?parent=429"}],"curies":[{"name":"wp","href":"https:\/\/api.w.org\/{rel}","templated":true}]}}