{"id":4469,"date":"2022-08-30T14:43:06","date_gmt":"2022-08-30T14:43:06","guid":{"rendered":"http:\/\/hgh.ca\/foundation\/?page_id=4469"},"modified":"2025-04-23T10:24:15","modified_gmt":"2025-04-23T14:24:15","slug":"achetez-un-biscuit-sourire-et-appuyez-la-fondation-hgh","status":"publish","type":"page","link":"https:\/\/hgh.ca\/foundation\/fr\/evenements\/achetez-un-biscuit-sourire-et-appuyez-la-fondation-hgh\/","title":{"rendered":"Semaine du Biscuit sourire 2025"},"content":{"rendered":"<p class=\"lead\">Du 28 avril au 4 mai, achetez un Biscuit sourire \u00e0 un restaurant Tim Hortons\u00ae local et appuyez la Fondation HGH!<\/p>\n<p>Du 28 avril au 4mai, achetez un Biscuit sourire \u00e0 un restaurant Tim Hortons\u00ae local et appuyez la Fondation HGH!<\/p>\n<p>Cette ann\u00e9e, la semaine du Biscuit sourire se d\u00e9roule du\u00a0<strong>28 avril au 4 mai<\/strong>! Au cours de cette semaine, les biscuits aux brisures de chocolat Tim Hortons se transforment en quelque chose de tr\u00e8s sp\u00e9cial : des\u00a0<strong>Biscuits sourire<\/strong>\u00a0d\u00e9cor\u00e9s \u00e0 la main qui permettent d\u2019amasser des fonds pour des organismes caritatifs partout au pays!<\/p>\n<p><a href=\"http:\/\/hgh.ca\/foundation\/wp-content\/uploads\/sites\/2\/2025\/04\/smile-cookie-flyer-2025-fr.jpg\"><img loading=\"lazy\" decoding=\"async\" class=\"alignnone wp-image-6314 size-large\" src=\"http:\/\/hgh.ca\/foundation\/wp-content\/uploads\/sites\/2\/2025\/04\/smile-cookie-flyer-2025-fr-700x907.jpg\" alt=\"\" width=\"700\" height=\"907\" srcset=\"https:\/\/hgh.ca\/foundation\/wp-content\/uploads\/sites\/2\/2025\/04\/smile-cookie-flyer-2025-fr-700x907.jpg 700w, https:\/\/hgh.ca\/foundation\/wp-content\/uploads\/sites\/2\/2025\/04\/smile-cookie-flyer-2025-fr-250x324.jpg 250w, https:\/\/hgh.ca\/foundation\/wp-content\/uploads\/sites\/2\/2025\/04\/smile-cookie-flyer-2025-fr-768x995.jpg 768w, https:\/\/hgh.ca\/foundation\/wp-content\/uploads\/sites\/2\/2025\/04\/smile-cookie-flyer-2025-fr-120x156.jpg 120w, https:\/\/hgh.ca\/foundation\/wp-content\/uploads\/sites\/2\/2025\/04\/smile-cookie-flyer-2025-fr.jpg 790w\" sizes=\"(max-width: 700px) 100vw, 700px\" \/><\/a><\/p>\n<p>La premi\u00e8re campagne du Biscuit sourire a eu lieu en 1996 et visait \u00e0 recueillir des fonds pour l\u2019H\u00f4pital pour enfants de Hamilton, en Ontario. Vingt-huit ans plus tard, la totalit\u00e9 des recettes de chaque Biscuit sourire est toujours vers\u00e9e \u00e0 des organismes caritatifs de partout au pays, afin de soutenir les communaut\u00e9s dans lesquelles les restaurants sont situ\u00e9s.\u00a0<strong>En 2023, plus de 625 organismes caritatifs ont b\u00e9n\u00e9fici\u00e9 des dons recueillis pendant la campagne d\u2019une semaine et un nombre record de biscuits ont \u00e9t\u00e9 vendus.<\/strong><\/p>\n<p>Le propri\u00e9taire des restaurants Tim Hortons locaux, Monsieur Paul Burke, a choisi, encore une fois cette ann\u00e9e, d\u2019appuyer la Fondation HGH.<\/p>\n<p>Les fonds collect\u00e9s soutiendront l\u2019achat d\u2019\u00e9quipement m\u00e9dical essentiel pour de nouveaux services \u00e0 l\u2019HGH et donnera acc\u00e8s \u00e0 davantage de soins sp\u00e9cialis\u00e9s, plus pr\u00e8s du domicile.<\/p>\n<p>100% des fonds de chaque Biscuit sourire vendu entre le 28 avril au 4 mai dans les\u00a0<strong>restaurants Tim Hortons \u00e0 Hawkesbury, L\u2019Orignal et Vankleek Hill<\/strong>\u00a0sera donn\u00e9 \u00e0 la Fondation HGH.<\/p>\n<h2>Comment pouvez-vous appuyer la campagne du Biscuit sourire?<\/h2>\n<p>Vous pouvez participer \u00e0 la campagne du Biscuit sourire de deux fa\u00e7ons :<\/p>\n<p>1)\u00a0\u00a0\u00a0 Visitez un restaurant Tim Hortons participant pr\u00e8s de chez vous entre le 28 avril et le 4 mai et achetez un Biscuit sourire pour 2,00 $ (taxes en sus).<\/p>\n<p>2)\u00a0 \u00a0 Vous pouvez \u00e9galement commander une bo\u00eete de Biscuits sourire en t\u00e9l\u00e9chargeant et en remplissant un formulaire de commande \u00e0 l\u2019avance, puis en le remettant au restaurant Tim Hortons pr\u00e8s de chez vous. Les commandes doivent \u00eatre effectu\u00e9es au moins 48 heures \u00e0 l\u2019avance. T\u00e9l\u00e9charger le\u00a0<a href=\"https:\/\/hgh.ca\/wp-content\/uploads\/2025\/04\/Biscuit-Sourire-Formulaire-de-commande-a-l-avance-2025.pdf\" target=\"_blank\" rel=\"noopener\">formulaire de commande de Biscuit sourire<\/a>.<\/p>\n<h2>Pourquoi la campagne du Biscuit sourire est-elle aussi importante?<\/h2>\n<p>La campagne du Biscuit sourire permet aux invit\u00e9s et aux propri\u00e9taires de restaurant Tim Hortons de redonner \u00e0 leur communaut\u00e9. La totalit\u00e9 des dons amass\u00e9s gr\u00e2ce \u00e0 la vente des Biscuits sourire est directement vers\u00e9e \u00e0 des organismes caritatifs locaux s\u00e9lectionn\u00e9s par les restaurants, tel la Fondation HGH. Votre soutien contribuera \u00e0 faire en sorte que vos proches puissent recevoir des soins m\u00e9dicaux sp\u00e9cialis\u00e9s \u00e0 l\u2019HGH sans avoir \u00e0 se d\u00e9placer ailleurs!<\/p>\n<p><a href=\"http:\/\/hgh.ca\/foundation\/wp-content\/uploads\/sites\/2\/2023\/04\/cookie-biscuit-2023.png\"><img loading=\"lazy\" decoding=\"async\" class=\"wp-image-5054 alignleft\" src=\"http:\/\/hgh.ca\/foundation\/wp-content\/uploads\/sites\/2\/2023\/04\/cookie-biscuit-2023.png\" alt=\"biscuit aux brisures de chocolat avec un bonhomme sourire\" width=\"241\" height=\"224\" srcset=\"https:\/\/hgh.ca\/foundation\/wp-content\/uploads\/sites\/2\/2023\/04\/cookie-biscuit-2023.png 600w, https:\/\/hgh.ca\/foundation\/wp-content\/uploads\/sites\/2\/2023\/04\/cookie-biscuit-2023-250x232.png 250w, https:\/\/hgh.ca\/foundation\/wp-content\/uploads\/sites\/2\/2023\/04\/cookie-biscuit-2023-120x111.png 120w\" sizes=\"(max-width: 241px) 100vw, 241px\" \/><\/a><\/p>\n<p>&nbsp;<\/p>\n<p>Les Biscuits sourire sont tous uniques, comme les personnes, les organismes caritatifs et les communaut\u00e9s qu\u2019ils permettent de soutenir.<\/p>\n<p>Tim Hortons amasse des fonds pour des organismes caritatifs locaux depuis plus de 29 ans. L\u2019an dernier, les restaurants Tim Hortons <strong>ont pr\u00e8s de 18,8 millions de dollars au profit d&rsquo;organisations caritatives et de groupes communautaires locaux<\/strong> &#8211; une r\u00e9alisation incroyable qui contribue \u00e0 l&rsquo;h\u00e9ritage des biscuits Sourire, avec plus de <strong>129 millions de dollars r\u00e9colt\u00e9s<\/strong> depuis le lancement de la campagne en 1996.<\/p>\n<h3>\u00c0 propos de TIM HORTONS\u00ae<\/h3>\n<p>En 1964, le premier restaurant Tim Hortons\u00ae a ouvert ses portes \u00e0 Hamilton, en Ontario, et depuis tout ce temps, les Canadiens et les Canadiennes commandent le caf\u00e9 de m\u00e9lange original, le caf\u00e9 Deux-DeuxMC, les beignes et les Timbits\u00ae embl\u00e9matiques de Tim Hortons. Au fil des ans, Tim Hortons a ravi le c\u0153ur et satisfait les go\u00fbts des gens d\u2019ici. Tim Hortons est fier d\u2019\u00eatre devenu la plus importante cha\u00eene de restaurants au Canada, avec plus de 5 millions de tasses de caf\u00e9 servies par jour et 80 % de la population qui visite un restaurant Tim Hortons au moins une fois par mois. Plus qu\u2019un simple endroit o\u00f9 l\u2019on pr\u00e9pare du caf\u00e9 et des p\u00e2tisseries, Tim Hortons fait partie du tissu social canadien et est un fier symbole de notre pays et de ses valeurs. Pour en savoir davantage, visitez\u00a0<a href=\"https:\/\/www.timhortons.ca\/\">TimHortons.ca<\/a>.<\/p>\n<hr \/>\n<h2>Pour plus d\u2019information, veuillez contacter :<\/h2>\n<p>Ashley Tillotson<br \/>\nCoordonnatrice de projets philanthropiques, Fondation HGH<br \/>\n613 632-1111, poste 21109<br \/>\n<a href=\"mailto:atillotson@hgh.ca\">atillotson@hgh.ca<\/a><\/p>\n","protected":false},"excerpt":{"rendered":"Du 28 avril au 4 mai, achetez un Biscuit sourire \u00e0 un restaurant Tim Hortons\u00ae local et appuyez la Fondation HGH! Du 28 avril au 4mai, achetez un Biscuit sourire \u00e0 un restaurant Tim Hortons\u00ae local et appuyez la Fondation HGH! Cette ann\u00e9e, la semaine du Biscuit sourire se d\u00e9roule du\u00a028 avril au 4 mai!&#8230; <a class=\"btn btn--primary\" href=\"https:\/\/hgh.ca\/foundation\/fr\/evenements\/achetez-un-biscuit-sourire-et-appuyez-la-fondation-hgh\/\">View Article<\/a>","protected":false},"author":2,"featured_media":0,"parent":27,"menu_order":3,"comment_status":"closed","ping_status":"closed","template":"","meta":{"_acf_changed":false,"footnotes":""},"class_list":["post-4469","page","type-page","status-publish","hentry"],"acf":[],"yoast_head":"<!-- This site is optimized with the Yoast SEO plugin v23.0 - https:\/\/yoast.com\/wordpress\/plugins\/seo\/ -->\n<title>Semaine du Biscuit sourire 2025 - HGH Foundation<\/title>\n<meta name=\"robots\" content=\"index, follow, max-snippet:-1, max-image-preview:large, max-video-preview:-1\" \/>\n<link rel=\"canonical\" href=\"https:\/\/hgh.ca\/foundation\/fr\/evenements\/achetez-un-biscuit-sourire-et-appuyez-la-fondation-hgh\/\" \/>\n<meta property=\"og:locale\" content=\"fr_FR\" \/>\n<meta property=\"og:type\" content=\"article\" \/>\n<meta property=\"og:title\" content=\"Semaine du Biscuit sourire 2025 - HGH Foundation\" \/>\n<meta property=\"og:description\" content=\"Du 28 avril au 4 mai, achetez un Biscuit sourire \u00e0 un restaurant Tim Hortons\u00ae local et appuyez la Fondation HGH! Du 28 avril au 4mai, achetez un Biscuit sourire \u00e0 un restaurant Tim Hortons\u00ae local et appuyez la Fondation HGH! Cette ann\u00e9e, la semaine du Biscuit sourire se d\u00e9roule du\u00a028 avril au 4 mai!... View Article\" \/>\n<meta property=\"og:url\" content=\"https:\/\/hgh.ca\/foundation\/fr\/evenements\/achetez-un-biscuit-sourire-et-appuyez-la-fondation-hgh\/\" \/>\n<meta property=\"og:site_name\" content=\"HGH Foundation\" \/>\n<meta property=\"article:modified_time\" content=\"2025-04-23T14:24:15+00:00\" \/>\n<meta property=\"og:image\" content=\"http:\/\/hgh.ca\/foundation\/wp-content\/uploads\/sites\/2\/2025\/04\/smile-cookie-flyer-2025-fr-700x907.jpg\" \/>\n<meta name=\"twitter:card\" content=\"summary_large_image\" \/>\n<meta name=\"twitter:label1\" content=\"Dur\u00e9e de lecture estim\u00e9e\" \/>\n\t<meta name=\"twitter:data1\" content=\"4 minutes\" \/>\n<script type=\"application\/ld+json\" class=\"yoast-schema-graph\">{\"@context\":\"https:\/\/schema.org\",\"@graph\":[{\"@type\":\"WebPage\",\"@id\":\"https:\/\/hgh.ca\/foundation\/fr\/evenements\/achetez-un-biscuit-sourire-et-appuyez-la-fondation-hgh\/\",\"url\":\"https:\/\/hgh.ca\/foundation\/fr\/evenements\/achetez-un-biscuit-sourire-et-appuyez-la-fondation-hgh\/\",\"name\":\"Semaine du Biscuit sourire 2025 - HGH Foundation\",\"isPartOf\":{\"@id\":\"https:\/\/hgh.ca\/foundation\/#website\"},\"primaryImageOfPage\":{\"@id\":\"https:\/\/hgh.ca\/foundation\/fr\/evenements\/achetez-un-biscuit-sourire-et-appuyez-la-fondation-hgh\/#primaryimage\"},\"image\":{\"@id\":\"https:\/\/hgh.ca\/foundation\/fr\/evenements\/achetez-un-biscuit-sourire-et-appuyez-la-fondation-hgh\/#primaryimage\"},\"thumbnailUrl\":\"http:\/\/hgh.ca\/foundation\/wp-content\/uploads\/sites\/2\/2025\/04\/smile-cookie-flyer-2025-fr-700x907.jpg\",\"datePublished\":\"2022-08-30T14:43:06+00:00\",\"dateModified\":\"2025-04-23T14:24:15+00:00\",\"breadcrumb\":{\"@id\":\"https:\/\/hgh.ca\/foundation\/fr\/evenements\/achetez-un-biscuit-sourire-et-appuyez-la-fondation-hgh\/#breadcrumb\"},\"inLanguage\":\"fr-FR\",\"potentialAction\":[{\"@type\":\"ReadAction\",\"target\":[\"https:\/\/hgh.ca\/foundation\/fr\/evenements\/achetez-un-biscuit-sourire-et-appuyez-la-fondation-hgh\/\"]}]},{\"@type\":\"ImageObject\",\"inLanguage\":\"fr-FR\",\"@id\":\"https:\/\/hgh.ca\/foundation\/fr\/evenements\/achetez-un-biscuit-sourire-et-appuyez-la-fondation-hgh\/#primaryimage\",\"url\":\"http:\/\/hgh.ca\/foundation\/wp-content\/uploads\/sites\/2\/2025\/04\/smile-cookie-flyer-2025-fr-700x907.jpg\",\"contentUrl\":\"http:\/\/hgh.ca\/foundation\/wp-content\/uploads\/sites\/2\/2025\/04\/smile-cookie-flyer-2025-fr-700x907.jpg\"},{\"@type\":\"BreadcrumbList\",\"@id\":\"https:\/\/hgh.ca\/foundation\/fr\/evenements\/achetez-un-biscuit-sourire-et-appuyez-la-fondation-hgh\/#breadcrumb\",\"itemListElement\":[{\"@type\":\"ListItem\",\"position\":1,\"name\":\"Home\",\"item\":\"https:\/\/hgh.ca\/foundation\/fr\/\"},{\"@type\":\"ListItem\",\"position\":2,\"name\":\"\u00c9v\u00e9nements\",\"item\":\"https:\/\/hgh.ca\/foundation\/fr\/evenements\/\"},{\"@type\":\"ListItem\",\"position\":3,\"name\":\"Semaine du Biscuit sourire 2025\"}]},{\"@type\":\"WebSite\",\"@id\":\"https:\/\/hgh.ca\/foundation\/#website\",\"url\":\"https:\/\/hgh.ca\/foundation\/\",\"name\":\"HGH Foundation\",\"description\":\"The Foundation raises funds for the Hawkesbury General Hospital\",\"potentialAction\":[{\"@type\":\"SearchAction\",\"target\":{\"@type\":\"EntryPoint\",\"urlTemplate\":\"https:\/\/hgh.ca\/foundation\/?s={search_term_string}\"},\"query-input\":\"required name=search_term_string\"}],\"inLanguage\":\"fr-FR\"}]}<\/script>\n<!-- \/ Yoast SEO plugin. -->","yoast_head_json":{"title":"Semaine du Biscuit sourire 2025 - HGH Foundation","robots":{"index":"index","follow":"follow","max-snippet":"max-snippet:-1","max-image-preview":"max-image-preview:large","max-video-preview":"max-video-preview:-1"},"canonical":"https:\/\/hgh.ca\/foundation\/fr\/evenements\/achetez-un-biscuit-sourire-et-appuyez-la-fondation-hgh\/","og_locale":"fr_FR","og_type":"article","og_title":"Semaine du Biscuit sourire 2025 - HGH Foundation","og_description":"Du 28 avril au 4 mai, achetez un Biscuit sourire \u00e0 un restaurant Tim Hortons\u00ae local et appuyez la Fondation HGH! Du 28 avril au 4mai, achetez un Biscuit sourire \u00e0 un restaurant Tim Hortons\u00ae local et appuyez la Fondation HGH! Cette ann\u00e9e, la semaine du Biscuit sourire se d\u00e9roule du\u00a028 avril au 4 mai!... View Article","og_url":"https:\/\/hgh.ca\/foundation\/fr\/evenements\/achetez-un-biscuit-sourire-et-appuyez-la-fondation-hgh\/","og_site_name":"HGH Foundation","article_modified_time":"2025-04-23T14:24:15+00:00","og_image":[{"url":"http:\/\/hgh.ca\/foundation\/wp-content\/uploads\/sites\/2\/2025\/04\/smile-cookie-flyer-2025-fr-700x907.jpg"}],"twitter_card":"summary_large_image","twitter_misc":{"Dur\u00e9e de lecture estim\u00e9e":"4 minutes"},"schema":{"@context":"https:\/\/schema.org","@graph":[{"@type":"WebPage","@id":"https:\/\/hgh.ca\/foundation\/fr\/evenements\/achetez-un-biscuit-sourire-et-appuyez-la-fondation-hgh\/","url":"https:\/\/hgh.ca\/foundation\/fr\/evenements\/achetez-un-biscuit-sourire-et-appuyez-la-fondation-hgh\/","name":"Semaine du Biscuit sourire 2025 - HGH Foundation","isPartOf":{"@id":"https:\/\/hgh.ca\/foundation\/#website"},"primaryImageOfPage":{"@id":"https:\/\/hgh.ca\/foundation\/fr\/evenements\/achetez-un-biscuit-sourire-et-appuyez-la-fondation-hgh\/#primaryimage"},"image":{"@id":"https:\/\/hgh.ca\/foundation\/fr\/evenements\/achetez-un-biscuit-sourire-et-appuyez-la-fondation-hgh\/#primaryimage"},"thumbnailUrl":"http:\/\/hgh.ca\/foundation\/wp-content\/uploads\/sites\/2\/2025\/04\/smile-cookie-flyer-2025-fr-700x907.jpg","datePublished":"2022-08-30T14:43:06+00:00","dateModified":"2025-04-23T14:24:15+00:00","breadcrumb":{"@id":"https:\/\/hgh.ca\/foundation\/fr\/evenements\/achetez-un-biscuit-sourire-et-appuyez-la-fondation-hgh\/#breadcrumb"},"inLanguage":"fr-FR","potentialAction":[{"@type":"ReadAction","target":["https:\/\/hgh.ca\/foundation\/fr\/evenements\/achetez-un-biscuit-sourire-et-appuyez-la-fondation-hgh\/"]}]},{"@type":"ImageObject","inLanguage":"fr-FR","@id":"https:\/\/hgh.ca\/foundation\/fr\/evenements\/achetez-un-biscuit-sourire-et-appuyez-la-fondation-hgh\/#primaryimage","url":"http:\/\/hgh.ca\/foundation\/wp-content\/uploads\/sites\/2\/2025\/04\/smile-cookie-flyer-2025-fr-700x907.jpg","contentUrl":"http:\/\/hgh.ca\/foundation\/wp-content\/uploads\/sites\/2\/2025\/04\/smile-cookie-flyer-2025-fr-700x907.jpg"},{"@type":"BreadcrumbList","@id":"https:\/\/hgh.ca\/foundation\/fr\/evenements\/achetez-un-biscuit-sourire-et-appuyez-la-fondation-hgh\/#breadcrumb","itemListElement":[{"@type":"ListItem","position":1,"name":"Home","item":"https:\/\/hgh.ca\/foundation\/fr\/"},{"@type":"ListItem","position":2,"name":"\u00c9v\u00e9nements","item":"https:\/\/hgh.ca\/foundation\/fr\/evenements\/"},{"@type":"ListItem","position":3,"name":"Semaine du Biscuit sourire 2025"}]},{"@type":"WebSite","@id":"https:\/\/hgh.ca\/foundation\/#website","url":"https:\/\/hgh.ca\/foundation\/","name":"HGH Foundation","description":"The Foundation raises funds for the Hawkesbury General Hospital","potentialAction":[{"@type":"SearchAction","target":{"@type":"EntryPoint","urlTemplate":"https:\/\/hgh.ca\/foundation\/?s={search_term_string}"},"query-input":"required name=search_term_string"}],"inLanguage":"fr-FR"}]}},"_links":{"self":[{"href":"https:\/\/hgh.ca\/foundation\/fr\/wp-json\/wp\/v2\/pages\/4469\/"}],"collection":[{"href":"https:\/\/hgh.ca\/foundation\/fr\/wp-json\/wp\/v2\/pages\/"}],"about":[{"href":"https:\/\/hgh.ca\/foundation\/fr\/wp-json\/wp\/v2\/types\/page\/"}],"author":[{"embeddable":true,"href":"https:\/\/hgh.ca\/foundation\/fr\/wp-json\/wp\/v2\/users\/2\/"}],"replies":[{"embeddable":true,"href":"https:\/\/hgh.ca\/foundation\/fr\/wp-json\/wp\/v2\/comments\/?post=4469"}],"version-history":[{"count":6,"href":"https:\/\/hgh.ca\/foundation\/fr\/wp-json\/wp\/v2\/pages\/4469\/revisions\/"}],"predecessor-version":[{"id":6320,"href":"https:\/\/hgh.ca\/foundation\/fr\/wp-json\/wp\/v2\/pages\/4469\/revisions\/6320\/"}],"up":[{"embeddable":true,"href":"https:\/\/hgh.ca\/foundation\/fr\/wp-json\/wp\/v2\/pages\/27\/"}],"wp:attachment":[{"href":"https:\/\/hgh.ca\/foundation\/fr\/wp-json\/wp\/v2\/media\/?parent=4469"}],"curies":[{"name":"wp","href":"https:\/\/api.w.org\/{rel}","templated":true}]}}