{"id":4469,"date":"2022-08-30T14:43:06","date_gmt":"2022-08-30T14:43:06","guid":{"rendered":"http:\/\/hgh.ca\/foundation\/?page_id=4469"},"modified":"2026-04-20T09:26:19","modified_gmt":"2026-04-20T13:26:19","slug":"achetez-un-biscuit-sourire-et-appuyez-la-fondation-hgh","status":"publish","type":"page","link":"https:\/\/hgh.ca\/foundation\/fr\/evenements\/achetez-un-biscuit-sourire-et-appuyez-la-fondation-hgh\/","title":{"rendered":"Semaine du Biscuit sourire 2026"},"content":{"rendered":"<p class=\"lead\">Du 27 avril au 3 mai, achetez un Biscuit sourire \u00e0 un restaurant Tim Hortons<sup>\u00ae<\/sup> local et appuyez la Fondation HGH!<\/p>\n<p>Cette ann\u00e9e, la semaine du Biscuit sourire se d\u00e9roule du\u00a0<strong>27 avril au 3 mai<\/strong>! Lors de cette semaine, les biscuits aux brisures de chocolat Tim Hortons se transforment en quelque chose de tr\u00e8s sp\u00e9cial : des\u00a0<strong>Biscuits sourire<\/strong>\u00a0d\u00e9cor\u00e9s \u00e0 la main qui permettent d\u2019amasser des fonds pour des organismes caritatifs partout au pays!<\/p>\n<p><a href=\"http:\/\/hgh.ca\/foundation\/wp-content\/uploads\/sites\/2\/2026\/04\/tims-sc26-custom-in-feed-static-fr-4x51-1.jpg\"><img loading=\"lazy\" decoding=\"async\" class=\"alignnone wp-image-6882 size-full\" src=\"http:\/\/hgh.ca\/foundation\/wp-content\/uploads\/sites\/2\/2026\/04\/tims-sc26-custom-in-feed-static-fr-4x51-1.jpg\" alt=\"Affiche de la campagne du biscuit sourire\" width=\"1440\" height=\"1800\" srcset=\"https:\/\/hgh.ca\/foundation\/wp-content\/uploads\/sites\/2\/2026\/04\/tims-sc26-custom-in-feed-static-fr-4x51-1.jpg 1440w, https:\/\/hgh.ca\/foundation\/wp-content\/uploads\/sites\/2\/2026\/04\/tims-sc26-custom-in-feed-static-fr-4x51-1-250x313.jpg 250w, https:\/\/hgh.ca\/foundation\/wp-content\/uploads\/sites\/2\/2026\/04\/tims-sc26-custom-in-feed-static-fr-4x51-1-700x875.jpg 700w, https:\/\/hgh.ca\/foundation\/wp-content\/uploads\/sites\/2\/2026\/04\/tims-sc26-custom-in-feed-static-fr-4x51-1-768x960.jpg 768w, https:\/\/hgh.ca\/foundation\/wp-content\/uploads\/sites\/2\/2026\/04\/tims-sc26-custom-in-feed-static-fr-4x51-1-1229x1536.jpg 1229w, https:\/\/hgh.ca\/foundation\/wp-content\/uploads\/sites\/2\/2026\/04\/tims-sc26-custom-in-feed-static-fr-4x51-1-120x150.jpg 120w, https:\/\/hgh.ca\/foundation\/wp-content\/uploads\/sites\/2\/2026\/04\/tims-sc26-custom-in-feed-static-fr-4x51-1-960x1200.jpg 960w\" sizes=\"(max-width: 1440px) 100vw, 1440px\" \/><\/a><\/p>\n<p>La premi\u00e8re campagne du Biscuit sourire a eu lieu en 1996 et visait \u00e0 recueillir des fonds pour l\u2019H\u00f4pital pour enfants de Hamilton, en Ontario. Plus de 20 ans plus tard, 100 % des recettes de chaque Biscuit sourire va \u00e0 des organismes caritatifs de partout au pays, afin de soutenir les communaut\u00e9s dans lesquelles les restaurants sont situ\u00e9s.\u00a0<strong>En 2026, pr\u00e8s de 700 organismes caritatifs et groupes communautaires recevront les dons recueillis pendant la campagne d\u2019une semaine.<\/strong><\/p>\n<p>Le propri\u00e9taire des restaurants Tim Hortons locaux, Monsieur Paul Burke, a choisi, encore une fois cette ann\u00e9e, d\u2019appuyer la Fondation HGH.<\/p>\n<p>Les fonds amass\u00e9s soutiendront l\u2019achat d\u2019\u00e9quipement m\u00e9dical essentiel pour de nouveaux services \u00e0 l\u2019HGH et donneront acc\u00e8s \u00e0 davantage de soins sp\u00e9cialis\u00e9s, plus pr\u00e8s du domicile.<\/p>\n<p>100% des fonds de chaque Biscuit sourire vendu entre le 27 avril au 3 mai dans les\u00a0<strong>restaurants Tim Hortons \u00e0 Hawkesbury, L\u2019Orignal et Vankleek Hill<\/strong>\u00a0sera remis \u00e0 la Fondation HGH.<\/p>\n<h2>Comment pouvez-vous appuyer la campagne du Biscuit sourire?<\/h2>\n<p>Vous pouvez participer \u00e0 la campagne du Biscuit sourire de deux fa\u00e7ons :<\/p>\n<p>1)\u00a0\u00a0\u00a0 Visitez un restaurant Tim Hortons participant pr\u00e8s de chez vous entre le 27 avril et le 3 mai et achetez un Biscuit sourire pour 2,00 $ (taxes en sus).<\/p>\n<p>2)\u00a0 \u00a0 Vous pouvez \u00e9galement commander une bo\u00eete de Biscuits sourire en t\u00e9l\u00e9chargeant et en remplissant un formulaire de commande \u00e0 l\u2019avance, puis en le remettant au restaurant Tim Hortons pr\u00e8s de chez vous. Les commandes doivent \u00eatre effectu\u00e9es au moins 48 heures \u00e0 l\u2019avance.<\/p>\n<p class=\"highlight-blue\"><strong><a href=\"http:\/\/hgh.ca\/foundation\/wp-content\/uploads\/sites\/2\/2026\/04\/Bulk-Order-Form-EN.pdf\">T\u00e9l\u00e9charger le\u00a0formulaire de commande de Biscuit sourire.<\/a><\/strong><\/p>\n<h2>Pourquoi la campagne du Biscuit sourire est-elle aussi importante?<\/h2>\n<p>La campagne du Biscuit sourire permet aux invit\u00e9s et aux propri\u00e9taires de restaurant Tim Hortons de redonner \u00e0 leur communaut\u00e9. La totalit\u00e9 des dons amass\u00e9s gr\u00e2ce \u00e0 la vente des Biscuits sourire est directement vers\u00e9e \u00e0 des organismes caritatifs locaux s\u00e9lectionn\u00e9s par les restaurants, comme la Fondation HGH. Votre soutien contribuera \u00e0 faire en sorte que vos proches puissent recevoir des soins m\u00e9dicaux sp\u00e9cialis\u00e9s \u00e0 l\u2019HGH sans avoir \u00e0 se d\u00e9placer ailleurs!<\/p>\n<p><a href=\"http:\/\/hgh.ca\/foundation\/wp-content\/uploads\/sites\/2\/2023\/04\/cookie-biscuit-2023.png\"><img loading=\"lazy\" decoding=\"async\" class=\"wp-image-5054 alignleft\" src=\"http:\/\/hgh.ca\/foundation\/wp-content\/uploads\/sites\/2\/2023\/04\/cookie-biscuit-2023.png\" alt=\"biscuit aux brisures de chocolat avec un bonhomme sourire\" width=\"241\" height=\"224\" srcset=\"https:\/\/hgh.ca\/foundation\/wp-content\/uploads\/sites\/2\/2023\/04\/cookie-biscuit-2023.png 600w, https:\/\/hgh.ca\/foundation\/wp-content\/uploads\/sites\/2\/2023\/04\/cookie-biscuit-2023-250x232.png 250w, https:\/\/hgh.ca\/foundation\/wp-content\/uploads\/sites\/2\/2023\/04\/cookie-biscuit-2023-120x111.png 120w\" sizes=\"(max-width: 241px) 100vw, 241px\" \/><\/a><\/p>\n<p>Les Biscuits sourire sont tous uniques, comme les personnes, les organismes caritatifs et les communaut\u00e9s qu\u2019ils permettent de soutenir.<\/p>\n<p>Tim Hortons amasse des fonds pour des organismes caritatifs locaux depuis plus de 30 ans. L\u2019an dernier, les invit\u00e9s de Tim Hortons ont aid\u00e9 \u00e0 amasser <strong>pr\u00e8s de 22,6 millions de dollars pour les organismes caritatifs et groupes communautaires locaux<\/strong>, une formidable r\u00e9alisation qui porte le total de dons recueillis depuis le lancement de la campagne en 1996 \u00e0 plus de <strong>151 millions de dollars.<\/strong><\/p>\n<p>&nbsp;<\/p>\n<h3>\u00c0 propos de TIM HORTONS<sup>\u00ae<\/sup><\/h3>\n<p>En 1964, le premier restaurant Tim Hortons\u00ae a ouvert ses portes \u00e0 Hamilton, en Ontario, et depuis tout ce temps, les Canadiens et les Canadiennes commandent le caf\u00e9 de m\u00e9lange original, le caf\u00e9 Deux-DeuxMC, les beignes et les Timbits\u00ae embl\u00e9matiques de Tim Hortons. Au fil des ans, Tim Hortons a ravi le c\u0153ur et satisfait les go\u00fbts des gens d\u2019ici. Tim Hortons est fier d\u2019\u00eatre devenu la plus importante cha\u00eene de restaurants au Canada, avec plus de 5 millions de tasses de caf\u00e9 servies par jour et 80 % de la population qui visite un restaurant Tim Hortons au moins une fois par mois. Plus qu\u2019un simple endroit o\u00f9 l\u2019on pr\u00e9pare du caf\u00e9 et des p\u00e2tisseries, Tim Hortons fait partie du tissu social canadien et est un fier symbole de notre pays et de ses valeurs. Pour en savoir davantage, visitez\u00a0<a href=\"https:\/\/www.timhortons.ca\/\">TimHortons.ca<\/a>.<\/p>\n<hr \/>\n<h2>Pour plus d\u2019information, veuillez contacter :<\/h2>\n<p>Ashley Tillotson<br \/>\nCoordonnatrice de projets philanthropiques, Fondation HGH<br \/>\n613 632-1111, poste 21109<br \/>\n<a href=\"mailto:atillotson@hgh.ca\">atillotson@hgh.ca<\/a><\/p>\n","protected":false},"excerpt":{"rendered":"Du 27 avril au 3 mai, achetez un Biscuit sourire \u00e0 un restaurant Tim Hortons\u00ae local et appuyez la Fondation HGH! Cette ann\u00e9e, la semaine du Biscuit sourire se d\u00e9roule du\u00a027 avril au 3 mai! Lors de cette semaine, les biscuits aux brisures de chocolat Tim Hortons se transforment en quelque chose de tr\u00e8s sp\u00e9cial&#8230; <a class=\"btn btn--primary\" href=\"https:\/\/hgh.ca\/foundation\/fr\/evenements\/achetez-un-biscuit-sourire-et-appuyez-la-fondation-hgh\/\">View Article<\/a>","protected":false},"author":2,"featured_media":6882,"parent":27,"menu_order":3,"comment_status":"closed","ping_status":"closed","template":"","meta":{"_acf_changed":false,"footnotes":""},"class_list":["post-4469","page","type-page","status-publish","has-post-thumbnail","hentry"],"acf":[],"yoast_head":"<!-- This site is optimized with the Yoast SEO plugin v23.0 - https:\/\/yoast.com\/wordpress\/plugins\/seo\/ -->\n<title>Semaine du Biscuit sourire 2026 - HGH Foundation<\/title>\n<meta name=\"robots\" content=\"index, follow, max-snippet:-1, max-image-preview:large, max-video-preview:-1\" \/>\n<link rel=\"canonical\" href=\"https:\/\/hgh.ca\/foundation\/fr\/evenements\/achetez-un-biscuit-sourire-et-appuyez-la-fondation-hgh\/\" \/>\n<meta property=\"og:locale\" content=\"fr_FR\" \/>\n<meta property=\"og:type\" content=\"article\" \/>\n<meta property=\"og:title\" content=\"Semaine du Biscuit sourire 2026 - HGH Foundation\" \/>\n<meta property=\"og:description\" content=\"Du 27 avril au 3 mai, achetez un Biscuit sourire \u00e0 un restaurant Tim Hortons\u00ae local et appuyez la Fondation HGH! Cette ann\u00e9e, la semaine du Biscuit sourire se d\u00e9roule du\u00a027 avril au 3 mai! Lors de cette semaine, les biscuits aux brisures de chocolat Tim Hortons se transforment en quelque chose de tr\u00e8s sp\u00e9cial... View Article\" \/>\n<meta property=\"og:url\" content=\"https:\/\/hgh.ca\/foundation\/fr\/evenements\/achetez-un-biscuit-sourire-et-appuyez-la-fondation-hgh\/\" \/>\n<meta property=\"og:site_name\" content=\"HGH Foundation\" \/>\n<meta property=\"article:modified_time\" content=\"2026-04-20T13:26:19+00:00\" \/>\n<meta property=\"og:image\" content=\"http:\/\/hgh.ca\/foundation\/wp-content\/uploads\/sites\/2\/2026\/04\/tims-sc26-custom-in-feed-static-fr-4x51-1.jpg\" \/>\n\t<meta property=\"og:image:width\" content=\"1440\" \/>\n\t<meta property=\"og:image:height\" content=\"1800\" \/>\n\t<meta property=\"og:image:type\" content=\"image\/jpeg\" \/>\n<meta name=\"twitter:card\" content=\"summary_large_image\" \/>\n<meta name=\"twitter:label1\" content=\"Dur\u00e9e de lecture estim\u00e9e\" \/>\n\t<meta name=\"twitter:data1\" content=\"4 minutes\" \/>\n<script type=\"application\/ld+json\" class=\"yoast-schema-graph\">{\"@context\":\"https:\/\/schema.org\",\"@graph\":[{\"@type\":\"WebPage\",\"@id\":\"https:\/\/hgh.ca\/foundation\/fr\/evenements\/achetez-un-biscuit-sourire-et-appuyez-la-fondation-hgh\/\",\"url\":\"https:\/\/hgh.ca\/foundation\/fr\/evenements\/achetez-un-biscuit-sourire-et-appuyez-la-fondation-hgh\/\",\"name\":\"Semaine du Biscuit sourire 2026 - HGH Foundation\",\"isPartOf\":{\"@id\":\"https:\/\/hgh.ca\/foundation\/#website\"},\"primaryImageOfPage\":{\"@id\":\"https:\/\/hgh.ca\/foundation\/fr\/evenements\/achetez-un-biscuit-sourire-et-appuyez-la-fondation-hgh\/#primaryimage\"},\"image\":{\"@id\":\"https:\/\/hgh.ca\/foundation\/fr\/evenements\/achetez-un-biscuit-sourire-et-appuyez-la-fondation-hgh\/#primaryimage\"},\"thumbnailUrl\":\"https:\/\/hgh.ca\/foundation\/wp-content\/uploads\/sites\/2\/2026\/04\/tims-sc26-custom-in-feed-static-fr-4x51-1.jpg\",\"datePublished\":\"2022-08-30T14:43:06+00:00\",\"dateModified\":\"2026-04-20T13:26:19+00:00\",\"breadcrumb\":{\"@id\":\"https:\/\/hgh.ca\/foundation\/fr\/evenements\/achetez-un-biscuit-sourire-et-appuyez-la-fondation-hgh\/#breadcrumb\"},\"inLanguage\":\"fr-FR\",\"potentialAction\":[{\"@type\":\"ReadAction\",\"target\":[\"https:\/\/hgh.ca\/foundation\/fr\/evenements\/achetez-un-biscuit-sourire-et-appuyez-la-fondation-hgh\/\"]}]},{\"@type\":\"ImageObject\",\"inLanguage\":\"fr-FR\",\"@id\":\"https:\/\/hgh.ca\/foundation\/fr\/evenements\/achetez-un-biscuit-sourire-et-appuyez-la-fondation-hgh\/#primaryimage\",\"url\":\"https:\/\/hgh.ca\/foundation\/wp-content\/uploads\/sites\/2\/2026\/04\/tims-sc26-custom-in-feed-static-fr-4x51-1.jpg\",\"contentUrl\":\"https:\/\/hgh.ca\/foundation\/wp-content\/uploads\/sites\/2\/2026\/04\/tims-sc26-custom-in-feed-static-fr-4x51-1.jpg\",\"width\":1440,\"height\":1800,\"caption\":\"Affiche de la campagne du biscuit sourire\"},{\"@type\":\"BreadcrumbList\",\"@id\":\"https:\/\/hgh.ca\/foundation\/fr\/evenements\/achetez-un-biscuit-sourire-et-appuyez-la-fondation-hgh\/#breadcrumb\",\"itemListElement\":[{\"@type\":\"ListItem\",\"position\":1,\"name\":\"Home\",\"item\":\"https:\/\/hgh.ca\/foundation\/fr\/\"},{\"@type\":\"ListItem\",\"position\":2,\"name\":\"\u00c9v\u00e9nements\",\"item\":\"https:\/\/hgh.ca\/foundation\/fr\/evenements\/\"},{\"@type\":\"ListItem\",\"position\":3,\"name\":\"Semaine du Biscuit sourire 2026\"}]},{\"@type\":\"WebSite\",\"@id\":\"https:\/\/hgh.ca\/foundation\/#website\",\"url\":\"https:\/\/hgh.ca\/foundation\/\",\"name\":\"HGH Foundation\",\"description\":\"The Foundation raises funds for the Hawkesbury General Hospital\",\"potentialAction\":[{\"@type\":\"SearchAction\",\"target\":{\"@type\":\"EntryPoint\",\"urlTemplate\":\"https:\/\/hgh.ca\/foundation\/?s={search_term_string}\"},\"query-input\":\"required name=search_term_string\"}],\"inLanguage\":\"fr-FR\"}]}<\/script>\n<!-- \/ Yoast SEO plugin. -->","yoast_head_json":{"title":"Semaine du Biscuit sourire 2026 - HGH Foundation","robots":{"index":"index","follow":"follow","max-snippet":"max-snippet:-1","max-image-preview":"max-image-preview:large","max-video-preview":"max-video-preview:-1"},"canonical":"https:\/\/hgh.ca\/foundation\/fr\/evenements\/achetez-un-biscuit-sourire-et-appuyez-la-fondation-hgh\/","og_locale":"fr_FR","og_type":"article","og_title":"Semaine du Biscuit sourire 2026 - HGH Foundation","og_description":"Du 27 avril au 3 mai, achetez un Biscuit sourire \u00e0 un restaurant Tim Hortons\u00ae local et appuyez la Fondation HGH! Cette ann\u00e9e, la semaine du Biscuit sourire se d\u00e9roule du\u00a027 avril au 3 mai! Lors de cette semaine, les biscuits aux brisures de chocolat Tim Hortons se transforment en quelque chose de tr\u00e8s sp\u00e9cial... View Article","og_url":"https:\/\/hgh.ca\/foundation\/fr\/evenements\/achetez-un-biscuit-sourire-et-appuyez-la-fondation-hgh\/","og_site_name":"HGH Foundation","article_modified_time":"2026-04-20T13:26:19+00:00","og_image":[{"width":1440,"height":1800,"url":"http:\/\/hgh.ca\/foundation\/wp-content\/uploads\/sites\/2\/2026\/04\/tims-sc26-custom-in-feed-static-fr-4x51-1.jpg","type":"image\/jpeg"}],"twitter_card":"summary_large_image","twitter_misc":{"Dur\u00e9e de lecture estim\u00e9e":"4 minutes"},"schema":{"@context":"https:\/\/schema.org","@graph":[{"@type":"WebPage","@id":"https:\/\/hgh.ca\/foundation\/fr\/evenements\/achetez-un-biscuit-sourire-et-appuyez-la-fondation-hgh\/","url":"https:\/\/hgh.ca\/foundation\/fr\/evenements\/achetez-un-biscuit-sourire-et-appuyez-la-fondation-hgh\/","name":"Semaine du Biscuit sourire 2026 - HGH Foundation","isPartOf":{"@id":"https:\/\/hgh.ca\/foundation\/#website"},"primaryImageOfPage":{"@id":"https:\/\/hgh.ca\/foundation\/fr\/evenements\/achetez-un-biscuit-sourire-et-appuyez-la-fondation-hgh\/#primaryimage"},"image":{"@id":"https:\/\/hgh.ca\/foundation\/fr\/evenements\/achetez-un-biscuit-sourire-et-appuyez-la-fondation-hgh\/#primaryimage"},"thumbnailUrl":"https:\/\/hgh.ca\/foundation\/wp-content\/uploads\/sites\/2\/2026\/04\/tims-sc26-custom-in-feed-static-fr-4x51-1.jpg","datePublished":"2022-08-30T14:43:06+00:00","dateModified":"2026-04-20T13:26:19+00:00","breadcrumb":{"@id":"https:\/\/hgh.ca\/foundation\/fr\/evenements\/achetez-un-biscuit-sourire-et-appuyez-la-fondation-hgh\/#breadcrumb"},"inLanguage":"fr-FR","potentialAction":[{"@type":"ReadAction","target":["https:\/\/hgh.ca\/foundation\/fr\/evenements\/achetez-un-biscuit-sourire-et-appuyez-la-fondation-hgh\/"]}]},{"@type":"ImageObject","inLanguage":"fr-FR","@id":"https:\/\/hgh.ca\/foundation\/fr\/evenements\/achetez-un-biscuit-sourire-et-appuyez-la-fondation-hgh\/#primaryimage","url":"https:\/\/hgh.ca\/foundation\/wp-content\/uploads\/sites\/2\/2026\/04\/tims-sc26-custom-in-feed-static-fr-4x51-1.jpg","contentUrl":"https:\/\/hgh.ca\/foundation\/wp-content\/uploads\/sites\/2\/2026\/04\/tims-sc26-custom-in-feed-static-fr-4x51-1.jpg","width":1440,"height":1800,"caption":"Affiche de la campagne du biscuit sourire"},{"@type":"BreadcrumbList","@id":"https:\/\/hgh.ca\/foundation\/fr\/evenements\/achetez-un-biscuit-sourire-et-appuyez-la-fondation-hgh\/#breadcrumb","itemListElement":[{"@type":"ListItem","position":1,"name":"Home","item":"https:\/\/hgh.ca\/foundation\/fr\/"},{"@type":"ListItem","position":2,"name":"\u00c9v\u00e9nements","item":"https:\/\/hgh.ca\/foundation\/fr\/evenements\/"},{"@type":"ListItem","position":3,"name":"Semaine du Biscuit sourire 2026"}]},{"@type":"WebSite","@id":"https:\/\/hgh.ca\/foundation\/#website","url":"https:\/\/hgh.ca\/foundation\/","name":"HGH Foundation","description":"The Foundation raises funds for the Hawkesbury General Hospital","potentialAction":[{"@type":"SearchAction","target":{"@type":"EntryPoint","urlTemplate":"https:\/\/hgh.ca\/foundation\/?s={search_term_string}"},"query-input":"required name=search_term_string"}],"inLanguage":"fr-FR"}]}},"_links":{"self":[{"href":"https:\/\/hgh.ca\/foundation\/fr\/wp-json\/wp\/v2\/pages\/4469\/"}],"collection":[{"href":"https:\/\/hgh.ca\/foundation\/fr\/wp-json\/wp\/v2\/pages\/"}],"about":[{"href":"https:\/\/hgh.ca\/foundation\/fr\/wp-json\/wp\/v2\/types\/page\/"}],"author":[{"embeddable":true,"href":"https:\/\/hgh.ca\/foundation\/fr\/wp-json\/wp\/v2\/users\/2\/"}],"replies":[{"embeddable":true,"href":"https:\/\/hgh.ca\/foundation\/fr\/wp-json\/wp\/v2\/comments\/?post=4469"}],"version-history":[{"count":6,"href":"https:\/\/hgh.ca\/foundation\/fr\/wp-json\/wp\/v2\/pages\/4469\/revisions\/"}],"predecessor-version":[{"id":6307,"href":"https:\/\/hgh.ca\/foundation\/fr\/wp-json\/wp\/v2\/pages\/4469\/revisions\/6307\/"}],"up":[{"embeddable":true,"href":"https:\/\/hgh.ca\/foundation\/fr\/wp-json\/wp\/v2\/pages\/27\/"}],"wp:featuredmedia":[{"embeddable":true,"href":"https:\/\/hgh.ca\/foundation\/fr\/wp-json\/wp\/v2\/media\/6882\/"}],"wp:attachment":[{"href":"https:\/\/hgh.ca\/foundation\/fr\/wp-json\/wp\/v2\/media\/?parent=4469"}],"curies":[{"name":"wp","href":"https:\/\/api.w.org\/{rel}","templated":true}]}}