{"id":4814,"date":"2023-01-23T20:28:11","date_gmt":"2023-01-23T20:28:11","guid":{"rendered":"http:\/\/hgh.ca\/foundation\/?page_id=4814"},"modified":"2023-01-24T01:23:50","modified_gmt":"2023-01-24T01:23:50","slug":"votre-sante-a-deja-ete-menacee","status":"publish","type":"page","link":"https:\/\/hgh.ca\/foundation\/fr\/votre-sante-a-deja-ete-menacee\/","title":{"rendered":"Votre sant\u00e9 a d\u00e9j\u00e0 \u00e9t\u00e9 menac\u00e9e?"},"content":{"rendered":"<h2>Avez-vous d\u00e9j\u00e0 v\u00e9cu un moment effrayant o\u00f9 votre sant\u00e9 \u00e9tait \u00e0 risque?<\/h2>\n<figure id=\"attachment_4828\" aria-describedby=\"caption-attachment-4828\" style=\"width: 294px\" class=\"wp-caption alignleft\"><a href=\"http:\/\/hgh.ca\/foundation\/wp-content\/uploads\/sites\/2\/2023\/01\/m-raymond-dallaire.png\"><img loading=\"lazy\" decoding=\"async\" class=\"wp-image-4828 size-full\" src=\"http:\/\/hgh.ca\/foundation\/wp-content\/uploads\/sites\/2\/2023\/01\/m-raymond-dallaire.png\" alt=\"Raymond Dallaire\" width=\"294\" height=\"529\" srcset=\"https:\/\/hgh.ca\/foundation\/wp-content\/uploads\/sites\/2\/2023\/01\/m-raymond-dallaire.png 294w, https:\/\/hgh.ca\/foundation\/wp-content\/uploads\/sites\/2\/2023\/01\/m-raymond-dallaire-250x450.png 250w, https:\/\/hgh.ca\/foundation\/wp-content\/uploads\/sites\/2\/2023\/01\/m-raymond-dallaire-120x216.png 120w\" sizes=\"(max-width: 294px) 100vw, 294px\" \/><\/a><figcaption id=\"caption-attachment-4828\" class=\"wp-caption-text\">Raymond Dallaire<\/figcaption><\/figure>\n<p>Mon nom est Raymond Dallaire et malheureusement, j\u2019ai v\u00e9cu un de ces moments r\u00e9cemment. C\u2019est pourquoi l\u2019H\u00f4pital g\u00e9n\u00e9ral de Hawkesbury et district (HGH) vaut beaucoup pour moi.<\/p>\n<p>En tant que r\u00e9sident de la ville de Hawkesbury, je trouve que la nouvelle infrastructure de l\u2019h\u00f4pital et les am\u00e9liorations qui ont \u00e9t\u00e9 faits sont fantastiques! C\u2019est \u00e9galement incroyable de penser aux nouveaux services qui ont \u00e9t\u00e9 d\u00e9velopp\u00e9s \u00e0 la suite du r\u00e9am\u00e9nagement. Par exemple, mon \u00e9pouse a b\u00e9n\u00e9fici\u00e9 du nouveau service en chirurgie orthop\u00e9dique. Elle a eu un remplacement de genou en mars 2021 \u00e0 l\u2019HGH en tant que chirurgie d\u2019un jour. Il y a 15 ans, j\u2019ai aussi eu un remplacement de genou, mais \u00e0 ce moment-l\u00e0, c\u2019\u00e9tait une op\u00e9ration offerte \u00e0 l\u2019h\u00f4pital d\u2019Ottawa. J\u2019ai eu de bons soins, mais j\u2019ai d\u00fb passer 2 jours hospitalis\u00e9s \u00e0 Ottawa apr\u00e8s ma chirurgie. Tandis que mon \u00e9pouse, elle, a \u00e9t\u00e9 de retour \u00e0 la maison la m\u00eame journ\u00e9e que sa chirurgie. Elle a r\u00e9cup\u00e9r\u00e9 tr\u00e8s vite et \u00e9tait reconnaissante que sa chirurgie et tous ses rendez-vous avec le sp\u00e9cialiste aient eu lieu ici, \u00e0 Hawkesbury. C\u2019est l\u00e0 qu\u2019on voit l\u2019\u00e9volution de l\u2019HGH et l\u2019impact de l\u2019appui des donateurs \u2013 avec les nouveaux services qui sont maintenant offerts plus pr\u00e8s du domicile, sans avoir \u00e0 se d\u00e9placer ailleurs.<\/p>\n<p>&nbsp;<\/p>\n<p>R\u00e9cemment, j\u2019ai v\u00e9cu \u00e0 l\u2019h\u00f4pital pendant un peu plus d\u2019une semaine et demie avec une infection s\u00e9rieuse dans mes poumons \u2013 et j\u2019ai \u00e9t\u00e9 soign\u00e9 d\u2019une fa\u00e7on fantastique. J\u2019ai vu de mes propres yeux que le personnel est l\u00e0 pour nous aider et comment il travaille tr\u00e8s fort. Ce sont leurs soins exceptionnels qui m\u2019ont permis de rester fort et de r\u00e9cup\u00e9rer.<\/p>\n<h2>Voici mon histoire<\/h2>\n<p>Je me souviens encore de la peur que j\u2019ai ressentie lors de la soir\u00e9e o\u00f9 j\u2019ai d\u00fb aller d\u2019urgence \u00e0 l\u2019h\u00f4pital. Je n\u2019\u00e9tais presque plus capable de respirer. J\u2019avais de grosses craintes, car \u00e0 part \u00e7a, j\u2019\u00e9tais un homme en sant\u00e9.<\/p>\n<p>D\u00e8s mon arriv\u00e9e au Service d\u2019urgence de l\u2019HGH, le personnel m\u2019a tout de suite pris en main et a fait un travail extraordinaire. Ils avaient d\u00e9termin\u00e9 que j\u2019avais une infection s\u00e9v\u00e8re aux poumons. La situation \u00e9tait s\u00e9rieuse et j\u2019avais tr\u00e8s mal, surtout avec les tubes dont j\u2019avais besoin pour traiter l\u2019infection. Mon \u00e9pouse, Pierrette, ne savait pas quoi faire ou qu\u2019est-ce qui \u00e9tait pour se passer. Ayant, \u00e0 date, partag\u00e9 une vie ensemble pendant 49 ans, vous pouvez imaginer \u00e0 quel point elle avait peur. Par contre, l\u2019\u00e9quipe de l\u2019HGH prenait bien soin de moi et je me sentais comme un roi sous leur attention. Je ne me sentais jamais d\u00e9laiss\u00e9. Je voyais \u00e0 quel point ils s\u2019inqui\u00e9taient de moi.<\/p>\n<p>Apr\u00e8s environ six jours hospitalis\u00e9s, je me sentais assez fort pour marcher. L\u2019infirmi\u00e8re m\u2019a aid\u00e9 \u00e0 chaque fois que je demandais \u00e0 marcher; elle ne m\u2019a jamais refus\u00e9 une demande et a rest\u00e9 \u00e0 mes c\u00f4t\u00e9s tout le long. D\u00fb \u00e0 la gentillesse du personnel, c\u2019\u00e9tait facile de faire les efforts pour essayer de reb\u00e2tir mes forces. Ceci m\u2019a aussi aid\u00e9 \u00e0 me prouver, \u00e0 moi-m\u00eame, que je pouvais le faire. Le surlendemain, je pouvais marcher seul, de mes propres forces.<\/p>\n<p>Une de mes infirmi\u00e8res, m\u00eame lorsque je n\u2019\u00e9tais plus techniquement un de ses patients, venait quand m\u00eame me voir pour dire bonjour et prendre de mes nouvelles. Sa gentillesse, sa compassion et ses soins attentionn\u00e9s \u00e9taient tellement r\u00e9confortants! Mais bien que j\u2019appr\u00e9ciais beaucoup les soins attentifs que je recevais, j\u2019avais h\u00e2te de retourner \u00e0 la maison.<\/p>\n<p>Une fois retourn\u00e9 \u00e0 la maison, le m\u00e9decin de l\u2019HGH m\u2019appelait r\u00e9guli\u00e8rement pour prendre de mes nouvelles. J\u2019avais un cath\u00e9ter central par voie p\u00e9riph\u00e9rique (<em>PICC line<\/em>) pour pouvoir continuer \u00e0 administrer des antibiotiques pour quelques semaines, m\u00eame \u00e0 la maison. La docteure m\u2019a aussi appel\u00e9 vers la fin du traitement pour me demander d\u2019aller passer un dernier scan avant de pouvoir arr\u00eater les antibiotiques. Deux heures apr\u00e8s ce test, j\u2019ai eu un appel du m\u00e9decin pour me dire les bonnes nouvelles \u2013 mes poumons \u00e9taient clairs!<\/p>\n<h2>Pourquoi est-ce que je partage cette histoire?<\/h2>\n<figure id=\"attachment_4821\" aria-describedby=\"caption-attachment-4821\" style=\"width: 294px\" class=\"wp-caption alignleft\"><a href=\"http:\/\/hgh.ca\/foundation\/wp-content\/uploads\/sites\/2\/2023\/01\/raymond-pierrette-dallaire.png\"><img loading=\"lazy\" decoding=\"async\" class=\"wp-image-4821 size-full\" src=\"http:\/\/hgh.ca\/foundation\/wp-content\/uploads\/sites\/2\/2023\/01\/raymond-pierrette-dallaire.png\" alt=\"Pierrette et Raymond Dallaire\" width=\"294\" height=\"282\" srcset=\"https:\/\/hgh.ca\/foundation\/wp-content\/uploads\/sites\/2\/2023\/01\/raymond-pierrette-dallaire.png 294w, https:\/\/hgh.ca\/foundation\/wp-content\/uploads\/sites\/2\/2023\/01\/raymond-pierrette-dallaire-250x240.png 250w, https:\/\/hgh.ca\/foundation\/wp-content\/uploads\/sites\/2\/2023\/01\/raymond-pierrette-dallaire-120x115.png 120w\" sizes=\"(max-width: 294px) 100vw, 294px\" \/><\/a><figcaption id=\"caption-attachment-4821\" class=\"wp-caption-text\">Pierrette et Raymond Dallaire<\/figcaption><\/figure>\n<p>Je partage cette histoire avec vous, parce que c&rsquo;\u00e9tait vraiment la premi\u00e8re fois de ma vie que je souffrais d&rsquo;un probl\u00e8me de sant\u00e9 aussi grave et effrayant. Ma femme et moi avons re\u00e7u des soins et un soutien incroyable de la part du personnel de l&rsquo;HGH. Nous sommes \u00e9ternellement reconnaissants de leur gentillesse \u00e0 un moment aussi difficile de notre vie. L\u2019h\u00f4pital et son personnel sont vraiment fantastiques et ont surpass\u00e9 mes attentes.<\/p>\n<p>C\u2019est pourquoi je vous invite \u00e0 appuyer la Fondation HGH. Les dons soutiennent des programmes importants \u00e0 l&rsquo;HGH et aident r\u00e9ellement les patients. J\u2019ai pu b\u00e9n\u00e9ficier des services que mes dons ont aid\u00e9 \u00e0 soutenir \u2013 mais je ne donne pas pour recevoir<strong>. <\/strong>Je donne parce que j\u2019ai confiance en mon h\u00f4pital et je me soucie de ma communaut\u00e9. Nous avons la chance de recevoir nos soins pr\u00e8s de chez nous, dans un milieu familial, au lieu d\u2019avoir \u00e0 se d\u00e9placer ailleurs. C\u2019est tr\u00e8s r\u00e9confortant. Mais ils ont besoin de notre aide pour s&rsquo;assurer que le plus de patients possibles re\u00e7oivent les soins dont ils ont besoin \u00e0 l&rsquo;HGH.<\/p>\n<p>Je suis un donateur mensuel de la Fondation HGH depuis 2007. J\u2019ai donc contribu\u00e9 au r\u00e9am\u00e9nagement de l\u2019h\u00f4pital, \u00e0 l\u2019acquisition du premier appareil d\u2019IRM et du nouveau tomodensitom\u00e8tre de l\u2019HGH \u2013 et maintenant, j\u2019aide au d\u00e9veloppement des services sp\u00e9cialis\u00e9s en soins de sant\u00e9 et \u00e0 l\u2019acquisition de l\u2019\u00e9quipement vital requis pour ces services. Je sais que cet \u00e9quipement n\u2019est pas financ\u00e9 par le gouvernement; c\u2019est pourquoi j\u2019ai choisi d\u2019appuyer les priorit\u00e9s de financement de la Fondation HGH. J\u2019esp\u00e8re que vous consid\u00e9rerez faire de m\u00eame et leur envoyer un don d\u00e8s aujourd\u2019hui \u2013 et m\u00eame vous inscrire pour faire des dons mensuels, si vous le pouvez. Nous en b\u00e9n\u00e9ficierons tous!<\/p>\n<blockquote><p>Donner mensuellement est facile. Je n\u2019ai pas besoin d\u2019y penser et j\u2019aime la fa\u00e7on dont c\u2019est fait. Les dons affectent peu mon budget et je ressens la fiert\u00e9 de savoir que les patients \u00e0 l\u2019h\u00f4pital en b\u00e9n\u00e9ficient. <em>&#8211; Raymond Dallaire<\/em><\/p><\/blockquote>\n<h2>Comment faire un don mensuel?<\/h2>\n<p>Vous pouvez vous inscrire facilement sur le site des <a href=\"https:\/\/www.jedonneenligne.org\/fondationhghfoundation\/DMENSUEL\/\" target=\"_blank\" rel=\"noopener noreferrer\">dons en ligne de la Fondation HGH<\/a>.<\/p>\n<p>&nbsp;<\/p>\n","protected":false},"excerpt":{"rendered":"Avez-vous d\u00e9j\u00e0 v\u00e9cu un moment effrayant o\u00f9 votre sant\u00e9 \u00e9tait \u00e0 risque? Mon nom est Raymond Dallaire et malheureusement, j\u2019ai v\u00e9cu un de ces moments r\u00e9cemment. C\u2019est pourquoi l\u2019H\u00f4pital g\u00e9n\u00e9ral de Hawkesbury et district (HGH) vaut beaucoup pour moi. En tant que r\u00e9sident de la ville de Hawkesbury, je trouve que la nouvelle infrastructure de&#8230; <a class=\"btn btn--primary\" href=\"https:\/\/hgh.ca\/foundation\/fr\/votre-sante-a-deja-ete-menacee\/\">View Article<\/a>","protected":false},"author":2,"featured_media":0,"parent":0,"menu_order":4,"comment_status":"closed","ping_status":"closed","template":"","meta":{"_acf_changed":false,"footnotes":""},"class_list":["post-4814","page","type-page","status-publish","hentry"],"acf":[],"yoast_head":"<!-- This site is optimized with the Yoast SEO plugin v23.0 - https:\/\/yoast.com\/wordpress\/plugins\/seo\/ -->\n<title>Votre sant\u00e9 a d\u00e9j\u00e0 \u00e9t\u00e9 menac\u00e9e? - HGH Foundation<\/title>\n<meta name=\"robots\" content=\"index, follow, max-snippet:-1, max-image-preview:large, max-video-preview:-1\" \/>\n<link rel=\"canonical\" href=\"https:\/\/hgh.ca\/foundation\/fr\/votre-sante-a-deja-ete-menacee\/\" \/>\n<meta property=\"og:locale\" content=\"fr_FR\" \/>\n<meta property=\"og:type\" content=\"article\" \/>\n<meta property=\"og:title\" content=\"Votre sant\u00e9 a d\u00e9j\u00e0 \u00e9t\u00e9 menac\u00e9e? - HGH Foundation\" \/>\n<meta property=\"og:description\" content=\"Avez-vous d\u00e9j\u00e0 v\u00e9cu un moment effrayant o\u00f9 votre sant\u00e9 \u00e9tait \u00e0 risque? Mon nom est Raymond Dallaire et malheureusement, j\u2019ai v\u00e9cu un de ces moments r\u00e9cemment. C\u2019est pourquoi l\u2019H\u00f4pital g\u00e9n\u00e9ral de Hawkesbury et district (HGH) vaut beaucoup pour moi. En tant que r\u00e9sident de la ville de Hawkesbury, je trouve que la nouvelle infrastructure de... View Article\" \/>\n<meta property=\"og:url\" content=\"https:\/\/hgh.ca\/foundation\/fr\/votre-sante-a-deja-ete-menacee\/\" \/>\n<meta property=\"og:site_name\" content=\"HGH Foundation\" \/>\n<meta property=\"article:modified_time\" content=\"2023-01-24T01:23:50+00:00\" \/>\n<meta property=\"og:image\" content=\"http:\/\/hgh.ca\/foundation\/wp-content\/uploads\/sites\/2\/2023\/01\/m-raymond-dallaire.png\" \/>\n<meta name=\"twitter:card\" content=\"summary_large_image\" \/>\n<meta name=\"twitter:label1\" content=\"Dur\u00e9e de lecture estim\u00e9e\" \/>\n\t<meta name=\"twitter:data1\" content=\"6 minutes\" \/>\n<script type=\"application\/ld+json\" class=\"yoast-schema-graph\">{\"@context\":\"https:\/\/schema.org\",\"@graph\":[{\"@type\":\"WebPage\",\"@id\":\"https:\/\/hgh.ca\/foundation\/fr\/votre-sante-a-deja-ete-menacee\/\",\"url\":\"https:\/\/hgh.ca\/foundation\/fr\/votre-sante-a-deja-ete-menacee\/\",\"name\":\"Votre sant\u00e9 a d\u00e9j\u00e0 \u00e9t\u00e9 menac\u00e9e? - HGH Foundation\",\"isPartOf\":{\"@id\":\"https:\/\/hgh.ca\/foundation\/#website\"},\"primaryImageOfPage\":{\"@id\":\"https:\/\/hgh.ca\/foundation\/fr\/votre-sante-a-deja-ete-menacee\/#primaryimage\"},\"image\":{\"@id\":\"https:\/\/hgh.ca\/foundation\/fr\/votre-sante-a-deja-ete-menacee\/#primaryimage\"},\"thumbnailUrl\":\"http:\/\/hgh.ca\/foundation\/wp-content\/uploads\/sites\/2\/2023\/01\/m-raymond-dallaire.png\",\"datePublished\":\"2023-01-23T20:28:11+00:00\",\"dateModified\":\"2023-01-24T01:23:50+00:00\",\"breadcrumb\":{\"@id\":\"https:\/\/hgh.ca\/foundation\/fr\/votre-sante-a-deja-ete-menacee\/#breadcrumb\"},\"inLanguage\":\"fr-FR\",\"potentialAction\":[{\"@type\":\"ReadAction\",\"target\":[\"https:\/\/hgh.ca\/foundation\/fr\/votre-sante-a-deja-ete-menacee\/\"]}]},{\"@type\":\"ImageObject\",\"inLanguage\":\"fr-FR\",\"@id\":\"https:\/\/hgh.ca\/foundation\/fr\/votre-sante-a-deja-ete-menacee\/#primaryimage\",\"url\":\"http:\/\/hgh.ca\/foundation\/wp-content\/uploads\/sites\/2\/2023\/01\/m-raymond-dallaire.png\",\"contentUrl\":\"http:\/\/hgh.ca\/foundation\/wp-content\/uploads\/sites\/2\/2023\/01\/m-raymond-dallaire.png\"},{\"@type\":\"BreadcrumbList\",\"@id\":\"https:\/\/hgh.ca\/foundation\/fr\/votre-sante-a-deja-ete-menacee\/#breadcrumb\",\"itemListElement\":[{\"@type\":\"ListItem\",\"position\":1,\"name\":\"Home\",\"item\":\"https:\/\/hgh.ca\/foundation\/fr\/\"},{\"@type\":\"ListItem\",\"position\":2,\"name\":\"Votre sant\u00e9 a d\u00e9j\u00e0 \u00e9t\u00e9 menac\u00e9e?\"}]},{\"@type\":\"WebSite\",\"@id\":\"https:\/\/hgh.ca\/foundation\/#website\",\"url\":\"https:\/\/hgh.ca\/foundation\/\",\"name\":\"HGH Foundation\",\"description\":\"The Foundation raises funds for the Hawkesbury General Hospital\",\"potentialAction\":[{\"@type\":\"SearchAction\",\"target\":{\"@type\":\"EntryPoint\",\"urlTemplate\":\"https:\/\/hgh.ca\/foundation\/?s={search_term_string}\"},\"query-input\":\"required name=search_term_string\"}],\"inLanguage\":\"fr-FR\"}]}<\/script>\n<!-- \/ Yoast SEO plugin. -->","yoast_head_json":{"title":"Votre sant\u00e9 a d\u00e9j\u00e0 \u00e9t\u00e9 menac\u00e9e? - HGH Foundation","robots":{"index":"index","follow":"follow","max-snippet":"max-snippet:-1","max-image-preview":"max-image-preview:large","max-video-preview":"max-video-preview:-1"},"canonical":"https:\/\/hgh.ca\/foundation\/fr\/votre-sante-a-deja-ete-menacee\/","og_locale":"fr_FR","og_type":"article","og_title":"Votre sant\u00e9 a d\u00e9j\u00e0 \u00e9t\u00e9 menac\u00e9e? - HGH Foundation","og_description":"Avez-vous d\u00e9j\u00e0 v\u00e9cu un moment effrayant o\u00f9 votre sant\u00e9 \u00e9tait \u00e0 risque? Mon nom est Raymond Dallaire et malheureusement, j\u2019ai v\u00e9cu un de ces moments r\u00e9cemment. C\u2019est pourquoi l\u2019H\u00f4pital g\u00e9n\u00e9ral de Hawkesbury et district (HGH) vaut beaucoup pour moi. En tant que r\u00e9sident de la ville de Hawkesbury, je trouve que la nouvelle infrastructure de... View Article","og_url":"https:\/\/hgh.ca\/foundation\/fr\/votre-sante-a-deja-ete-menacee\/","og_site_name":"HGH Foundation","article_modified_time":"2023-01-24T01:23:50+00:00","og_image":[{"url":"http:\/\/hgh.ca\/foundation\/wp-content\/uploads\/sites\/2\/2023\/01\/m-raymond-dallaire.png"}],"twitter_card":"summary_large_image","twitter_misc":{"Dur\u00e9e de lecture estim\u00e9e":"6 minutes"},"schema":{"@context":"https:\/\/schema.org","@graph":[{"@type":"WebPage","@id":"https:\/\/hgh.ca\/foundation\/fr\/votre-sante-a-deja-ete-menacee\/","url":"https:\/\/hgh.ca\/foundation\/fr\/votre-sante-a-deja-ete-menacee\/","name":"Votre sant\u00e9 a d\u00e9j\u00e0 \u00e9t\u00e9 menac\u00e9e? - HGH Foundation","isPartOf":{"@id":"https:\/\/hgh.ca\/foundation\/#website"},"primaryImageOfPage":{"@id":"https:\/\/hgh.ca\/foundation\/fr\/votre-sante-a-deja-ete-menacee\/#primaryimage"},"image":{"@id":"https:\/\/hgh.ca\/foundation\/fr\/votre-sante-a-deja-ete-menacee\/#primaryimage"},"thumbnailUrl":"http:\/\/hgh.ca\/foundation\/wp-content\/uploads\/sites\/2\/2023\/01\/m-raymond-dallaire.png","datePublished":"2023-01-23T20:28:11+00:00","dateModified":"2023-01-24T01:23:50+00:00","breadcrumb":{"@id":"https:\/\/hgh.ca\/foundation\/fr\/votre-sante-a-deja-ete-menacee\/#breadcrumb"},"inLanguage":"fr-FR","potentialAction":[{"@type":"ReadAction","target":["https:\/\/hgh.ca\/foundation\/fr\/votre-sante-a-deja-ete-menacee\/"]}]},{"@type":"ImageObject","inLanguage":"fr-FR","@id":"https:\/\/hgh.ca\/foundation\/fr\/votre-sante-a-deja-ete-menacee\/#primaryimage","url":"http:\/\/hgh.ca\/foundation\/wp-content\/uploads\/sites\/2\/2023\/01\/m-raymond-dallaire.png","contentUrl":"http:\/\/hgh.ca\/foundation\/wp-content\/uploads\/sites\/2\/2023\/01\/m-raymond-dallaire.png"},{"@type":"BreadcrumbList","@id":"https:\/\/hgh.ca\/foundation\/fr\/votre-sante-a-deja-ete-menacee\/#breadcrumb","itemListElement":[{"@type":"ListItem","position":1,"name":"Home","item":"https:\/\/hgh.ca\/foundation\/fr\/"},{"@type":"ListItem","position":2,"name":"Votre sant\u00e9 a d\u00e9j\u00e0 \u00e9t\u00e9 menac\u00e9e?"}]},{"@type":"WebSite","@id":"https:\/\/hgh.ca\/foundation\/#website","url":"https:\/\/hgh.ca\/foundation\/","name":"HGH Foundation","description":"The Foundation raises funds for the Hawkesbury General Hospital","potentialAction":[{"@type":"SearchAction","target":{"@type":"EntryPoint","urlTemplate":"https:\/\/hgh.ca\/foundation\/?s={search_term_string}"},"query-input":"required name=search_term_string"}],"inLanguage":"fr-FR"}]}},"_links":{"self":[{"href":"https:\/\/hgh.ca\/foundation\/fr\/wp-json\/wp\/v2\/pages\/4814\/"}],"collection":[{"href":"https:\/\/hgh.ca\/foundation\/fr\/wp-json\/wp\/v2\/pages\/"}],"about":[{"href":"https:\/\/hgh.ca\/foundation\/fr\/wp-json\/wp\/v2\/types\/page\/"}],"author":[{"embeddable":true,"href":"https:\/\/hgh.ca\/foundation\/fr\/wp-json\/wp\/v2\/users\/2\/"}],"replies":[{"embeddable":true,"href":"https:\/\/hgh.ca\/foundation\/fr\/wp-json\/wp\/v2\/comments\/?post=4814"}],"version-history":[{"count":5,"href":"https:\/\/hgh.ca\/foundation\/fr\/wp-json\/wp\/v2\/pages\/4814\/revisions\/"}],"predecessor-version":[{"id":4839,"href":"https:\/\/hgh.ca\/foundation\/fr\/wp-json\/wp\/v2\/pages\/4814\/revisions\/4839\/"}],"wp:attachment":[{"href":"https:\/\/hgh.ca\/foundation\/fr\/wp-json\/wp\/v2\/media\/?parent=4814"}],"curies":[{"name":"wp","href":"https:\/\/api.w.org\/{rel}","templated":true}]}}