{"id":4887,"date":"2023-02-10T15:50:00","date_gmt":"2023-02-10T15:50:00","guid":{"rendered":"http:\/\/hgh.ca\/foundation\/?page_id=4887"},"modified":"2023-10-10T09:31:53","modified_gmt":"2023-10-10T13:31:53","slug":"carrieres","status":"publish","type":"page","link":"https:\/\/hgh.ca\/foundation\/fr\/a-notre-sujet\/carrieres\/","title":{"rendered":"Carri\u00e8res"},"content":{"rendered":"<p><a href=\"http:\/\/hgh.ca\/foundation\/wp-content\/uploads\/sites\/2\/2023\/02\/copie-de-hgh-foundation-careers-2.png\"><img loading=\"lazy\" decoding=\"async\" width=\"960\" height=\"600\" class=\"alignnone size-full wp-image-4892\" src=\"http:\/\/hgh.ca\/foundation\/wp-content\/uploads\/sites\/2\/2023\/02\/copie-de-hgh-foundation-careers-2.png\" alt=\"\u00c9quipe de professionnels comprenant 4 femmes et un homme\" srcset=\"https:\/\/hgh.ca\/foundation\/wp-content\/uploads\/sites\/2\/2023\/02\/copie-de-hgh-foundation-careers-2.png 960w, https:\/\/hgh.ca\/foundation\/wp-content\/uploads\/sites\/2\/2023\/02\/copie-de-hgh-foundation-careers-2-250x156.png 250w, https:\/\/hgh.ca\/foundation\/wp-content\/uploads\/sites\/2\/2023\/02\/copie-de-hgh-foundation-careers-2-700x438.png 700w, https:\/\/hgh.ca\/foundation\/wp-content\/uploads\/sites\/2\/2023\/02\/copie-de-hgh-foundation-careers-2-768x480.png 768w, https:\/\/hgh.ca\/foundation\/wp-content\/uploads\/sites\/2\/2023\/02\/copie-de-hgh-foundation-careers-2-120x75.png 120w\" sizes=\"(max-width: 960px) 100vw, 960px\" \/><\/a><\/p>\n<h2>Bienvenue \u00e0 la section Carri\u00e8res de la Fondation HGH<\/h2>\n<p>Cherchez-vous un emploi stimulant o\u00f9 vous travaillerez au d\u00e9veloppement de votre communaut\u00e9? La Fondation HGH est un employeur de choix o\u00f9 vous pourrez accomplir de grandes choses.<\/p>\n<h2>Postes vacants<\/h2>\n<p>Les offres d&#8217;emploi sont affich\u00e9es ci-dessous. Si aucune offre n&rsquo;est affich\u00e9e, c&rsquo;est qu&rsquo;il n&rsquo;y a pas de postes vacants.<\/p>\n","protected":false},"excerpt":{"rendered":"Bienvenue \u00e0 la section Carri\u00e8res de la Fondation HGH Cherchez-vous un emploi stimulant o\u00f9 vous travaillerez au d\u00e9veloppement de votre communaut\u00e9? La Fondation HGH est un employeur de choix o\u00f9 vous pourrez accomplir de grandes choses. Postes vacants Les offres d&#8217;emploi sont affich\u00e9es ci-dessous. Si aucune offre n&rsquo;est affich\u00e9e, c&rsquo;est qu&rsquo;il n&rsquo;y a pas de&#8230; <a class=\"btn btn--primary\" href=\"https:\/\/hgh.ca\/foundation\/fr\/a-notre-sujet\/carrieres\/\">View Article<\/a>","protected":false},"author":2,"featured_media":0,"parent":21,"menu_order":1,"comment_status":"closed","ping_status":"closed","template":"","meta":{"_acf_changed":false,"footnotes":""},"class_list":["post-4887","page","type-page","status-publish","hentry"],"acf":[],"yoast_head":"<!-- This site is optimized with the Yoast SEO plugin v23.0 - https:\/\/yoast.com\/wordpress\/plugins\/seo\/ -->\n<title>Carri\u00e8res - HGH Foundation<\/title>\n<meta name=\"description\" content=\"Vous souhaitez faire quelque chose de positif pour votre communaute\u0301 ? Joignez-vous a\u0300 l\u2019e\u0301quipe de\u0301voue\u0301e et dynamique de la Fondation HGH !\" \/>\n<meta name=\"robots\" content=\"index, follow, max-snippet:-1, max-image-preview:large, max-video-preview:-1\" \/>\n<link rel=\"canonical\" href=\"https:\/\/hgh.ca\/foundation\/fr\/a-notre-sujet\/carrieres\/\" \/>\n<meta property=\"og:locale\" content=\"fr_FR\" \/>\n<meta property=\"og:type\" content=\"article\" \/>\n<meta property=\"og:title\" content=\"Carri\u00e8res - HGH Foundation\" \/>\n<meta property=\"og:description\" content=\"Vous souhaitez faire quelque chose de positif pour votre communaute\u0301 ? Joignez-vous a\u0300 l\u2019e\u0301quipe de\u0301voue\u0301e et dynamique de la Fondation HGH !\" \/>\n<meta property=\"og:url\" content=\"https:\/\/hgh.ca\/foundation\/fr\/a-notre-sujet\/carrieres\/\" \/>\n<meta property=\"og:site_name\" content=\"HGH Foundation\" \/>\n<meta property=\"article:modified_time\" content=\"2023-10-10T13:31:53+00:00\" \/>\n<meta property=\"og:image\" content=\"http:\/\/hgh.ca\/foundation\/wp-content\/uploads\/sites\/2\/2023\/02\/copie-de-hgh-foundation-careers-2.png\" \/>\n<meta name=\"twitter:card\" content=\"summary_large_image\" \/>\n<script type=\"application\/ld+json\" class=\"yoast-schema-graph\">{\"@context\":\"https:\/\/schema.org\",\"@graph\":[{\"@type\":\"WebPage\",\"@id\":\"https:\/\/hgh.ca\/foundation\/fr\/a-notre-sujet\/carrieres\/\",\"url\":\"https:\/\/hgh.ca\/foundation\/fr\/a-notre-sujet\/carrieres\/\",\"name\":\"Carri\u00e8res - HGH Foundation\",\"isPartOf\":{\"@id\":\"https:\/\/hgh.ca\/foundation\/#website\"},\"primaryImageOfPage\":{\"@id\":\"https:\/\/hgh.ca\/foundation\/fr\/a-notre-sujet\/carrieres\/#primaryimage\"},\"image\":{\"@id\":\"https:\/\/hgh.ca\/foundation\/fr\/a-notre-sujet\/carrieres\/#primaryimage\"},\"thumbnailUrl\":\"http:\/\/hgh.ca\/foundation\/wp-content\/uploads\/sites\/2\/2023\/02\/copie-de-hgh-foundation-careers-2.png\",\"datePublished\":\"2023-02-10T15:50:00+00:00\",\"dateModified\":\"2023-10-10T13:31:53+00:00\",\"description\":\"Vous souhaitez faire quelque chose de positif pour votre communaute\u0301 ? Joignez-vous a\u0300 l\u2019e\u0301quipe de\u0301voue\u0301e et dynamique de la Fondation HGH !\",\"breadcrumb\":{\"@id\":\"https:\/\/hgh.ca\/foundation\/fr\/a-notre-sujet\/carrieres\/#breadcrumb\"},\"inLanguage\":\"fr-FR\",\"potentialAction\":[{\"@type\":\"ReadAction\",\"target\":[\"https:\/\/hgh.ca\/foundation\/fr\/a-notre-sujet\/carrieres\/\"]}]},{\"@type\":\"ImageObject\",\"inLanguage\":\"fr-FR\",\"@id\":\"https:\/\/hgh.ca\/foundation\/fr\/a-notre-sujet\/carrieres\/#primaryimage\",\"url\":\"http:\/\/hgh.ca\/foundation\/wp-content\/uploads\/sites\/2\/2023\/02\/copie-de-hgh-foundation-careers-2.png\",\"contentUrl\":\"http:\/\/hgh.ca\/foundation\/wp-content\/uploads\/sites\/2\/2023\/02\/copie-de-hgh-foundation-careers-2.png\"},{\"@type\":\"BreadcrumbList\",\"@id\":\"https:\/\/hgh.ca\/foundation\/fr\/a-notre-sujet\/carrieres\/#breadcrumb\",\"itemListElement\":[{\"@type\":\"ListItem\",\"position\":1,\"name\":\"Home\",\"item\":\"https:\/\/hgh.ca\/foundation\/fr\/\"},{\"@type\":\"ListItem\",\"position\":2,\"name\":\"\u00c0 notre sujet\",\"item\":\"https:\/\/hgh.ca\/foundation\/fr\/a-notre-sujet\/\"},{\"@type\":\"ListItem\",\"position\":3,\"name\":\"Carri\u00e8res\"}]},{\"@type\":\"WebSite\",\"@id\":\"https:\/\/hgh.ca\/foundation\/#website\",\"url\":\"https:\/\/hgh.ca\/foundation\/\",\"name\":\"HGH Foundation\",\"description\":\"The Foundation raises funds for the Hawkesbury General Hospital\",\"potentialAction\":[{\"@type\":\"SearchAction\",\"target\":{\"@type\":\"EntryPoint\",\"urlTemplate\":\"https:\/\/hgh.ca\/foundation\/?s={search_term_string}\"},\"query-input\":\"required name=search_term_string\"}],\"inLanguage\":\"fr-FR\"}]}<\/script>\n<!-- \/ Yoast SEO plugin. -->","yoast_head_json":{"title":"Carri\u00e8res - HGH Foundation","description":"Vous souhaitez faire quelque chose de positif pour votre communaute\u0301 ? Joignez-vous a\u0300 l\u2019e\u0301quipe de\u0301voue\u0301e et dynamique de la Fondation HGH !","robots":{"index":"index","follow":"follow","max-snippet":"max-snippet:-1","max-image-preview":"max-image-preview:large","max-video-preview":"max-video-preview:-1"},"canonical":"https:\/\/hgh.ca\/foundation\/fr\/a-notre-sujet\/carrieres\/","og_locale":"fr_FR","og_type":"article","og_title":"Carri\u00e8res - HGH Foundation","og_description":"Vous souhaitez faire quelque chose de positif pour votre communaute\u0301 ? Joignez-vous a\u0300 l\u2019e\u0301quipe de\u0301voue\u0301e et dynamique de la Fondation HGH !","og_url":"https:\/\/hgh.ca\/foundation\/fr\/a-notre-sujet\/carrieres\/","og_site_name":"HGH Foundation","article_modified_time":"2023-10-10T13:31:53+00:00","og_image":[{"url":"http:\/\/hgh.ca\/foundation\/wp-content\/uploads\/sites\/2\/2023\/02\/copie-de-hgh-foundation-careers-2.png"}],"twitter_card":"summary_large_image","schema":{"@context":"https:\/\/schema.org","@graph":[{"@type":"WebPage","@id":"https:\/\/hgh.ca\/foundation\/fr\/a-notre-sujet\/carrieres\/","url":"https:\/\/hgh.ca\/foundation\/fr\/a-notre-sujet\/carrieres\/","name":"Carri\u00e8res - HGH Foundation","isPartOf":{"@id":"https:\/\/hgh.ca\/foundation\/#website"},"primaryImageOfPage":{"@id":"https:\/\/hgh.ca\/foundation\/fr\/a-notre-sujet\/carrieres\/#primaryimage"},"image":{"@id":"https:\/\/hgh.ca\/foundation\/fr\/a-notre-sujet\/carrieres\/#primaryimage"},"thumbnailUrl":"http:\/\/hgh.ca\/foundation\/wp-content\/uploads\/sites\/2\/2023\/02\/copie-de-hgh-foundation-careers-2.png","datePublished":"2023-02-10T15:50:00+00:00","dateModified":"2023-10-10T13:31:53+00:00","description":"Vous souhaitez faire quelque chose de positif pour votre communaute\u0301 ? Joignez-vous a\u0300 l\u2019e\u0301quipe de\u0301voue\u0301e et dynamique de la Fondation HGH !","breadcrumb":{"@id":"https:\/\/hgh.ca\/foundation\/fr\/a-notre-sujet\/carrieres\/#breadcrumb"},"inLanguage":"fr-FR","potentialAction":[{"@type":"ReadAction","target":["https:\/\/hgh.ca\/foundation\/fr\/a-notre-sujet\/carrieres\/"]}]},{"@type":"ImageObject","inLanguage":"fr-FR","@id":"https:\/\/hgh.ca\/foundation\/fr\/a-notre-sujet\/carrieres\/#primaryimage","url":"http:\/\/hgh.ca\/foundation\/wp-content\/uploads\/sites\/2\/2023\/02\/copie-de-hgh-foundation-careers-2.png","contentUrl":"http:\/\/hgh.ca\/foundation\/wp-content\/uploads\/sites\/2\/2023\/02\/copie-de-hgh-foundation-careers-2.png"},{"@type":"BreadcrumbList","@id":"https:\/\/hgh.ca\/foundation\/fr\/a-notre-sujet\/carrieres\/#breadcrumb","itemListElement":[{"@type":"ListItem","position":1,"name":"Home","item":"https:\/\/hgh.ca\/foundation\/fr\/"},{"@type":"ListItem","position":2,"name":"\u00c0 notre sujet","item":"https:\/\/hgh.ca\/foundation\/fr\/a-notre-sujet\/"},{"@type":"ListItem","position":3,"name":"Carri\u00e8res"}]},{"@type":"WebSite","@id":"https:\/\/hgh.ca\/foundation\/#website","url":"https:\/\/hgh.ca\/foundation\/","name":"HGH Foundation","description":"The Foundation raises funds for the Hawkesbury General Hospital","potentialAction":[{"@type":"SearchAction","target":{"@type":"EntryPoint","urlTemplate":"https:\/\/hgh.ca\/foundation\/?s={search_term_string}"},"query-input":"required name=search_term_string"}],"inLanguage":"fr-FR"}]}},"_links":{"self":[{"href":"https:\/\/hgh.ca\/foundation\/fr\/wp-json\/wp\/v2\/pages\/4887\/"}],"collection":[{"href":"https:\/\/hgh.ca\/foundation\/fr\/wp-json\/wp\/v2\/pages\/"}],"about":[{"href":"https:\/\/hgh.ca\/foundation\/fr\/wp-json\/wp\/v2\/types\/page\/"}],"author":[{"embeddable":true,"href":"https:\/\/hgh.ca\/foundation\/fr\/wp-json\/wp\/v2\/users\/2\/"}],"replies":[{"embeddable":true,"href":"https:\/\/hgh.ca\/foundation\/fr\/wp-json\/wp\/v2\/comments\/?post=4887"}],"version-history":[{"count":5,"href":"https:\/\/hgh.ca\/foundation\/fr\/wp-json\/wp\/v2\/pages\/4887\/revisions\/"}],"predecessor-version":[{"id":5634,"href":"https:\/\/hgh.ca\/foundation\/fr\/wp-json\/wp\/v2\/pages\/4887\/revisions\/5634\/"}],"up":[{"embeddable":true,"href":"https:\/\/hgh.ca\/foundation\/fr\/wp-json\/wp\/v2\/pages\/21\/"}],"wp:attachment":[{"href":"https:\/\/hgh.ca\/foundation\/fr\/wp-json\/wp\/v2\/media\/?parent=4887"}],"curies":[{"name":"wp","href":"https:\/\/api.w.org\/{rel}","templated":true}]}}