{"id":5321,"date":"2023-07-05T11:33:31","date_gmt":"2023-07-05T11:33:31","guid":{"rendered":"http:\/\/hgh.ca\/foundation\/?page_id=5321"},"modified":"2023-08-28T11:31:15","modified_gmt":"2023-08-28T15:31:15","slug":"collecte-de-fonds-du-beer-store","status":"publish","type":"page","link":"https:\/\/hgh.ca\/foundation\/fr\/evenements\/evenements-passes\/collecte-de-fonds-du-beer-store\/","title":{"rendered":"Collecte de fonds du Beer Store"},"content":{"rendered":"<h2>Le magasin The Beer Store de Hawkesbury soutient la Fondation HGH \u00e0 nouveau\u2009!<\/h2>\n<p>Apportez vos bouteilles vides au magasin The Beer Store de Hawkesbury et participez \u00e0 l\u2019\u00e9dition\u00a02023 de leur collecte de fonds.<\/p>\n<p>Cette ann\u00e9e, la collecte de fonds aura lieu du 3\u00a0juillet au 27\u00a0ao\u00fbt. En retournant vos bouteilles et cannettes vides consign\u00e9es au magasin The Beer Store \u00e0 Hawkesbury, vous aiderez \u00e0 soutenir votre h\u00f4pital r\u00e9gional. Et vous n\u2019aurez pas \u00e0 faire la file puisqu\u2019il y a un endroit d\u00e9sign\u00e9 pour d\u00e9poser vos contenants.<\/p>\n<p>Merci pour votre soutien et votre g\u00e9n\u00e9rosit\u00e9 envers la Fondation HGH, votre h\u00f4pital et votre communaut\u00e9\u2009!<\/p>\n<p>Nous sommes tr\u00e8s reconnaissants d\u2019\u00eatre b\u00e9n\u00e9ficiaire des fonds amass\u00e9s et nous remercions sinc\u00e8rement les gestionnaires et les employ\u00e9s du magasin The Beer Store\u2009!<\/p>\n<p>Le magasin The Beer Store de Hawkesbury est situ\u00e9 au 1036, rue Lansdowne.<\/p>\n<p>&nbsp;<\/p>\n<p><a href=\"http:\/\/hgh.ca\/foundation\/wp-content\/uploads\/sites\/2\/2023\/07\/the-beer-store-fundraiser-2023.png\"><img loading=\"lazy\" decoding=\"async\" width=\"940\" height=\"788\" class=\"alignnone size-full wp-image-5319\" src=\"http:\/\/hgh.ca\/foundation\/wp-content\/uploads\/sites\/2\/2023\/07\/the-beer-store-fundraiser-2023.png\" alt=\"Le Beer Store de Hawkesbury collecte des fonds du 3 juillet au 27 ao\u00fbt 2023\" srcset=\"https:\/\/hgh.ca\/foundation\/wp-content\/uploads\/sites\/2\/2023\/07\/the-beer-store-fundraiser-2023.png 940w, https:\/\/hgh.ca\/foundation\/wp-content\/uploads\/sites\/2\/2023\/07\/the-beer-store-fundraiser-2023-250x210.png 250w, https:\/\/hgh.ca\/foundation\/wp-content\/uploads\/sites\/2\/2023\/07\/the-beer-store-fundraiser-2023-700x587.png 700w, https:\/\/hgh.ca\/foundation\/wp-content\/uploads\/sites\/2\/2023\/07\/the-beer-store-fundraiser-2023-768x644.png 768w, https:\/\/hgh.ca\/foundation\/wp-content\/uploads\/sites\/2\/2023\/07\/the-beer-store-fundraiser-2023-120x101.png 120w\" sizes=\"(max-width: 940px) 100vw, 940px\" \/><\/a><\/p>\n","protected":false},"excerpt":{"rendered":"Le magasin The Beer Store de Hawkesbury soutient la Fondation HGH \u00e0 nouveau\u2009! Apportez vos bouteilles vides au magasin The Beer Store de Hawkesbury et participez \u00e0 l\u2019\u00e9dition\u00a02023 de leur collecte de fonds. Cette ann\u00e9e, la collecte de fonds aura lieu du 3\u00a0juillet au 27\u00a0ao\u00fbt. En retournant vos bouteilles et cannettes vides consign\u00e9es au magasin&#8230; <a class=\"btn btn--primary\" href=\"https:\/\/hgh.ca\/foundation\/fr\/evenements\/evenements-passes\/collecte-de-fonds-du-beer-store\/\">View Article<\/a>","protected":false},"author":2,"featured_media":0,"parent":1681,"menu_order":0,"comment_status":"closed","ping_status":"closed","template":"","meta":{"_acf_changed":false,"footnotes":""},"class_list":["post-5321","page","type-page","status-publish","hentry"],"acf":[],"yoast_head":"<!-- This site is optimized with the Yoast SEO plugin v23.0 - https:\/\/yoast.com\/wordpress\/plugins\/seo\/ -->\n<title>Collecte de fonds du Beer Store - HGH Foundation<\/title>\n<meta name=\"robots\" content=\"index, follow, max-snippet:-1, max-image-preview:large, max-video-preview:-1\" \/>\n<link rel=\"canonical\" href=\"https:\/\/hgh.ca\/foundation\/fr\/evenements\/evenements-passes\/collecte-de-fonds-du-beer-store\/\" \/>\n<meta property=\"og:locale\" content=\"fr_FR\" \/>\n<meta property=\"og:type\" content=\"article\" \/>\n<meta property=\"og:title\" content=\"Collecte de fonds du Beer Store - HGH Foundation\" \/>\n<meta property=\"og:description\" content=\"Le magasin The Beer Store de Hawkesbury soutient la Fondation HGH \u00e0 nouveau\u2009! Apportez vos bouteilles vides au magasin The Beer Store de Hawkesbury et participez \u00e0 l\u2019\u00e9dition\u00a02023 de leur collecte de fonds. Cette ann\u00e9e, la collecte de fonds aura lieu du 3\u00a0juillet au 27\u00a0ao\u00fbt. En retournant vos bouteilles et cannettes vides consign\u00e9es au magasin... View Article\" \/>\n<meta property=\"og:url\" content=\"https:\/\/hgh.ca\/foundation\/fr\/evenements\/evenements-passes\/collecte-de-fonds-du-beer-store\/\" \/>\n<meta property=\"og:site_name\" content=\"HGH Foundation\" \/>\n<meta property=\"article:modified_time\" content=\"2023-08-28T15:31:15+00:00\" \/>\n<meta property=\"og:image\" content=\"http:\/\/hgh.ca\/foundation\/wp-content\/uploads\/sites\/2\/2023\/07\/the-beer-store-fundraiser-2023.png\" \/>\n<meta name=\"twitter:card\" content=\"summary_large_image\" \/>\n<meta name=\"twitter:label1\" content=\"Dur\u00e9e de lecture estim\u00e9e\" \/>\n\t<meta name=\"twitter:data1\" content=\"1 minute\" \/>\n<script type=\"application\/ld+json\" class=\"yoast-schema-graph\">{\"@context\":\"https:\/\/schema.org\",\"@graph\":[{\"@type\":\"WebPage\",\"@id\":\"https:\/\/hgh.ca\/foundation\/fr\/evenements\/evenements-passes\/collecte-de-fonds-du-beer-store\/\",\"url\":\"https:\/\/hgh.ca\/foundation\/fr\/evenements\/evenements-passes\/collecte-de-fonds-du-beer-store\/\",\"name\":\"Collecte de fonds du Beer Store - HGH Foundation\",\"isPartOf\":{\"@id\":\"https:\/\/hgh.ca\/foundation\/#website\"},\"primaryImageOfPage\":{\"@id\":\"https:\/\/hgh.ca\/foundation\/fr\/evenements\/evenements-passes\/collecte-de-fonds-du-beer-store\/#primaryimage\"},\"image\":{\"@id\":\"https:\/\/hgh.ca\/foundation\/fr\/evenements\/evenements-passes\/collecte-de-fonds-du-beer-store\/#primaryimage\"},\"thumbnailUrl\":\"http:\/\/hgh.ca\/foundation\/wp-content\/uploads\/sites\/2\/2023\/07\/the-beer-store-fundraiser-2023.png\",\"datePublished\":\"2023-07-05T11:33:31+00:00\",\"dateModified\":\"2023-08-28T15:31:15+00:00\",\"breadcrumb\":{\"@id\":\"https:\/\/hgh.ca\/foundation\/fr\/evenements\/evenements-passes\/collecte-de-fonds-du-beer-store\/#breadcrumb\"},\"inLanguage\":\"fr-FR\",\"potentialAction\":[{\"@type\":\"ReadAction\",\"target\":[\"https:\/\/hgh.ca\/foundation\/fr\/evenements\/evenements-passes\/collecte-de-fonds-du-beer-store\/\"]}]},{\"@type\":\"ImageObject\",\"inLanguage\":\"fr-FR\",\"@id\":\"https:\/\/hgh.ca\/foundation\/fr\/evenements\/evenements-passes\/collecte-de-fonds-du-beer-store\/#primaryimage\",\"url\":\"http:\/\/hgh.ca\/foundation\/wp-content\/uploads\/sites\/2\/2023\/07\/the-beer-store-fundraiser-2023.png\",\"contentUrl\":\"http:\/\/hgh.ca\/foundation\/wp-content\/uploads\/sites\/2\/2023\/07\/the-beer-store-fundraiser-2023.png\"},{\"@type\":\"BreadcrumbList\",\"@id\":\"https:\/\/hgh.ca\/foundation\/fr\/evenements\/evenements-passes\/collecte-de-fonds-du-beer-store\/#breadcrumb\",\"itemListElement\":[{\"@type\":\"ListItem\",\"position\":1,\"name\":\"Home\",\"item\":\"https:\/\/hgh.ca\/foundation\/fr\/\"},{\"@type\":\"ListItem\",\"position\":2,\"name\":\"\u00c9v\u00e9nements\",\"item\":\"https:\/\/hgh.ca\/foundation\/fr\/evenements\/\"},{\"@type\":\"ListItem\",\"position\":3,\"name\":\"\u00c9v\u00e9nements pass\u00e9s\",\"item\":\"https:\/\/hgh.ca\/foundation\/fr\/evenements\/evenements-passes\/\"},{\"@type\":\"ListItem\",\"position\":4,\"name\":\"Collecte de fonds du Beer Store\"}]},{\"@type\":\"WebSite\",\"@id\":\"https:\/\/hgh.ca\/foundation\/#website\",\"url\":\"https:\/\/hgh.ca\/foundation\/\",\"name\":\"HGH Foundation\",\"description\":\"The Foundation raises funds for the Hawkesbury General Hospital\",\"potentialAction\":[{\"@type\":\"SearchAction\",\"target\":{\"@type\":\"EntryPoint\",\"urlTemplate\":\"https:\/\/hgh.ca\/foundation\/?s={search_term_string}\"},\"query-input\":\"required name=search_term_string\"}],\"inLanguage\":\"fr-FR\"}]}<\/script>\n<!-- \/ Yoast SEO plugin. -->","yoast_head_json":{"title":"Collecte de fonds du Beer Store - HGH Foundation","robots":{"index":"index","follow":"follow","max-snippet":"max-snippet:-1","max-image-preview":"max-image-preview:large","max-video-preview":"max-video-preview:-1"},"canonical":"https:\/\/hgh.ca\/foundation\/fr\/evenements\/evenements-passes\/collecte-de-fonds-du-beer-store\/","og_locale":"fr_FR","og_type":"article","og_title":"Collecte de fonds du Beer Store - HGH Foundation","og_description":"Le magasin The Beer Store de Hawkesbury soutient la Fondation HGH \u00e0 nouveau\u2009! Apportez vos bouteilles vides au magasin The Beer Store de Hawkesbury et participez \u00e0 l\u2019\u00e9dition\u00a02023 de leur collecte de fonds. Cette ann\u00e9e, la collecte de fonds aura lieu du 3\u00a0juillet au 27\u00a0ao\u00fbt. En retournant vos bouteilles et cannettes vides consign\u00e9es au magasin... View Article","og_url":"https:\/\/hgh.ca\/foundation\/fr\/evenements\/evenements-passes\/collecte-de-fonds-du-beer-store\/","og_site_name":"HGH Foundation","article_modified_time":"2023-08-28T15:31:15+00:00","og_image":[{"url":"http:\/\/hgh.ca\/foundation\/wp-content\/uploads\/sites\/2\/2023\/07\/the-beer-store-fundraiser-2023.png"}],"twitter_card":"summary_large_image","twitter_misc":{"Dur\u00e9e de lecture estim\u00e9e":"1 minute"},"schema":{"@context":"https:\/\/schema.org","@graph":[{"@type":"WebPage","@id":"https:\/\/hgh.ca\/foundation\/fr\/evenements\/evenements-passes\/collecte-de-fonds-du-beer-store\/","url":"https:\/\/hgh.ca\/foundation\/fr\/evenements\/evenements-passes\/collecte-de-fonds-du-beer-store\/","name":"Collecte de fonds du Beer Store - HGH Foundation","isPartOf":{"@id":"https:\/\/hgh.ca\/foundation\/#website"},"primaryImageOfPage":{"@id":"https:\/\/hgh.ca\/foundation\/fr\/evenements\/evenements-passes\/collecte-de-fonds-du-beer-store\/#primaryimage"},"image":{"@id":"https:\/\/hgh.ca\/foundation\/fr\/evenements\/evenements-passes\/collecte-de-fonds-du-beer-store\/#primaryimage"},"thumbnailUrl":"http:\/\/hgh.ca\/foundation\/wp-content\/uploads\/sites\/2\/2023\/07\/the-beer-store-fundraiser-2023.png","datePublished":"2023-07-05T11:33:31+00:00","dateModified":"2023-08-28T15:31:15+00:00","breadcrumb":{"@id":"https:\/\/hgh.ca\/foundation\/fr\/evenements\/evenements-passes\/collecte-de-fonds-du-beer-store\/#breadcrumb"},"inLanguage":"fr-FR","potentialAction":[{"@type":"ReadAction","target":["https:\/\/hgh.ca\/foundation\/fr\/evenements\/evenements-passes\/collecte-de-fonds-du-beer-store\/"]}]},{"@type":"ImageObject","inLanguage":"fr-FR","@id":"https:\/\/hgh.ca\/foundation\/fr\/evenements\/evenements-passes\/collecte-de-fonds-du-beer-store\/#primaryimage","url":"http:\/\/hgh.ca\/foundation\/wp-content\/uploads\/sites\/2\/2023\/07\/the-beer-store-fundraiser-2023.png","contentUrl":"http:\/\/hgh.ca\/foundation\/wp-content\/uploads\/sites\/2\/2023\/07\/the-beer-store-fundraiser-2023.png"},{"@type":"BreadcrumbList","@id":"https:\/\/hgh.ca\/foundation\/fr\/evenements\/evenements-passes\/collecte-de-fonds-du-beer-store\/#breadcrumb","itemListElement":[{"@type":"ListItem","position":1,"name":"Home","item":"https:\/\/hgh.ca\/foundation\/fr\/"},{"@type":"ListItem","position":2,"name":"\u00c9v\u00e9nements","item":"https:\/\/hgh.ca\/foundation\/fr\/evenements\/"},{"@type":"ListItem","position":3,"name":"\u00c9v\u00e9nements pass\u00e9s","item":"https:\/\/hgh.ca\/foundation\/fr\/evenements\/evenements-passes\/"},{"@type":"ListItem","position":4,"name":"Collecte de fonds du Beer Store"}]},{"@type":"WebSite","@id":"https:\/\/hgh.ca\/foundation\/#website","url":"https:\/\/hgh.ca\/foundation\/","name":"HGH Foundation","description":"The Foundation raises funds for the Hawkesbury General Hospital","potentialAction":[{"@type":"SearchAction","target":{"@type":"EntryPoint","urlTemplate":"https:\/\/hgh.ca\/foundation\/?s={search_term_string}"},"query-input":"required name=search_term_string"}],"inLanguage":"fr-FR"}]}},"_links":{"self":[{"href":"https:\/\/hgh.ca\/foundation\/fr\/wp-json\/wp\/v2\/pages\/5321\/"}],"collection":[{"href":"https:\/\/hgh.ca\/foundation\/fr\/wp-json\/wp\/v2\/pages\/"}],"about":[{"href":"https:\/\/hgh.ca\/foundation\/fr\/wp-json\/wp\/v2\/types\/page\/"}],"author":[{"embeddable":true,"href":"https:\/\/hgh.ca\/foundation\/fr\/wp-json\/wp\/v2\/users\/2\/"}],"replies":[{"embeddable":true,"href":"https:\/\/hgh.ca\/foundation\/fr\/wp-json\/wp\/v2\/comments\/?post=5321"}],"version-history":[{"count":2,"href":"https:\/\/hgh.ca\/foundation\/fr\/wp-json\/wp\/v2\/pages\/5321\/revisions\/"}],"predecessor-version":[{"id":5323,"href":"https:\/\/hgh.ca\/foundation\/fr\/wp-json\/wp\/v2\/pages\/5321\/revisions\/5323\/"}],"up":[{"embeddable":true,"href":"https:\/\/hgh.ca\/foundation\/fr\/wp-json\/wp\/v2\/pages\/1681\/"}],"wp:attachment":[{"href":"https:\/\/hgh.ca\/foundation\/fr\/wp-json\/wp\/v2\/media\/?parent=5321"}],"curies":[{"name":"wp","href":"https:\/\/api.w.org\/{rel}","templated":true}]}}