{"id":57,"date":"2015-06-01T15:29:02","date_gmt":"2015-06-01T15:29:02","guid":{"rendered":"http:\/\/hgh.ca\/foundation\/?page_id=57"},"modified":"2015-07-06T15:54:55","modified_gmt":"2015-07-06T15:54:55","slug":"plan-du-site","status":"publish","type":"page","link":"https:\/\/hgh.ca\/foundation\/fr\/plan-du-site\/","title":{"rendered":"Plan du site"},"content":{"rendered":"<ul class=\"sitemap\"><li class=\"page_item page-item-21 page_item_has_children\"><a href=\"https:\/\/hgh.ca\/foundation\/fr\/a-notre-sujet\/\">\u00c0 notre sujet<\/a>\n<ul class='children'>\n\t<li class=\"page_item page-item-6814\"><a href=\"https:\/\/hgh.ca\/foundation\/fr\/a-notre-sujet\/campagne-on-est-si-bien-chez-soi\/\">Campagne \u00ab\u202fOn est si bien chez soi\u202f\u00bb<\/a><\/li>\n\t<li class=\"page_item page-item-4887\"><a href=\"https:\/\/hgh.ca\/foundation\/fr\/a-notre-sujet\/carrieres\/\">Carri\u00e8res<\/a><\/li>\n\t<li class=\"page_item page-item-133\"><a href=\"https:\/\/hgh.ca\/foundation\/fr\/a-notre-sujet\/conseil-dadministration\/\">Conseil d\u2019administration<\/a><\/li>\n\t<li class=\"page_item page-item-160\"><a href=\"https:\/\/hgh.ca\/foundation\/fr\/a-notre-sujet\/droits-du-donateur\/\">Droits du donateur<\/a><\/li>\n\t<li class=\"page_item page-item-157\"><a href=\"https:\/\/hgh.ca\/foundation\/fr\/a-notre-sujet\/mission-et-vision\/\">Mission et vision<\/a><\/li>\n\t<li class=\"page_item page-item-137\"><a href=\"https:\/\/hgh.ca\/foundation\/fr\/a-notre-sujet\/le-personnel\/\">Personnel<\/a><\/li>\n\t<li class=\"page_item page-item-64 page_item_has_children\"><a href=\"https:\/\/hgh.ca\/foundation\/fr\/a-notre-sujet\/politique-de-confidentialite\/\">Politique de confidentialit\u00e9<\/a>\n\t<ul class='children'>\n\t\t<li class=\"page_item page-item-2876\"><a href=\"https:\/\/hgh.ca\/foundation\/fr\/a-notre-sujet\/politique-de-confidentialite\/information-personnelle-et-consentement\/\">Information personnelle et consentement<\/a><\/li>\n\t<\/ul>\n<\/li>\n\t<li class=\"page_item page-item-6427\"><a href=\"https:\/\/hgh.ca\/foundation\/fr\/a-notre-sujet\/rapport-a-la-communaute\/\">Rapport \u00e0 la communaut\u00e9<\/a><\/li>\n\t<li class=\"page_item page-item-164\"><a href=\"https:\/\/hgh.ca\/foundation\/fr\/a-notre-sujet\/rapports-et-finances\/\">Rapports et r\u00e9alisations<\/a><\/li>\n<\/ul>\n<\/li>\n<li class=\"page_item page-item-12\"><a href=\"https:\/\/hgh.ca\/foundation\/fr\/\">Accueil<\/a><\/li>\n<li class=\"page_item page-item-25 page_item_has_children\"><a href=\"https:\/\/hgh.ca\/foundation\/fr\/comment-donner\/\">Comment donner<\/a>\n<ul class='children'>\n\t<li class=\"page_item page-item-3161\"><a href=\"https:\/\/hgh.ca\/foundation\/fr\/comment-donner\/planifier-votre-heritage\/\">Planifier votre h\u00e9ritage<\/a><\/li>\n<\/ul>\n<\/li>\n<li class=\"page_item page-item-2310\"><a href=\"https:\/\/hgh.ca\/foundation\/fr\/comment-vous-pouvez-aider\/\">Comment vous pouvez aider<\/a><\/li>\n<li class=\"page_item page-item-3914\"><a href=\"https:\/\/hgh.ca\/foundation\/fr\/des-eleves-philanthropes\/\">Des \u00e9l\u00e8ves philanthropes<\/a><\/li>\n<li class=\"page_item page-item-881\"><a href=\"https:\/\/hgh.ca\/foundation\/fr\/devenez-benevole\/\">Devenez b\u00e9n\u00e9vole<\/a><\/li>\n<li class=\"page_item page-item-27 page_item_has_children\"><a href=\"https:\/\/hgh.ca\/foundation\/fr\/evenements\/\">\u00c9v\u00e9nements<\/a>\n<ul class='children'>\n\t<li class=\"page_item page-item-6042\"><a href=\"https:\/\/hgh.ca\/foundation\/fr\/evenements\/concert-de-noel\/\">Concert de No\u00ebl<\/a><\/li>\n\t<li class=\"page_item page-item-2521\"><a href=\"https:\/\/hgh.ca\/foundation\/fr\/evenements\/course-la-baie-run\/\">Course La Baie Run<\/a><\/li>\n\t<li class=\"page_item page-item-2437\"><a href=\"https:\/\/hgh.ca\/foundation\/fr\/evenements\/evenements-organises-par-des-tiers-2\/\">\u00c9v\u00e9nements organis\u00e9s par des tiers<\/a><\/li>\n\t<li class=\"page_item page-item-1681 page_item_has_children\"><a href=\"https:\/\/hgh.ca\/foundation\/fr\/evenements\/evenements-passes\/\">\u00c9v\u00e9nements pass\u00e9s<\/a>\n\t<ul class='children'>\n\t\t<li class=\"page_item page-item-2019\"><a href=\"https:\/\/hgh.ca\/foundation\/fr\/evenements\/evenements-passes\/caution-demandee-2\/\">Caution demand\u00e9e!<\/a><\/li>\n\t\t<li class=\"page_item page-item-5321\"><a href=\"https:\/\/hgh.ca\/foundation\/fr\/evenements\/evenements-passes\/collecte-de-fonds-du-beer-store\/\">Collecte de fonds du Beer Store<\/a><\/li>\n\t<\/ul>\n<\/li>\n\t<li class=\"page_item page-item-4140\"><a href=\"https:\/\/hgh.ca\/foundation\/fr\/evenements\/grand-mcdon\/\">Grand McDon<\/a><\/li>\n\t<li class=\"page_item page-item-2760\"><a href=\"https:\/\/hgh.ca\/foundation\/fr\/evenements\/loterie-50-50-de-jour-de-paie\/\">Loterie 50\/50 de jour de paie<\/a><\/li>\n\t<li class=\"page_item page-item-4469\"><a href=\"https:\/\/hgh.ca\/foundation\/fr\/evenements\/achetez-un-biscuit-sourire-et-appuyez-la-fondation-hgh\/\">Semaine du Biscuit sourire 2026<\/a><\/li>\n\t<li class=\"page_item page-item-2614\"><a href=\"https:\/\/hgh.ca\/foundation\/fr\/evenements\/tirage-50-50\/\">Tirage 50\/50<\/a><\/li>\n\t<li class=\"page_item page-item-429\"><a href=\"https:\/\/hgh.ca\/foundation\/fr\/evenements\/tournoi-de-golf\/\">Tournoi de golf<\/a><\/li>\n\t<li class=\"page_item page-item-6784\"><a href=\"https:\/\/hgh.ca\/foundation\/fr\/evenements\/trouvez-las\/\">Trouvez l&rsquo;As<\/a><\/li>\n<\/ul>\n<\/li>\n<li class=\"page_item page-item-3884\"><a href=\"https:\/\/hgh.ca\/foundation\/fr\/limportance-de-contribuer\/\">L\u2019importance de contribuer<\/a><\/li>\n<li class=\"page_item page-item-1170\"><a href=\"https:\/\/hgh.ca\/foundation\/fr\/le-bulletin\/\">Le Bulletin<\/a><\/li>\n<li class=\"page_item page-item-3674\"><a href=\"https:\/\/hgh.ca\/foundation\/fr\/le-rythme\/\">Le Rythme<\/a><\/li>\n<li class=\"page_item page-item-14\"><a href=\"https:\/\/hgh.ca\/foundation\/fr\/nous-joindre\/\">Nous joindre<\/a><\/li>\n<li class=\"page_item page-item-4563\"><a href=\"https:\/\/hgh.ca\/foundation\/fr\/nouvelle-technologie-de-detection-precoce\/\">Nouvelle technologie de d\u00e9tection pr\u00e9coce<\/a><\/li>\n<li class=\"page_item page-item-2299 page_item_has_children\"><a href=\"https:\/\/hgh.ca\/foundation\/fr\/on-est-si-bien-chez-soi\/\">On est si bien chez soi<\/a>\n<ul class='children'>\n\t<li class=\"page_item page-item-3783\"><a href=\"https:\/\/hgh.ca\/foundation\/fr\/on-est-si-bien-chez-soi\/priorite-endoscopie\/\">Priorit\u00e9 : endoscopie<\/a><\/li>\n\t<li class=\"page_item page-item-3796\"><a href=\"https:\/\/hgh.ca\/foundation\/fr\/on-est-si-bien-chez-soi\/priorite-mammographie-avancee\/\">Priorit\u00e9 : mammographie avanc\u00e9e<\/a><\/li>\n\t<li class=\"page_item page-item-3764\"><a href=\"https:\/\/hgh.ca\/foundation\/fr\/on-est-si-bien-chez-soi\/priorite-ophtalmologie\/\">Priorit\u00e9 : ophtalmologie<\/a><\/li>\n\t<li class=\"page_item page-item-3729\"><a href=\"https:\/\/hgh.ca\/foundation\/fr\/on-est-si-bien-chez-soi\/priorite-orthopedie\/\">Priorit\u00e9 : orthop\u00e9die<\/a><\/li>\n\t<li class=\"page_item page-item-3750\"><a href=\"https:\/\/hgh.ca\/foundation\/fr\/on-est-si-bien-chez-soi\/priorite-urologie\/\">Priorit\u00e9 : urologie<\/a><\/li>\n<\/ul>\n<\/li>\n<li class=\"page_item page-item-57\"><a href=\"https:\/\/hgh.ca\/foundation\/fr\/plan-du-site\/\">Plan du site<\/a><\/li>\n<li class=\"page_item page-item-2305\"><a href=\"https:\/\/hgh.ca\/foundation\/fr\/priorites-actuelles\/\">Priorit\u00e9s actuelles<\/a><\/li>\n<li class=\"page_item page-item-3871\"><a href=\"https:\/\/hgh.ca\/foundation\/fr\/un-voeu-dune-patiente-locale\/\">Un v\u0153u d\u2019une patiente locale<\/a><\/li>\n<li class=\"page_item page-item-3923\"><a href=\"https:\/\/hgh.ca\/foundation\/fr\/une-qualite-de-vie-retrouvee\/\">Une qualit\u00e9 de vie retrouv\u00e9e!<\/a><\/li>\n<li class=\"page_item page-item-4814\"><a href=\"https:\/\/hgh.ca\/foundation\/fr\/votre-sante-a-deja-ete-menacee\/\">Votre sant\u00e9 a d\u00e9j\u00e0 \u00e9t\u00e9 menac\u00e9e?<\/a><\/li>\n<\/ul>\n","protected":false},"excerpt":{"rendered":"","protected":false},"author":1,"featured_media":0,"parent":0,"menu_order":14,"comment_status":"open","ping_status":"open","template":"","meta":{"_acf_changed":false,"footnotes":""},"class_list":["post-57","page","type-page","status-publish","hentry"],"acf":[],"yoast_head":"<!-- This site is optimized with the Yoast SEO plugin v23.0 - https:\/\/yoast.com\/wordpress\/plugins\/seo\/ -->\n<title>Plan du site - HGH Foundation<\/title>\n<meta name=\"robots\" content=\"index, follow, max-snippet:-1, max-image-preview:large, max-video-preview:-1\" \/>\n<link rel=\"canonical\" href=\"https:\/\/hgh.ca\/foundation\/fr\/plan-du-site\/\" \/>\n<meta property=\"og:locale\" content=\"fr_FR\" \/>\n<meta property=\"og:type\" content=\"article\" \/>\n<meta property=\"og:title\" content=\"Plan du site - HGH Foundation\" \/>\n<meta property=\"og:url\" content=\"https:\/\/hgh.ca\/foundation\/fr\/plan-du-site\/\" \/>\n<meta property=\"og:site_name\" content=\"HGH Foundation\" \/>\n<meta property=\"article:modified_time\" content=\"2015-07-06T15:54:55+00:00\" \/>\n<meta name=\"twitter:card\" content=\"summary_large_image\" \/>\n<script type=\"application\/ld+json\" class=\"yoast-schema-graph\">{\"@context\":\"https:\/\/schema.org\",\"@graph\":[{\"@type\":\"WebPage\",\"@id\":\"https:\/\/hgh.ca\/foundation\/fr\/plan-du-site\/\",\"url\":\"https:\/\/hgh.ca\/foundation\/fr\/plan-du-site\/\",\"name\":\"Plan du site - HGH Foundation\",\"isPartOf\":{\"@id\":\"https:\/\/hgh.ca\/foundation\/#website\"},\"datePublished\":\"2015-06-01T15:29:02+00:00\",\"dateModified\":\"2015-07-06T15:54:55+00:00\",\"breadcrumb\":{\"@id\":\"https:\/\/hgh.ca\/foundation\/fr\/plan-du-site\/#breadcrumb\"},\"inLanguage\":\"fr-FR\",\"potentialAction\":[{\"@type\":\"ReadAction\",\"target\":[\"https:\/\/hgh.ca\/foundation\/fr\/plan-du-site\/\"]}]},{\"@type\":\"BreadcrumbList\",\"@id\":\"https:\/\/hgh.ca\/foundation\/fr\/plan-du-site\/#breadcrumb\",\"itemListElement\":[{\"@type\":\"ListItem\",\"position\":1,\"name\":\"Home\",\"item\":\"https:\/\/hgh.ca\/foundation\/fr\/\"},{\"@type\":\"ListItem\",\"position\":2,\"name\":\"Plan du site\"}]},{\"@type\":\"WebSite\",\"@id\":\"https:\/\/hgh.ca\/foundation\/#website\",\"url\":\"https:\/\/hgh.ca\/foundation\/\",\"name\":\"HGH Foundation\",\"description\":\"The Foundation raises funds for the Hawkesbury General Hospital\",\"potentialAction\":[{\"@type\":\"SearchAction\",\"target\":{\"@type\":\"EntryPoint\",\"urlTemplate\":\"https:\/\/hgh.ca\/foundation\/?s={search_term_string}\"},\"query-input\":\"required name=search_term_string\"}],\"inLanguage\":\"fr-FR\"}]}<\/script>\n<!-- \/ Yoast SEO plugin. -->","yoast_head_json":{"title":"Plan du site - HGH Foundation","robots":{"index":"index","follow":"follow","max-snippet":"max-snippet:-1","max-image-preview":"max-image-preview:large","max-video-preview":"max-video-preview:-1"},"canonical":"https:\/\/hgh.ca\/foundation\/fr\/plan-du-site\/","og_locale":"fr_FR","og_type":"article","og_title":"Plan du site - HGH Foundation","og_url":"https:\/\/hgh.ca\/foundation\/fr\/plan-du-site\/","og_site_name":"HGH Foundation","article_modified_time":"2015-07-06T15:54:55+00:00","twitter_card":"summary_large_image","schema":{"@context":"https:\/\/schema.org","@graph":[{"@type":"WebPage","@id":"https:\/\/hgh.ca\/foundation\/fr\/plan-du-site\/","url":"https:\/\/hgh.ca\/foundation\/fr\/plan-du-site\/","name":"Plan du site - HGH Foundation","isPartOf":{"@id":"https:\/\/hgh.ca\/foundation\/#website"},"datePublished":"2015-06-01T15:29:02+00:00","dateModified":"2015-07-06T15:54:55+00:00","breadcrumb":{"@id":"https:\/\/hgh.ca\/foundation\/fr\/plan-du-site\/#breadcrumb"},"inLanguage":"fr-FR","potentialAction":[{"@type":"ReadAction","target":["https:\/\/hgh.ca\/foundation\/fr\/plan-du-site\/"]}]},{"@type":"BreadcrumbList","@id":"https:\/\/hgh.ca\/foundation\/fr\/plan-du-site\/#breadcrumb","itemListElement":[{"@type":"ListItem","position":1,"name":"Home","item":"https:\/\/hgh.ca\/foundation\/fr\/"},{"@type":"ListItem","position":2,"name":"Plan du site"}]},{"@type":"WebSite","@id":"https:\/\/hgh.ca\/foundation\/#website","url":"https:\/\/hgh.ca\/foundation\/","name":"HGH Foundation","description":"The Foundation raises funds for the Hawkesbury General Hospital","potentialAction":[{"@type":"SearchAction","target":{"@type":"EntryPoint","urlTemplate":"https:\/\/hgh.ca\/foundation\/?s={search_term_string}"},"query-input":"required name=search_term_string"}],"inLanguage":"fr-FR"}]}},"_links":{"self":[{"href":"https:\/\/hgh.ca\/foundation\/fr\/wp-json\/wp\/v2\/pages\/57\/"}],"collection":[{"href":"https:\/\/hgh.ca\/foundation\/fr\/wp-json\/wp\/v2\/pages\/"}],"about":[{"href":"https:\/\/hgh.ca\/foundation\/fr\/wp-json\/wp\/v2\/types\/page\/"}],"author":[{"embeddable":true,"href":"https:\/\/hgh.ca\/foundation\/fr\/wp-json\/wp\/v2\/users\/1\/"}],"replies":[{"embeddable":true,"href":"https:\/\/hgh.ca\/foundation\/fr\/wp-json\/wp\/v2\/comments\/?post=57"}],"version-history":[{"count":3,"href":"https:\/\/hgh.ca\/foundation\/fr\/wp-json\/wp\/v2\/pages\/57\/revisions\/"}],"predecessor-version":[{"id":151,"href":"https:\/\/hgh.ca\/foundation\/fr\/wp-json\/wp\/v2\/pages\/57\/revisions\/151\/"}],"wp:attachment":[{"href":"https:\/\/hgh.ca\/foundation\/fr\/wp-json\/wp\/v2\/media\/?parent=57"}],"curies":[{"name":"wp","href":"https:\/\/api.w.org\/{rel}","templated":true}]}}