{"id":6042,"date":"2024-09-24T08:01:19","date_gmt":"2024-09-24T12:01:19","guid":{"rendered":"https:\/\/hgh.ca\/foundation\/?page_id=6042"},"modified":"2024-11-28T17:02:19","modified_gmt":"2024-11-28T22:02:19","slug":"concert-de-noel","status":"publish","type":"page","link":"https:\/\/hgh.ca\/foundation\/fr\/evenements\/concert-de-noel\/","title":{"rendered":"Concert de No\u00ebl"},"content":{"rendered":"<p><a href=\"http:\/\/hgh.ca\/foundation\/wp-content\/uploads\/sites\/2\/2024\/09\/holiday-concert-noel-2024.png\"><img loading=\"lazy\" decoding=\"async\" width=\"960\" height=\"960\" class=\"alignnone size-full wp-image-6035\" src=\"http:\/\/hgh.ca\/foundation\/wp-content\/uploads\/sites\/2\/2024\/09\/holiday-concert-noel-2024.png\" alt=\"December 1, 2024 Holiday Concert poster\" srcset=\"https:\/\/hgh.ca\/foundation\/wp-content\/uploads\/sites\/2\/2024\/09\/holiday-concert-noel-2024.png 960w, https:\/\/hgh.ca\/foundation\/wp-content\/uploads\/sites\/2\/2024\/09\/holiday-concert-noel-2024-250x250.png 250w, https:\/\/hgh.ca\/foundation\/wp-content\/uploads\/sites\/2\/2024\/09\/holiday-concert-noel-2024-700x700.png 700w, https:\/\/hgh.ca\/foundation\/wp-content\/uploads\/sites\/2\/2024\/09\/holiday-concert-noel-2024-150x150.png 150w, https:\/\/hgh.ca\/foundation\/wp-content\/uploads\/sites\/2\/2024\/09\/holiday-concert-noel-2024-768x768.png 768w, https:\/\/hgh.ca\/foundation\/wp-content\/uploads\/sites\/2\/2024\/09\/holiday-concert-noel-2024-120x120.png 120w\" sizes=\"(max-width: 960px) 100vw, 960px\" \/><\/a><\/p>\n<h2>Spectacle de Manon S\u00e9guin et Christian Marc Gendron<\/h2>\n<p>La Fondation HGH est heureuse d&rsquo;annoncer son tout premier concert des F\u00eates, mettant en vedette les talents exceptionnels des artistes de renom Manon S\u00e9guin et Christian Marc Gendron. L&rsquo;\u00e9v\u00e9nement aura lieu le 1er d\u00e9cembre \u00e0 15 h \u00e0 la magnifique \u00e9glise Saint-Pierre-Ap\u00f4tre sur la rue Main \u00e0 Hawkesbury.<\/p>\n<p>Cette c\u00e9l\u00e9bration festive promet un apr\u00e8s-midi de musique enchanteresse mettant en vedette la voix captivante de Manon S\u00e9guin et la performance magistrale de Christian Marc Gendron au piano. Ensemble, ils offriront un concert m\u00e9morable dans l&rsquo;ambiance chaleureuse et joyeuse des F\u00eates.<\/p>\n<p>Les profits du spectacle font partie des efforts continus de la Fondation HGH visant \u00e0 fournir de l&rsquo;\u00e9quipement m\u00e9dical de pointe pour les programmes et services en croissance de l&rsquo;H\u00f4pital g\u00e9n\u00e9ral de Hawkesbury et district. Cet \u00e9v\u00e9nement est une merveilleuse occasion pour la communaut\u00e9 de se rassembler et de contribuer \u00e0 une bonne cause tout en profitant d&rsquo;un divertissement de classe mondiale.<\/p>\n<h2>D\u00e9tails de l&rsquo;\u00e9v\u00e9nement<\/h2>\n<p><strong>Date :<\/strong> 1er d\u00e9cembre 2024<\/p>\n<p><strong>Heure du spectacle :<\/strong> 15 h<\/p>\n<p><strong>Arriv\u00e9e et rencontre VIP :<\/strong> 14 h<\/p>\n<p><strong>Ouverture des portes pour l&rsquo;admission g\u00e9n\u00e9rale :<\/strong> 14 h 30<\/p>\n<p><strong>Lieu :<\/strong> \u00c9glise catholique Saint-Pierre-Ap\u00f4tre, 470 Main St E, Hawkesbury, ON K6A 1A9<\/p>\n<p>Ne manquez pas cette occasion unique de vivre la magie des F\u00eates et d&rsquo;appuyer une ressource communautaire vitale pour vous et vos proches.<\/p>\n<h2>Billets<\/h2>\n<p>Les billets sont 50 $ ( admission g\u00e9n\u00e9rale) et 75 $ (VIP section r\u00e9serv\u00e9e).<\/p>\n<ul>\n<li>Il n&rsquo;y a pas de si\u00e8ges r\u00e9serv\u00e9s pour ce concert. Les portes ouvrent \u00e0 14 h 30 pour les d\u00e9tenteurs de billets en admission g\u00e9n\u00e9rale.<\/li>\n<li>Les billets sont vendus en ligne via Zeffy, une plateforme de collecte de fonds s\u00e9curis\u00e9e. Nous ne payons pas de frais d&rsquo;administration pour utiliser Zeffy et nous recevrons 100% des ventes de billets. Toutefois, Zeffy demande aux acheteurs de billets de faire une contribution volontaire pour le maintien de sa plateforme. &#8211; il n&rsquo;y a par contre aucune obligation de contribuer. Vous pouvez aussi choisir le montant ou choisir $0.<\/li>\n<li>Pour acheter vos billets, visitez la <a href=\"https:\/\/www.zeffy.com\/fr-CA\/ticketing\/d12d2abf-6c9f-4927-b377-c75f2ca8e2aa\" target=\"_blank\" rel=\"noopener\">page de vente de billets<\/a>.<\/li>\n<\/ul>\n<p>Pour obtenir plus d&rsquo;information sur cet \u00e9v\u00e9nement, veuillez communiquer avec Ashley Tillotson par courriel \u00e0 <a href=\"mailto:atillotson@hgh.ca\">atillotson@hgh.ca<\/a> ou par t\u00e9l\u00e9phone au 613-632-1111, poste 21109.<\/p>\n<p>Venez c\u00e9l\u00e9brer les F\u00eates avec nous tout en faisant une diff\u00e9rence dans la vie des personnes qui comptent sur nos services de sant\u00e9 locaux.<\/p>\n<p>&nbsp;<\/p>\n<p><em><strong>Nous remercions Hawkesbury Toyota, le premier commanditaire VIP de notre concert de No\u00ebl.<\/strong><\/em><\/p>\n<p><a href=\"http:\/\/hgh.ca\/foundation\/wp-content\/uploads\/sites\/2\/2024\/10\/logo-2023-toyota.jpg\"><img loading=\"lazy\" decoding=\"async\" class=\"alignnone wp-image-6083\" src=\"http:\/\/hgh.ca\/foundation\/wp-content\/uploads\/sites\/2\/2024\/10\/logo-2023-toyota-250x82.jpg\" alt=\"&quot; &quot;\" width=\"189\" height=\"62\" srcset=\"https:\/\/hgh.ca\/foundation\/wp-content\/uploads\/sites\/2\/2024\/10\/logo-2023-toyota-250x82.jpg 250w, https:\/\/hgh.ca\/foundation\/wp-content\/uploads\/sites\/2\/2024\/10\/logo-2023-toyota-120x39.jpg 120w, https:\/\/hgh.ca\/foundation\/wp-content\/uploads\/sites\/2\/2024\/10\/logo-2023-toyota.jpg 541w\" sizes=\"(max-width: 189px) 100vw, 189px\" \/><\/a><\/p>\n<p>&nbsp;<\/p>\n<p><em><strong>Merci \u00e0 nos deux autres commanditaires VIP : Ivaco Rolling Mills et MD Financial Management Scotiabank Health Care+.<\/strong><\/em><\/p>\n<p><a href=\"http:\/\/hgh.ca\/foundation\/wp-content\/uploads\/sites\/2\/2024\/11\/logo-mdfm-scotiabank-healthcare-en-horiz-rgb.png\"><img loading=\"lazy\" decoding=\"async\" class=\"alignnone wp-image-6157\" src=\"http:\/\/hgh.ca\/foundation\/wp-content\/uploads\/sites\/2\/2024\/11\/logo-mdfm-scotiabank-healthcare-en-horiz-rgb-250x45.png\" alt=\"MD Financial Management Scotiabank Healthcare + logo\" width=\"250\" height=\"45\" srcset=\"https:\/\/hgh.ca\/foundation\/wp-content\/uploads\/sites\/2\/2024\/11\/logo-mdfm-scotiabank-healthcare-en-horiz-rgb-250x45.png 250w, https:\/\/hgh.ca\/foundation\/wp-content\/uploads\/sites\/2\/2024\/11\/logo-mdfm-scotiabank-healthcare-en-horiz-rgb-700x127.png 700w, https:\/\/hgh.ca\/foundation\/wp-content\/uploads\/sites\/2\/2024\/11\/logo-mdfm-scotiabank-healthcare-en-horiz-rgb-768x139.png 768w, https:\/\/hgh.ca\/foundation\/wp-content\/uploads\/sites\/2\/2024\/11\/logo-mdfm-scotiabank-healthcare-en-horiz-rgb-120x22.png 120w, https:\/\/hgh.ca\/foundation\/wp-content\/uploads\/sites\/2\/2024\/11\/logo-mdfm-scotiabank-healthcare-en-horiz-rgb-960x174.png 960w, https:\/\/hgh.ca\/foundation\/wp-content\/uploads\/sites\/2\/2024\/11\/logo-mdfm-scotiabank-healthcare-en-horiz-rgb.png 1155w\" sizes=\"(max-width: 250px) 100vw, 250px\" \/><\/a>\u00a0 \u00a0 \u00a0 \u00a0 \u00a0 \u00a0 \u00a0 \u00a0 \u00a0 \u00a0 <a href=\"http:\/\/hgh.ca\/foundation\/wp-content\/uploads\/sites\/2\/2024\/11\/ivaco-logo.png\"><img loading=\"lazy\" decoding=\"async\" class=\"alignnone wp-image-6155\" src=\"http:\/\/hgh.ca\/foundation\/wp-content\/uploads\/sites\/2\/2024\/11\/ivaco-logo-250x102.png\" alt=\"Ivaco Rolling Mills logo\" width=\"125\" height=\"51\" srcset=\"https:\/\/hgh.ca\/foundation\/wp-content\/uploads\/sites\/2\/2024\/11\/ivaco-logo-250x102.png 250w, https:\/\/hgh.ca\/foundation\/wp-content\/uploads\/sites\/2\/2024\/11\/ivaco-logo-120x49.png 120w, https:\/\/hgh.ca\/foundation\/wp-content\/uploads\/sites\/2\/2024\/11\/ivaco-logo.png 366w\" sizes=\"(max-width: 125px) 100vw, 125px\" \/><\/a><\/p>\n","protected":false},"excerpt":{"rendered":"Spectacle de Manon S\u00e9guin et Christian Marc Gendron La Fondation HGH est heureuse d&rsquo;annoncer son tout premier concert des F\u00eates, mettant en vedette les talents exceptionnels des artistes de renom Manon S\u00e9guin et Christian Marc Gendron. L&rsquo;\u00e9v\u00e9nement aura lieu le 1er d\u00e9cembre \u00e0 15 h \u00e0 la magnifique \u00e9glise Saint-Pierre-Ap\u00f4tre sur la rue Main \u00e0&#8230; <a class=\"btn btn--primary\" href=\"https:\/\/hgh.ca\/foundation\/fr\/evenements\/concert-de-noel\/\">View Article<\/a>","protected":false},"author":2,"featured_media":0,"parent":27,"menu_order":1,"comment_status":"closed","ping_status":"closed","template":"","meta":{"_acf_changed":false,"footnotes":""},"class_list":["post-6042","page","type-page","status-publish","hentry"],"acf":[],"yoast_head":"<!-- This site is optimized with the Yoast SEO plugin v23.0 - https:\/\/yoast.com\/wordpress\/plugins\/seo\/ -->\n<title>Concert de No\u00ebl - HGH Foundation<\/title>\n<meta name=\"robots\" content=\"index, follow, max-snippet:-1, max-image-preview:large, max-video-preview:-1\" \/>\n<link rel=\"canonical\" href=\"https:\/\/hgh.ca\/foundation\/fr\/evenements\/concert-de-noel\/\" \/>\n<meta property=\"og:locale\" content=\"fr_FR\" \/>\n<meta property=\"og:type\" content=\"article\" \/>\n<meta property=\"og:title\" content=\"Concert de No\u00ebl - HGH Foundation\" \/>\n<meta property=\"og:description\" content=\"Spectacle de Manon S\u00e9guin et Christian Marc Gendron La Fondation HGH est heureuse d&rsquo;annoncer son tout premier concert des F\u00eates, mettant en vedette les talents exceptionnels des artistes de renom Manon S\u00e9guin et Christian Marc Gendron. L&rsquo;\u00e9v\u00e9nement aura lieu le 1er d\u00e9cembre \u00e0 15 h \u00e0 la magnifique \u00e9glise Saint-Pierre-Ap\u00f4tre sur la rue Main \u00e0... View Article\" \/>\n<meta property=\"og:url\" content=\"https:\/\/hgh.ca\/foundation\/fr\/evenements\/concert-de-noel\/\" \/>\n<meta property=\"og:site_name\" content=\"HGH Foundation\" \/>\n<meta property=\"article:modified_time\" content=\"2024-11-28T22:02:19+00:00\" \/>\n<meta property=\"og:image\" content=\"http:\/\/hgh.ca\/foundation\/wp-content\/uploads\/sites\/2\/2024\/09\/holiday-concert-noel-2024.png\" \/>\n<meta name=\"twitter:card\" content=\"summary_large_image\" \/>\n<meta name=\"twitter:label1\" content=\"Dur\u00e9e de lecture estim\u00e9e\" \/>\n\t<meta name=\"twitter:data1\" content=\"3 minutes\" \/>\n<script type=\"application\/ld+json\" class=\"yoast-schema-graph\">{\"@context\":\"https:\/\/schema.org\",\"@graph\":[{\"@type\":\"WebPage\",\"@id\":\"https:\/\/hgh.ca\/foundation\/fr\/evenements\/concert-de-noel\/\",\"url\":\"https:\/\/hgh.ca\/foundation\/fr\/evenements\/concert-de-noel\/\",\"name\":\"Concert de No\u00ebl - HGH Foundation\",\"isPartOf\":{\"@id\":\"https:\/\/hgh.ca\/foundation\/#website\"},\"primaryImageOfPage\":{\"@id\":\"https:\/\/hgh.ca\/foundation\/fr\/evenements\/concert-de-noel\/#primaryimage\"},\"image\":{\"@id\":\"https:\/\/hgh.ca\/foundation\/fr\/evenements\/concert-de-noel\/#primaryimage\"},\"thumbnailUrl\":\"http:\/\/hgh.ca\/foundation\/wp-content\/uploads\/sites\/2\/2024\/09\/holiday-concert-noel-2024.png\",\"datePublished\":\"2024-09-24T12:01:19+00:00\",\"dateModified\":\"2024-11-28T22:02:19+00:00\",\"breadcrumb\":{\"@id\":\"https:\/\/hgh.ca\/foundation\/fr\/evenements\/concert-de-noel\/#breadcrumb\"},\"inLanguage\":\"fr-FR\",\"potentialAction\":[{\"@type\":\"ReadAction\",\"target\":[\"https:\/\/hgh.ca\/foundation\/fr\/evenements\/concert-de-noel\/\"]}]},{\"@type\":\"ImageObject\",\"inLanguage\":\"fr-FR\",\"@id\":\"https:\/\/hgh.ca\/foundation\/fr\/evenements\/concert-de-noel\/#primaryimage\",\"url\":\"http:\/\/hgh.ca\/foundation\/wp-content\/uploads\/sites\/2\/2024\/09\/holiday-concert-noel-2024.png\",\"contentUrl\":\"http:\/\/hgh.ca\/foundation\/wp-content\/uploads\/sites\/2\/2024\/09\/holiday-concert-noel-2024.png\"},{\"@type\":\"BreadcrumbList\",\"@id\":\"https:\/\/hgh.ca\/foundation\/fr\/evenements\/concert-de-noel\/#breadcrumb\",\"itemListElement\":[{\"@type\":\"ListItem\",\"position\":1,\"name\":\"Home\",\"item\":\"https:\/\/hgh.ca\/foundation\/fr\/\"},{\"@type\":\"ListItem\",\"position\":2,\"name\":\"\u00c9v\u00e9nements\",\"item\":\"https:\/\/hgh.ca\/foundation\/fr\/evenements\/\"},{\"@type\":\"ListItem\",\"position\":3,\"name\":\"Concert de No\u00ebl\"}]},{\"@type\":\"WebSite\",\"@id\":\"https:\/\/hgh.ca\/foundation\/#website\",\"url\":\"https:\/\/hgh.ca\/foundation\/\",\"name\":\"HGH Foundation\",\"description\":\"The Foundation raises funds for the Hawkesbury General Hospital\",\"potentialAction\":[{\"@type\":\"SearchAction\",\"target\":{\"@type\":\"EntryPoint\",\"urlTemplate\":\"https:\/\/hgh.ca\/foundation\/?s={search_term_string}\"},\"query-input\":\"required name=search_term_string\"}],\"inLanguage\":\"fr-FR\"}]}<\/script>\n<!-- \/ Yoast SEO plugin. -->","yoast_head_json":{"title":"Concert de No\u00ebl - HGH Foundation","robots":{"index":"index","follow":"follow","max-snippet":"max-snippet:-1","max-image-preview":"max-image-preview:large","max-video-preview":"max-video-preview:-1"},"canonical":"https:\/\/hgh.ca\/foundation\/fr\/evenements\/concert-de-noel\/","og_locale":"fr_FR","og_type":"article","og_title":"Concert de No\u00ebl - HGH Foundation","og_description":"Spectacle de Manon S\u00e9guin et Christian Marc Gendron La Fondation HGH est heureuse d&rsquo;annoncer son tout premier concert des F\u00eates, mettant en vedette les talents exceptionnels des artistes de renom Manon S\u00e9guin et Christian Marc Gendron. L&rsquo;\u00e9v\u00e9nement aura lieu le 1er d\u00e9cembre \u00e0 15 h \u00e0 la magnifique \u00e9glise Saint-Pierre-Ap\u00f4tre sur la rue Main \u00e0... View Article","og_url":"https:\/\/hgh.ca\/foundation\/fr\/evenements\/concert-de-noel\/","og_site_name":"HGH Foundation","article_modified_time":"2024-11-28T22:02:19+00:00","og_image":[{"url":"http:\/\/hgh.ca\/foundation\/wp-content\/uploads\/sites\/2\/2024\/09\/holiday-concert-noel-2024.png"}],"twitter_card":"summary_large_image","twitter_misc":{"Dur\u00e9e de lecture estim\u00e9e":"3 minutes"},"schema":{"@context":"https:\/\/schema.org","@graph":[{"@type":"WebPage","@id":"https:\/\/hgh.ca\/foundation\/fr\/evenements\/concert-de-noel\/","url":"https:\/\/hgh.ca\/foundation\/fr\/evenements\/concert-de-noel\/","name":"Concert de No\u00ebl - HGH Foundation","isPartOf":{"@id":"https:\/\/hgh.ca\/foundation\/#website"},"primaryImageOfPage":{"@id":"https:\/\/hgh.ca\/foundation\/fr\/evenements\/concert-de-noel\/#primaryimage"},"image":{"@id":"https:\/\/hgh.ca\/foundation\/fr\/evenements\/concert-de-noel\/#primaryimage"},"thumbnailUrl":"http:\/\/hgh.ca\/foundation\/wp-content\/uploads\/sites\/2\/2024\/09\/holiday-concert-noel-2024.png","datePublished":"2024-09-24T12:01:19+00:00","dateModified":"2024-11-28T22:02:19+00:00","breadcrumb":{"@id":"https:\/\/hgh.ca\/foundation\/fr\/evenements\/concert-de-noel\/#breadcrumb"},"inLanguage":"fr-FR","potentialAction":[{"@type":"ReadAction","target":["https:\/\/hgh.ca\/foundation\/fr\/evenements\/concert-de-noel\/"]}]},{"@type":"ImageObject","inLanguage":"fr-FR","@id":"https:\/\/hgh.ca\/foundation\/fr\/evenements\/concert-de-noel\/#primaryimage","url":"http:\/\/hgh.ca\/foundation\/wp-content\/uploads\/sites\/2\/2024\/09\/holiday-concert-noel-2024.png","contentUrl":"http:\/\/hgh.ca\/foundation\/wp-content\/uploads\/sites\/2\/2024\/09\/holiday-concert-noel-2024.png"},{"@type":"BreadcrumbList","@id":"https:\/\/hgh.ca\/foundation\/fr\/evenements\/concert-de-noel\/#breadcrumb","itemListElement":[{"@type":"ListItem","position":1,"name":"Home","item":"https:\/\/hgh.ca\/foundation\/fr\/"},{"@type":"ListItem","position":2,"name":"\u00c9v\u00e9nements","item":"https:\/\/hgh.ca\/foundation\/fr\/evenements\/"},{"@type":"ListItem","position":3,"name":"Concert de No\u00ebl"}]},{"@type":"WebSite","@id":"https:\/\/hgh.ca\/foundation\/#website","url":"https:\/\/hgh.ca\/foundation\/","name":"HGH Foundation","description":"The Foundation raises funds for the Hawkesbury General Hospital","potentialAction":[{"@type":"SearchAction","target":{"@type":"EntryPoint","urlTemplate":"https:\/\/hgh.ca\/foundation\/?s={search_term_string}"},"query-input":"required name=search_term_string"}],"inLanguage":"fr-FR"}]}},"_links":{"self":[{"href":"https:\/\/hgh.ca\/foundation\/fr\/wp-json\/wp\/v2\/pages\/6042\/"}],"collection":[{"href":"https:\/\/hgh.ca\/foundation\/fr\/wp-json\/wp\/v2\/pages\/"}],"about":[{"href":"https:\/\/hgh.ca\/foundation\/fr\/wp-json\/wp\/v2\/types\/page\/"}],"author":[{"embeddable":true,"href":"https:\/\/hgh.ca\/foundation\/fr\/wp-json\/wp\/v2\/users\/2\/"}],"replies":[{"embeddable":true,"href":"https:\/\/hgh.ca\/foundation\/fr\/wp-json\/wp\/v2\/comments\/?post=6042"}],"version-history":[{"count":6,"href":"https:\/\/hgh.ca\/foundation\/fr\/wp-json\/wp\/v2\/pages\/6042\/revisions\/"}],"predecessor-version":[{"id":6167,"href":"https:\/\/hgh.ca\/foundation\/fr\/wp-json\/wp\/v2\/pages\/6042\/revisions\/6167\/"}],"up":[{"embeddable":true,"href":"https:\/\/hgh.ca\/foundation\/fr\/wp-json\/wp\/v2\/pages\/27\/"}],"wp:attachment":[{"href":"https:\/\/hgh.ca\/foundation\/fr\/wp-json\/wp\/v2\/media\/?parent=6042"}],"curies":[{"name":"wp","href":"https:\/\/api.w.org\/{rel}","templated":true}]}}