{"id":64,"date":"2015-06-01T15:30:25","date_gmt":"2015-06-01T15:30:25","guid":{"rendered":"http:\/\/hgh.ca\/foundation\/?page_id=64"},"modified":"2023-08-28T11:25:33","modified_gmt":"2023-08-28T15:25:33","slug":"politique-de-confidentialite","status":"publish","type":"page","link":"https:\/\/hgh.ca\/foundation\/fr\/a-notre-sujet\/politique-de-confidentialite\/","title":{"rendered":"Politique de confidentialit\u00e9"},"content":{"rendered":"<h2>Contexte<\/h2>\n<p>La Fondation de l&rsquo;H\u00f4pital g\u00e9n\u00e9ral de Hawkesbury et district (HGH) s&rsquo;engage \u00e0 prot\u00e9ger la vie priv\u00e9e de nos donateurs. Nous appr\u00e9cions la confiance de nos donateurs et reconnaissons que le maintien de cette confiance n\u00e9cessite que nous soyons transparents et responsables dans notre traitement de vos informations personnelles.<\/p>\n<h2>Objectif<\/h2>\n<p>L\u2019objectif de cette politique est de d\u00e9crire comment la Fondation HGH traite les informations personnelles que nous recevons de nos employ\u00e9s, b\u00e9n\u00e9voles, donateurs, patients de l\u2019H\u00f4pital et autres parties prenantes.<\/p>\n<h2>Politique et d\u00e9claration de confidentialit\u00e9<\/h2>\n<h3>Notre engagement envers vous<\/h3>\n<p>La Fondation HGH s&rsquo;engage \u00e0 prot\u00e9ger la confidentialit\u00e9 des informations personnelles de ses employ\u00e9s, b\u00e9n\u00e9voles, membres, patients, donateurs et autres parties prenantes. La Fondation appr\u00e9cie la confiance du public et reconna\u00eet que le maintien de cette confiance n\u00e9cessite la transparence et la responsabilit\u00e9 dans le traitement des informations partag\u00e9es avec la Fondation.<\/p>\n<p>Les demandes de renseignements concernant notre politique de confidentialit\u00e9 sur le traitement des renseignements personnels doivent \u00eatre adress\u00e9es \u00e0 la Directrice g\u00e9n\u00e9rale au 613 632-1111, poste 21101, ou par courriel \u00e0 <a href=\"mailto:fondation@hgh.ca\">fondation@hgh.ca<\/a>.<\/p>\n<p>\u00c0 la Fondation, nous recueillons des informations personnelles de base (nom, adresse, num\u00e9ro de t\u00e9l\u00e9phone et votre histoire philanthropique avec la Fondation). Nous n&rsquo;avons jamais acc\u00e8s \u00e0 votre dossier m\u00e9dical ni \u00e0 vos ant\u00e9c\u00e9dents m\u00e9dicaux. Nous observons les pratiques suivantes lors de la collecte, de la conservation et de l&rsquo;utilisation des informations personnelles :<\/p>\n<h3>Consentement<\/h3>\n<p>Nous n\u2019amassons et ne conservons jamais vos informations personnelles de base sans votre consentement. Bien que ce consentement puisse \u00eatre explicite ou implicite, nous n&rsquo;utiliserons vos informations que pour effectuer des travaux de bienfaisance en cours concernant la Fondation. Ce travail de bienfaisance comprend, sans s&rsquo;y limiter, approcher des individus par courrier, t\u00e9l\u00e9phone, courriel ou en personne concernant des dons ou des possibilit\u00e9s de reconnaissance et inviter des individus \u00e0 assister \u00e0 des fonctions ou \u00e0 des \u00e9v\u00e9nements de charit\u00e9 organis\u00e9s par la Fondation.<\/p>\n<p>La Fondation HGH honorera les demandes des donateurs pour :<\/p>\n<ul>\n<li>Limiter la fr\u00e9quence des contacts;<\/li>\n<li>Ne pas \u00eatre contact\u00e9 par t\u00e9l\u00e9phone ou autre technologie;<\/li>\n<li>Recevoir des documents imprim\u00e9s concernant l&rsquo;organisation; et<\/li>\n<li>Cesser toutes communications avec les donateurs.<\/li>\n<\/ul>\n<p>Toute personne peut retirer ou limiter son consentement ou la fr\u00e9quence de ses contacts en communiquant avec la Fondation au 613 632-1111, poste 21101. Veuillez nous accorder un d\u00e9lai raisonnable pour traiter votre demande de retrait de consentement.<\/p>\n<h3>Collection limit\u00e9e<\/h3>\n<p>La collecte d&rsquo;informations personnelles est limit\u00e9e aux informations de base pertinentes et n\u00e9cessaires \u00e0 la Fondation HGH \u00e0 des fins pertinentes pour ses programmes et ses efforts de collecte de fonds. Si vous faites un don, assistez \u00e0 un \u00e9v\u00e9nement ou devenez b\u00e9n\u00e9vole de la Fondation, des informations personnelles de base seront amass\u00e9es. Ces informations permettront \u00e0 la Fondation de :<\/p>\n<ul>\n<li>Traiter votre don et vous faire parvenir un re\u00e7u fiscal pour don de bienfaisance (le cas \u00e9ch\u00e9ant);<\/li>\n<li>Reconnaitre votre don dans des publications avec votre accord pr\u00e9alable; et<\/li>\n<li>Vous communiquer des informations de la Fondation concernant les programmes, activit\u00e9s, services, \u00e9v\u00e9nements de collecte de fonds, besoins de financement, opportunit\u00e9s de b\u00e9n\u00e9volat ou de faire un don, et plus encore.<\/li>\n<\/ul>\n<p>Si vous souhaitez que votre don reste anonyme ou si vous voulez vous d\u00e9sengager de recevoir d&rsquo;autres communications concernant les activit\u00e9s de la Fondation, vous pouvez contacter la Fondation au 613 632-1111, poste 21101.<\/p>\n<h3>Utilisation, conservation et divulgation des informations personnelles<\/h3>\n<p>Les informations personnelles ne seront pas utilis\u00e9es ou divulgu\u00e9es \u00e0 des fins ou activit\u00e9s autres que celles pour lesquelles elles sont collect\u00e9es, sauf avec le consentement de la personne ou tel que requis par la loi. Les informations personnelles ne seront conserv\u00e9es que le temps n\u00e9cessaire \u00e0 la r\u00e9alisation de ces finalit\u00e9s.<\/p>\n<p>Le site web de la Fondation contient un formulaire de don en ligne qui permet aux visiteurs de faire un don. Les informations personnelles et de carte de cr\u00e9dit fourni sur ces formulaires sont utilis\u00e9es uniquement pour traiter le don en cours et ne sont jamais conserv\u00e9es par la Fondation.<\/p>\n<p>La Fondation n&rsquo;\u00e9change, ne loue ni ne vend aucune information personnelle \u00e0 des tiers. L\u2019acc\u00e8s aux dossiers des donateurs et des b\u00e9n\u00e9voles sera limit\u00e9 \u00e0 ceux qui ont besoin de ces informations pour remplir leur travail et leurs responsabilit\u00e9s \u00e0 la Fondation HGH. Toutes les personnes travaillant avec la Fondation et ayant acc\u00e8s aux dossiers des donateurs et des b\u00e9n\u00e9voles signeront un accord de confidentialit\u00e9 au d\u00e9but de leur travail avec la Fondation, qui restera en vigueur pendant toute la dur\u00e9e de leur implication et par la suite.<\/p>\n<p>Les donateurs qui demandent que leur nom et\/ou le montant de leur don ne soient pas rendus publics resteront anonymes.<\/p>\n<p>Sur demande, les individus auront acc\u00e8s aux informations contenues dans leur dossier de donateur. La confidentialit\u00e9 des dossiers des donateurs et des b\u00e9n\u00e9voles continuera apr\u00e8s la fin de la relation avec la personne.<\/p>\n<p><em>Pri\u00e8re de noter que la version originale de ce document a \u00e9t\u00e9 \u00e9crite en anglais. Dans l\u2019\u00e9ventualit\u00e9 o\u00f9 il y aurait dans la traduction de cette documentation une diff\u00e9rente interpr\u00e9tation, la version originale en anglais primera sur la version traduite en fran\u00e7ais.<\/em><\/p>\n<p>La Fondation HGH respecte les principes de la <a href=\"http:\/\/hgh.ca\/foundation\/fr\/a-notre-sujet\/droits-du-donateur\/\">Charte des droits du donateur<\/a>.<\/p>\n","protected":false},"excerpt":{"rendered":"Contexte La Fondation de l&rsquo;H\u00f4pital g\u00e9n\u00e9ral de Hawkesbury et district (HGH) s&rsquo;engage \u00e0 prot\u00e9ger la vie priv\u00e9e de nos donateurs. Nous appr\u00e9cions la confiance de nos donateurs et reconnaissons que le maintien de cette confiance n\u00e9cessite que nous soyons transparents et responsables dans notre traitement de vos informations personnelles. Objectif L\u2019objectif de cette politique est&#8230; <a class=\"btn btn--primary\" href=\"https:\/\/hgh.ca\/foundation\/fr\/a-notre-sujet\/politique-de-confidentialite\/\">View Article<\/a>","protected":false},"author":1,"featured_media":0,"parent":21,"menu_order":3,"comment_status":"open","ping_status":"closed","template":"","meta":{"_acf_changed":false,"footnotes":""},"class_list":["post-64","page","type-page","status-publish","hentry"],"acf":[],"yoast_head":"<!-- This site is optimized with the Yoast SEO plugin v23.0 - https:\/\/yoast.com\/wordpress\/plugins\/seo\/ -->\n<title>Politique de confidentialit\u00e9 - HGH Foundation<\/title>\n<meta name=\"description\" content=\"Politique de confidentialit\u00e9 et engagement envers nos donateurs\" \/>\n<meta name=\"robots\" content=\"index, follow, max-snippet:-1, max-image-preview:large, max-video-preview:-1\" \/>\n<link rel=\"canonical\" href=\"https:\/\/hgh.ca\/foundation\/fr\/a-notre-sujet\/politique-de-confidentialite\/\" \/>\n<meta property=\"og:locale\" content=\"fr_FR\" \/>\n<meta property=\"og:type\" content=\"article\" \/>\n<meta property=\"og:title\" content=\"Politique de confidentialit\u00e9 - HGH Foundation\" \/>\n<meta property=\"og:description\" content=\"Politique de confidentialit\u00e9 et engagement envers nos donateurs\" \/>\n<meta property=\"og:url\" content=\"https:\/\/hgh.ca\/foundation\/fr\/a-notre-sujet\/politique-de-confidentialite\/\" \/>\n<meta property=\"og:site_name\" content=\"HGH Foundation\" \/>\n<meta property=\"article:modified_time\" content=\"2023-08-28T15:25:33+00:00\" \/>\n<meta name=\"twitter:card\" content=\"summary_large_image\" \/>\n<meta name=\"twitter:label1\" content=\"Dur\u00e9e de lecture estim\u00e9e\" \/>\n\t<meta name=\"twitter:data1\" content=\"5 minutes\" \/>\n<script type=\"application\/ld+json\" class=\"yoast-schema-graph\">{\"@context\":\"https:\/\/schema.org\",\"@graph\":[{\"@type\":\"WebPage\",\"@id\":\"https:\/\/hgh.ca\/foundation\/fr\/a-notre-sujet\/politique-de-confidentialite\/\",\"url\":\"https:\/\/hgh.ca\/foundation\/fr\/a-notre-sujet\/politique-de-confidentialite\/\",\"name\":\"Politique de confidentialit\u00e9 - HGH Foundation\",\"isPartOf\":{\"@id\":\"https:\/\/hgh.ca\/foundation\/#website\"},\"datePublished\":\"2015-06-01T15:30:25+00:00\",\"dateModified\":\"2023-08-28T15:25:33+00:00\",\"description\":\"Politique de confidentialit\u00e9 et engagement envers nos donateurs\",\"breadcrumb\":{\"@id\":\"https:\/\/hgh.ca\/foundation\/fr\/a-notre-sujet\/politique-de-confidentialite\/#breadcrumb\"},\"inLanguage\":\"fr-FR\",\"potentialAction\":[{\"@type\":\"ReadAction\",\"target\":[\"https:\/\/hgh.ca\/foundation\/fr\/a-notre-sujet\/politique-de-confidentialite\/\"]}]},{\"@type\":\"BreadcrumbList\",\"@id\":\"https:\/\/hgh.ca\/foundation\/fr\/a-notre-sujet\/politique-de-confidentialite\/#breadcrumb\",\"itemListElement\":[{\"@type\":\"ListItem\",\"position\":1,\"name\":\"Home\",\"item\":\"https:\/\/hgh.ca\/foundation\/fr\/\"},{\"@type\":\"ListItem\",\"position\":2,\"name\":\"\u00c0 notre sujet\",\"item\":\"https:\/\/hgh.ca\/foundation\/fr\/a-notre-sujet\/\"},{\"@type\":\"ListItem\",\"position\":3,\"name\":\"Politique de confidentialit\u00e9\"}]},{\"@type\":\"WebSite\",\"@id\":\"https:\/\/hgh.ca\/foundation\/#website\",\"url\":\"https:\/\/hgh.ca\/foundation\/\",\"name\":\"HGH Foundation\",\"description\":\"The Foundation raises funds for the Hawkesbury General Hospital\",\"potentialAction\":[{\"@type\":\"SearchAction\",\"target\":{\"@type\":\"EntryPoint\",\"urlTemplate\":\"https:\/\/hgh.ca\/foundation\/?s={search_term_string}\"},\"query-input\":\"required name=search_term_string\"}],\"inLanguage\":\"fr-FR\"}]}<\/script>\n<!-- \/ Yoast SEO plugin. -->","yoast_head_json":{"title":"Politique de confidentialit\u00e9 - HGH Foundation","description":"Politique de confidentialit\u00e9 et engagement envers nos donateurs","robots":{"index":"index","follow":"follow","max-snippet":"max-snippet:-1","max-image-preview":"max-image-preview:large","max-video-preview":"max-video-preview:-1"},"canonical":"https:\/\/hgh.ca\/foundation\/fr\/a-notre-sujet\/politique-de-confidentialite\/","og_locale":"fr_FR","og_type":"article","og_title":"Politique de confidentialit\u00e9 - HGH Foundation","og_description":"Politique de confidentialit\u00e9 et engagement envers nos donateurs","og_url":"https:\/\/hgh.ca\/foundation\/fr\/a-notre-sujet\/politique-de-confidentialite\/","og_site_name":"HGH Foundation","article_modified_time":"2023-08-28T15:25:33+00:00","twitter_card":"summary_large_image","twitter_misc":{"Dur\u00e9e de lecture estim\u00e9e":"5 minutes"},"schema":{"@context":"https:\/\/schema.org","@graph":[{"@type":"WebPage","@id":"https:\/\/hgh.ca\/foundation\/fr\/a-notre-sujet\/politique-de-confidentialite\/","url":"https:\/\/hgh.ca\/foundation\/fr\/a-notre-sujet\/politique-de-confidentialite\/","name":"Politique de confidentialit\u00e9 - HGH Foundation","isPartOf":{"@id":"https:\/\/hgh.ca\/foundation\/#website"},"datePublished":"2015-06-01T15:30:25+00:00","dateModified":"2023-08-28T15:25:33+00:00","description":"Politique de confidentialit\u00e9 et engagement envers nos donateurs","breadcrumb":{"@id":"https:\/\/hgh.ca\/foundation\/fr\/a-notre-sujet\/politique-de-confidentialite\/#breadcrumb"},"inLanguage":"fr-FR","potentialAction":[{"@type":"ReadAction","target":["https:\/\/hgh.ca\/foundation\/fr\/a-notre-sujet\/politique-de-confidentialite\/"]}]},{"@type":"BreadcrumbList","@id":"https:\/\/hgh.ca\/foundation\/fr\/a-notre-sujet\/politique-de-confidentialite\/#breadcrumb","itemListElement":[{"@type":"ListItem","position":1,"name":"Home","item":"https:\/\/hgh.ca\/foundation\/fr\/"},{"@type":"ListItem","position":2,"name":"\u00c0 notre sujet","item":"https:\/\/hgh.ca\/foundation\/fr\/a-notre-sujet\/"},{"@type":"ListItem","position":3,"name":"Politique de confidentialit\u00e9"}]},{"@type":"WebSite","@id":"https:\/\/hgh.ca\/foundation\/#website","url":"https:\/\/hgh.ca\/foundation\/","name":"HGH Foundation","description":"The Foundation raises funds for the Hawkesbury General Hospital","potentialAction":[{"@type":"SearchAction","target":{"@type":"EntryPoint","urlTemplate":"https:\/\/hgh.ca\/foundation\/?s={search_term_string}"},"query-input":"required name=search_term_string"}],"inLanguage":"fr-FR"}]}},"_links":{"self":[{"href":"https:\/\/hgh.ca\/foundation\/fr\/wp-json\/wp\/v2\/pages\/64\/"}],"collection":[{"href":"https:\/\/hgh.ca\/foundation\/fr\/wp-json\/wp\/v2\/pages\/"}],"about":[{"href":"https:\/\/hgh.ca\/foundation\/fr\/wp-json\/wp\/v2\/types\/page\/"}],"author":[{"embeddable":true,"href":"https:\/\/hgh.ca\/foundation\/fr\/wp-json\/wp\/v2\/users\/1\/"}],"replies":[{"embeddable":true,"href":"https:\/\/hgh.ca\/foundation\/fr\/wp-json\/wp\/v2\/comments\/?post=64"}],"version-history":[{"count":5,"href":"https:\/\/hgh.ca\/foundation\/fr\/wp-json\/wp\/v2\/pages\/64\/revisions\/"}],"predecessor-version":[{"id":5515,"href":"https:\/\/hgh.ca\/foundation\/fr\/wp-json\/wp\/v2\/pages\/64\/revisions\/5515\/"}],"up":[{"embeddable":true,"href":"https:\/\/hgh.ca\/foundation\/fr\/wp-json\/wp\/v2\/pages\/21\/"}],"wp:attachment":[{"href":"https:\/\/hgh.ca\/foundation\/fr\/wp-json\/wp\/v2\/media\/?parent=64"}],"curies":[{"name":"wp","href":"https:\/\/api.w.org\/{rel}","templated":true}]}}