{"id":6784,"date":"2026-03-20T11:56:10","date_gmt":"2026-03-20T15:56:10","guid":{"rendered":"https:\/\/hgh.ca\/foundation\/?page_id=6784"},"modified":"2026-03-20T11:56:10","modified_gmt":"2026-03-20T15:56:10","slug":"trouvez-las","status":"publish","type":"page","link":"https:\/\/hgh.ca\/foundation\/fr\/evenements\/trouvez-las\/","title":{"rendered":"Trouvez l&rsquo;As"},"content":{"rendered":"<h2>Qu\u2019est-ce que \u00ab Trouvez L\u2019As \u00bb\u00a0?<\/h2>\n<p>\u00ab Trouvez L\u2019As \u00bb est une loterie progressive de type tirage. Un gagnant est s\u00e9lectionn\u00e9 chaque dimanche \u00e0 15h15 \u00e0 Russell. La loterie commence avec 52 enveloppes, chacune contenant une carte provenant d\u2019un jeu de cartes. Il y a un gros lot hebdomadaire ainsi qu\u2019un gros lot final si l\u2019As de pique est trouv\u00e9 dans l\u2019une des 52 enveloppes.<\/p>\n<p><a href=\"http:\/\/hgh.ca\/foundation\/wp-content\/uploads\/sites\/2\/2026\/02\/22348-catch-the-ace-logo-logo-colour.png\"><img loading=\"lazy\" decoding=\"async\" class=\"alignnone wp-image-6764 size-large\" src=\"http:\/\/hgh.ca\/foundation\/wp-content\/uploads\/sites\/2\/2026\/02\/22348-catch-the-ace-logo-logo-colour-e1772220598724-700x232.png\" alt=\"\" width=\"700\" height=\"232\" srcset=\"https:\/\/hgh.ca\/foundation\/wp-content\/uploads\/sites\/2\/2026\/02\/22348-catch-the-ace-logo-logo-colour-e1772220598724-700x232.png 700w, https:\/\/hgh.ca\/foundation\/wp-content\/uploads\/sites\/2\/2026\/02\/22348-catch-the-ace-logo-logo-colour-e1772220598724-250x83.png 250w, https:\/\/hgh.ca\/foundation\/wp-content\/uploads\/sites\/2\/2026\/02\/22348-catch-the-ace-logo-logo-colour-e1772220598724-768x255.png 768w, https:\/\/hgh.ca\/foundation\/wp-content\/uploads\/sites\/2\/2026\/02\/22348-catch-the-ace-logo-logo-colour-e1772220598724-1536x509.png 1536w, https:\/\/hgh.ca\/foundation\/wp-content\/uploads\/sites\/2\/2026\/02\/22348-catch-the-ace-logo-logo-colour-e1772220598724-2048x679.png 2048w, https:\/\/hgh.ca\/foundation\/wp-content\/uploads\/sites\/2\/2026\/02\/22348-catch-the-ace-logo-logo-colour-e1772220598724-120x40.png 120w, https:\/\/hgh.ca\/foundation\/wp-content\/uploads\/sites\/2\/2026\/02\/22348-catch-the-ace-logo-logo-colour-e1772220598724-960x318.png 960w\" sizes=\"(max-width: 700px) 100vw, 700px\" \/><\/a><\/p>\n<h2><\/h2>\n<h2>Comment jouer ?<\/h2>\n<p>Chaque semaine, achetez votre billet de 10 $ et choisissez l\u2019enveloppe que vous souhaitez voir ouverte si votre nom est tir\u00e9 du baril de loteries. Assurez-vous \u00e9galement de s\u00e9lectionner<em> CHARITY #30<\/em> afin de soutenir la Fondation HGH. Vous pouvez acheter autant de billets que vous le souhaitez\u202f! Les gagnants sont annonc\u00e9s chaque dimanche jusqu\u2019\u00e0 ce que l\u2019As de pique soit trouv\u00e9.<\/p>\n<h2>Comment soutenir le Fondation HGH ?<\/h2>\n<p>L\u2019achat d\u2019un billet permet de soutenir la Fondation HGH.<\/p>\n<p class=\"highlight\">Assurez-vous de s\u00e9lectionner <strong>CHARITY #30 <\/strong>afin d\u2019avoir un impact maximal.<\/p>\n<p>Chaque achat nous aide \u00e0 offrir davantage de services et de soins, plus pr\u00e8s de chez vous.<\/p>\n<h2>O\u00f9 acheter des billets ?<\/h2>\n<p><a href=\"https:\/\/kinclubofrussell.ca\/catch-the-ace-tickets\/\">En ligne<\/a> ou directement \u00e0 notre bureau (par carte de cr\u00e9dit seulement).<\/p>\n<p>H\u00f4pital g\u00e9n\u00e9ral de Hawkesbury et district &#8211; pr\u00e8s du d\u00e9partement de Cardiologie.<\/p>\n<p>1111 rue Ghislain, Hawkesbury ON, K6A 3G5<\/p>\n<p class=\"highlight-blue\">Trouver les num\u00e9ros gagnants en <a href=\"https:\/\/kinclubofrussell.ca\/catch-the-ace\/draw-results\/\">cliquant ici,<\/a> chaque dimanche \u00e0 15h15.<\/p>\n<hr \/>\n<h3>Besoin d&rsquo;aide ?<\/h3>\n<p>Pour toute question li\u00e9e \u00e0 \u00ab Trouvez L\u2019As \u00bb, y compris des difficult\u00e9s lors de l\u2019achat d\u2019un billet, veuillez communiquer par courriel avec le Kin Club of Russell en incluant votre num\u00e9ro de t\u00e9l\u00e9phone \u00e0 l\u2019adresse suivante\u202f: <a href=\"mailto:russellkinhelpdesk@gmail.com\">russellkinhelpdesk@gmail.com<\/a>. Ils vous r\u00e9pondront rapidement.<\/p>\n<h3>Veuillez jouer de fa\u00e7on responsable.<\/h3>\n<p>Ligne d\u2019aide sur le jeu probl\u00e9matique en Ontario\u202f: 1\u2011866\u2011531\u20112600 \u2014 <a href=\"http:\/\/www.ConnexOntario.ca\">www.ConnexOntario.ca<\/a><br \/>\nLicence de loterie de la CAJO #\u202fRAF1460560<\/p>\n","protected":false},"excerpt":{"rendered":"Qu\u2019est-ce que \u00ab Trouvez L\u2019As \u00bb\u00a0? \u00ab Trouvez L\u2019As \u00bb est une loterie progressive de type tirage. Un gagnant est s\u00e9lectionn\u00e9 chaque dimanche \u00e0 15h15 \u00e0 Russell. La loterie commence avec 52 enveloppes, chacune contenant une carte provenant d\u2019un jeu de cartes. Il y a un gros lot hebdomadaire ainsi qu\u2019un gros lot final si&#8230; <a class=\"btn btn--primary\" href=\"https:\/\/hgh.ca\/foundation\/fr\/evenements\/trouvez-las\/\">View Article<\/a>","protected":false},"author":12,"featured_media":0,"parent":27,"menu_order":0,"comment_status":"closed","ping_status":"closed","template":"","meta":{"_acf_changed":false,"footnotes":""},"class_list":["post-6784","page","type-page","status-publish","hentry"],"acf":[],"yoast_head":"<!-- This site is optimized with the Yoast SEO plugin v23.0 - https:\/\/yoast.com\/wordpress\/plugins\/seo\/ -->\n<title>Trouvez l&#039;As - HGH Foundation<\/title>\n<meta name=\"robots\" content=\"index, follow, max-snippet:-1, max-image-preview:large, max-video-preview:-1\" \/>\n<link rel=\"canonical\" href=\"https:\/\/hgh.ca\/foundation\/fr\/evenements\/trouvez-las\/\" \/>\n<meta property=\"og:locale\" content=\"fr_FR\" \/>\n<meta property=\"og:type\" content=\"article\" \/>\n<meta property=\"og:title\" content=\"Trouvez l&#039;As - HGH Foundation\" \/>\n<meta property=\"og:description\" content=\"Qu\u2019est-ce que \u00ab Trouvez L\u2019As \u00bb\u00a0? \u00ab Trouvez L\u2019As \u00bb est une loterie progressive de type tirage. Un gagnant est s\u00e9lectionn\u00e9 chaque dimanche \u00e0 15h15 \u00e0 Russell. La loterie commence avec 52 enveloppes, chacune contenant une carte provenant d\u2019un jeu de cartes. Il y a un gros lot hebdomadaire ainsi qu\u2019un gros lot final si... View Article\" \/>\n<meta property=\"og:url\" content=\"https:\/\/hgh.ca\/foundation\/fr\/evenements\/trouvez-las\/\" \/>\n<meta property=\"og:site_name\" content=\"HGH Foundation\" \/>\n<meta property=\"og:image\" content=\"http:\/\/hgh.ca\/foundation\/wp-content\/uploads\/sites\/2\/2026\/02\/22348-catch-the-ace-logo-logo-colour-e1772220598724-700x232.png\" \/>\n<meta name=\"twitter:card\" content=\"summary_large_image\" \/>\n<meta name=\"twitter:label1\" content=\"Dur\u00e9e de lecture estim\u00e9e\" \/>\n\t<meta name=\"twitter:data1\" content=\"2 minutes\" \/>\n<script type=\"application\/ld+json\" class=\"yoast-schema-graph\">{\"@context\":\"https:\/\/schema.org\",\"@graph\":[{\"@type\":\"WebPage\",\"@id\":\"https:\/\/hgh.ca\/foundation\/fr\/evenements\/trouvez-las\/\",\"url\":\"https:\/\/hgh.ca\/foundation\/fr\/evenements\/trouvez-las\/\",\"name\":\"Trouvez l'As - HGH Foundation\",\"isPartOf\":{\"@id\":\"https:\/\/hgh.ca\/foundation\/#website\"},\"primaryImageOfPage\":{\"@id\":\"https:\/\/hgh.ca\/foundation\/fr\/evenements\/trouvez-las\/#primaryimage\"},\"image\":{\"@id\":\"https:\/\/hgh.ca\/foundation\/fr\/evenements\/trouvez-las\/#primaryimage\"},\"thumbnailUrl\":\"http:\/\/hgh.ca\/foundation\/wp-content\/uploads\/sites\/2\/2026\/02\/22348-catch-the-ace-logo-logo-colour-e1772220598724-700x232.png\",\"datePublished\":\"2026-03-20T15:56:10+00:00\",\"dateModified\":\"2026-03-20T15:56:10+00:00\",\"breadcrumb\":{\"@id\":\"https:\/\/hgh.ca\/foundation\/fr\/evenements\/trouvez-las\/#breadcrumb\"},\"inLanguage\":\"fr-FR\",\"potentialAction\":[{\"@type\":\"ReadAction\",\"target\":[\"https:\/\/hgh.ca\/foundation\/fr\/evenements\/trouvez-las\/\"]}]},{\"@type\":\"ImageObject\",\"inLanguage\":\"fr-FR\",\"@id\":\"https:\/\/hgh.ca\/foundation\/fr\/evenements\/trouvez-las\/#primaryimage\",\"url\":\"http:\/\/hgh.ca\/foundation\/wp-content\/uploads\/sites\/2\/2026\/02\/22348-catch-the-ace-logo-logo-colour-e1772220598724-700x232.png\",\"contentUrl\":\"http:\/\/hgh.ca\/foundation\/wp-content\/uploads\/sites\/2\/2026\/02\/22348-catch-the-ace-logo-logo-colour-e1772220598724-700x232.png\"},{\"@type\":\"BreadcrumbList\",\"@id\":\"https:\/\/hgh.ca\/foundation\/fr\/evenements\/trouvez-las\/#breadcrumb\",\"itemListElement\":[{\"@type\":\"ListItem\",\"position\":1,\"name\":\"Home\",\"item\":\"https:\/\/hgh.ca\/foundation\/fr\/\"},{\"@type\":\"ListItem\",\"position\":2,\"name\":\"\u00c9v\u00e9nements\",\"item\":\"https:\/\/hgh.ca\/foundation\/fr\/evenements\/\"},{\"@type\":\"ListItem\",\"position\":3,\"name\":\"Trouvez l&#8217;As\"}]},{\"@type\":\"WebSite\",\"@id\":\"https:\/\/hgh.ca\/foundation\/#website\",\"url\":\"https:\/\/hgh.ca\/foundation\/\",\"name\":\"HGH Foundation\",\"description\":\"The Foundation raises funds for the Hawkesbury General Hospital\",\"potentialAction\":[{\"@type\":\"SearchAction\",\"target\":{\"@type\":\"EntryPoint\",\"urlTemplate\":\"https:\/\/hgh.ca\/foundation\/?s={search_term_string}\"},\"query-input\":\"required name=search_term_string\"}],\"inLanguage\":\"fr-FR\"}]}<\/script>\n<!-- \/ Yoast SEO plugin. -->","yoast_head_json":{"title":"Trouvez l'As - HGH Foundation","robots":{"index":"index","follow":"follow","max-snippet":"max-snippet:-1","max-image-preview":"max-image-preview:large","max-video-preview":"max-video-preview:-1"},"canonical":"https:\/\/hgh.ca\/foundation\/fr\/evenements\/trouvez-las\/","og_locale":"fr_FR","og_type":"article","og_title":"Trouvez l'As - HGH Foundation","og_description":"Qu\u2019est-ce que \u00ab Trouvez L\u2019As \u00bb\u00a0? \u00ab Trouvez L\u2019As \u00bb est une loterie progressive de type tirage. Un gagnant est s\u00e9lectionn\u00e9 chaque dimanche \u00e0 15h15 \u00e0 Russell. La loterie commence avec 52 enveloppes, chacune contenant une carte provenant d\u2019un jeu de cartes. Il y a un gros lot hebdomadaire ainsi qu\u2019un gros lot final si... View Article","og_url":"https:\/\/hgh.ca\/foundation\/fr\/evenements\/trouvez-las\/","og_site_name":"HGH Foundation","og_image":[{"url":"http:\/\/hgh.ca\/foundation\/wp-content\/uploads\/sites\/2\/2026\/02\/22348-catch-the-ace-logo-logo-colour-e1772220598724-700x232.png"}],"twitter_card":"summary_large_image","twitter_misc":{"Dur\u00e9e de lecture estim\u00e9e":"2 minutes"},"schema":{"@context":"https:\/\/schema.org","@graph":[{"@type":"WebPage","@id":"https:\/\/hgh.ca\/foundation\/fr\/evenements\/trouvez-las\/","url":"https:\/\/hgh.ca\/foundation\/fr\/evenements\/trouvez-las\/","name":"Trouvez l'As - HGH Foundation","isPartOf":{"@id":"https:\/\/hgh.ca\/foundation\/#website"},"primaryImageOfPage":{"@id":"https:\/\/hgh.ca\/foundation\/fr\/evenements\/trouvez-las\/#primaryimage"},"image":{"@id":"https:\/\/hgh.ca\/foundation\/fr\/evenements\/trouvez-las\/#primaryimage"},"thumbnailUrl":"http:\/\/hgh.ca\/foundation\/wp-content\/uploads\/sites\/2\/2026\/02\/22348-catch-the-ace-logo-logo-colour-e1772220598724-700x232.png","datePublished":"2026-03-20T15:56:10+00:00","dateModified":"2026-03-20T15:56:10+00:00","breadcrumb":{"@id":"https:\/\/hgh.ca\/foundation\/fr\/evenements\/trouvez-las\/#breadcrumb"},"inLanguage":"fr-FR","potentialAction":[{"@type":"ReadAction","target":["https:\/\/hgh.ca\/foundation\/fr\/evenements\/trouvez-las\/"]}]},{"@type":"ImageObject","inLanguage":"fr-FR","@id":"https:\/\/hgh.ca\/foundation\/fr\/evenements\/trouvez-las\/#primaryimage","url":"http:\/\/hgh.ca\/foundation\/wp-content\/uploads\/sites\/2\/2026\/02\/22348-catch-the-ace-logo-logo-colour-e1772220598724-700x232.png","contentUrl":"http:\/\/hgh.ca\/foundation\/wp-content\/uploads\/sites\/2\/2026\/02\/22348-catch-the-ace-logo-logo-colour-e1772220598724-700x232.png"},{"@type":"BreadcrumbList","@id":"https:\/\/hgh.ca\/foundation\/fr\/evenements\/trouvez-las\/#breadcrumb","itemListElement":[{"@type":"ListItem","position":1,"name":"Home","item":"https:\/\/hgh.ca\/foundation\/fr\/"},{"@type":"ListItem","position":2,"name":"\u00c9v\u00e9nements","item":"https:\/\/hgh.ca\/foundation\/fr\/evenements\/"},{"@type":"ListItem","position":3,"name":"Trouvez l&#8217;As"}]},{"@type":"WebSite","@id":"https:\/\/hgh.ca\/foundation\/#website","url":"https:\/\/hgh.ca\/foundation\/","name":"HGH Foundation","description":"The Foundation raises funds for the Hawkesbury General Hospital","potentialAction":[{"@type":"SearchAction","target":{"@type":"EntryPoint","urlTemplate":"https:\/\/hgh.ca\/foundation\/?s={search_term_string}"},"query-input":"required name=search_term_string"}],"inLanguage":"fr-FR"}]}},"_links":{"self":[{"href":"https:\/\/hgh.ca\/foundation\/fr\/wp-json\/wp\/v2\/pages\/6784\/"}],"collection":[{"href":"https:\/\/hgh.ca\/foundation\/fr\/wp-json\/wp\/v2\/pages\/"}],"about":[{"href":"https:\/\/hgh.ca\/foundation\/fr\/wp-json\/wp\/v2\/types\/page\/"}],"author":[{"embeddable":true,"href":"https:\/\/hgh.ca\/foundation\/fr\/wp-json\/wp\/v2\/users\/12\/"}],"replies":[{"embeddable":true,"href":"https:\/\/hgh.ca\/foundation\/fr\/wp-json\/wp\/v2\/comments\/?post=6784"}],"version-history":[{"count":4,"href":"https:\/\/hgh.ca\/foundation\/fr\/wp-json\/wp\/v2\/pages\/6784\/revisions\/"}],"predecessor-version":[{"id":6788,"href":"https:\/\/hgh.ca\/foundation\/fr\/wp-json\/wp\/v2\/pages\/6784\/revisions\/6788\/"}],"up":[{"embeddable":true,"href":"https:\/\/hgh.ca\/foundation\/fr\/wp-json\/wp\/v2\/pages\/27\/"}],"wp:attachment":[{"href":"https:\/\/hgh.ca\/foundation\/fr\/wp-json\/wp\/v2\/media\/?parent=6784"}],"curies":[{"name":"wp","href":"https:\/\/api.w.org\/{rel}","templated":true}]}}