{"id":6814,"date":"2026-03-06T11:38:18","date_gmt":"2026-03-06T16:38:18","guid":{"rendered":"https:\/\/hgh.ca\/foundation\/?page_id=6814"},"modified":"2026-03-06T11:38:18","modified_gmt":"2026-03-06T16:38:18","slug":"campagne-on-est-si-bien-chez-soi","status":"publish","type":"page","link":"https:\/\/hgh.ca\/foundation\/fr\/a-notre-sujet\/campagne-on-est-si-bien-chez-soi\/","title":{"rendered":"Campagne \u00ab\u202fOn est si bien chez soi\u202f\u00bb"},"content":{"rendered":"<p>En mars 2025, la Fondation de l\u2019H\u00f4pital g\u00e9n\u00e9ral de Hawkesbury et district (HGH) a tourn\u00e9 une page importante de son histoire avec la conclusion de sa campagne majeure \u00ab\u202fOn est si bien chez soi\u202f\u00bb.<\/p>\n<p>Lanc\u00e9e en 2020 afin de r\u00e9pondre aux besoins croissants en soins de sant\u00e9 dans notre communaut\u00e9, cette campagne allait bien au-del\u00e0 d\u2019une initiative de collecte de fonds. Elle s\u2019est impos\u00e9e comme un v\u00e9ritable mouvement de solidarit\u00e9, enracin\u00e9 dans la compassion et port\u00e9 par une conviction profonde\u202f: chacun m\u00e9rite de recevoir des soins de qualit\u00e9, pr\u00e8s de chez lui, particuli\u00e8rement lorsqu\u2019il traverse des moments difficiles sur le plan de la sant\u00e9.<\/p>\n<p>Gr\u00e2ce \u00e0 la g\u00e9n\u00e9rosit\u00e9 exceptionnelle de nos donateurs, partenaires et b\u00e9n\u00e9voles, la campagne a permis d\u2019amasser plus de 2,9\u202fmillions de dollars. Ces fonds ont contribu\u00e9 de fa\u00e7on directe et tangible \u00e0 l\u2019am\u00e9lioration de l\u2019acc\u00e8s aux soins sp\u00e9cialis\u00e9s \u00e0 l\u2019HGH, au b\u00e9n\u00e9fice de toute la population de la r\u00e9gion.<\/p>\n<h2>Mission accomplie gr\u00e2ce \u00e0 vous<\/h2>\n<p>Les fonds recueillis dans le cadre de la campagne <em>On est si bien chez soi<\/em> ont permis de financer l\u2019acquisition d\u2019\u00e9quipements m\u00e9dicaux essentiels et de soutenir l\u2019expansion de services cl\u00e9s, notamment\u202f:<\/p>\n<ul>\n<li>Services d\u2019orthop\u00e9die : 350\u202f000\u202f$<\/li>\n<li>Services d\u2019ophtalmologie : 700\u202f000\u202f$<\/li>\n<li>Mammographie avanc\u00e9e (3D) : 830\u202f000\u202f$<\/li>\n<li>Services d\u2019urologie (lithotripsie et cystoscopie) : 300\u202f000\u202f$<\/li>\n<li>Services d\u2019endoscopie : 400\u202f000\u202f$<\/li>\n<li>Appareil C-ARM (urologie et orthop\u00e9die) : 134\u202f000\u202f$<\/li>\n<\/ul>\n<p>Ces investissements concrets permettent aujourd\u2019hui \u00e0 un plus grand nombre de patients de recevoir des soins sp\u00e9cialis\u00e9s ici m\u00eame, \u00e0 Hawkesbury, r\u00e9duisant ainsi les d\u00e9placements vers les grands centres et am\u00e9liorant l\u2019exp\u00e9rience globale des patients et de leurs familles.<\/p>\n<hr \/>\n<h2>\u00c0 propos des \u00e9quipements financ\u00e9s<\/h2>\n<h3>Lithotripsie \u2013 traitement des calculs r\u00e9naux<\/h3>\n<p>L\u2019\u00e9quipement de lithotripsie permet de traiter les calculs r\u00e9naux de mani\u00e8re moins invasive, r\u00e9duisant la douleur, les risques de complications et la dur\u00e9e des hospitalisations. Gr\u00e2ce \u00e0 cet appareil, les patients peuvent d\u00e9sormais recevoir ce type de traitement \u00e0 l\u2019HGH, plus pr\u00e8s de la maison.<\/p>\n<h3>Appareil C-ARM \u2013 Chirurgie en urologie et en orthop\u00e9die<\/h3>\n<p>Le C-ARM est un appareil d\u2019imagerie mobile indispensable lors de nombreuses interventions chirurgicales. Il offre une imagerie en temps r\u00e9el d\u2019une grande pr\u00e9cision, contribuant \u00e0 accro\u00eetre la s\u00e9curit\u00e9, l\u2019efficacit\u00e9 et la qualit\u00e9 des r\u00e9sultats en urologie et en orthop\u00e9die.<\/p>\n<h3>\u00c9quipements en ophtalmologie<\/h3>\n<p>Les nouveaux \u00e9quipements en ophtalmologie permettent d\u2019am\u00e9liorer significativement les capacit\u00e9s de diagnostic et de traitement des maladies oculaires. Ils jouent un r\u00f4le essentiel dans la pr\u00e9servation de la vision et de la qualit\u00e9 de vie des patients de notre r\u00e9gion.<\/p>\n<h3>Mammographie 3D \u2013 D\u00e9tection pr\u00e9coce du cancer du sein<\/h3>\n<p>Le nouvel appareil de mammographie 3D am\u00e9liore la d\u00e9tection et le diagnostic pr\u00e9coce du cancer du sein. Il permet d\u2019identifier les anomalies plus t\u00f4t et avec une pr\u00e9cision accrue comparativement \u00e0 la mammographie traditionnelle. Cette technologie offre une imagerie plus d\u00e9taill\u00e9e du tissu mammaire, r\u00e9duisant le besoin de rappels et d\u2019examens suppl\u00e9mentaires, tout en am\u00e9liorant l\u2019exp\u00e9rience globale des patientes.<\/p>\n<hr \/>\n<p>Bien que cette campagne soit maintenant termin\u00e9e, l\u2019engagement de la Fondation HGH envers sa communaut\u00e9 demeure plus fort que jamais, afin que des soins de qualit\u00e9 continuent d\u2019\u00eatre accessibles, aujourd\u2019hui et pour les g\u00e9n\u00e9rations \u00e0 venir.<\/p>\n","protected":false},"excerpt":{"rendered":"En mars 2025, la Fondation de l\u2019H\u00f4pital g\u00e9n\u00e9ral de Hawkesbury et district (HGH) a tourn\u00e9 une page importante de son histoire avec la conclusion de sa campagne majeure \u00ab\u202fOn est si bien chez soi\u202f\u00bb. Lanc\u00e9e en 2020 afin de r\u00e9pondre aux besoins croissants en soins de sant\u00e9 dans notre communaut\u00e9, cette campagne allait bien au-del\u00e0&#8230; <a class=\"btn btn--primary\" href=\"https:\/\/hgh.ca\/foundation\/fr\/a-notre-sujet\/campagne-on-est-si-bien-chez-soi\/\">View Article<\/a>","protected":false},"author":12,"featured_media":0,"parent":21,"menu_order":0,"comment_status":"closed","ping_status":"closed","template":"","meta":{"_acf_changed":false,"footnotes":""},"class_list":["post-6814","page","type-page","status-publish","hentry"],"acf":[],"yoast_head":"<!-- This site is optimized with the Yoast SEO plugin v23.0 - https:\/\/yoast.com\/wordpress\/plugins\/seo\/ -->\n<title>Campagne \u00ab\u202fOn est si bien chez soi\u202f\u00bb - HGH Foundation<\/title>\n<meta name=\"robots\" content=\"index, follow, max-snippet:-1, max-image-preview:large, max-video-preview:-1\" \/>\n<link rel=\"canonical\" href=\"https:\/\/hgh.ca\/foundation\/fr\/a-notre-sujet\/campagne-on-est-si-bien-chez-soi\/\" \/>\n<meta property=\"og:locale\" content=\"fr_FR\" \/>\n<meta property=\"og:type\" content=\"article\" \/>\n<meta property=\"og:title\" content=\"Campagne \u00ab\u202fOn est si bien chez soi\u202f\u00bb - HGH Foundation\" \/>\n<meta property=\"og:description\" content=\"En mars 2025, la Fondation de l\u2019H\u00f4pital g\u00e9n\u00e9ral de Hawkesbury et district (HGH) a tourn\u00e9 une page importante de son histoire avec la conclusion de sa campagne majeure \u00ab\u202fOn est si bien chez soi\u202f\u00bb. Lanc\u00e9e en 2020 afin de r\u00e9pondre aux besoins croissants en soins de sant\u00e9 dans notre communaut\u00e9, cette campagne allait bien au-del\u00e0... View Article\" \/>\n<meta property=\"og:url\" content=\"https:\/\/hgh.ca\/foundation\/fr\/a-notre-sujet\/campagne-on-est-si-bien-chez-soi\/\" \/>\n<meta property=\"og:site_name\" content=\"HGH Foundation\" \/>\n<meta name=\"twitter:card\" content=\"summary_large_image\" \/>\n<meta name=\"twitter:label1\" content=\"Dur\u00e9e de lecture estim\u00e9e\" \/>\n\t<meta name=\"twitter:data1\" content=\"3 minutes\" \/>\n<script type=\"application\/ld+json\" class=\"yoast-schema-graph\">{\"@context\":\"https:\/\/schema.org\",\"@graph\":[{\"@type\":\"WebPage\",\"@id\":\"https:\/\/hgh.ca\/foundation\/fr\/a-notre-sujet\/campagne-on-est-si-bien-chez-soi\/\",\"url\":\"https:\/\/hgh.ca\/foundation\/fr\/a-notre-sujet\/campagne-on-est-si-bien-chez-soi\/\",\"name\":\"Campagne \u00ab\u202fOn est si bien chez soi\u202f\u00bb - HGH Foundation\",\"isPartOf\":{\"@id\":\"https:\/\/hgh.ca\/foundation\/#website\"},\"datePublished\":\"2026-03-06T16:38:18+00:00\",\"dateModified\":\"2026-03-06T16:38:18+00:00\",\"breadcrumb\":{\"@id\":\"https:\/\/hgh.ca\/foundation\/fr\/a-notre-sujet\/campagne-on-est-si-bien-chez-soi\/#breadcrumb\"},\"inLanguage\":\"fr-FR\",\"potentialAction\":[{\"@type\":\"ReadAction\",\"target\":[\"https:\/\/hgh.ca\/foundation\/fr\/a-notre-sujet\/campagne-on-est-si-bien-chez-soi\/\"]}]},{\"@type\":\"BreadcrumbList\",\"@id\":\"https:\/\/hgh.ca\/foundation\/fr\/a-notre-sujet\/campagne-on-est-si-bien-chez-soi\/#breadcrumb\",\"itemListElement\":[{\"@type\":\"ListItem\",\"position\":1,\"name\":\"Home\",\"item\":\"https:\/\/hgh.ca\/foundation\/fr\/\"},{\"@type\":\"ListItem\",\"position\":2,\"name\":\"\u00c0 notre sujet\",\"item\":\"https:\/\/hgh.ca\/foundation\/fr\/a-notre-sujet\/\"},{\"@type\":\"ListItem\",\"position\":3,\"name\":\"Campagne \u00ab\u202fOn est si bien chez soi\u202f\u00bb\"}]},{\"@type\":\"WebSite\",\"@id\":\"https:\/\/hgh.ca\/foundation\/#website\",\"url\":\"https:\/\/hgh.ca\/foundation\/\",\"name\":\"HGH Foundation\",\"description\":\"The Foundation raises funds for the Hawkesbury General Hospital\",\"potentialAction\":[{\"@type\":\"SearchAction\",\"target\":{\"@type\":\"EntryPoint\",\"urlTemplate\":\"https:\/\/hgh.ca\/foundation\/?s={search_term_string}\"},\"query-input\":\"required name=search_term_string\"}],\"inLanguage\":\"fr-FR\"}]}<\/script>\n<!-- \/ Yoast SEO plugin. -->","yoast_head_json":{"title":"Campagne \u00ab\u202fOn est si bien chez soi\u202f\u00bb - HGH Foundation","robots":{"index":"index","follow":"follow","max-snippet":"max-snippet:-1","max-image-preview":"max-image-preview:large","max-video-preview":"max-video-preview:-1"},"canonical":"https:\/\/hgh.ca\/foundation\/fr\/a-notre-sujet\/campagne-on-est-si-bien-chez-soi\/","og_locale":"fr_FR","og_type":"article","og_title":"Campagne \u00ab\u202fOn est si bien chez soi\u202f\u00bb - HGH Foundation","og_description":"En mars 2025, la Fondation de l\u2019H\u00f4pital g\u00e9n\u00e9ral de Hawkesbury et district (HGH) a tourn\u00e9 une page importante de son histoire avec la conclusion de sa campagne majeure \u00ab\u202fOn est si bien chez soi\u202f\u00bb. Lanc\u00e9e en 2020 afin de r\u00e9pondre aux besoins croissants en soins de sant\u00e9 dans notre communaut\u00e9, cette campagne allait bien au-del\u00e0... View Article","og_url":"https:\/\/hgh.ca\/foundation\/fr\/a-notre-sujet\/campagne-on-est-si-bien-chez-soi\/","og_site_name":"HGH Foundation","twitter_card":"summary_large_image","twitter_misc":{"Dur\u00e9e de lecture estim\u00e9e":"3 minutes"},"schema":{"@context":"https:\/\/schema.org","@graph":[{"@type":"WebPage","@id":"https:\/\/hgh.ca\/foundation\/fr\/a-notre-sujet\/campagne-on-est-si-bien-chez-soi\/","url":"https:\/\/hgh.ca\/foundation\/fr\/a-notre-sujet\/campagne-on-est-si-bien-chez-soi\/","name":"Campagne \u00ab\u202fOn est si bien chez soi\u202f\u00bb - HGH Foundation","isPartOf":{"@id":"https:\/\/hgh.ca\/foundation\/#website"},"datePublished":"2026-03-06T16:38:18+00:00","dateModified":"2026-03-06T16:38:18+00:00","breadcrumb":{"@id":"https:\/\/hgh.ca\/foundation\/fr\/a-notre-sujet\/campagne-on-est-si-bien-chez-soi\/#breadcrumb"},"inLanguage":"fr-FR","potentialAction":[{"@type":"ReadAction","target":["https:\/\/hgh.ca\/foundation\/fr\/a-notre-sujet\/campagne-on-est-si-bien-chez-soi\/"]}]},{"@type":"BreadcrumbList","@id":"https:\/\/hgh.ca\/foundation\/fr\/a-notre-sujet\/campagne-on-est-si-bien-chez-soi\/#breadcrumb","itemListElement":[{"@type":"ListItem","position":1,"name":"Home","item":"https:\/\/hgh.ca\/foundation\/fr\/"},{"@type":"ListItem","position":2,"name":"\u00c0 notre sujet","item":"https:\/\/hgh.ca\/foundation\/fr\/a-notre-sujet\/"},{"@type":"ListItem","position":3,"name":"Campagne \u00ab\u202fOn est si bien chez soi\u202f\u00bb"}]},{"@type":"WebSite","@id":"https:\/\/hgh.ca\/foundation\/#website","url":"https:\/\/hgh.ca\/foundation\/","name":"HGH Foundation","description":"The Foundation raises funds for the Hawkesbury General Hospital","potentialAction":[{"@type":"SearchAction","target":{"@type":"EntryPoint","urlTemplate":"https:\/\/hgh.ca\/foundation\/?s={search_term_string}"},"query-input":"required name=search_term_string"}],"inLanguage":"fr-FR"}]}},"_links":{"self":[{"href":"https:\/\/hgh.ca\/foundation\/fr\/wp-json\/wp\/v2\/pages\/6814\/"}],"collection":[{"href":"https:\/\/hgh.ca\/foundation\/fr\/wp-json\/wp\/v2\/pages\/"}],"about":[{"href":"https:\/\/hgh.ca\/foundation\/fr\/wp-json\/wp\/v2\/types\/page\/"}],"author":[{"embeddable":true,"href":"https:\/\/hgh.ca\/foundation\/fr\/wp-json\/wp\/v2\/users\/12\/"}],"replies":[{"embeddable":true,"href":"https:\/\/hgh.ca\/foundation\/fr\/wp-json\/wp\/v2\/comments\/?post=6814"}],"version-history":[{"count":2,"href":"https:\/\/hgh.ca\/foundation\/fr\/wp-json\/wp\/v2\/pages\/6814\/revisions\/"}],"predecessor-version":[{"id":6818,"href":"https:\/\/hgh.ca\/foundation\/fr\/wp-json\/wp\/v2\/pages\/6814\/revisions\/6818\/"}],"up":[{"embeddable":true,"href":"https:\/\/hgh.ca\/foundation\/fr\/wp-json\/wp\/v2\/pages\/21\/"}],"wp:attachment":[{"href":"https:\/\/hgh.ca\/foundation\/fr\/wp-json\/wp\/v2\/media\/?parent=6814"}],"curies":[{"name":"wp","href":"https:\/\/api.w.org\/{rel}","templated":true}]}}