{"id":881,"date":"2016-09-20T14:19:51","date_gmt":"2016-09-20T14:19:51","guid":{"rendered":"http:\/\/hgh.ca\/foundation\/fr\/?page_id=881"},"modified":"2023-08-24T15:03:06","modified_gmt":"2023-08-24T15:03:06","slug":"devenez-benevole","status":"publish","type":"page","link":"https:\/\/hgh.ca\/foundation\/fr\/devenez-benevole\/","title":{"rendered":"Devenez b\u00e9n\u00e9vole"},"content":{"rendered":"<p><a href=\"http:\/\/hgh.ca\/foundation\/wp-content\/uploads\/sites\/2\/2016\/09\/HGH-Fondation-Volunteers-at-work.jpg\"><img loading=\"lazy\" decoding=\"async\" class=\"alignnone wp-image-889 size-full\" src=\"http:\/\/hgh.ca\/foundation\/wp-content\/uploads\/sites\/2\/2016\/09\/HGH-Fondation-Volunteers-at-work.jpg\" alt=\"&quot; &quot;\" width=\"960\" height=\"240\" srcset=\"https:\/\/hgh.ca\/foundation\/wp-content\/uploads\/sites\/2\/2016\/09\/HGH-Fondation-Volunteers-at-work.jpg 960w, https:\/\/hgh.ca\/foundation\/wp-content\/uploads\/sites\/2\/2016\/09\/HGH-Fondation-Volunteers-at-work-250x63.jpg 250w, https:\/\/hgh.ca\/foundation\/wp-content\/uploads\/sites\/2\/2016\/09\/HGH-Fondation-Volunteers-at-work-768x192.jpg 768w, https:\/\/hgh.ca\/foundation\/wp-content\/uploads\/sites\/2\/2016\/09\/HGH-Fondation-Volunteers-at-work-700x175.jpg 700w, https:\/\/hgh.ca\/foundation\/wp-content\/uploads\/sites\/2\/2016\/09\/HGH-Fondation-Volunteers-at-work-120x30.jpg 120w\" sizes=\"(max-width: 960px) 100vw, 960px\" \/><\/a><\/p>\n<h2>Faire du b\u00e9n\u00e9volat avec la Fondation HGH<\/h2>\n<p>La Fondation de l\u2019H\u00f4pital g\u00e9n\u00e9ral de Hawkesbury et district (HGH) compte sur ses nombreux b\u00e9n\u00e9voles pour l\u2019aider \u00e0 r\u00e9aliser ses collecte de fonds dans la r\u00e9gion. Chaque fois que vous assistez \u00e0 un \u00e9v\u00e9nement ou une activit\u00e9 de la Fondation HGH, vous voyez un groupe d\u2019individus incroyablement d\u00e9vou\u00e9s \u00e0 la t\u00e2che. Ils donnent g\u00e9n\u00e9reusement de leur temps pour appuyer les collectes de fonds pour l\u2019achat d\u2019\u00e9quipement pour leur h\u00f4pital.<\/p>\n<p>Nos b\u00e9n\u00e9voles aident la Fondation HGH dans plusieurs domaines, y compris:<\/p>\n<ul>\n<li>Les \u00e9v\u00e9nements de la Fondation HGH comme le Tournoi de golf, la Soir\u00e9e Tapis Rouge, etc.<\/li>\n<li>Les \u00e9v\u00e9nements communautaires<\/li>\n<li>Le Bingo<\/li>\n<li>Les t\u00e2ches administratives<\/li>\n<li>Et beaucoup plus!<\/li>\n<\/ul>\n<h2>Inscrivez-vous comme b\u00e9n\u00e9vole<\/h2>\n<p>Si vous souhaitez faire partie de l\u2019\u00e9quipe et contribuer \u00e0 la Fondation HGH en tant que b\u00e9n\u00e9vole, veuillez vous inscrire \u00e0 l&rsquo;aide de notre <a href=\"https:\/\/www.jedonneenligne.org\/fondationhghfoundation\/frm_detail.php?FrmUID=7\" target=\"_blank\" rel=\"noopener noreferrer\">formulaire en ligne<\/a>.<\/p>\n<p>&nbsp;<\/p>\n<p><strong>\u00ab On vit de ce que l\u2019on obtient. On construit sa vie sur ce que l\u2019on donne. \u00bb <\/strong><\/p>\n<p>&#8211; Winston Churchill<\/p>\n","protected":false},"excerpt":{"rendered":"Faire du b\u00e9n\u00e9volat avec la Fondation HGH La Fondation de l\u2019H\u00f4pital g\u00e9n\u00e9ral de Hawkesbury et district (HGH) compte sur ses nombreux b\u00e9n\u00e9voles pour l\u2019aider \u00e0 r\u00e9aliser ses collecte de fonds dans la r\u00e9gion. Chaque fois que vous assistez \u00e0 un \u00e9v\u00e9nement ou une activit\u00e9 de la Fondation HGH, vous voyez un groupe d\u2019individus incroyablement d\u00e9vou\u00e9s&#8230; <a class=\"btn btn--primary\" href=\"https:\/\/hgh.ca\/foundation\/fr\/devenez-benevole\/\">View Article<\/a>","protected":false},"author":2,"featured_media":0,"parent":0,"menu_order":17,"comment_status":"closed","ping_status":"closed","template":"","meta":{"_acf_changed":false,"footnotes":""},"class_list":["post-881","page","type-page","status-publish","hentry"],"acf":[],"yoast_head":"<!-- This site is optimized with the Yoast SEO plugin v23.0 - https:\/\/yoast.com\/wordpress\/plugins\/seo\/ -->\n<title>Devenez b\u00e9n\u00e9vole - HGH Foundation<\/title>\n<meta name=\"robots\" content=\"index, follow, max-snippet:-1, max-image-preview:large, max-video-preview:-1\" \/>\n<link rel=\"canonical\" href=\"https:\/\/hgh.ca\/foundation\/fr\/devenez-benevole\/\" \/>\n<meta property=\"og:locale\" content=\"fr_FR\" \/>\n<meta property=\"og:type\" content=\"article\" \/>\n<meta property=\"og:title\" content=\"Devenez b\u00e9n\u00e9vole - HGH Foundation\" \/>\n<meta property=\"og:description\" content=\"Faire du b\u00e9n\u00e9volat avec la Fondation HGH La Fondation de l\u2019H\u00f4pital g\u00e9n\u00e9ral de Hawkesbury et district (HGH) compte sur ses nombreux b\u00e9n\u00e9voles pour l\u2019aider \u00e0 r\u00e9aliser ses collecte de fonds dans la r\u00e9gion. Chaque fois que vous assistez \u00e0 un \u00e9v\u00e9nement ou une activit\u00e9 de la Fondation HGH, vous voyez un groupe d\u2019individus incroyablement d\u00e9vou\u00e9s... View Article\" \/>\n<meta property=\"og:url\" content=\"https:\/\/hgh.ca\/foundation\/fr\/devenez-benevole\/\" \/>\n<meta property=\"og:site_name\" content=\"HGH Foundation\" \/>\n<meta property=\"article:modified_time\" content=\"2023-08-24T15:03:06+00:00\" \/>\n<meta property=\"og:image\" content=\"http:\/\/hgh.ca\/foundation\/wp-content\/uploads\/sites\/2\/2016\/09\/HGH-Fondation-Volunteers-at-work.jpg\" \/>\n<meta name=\"twitter:card\" content=\"summary_large_image\" \/>\n<meta name=\"twitter:label1\" content=\"Dur\u00e9e de lecture estim\u00e9e\" \/>\n\t<meta name=\"twitter:data1\" content=\"1 minute\" \/>\n<script type=\"application\/ld+json\" class=\"yoast-schema-graph\">{\"@context\":\"https:\/\/schema.org\",\"@graph\":[{\"@type\":\"WebPage\",\"@id\":\"https:\/\/hgh.ca\/foundation\/fr\/devenez-benevole\/\",\"url\":\"https:\/\/hgh.ca\/foundation\/fr\/devenez-benevole\/\",\"name\":\"Devenez b\u00e9n\u00e9vole - HGH Foundation\",\"isPartOf\":{\"@id\":\"https:\/\/hgh.ca\/foundation\/#website\"},\"primaryImageOfPage\":{\"@id\":\"https:\/\/hgh.ca\/foundation\/fr\/devenez-benevole\/#primaryimage\"},\"image\":{\"@id\":\"https:\/\/hgh.ca\/foundation\/fr\/devenez-benevole\/#primaryimage\"},\"thumbnailUrl\":\"http:\/\/hgh.ca\/foundation\/wp-content\/uploads\/sites\/2\/2016\/09\/HGH-Fondation-Volunteers-at-work.jpg\",\"datePublished\":\"2016-09-20T14:19:51+00:00\",\"dateModified\":\"2023-08-24T15:03:06+00:00\",\"breadcrumb\":{\"@id\":\"https:\/\/hgh.ca\/foundation\/fr\/devenez-benevole\/#breadcrumb\"},\"inLanguage\":\"fr-FR\",\"potentialAction\":[{\"@type\":\"ReadAction\",\"target\":[\"https:\/\/hgh.ca\/foundation\/fr\/devenez-benevole\/\"]}]},{\"@type\":\"ImageObject\",\"inLanguage\":\"fr-FR\",\"@id\":\"https:\/\/hgh.ca\/foundation\/fr\/devenez-benevole\/#primaryimage\",\"url\":\"http:\/\/hgh.ca\/foundation\/wp-content\/uploads\/sites\/2\/2016\/09\/HGH-Fondation-Volunteers-at-work.jpg\",\"contentUrl\":\"http:\/\/hgh.ca\/foundation\/wp-content\/uploads\/sites\/2\/2016\/09\/HGH-Fondation-Volunteers-at-work.jpg\"},{\"@type\":\"BreadcrumbList\",\"@id\":\"https:\/\/hgh.ca\/foundation\/fr\/devenez-benevole\/#breadcrumb\",\"itemListElement\":[{\"@type\":\"ListItem\",\"position\":1,\"name\":\"Home\",\"item\":\"https:\/\/hgh.ca\/foundation\/fr\/\"},{\"@type\":\"ListItem\",\"position\":2,\"name\":\"Devenez b\u00e9n\u00e9vole\"}]},{\"@type\":\"WebSite\",\"@id\":\"https:\/\/hgh.ca\/foundation\/#website\",\"url\":\"https:\/\/hgh.ca\/foundation\/\",\"name\":\"HGH Foundation\",\"description\":\"The Foundation raises funds for the Hawkesbury General Hospital\",\"potentialAction\":[{\"@type\":\"SearchAction\",\"target\":{\"@type\":\"EntryPoint\",\"urlTemplate\":\"https:\/\/hgh.ca\/foundation\/?s={search_term_string}\"},\"query-input\":\"required name=search_term_string\"}],\"inLanguage\":\"fr-FR\"}]}<\/script>\n<!-- \/ Yoast SEO plugin. -->","yoast_head_json":{"title":"Devenez b\u00e9n\u00e9vole - HGH Foundation","robots":{"index":"index","follow":"follow","max-snippet":"max-snippet:-1","max-image-preview":"max-image-preview:large","max-video-preview":"max-video-preview:-1"},"canonical":"https:\/\/hgh.ca\/foundation\/fr\/devenez-benevole\/","og_locale":"fr_FR","og_type":"article","og_title":"Devenez b\u00e9n\u00e9vole - HGH Foundation","og_description":"Faire du b\u00e9n\u00e9volat avec la Fondation HGH La Fondation de l\u2019H\u00f4pital g\u00e9n\u00e9ral de Hawkesbury et district (HGH) compte sur ses nombreux b\u00e9n\u00e9voles pour l\u2019aider \u00e0 r\u00e9aliser ses collecte de fonds dans la r\u00e9gion. Chaque fois que vous assistez \u00e0 un \u00e9v\u00e9nement ou une activit\u00e9 de la Fondation HGH, vous voyez un groupe d\u2019individus incroyablement d\u00e9vou\u00e9s... View Article","og_url":"https:\/\/hgh.ca\/foundation\/fr\/devenez-benevole\/","og_site_name":"HGH Foundation","article_modified_time":"2023-08-24T15:03:06+00:00","og_image":[{"url":"http:\/\/hgh.ca\/foundation\/wp-content\/uploads\/sites\/2\/2016\/09\/HGH-Fondation-Volunteers-at-work.jpg"}],"twitter_card":"summary_large_image","twitter_misc":{"Dur\u00e9e de lecture estim\u00e9e":"1 minute"},"schema":{"@context":"https:\/\/schema.org","@graph":[{"@type":"WebPage","@id":"https:\/\/hgh.ca\/foundation\/fr\/devenez-benevole\/","url":"https:\/\/hgh.ca\/foundation\/fr\/devenez-benevole\/","name":"Devenez b\u00e9n\u00e9vole - HGH Foundation","isPartOf":{"@id":"https:\/\/hgh.ca\/foundation\/#website"},"primaryImageOfPage":{"@id":"https:\/\/hgh.ca\/foundation\/fr\/devenez-benevole\/#primaryimage"},"image":{"@id":"https:\/\/hgh.ca\/foundation\/fr\/devenez-benevole\/#primaryimage"},"thumbnailUrl":"http:\/\/hgh.ca\/foundation\/wp-content\/uploads\/sites\/2\/2016\/09\/HGH-Fondation-Volunteers-at-work.jpg","datePublished":"2016-09-20T14:19:51+00:00","dateModified":"2023-08-24T15:03:06+00:00","breadcrumb":{"@id":"https:\/\/hgh.ca\/foundation\/fr\/devenez-benevole\/#breadcrumb"},"inLanguage":"fr-FR","potentialAction":[{"@type":"ReadAction","target":["https:\/\/hgh.ca\/foundation\/fr\/devenez-benevole\/"]}]},{"@type":"ImageObject","inLanguage":"fr-FR","@id":"https:\/\/hgh.ca\/foundation\/fr\/devenez-benevole\/#primaryimage","url":"http:\/\/hgh.ca\/foundation\/wp-content\/uploads\/sites\/2\/2016\/09\/HGH-Fondation-Volunteers-at-work.jpg","contentUrl":"http:\/\/hgh.ca\/foundation\/wp-content\/uploads\/sites\/2\/2016\/09\/HGH-Fondation-Volunteers-at-work.jpg"},{"@type":"BreadcrumbList","@id":"https:\/\/hgh.ca\/foundation\/fr\/devenez-benevole\/#breadcrumb","itemListElement":[{"@type":"ListItem","position":1,"name":"Home","item":"https:\/\/hgh.ca\/foundation\/fr\/"},{"@type":"ListItem","position":2,"name":"Devenez b\u00e9n\u00e9vole"}]},{"@type":"WebSite","@id":"https:\/\/hgh.ca\/foundation\/#website","url":"https:\/\/hgh.ca\/foundation\/","name":"HGH Foundation","description":"The Foundation raises funds for the Hawkesbury General Hospital","potentialAction":[{"@type":"SearchAction","target":{"@type":"EntryPoint","urlTemplate":"https:\/\/hgh.ca\/foundation\/?s={search_term_string}"},"query-input":"required name=search_term_string"}],"inLanguage":"fr-FR"}]}},"_links":{"self":[{"href":"https:\/\/hgh.ca\/foundation\/fr\/wp-json\/wp\/v2\/pages\/881\/"}],"collection":[{"href":"https:\/\/hgh.ca\/foundation\/fr\/wp-json\/wp\/v2\/pages\/"}],"about":[{"href":"https:\/\/hgh.ca\/foundation\/fr\/wp-json\/wp\/v2\/types\/page\/"}],"author":[{"embeddable":true,"href":"https:\/\/hgh.ca\/foundation\/fr\/wp-json\/wp\/v2\/users\/2\/"}],"replies":[{"embeddable":true,"href":"https:\/\/hgh.ca\/foundation\/fr\/wp-json\/wp\/v2\/comments\/?post=881"}],"version-history":[{"count":5,"href":"https:\/\/hgh.ca\/foundation\/fr\/wp-json\/wp\/v2\/pages\/881\/revisions\/"}],"predecessor-version":[{"id":5483,"href":"https:\/\/hgh.ca\/foundation\/fr\/wp-json\/wp\/v2\/pages\/881\/revisions\/5483\/"}],"wp:attachment":[{"href":"https:\/\/hgh.ca\/foundation\/fr\/wp-json\/wp\/v2\/media\/?parent=881"}],"curies":[{"name":"wp","href":"https:\/\/api.w.org\/{rel}","templated":true}]}}