{"id":10208,"date":"2024-08-07T16:17:25","date_gmt":"2024-08-07T20:17:25","guid":{"rendered":"https:\/\/hgh.ca\/?page_id=10208"},"modified":"2025-07-25T09:43:06","modified_gmt":"2025-07-25T13:43:06","slug":"pockethealth-pour-les-medecins","status":"publish","type":"page","link":"https:\/\/hgh.ca\/fr\/pockethealth-pour-les-medecins\/","title":{"rendered":"PocketHealth pour les m\u00e9decins"},"content":{"rendered":"<p><img loading=\"lazy\" decoding=\"async\" class=\"alignnone wp-image-10206 size-full\" src=\"https:\/\/hgh.ca\/wp-content\/uploads\/2024\/07\/online-imaging.jpg\" alt=\"une m\u00e9decin et une patiente discutent des r\u00e9sultats d'imagerie \" width=\"960\" height=\"400\" srcset=\"https:\/\/hgh.ca\/wp-content\/uploads\/2024\/07\/online-imaging.jpg 960w, https:\/\/hgh.ca\/wp-content\/uploads\/2024\/07\/online-imaging-250x104.jpg 250w, https:\/\/hgh.ca\/wp-content\/uploads\/2024\/07\/online-imaging-700x292.jpg 700w, https:\/\/hgh.ca\/wp-content\/uploads\/2024\/07\/online-imaging-768x320.jpg 768w, https:\/\/hgh.ca\/wp-content\/uploads\/2024\/07\/online-imaging-120x50.jpg 120w\" sizes=\"(max-width: 960px) 100vw, 960px\" \/><\/p>\n<h2>Acc\u00e9dez aux dossiers d&rsquo;imagerie de vos patients en quelques clics avec PocketHealth!<\/h2>\n<p class=\"lead\">L\u2019H\u00f4pital g\u00e9n\u00e9ral de Hawkesbury et district (HGH) collabore avec PocketHealth, une plateforme en ligne s\u00e9curis\u00e9e, afin de permettre \u00e0 notre communaut\u00e9 de professionnels r\u00e9f\u00e9rents d&rsquo;acc\u00e9der facilement aux dossiers d&rsquo;imagerie m\u00e9dicale de leurs patients.<\/p>\n<h3>Comment puis-je acc\u00e9der aux dossiers d&rsquo;imagerie de mes patients?<\/h3>\n<ul>\n<li>L\u2019HGH ou votre patient vous enverra une page d&rsquo;acc\u00e8s par courriel, fax ou copie papier (plut\u00f4t qu\u2019un CD). Cette page d&rsquo;acc\u00e8s\u00a0 est sp\u00e9cifique a\u0300 l&rsquo;imagerie de votre patient et contient les instructions sur la fa\u00e7on d&rsquo;acc\u00e9der a\u0300 son dossier.<\/li>\n<li>Les m\u00e9decins peuvent aussi demander une page d&rsquo;acc\u00e8s en faxant une requ\u00eate au Service d&rsquo;imagerie m\u00e9dicale.<\/li>\n<li>Sur n&rsquo;importe quel navigateur web, allez sur <a href=\"https:\/\/www.pockethealth.com\/fr\/\" target=\"_blank\" rel=\"noopener\">pockethealth.com\/view<\/a>.\n<ul>\n<li>Entrez ensuite la date de naissance du patient et le code de s\u00e9curit\u00e9 qui se trouve sur la page d&rsquo;acc\u00e8s.<\/li>\n<\/ul>\n<\/li>\n<li>Visualisez l&rsquo;imagerie de votre patient en toute s\u00e9curit\u00e9. De plus, la visionneuse d\u2019imagerie infonuagique de PocketHealth (eUnityTM) est de qualit\u00e9 diagnostique et conforme aux normes de Sante\u0301 Canada et de la FDA. Vous pouvez aussi t\u00e9l\u00e9charger les fichiers sans compression pour une utilisation hors ligne ou les importer dans votre PACS.<\/li>\n<\/ul>\n<h3>Comment puis-je demander une page d&rsquo;acc\u00e8s?<\/h3>\n<ul>\n<li>Veuillez faxer une requ\u00eate au Service d&rsquo;imagerie m\u00e9dicale au 613-636-6211.<\/li>\n<\/ul>\n<h3>Quels sont les avantages de PocketHealth pour les m\u00e9decins?<\/h3>\n<ul>\n<li>Un acc\u00e8s plus rapide aux dossiers d&rsquo;imagerie de vos patients facilite l\u2019\u00e9valuation et la planification avant le rendez-vous.<\/li>\n<li>Une r\u00e9duction des risques de rendez-vous report\u00e9s et de perte de temps en raison de CD perdus, corrompus ou re\u00e7us en retard.<\/li>\n<li>Une plateforme simple \u00e0 naviguer, sans logiciel ni compte a\u0300 configurer.<\/li>\n<li>Une plateforme web s\u00e9curis\u00e9e, conforme a\u0300 la loi HIPAA, avec un cryptage de niveau bancaire.<\/li>\n<li>Du soutien 24\/7 pour r\u00e9pondre a\u0300 vos questions.<\/li>\n<\/ul>\n<p>Pour en savoir davantage, visitez <a href=\"https:\/\/www.pockethealth.com\/providers\/\" target=\"_blank\" rel=\"noopener\">PocketHealth pour fournisseurs (anglais)<\/a>.<\/p>\n<h3>O\u00f9 puis-je obtenir plus d&rsquo;information ou du soutien?<\/h3>\n<ul>\n<li>Pour plus d\u2019information sur cette solution en ligne et les avantages qu\u2019elle vous offre, visitez <a href=\"https:\/\/www.pockethealth.com\/fr\/pockethealth-pour-prestataires\/\" target=\"_blank\" rel=\"noopener\">PocketHealth pour prestataires<\/a>.<\/li>\n<li>Pour du soutien, veuillez contacter le service d&rsquo;assistance de PocketHealth au <a href=\"tel:1-855-768-4455\">1-855-768-4455<\/a> ou par courriel \u00e0 <a href=\"mailto:providers@pocket.health\">providers@pocket.health<\/a>.<\/li>\n<\/ul>\n<p>&nbsp;<\/p>\n","protected":false},"excerpt":{"rendered":"Acc\u00e9dez aux dossiers d&rsquo;imagerie de vos patients en quelques clics avec PocketHealth! L\u2019H\u00f4pital g\u00e9n\u00e9ral de Hawkesbury et district (HGH) collabore avec PocketHealth, une plateforme en ligne s\u00e9curis\u00e9e, afin de permettre \u00e0 notre communaut\u00e9 de professionnels r\u00e9f\u00e9rents d&rsquo;acc\u00e9der facilement aux dossiers d&rsquo;imagerie m\u00e9dicale de leurs patients. Comment puis-je acc\u00e9der aux dossiers d&rsquo;imagerie de mes patients? L\u2019HGH&#8230; <a class=\"btn btn--primary\" href=\"https:\/\/hgh.ca\/fr\/pockethealth-pour-les-medecins\/\">Acc\u00e9der l&rsquo;article<\/a>","protected":false},"author":2,"featured_media":0,"parent":0,"menu_order":9,"comment_status":"closed","ping_status":"closed","template":"","meta":{"_acf_changed":false,"_exactmetrics_skip_tracking":false,"_exactmetrics_sitenote_active":false,"_exactmetrics_sitenote_note":"","_exactmetrics_sitenote_category":0,"footnotes":""},"class_list":["post-10208","page","type-page","status-publish","hentry"],"acf":[],"yoast_head":"<!-- This site is optimized with the Yoast SEO plugin v23.0 - https:\/\/yoast.com\/wordpress\/plugins\/seo\/ -->\n<title>PocketHealth pour les m\u00e9decins - H\u00f4pital g\u00e9n\u00e9ral de Hawkesbury<\/title>\n<meta name=\"robots\" content=\"index, follow, max-snippet:-1, max-image-preview:large, max-video-preview:-1\" \/>\n<link rel=\"canonical\" href=\"https:\/\/hgh.ca\/fr\/pockethealth-pour-les-medecins\/\" \/>\n<meta property=\"og:locale\" content=\"fr_FR\" \/>\n<meta property=\"og:type\" content=\"article\" \/>\n<meta property=\"og:title\" content=\"PocketHealth pour les m\u00e9decins - H\u00f4pital g\u00e9n\u00e9ral de Hawkesbury\" \/>\n<meta property=\"og:description\" content=\"Acc\u00e9dez aux dossiers d&rsquo;imagerie de vos patients en quelques clics avec PocketHealth! L\u2019H\u00f4pital g\u00e9n\u00e9ral de Hawkesbury et district (HGH) collabore avec PocketHealth, une plateforme en ligne s\u00e9curis\u00e9e, afin de permettre \u00e0 notre communaut\u00e9 de professionnels r\u00e9f\u00e9rents d&rsquo;acc\u00e9der facilement aux dossiers d&rsquo;imagerie m\u00e9dicale de leurs patients. Comment puis-je acc\u00e9der aux dossiers d&rsquo;imagerie de mes patients? L\u2019HGH... Acc\u00e9der l&#039;article\" \/>\n<meta property=\"og:url\" content=\"https:\/\/hgh.ca\/fr\/pockethealth-pour-les-medecins\/\" \/>\n<meta property=\"og:site_name\" content=\"H\u00f4pital g\u00e9n\u00e9ral de Hawkesbury\" \/>\n<meta property=\"article:modified_time\" content=\"2025-07-25T13:43:06+00:00\" \/>\n<meta property=\"og:image\" content=\"https:\/\/hgh.ca\/wp-content\/uploads\/2024\/07\/online-imaging.jpg\" \/>\n<meta name=\"twitter:card\" content=\"summary_large_image\" \/>\n<meta name=\"twitter:label1\" content=\"Dur\u00e9e de lecture estim\u00e9e\" \/>\n\t<meta name=\"twitter:data1\" content=\"2 minutes\" \/>\n<script type=\"application\/ld+json\" class=\"yoast-schema-graph\">{\"@context\":\"https:\/\/schema.org\",\"@graph\":[{\"@type\":\"WebPage\",\"@id\":\"https:\/\/hgh.ca\/fr\/pockethealth-pour-les-medecins\/\",\"url\":\"https:\/\/hgh.ca\/fr\/pockethealth-pour-les-medecins\/\",\"name\":\"PocketHealth pour les m\u00e9decins - H\u00f4pital g\u00e9n\u00e9ral de Hawkesbury\",\"isPartOf\":{\"@id\":\"https:\/\/hgh.ca\/#website\"},\"primaryImageOfPage\":{\"@id\":\"https:\/\/hgh.ca\/fr\/pockethealth-pour-les-medecins\/#primaryimage\"},\"image\":{\"@id\":\"https:\/\/hgh.ca\/fr\/pockethealth-pour-les-medecins\/#primaryimage\"},\"thumbnailUrl\":\"https:\/\/hgh.ca\/wp-content\/uploads\/2024\/07\/online-imaging.jpg\",\"datePublished\":\"2024-08-07T20:17:25+00:00\",\"dateModified\":\"2025-07-25T13:43:06+00:00\",\"breadcrumb\":{\"@id\":\"https:\/\/hgh.ca\/fr\/pockethealth-pour-les-medecins\/#breadcrumb\"},\"inLanguage\":\"fr-FR\",\"potentialAction\":[{\"@type\":\"ReadAction\",\"target\":[\"https:\/\/hgh.ca\/fr\/pockethealth-pour-les-medecins\/\"]}]},{\"@type\":\"ImageObject\",\"inLanguage\":\"fr-FR\",\"@id\":\"https:\/\/hgh.ca\/fr\/pockethealth-pour-les-medecins\/#primaryimage\",\"url\":\"https:\/\/hgh.ca\/wp-content\/uploads\/2024\/07\/online-imaging.jpg\",\"contentUrl\":\"https:\/\/hgh.ca\/wp-content\/uploads\/2024\/07\/online-imaging.jpg\"},{\"@type\":\"BreadcrumbList\",\"@id\":\"https:\/\/hgh.ca\/fr\/pockethealth-pour-les-medecins\/#breadcrumb\",\"itemListElement\":[{\"@type\":\"ListItem\",\"position\":1,\"name\":\"Home\",\"item\":\"https:\/\/hgh.ca\/fr\/\"},{\"@type\":\"ListItem\",\"position\":2,\"name\":\"PocketHealth pour les m\u00e9decins\"}]},{\"@type\":\"WebSite\",\"@id\":\"https:\/\/hgh.ca\/#website\",\"url\":\"https:\/\/hgh.ca\/\",\"name\":\"H\u00f4pital g\u00e9n\u00e9ral de Hawkesbury\",\"description\":\"Compassion, Innovation, Excellence\",\"potentialAction\":[{\"@type\":\"SearchAction\",\"target\":{\"@type\":\"EntryPoint\",\"urlTemplate\":\"https:\/\/hgh.ca\/?s={search_term_string}\"},\"query-input\":\"required name=search_term_string\"}],\"inLanguage\":\"fr-FR\"}]}<\/script>\n<!-- \/ Yoast SEO plugin. -->","yoast_head_json":{"title":"PocketHealth pour les m\u00e9decins - H\u00f4pital g\u00e9n\u00e9ral de Hawkesbury","robots":{"index":"index","follow":"follow","max-snippet":"max-snippet:-1","max-image-preview":"max-image-preview:large","max-video-preview":"max-video-preview:-1"},"canonical":"https:\/\/hgh.ca\/fr\/pockethealth-pour-les-medecins\/","og_locale":"fr_FR","og_type":"article","og_title":"PocketHealth pour les m\u00e9decins - H\u00f4pital g\u00e9n\u00e9ral de Hawkesbury","og_description":"Acc\u00e9dez aux dossiers d&rsquo;imagerie de vos patients en quelques clics avec PocketHealth! L\u2019H\u00f4pital g\u00e9n\u00e9ral de Hawkesbury et district (HGH) collabore avec PocketHealth, une plateforme en ligne s\u00e9curis\u00e9e, afin de permettre \u00e0 notre communaut\u00e9 de professionnels r\u00e9f\u00e9rents d&rsquo;acc\u00e9der facilement aux dossiers d&rsquo;imagerie m\u00e9dicale de leurs patients. Comment puis-je acc\u00e9der aux dossiers d&rsquo;imagerie de mes patients? L\u2019HGH... Acc\u00e9der l'article","og_url":"https:\/\/hgh.ca\/fr\/pockethealth-pour-les-medecins\/","og_site_name":"H\u00f4pital g\u00e9n\u00e9ral de Hawkesbury","article_modified_time":"2025-07-25T13:43:06+00:00","og_image":[{"url":"https:\/\/hgh.ca\/wp-content\/uploads\/2024\/07\/online-imaging.jpg"}],"twitter_card":"summary_large_image","twitter_misc":{"Dur\u00e9e de lecture estim\u00e9e":"2 minutes"},"schema":{"@context":"https:\/\/schema.org","@graph":[{"@type":"WebPage","@id":"https:\/\/hgh.ca\/fr\/pockethealth-pour-les-medecins\/","url":"https:\/\/hgh.ca\/fr\/pockethealth-pour-les-medecins\/","name":"PocketHealth pour les m\u00e9decins - H\u00f4pital g\u00e9n\u00e9ral de Hawkesbury","isPartOf":{"@id":"https:\/\/hgh.ca\/#website"},"primaryImageOfPage":{"@id":"https:\/\/hgh.ca\/fr\/pockethealth-pour-les-medecins\/#primaryimage"},"image":{"@id":"https:\/\/hgh.ca\/fr\/pockethealth-pour-les-medecins\/#primaryimage"},"thumbnailUrl":"https:\/\/hgh.ca\/wp-content\/uploads\/2024\/07\/online-imaging.jpg","datePublished":"2024-08-07T20:17:25+00:00","dateModified":"2025-07-25T13:43:06+00:00","breadcrumb":{"@id":"https:\/\/hgh.ca\/fr\/pockethealth-pour-les-medecins\/#breadcrumb"},"inLanguage":"fr-FR","potentialAction":[{"@type":"ReadAction","target":["https:\/\/hgh.ca\/fr\/pockethealth-pour-les-medecins\/"]}]},{"@type":"ImageObject","inLanguage":"fr-FR","@id":"https:\/\/hgh.ca\/fr\/pockethealth-pour-les-medecins\/#primaryimage","url":"https:\/\/hgh.ca\/wp-content\/uploads\/2024\/07\/online-imaging.jpg","contentUrl":"https:\/\/hgh.ca\/wp-content\/uploads\/2024\/07\/online-imaging.jpg"},{"@type":"BreadcrumbList","@id":"https:\/\/hgh.ca\/fr\/pockethealth-pour-les-medecins\/#breadcrumb","itemListElement":[{"@type":"ListItem","position":1,"name":"Home","item":"https:\/\/hgh.ca\/fr\/"},{"@type":"ListItem","position":2,"name":"PocketHealth pour les m\u00e9decins"}]},{"@type":"WebSite","@id":"https:\/\/hgh.ca\/#website","url":"https:\/\/hgh.ca\/","name":"H\u00f4pital g\u00e9n\u00e9ral de Hawkesbury","description":"Compassion, Innovation, Excellence","potentialAction":[{"@type":"SearchAction","target":{"@type":"EntryPoint","urlTemplate":"https:\/\/hgh.ca\/?s={search_term_string}"},"query-input":"required name=search_term_string"}],"inLanguage":"fr-FR"}]}},"_links":{"self":[{"href":"https:\/\/hgh.ca\/fr\/wp-json\/wp\/v2\/pages\/10208\/"}],"collection":[{"href":"https:\/\/hgh.ca\/fr\/wp-json\/wp\/v2\/pages\/"}],"about":[{"href":"https:\/\/hgh.ca\/fr\/wp-json\/wp\/v2\/types\/page\/"}],"author":[{"embeddable":true,"href":"https:\/\/hgh.ca\/fr\/wp-json\/wp\/v2\/users\/2\/"}],"replies":[{"embeddable":true,"href":"https:\/\/hgh.ca\/fr\/wp-json\/wp\/v2\/comments\/?post=10208"}],"version-history":[{"count":5,"href":"https:\/\/hgh.ca\/fr\/wp-json\/wp\/v2\/pages\/10208\/revisions\/"}],"predecessor-version":[{"id":11971,"href":"https:\/\/hgh.ca\/fr\/wp-json\/wp\/v2\/pages\/10208\/revisions\/11971\/"}],"wp:attachment":[{"href":"https:\/\/hgh.ca\/fr\/wp-json\/wp\/v2\/media\/?parent=10208"}],"curies":[{"name":"wp","href":"https:\/\/api.w.org\/{rel}","templated":true}]}}