{"id":10290,"date":"2024-08-09T11:19:35","date_gmt":"2024-08-09T15:19:35","guid":{"rendered":"https:\/\/hgh.ca\/?page_id=10290"},"modified":"2024-08-09T11:22:14","modified_gmt":"2024-08-09T15:22:14","slug":"pockethealth-pour-les-patients","status":"publish","type":"page","link":"https:\/\/hgh.ca\/fr\/pockethealth-pour-les-patients\/","title":{"rendered":"PocketHealth pour les patients"},"content":{"rendered":"<p><img loading=\"lazy\" decoding=\"async\" class=\"alignnone wp-image-10225 size-full\" src=\"https:\/\/hgh.ca\/wp-content\/uploads\/2024\/07\/imaging-patients.png\" alt=\"patient looking at imaging on his phone\" width=\"960\" height=\"400\" srcset=\"https:\/\/hgh.ca\/wp-content\/uploads\/2024\/07\/imaging-patients.png 960w, https:\/\/hgh.ca\/wp-content\/uploads\/2024\/07\/imaging-patients-250x104.png 250w, https:\/\/hgh.ca\/wp-content\/uploads\/2024\/07\/imaging-patients-700x292.png 700w, https:\/\/hgh.ca\/wp-content\/uploads\/2024\/07\/imaging-patients-768x320.png 768w, https:\/\/hgh.ca\/wp-content\/uploads\/2024\/07\/imaging-patients-120x50.png 120w\" sizes=\"(max-width: 960px) 100vw, 960px\" \/><\/p>\n<h2>Acc\u00e9dez \u00e0 votre dossier d&rsquo;imagerie en quelques clics avec PocketHealth!<\/h2>\n<h3>Qu&rsquo;est-ce que PocketHealth?<\/h3>\n<p>PocketHealth est une plateforme en ligne s\u00e9curis\u00e9e qui vous permet d&rsquo;acc\u00e9der \u00e0 votre dossier d&rsquo;imagerie m\u00e9dicale et de le partager facilement avec votre \u00e9quipe de soins.<\/p>\n<h3>Quels sont les avantages de PocketHealth pour les patients?<\/h3>\n<ul>\n<li>Acc\u00e8s simple et rapide \u00e0 vos images et rapports d&rsquo;imagerie m\u00e9dicale, sur tous vos appareils<\/li>\n<li>Partage de votre dossier d&rsquo;imagerie avec votre m\u00e9decin de famille, vos sp\u00e9cialistes et autres membres de votre \u00e9quipe de soins<\/li>\n<li>Meilleure compr\u00e9hension de vos diagnostics<\/li>\n<\/ul>\n<h3>Comment fonctionne PocketHealth?<\/h3>\n<ol>\n<li>Pour avoir acc\u00e8s au dossier d&rsquo;imagerie m\u00e9dicale que vous avez \u00e0 l&rsquo;HGH, allez \u00e0 <a href=\"https:\/\/www.pocket.health\/fr-CA\/hgh\" target=\"_blank\" rel=\"noopener\">PocketHealth.com\/hgh<\/a>.\u00a0 \u00a0 Si vous n&rsquo;avez pas de compte PocketHealth, on vous demandera d&rsquo;en cr\u00e9er un.\n<ul>\n<li>Vous aurez besoin d&rsquo;une adresse courriel et de votre num\u00e9ro de carte Sant\u00e9 ou de votre Num\u00e9ro de dossier m\u00e9dical (NDM).<\/li>\n<li>PocketHealth offre diff\u00e9rents forfaits, incluant un plan de base gratuit. Pour le d\u00e9tail des plans et les prix, visitez <a href=\"https:\/\/www.pockethealth.com\/fr\/patients\/tarification\/#full-comparison\" target=\"_blank\" rel=\"noopener\">PocketHealth\/patients\/tarification<\/a>.<\/li>\n<\/ul>\n<\/li>\n<li>Acc\u00e9dez \u00e0 votre dossier d&rsquo;imagerie, n&rsquo;importe quand, de n&rsquo;importe o\u00f9 et sur n&rsquo;importe quel appareil : t\u00e9l\u00e9phone, tablette ou ordinateur.<\/li>\n<li>Partagez votre dossier d&rsquo;imagerie avec votre \u00e9quipe de soins, selon vos besoins. Vous n&rsquo;aurez plus \u00e0 envoyer des documents par fax ou \u00e0 vous d\u00e9placer pour obtenir ou apporter des CD.<\/li>\n<\/ol>\n<h3>O\u00f9 puis-je obtenir plus d&rsquo;information ou du soutien?<\/h3>\n<ul>\n<li>Pour en savoir davantage sur cette solution en ligne, visitez <a href=\"https:\/\/www.pockethealth.com\/fr\/patients\/\" target=\"_blank\" rel=\"noopener\">PocketHealth pour patients<\/a>.<\/li>\n<li>Vous pouvez aussi contacter le service d&rsquo;assistance de PocketHealth au <a href=\"tel:1-888-409-4790\">1-855-768-4455<\/a> ou par courriel \u00e0 <a href=\"mailto:help@pocket.health\">providers@pocket.health<\/a>.<\/li>\n<\/ul>\n<p>&nbsp;<\/p>\n","protected":false},"excerpt":{"rendered":"Acc\u00e9dez \u00e0 votre dossier d&rsquo;imagerie en quelques clics avec PocketHealth! Qu&rsquo;est-ce que PocketHealth? PocketHealth est une plateforme en ligne s\u00e9curis\u00e9e qui vous permet d&rsquo;acc\u00e9der \u00e0 votre dossier d&rsquo;imagerie m\u00e9dicale et de le partager facilement avec votre \u00e9quipe de soins. Quels sont les avantages de PocketHealth pour les patients? Acc\u00e8s simple et rapide \u00e0 vos images&#8230; <a class=\"btn btn--primary\" href=\"https:\/\/hgh.ca\/fr\/pockethealth-pour-les-patients\/\">Acc\u00e9der l&rsquo;article<\/a>","protected":false},"author":2,"featured_media":0,"parent":0,"menu_order":10,"comment_status":"closed","ping_status":"closed","template":"","meta":{"_acf_changed":false,"_exactmetrics_skip_tracking":false,"_exactmetrics_sitenote_active":false,"_exactmetrics_sitenote_note":"","_exactmetrics_sitenote_category":0,"footnotes":""},"class_list":["post-10290","page","type-page","status-publish","hentry"],"acf":[],"yoast_head":"<!-- This site is optimized with the Yoast SEO plugin v23.0 - https:\/\/yoast.com\/wordpress\/plugins\/seo\/ -->\n<title>PocketHealth pour les patients - H\u00f4pital g\u00e9n\u00e9ral de Hawkesbury<\/title>\n<meta name=\"robots\" content=\"index, follow, max-snippet:-1, max-image-preview:large, max-video-preview:-1\" \/>\n<link rel=\"canonical\" href=\"https:\/\/hgh.ca\/fr\/pockethealth-pour-les-patients\/\" \/>\n<meta property=\"og:locale\" content=\"fr_FR\" \/>\n<meta property=\"og:type\" content=\"article\" \/>\n<meta property=\"og:title\" content=\"PocketHealth pour les patients - H\u00f4pital g\u00e9n\u00e9ral de Hawkesbury\" \/>\n<meta property=\"og:description\" content=\"Acc\u00e9dez \u00e0 votre dossier d&rsquo;imagerie en quelques clics avec PocketHealth! Qu&rsquo;est-ce que PocketHealth? PocketHealth est une plateforme en ligne s\u00e9curis\u00e9e qui vous permet d&rsquo;acc\u00e9der \u00e0 votre dossier d&rsquo;imagerie m\u00e9dicale et de le partager facilement avec votre \u00e9quipe de soins. Quels sont les avantages de PocketHealth pour les patients? Acc\u00e8s simple et rapide \u00e0 vos images... Acc\u00e9der l&#039;article\" \/>\n<meta property=\"og:url\" content=\"https:\/\/hgh.ca\/fr\/pockethealth-pour-les-patients\/\" \/>\n<meta property=\"og:site_name\" content=\"H\u00f4pital g\u00e9n\u00e9ral de Hawkesbury\" \/>\n<meta property=\"article:modified_time\" content=\"2024-08-09T15:22:14+00:00\" \/>\n<meta property=\"og:image\" content=\"https:\/\/hgh.ca\/wp-content\/uploads\/2024\/07\/imaging-patients.png\" \/>\n<meta name=\"twitter:card\" content=\"summary_large_image\" \/>\n<meta name=\"twitter:label1\" content=\"Dur\u00e9e de lecture estim\u00e9e\" \/>\n\t<meta name=\"twitter:data1\" content=\"2 minutes\" \/>\n<script type=\"application\/ld+json\" class=\"yoast-schema-graph\">{\"@context\":\"https:\/\/schema.org\",\"@graph\":[{\"@type\":\"WebPage\",\"@id\":\"https:\/\/hgh.ca\/fr\/pockethealth-pour-les-patients\/\",\"url\":\"https:\/\/hgh.ca\/fr\/pockethealth-pour-les-patients\/\",\"name\":\"PocketHealth pour les patients - H\u00f4pital g\u00e9n\u00e9ral de Hawkesbury\",\"isPartOf\":{\"@id\":\"https:\/\/hgh.ca\/#website\"},\"primaryImageOfPage\":{\"@id\":\"https:\/\/hgh.ca\/fr\/pockethealth-pour-les-patients\/#primaryimage\"},\"image\":{\"@id\":\"https:\/\/hgh.ca\/fr\/pockethealth-pour-les-patients\/#primaryimage\"},\"thumbnailUrl\":\"https:\/\/hgh.ca\/wp-content\/uploads\/2024\/07\/imaging-patients.png\",\"datePublished\":\"2024-08-09T15:19:35+00:00\",\"dateModified\":\"2024-08-09T15:22:14+00:00\",\"breadcrumb\":{\"@id\":\"https:\/\/hgh.ca\/fr\/pockethealth-pour-les-patients\/#breadcrumb\"},\"inLanguage\":\"fr-FR\",\"potentialAction\":[{\"@type\":\"ReadAction\",\"target\":[\"https:\/\/hgh.ca\/fr\/pockethealth-pour-les-patients\/\"]}]},{\"@type\":\"ImageObject\",\"inLanguage\":\"fr-FR\",\"@id\":\"https:\/\/hgh.ca\/fr\/pockethealth-pour-les-patients\/#primaryimage\",\"url\":\"https:\/\/hgh.ca\/wp-content\/uploads\/2024\/07\/imaging-patients.png\",\"contentUrl\":\"https:\/\/hgh.ca\/wp-content\/uploads\/2024\/07\/imaging-patients.png\"},{\"@type\":\"BreadcrumbList\",\"@id\":\"https:\/\/hgh.ca\/fr\/pockethealth-pour-les-patients\/#breadcrumb\",\"itemListElement\":[{\"@type\":\"ListItem\",\"position\":1,\"name\":\"Home\",\"item\":\"https:\/\/hgh.ca\/fr\/\"},{\"@type\":\"ListItem\",\"position\":2,\"name\":\"PocketHealth pour les patients\"}]},{\"@type\":\"WebSite\",\"@id\":\"https:\/\/hgh.ca\/#website\",\"url\":\"https:\/\/hgh.ca\/\",\"name\":\"H\u00f4pital g\u00e9n\u00e9ral de Hawkesbury\",\"description\":\"Compassion, Innovation, Excellence\",\"potentialAction\":[{\"@type\":\"SearchAction\",\"target\":{\"@type\":\"EntryPoint\",\"urlTemplate\":\"https:\/\/hgh.ca\/?s={search_term_string}\"},\"query-input\":\"required name=search_term_string\"}],\"inLanguage\":\"fr-FR\"}]}<\/script>\n<!-- \/ Yoast SEO plugin. -->","yoast_head_json":{"title":"PocketHealth pour les patients - H\u00f4pital g\u00e9n\u00e9ral de Hawkesbury","robots":{"index":"index","follow":"follow","max-snippet":"max-snippet:-1","max-image-preview":"max-image-preview:large","max-video-preview":"max-video-preview:-1"},"canonical":"https:\/\/hgh.ca\/fr\/pockethealth-pour-les-patients\/","og_locale":"fr_FR","og_type":"article","og_title":"PocketHealth pour les patients - H\u00f4pital g\u00e9n\u00e9ral de Hawkesbury","og_description":"Acc\u00e9dez \u00e0 votre dossier d&rsquo;imagerie en quelques clics avec PocketHealth! Qu&rsquo;est-ce que PocketHealth? PocketHealth est une plateforme en ligne s\u00e9curis\u00e9e qui vous permet d&rsquo;acc\u00e9der \u00e0 votre dossier d&rsquo;imagerie m\u00e9dicale et de le partager facilement avec votre \u00e9quipe de soins. Quels sont les avantages de PocketHealth pour les patients? Acc\u00e8s simple et rapide \u00e0 vos images... Acc\u00e9der l'article","og_url":"https:\/\/hgh.ca\/fr\/pockethealth-pour-les-patients\/","og_site_name":"H\u00f4pital g\u00e9n\u00e9ral de Hawkesbury","article_modified_time":"2024-08-09T15:22:14+00:00","og_image":[{"url":"https:\/\/hgh.ca\/wp-content\/uploads\/2024\/07\/imaging-patients.png"}],"twitter_card":"summary_large_image","twitter_misc":{"Dur\u00e9e de lecture estim\u00e9e":"2 minutes"},"schema":{"@context":"https:\/\/schema.org","@graph":[{"@type":"WebPage","@id":"https:\/\/hgh.ca\/fr\/pockethealth-pour-les-patients\/","url":"https:\/\/hgh.ca\/fr\/pockethealth-pour-les-patients\/","name":"PocketHealth pour les patients - H\u00f4pital g\u00e9n\u00e9ral de Hawkesbury","isPartOf":{"@id":"https:\/\/hgh.ca\/#website"},"primaryImageOfPage":{"@id":"https:\/\/hgh.ca\/fr\/pockethealth-pour-les-patients\/#primaryimage"},"image":{"@id":"https:\/\/hgh.ca\/fr\/pockethealth-pour-les-patients\/#primaryimage"},"thumbnailUrl":"https:\/\/hgh.ca\/wp-content\/uploads\/2024\/07\/imaging-patients.png","datePublished":"2024-08-09T15:19:35+00:00","dateModified":"2024-08-09T15:22:14+00:00","breadcrumb":{"@id":"https:\/\/hgh.ca\/fr\/pockethealth-pour-les-patients\/#breadcrumb"},"inLanguage":"fr-FR","potentialAction":[{"@type":"ReadAction","target":["https:\/\/hgh.ca\/fr\/pockethealth-pour-les-patients\/"]}]},{"@type":"ImageObject","inLanguage":"fr-FR","@id":"https:\/\/hgh.ca\/fr\/pockethealth-pour-les-patients\/#primaryimage","url":"https:\/\/hgh.ca\/wp-content\/uploads\/2024\/07\/imaging-patients.png","contentUrl":"https:\/\/hgh.ca\/wp-content\/uploads\/2024\/07\/imaging-patients.png"},{"@type":"BreadcrumbList","@id":"https:\/\/hgh.ca\/fr\/pockethealth-pour-les-patients\/#breadcrumb","itemListElement":[{"@type":"ListItem","position":1,"name":"Home","item":"https:\/\/hgh.ca\/fr\/"},{"@type":"ListItem","position":2,"name":"PocketHealth pour les patients"}]},{"@type":"WebSite","@id":"https:\/\/hgh.ca\/#website","url":"https:\/\/hgh.ca\/","name":"H\u00f4pital g\u00e9n\u00e9ral de Hawkesbury","description":"Compassion, Innovation, Excellence","potentialAction":[{"@type":"SearchAction","target":{"@type":"EntryPoint","urlTemplate":"https:\/\/hgh.ca\/?s={search_term_string}"},"query-input":"required name=search_term_string"}],"inLanguage":"fr-FR"}]}},"_links":{"self":[{"href":"https:\/\/hgh.ca\/fr\/wp-json\/wp\/v2\/pages\/10290\/"}],"collection":[{"href":"https:\/\/hgh.ca\/fr\/wp-json\/wp\/v2\/pages\/"}],"about":[{"href":"https:\/\/hgh.ca\/fr\/wp-json\/wp\/v2\/types\/page\/"}],"author":[{"embeddable":true,"href":"https:\/\/hgh.ca\/fr\/wp-json\/wp\/v2\/users\/2\/"}],"replies":[{"embeddable":true,"href":"https:\/\/hgh.ca\/fr\/wp-json\/wp\/v2\/comments\/?post=10290"}],"version-history":[{"count":5,"href":"https:\/\/hgh.ca\/fr\/wp-json\/wp\/v2\/pages\/10290\/revisions\/"}],"predecessor-version":[{"id":10298,"href":"https:\/\/hgh.ca\/fr\/wp-json\/wp\/v2\/pages\/10290\/revisions\/10298\/"}],"wp:attachment":[{"href":"https:\/\/hgh.ca\/fr\/wp-json\/wp\/v2\/media\/?parent=10290"}],"curies":[{"name":"wp","href":"https:\/\/api.w.org\/{rel}","templated":true}]}}