{"id":1067,"date":"2025-03-19T15:59:49","date_gmt":"2025-03-19T19:59:49","guid":{"rendered":"https:\/\/hgh.ca\/?page_id=1067"},"modified":"2025-03-24T08:40:53","modified_gmt":"2025-03-24T12:40:53","slug":"plan-strategique","status":"publish","type":"page","link":"https:\/\/hgh.ca\/fr\/a-notre-sujet\/plan-strategique\/","title":{"rendered":"Plan strat\u00e9gique"},"content":{"rendered":"<h2><img loading=\"lazy\" decoding=\"async\" class=\"alignnone wp-image-10514 size-full\" src=\"https:\/\/hgh.ca\/wp-content\/uploads\/2025\/03\/web-pagecouverture.png\" alt=\"Collaborer et innover pour une meilleure sant\u00e9\" width=\"1888\" height=\"1056\" srcset=\"https:\/\/hgh.ca\/wp-content\/uploads\/2025\/03\/web-pagecouverture.png 1888w, https:\/\/hgh.ca\/wp-content\/uploads\/2025\/03\/web-pagecouverture-250x140.png 250w, https:\/\/hgh.ca\/wp-content\/uploads\/2025\/03\/web-pagecouverture-700x392.png 700w, https:\/\/hgh.ca\/wp-content\/uploads\/2025\/03\/web-pagecouverture-768x430.png 768w, https:\/\/hgh.ca\/wp-content\/uploads\/2025\/03\/web-pagecouverture-1536x859.png 1536w, https:\/\/hgh.ca\/wp-content\/uploads\/2025\/03\/web-pagecouverture-120x67.png 120w, https:\/\/hgh.ca\/wp-content\/uploads\/2025\/03\/web-pagecouverture-960x537.png 960w\" sizes=\"(max-width: 1888px) 100vw, 1888px\" \/><\/h2>\n<h2>Plan strat\u00e9gique 2025-2029<\/h2>\n<p><strong>COLLABORER ET INNOVER POUR UNE MEILLEURE SANT\u00c9<\/strong><\/p>\n<p>Le plan strat\u00e9gique\u00a02025-2029 de l\u2019HGH marque le d\u00e9but d\u2019une transformation ambitieuse pour notre organisation et notre communaut\u00e9, alors que nous r\u00e9imaginons les soins de sant\u00e9. Ce plan est bien plus qu\u2019une simple feuille de route de croissance\u00a0: il repr\u00e9sente notre engagement \u00e0 prendre des d\u00e9cisions strat\u00e9giques et \u00e9clair\u00e9es visant \u00e0 am\u00e9liorer l\u2019acc\u00e8s \u00e0 des soins de sant\u00e9 de qualit\u00e9, adapt\u00e9s aux besoins sp\u00e9cifiques de notre r\u00e9gion. Cette strat\u00e9gie vise \u00e0 coordonner les efforts de l\u2019HGH et de ses partenaires pour r\u00e9pondre aux besoins uniques et \u00e9volutifs de notre r\u00e9gion.<\/p>\n<p>Notre plan a \u00e9t\u00e9 \u00e9labor\u00e9 avec soin, en tenant compte de l\u2019identit\u00e9 de notre r\u00e9gion, de notre riche patrimoine alors que nous c\u00e9l\u00e9brons 40\u00a0ans de service \u00e0 l\u2019HGH, et les grandes tendances qui fa\u00e7onneront l\u2019avenir des soins de sant\u00e9. En tant qu\u2019h\u00f4pital qui reconna\u00eet son h\u00e9ritage franco-ontarien tout en offrant des services bilingues exceptionnels, nous nous concentrons sur des priorit\u00e9s essentielles\u00a0:<\/p>\n<ul>\n<li>Harmoniser les services de sant\u00e9, communautaires et sociaux avec les besoins sp\u00e9cifiques de nos populations et de notre r\u00e9gion.<\/li>\n<li>R\u00e9pondre aux demandes croissantes d\u2019une population vieillissante dont les besoins en mati\u00e8re de soins sont de plus en plus complexes.<\/li>\n<li>Surmonter les difficult\u00e9s d\u2019acc\u00e8s aux soins pour les communaut\u00e9s rurales et \u00e9loign\u00e9es.<\/li>\n<\/ul>\n<ul>\n<li>Int\u00e9grer l\u2019intelligence artificielle et d\u2019autres innovations afin d\u2019am\u00e9liorer l\u2019efficacit\u00e9 des soins dans l\u2019ensemble de notre syst\u00e8me de sant\u00e9.<\/li>\n<\/ul>\n<p>Au c\u0153ur de cette strat\u00e9gie se trouve une conviction profonde\u00a0: l\u2019HGH doit \u00eatre un leader et exploiter ses relations pour am\u00e9liorer la sant\u00e9 globale de notre r\u00e9gion. L\u2019avenir des soins de sant\u00e9 repose sur le renforcement des partenariats avec les fournisseurs et les intervenants de la communaut\u00e9, en tissant un r\u00e9seau d\u2019int\u00e9r\u00eat et de responsabilit\u00e9s partag\u00e9s en mati\u00e8re de soins et de bien-\u00eatre des patients. Ensemble, nous avons la capacit\u00e9 de b\u00e2tir un syst\u00e8me de sant\u00e9 int\u00e9gr\u00e9, centr\u00e9 sur le patient, qui deviendra une r\u00e9f\u00e9rence pour tous les Canadiens.<\/p>\n<p>Pour r\u00e9pondre aux besoins d\u2019une population diversifi\u00e9e et vieillissante, nous misons sur un leadership exemplaire, des partenariats communautaires engag\u00e9s, la g\u00e9n\u00e9rosit\u00e9 de nos donateurs, les contributions inestimables de nos b\u00e9n\u00e9voles et l\u2019engagement in\u00e9branlable de l\u2019\u00e9quipe de l\u2019HGH \u00e0 offrir des soins de qualit\u00e9, accessibles et empreints d\u2019humanit\u00e9. Ensemble, gr\u00e2ce \u00e0 une collaboration soutenue, nous b\u00e2tirons un syst\u00e8me de soins de sant\u00e9 qui d\u00e9passera la somme de ses parties, permettant \u00e0 nos patients de recevoir des soins en toute confiance et avec facilit\u00e9.<\/p>\n<p>Nous reconnaissons que ce cheminement comportera des d\u00e9fis, mais nous y voyons une occasion stimulante d\u2019exercer un leadership \u00e9clair\u00e9 et d\u2019innover. Cette strat\u00e9gie entra\u00eenera des changements significatifs, consolidant la r\u00e9putation de l\u2019HGH comme partenaire de confiance. Nous renforcerons nos liens avec la communaut\u00e9 et \u00e9largirons la port\u00e9e de nos soins au-del\u00e0 des murs de l\u2019HGH.<\/p>\n<p>Ensemble, gr\u00e2ce \u00e0 une collaboration soutenue, nous b\u00e2tirons un syst\u00e8me de soins de sant\u00e9 qui d\u00e9passera la somme de ses parties, permettant \u00e0 nos patients de recevoir des soins en toute confiance et avec facilit\u00e9.<\/p>\n<h4>Pour en savoir davantage, consultez le ici : <a href=\"https:\/\/prezi.com\/view\/WgrSgqYEnGDZ4ENBxZS6\/\">https:\/\/prezi.com\/PlanStrategique25_29\/<\/a><\/h4>\n<p>&nbsp;<\/p>\n","protected":false},"excerpt":{"rendered":"Plan strat\u00e9gique 2025-2029 COLLABORER ET INNOVER POUR UNE MEILLEURE SANT\u00c9 Le plan strat\u00e9gique\u00a02025-2029 de l\u2019HGH marque le d\u00e9but d\u2019une transformation ambitieuse pour notre organisation et notre communaut\u00e9, alors que nous r\u00e9imaginons les soins de sant\u00e9. Ce plan est bien plus qu\u2019une simple feuille de route de croissance\u00a0: il repr\u00e9sente notre engagement \u00e0 prendre des d\u00e9cisions&#8230; <a class=\"btn btn--primary\" href=\"https:\/\/hgh.ca\/fr\/a-notre-sujet\/plan-strategique\/\">Acc\u00e9der l&rsquo;article<\/a>","protected":false},"author":2,"featured_media":0,"parent":116,"menu_order":4,"comment_status":"open","ping_status":"open","template":"","meta":{"_acf_changed":false,"_exactmetrics_skip_tracking":false,"_exactmetrics_sitenote_active":false,"_exactmetrics_sitenote_note":"","_exactmetrics_sitenote_category":0,"footnotes":""},"class_list":["post-1067","page","type-page","status-publish","hentry"],"acf":[],"yoast_head":"<!-- This site is optimized with the Yoast SEO plugin v23.0 - https:\/\/yoast.com\/wordpress\/plugins\/seo\/ -->\n<title>Plan strat\u00e9gique - H\u00f4pital g\u00e9n\u00e9ral de Hawkesbury<\/title>\n<meta name=\"robots\" content=\"index, follow, max-snippet:-1, max-image-preview:large, max-video-preview:-1\" \/>\n<link rel=\"canonical\" href=\"https:\/\/hgh.ca\/fr\/a-notre-sujet\/plan-strategique\/\" \/>\n<meta property=\"og:locale\" content=\"fr_FR\" \/>\n<meta property=\"og:type\" content=\"article\" \/>\n<meta property=\"og:title\" content=\"Plan strat\u00e9gique - H\u00f4pital g\u00e9n\u00e9ral de Hawkesbury\" \/>\n<meta property=\"og:description\" content=\"Plan strat\u00e9gique 2025-2029 COLLABORER ET INNOVER POUR UNE MEILLEURE SANT\u00c9 Le plan strat\u00e9gique\u00a02025-2029 de l\u2019HGH marque le d\u00e9but d\u2019une transformation ambitieuse pour notre organisation et notre communaut\u00e9, alors que nous r\u00e9imaginons les soins de sant\u00e9. Ce plan est bien plus qu\u2019une simple feuille de route de croissance\u00a0: il repr\u00e9sente notre engagement \u00e0 prendre des d\u00e9cisions... Acc\u00e9der l&#039;article\" \/>\n<meta property=\"og:url\" content=\"https:\/\/hgh.ca\/fr\/a-notre-sujet\/plan-strategique\/\" \/>\n<meta property=\"og:site_name\" content=\"H\u00f4pital g\u00e9n\u00e9ral de Hawkesbury\" \/>\n<meta property=\"article:modified_time\" content=\"2025-03-24T12:40:53+00:00\" \/>\n<meta property=\"og:image\" content=\"https:\/\/hgh.ca\/wp-content\/uploads\/2025\/03\/web-pagecouverture.png\" \/>\n<meta name=\"twitter:card\" content=\"summary_large_image\" \/>\n<meta name=\"twitter:label1\" content=\"Dur\u00e9e de lecture estim\u00e9e\" \/>\n\t<meta name=\"twitter:data1\" content=\"3 minutes\" \/>\n<script type=\"application\/ld+json\" class=\"yoast-schema-graph\">{\"@context\":\"https:\/\/schema.org\",\"@graph\":[{\"@type\":\"WebPage\",\"@id\":\"https:\/\/hgh.ca\/fr\/a-notre-sujet\/plan-strategique\/\",\"url\":\"https:\/\/hgh.ca\/fr\/a-notre-sujet\/plan-strategique\/\",\"name\":\"Plan strat\u00e9gique - H\u00f4pital g\u00e9n\u00e9ral de Hawkesbury\",\"isPartOf\":{\"@id\":\"https:\/\/hgh.ca\/#website\"},\"primaryImageOfPage\":{\"@id\":\"https:\/\/hgh.ca\/fr\/a-notre-sujet\/plan-strategique\/#primaryimage\"},\"image\":{\"@id\":\"https:\/\/hgh.ca\/fr\/a-notre-sujet\/plan-strategique\/#primaryimage\"},\"thumbnailUrl\":\"https:\/\/hgh.ca\/wp-content\/uploads\/2025\/03\/web-pagecouverture.png\",\"datePublished\":\"2025-03-19T19:59:49+00:00\",\"dateModified\":\"2025-03-24T12:40:53+00:00\",\"breadcrumb\":{\"@id\":\"https:\/\/hgh.ca\/fr\/a-notre-sujet\/plan-strategique\/#breadcrumb\"},\"inLanguage\":\"fr-FR\",\"potentialAction\":[{\"@type\":\"ReadAction\",\"target\":[\"https:\/\/hgh.ca\/fr\/a-notre-sujet\/plan-strategique\/\"]}]},{\"@type\":\"ImageObject\",\"inLanguage\":\"fr-FR\",\"@id\":\"https:\/\/hgh.ca\/fr\/a-notre-sujet\/plan-strategique\/#primaryimage\",\"url\":\"https:\/\/hgh.ca\/wp-content\/uploads\/2025\/03\/web-pagecouverture.png\",\"contentUrl\":\"https:\/\/hgh.ca\/wp-content\/uploads\/2025\/03\/web-pagecouverture.png\"},{\"@type\":\"BreadcrumbList\",\"@id\":\"https:\/\/hgh.ca\/fr\/a-notre-sujet\/plan-strategique\/#breadcrumb\",\"itemListElement\":[{\"@type\":\"ListItem\",\"position\":1,\"name\":\"Home\",\"item\":\"https:\/\/hgh.ca\/fr\/\"},{\"@type\":\"ListItem\",\"position\":2,\"name\":\"\u00c0 notre sujet\",\"item\":\"https:\/\/hgh.ca\/fr\/a-notre-sujet\/\"},{\"@type\":\"ListItem\",\"position\":3,\"name\":\"Plan strat\u00e9gique\"}]},{\"@type\":\"WebSite\",\"@id\":\"https:\/\/hgh.ca\/#website\",\"url\":\"https:\/\/hgh.ca\/\",\"name\":\"H\u00f4pital g\u00e9n\u00e9ral de Hawkesbury\",\"description\":\"Compassion, Innovation, Excellence\",\"potentialAction\":[{\"@type\":\"SearchAction\",\"target\":{\"@type\":\"EntryPoint\",\"urlTemplate\":\"https:\/\/hgh.ca\/?s={search_term_string}\"},\"query-input\":\"required name=search_term_string\"}],\"inLanguage\":\"fr-FR\"}]}<\/script>\n<!-- \/ Yoast SEO plugin. -->","yoast_head_json":{"title":"Plan strat\u00e9gique - H\u00f4pital g\u00e9n\u00e9ral de Hawkesbury","robots":{"index":"index","follow":"follow","max-snippet":"max-snippet:-1","max-image-preview":"max-image-preview:large","max-video-preview":"max-video-preview:-1"},"canonical":"https:\/\/hgh.ca\/fr\/a-notre-sujet\/plan-strategique\/","og_locale":"fr_FR","og_type":"article","og_title":"Plan strat\u00e9gique - H\u00f4pital g\u00e9n\u00e9ral de Hawkesbury","og_description":"Plan strat\u00e9gique 2025-2029 COLLABORER ET INNOVER POUR UNE MEILLEURE SANT\u00c9 Le plan strat\u00e9gique\u00a02025-2029 de l\u2019HGH marque le d\u00e9but d\u2019une transformation ambitieuse pour notre organisation et notre communaut\u00e9, alors que nous r\u00e9imaginons les soins de sant\u00e9. Ce plan est bien plus qu\u2019une simple feuille de route de croissance\u00a0: il repr\u00e9sente notre engagement \u00e0 prendre des d\u00e9cisions... Acc\u00e9der l'article","og_url":"https:\/\/hgh.ca\/fr\/a-notre-sujet\/plan-strategique\/","og_site_name":"H\u00f4pital g\u00e9n\u00e9ral de Hawkesbury","article_modified_time":"2025-03-24T12:40:53+00:00","og_image":[{"url":"https:\/\/hgh.ca\/wp-content\/uploads\/2025\/03\/web-pagecouverture.png"}],"twitter_card":"summary_large_image","twitter_misc":{"Dur\u00e9e de lecture estim\u00e9e":"3 minutes"},"schema":{"@context":"https:\/\/schema.org","@graph":[{"@type":"WebPage","@id":"https:\/\/hgh.ca\/fr\/a-notre-sujet\/plan-strategique\/","url":"https:\/\/hgh.ca\/fr\/a-notre-sujet\/plan-strategique\/","name":"Plan strat\u00e9gique - H\u00f4pital g\u00e9n\u00e9ral de Hawkesbury","isPartOf":{"@id":"https:\/\/hgh.ca\/#website"},"primaryImageOfPage":{"@id":"https:\/\/hgh.ca\/fr\/a-notre-sujet\/plan-strategique\/#primaryimage"},"image":{"@id":"https:\/\/hgh.ca\/fr\/a-notre-sujet\/plan-strategique\/#primaryimage"},"thumbnailUrl":"https:\/\/hgh.ca\/wp-content\/uploads\/2025\/03\/web-pagecouverture.png","datePublished":"2025-03-19T19:59:49+00:00","dateModified":"2025-03-24T12:40:53+00:00","breadcrumb":{"@id":"https:\/\/hgh.ca\/fr\/a-notre-sujet\/plan-strategique\/#breadcrumb"},"inLanguage":"fr-FR","potentialAction":[{"@type":"ReadAction","target":["https:\/\/hgh.ca\/fr\/a-notre-sujet\/plan-strategique\/"]}]},{"@type":"ImageObject","inLanguage":"fr-FR","@id":"https:\/\/hgh.ca\/fr\/a-notre-sujet\/plan-strategique\/#primaryimage","url":"https:\/\/hgh.ca\/wp-content\/uploads\/2025\/03\/web-pagecouverture.png","contentUrl":"https:\/\/hgh.ca\/wp-content\/uploads\/2025\/03\/web-pagecouverture.png"},{"@type":"BreadcrumbList","@id":"https:\/\/hgh.ca\/fr\/a-notre-sujet\/plan-strategique\/#breadcrumb","itemListElement":[{"@type":"ListItem","position":1,"name":"Home","item":"https:\/\/hgh.ca\/fr\/"},{"@type":"ListItem","position":2,"name":"\u00c0 notre sujet","item":"https:\/\/hgh.ca\/fr\/a-notre-sujet\/"},{"@type":"ListItem","position":3,"name":"Plan strat\u00e9gique"}]},{"@type":"WebSite","@id":"https:\/\/hgh.ca\/#website","url":"https:\/\/hgh.ca\/","name":"H\u00f4pital g\u00e9n\u00e9ral de Hawkesbury","description":"Compassion, Innovation, Excellence","potentialAction":[{"@type":"SearchAction","target":{"@type":"EntryPoint","urlTemplate":"https:\/\/hgh.ca\/?s={search_term_string}"},"query-input":"required name=search_term_string"}],"inLanguage":"fr-FR"}]}},"_links":{"self":[{"href":"https:\/\/hgh.ca\/fr\/wp-json\/wp\/v2\/pages\/1067\/"}],"collection":[{"href":"https:\/\/hgh.ca\/fr\/wp-json\/wp\/v2\/pages\/"}],"about":[{"href":"https:\/\/hgh.ca\/fr\/wp-json\/wp\/v2\/types\/page\/"}],"author":[{"embeddable":true,"href":"https:\/\/hgh.ca\/fr\/wp-json\/wp\/v2\/users\/2\/"}],"replies":[{"embeddable":true,"href":"https:\/\/hgh.ca\/fr\/wp-json\/wp\/v2\/comments\/?post=1067"}],"version-history":[{"count":6,"href":"https:\/\/hgh.ca\/fr\/wp-json\/wp\/v2\/pages\/1067\/revisions\/"}],"predecessor-version":[{"id":10532,"href":"https:\/\/hgh.ca\/fr\/wp-json\/wp\/v2\/pages\/1067\/revisions\/10532\/"}],"up":[{"embeddable":true,"href":"https:\/\/hgh.ca\/fr\/wp-json\/wp\/v2\/pages\/116\/"}],"wp:attachment":[{"href":"https:\/\/hgh.ca\/fr\/wp-json\/wp\/v2\/media\/?parent=1067"}],"curies":[{"name":"wp","href":"https:\/\/api.w.org\/{rel}","templated":true}]}}