{"id":10913,"date":"2025-05-12T13:25:36","date_gmt":"2025-05-12T17:25:36","guid":{"rendered":"https:\/\/hgh.ca\/?page_id=10913"},"modified":"2025-07-16T08:25:18","modified_gmt":"2025-07-16T12:25:18","slug":"40e-anniversaire","status":"publish","type":"page","link":"https:\/\/hgh.ca\/fr\/a-notre-sujet\/40e-anniversaire\/","title":{"rendered":"40e anniversaire"},"content":{"rendered":"<p><img loading=\"lazy\" decoding=\"async\" class=\"wp-image-11040 alignright\" style=\"text-align: justify\" src=\"https:\/\/hgh.ca\/wp-content\/uploads\/2025\/05\/hgh-40ans-logo-final-avec-logo-hgh-01-1-250x104.png\" alt=\"\" width=\"274\" height=\"114\" srcset=\"https:\/\/hgh.ca\/wp-content\/uploads\/2025\/05\/hgh-40ans-logo-final-avec-logo-hgh-01-1-250x104.png 250w, https:\/\/hgh.ca\/wp-content\/uploads\/2025\/05\/hgh-40ans-logo-final-avec-logo-hgh-01-1-700x290.png 700w, https:\/\/hgh.ca\/wp-content\/uploads\/2025\/05\/hgh-40ans-logo-final-avec-logo-hgh-01-1-768x318.png 768w, https:\/\/hgh.ca\/wp-content\/uploads\/2025\/05\/hgh-40ans-logo-final-avec-logo-hgh-01-1-1536x637.png 1536w, https:\/\/hgh.ca\/wp-content\/uploads\/2025\/05\/hgh-40ans-logo-final-avec-logo-hgh-01-1-2048x849.png 2048w, https:\/\/hgh.ca\/wp-content\/uploads\/2025\/05\/hgh-40ans-logo-final-avec-logo-hgh-01-1-120x50.png 120w, https:\/\/hgh.ca\/wp-content\/uploads\/2025\/05\/hgh-40ans-logo-final-avec-logo-hgh-01-1-960x398.png 960w\" sizes=\"(max-width: 274px) 100vw, 274px\" \/><\/p>\n<p style=\"text-align: justify\">Depuis sa fondation il y a 40 ans, l&rsquo;H\u00f4pital g\u00e9n\u00e9ral de Hawkesbury et district a connu de nombreux changements et am\u00e9liorations. Gr\u00e2ce \u00e0 un investissement de<strong> 200 millions de dollars<\/strong> en infrastructure, \u00e9quipement m\u00e9dical et technologie\u00a0d\u2019information, notre h\u00f4pital communautaire local est devenu <a href=\"https:\/\/hgh.ca\/fr\/a-notre-sujet\/projet-de-reamenagement\/\">un h\u00f4pital r\u00e9gional \u00e0 service complet<\/a>.<\/p>\n<p style=\"text-align: justify\">La population de Prescott-Russell et des environs b\u00e9n\u00e9ficie d\u00e9sormais d\u2019un acc\u00e8s am\u00e9lior\u00e9 \u00e0 toute une gamme de soins de sant\u00e9 sp\u00e9cialis\u00e9s et ce, pr\u00e8s du domicile. <strong>Une chose est demeur\u00e9e constante au fil des ann\u00e9es : l&rsquo;engagement et le d\u00e9vouement de nos employ\u00e9s.<\/strong> Leur passion envers le bien-\u00eatre de nos patients est au c\u0153ur de notre mission. C&rsquo;est gr\u00e2ce \u00e0 eux que nous avons pu atteindre ces nombreux accomplissements et continuer \u00e0 offrir des soins exceptionnels.<\/p>\n<p>&nbsp;<\/p>\n<p>&nbsp;<\/p>\n<p><img loading=\"lazy\" decoding=\"async\" class=\"alignnone wp-image-10946 size-full\" src=\"https:\/\/hgh.ca\/wp-content\/uploads\/2025\/05\/40e-evenements-marquants-e1747070659208.png\" alt=\"\" width=\"2048\" height=\"7733\" srcset=\"https:\/\/hgh.ca\/wp-content\/uploads\/2025\/05\/40e-evenements-marquants-e1747070659208.png 2048w, https:\/\/hgh.ca\/wp-content\/uploads\/2025\/05\/40e-evenements-marquants-e1747070659208-250x944.png 250w, https:\/\/hgh.ca\/wp-content\/uploads\/2025\/05\/40e-evenements-marquants-e1747070659208-700x2643.png 700w, https:\/\/hgh.ca\/wp-content\/uploads\/2025\/05\/40e-evenements-marquants-e1747070659208-768x2900.png 768w, https:\/\/hgh.ca\/wp-content\/uploads\/2025\/05\/40e-evenements-marquants-e1747070659208-407x1536.png 407w, https:\/\/hgh.ca\/wp-content\/uploads\/2025\/05\/40e-evenements-marquants-e1747070659208-542x2048.png 542w, https:\/\/hgh.ca\/wp-content\/uploads\/2025\/05\/40e-evenements-marquants-e1747070659208-120x453.png 120w, https:\/\/hgh.ca\/wp-content\/uploads\/2025\/05\/40e-evenements-marquants-e1747070659208-960x3625.png 960w\" sizes=\"(max-width: 2048px) 100vw, 2048px\" \/><\/p>\n<p>En regardant vers l&rsquo;avenir, l\u2019HGH est enthousiaste \u00e0 l&rsquo;id\u00e9e de poursuivre son \u00e9volution pour r\u00e9pondre aux besoins changeants de notre population. De beaux projets sont en cours, visant \u00e0 am\u00e9liorer encore davantage nos services et notre infrastructure. Notre nouvelle vision, \u00ab <a href=\"https:\/\/hgh.ca\/fr\/a-notre-sujet\/plan-strategique\/\">R\u00e9imaginer les soins de sant\u00e9 pour les Canadiens au-del\u00e0 des villes<\/a> \u00bb, guidera nos efforts pour offrir des soins de sant\u00e9 innovants et accessibles \u00e0 tous. Ensemble, nous continuerons \u00e0 b\u00e2tir un avenir prometteur pour notre communaut\u00e9.<\/p>\n<p class=\"highlight-blue\">Nous aimerions remercier Claire Diamond et Suzanne Sauv\u00e9, des employ\u00e9es retrait\u00e9es dans leur contributions pour la r\u00e9alisation de ce sp\u00e9cial 40<sup>e<\/sup>.<\/p>\n<p>&nbsp;<\/p>\n<p>&nbsp;<\/p>\n","protected":false},"excerpt":{"rendered":"Depuis sa fondation il y a 40 ans, l&rsquo;H\u00f4pital g\u00e9n\u00e9ral de Hawkesbury et district a connu de nombreux changements et am\u00e9liorations. Gr\u00e2ce \u00e0 un investissement de 200 millions de dollars en infrastructure, \u00e9quipement m\u00e9dical et technologie\u00a0d\u2019information, notre h\u00f4pital communautaire local est devenu un h\u00f4pital r\u00e9gional \u00e0 service complet. La population de Prescott-Russell et des environs&#8230; <a class=\"btn btn--primary\" href=\"https:\/\/hgh.ca\/fr\/a-notre-sujet\/40e-anniversaire\/\">Acc\u00e9der l&rsquo;article<\/a>","protected":false},"author":12,"featured_media":10957,"parent":116,"menu_order":1,"comment_status":"closed","ping_status":"closed","template":"","meta":{"_acf_changed":false,"_exactmetrics_skip_tracking":false,"_exactmetrics_sitenote_active":false,"_exactmetrics_sitenote_note":"","_exactmetrics_sitenote_category":0,"footnotes":""},"class_list":["post-10913","page","type-page","status-publish","has-post-thumbnail","hentry"],"acf":[],"yoast_head":"<!-- This site is optimized with the Yoast SEO plugin v23.0 - https:\/\/yoast.com\/wordpress\/plugins\/seo\/ -->\n<title>40e anniversaire - H\u00f4pital g\u00e9n\u00e9ral de Hawkesbury<\/title>\n<meta name=\"robots\" content=\"index, follow, max-snippet:-1, max-image-preview:large, max-video-preview:-1\" \/>\n<link rel=\"canonical\" href=\"https:\/\/hgh.ca\/fr\/a-notre-sujet\/40e-anniversaire\/\" \/>\n<meta property=\"og:locale\" content=\"fr_FR\" \/>\n<meta property=\"og:type\" content=\"article\" \/>\n<meta property=\"og:title\" content=\"40e anniversaire - H\u00f4pital g\u00e9n\u00e9ral de Hawkesbury\" \/>\n<meta property=\"og:description\" content=\"Depuis sa fondation il y a 40 ans, l&rsquo;H\u00f4pital g\u00e9n\u00e9ral de Hawkesbury et district a connu de nombreux changements et am\u00e9liorations. Gr\u00e2ce \u00e0 un investissement de 200 millions de dollars en infrastructure, \u00e9quipement m\u00e9dical et technologie\u00a0d\u2019information, notre h\u00f4pital communautaire local est devenu un h\u00f4pital r\u00e9gional \u00e0 service complet. La population de Prescott-Russell et des environs... Acc\u00e9der l&#039;article\" \/>\n<meta property=\"og:url\" content=\"https:\/\/hgh.ca\/fr\/a-notre-sujet\/40e-anniversaire\/\" \/>\n<meta property=\"og:site_name\" content=\"H\u00f4pital g\u00e9n\u00e9ral de Hawkesbury\" \/>\n<meta property=\"article:modified_time\" content=\"2025-07-16T12:25:18+00:00\" \/>\n<meta property=\"og:image\" content=\"https:\/\/hgh.ca\/wp-content\/uploads\/2025\/05\/40e-historique3-1.png\" \/>\n\t<meta property=\"og:image:width\" content=\"2028\" \/>\n\t<meta property=\"og:image:height\" content=\"500\" \/>\n\t<meta property=\"og:image:type\" content=\"image\/png\" \/>\n<meta name=\"twitter:card\" content=\"summary_large_image\" \/>\n<meta name=\"twitter:label1\" content=\"Dur\u00e9e de lecture estim\u00e9e\" \/>\n\t<meta name=\"twitter:data1\" content=\"2 minutes\" \/>\n<script type=\"application\/ld+json\" class=\"yoast-schema-graph\">{\"@context\":\"https:\/\/schema.org\",\"@graph\":[{\"@type\":\"WebPage\",\"@id\":\"https:\/\/hgh.ca\/fr\/a-notre-sujet\/40e-anniversaire\/\",\"url\":\"https:\/\/hgh.ca\/fr\/a-notre-sujet\/40e-anniversaire\/\",\"name\":\"40e anniversaire - H\u00f4pital g\u00e9n\u00e9ral de Hawkesbury\",\"isPartOf\":{\"@id\":\"https:\/\/hgh.ca\/#website\"},\"primaryImageOfPage\":{\"@id\":\"https:\/\/hgh.ca\/fr\/a-notre-sujet\/40e-anniversaire\/#primaryimage\"},\"image\":{\"@id\":\"https:\/\/hgh.ca\/fr\/a-notre-sujet\/40e-anniversaire\/#primaryimage\"},\"thumbnailUrl\":\"https:\/\/hgh.ca\/wp-content\/uploads\/2025\/05\/hgh-40ans-logo-final-01-e1747073093137.png\",\"datePublished\":\"2025-05-12T17:25:36+00:00\",\"dateModified\":\"2025-07-16T12:25:18+00:00\",\"breadcrumb\":{\"@id\":\"https:\/\/hgh.ca\/fr\/a-notre-sujet\/40e-anniversaire\/#breadcrumb\"},\"inLanguage\":\"fr-FR\",\"potentialAction\":[{\"@type\":\"ReadAction\",\"target\":[\"https:\/\/hgh.ca\/fr\/a-notre-sujet\/40e-anniversaire\/\"]}]},{\"@type\":\"ImageObject\",\"inLanguage\":\"fr-FR\",\"@id\":\"https:\/\/hgh.ca\/fr\/a-notre-sujet\/40e-anniversaire\/#primaryimage\",\"url\":\"https:\/\/hgh.ca\/wp-content\/uploads\/2025\/05\/hgh-40ans-logo-final-01-e1747073093137.png\",\"contentUrl\":\"https:\/\/hgh.ca\/wp-content\/uploads\/2025\/05\/hgh-40ans-logo-final-01-e1747073093137.png\",\"width\":3216,\"height\":2808},{\"@type\":\"BreadcrumbList\",\"@id\":\"https:\/\/hgh.ca\/fr\/a-notre-sujet\/40e-anniversaire\/#breadcrumb\",\"itemListElement\":[{\"@type\":\"ListItem\",\"position\":1,\"name\":\"Home\",\"item\":\"https:\/\/hgh.ca\/fr\/\"},{\"@type\":\"ListItem\",\"position\":2,\"name\":\"\u00c0 notre sujet\",\"item\":\"https:\/\/hgh.ca\/fr\/a-notre-sujet\/\"},{\"@type\":\"ListItem\",\"position\":3,\"name\":\"40e anniversaire\"}]},{\"@type\":\"WebSite\",\"@id\":\"https:\/\/hgh.ca\/#website\",\"url\":\"https:\/\/hgh.ca\/\",\"name\":\"H\u00f4pital g\u00e9n\u00e9ral de Hawkesbury\",\"description\":\"Compassion, Innovation, Excellence\",\"potentialAction\":[{\"@type\":\"SearchAction\",\"target\":{\"@type\":\"EntryPoint\",\"urlTemplate\":\"https:\/\/hgh.ca\/?s={search_term_string}\"},\"query-input\":\"required name=search_term_string\"}],\"inLanguage\":\"fr-FR\"}]}<\/script>\n<!-- \/ Yoast SEO plugin. -->","yoast_head_json":{"title":"40e anniversaire - H\u00f4pital g\u00e9n\u00e9ral de Hawkesbury","robots":{"index":"index","follow":"follow","max-snippet":"max-snippet:-1","max-image-preview":"max-image-preview:large","max-video-preview":"max-video-preview:-1"},"canonical":"https:\/\/hgh.ca\/fr\/a-notre-sujet\/40e-anniversaire\/","og_locale":"fr_FR","og_type":"article","og_title":"40e anniversaire - H\u00f4pital g\u00e9n\u00e9ral de Hawkesbury","og_description":"Depuis sa fondation il y a 40 ans, l&rsquo;H\u00f4pital g\u00e9n\u00e9ral de Hawkesbury et district a connu de nombreux changements et am\u00e9liorations. Gr\u00e2ce \u00e0 un investissement de 200 millions de dollars en infrastructure, \u00e9quipement m\u00e9dical et technologie\u00a0d\u2019information, notre h\u00f4pital communautaire local est devenu un h\u00f4pital r\u00e9gional \u00e0 service complet. La population de Prescott-Russell et des environs... Acc\u00e9der l'article","og_url":"https:\/\/hgh.ca\/fr\/a-notre-sujet\/40e-anniversaire\/","og_site_name":"H\u00f4pital g\u00e9n\u00e9ral de Hawkesbury","article_modified_time":"2025-07-16T12:25:18+00:00","og_image":[{"width":2028,"height":500,"url":"https:\/\/hgh.ca\/wp-content\/uploads\/2025\/05\/40e-historique3-1.png","type":"image\/png"}],"twitter_card":"summary_large_image","twitter_misc":{"Dur\u00e9e de lecture estim\u00e9e":"2 minutes"},"schema":{"@context":"https:\/\/schema.org","@graph":[{"@type":"WebPage","@id":"https:\/\/hgh.ca\/fr\/a-notre-sujet\/40e-anniversaire\/","url":"https:\/\/hgh.ca\/fr\/a-notre-sujet\/40e-anniversaire\/","name":"40e anniversaire - H\u00f4pital g\u00e9n\u00e9ral de Hawkesbury","isPartOf":{"@id":"https:\/\/hgh.ca\/#website"},"primaryImageOfPage":{"@id":"https:\/\/hgh.ca\/fr\/a-notre-sujet\/40e-anniversaire\/#primaryimage"},"image":{"@id":"https:\/\/hgh.ca\/fr\/a-notre-sujet\/40e-anniversaire\/#primaryimage"},"thumbnailUrl":"https:\/\/hgh.ca\/wp-content\/uploads\/2025\/05\/hgh-40ans-logo-final-01-e1747073093137.png","datePublished":"2025-05-12T17:25:36+00:00","dateModified":"2025-07-16T12:25:18+00:00","breadcrumb":{"@id":"https:\/\/hgh.ca\/fr\/a-notre-sujet\/40e-anniversaire\/#breadcrumb"},"inLanguage":"fr-FR","potentialAction":[{"@type":"ReadAction","target":["https:\/\/hgh.ca\/fr\/a-notre-sujet\/40e-anniversaire\/"]}]},{"@type":"ImageObject","inLanguage":"fr-FR","@id":"https:\/\/hgh.ca\/fr\/a-notre-sujet\/40e-anniversaire\/#primaryimage","url":"https:\/\/hgh.ca\/wp-content\/uploads\/2025\/05\/hgh-40ans-logo-final-01-e1747073093137.png","contentUrl":"https:\/\/hgh.ca\/wp-content\/uploads\/2025\/05\/hgh-40ans-logo-final-01-e1747073093137.png","width":3216,"height":2808},{"@type":"BreadcrumbList","@id":"https:\/\/hgh.ca\/fr\/a-notre-sujet\/40e-anniversaire\/#breadcrumb","itemListElement":[{"@type":"ListItem","position":1,"name":"Home","item":"https:\/\/hgh.ca\/fr\/"},{"@type":"ListItem","position":2,"name":"\u00c0 notre sujet","item":"https:\/\/hgh.ca\/fr\/a-notre-sujet\/"},{"@type":"ListItem","position":3,"name":"40e anniversaire"}]},{"@type":"WebSite","@id":"https:\/\/hgh.ca\/#website","url":"https:\/\/hgh.ca\/","name":"H\u00f4pital g\u00e9n\u00e9ral de Hawkesbury","description":"Compassion, Innovation, Excellence","potentialAction":[{"@type":"SearchAction","target":{"@type":"EntryPoint","urlTemplate":"https:\/\/hgh.ca\/?s={search_term_string}"},"query-input":"required name=search_term_string"}],"inLanguage":"fr-FR"}]}},"_links":{"self":[{"href":"https:\/\/hgh.ca\/fr\/wp-json\/wp\/v2\/pages\/10913\/"}],"collection":[{"href":"https:\/\/hgh.ca\/fr\/wp-json\/wp\/v2\/pages\/"}],"about":[{"href":"https:\/\/hgh.ca\/fr\/wp-json\/wp\/v2\/types\/page\/"}],"author":[{"embeddable":true,"href":"https:\/\/hgh.ca\/fr\/wp-json\/wp\/v2\/users\/12\/"}],"replies":[{"embeddable":true,"href":"https:\/\/hgh.ca\/fr\/wp-json\/wp\/v2\/comments\/?post=10913"}],"version-history":[{"count":6,"href":"https:\/\/hgh.ca\/fr\/wp-json\/wp\/v2\/pages\/10913\/revisions\/"}],"predecessor-version":[{"id":11889,"href":"https:\/\/hgh.ca\/fr\/wp-json\/wp\/v2\/pages\/10913\/revisions\/11889\/"}],"up":[{"embeddable":true,"href":"https:\/\/hgh.ca\/fr\/wp-json\/wp\/v2\/pages\/116\/"}],"wp:featuredmedia":[{"embeddable":true,"href":"https:\/\/hgh.ca\/fr\/wp-json\/wp\/v2\/media\/10957\/"}],"wp:attachment":[{"href":"https:\/\/hgh.ca\/fr\/wp-json\/wp\/v2\/media\/?parent=10913"}],"curies":[{"name":"wp","href":"https:\/\/api.w.org\/{rel}","templated":true}]}}