{"id":11273,"date":"2025-06-25T14:36:56","date_gmt":"2025-06-25T18:36:56","guid":{"rendered":"https:\/\/hgh.ca\/?page_id=11273"},"modified":"2025-08-22T09:37:21","modified_gmt":"2025-08-22T13:37:21","slug":"rapport-a-la-communaute","status":"publish","type":"page","link":"https:\/\/hgh.ca\/fr\/rapport-a-la-communaute\/","title":{"rendered":"Rapport \u00e0 la communaut\u00e9"},"content":{"rendered":"<h2>RAPPORT ANNUEL 2024-2025<\/h2>\n<p><img loading=\"lazy\" decoding=\"async\" class=\"alignright wp-image-11455\" style=\"text-align: justify\" src=\"https:\/\/hgh.ca\/wp-content\/uploads\/2025\/06\/2024-2025-250x237.png\" alt=\"2024-2025 en image\" width=\"224\" height=\"213\" srcset=\"https:\/\/hgh.ca\/wp-content\/uploads\/2025\/06\/2024-2025-250x237.png 250w, https:\/\/hgh.ca\/wp-content\/uploads\/2025\/06\/2024-2025-700x665.png 700w, https:\/\/hgh.ca\/wp-content\/uploads\/2025\/06\/2024-2025-768x729.png 768w, https:\/\/hgh.ca\/wp-content\/uploads\/2025\/06\/2024-2025-120x114.png 120w, https:\/\/hgh.ca\/wp-content\/uploads\/2025\/06\/2024-2025-960x911.png 960w, https:\/\/hgh.ca\/wp-content\/uploads\/2025\/06\/2024-2025.png 1085w\" sizes=\"(max-width: 224px) 100vw, 224px\" \/><\/p>\n<p style=\"text-align: justify\">L&rsquo;ann\u00e9e derni\u00e8re a \u00e9t\u00e9 marqu\u00e9e par la transformation, le dynamisme et le renouvellement des liens \u00e0 l&rsquo;H\u00f4pital g\u00e9n\u00e9ral de Hawkesbury et district (HGH). Alors que nous c\u00e9l\u00e9brions notre 40e anniversaire, nous avons \u00e9galement tourn\u00e9 notre regard vers l&rsquo;avenir en lan\u00e7ant un nouveau plan strat\u00e9gique ambitieux et en renfor\u00e7ant notre engagement \u00e0 offrir des soins empreints de compassion, bilingues et centr\u00e9s sur le patient.<\/p>\n<p style=\"text-align: justify\">Ce rapport refl\u00e8te un h\u00f4pital en mouvement : l&rsquo;\u00e9largissement des services, l&rsquo;ouverture de nouveaux espaces comme l&rsquo;unit\u00e9 de transition A2 et une quatri\u00e8me salle d&rsquo;op\u00e9ration, l&rsquo;accueil d&rsquo;\u00e9tudiants en m\u00e9decine et le renforcement de nos syst\u00e8mes int\u00e9rieur. Mais avant tout, il raconte l&rsquo;histoire d&rsquo;une communaut\u00e9 de personnes qui travaillent ensemble avec c\u0153ur, vision et d\u00e9termination pour fa\u00e7onner un avenir o\u00f9 la sant\u00e9 et les liens sociaux occupent une place centrale.<\/p>\n<p style=\"text-align: justify\">\u00c0 l&rsquo;HGH, le progr\u00e8s est une affaire personnelle. Et cette ann\u00e9e, nous avons pos\u00e9 des gestes significatifs en vue de r\u00e9inventer les soins de sant\u00e9 pour les Canadiens.<\/p>\n<p style=\"text-align: justify\"><strong>Pour consulter nos anciens rapports annuels ou \u00e9tats financiers, consultez la page <a href=\"https:\/\/hgh.ca\/fr\/a-notre-sujet\/qualite-et-performance\/rapports-annuels-et-etats-financiers\/\">Rapports annuels et \u00e9tats financiers<\/a>.<\/strong><\/p>\n","protected":false},"excerpt":{"rendered":"RAPPORT ANNUEL 2024-2025 L&rsquo;ann\u00e9e derni\u00e8re a \u00e9t\u00e9 marqu\u00e9e par la transformation, le dynamisme et le renouvellement des liens \u00e0 l&rsquo;H\u00f4pital g\u00e9n\u00e9ral de Hawkesbury et district (HGH). Alors que nous c\u00e9l\u00e9brions notre 40e anniversaire, nous avons \u00e9galement tourn\u00e9 notre regard vers l&rsquo;avenir en lan\u00e7ant un nouveau plan strat\u00e9gique ambitieux et en renfor\u00e7ant notre engagement \u00e0 offrir&#8230; <a class=\"btn btn--primary\" href=\"https:\/\/hgh.ca\/fr\/rapport-a-la-communaute\/\">Acc\u00e9der l&rsquo;article<\/a>","protected":false},"author":12,"featured_media":11455,"parent":0,"menu_order":1,"comment_status":"closed","ping_status":"closed","template":"","meta":{"_acf_changed":false,"_exactmetrics_skip_tracking":false,"_exactmetrics_sitenote_active":false,"_exactmetrics_sitenote_note":"","_exactmetrics_sitenote_category":0,"footnotes":""},"class_list":["post-11273","page","type-page","status-publish","has-post-thumbnail","hentry"],"acf":[],"yoast_head":"<!-- This site is optimized with the Yoast SEO plugin v23.0 - https:\/\/yoast.com\/wordpress\/plugins\/seo\/ -->\n<title>Rapport \u00e0 la communaut\u00e9 - H\u00f4pital g\u00e9n\u00e9ral de Hawkesbury<\/title>\n<meta name=\"robots\" content=\"index, follow, max-snippet:-1, max-image-preview:large, max-video-preview:-1\" \/>\n<link rel=\"canonical\" href=\"https:\/\/hgh.ca\/fr\/rapport-a-la-communaute\/\" \/>\n<meta property=\"og:locale\" content=\"fr_FR\" \/>\n<meta property=\"og:type\" content=\"article\" \/>\n<meta property=\"og:title\" content=\"Rapport \u00e0 la communaut\u00e9 - H\u00f4pital g\u00e9n\u00e9ral de Hawkesbury\" \/>\n<meta property=\"og:description\" content=\"RAPPORT ANNUEL 2024-2025 L&rsquo;ann\u00e9e derni\u00e8re a \u00e9t\u00e9 marqu\u00e9e par la transformation, le dynamisme et le renouvellement des liens \u00e0 l&rsquo;H\u00f4pital g\u00e9n\u00e9ral de Hawkesbury et district (HGH). Alors que nous c\u00e9l\u00e9brions notre 40e anniversaire, nous avons \u00e9galement tourn\u00e9 notre regard vers l&rsquo;avenir en lan\u00e7ant un nouveau plan strat\u00e9gique ambitieux et en renfor\u00e7ant notre engagement \u00e0 offrir... Acc\u00e9der l&#039;article\" \/>\n<meta property=\"og:url\" content=\"https:\/\/hgh.ca\/fr\/rapport-a-la-communaute\/\" \/>\n<meta property=\"og:site_name\" content=\"H\u00f4pital g\u00e9n\u00e9ral de Hawkesbury\" \/>\n<meta property=\"article:modified_time\" content=\"2025-08-22T13:37:21+00:00\" \/>\n<meta property=\"og:image\" content=\"https:\/\/hgh.ca\/wp-content\/uploads\/2025\/06\/2024-2025.png\" \/>\n\t<meta property=\"og:image:width\" content=\"1085\" \/>\n\t<meta property=\"og:image:height\" content=\"1030\" \/>\n\t<meta property=\"og:image:type\" content=\"image\/png\" \/>\n<meta name=\"twitter:card\" content=\"summary_large_image\" \/>\n<meta name=\"twitter:label1\" content=\"Dur\u00e9e de lecture estim\u00e9e\" \/>\n\t<meta name=\"twitter:data1\" content=\"2 minutes\" \/>\n<script type=\"application\/ld+json\" class=\"yoast-schema-graph\">{\"@context\":\"https:\/\/schema.org\",\"@graph\":[{\"@type\":\"WebPage\",\"@id\":\"https:\/\/hgh.ca\/fr\/rapport-a-la-communaute\/\",\"url\":\"https:\/\/hgh.ca\/fr\/rapport-a-la-communaute\/\",\"name\":\"Rapport \u00e0 la communaut\u00e9 - H\u00f4pital g\u00e9n\u00e9ral de Hawkesbury\",\"isPartOf\":{\"@id\":\"https:\/\/hgh.ca\/#website\"},\"primaryImageOfPage\":{\"@id\":\"https:\/\/hgh.ca\/fr\/rapport-a-la-communaute\/#primaryimage\"},\"image\":{\"@id\":\"https:\/\/hgh.ca\/fr\/rapport-a-la-communaute\/#primaryimage\"},\"thumbnailUrl\":\"https:\/\/hgh.ca\/wp-content\/uploads\/2025\/06\/2024-2025.png\",\"datePublished\":\"2025-06-25T18:36:56+00:00\",\"dateModified\":\"2025-08-22T13:37:21+00:00\",\"breadcrumb\":{\"@id\":\"https:\/\/hgh.ca\/fr\/rapport-a-la-communaute\/#breadcrumb\"},\"inLanguage\":\"fr-FR\",\"potentialAction\":[{\"@type\":\"ReadAction\",\"target\":[\"https:\/\/hgh.ca\/fr\/rapport-a-la-communaute\/\"]}]},{\"@type\":\"ImageObject\",\"inLanguage\":\"fr-FR\",\"@id\":\"https:\/\/hgh.ca\/fr\/rapport-a-la-communaute\/#primaryimage\",\"url\":\"https:\/\/hgh.ca\/wp-content\/uploads\/2025\/06\/2024-2025.png\",\"contentUrl\":\"https:\/\/hgh.ca\/wp-content\/uploads\/2025\/06\/2024-2025.png\",\"width\":1085,\"height\":1030},{\"@type\":\"BreadcrumbList\",\"@id\":\"https:\/\/hgh.ca\/fr\/rapport-a-la-communaute\/#breadcrumb\",\"itemListElement\":[{\"@type\":\"ListItem\",\"position\":1,\"name\":\"Home\",\"item\":\"https:\/\/hgh.ca\/fr\/\"},{\"@type\":\"ListItem\",\"position\":2,\"name\":\"Rapport \u00e0 la communaut\u00e9\"}]},{\"@type\":\"WebSite\",\"@id\":\"https:\/\/hgh.ca\/#website\",\"url\":\"https:\/\/hgh.ca\/\",\"name\":\"H\u00f4pital g\u00e9n\u00e9ral de Hawkesbury\",\"description\":\"Compassion, Innovation, Excellence\",\"potentialAction\":[{\"@type\":\"SearchAction\",\"target\":{\"@type\":\"EntryPoint\",\"urlTemplate\":\"https:\/\/hgh.ca\/?s={search_term_string}\"},\"query-input\":\"required name=search_term_string\"}],\"inLanguage\":\"fr-FR\"}]}<\/script>\n<!-- \/ Yoast SEO plugin. -->","yoast_head_json":{"title":"Rapport \u00e0 la communaut\u00e9 - H\u00f4pital g\u00e9n\u00e9ral de Hawkesbury","robots":{"index":"index","follow":"follow","max-snippet":"max-snippet:-1","max-image-preview":"max-image-preview:large","max-video-preview":"max-video-preview:-1"},"canonical":"https:\/\/hgh.ca\/fr\/rapport-a-la-communaute\/","og_locale":"fr_FR","og_type":"article","og_title":"Rapport \u00e0 la communaut\u00e9 - H\u00f4pital g\u00e9n\u00e9ral de Hawkesbury","og_description":"RAPPORT ANNUEL 2024-2025 L&rsquo;ann\u00e9e derni\u00e8re a \u00e9t\u00e9 marqu\u00e9e par la transformation, le dynamisme et le renouvellement des liens \u00e0 l&rsquo;H\u00f4pital g\u00e9n\u00e9ral de Hawkesbury et district (HGH). Alors que nous c\u00e9l\u00e9brions notre 40e anniversaire, nous avons \u00e9galement tourn\u00e9 notre regard vers l&rsquo;avenir en lan\u00e7ant un nouveau plan strat\u00e9gique ambitieux et en renfor\u00e7ant notre engagement \u00e0 offrir... Acc\u00e9der l'article","og_url":"https:\/\/hgh.ca\/fr\/rapport-a-la-communaute\/","og_site_name":"H\u00f4pital g\u00e9n\u00e9ral de Hawkesbury","article_modified_time":"2025-08-22T13:37:21+00:00","og_image":[{"width":1085,"height":1030,"url":"https:\/\/hgh.ca\/wp-content\/uploads\/2025\/06\/2024-2025.png","type":"image\/png"}],"twitter_card":"summary_large_image","twitter_misc":{"Dur\u00e9e de lecture estim\u00e9e":"2 minutes"},"schema":{"@context":"https:\/\/schema.org","@graph":[{"@type":"WebPage","@id":"https:\/\/hgh.ca\/fr\/rapport-a-la-communaute\/","url":"https:\/\/hgh.ca\/fr\/rapport-a-la-communaute\/","name":"Rapport \u00e0 la communaut\u00e9 - H\u00f4pital g\u00e9n\u00e9ral de Hawkesbury","isPartOf":{"@id":"https:\/\/hgh.ca\/#website"},"primaryImageOfPage":{"@id":"https:\/\/hgh.ca\/fr\/rapport-a-la-communaute\/#primaryimage"},"image":{"@id":"https:\/\/hgh.ca\/fr\/rapport-a-la-communaute\/#primaryimage"},"thumbnailUrl":"https:\/\/hgh.ca\/wp-content\/uploads\/2025\/06\/2024-2025.png","datePublished":"2025-06-25T18:36:56+00:00","dateModified":"2025-08-22T13:37:21+00:00","breadcrumb":{"@id":"https:\/\/hgh.ca\/fr\/rapport-a-la-communaute\/#breadcrumb"},"inLanguage":"fr-FR","potentialAction":[{"@type":"ReadAction","target":["https:\/\/hgh.ca\/fr\/rapport-a-la-communaute\/"]}]},{"@type":"ImageObject","inLanguage":"fr-FR","@id":"https:\/\/hgh.ca\/fr\/rapport-a-la-communaute\/#primaryimage","url":"https:\/\/hgh.ca\/wp-content\/uploads\/2025\/06\/2024-2025.png","contentUrl":"https:\/\/hgh.ca\/wp-content\/uploads\/2025\/06\/2024-2025.png","width":1085,"height":1030},{"@type":"BreadcrumbList","@id":"https:\/\/hgh.ca\/fr\/rapport-a-la-communaute\/#breadcrumb","itemListElement":[{"@type":"ListItem","position":1,"name":"Home","item":"https:\/\/hgh.ca\/fr\/"},{"@type":"ListItem","position":2,"name":"Rapport \u00e0 la communaut\u00e9"}]},{"@type":"WebSite","@id":"https:\/\/hgh.ca\/#website","url":"https:\/\/hgh.ca\/","name":"H\u00f4pital g\u00e9n\u00e9ral de Hawkesbury","description":"Compassion, Innovation, Excellence","potentialAction":[{"@type":"SearchAction","target":{"@type":"EntryPoint","urlTemplate":"https:\/\/hgh.ca\/?s={search_term_string}"},"query-input":"required name=search_term_string"}],"inLanguage":"fr-FR"}]}},"_links":{"self":[{"href":"https:\/\/hgh.ca\/fr\/wp-json\/wp\/v2\/pages\/11273\/"}],"collection":[{"href":"https:\/\/hgh.ca\/fr\/wp-json\/wp\/v2\/pages\/"}],"about":[{"href":"https:\/\/hgh.ca\/fr\/wp-json\/wp\/v2\/types\/page\/"}],"author":[{"embeddable":true,"href":"https:\/\/hgh.ca\/fr\/wp-json\/wp\/v2\/users\/12\/"}],"replies":[{"embeddable":true,"href":"https:\/\/hgh.ca\/fr\/wp-json\/wp\/v2\/comments\/?post=11273"}],"version-history":[{"count":5,"href":"https:\/\/hgh.ca\/fr\/wp-json\/wp\/v2\/pages\/11273\/revisions\/"}],"predecessor-version":[{"id":12017,"href":"https:\/\/hgh.ca\/fr\/wp-json\/wp\/v2\/pages\/11273\/revisions\/12017\/"}],"wp:featuredmedia":[{"embeddable":true,"href":"https:\/\/hgh.ca\/fr\/wp-json\/wp\/v2\/media\/11455\/"}],"wp:attachment":[{"href":"https:\/\/hgh.ca\/fr\/wp-json\/wp\/v2\/media\/?parent=11273"}],"curies":[{"name":"wp","href":"https:\/\/api.w.org\/{rel}","templated":true}]}}