{"id":11599,"date":"2025-10-31T11:23:26","date_gmt":"2025-10-31T15:23:26","guid":{"rendered":"https:\/\/hgh.ca\/?page_id=11599"},"modified":"2025-10-31T11:23:26","modified_gmt":"2025-10-31T15:23:26","slug":"carrieres-et-benevolat","status":"publish","type":"page","link":"https:\/\/hgh.ca\/fr\/carrieres-et-benevolat\/","title":{"rendered":"Carri\u00e8res et b\u00e9n\u00e9volat"},"content":{"rendered":"<h2 class=\"lead\"><strong><img loading=\"lazy\" decoding=\"async\" class=\"wp-image-11633 alignnone\" src=\"https:\/\/hgh.ca\/wp-content\/uploads\/2025\/07\/bienvenue-e1751995270537-250x90.png\" alt=\"\" width=\"336\" height=\"121\" srcset=\"https:\/\/hgh.ca\/wp-content\/uploads\/2025\/07\/bienvenue-e1751995270537-250x90.png 250w, https:\/\/hgh.ca\/wp-content\/uploads\/2025\/07\/bienvenue-e1751995270537-700x252.png 700w, https:\/\/hgh.ca\/wp-content\/uploads\/2025\/07\/bienvenue-e1751995270537-768x276.png 768w, https:\/\/hgh.ca\/wp-content\/uploads\/2025\/07\/bienvenue-e1751995270537-120x43.png 120w, https:\/\/hgh.ca\/wp-content\/uploads\/2025\/07\/bienvenue-e1751995270537-960x345.png 960w, https:\/\/hgh.ca\/wp-content\/uploads\/2025\/07\/bienvenue-e1751995270537.png 973w\" sizes=\"(max-width: 336px) 100vw, 336px\" \/><\/strong><\/h2>\n<p style=\"text-align: justify\">\u00c0 l\u2019HGH, on est fiers de notre r\u00e9putation en mati\u00e8re de soins d\u2019excellence et de leadership. Notre personnel et nos m\u00e9decins offrent des soins ax\u00e9s sur les patients et leur famille, puis notre \u00e9quipe de gestion prend soin de vous.<\/p>\n<p style=\"text-align: justify\">Gr\u00e2ce \u00e0 notre projet de r\u00e9am\u00e9nagement majeur, on peut vous offrir des installations am\u00e9lior\u00e9es et un \u00e9quipement \u00e0 la fine pointe de la technologie. On est maintenant un mod\u00e8le r\u00e9gional pour tous les h\u00f4pitaux de l\u2019Ontario.<\/p>\n<p style=\"text-align: justify\">\u00c7a t\u2019int\u00e9resse de travailler dans un environnement clinique dynamique avec une culture ax\u00e9e sur la compassion, l\u2019innovation et l\u2019excellence\u2009?<\/p>\n<p class=\"lead\" style=\"text-align: right\"><strong><a href=\"https:\/\/hgh.ca\/fr\/carrieres\/les-offres-demploi\/\">Viens nous rejoindre\u2009!<\/a><\/strong><\/p>\n<p><img loading=\"lazy\" decoding=\"async\" class=\"aligncenter wp-image-11643 size-full\" src=\"https:\/\/hgh.ca\/wp-content\/uploads\/2025\/07\/hr-footer-e1751995589577.png\" alt=\"\" width=\"1545\" height=\"244\" \/><\/p>\n","protected":false},"excerpt":{"rendered":"\u00c0 l\u2019HGH, on est fiers de notre r\u00e9putation en mati\u00e8re de soins d\u2019excellence et de leadership. Notre personnel et nos m\u00e9decins offrent des soins ax\u00e9s sur les patients et leur famille, puis notre \u00e9quipe de gestion prend soin de vous. Gr\u00e2ce \u00e0 notre projet de r\u00e9am\u00e9nagement majeur, on peut vous offrir des installations am\u00e9lior\u00e9es et&#8230; <a class=\"btn btn--primary\" href=\"https:\/\/hgh.ca\/fr\/carrieres-et-benevolat\/\">Acc\u00e9der l&rsquo;article<\/a>","protected":false},"author":12,"featured_media":0,"parent":0,"menu_order":12,"comment_status":"open","ping_status":"open","template":"","meta":{"_acf_changed":false,"_exactmetrics_skip_tracking":false,"_exactmetrics_sitenote_active":false,"_exactmetrics_sitenote_note":"","_exactmetrics_sitenote_category":0,"footnotes":""},"class_list":["post-11599","page","type-page","status-publish","hentry"],"acf":[],"yoast_head":"<!-- This site is optimized with the Yoast SEO plugin v23.0 - https:\/\/yoast.com\/wordpress\/plugins\/seo\/ -->\n<title>Carri\u00e8res et b\u00e9n\u00e9volat - H\u00f4pital g\u00e9n\u00e9ral de Hawkesbury<\/title>\n<meta name=\"robots\" content=\"index, follow, max-snippet:-1, max-image-preview:large, max-video-preview:-1\" \/>\n<link rel=\"canonical\" href=\"https:\/\/hgh.ca\/fr\/carrieres-et-benevolat\/\" \/>\n<meta property=\"og:locale\" content=\"fr_FR\" \/>\n<meta property=\"og:type\" content=\"article\" \/>\n<meta property=\"og:title\" content=\"Carri\u00e8res et b\u00e9n\u00e9volat - H\u00f4pital g\u00e9n\u00e9ral de Hawkesbury\" \/>\n<meta property=\"og:description\" content=\"\u00c0 l\u2019HGH, on est fiers de notre r\u00e9putation en mati\u00e8re de soins d\u2019excellence et de leadership. Notre personnel et nos m\u00e9decins offrent des soins ax\u00e9s sur les patients et leur famille, puis notre \u00e9quipe de gestion prend soin de vous. Gr\u00e2ce \u00e0 notre projet de r\u00e9am\u00e9nagement majeur, on peut vous offrir des installations am\u00e9lior\u00e9es et... Acc\u00e9der l&#039;article\" \/>\n<meta property=\"og:url\" content=\"https:\/\/hgh.ca\/fr\/carrieres-et-benevolat\/\" \/>\n<meta property=\"og:site_name\" content=\"H\u00f4pital g\u00e9n\u00e9ral de Hawkesbury\" \/>\n<meta property=\"og:image\" content=\"https:\/\/hgh.ca\/wp-content\/uploads\/2025\/07\/bienvenue-e1751995270537-250x90.png\" \/>\n<meta name=\"twitter:card\" content=\"summary_large_image\" \/>\n<meta name=\"twitter:label1\" content=\"Dur\u00e9e de lecture estim\u00e9e\" \/>\n\t<meta name=\"twitter:data1\" content=\"1 minute\" \/>\n<script type=\"application\/ld+json\" class=\"yoast-schema-graph\">{\"@context\":\"https:\/\/schema.org\",\"@graph\":[{\"@type\":\"WebPage\",\"@id\":\"https:\/\/hgh.ca\/fr\/carrieres-et-benevolat\/\",\"url\":\"https:\/\/hgh.ca\/fr\/carrieres-et-benevolat\/\",\"name\":\"Carri\u00e8res et b\u00e9n\u00e9volat - H\u00f4pital g\u00e9n\u00e9ral de Hawkesbury\",\"isPartOf\":{\"@id\":\"https:\/\/hgh.ca\/#website\"},\"primaryImageOfPage\":{\"@id\":\"https:\/\/hgh.ca\/fr\/carrieres-et-benevolat\/#primaryimage\"},\"image\":{\"@id\":\"https:\/\/hgh.ca\/fr\/carrieres-et-benevolat\/#primaryimage\"},\"thumbnailUrl\":\"https:\/\/hgh.ca\/wp-content\/uploads\/2025\/07\/bienvenue-e1751995270537-250x90.png\",\"datePublished\":\"2025-10-31T15:23:26+00:00\",\"dateModified\":\"2025-10-31T15:23:26+00:00\",\"breadcrumb\":{\"@id\":\"https:\/\/hgh.ca\/fr\/carrieres-et-benevolat\/#breadcrumb\"},\"inLanguage\":\"fr-FR\",\"potentialAction\":[{\"@type\":\"ReadAction\",\"target\":[\"https:\/\/hgh.ca\/fr\/carrieres-et-benevolat\/\"]}]},{\"@type\":\"ImageObject\",\"inLanguage\":\"fr-FR\",\"@id\":\"https:\/\/hgh.ca\/fr\/carrieres-et-benevolat\/#primaryimage\",\"url\":\"https:\/\/hgh.ca\/wp-content\/uploads\/2025\/07\/bienvenue-e1751995270537-250x90.png\",\"contentUrl\":\"https:\/\/hgh.ca\/wp-content\/uploads\/2025\/07\/bienvenue-e1751995270537-250x90.png\"},{\"@type\":\"BreadcrumbList\",\"@id\":\"https:\/\/hgh.ca\/fr\/carrieres-et-benevolat\/#breadcrumb\",\"itemListElement\":[{\"@type\":\"ListItem\",\"position\":1,\"name\":\"Home\",\"item\":\"https:\/\/hgh.ca\/fr\/\"},{\"@type\":\"ListItem\",\"position\":2,\"name\":\"Carri\u00e8res et b\u00e9n\u00e9volat\"}]},{\"@type\":\"WebSite\",\"@id\":\"https:\/\/hgh.ca\/#website\",\"url\":\"https:\/\/hgh.ca\/\",\"name\":\"H\u00f4pital g\u00e9n\u00e9ral de Hawkesbury\",\"description\":\"Compassion, Innovation, Excellence\",\"potentialAction\":[{\"@type\":\"SearchAction\",\"target\":{\"@type\":\"EntryPoint\",\"urlTemplate\":\"https:\/\/hgh.ca\/?s={search_term_string}\"},\"query-input\":\"required name=search_term_string\"}],\"inLanguage\":\"fr-FR\"}]}<\/script>\n<!-- \/ Yoast SEO plugin. -->","yoast_head_json":{"title":"Carri\u00e8res et b\u00e9n\u00e9volat - H\u00f4pital g\u00e9n\u00e9ral de Hawkesbury","robots":{"index":"index","follow":"follow","max-snippet":"max-snippet:-1","max-image-preview":"max-image-preview:large","max-video-preview":"max-video-preview:-1"},"canonical":"https:\/\/hgh.ca\/fr\/carrieres-et-benevolat\/","og_locale":"fr_FR","og_type":"article","og_title":"Carri\u00e8res et b\u00e9n\u00e9volat - H\u00f4pital g\u00e9n\u00e9ral de Hawkesbury","og_description":"\u00c0 l\u2019HGH, on est fiers de notre r\u00e9putation en mati\u00e8re de soins d\u2019excellence et de leadership. Notre personnel et nos m\u00e9decins offrent des soins ax\u00e9s sur les patients et leur famille, puis notre \u00e9quipe de gestion prend soin de vous. Gr\u00e2ce \u00e0 notre projet de r\u00e9am\u00e9nagement majeur, on peut vous offrir des installations am\u00e9lior\u00e9es et... Acc\u00e9der l'article","og_url":"https:\/\/hgh.ca\/fr\/carrieres-et-benevolat\/","og_site_name":"H\u00f4pital g\u00e9n\u00e9ral de Hawkesbury","og_image":[{"url":"https:\/\/hgh.ca\/wp-content\/uploads\/2025\/07\/bienvenue-e1751995270537-250x90.png"}],"twitter_card":"summary_large_image","twitter_misc":{"Dur\u00e9e de lecture estim\u00e9e":"1 minute"},"schema":{"@context":"https:\/\/schema.org","@graph":[{"@type":"WebPage","@id":"https:\/\/hgh.ca\/fr\/carrieres-et-benevolat\/","url":"https:\/\/hgh.ca\/fr\/carrieres-et-benevolat\/","name":"Carri\u00e8res et b\u00e9n\u00e9volat - H\u00f4pital g\u00e9n\u00e9ral de Hawkesbury","isPartOf":{"@id":"https:\/\/hgh.ca\/#website"},"primaryImageOfPage":{"@id":"https:\/\/hgh.ca\/fr\/carrieres-et-benevolat\/#primaryimage"},"image":{"@id":"https:\/\/hgh.ca\/fr\/carrieres-et-benevolat\/#primaryimage"},"thumbnailUrl":"https:\/\/hgh.ca\/wp-content\/uploads\/2025\/07\/bienvenue-e1751995270537-250x90.png","datePublished":"2025-10-31T15:23:26+00:00","dateModified":"2025-10-31T15:23:26+00:00","breadcrumb":{"@id":"https:\/\/hgh.ca\/fr\/carrieres-et-benevolat\/#breadcrumb"},"inLanguage":"fr-FR","potentialAction":[{"@type":"ReadAction","target":["https:\/\/hgh.ca\/fr\/carrieres-et-benevolat\/"]}]},{"@type":"ImageObject","inLanguage":"fr-FR","@id":"https:\/\/hgh.ca\/fr\/carrieres-et-benevolat\/#primaryimage","url":"https:\/\/hgh.ca\/wp-content\/uploads\/2025\/07\/bienvenue-e1751995270537-250x90.png","contentUrl":"https:\/\/hgh.ca\/wp-content\/uploads\/2025\/07\/bienvenue-e1751995270537-250x90.png"},{"@type":"BreadcrumbList","@id":"https:\/\/hgh.ca\/fr\/carrieres-et-benevolat\/#breadcrumb","itemListElement":[{"@type":"ListItem","position":1,"name":"Home","item":"https:\/\/hgh.ca\/fr\/"},{"@type":"ListItem","position":2,"name":"Carri\u00e8res et b\u00e9n\u00e9volat"}]},{"@type":"WebSite","@id":"https:\/\/hgh.ca\/#website","url":"https:\/\/hgh.ca\/","name":"H\u00f4pital g\u00e9n\u00e9ral de Hawkesbury","description":"Compassion, Innovation, Excellence","potentialAction":[{"@type":"SearchAction","target":{"@type":"EntryPoint","urlTemplate":"https:\/\/hgh.ca\/?s={search_term_string}"},"query-input":"required name=search_term_string"}],"inLanguage":"fr-FR"}]}},"_links":{"self":[{"href":"https:\/\/hgh.ca\/fr\/wp-json\/wp\/v2\/pages\/11599\/"}],"collection":[{"href":"https:\/\/hgh.ca\/fr\/wp-json\/wp\/v2\/pages\/"}],"about":[{"href":"https:\/\/hgh.ca\/fr\/wp-json\/wp\/v2\/types\/page\/"}],"author":[{"embeddable":true,"href":"https:\/\/hgh.ca\/fr\/wp-json\/wp\/v2\/users\/12\/"}],"replies":[{"embeddable":true,"href":"https:\/\/hgh.ca\/fr\/wp-json\/wp\/v2\/comments\/?post=11599"}],"version-history":[{"count":5,"href":"https:\/\/hgh.ca\/fr\/wp-json\/wp\/v2\/pages\/11599\/revisions\/"}],"predecessor-version":[{"id":12183,"href":"https:\/\/hgh.ca\/fr\/wp-json\/wp\/v2\/pages\/11599\/revisions\/12183\/"}],"wp:attachment":[{"href":"https:\/\/hgh.ca\/fr\/wp-json\/wp\/v2\/media\/?parent=11599"}],"curies":[{"name":"wp","href":"https:\/\/api.w.org\/{rel}","templated":true}]}}