{"id":116,"date":"2015-02-20T19:27:45","date_gmt":"2015-02-20T19:27:45","guid":{"rendered":"http:\/\/hgh-site.clients.soshal.ca\/decouvrez-lhgh\/"},"modified":"2025-10-14T14:47:36","modified_gmt":"2025-10-14T18:47:36","slug":"a-notre-sujet","status":"publish","type":"page","link":"https:\/\/hgh.ca\/fr\/a-notre-sujet\/","title":{"rendered":"\u00c0 notre sujet"},"content":{"rendered":"<h2>Bienvenue \u00e0 l\u2019HGH<\/h2>\n<p class=\"lead\">L\u2019H\u00f4pital g\u00e9n\u00e9ral de Hawkesbury et district (HGH) offre des soins de qualit\u00e9 aux r\u00e9sidents de Prescott et Russell dans l\u2019Est ontarien.<\/p>\n<p>L&rsquo;HGH est un h\u00f4pital communautaire bilingue de 100 lits qui offre une gamme compl\u00e8te de programmes et de services de sant\u00e9. L\u2019HGH compte un campus principal \u00e0 Hawkesbury et deux centres satellites \u00e0 Casselman et Clarence-Rockland.<\/p>\n<h3>Notre engagement<\/h3>\n<p>L\u2019HGH peut compter sur ses 200+ m\u00e9decins, 800+ employ\u00e9s et 130 b\u00e9n\u00e9voles pour satisfaire les besoins en constante \u00e9volution de la communaut\u00e9.<\/p>\n<p>L\u2019HGH est reconnu pour sa culture de <strong>compassion<\/strong>, son esprit d\u2019<strong>innovation<\/strong> et l\u2019<strong>excellence<\/strong> de ses soins. En 2015, en 2018 ainsi qu&rsquo;en 2022, l\u2019HGH a re\u00e7u le niveau le plus \u00e9lev\u00e9 d\u2019agr\u00e9ment d\u00e9cern\u00e9 par Agr\u00e9ment Canada : Agr\u00e9\u00e9 avec mention d\u2019honneur.<\/p>\n<p>L\u2019HGH demeure \u00e0 l\u2019avant-garde des d\u00e9veloppements en soins de sant\u00e9 et est tr\u00e8s fier de ses affiliations acad\u00e9miques avec l\u2019Universit\u00e9 d\u2019Ottawa et le coll\u00e8ge La Cit\u00e9.<\/p>\n<h3>Modification des lettres patentes<\/h3>\n<p>Le 28 juin 2017, le Conseil d&rsquo;administration de l&rsquo;HGH adoptait une r\u00e9solution afin de modifier les lettres patentes de la corporation, incluant le nom l\u00e9gal. Auparavant, le nom l\u00e9gal avait une forme bilingue. \u00c0 compter du 1er octobre 2017, le nom l\u00e9gal comporte deux versions unilingues qui peuvent \u00eatre utilis\u00e9es ind\u00e9pendamment l&rsquo;une de l&rsquo;autre.<\/p>\n<p>Le nom l\u00e9gal en fran\u00e7ais est : H\u00f4pital g\u00e9n\u00e9ral de Hawkesbury et district<br \/>\nLe nom l\u00e9gale en angalais est : Hawkesbury and District General Hospital<\/p>\n<p>Pour en savoir davantage, veuillez lire l&rsquo;\u00e9bauche des nouvelles lettres patentes pr\u00e9sent\u00e9e dans la <a href=\"https:\/\/hgh.ca\/wp-content\/uploads\/2017\/11\/Lettres-Patentes-Suppl\u00e9mentaires-HGH.pdf\" target=\"_blank\" rel=\"noopener noreferrer\">r\u00e9solution (PDF)<\/a>.<\/p>\n","protected":false},"excerpt":{"rendered":"Bienvenue \u00e0 l\u2019HGH L\u2019H\u00f4pital g\u00e9n\u00e9ral de Hawkesbury et district (HGH) offre des soins de qualit\u00e9 aux r\u00e9sidents de Prescott et Russell dans l\u2019Est ontarien. L&rsquo;HGH est un h\u00f4pital communautaire bilingue de 100 lits qui offre une gamme compl\u00e8te de programmes et de services de sant\u00e9. L\u2019HGH compte un campus principal \u00e0 Hawkesbury et deux centres&#8230; <a class=\"btn btn--primary\" href=\"https:\/\/hgh.ca\/fr\/a-notre-sujet\/\">Acc\u00e9der l&rsquo;article<\/a>","protected":false},"author":1,"featured_media":0,"parent":0,"menu_order":24,"comment_status":"open","ping_status":"open","template":"","meta":{"_acf_changed":false,"_exactmetrics_skip_tracking":false,"_exactmetrics_sitenote_active":false,"_exactmetrics_sitenote_note":"","_exactmetrics_sitenote_category":0,"footnotes":""},"class_list":["post-116","page","type-page","status-publish","hentry"],"acf":[],"yoast_head":"<!-- This site is optimized with the Yoast SEO plugin v23.0 - https:\/\/yoast.com\/wordpress\/plugins\/seo\/ -->\n<title>\u00c0 notre sujet - H\u00f4pital g\u00e9n\u00e9ral de Hawkesbury<\/title>\n<meta name=\"robots\" content=\"index, follow, max-snippet:-1, max-image-preview:large, max-video-preview:-1\" \/>\n<link rel=\"canonical\" href=\"https:\/\/hgh.ca\/fr\/a-notre-sujet\/\" \/>\n<meta property=\"og:locale\" content=\"fr_FR\" \/>\n<meta property=\"og:type\" content=\"article\" \/>\n<meta property=\"og:title\" content=\"\u00c0 notre sujet - H\u00f4pital g\u00e9n\u00e9ral de Hawkesbury\" \/>\n<meta property=\"og:description\" content=\"Bienvenue \u00e0 l\u2019HGH L\u2019H\u00f4pital g\u00e9n\u00e9ral de Hawkesbury et district (HGH) offre des soins de qualit\u00e9 aux r\u00e9sidents de Prescott et Russell dans l\u2019Est ontarien. L&rsquo;HGH est un h\u00f4pital communautaire bilingue de 100 lits qui offre une gamme compl\u00e8te de programmes et de services de sant\u00e9. L\u2019HGH compte un campus principal \u00e0 Hawkesbury et deux centres... Acc\u00e9der l&#039;article\" \/>\n<meta property=\"og:url\" content=\"https:\/\/hgh.ca\/fr\/a-notre-sujet\/\" \/>\n<meta property=\"og:site_name\" content=\"H\u00f4pital g\u00e9n\u00e9ral de Hawkesbury\" \/>\n<meta property=\"article:modified_time\" content=\"2025-10-14T18:47:36+00:00\" \/>\n<meta name=\"twitter:card\" content=\"summary_large_image\" \/>\n<meta name=\"twitter:label1\" content=\"Dur\u00e9e de lecture estim\u00e9e\" \/>\n\t<meta name=\"twitter:data1\" content=\"2 minutes\" \/>\n<script type=\"application\/ld+json\" class=\"yoast-schema-graph\">{\"@context\":\"https:\/\/schema.org\",\"@graph\":[{\"@type\":\"WebPage\",\"@id\":\"https:\/\/hgh.ca\/fr\/a-notre-sujet\/\",\"url\":\"https:\/\/hgh.ca\/fr\/a-notre-sujet\/\",\"name\":\"\u00c0 notre sujet - H\u00f4pital g\u00e9n\u00e9ral de Hawkesbury\",\"isPartOf\":{\"@id\":\"https:\/\/hgh.ca\/#website\"},\"datePublished\":\"2015-02-20T19:27:45+00:00\",\"dateModified\":\"2025-10-14T18:47:36+00:00\",\"breadcrumb\":{\"@id\":\"https:\/\/hgh.ca\/fr\/a-notre-sujet\/#breadcrumb\"},\"inLanguage\":\"fr-FR\",\"potentialAction\":[{\"@type\":\"ReadAction\",\"target\":[\"https:\/\/hgh.ca\/fr\/a-notre-sujet\/\"]}]},{\"@type\":\"BreadcrumbList\",\"@id\":\"https:\/\/hgh.ca\/fr\/a-notre-sujet\/#breadcrumb\",\"itemListElement\":[{\"@type\":\"ListItem\",\"position\":1,\"name\":\"Home\",\"item\":\"https:\/\/hgh.ca\/fr\/\"},{\"@type\":\"ListItem\",\"position\":2,\"name\":\"\u00c0 notre sujet\"}]},{\"@type\":\"WebSite\",\"@id\":\"https:\/\/hgh.ca\/#website\",\"url\":\"https:\/\/hgh.ca\/\",\"name\":\"H\u00f4pital g\u00e9n\u00e9ral de Hawkesbury\",\"description\":\"Compassion, Innovation, Excellence\",\"potentialAction\":[{\"@type\":\"SearchAction\",\"target\":{\"@type\":\"EntryPoint\",\"urlTemplate\":\"https:\/\/hgh.ca\/?s={search_term_string}\"},\"query-input\":\"required name=search_term_string\"}],\"inLanguage\":\"fr-FR\"}]}<\/script>\n<!-- \/ Yoast SEO plugin. -->","yoast_head_json":{"title":"\u00c0 notre sujet - H\u00f4pital g\u00e9n\u00e9ral de Hawkesbury","robots":{"index":"index","follow":"follow","max-snippet":"max-snippet:-1","max-image-preview":"max-image-preview:large","max-video-preview":"max-video-preview:-1"},"canonical":"https:\/\/hgh.ca\/fr\/a-notre-sujet\/","og_locale":"fr_FR","og_type":"article","og_title":"\u00c0 notre sujet - H\u00f4pital g\u00e9n\u00e9ral de Hawkesbury","og_description":"Bienvenue \u00e0 l\u2019HGH L\u2019H\u00f4pital g\u00e9n\u00e9ral de Hawkesbury et district (HGH) offre des soins de qualit\u00e9 aux r\u00e9sidents de Prescott et Russell dans l\u2019Est ontarien. L&rsquo;HGH est un h\u00f4pital communautaire bilingue de 100 lits qui offre une gamme compl\u00e8te de programmes et de services de sant\u00e9. L\u2019HGH compte un campus principal \u00e0 Hawkesbury et deux centres... Acc\u00e9der l'article","og_url":"https:\/\/hgh.ca\/fr\/a-notre-sujet\/","og_site_name":"H\u00f4pital g\u00e9n\u00e9ral de Hawkesbury","article_modified_time":"2025-10-14T18:47:36+00:00","twitter_card":"summary_large_image","twitter_misc":{"Dur\u00e9e de lecture estim\u00e9e":"2 minutes"},"schema":{"@context":"https:\/\/schema.org","@graph":[{"@type":"WebPage","@id":"https:\/\/hgh.ca\/fr\/a-notre-sujet\/","url":"https:\/\/hgh.ca\/fr\/a-notre-sujet\/","name":"\u00c0 notre sujet - H\u00f4pital g\u00e9n\u00e9ral de Hawkesbury","isPartOf":{"@id":"https:\/\/hgh.ca\/#website"},"datePublished":"2015-02-20T19:27:45+00:00","dateModified":"2025-10-14T18:47:36+00:00","breadcrumb":{"@id":"https:\/\/hgh.ca\/fr\/a-notre-sujet\/#breadcrumb"},"inLanguage":"fr-FR","potentialAction":[{"@type":"ReadAction","target":["https:\/\/hgh.ca\/fr\/a-notre-sujet\/"]}]},{"@type":"BreadcrumbList","@id":"https:\/\/hgh.ca\/fr\/a-notre-sujet\/#breadcrumb","itemListElement":[{"@type":"ListItem","position":1,"name":"Home","item":"https:\/\/hgh.ca\/fr\/"},{"@type":"ListItem","position":2,"name":"\u00c0 notre sujet"}]},{"@type":"WebSite","@id":"https:\/\/hgh.ca\/#website","url":"https:\/\/hgh.ca\/","name":"H\u00f4pital g\u00e9n\u00e9ral de Hawkesbury","description":"Compassion, Innovation, Excellence","potentialAction":[{"@type":"SearchAction","target":{"@type":"EntryPoint","urlTemplate":"https:\/\/hgh.ca\/?s={search_term_string}"},"query-input":"required name=search_term_string"}],"inLanguage":"fr-FR"}]}},"_links":{"self":[{"href":"https:\/\/hgh.ca\/fr\/wp-json\/wp\/v2\/pages\/116\/"}],"collection":[{"href":"https:\/\/hgh.ca\/fr\/wp-json\/wp\/v2\/pages\/"}],"about":[{"href":"https:\/\/hgh.ca\/fr\/wp-json\/wp\/v2\/types\/page\/"}],"author":[{"embeddable":true,"href":"https:\/\/hgh.ca\/fr\/wp-json\/wp\/v2\/users\/1\/"}],"replies":[{"embeddable":true,"href":"https:\/\/hgh.ca\/fr\/wp-json\/wp\/v2\/comments\/?post=116"}],"version-history":[{"count":7,"href":"https:\/\/hgh.ca\/fr\/wp-json\/wp\/v2\/pages\/116\/revisions\/"}],"predecessor-version":[{"id":12105,"href":"https:\/\/hgh.ca\/fr\/wp-json\/wp\/v2\/pages\/116\/revisions\/12105\/"}],"wp:attachment":[{"href":"https:\/\/hgh.ca\/fr\/wp-json\/wp\/v2\/media\/?parent=116"}],"curies":[{"name":"wp","href":"https:\/\/api.w.org\/{rel}","templated":true}]}}