{"id":11631,"date":"2025-10-31T10:02:50","date_gmt":"2025-10-31T14:02:50","guid":{"rendered":"https:\/\/hgh.ca\/?page_id=11631"},"modified":"2026-02-03T13:17:07","modified_gmt":"2026-02-03T18:17:07","slug":"pourquoi-choisir-lhgh","status":"publish","type":"page","link":"https:\/\/hgh.ca\/fr\/carrieres-et-benevolat\/pourquoi-choisir-lhgh\/","title":{"rendered":"Pourquoi choisir l&rsquo;HGH?"},"content":{"rendered":"<p><img loading=\"lazy\" decoding=\"async\" class=\"alignright wp-image-11681 \" src=\"https:\/\/hgh.ca\/wp-content\/uploads\/2025\/07\/hgh-map-kiosque-700x517.png\" alt=\"\" width=\"361\" height=\"267\" srcset=\"https:\/\/hgh.ca\/wp-content\/uploads\/2025\/07\/hgh-map-kiosque-700x517.png 700w, https:\/\/hgh.ca\/wp-content\/uploads\/2025\/07\/hgh-map-kiosque-250x185.png 250w, https:\/\/hgh.ca\/wp-content\/uploads\/2025\/07\/hgh-map-kiosque-768x567.png 768w, https:\/\/hgh.ca\/wp-content\/uploads\/2025\/07\/hgh-map-kiosque-1536x1134.png 1536w, https:\/\/hgh.ca\/wp-content\/uploads\/2025\/07\/hgh-map-kiosque-2048x1513.png 2048w, https:\/\/hgh.ca\/wp-content\/uploads\/2025\/07\/hgh-map-kiosque-120x89.png 120w, https:\/\/hgh.ca\/wp-content\/uploads\/2025\/07\/hgh-map-kiosque-960x709.png 960w\" sizes=\"(max-width: 361px) 100vw, 361px\" \/><\/p>\n<p>Situ\u00e9 \u00e0 moins d\u2019une heure des quatre grands centres, l\u2019H\u00f4pital g\u00e9n\u00e9ral de Hawkesbury et district (HGH) est un employeur de choix.<\/p>\n<p>Dans les derni\u00e8res ann\u00e9es, notre \u00e9tablissement a connu de nombreux changement afin de devenir un h\u00f4pital r\u00e9gional \u00e0 service complet. Cet investissement majeur \u00e9quivaut 200\u00a0millions de $ et 7\u00a0ans de travail et nous permet aujourd\u2019hui d\u2019offrir un \u00e9tablissement dont nous sommes fiers.<\/p>\n<p>Travailler \u00e0 l\u2019HGH, c\u2019est faire partie d\u2019une grande famille et \u00e7a fait toute la diff\u00e9rence.<\/p>\n<h2>Nos avantages<\/h2>\n<table style=\"width: 95.7877%;height: 174px\">\n<tbody>\n<tr style=\"height: 174px\">\n<td style=\"height: 174px\">\n<ul>\n<li>R\u00e9mun\u00e9ration concurrentielle<\/li>\n<li>Primes diverses en fonction des conventions collectives<\/li>\n<li>Programme d\u2019avantages sociaux incluant assurances maladie, soins dentaires et r\u00e9gime de retraite<\/li>\n<li>Programme d\u2019apprentissage et de formation continue<\/li>\n<li>Programme de d\u00e9veloppement des comp\u00e9tences en gestion<\/li>\n<li>Cours de langues<\/li>\n<li>Possibilit\u00e9s d\u2019avancement de carri\u00e8re<\/li>\n<li>Cabine de relaxation Recharjme<\/li>\n<\/ul>\n<\/td>\n<td style=\"height: 174px\">\n<ul>\n<li>Programme complet d\u2019aide aux employ\u00e9s<\/li>\n<li>Programme Bien au travail, offrant des rabais corporatifs et autres avantages<\/li>\n<li>Programme de reconnaissance des employ\u00e9s et des m\u00e9decins<\/li>\n<li>Stationnement s\u00e9curitaire gratuit et acc\u00e8s \u00e0 des bornes de recharge<\/li>\n<li>Salle d\u2019entra\u00eenement<\/li>\n<li>Vestiaires avec douches priv\u00e9s<\/li>\n<li>Salles d\u2019employ\u00e9s avec r\u00e9frig\u00e9rateur et micro-ondes<\/li>\n<\/ul>\n<\/td>\n<\/tr>\n<\/tbody>\n<\/table>\n<p><img loading=\"lazy\" decoding=\"async\" class=\"aligncenter wp-image-11875 \" src=\"https:\/\/hgh.ca\/wp-content\/uploads\/2025\/07\/advantages.png\" alt=\"\" width=\"1260\" height=\"952\" srcset=\"https:\/\/hgh.ca\/wp-content\/uploads\/2025\/07\/advantages.png 1275w, https:\/\/hgh.ca\/wp-content\/uploads\/2025\/07\/advantages-250x189.png 250w, https:\/\/hgh.ca\/wp-content\/uploads\/2025\/07\/advantages-700x529.png 700w, https:\/\/hgh.ca\/wp-content\/uploads\/2025\/07\/advantages-768x580.png 768w, https:\/\/hgh.ca\/wp-content\/uploads\/2025\/07\/advantages-120x91.png 120w, https:\/\/hgh.ca\/wp-content\/uploads\/2025\/07\/advantages-960x725.png 960w\" sizes=\"(max-width: 1260px) 100vw, 1260px\" \/><\/p>\n<h2>HGH, un employeur engag\u00e9<\/h2>\n<p>Pour offrir les meilleurs soins de sant\u00e9 et b\u00e2tir une \u00e9quipe de professionnels hors pair, on a compris que \u00e7a prend un engagement clair et des actions concr\u00e8tes. Ensemble on fait la diff\u00e9rence. \u00c0 l\u2019HGH, on mise sur ce qui est important.<\/p>\n<h3>Voici ce qu\u2019on a \u00e0 t\u2019offrir!<\/h3>\n<p><img loading=\"lazy\" decoding=\"async\" class=\"alignnone wp-image-12132 size-full\" src=\"https:\/\/hgh.ca\/wp-content\/uploads\/2025\/10\/pve-web-imagefr.png\" alt=\"\" width=\"554\" height=\"342\" srcset=\"https:\/\/hgh.ca\/wp-content\/uploads\/2025\/10\/pve-web-imagefr.png 554w, https:\/\/hgh.ca\/wp-content\/uploads\/2025\/10\/pve-web-imagefr-250x154.png 250w, https:\/\/hgh.ca\/wp-content\/uploads\/2025\/10\/pve-web-imagefr-120x74.png 120w\" sizes=\"(max-width: 554px) 100vw, 554px\" \/><\/p>\n<p class=\"highlight\"><strong>Ces valeurs t\u2019int\u00e9ressent et tu aimerais travailler dans ce genre d\u2019environnement\u2009? \u00a0<\/strong>Consulte nos <a href=\"https:\/\/clients.njoyn.com\/cl4\/xweb\/xweb.asp?tbtoken=ZlBRQhNbDVByFHRxTVYmYE87BRZRaVVfB1xMIlkMCHkrUUdpLUYfcmouJS5ALiReeDAYGhJQT3VjF3Y%3D&amp;chk=ZVpaShM%3D&amp;page=joblisting&amp;CLID=72657&amp;lang=2\" target=\"_blank\" rel=\"noopener\"><u>offres d\u2019emploi<\/u><\/a> et joins-toi \u00e0 notre \u00e9quipe\u2009!<\/p>\n<p>&nbsp;<\/p>\n","protected":false},"excerpt":{"rendered":"Situ\u00e9 \u00e0 moins d\u2019une heure des quatre grands centres, l\u2019H\u00f4pital g\u00e9n\u00e9ral de Hawkesbury et district (HGH) est un employeur de choix. Dans les derni\u00e8res ann\u00e9es, notre \u00e9tablissement a connu de nombreux changement afin de devenir un h\u00f4pital r\u00e9gional \u00e0 service complet. Cet investissement majeur \u00e9quivaut 200\u00a0millions de $ et 7\u00a0ans de travail et nous permet&#8230; <a class=\"btn btn--primary\" href=\"https:\/\/hgh.ca\/fr\/carrieres-et-benevolat\/pourquoi-choisir-lhgh\/\">Acc\u00e9der l&rsquo;article<\/a>","protected":false},"author":12,"featured_media":0,"parent":11599,"menu_order":0,"comment_status":"open","ping_status":"open","template":"","meta":{"_acf_changed":false,"_exactmetrics_skip_tracking":false,"_exactmetrics_sitenote_active":false,"_exactmetrics_sitenote_note":"","_exactmetrics_sitenote_category":0,"footnotes":""},"class_list":["post-11631","page","type-page","status-publish","hentry"],"acf":[],"yoast_head":"<!-- This site is optimized with the Yoast SEO plugin v23.0 - https:\/\/yoast.com\/wordpress\/plugins\/seo\/ -->\n<title>Pourquoi choisir l&#039;HGH? - H\u00f4pital g\u00e9n\u00e9ral de Hawkesbury<\/title>\n<meta name=\"robots\" content=\"index, follow, max-snippet:-1, max-image-preview:large, max-video-preview:-1\" \/>\n<link rel=\"canonical\" href=\"https:\/\/hgh.ca\/fr\/carrieres-et-benevolat\/pourquoi-choisir-lhgh\/\" \/>\n<meta property=\"og:locale\" content=\"fr_FR\" \/>\n<meta property=\"og:type\" content=\"article\" \/>\n<meta property=\"og:title\" content=\"Pourquoi choisir l&#039;HGH? - H\u00f4pital g\u00e9n\u00e9ral de Hawkesbury\" \/>\n<meta property=\"og:description\" content=\"Situ\u00e9 \u00e0 moins d\u2019une heure des quatre grands centres, l\u2019H\u00f4pital g\u00e9n\u00e9ral de Hawkesbury et district (HGH) est un employeur de choix. Dans les derni\u00e8res ann\u00e9es, notre \u00e9tablissement a connu de nombreux changement afin de devenir un h\u00f4pital r\u00e9gional \u00e0 service complet. Cet investissement majeur \u00e9quivaut 200\u00a0millions de $ et 7\u00a0ans de travail et nous permet... Acc\u00e9der l&#039;article\" \/>\n<meta property=\"og:url\" content=\"https:\/\/hgh.ca\/fr\/carrieres-et-benevolat\/pourquoi-choisir-lhgh\/\" \/>\n<meta property=\"og:site_name\" content=\"H\u00f4pital g\u00e9n\u00e9ral de Hawkesbury\" \/>\n<meta property=\"article:modified_time\" content=\"2026-02-03T18:17:07+00:00\" \/>\n<meta property=\"og:image\" content=\"https:\/\/hgh.ca\/wp-content\/uploads\/2025\/07\/hgh-map-kiosque-700x517.png\" \/>\n<meta name=\"twitter:card\" content=\"summary_large_image\" \/>\n<meta name=\"twitter:label1\" content=\"Dur\u00e9e de lecture estim\u00e9e\" \/>\n\t<meta name=\"twitter:data1\" content=\"2 minutes\" \/>\n<script type=\"application\/ld+json\" class=\"yoast-schema-graph\">{\"@context\":\"https:\/\/schema.org\",\"@graph\":[{\"@type\":\"WebPage\",\"@id\":\"https:\/\/hgh.ca\/fr\/carrieres-et-benevolat\/pourquoi-choisir-lhgh\/\",\"url\":\"https:\/\/hgh.ca\/fr\/carrieres-et-benevolat\/pourquoi-choisir-lhgh\/\",\"name\":\"Pourquoi choisir l'HGH? - H\u00f4pital g\u00e9n\u00e9ral de Hawkesbury\",\"isPartOf\":{\"@id\":\"https:\/\/hgh.ca\/#website\"},\"primaryImageOfPage\":{\"@id\":\"https:\/\/hgh.ca\/fr\/carrieres-et-benevolat\/pourquoi-choisir-lhgh\/#primaryimage\"},\"image\":{\"@id\":\"https:\/\/hgh.ca\/fr\/carrieres-et-benevolat\/pourquoi-choisir-lhgh\/#primaryimage\"},\"thumbnailUrl\":\"https:\/\/hgh.ca\/wp-content\/uploads\/2025\/07\/hgh-map-kiosque-700x517.png\",\"datePublished\":\"2025-10-31T14:02:50+00:00\",\"dateModified\":\"2026-02-03T18:17:07+00:00\",\"breadcrumb\":{\"@id\":\"https:\/\/hgh.ca\/fr\/carrieres-et-benevolat\/pourquoi-choisir-lhgh\/#breadcrumb\"},\"inLanguage\":\"fr-FR\",\"potentialAction\":[{\"@type\":\"ReadAction\",\"target\":[\"https:\/\/hgh.ca\/fr\/carrieres-et-benevolat\/pourquoi-choisir-lhgh\/\"]}]},{\"@type\":\"ImageObject\",\"inLanguage\":\"fr-FR\",\"@id\":\"https:\/\/hgh.ca\/fr\/carrieres-et-benevolat\/pourquoi-choisir-lhgh\/#primaryimage\",\"url\":\"https:\/\/hgh.ca\/wp-content\/uploads\/2025\/07\/hgh-map-kiosque-700x517.png\",\"contentUrl\":\"https:\/\/hgh.ca\/wp-content\/uploads\/2025\/07\/hgh-map-kiosque-700x517.png\"},{\"@type\":\"BreadcrumbList\",\"@id\":\"https:\/\/hgh.ca\/fr\/carrieres-et-benevolat\/pourquoi-choisir-lhgh\/#breadcrumb\",\"itemListElement\":[{\"@type\":\"ListItem\",\"position\":1,\"name\":\"Home\",\"item\":\"https:\/\/hgh.ca\/fr\/\"},{\"@type\":\"ListItem\",\"position\":2,\"name\":\"Carri\u00e8res et b\u00e9n\u00e9volat\",\"item\":\"https:\/\/hgh.ca\/fr\/carrieres-et-benevolat\/\"},{\"@type\":\"ListItem\",\"position\":3,\"name\":\"Pourquoi choisir l&#8217;HGH?\"}]},{\"@type\":\"WebSite\",\"@id\":\"https:\/\/hgh.ca\/#website\",\"url\":\"https:\/\/hgh.ca\/\",\"name\":\"H\u00f4pital g\u00e9n\u00e9ral de Hawkesbury\",\"description\":\"Compassion, Innovation, Excellence\",\"potentialAction\":[{\"@type\":\"SearchAction\",\"target\":{\"@type\":\"EntryPoint\",\"urlTemplate\":\"https:\/\/hgh.ca\/?s={search_term_string}\"},\"query-input\":\"required name=search_term_string\"}],\"inLanguage\":\"fr-FR\"}]}<\/script>\n<!-- \/ Yoast SEO plugin. -->","yoast_head_json":{"title":"Pourquoi choisir l'HGH? - H\u00f4pital g\u00e9n\u00e9ral de Hawkesbury","robots":{"index":"index","follow":"follow","max-snippet":"max-snippet:-1","max-image-preview":"max-image-preview:large","max-video-preview":"max-video-preview:-1"},"canonical":"https:\/\/hgh.ca\/fr\/carrieres-et-benevolat\/pourquoi-choisir-lhgh\/","og_locale":"fr_FR","og_type":"article","og_title":"Pourquoi choisir l'HGH? - H\u00f4pital g\u00e9n\u00e9ral de Hawkesbury","og_description":"Situ\u00e9 \u00e0 moins d\u2019une heure des quatre grands centres, l\u2019H\u00f4pital g\u00e9n\u00e9ral de Hawkesbury et district (HGH) est un employeur de choix. Dans les derni\u00e8res ann\u00e9es, notre \u00e9tablissement a connu de nombreux changement afin de devenir un h\u00f4pital r\u00e9gional \u00e0 service complet. Cet investissement majeur \u00e9quivaut 200\u00a0millions de $ et 7\u00a0ans de travail et nous permet... Acc\u00e9der l'article","og_url":"https:\/\/hgh.ca\/fr\/carrieres-et-benevolat\/pourquoi-choisir-lhgh\/","og_site_name":"H\u00f4pital g\u00e9n\u00e9ral de Hawkesbury","article_modified_time":"2026-02-03T18:17:07+00:00","og_image":[{"url":"https:\/\/hgh.ca\/wp-content\/uploads\/2025\/07\/hgh-map-kiosque-700x517.png"}],"twitter_card":"summary_large_image","twitter_misc":{"Dur\u00e9e de lecture estim\u00e9e":"2 minutes"},"schema":{"@context":"https:\/\/schema.org","@graph":[{"@type":"WebPage","@id":"https:\/\/hgh.ca\/fr\/carrieres-et-benevolat\/pourquoi-choisir-lhgh\/","url":"https:\/\/hgh.ca\/fr\/carrieres-et-benevolat\/pourquoi-choisir-lhgh\/","name":"Pourquoi choisir l'HGH? - H\u00f4pital g\u00e9n\u00e9ral de Hawkesbury","isPartOf":{"@id":"https:\/\/hgh.ca\/#website"},"primaryImageOfPage":{"@id":"https:\/\/hgh.ca\/fr\/carrieres-et-benevolat\/pourquoi-choisir-lhgh\/#primaryimage"},"image":{"@id":"https:\/\/hgh.ca\/fr\/carrieres-et-benevolat\/pourquoi-choisir-lhgh\/#primaryimage"},"thumbnailUrl":"https:\/\/hgh.ca\/wp-content\/uploads\/2025\/07\/hgh-map-kiosque-700x517.png","datePublished":"2025-10-31T14:02:50+00:00","dateModified":"2026-02-03T18:17:07+00:00","breadcrumb":{"@id":"https:\/\/hgh.ca\/fr\/carrieres-et-benevolat\/pourquoi-choisir-lhgh\/#breadcrumb"},"inLanguage":"fr-FR","potentialAction":[{"@type":"ReadAction","target":["https:\/\/hgh.ca\/fr\/carrieres-et-benevolat\/pourquoi-choisir-lhgh\/"]}]},{"@type":"ImageObject","inLanguage":"fr-FR","@id":"https:\/\/hgh.ca\/fr\/carrieres-et-benevolat\/pourquoi-choisir-lhgh\/#primaryimage","url":"https:\/\/hgh.ca\/wp-content\/uploads\/2025\/07\/hgh-map-kiosque-700x517.png","contentUrl":"https:\/\/hgh.ca\/wp-content\/uploads\/2025\/07\/hgh-map-kiosque-700x517.png"},{"@type":"BreadcrumbList","@id":"https:\/\/hgh.ca\/fr\/carrieres-et-benevolat\/pourquoi-choisir-lhgh\/#breadcrumb","itemListElement":[{"@type":"ListItem","position":1,"name":"Home","item":"https:\/\/hgh.ca\/fr\/"},{"@type":"ListItem","position":2,"name":"Carri\u00e8res et b\u00e9n\u00e9volat","item":"https:\/\/hgh.ca\/fr\/carrieres-et-benevolat\/"},{"@type":"ListItem","position":3,"name":"Pourquoi choisir l&#8217;HGH?"}]},{"@type":"WebSite","@id":"https:\/\/hgh.ca\/#website","url":"https:\/\/hgh.ca\/","name":"H\u00f4pital g\u00e9n\u00e9ral de Hawkesbury","description":"Compassion, Innovation, Excellence","potentialAction":[{"@type":"SearchAction","target":{"@type":"EntryPoint","urlTemplate":"https:\/\/hgh.ca\/?s={search_term_string}"},"query-input":"required name=search_term_string"}],"inLanguage":"fr-FR"}]}},"_links":{"self":[{"href":"https:\/\/hgh.ca\/fr\/wp-json\/wp\/v2\/pages\/11631\/"}],"collection":[{"href":"https:\/\/hgh.ca\/fr\/wp-json\/wp\/v2\/pages\/"}],"about":[{"href":"https:\/\/hgh.ca\/fr\/wp-json\/wp\/v2\/types\/page\/"}],"author":[{"embeddable":true,"href":"https:\/\/hgh.ca\/fr\/wp-json\/wp\/v2\/users\/12\/"}],"replies":[{"embeddable":true,"href":"https:\/\/hgh.ca\/fr\/wp-json\/wp\/v2\/comments\/?post=11631"}],"version-history":[{"count":6,"href":"https:\/\/hgh.ca\/fr\/wp-json\/wp\/v2\/pages\/11631\/revisions\/"}],"predecessor-version":[{"id":12351,"href":"https:\/\/hgh.ca\/fr\/wp-json\/wp\/v2\/pages\/11631\/revisions\/12351\/"}],"up":[{"embeddable":true,"href":"https:\/\/hgh.ca\/fr\/wp-json\/wp\/v2\/pages\/11599\/"}],"wp:attachment":[{"href":"https:\/\/hgh.ca\/fr\/wp-json\/wp\/v2\/media\/?parent=11631"}],"curies":[{"name":"wp","href":"https:\/\/api.w.org\/{rel}","templated":true}]}}