{"id":11709,"date":"2025-10-31T10:52:49","date_gmt":"2025-10-31T14:52:49","guid":{"rendered":"https:\/\/hgh.ca\/?page_id=11709"},"modified":"2025-10-31T10:57:15","modified_gmt":"2025-10-31T14:57:15","slug":"stages-et-emplois-etudiants","status":"publish","type":"page","link":"https:\/\/hgh.ca\/fr\/carrieres-et-benevolat\/stages-et-emplois-etudiants\/","title":{"rendered":"Stages et emplois \u00e9tudiants"},"content":{"rendered":"<h2>Affiliations acad\u00e9miques et opportunit\u00e9s de stages<\/h2>\n<p style=\"text-align: justify\">L\u2019H\u00f4pital g\u00e9n\u00e9ral de Hawkesbury et district (HGH) est fier d\u2019\u00eatre un site officiel d\u2019enseignement pour aider \u00e0 former la rel\u00e8ve.<\/p>\n<p style=\"text-align: justify\">Si vous souhaitez rejoindre un milieu clinique dynamique et une culture ax\u00e9e sur la compassion, l\u2019innovation et l\u2019excellence, joignez-vous \u00e0 notre \u00e9quipe pour effectuer votre stage ! Le meilleur moment pour appliquer est habituellement de mars \u00e0 avril.<\/p>\n<p style=\"text-align: justify\">Pour tous <span data-olk-copy-source=\"MessageBody\">les stages cliniques, les demandes se font \u00e0 travers <a href=\"https:\/\/hspcanada.net\/fr\/\">HSPnet<\/a>.<\/span><\/p>\n<p><img loading=\"lazy\" decoding=\"async\" class=\"wp-image-11699 alignleft\" style=\"text-align: justify\" src=\"https:\/\/hgh.ca\/wp-content\/uploads\/2025\/07\/croix-jaunes-x3-250x309.png\" alt=\"\" width=\"73\" height=\"91\" srcset=\"https:\/\/hgh.ca\/wp-content\/uploads\/2025\/07\/croix-jaunes-x3-250x309.png 250w, https:\/\/hgh.ca\/wp-content\/uploads\/2025\/07\/croix-jaunes-x3-700x865.png 700w, https:\/\/hgh.ca\/wp-content\/uploads\/2025\/07\/croix-jaunes-x3-120x148.png 120w, https:\/\/hgh.ca\/wp-content\/uploads\/2025\/07\/croix-jaunes-x3.png 738w\" sizes=\"(max-width: 73px) 100vw, 73px\" \/><\/p>\n<p style=\"text-align: justify\">Pour plus d\u2019information sur les opportunit\u00e9s de stage en m\u00e9decine, communiquez avec la conseill\u00e8re des affaires m\u00e9dicales et acad\u00e9miques au 613-632-1111, poste 31001 ou par courriel \u00e0\u00a0<a href=\"mailto:CRomagna@hgh.ca\">CRomagna@hgh.ca<\/a>.<\/p>\n<p style=\"text-align: justify\">Pour toutes les autres demandes de stage, veuillez communiquer avec le Service des ressources humaines par courriel\u00a0:\u00a0<a href=\"mailto:hr@hgh.ca\">hr@hgh.ca<\/a>.<\/p>\n<p style=\"text-align: justify\">Pour consulter la liste compl\u00e8te des offres d\u2019emplois disponibles, visitez la page des <a href=\"https:\/\/hgh.ca\/fr\/carrieres\/les-offres-demploi\">Offres d\u2019emploi<\/a>.<\/p>\n","protected":false},"excerpt":{"rendered":"Affiliations acad\u00e9miques et opportunit\u00e9s de stages L\u2019H\u00f4pital g\u00e9n\u00e9ral de Hawkesbury et district (HGH) est fier d\u2019\u00eatre un site officiel d\u2019enseignement pour aider \u00e0 former la rel\u00e8ve. Si vous souhaitez rejoindre un milieu clinique dynamique et une culture ax\u00e9e sur la compassion, l\u2019innovation et l\u2019excellence, joignez-vous \u00e0 notre \u00e9quipe pour effectuer votre stage ! Le meilleur&#8230; <a class=\"btn btn--primary\" href=\"https:\/\/hgh.ca\/fr\/carrieres-et-benevolat\/stages-et-emplois-etudiants\/\">Acc\u00e9der l&rsquo;article<\/a>","protected":false},"author":12,"featured_media":2425,"parent":11599,"menu_order":3,"comment_status":"open","ping_status":"open","template":"","meta":{"_acf_changed":false,"_exactmetrics_skip_tracking":false,"_exactmetrics_sitenote_active":false,"_exactmetrics_sitenote_note":"","_exactmetrics_sitenote_category":0,"footnotes":""},"class_list":["post-11709","page","type-page","status-publish","has-post-thumbnail","hentry"],"acf":[],"yoast_head":"<!-- This site is optimized with the Yoast SEO plugin v23.0 - https:\/\/yoast.com\/wordpress\/plugins\/seo\/ -->\n<title>Stages et emplois \u00e9tudiants - H\u00f4pital g\u00e9n\u00e9ral de Hawkesbury<\/title>\n<meta name=\"robots\" content=\"index, follow, max-snippet:-1, max-image-preview:large, max-video-preview:-1\" \/>\n<link rel=\"canonical\" href=\"https:\/\/hgh.ca\/fr\/stages-et-emplois-etudiants\/\" \/>\n<meta property=\"og:locale\" content=\"fr_FR\" \/>\n<meta property=\"og:type\" content=\"article\" \/>\n<meta property=\"og:title\" content=\"Stages et emplois \u00e9tudiants - H\u00f4pital g\u00e9n\u00e9ral de Hawkesbury\" \/>\n<meta property=\"og:description\" content=\"Affiliations acad\u00e9miques et opportunit\u00e9s de stages L\u2019H\u00f4pital g\u00e9n\u00e9ral de Hawkesbury et district (HGH) est fier d\u2019\u00eatre un site officiel d\u2019enseignement pour aider \u00e0 former la rel\u00e8ve. Si vous souhaitez rejoindre un milieu clinique dynamique et une culture ax\u00e9e sur la compassion, l\u2019innovation et l\u2019excellence, joignez-vous \u00e0 notre \u00e9quipe pour effectuer votre stage ! Le meilleur... Acc\u00e9der l&#039;article\" \/>\n<meta property=\"og:url\" content=\"https:\/\/hgh.ca\/fr\/stages-et-emplois-etudiants\/\" \/>\n<meta property=\"og:site_name\" content=\"H\u00f4pital g\u00e9n\u00e9ral de Hawkesbury\" \/>\n<meta property=\"article:modified_time\" content=\"2025-10-31T14:57:15+00:00\" \/>\n<meta property=\"og:image\" content=\"https:\/\/hgh.ca\/wp-content\/uploads\/2015\/09\/Student-placement.jpg\" \/>\n\t<meta property=\"og:image:width\" content=\"960\" \/>\n\t<meta property=\"og:image:height\" content=\"259\" \/>\n\t<meta property=\"og:image:type\" content=\"image\/jpeg\" \/>\n<meta name=\"twitter:card\" content=\"summary_large_image\" \/>\n<meta name=\"twitter:label1\" content=\"Dur\u00e9e de lecture estim\u00e9e\" \/>\n\t<meta name=\"twitter:data1\" content=\"1 minute\" \/>\n<script type=\"application\/ld+json\" class=\"yoast-schema-graph\">{\"@context\":\"https:\/\/schema.org\",\"@graph\":[{\"@type\":\"WebPage\",\"@id\":\"https:\/\/hgh.ca\/fr\/stages-et-emplois-etudiants\/\",\"url\":\"https:\/\/hgh.ca\/fr\/stages-et-emplois-etudiants\/\",\"name\":\"Stages et emplois \u00e9tudiants - H\u00f4pital g\u00e9n\u00e9ral de Hawkesbury\",\"isPartOf\":{\"@id\":\"https:\/\/hgh.ca\/#website\"},\"primaryImageOfPage\":{\"@id\":\"https:\/\/hgh.ca\/fr\/stages-et-emplois-etudiants\/#primaryimage\"},\"image\":{\"@id\":\"https:\/\/hgh.ca\/fr\/stages-et-emplois-etudiants\/#primaryimage\"},\"thumbnailUrl\":\"https:\/\/hgh.ca\/wp-content\/uploads\/2015\/09\/Student-placement.jpg\",\"datePublished\":\"2025-10-31T14:52:49+00:00\",\"dateModified\":\"2025-10-31T14:57:15+00:00\",\"breadcrumb\":{\"@id\":\"https:\/\/hgh.ca\/fr\/stages-et-emplois-etudiants\/#breadcrumb\"},\"inLanguage\":\"fr-FR\",\"potentialAction\":[{\"@type\":\"ReadAction\",\"target\":[\"https:\/\/hgh.ca\/fr\/stages-et-emplois-etudiants\/\"]}]},{\"@type\":\"ImageObject\",\"inLanguage\":\"fr-FR\",\"@id\":\"https:\/\/hgh.ca\/fr\/stages-et-emplois-etudiants\/#primaryimage\",\"url\":\"https:\/\/hgh.ca\/wp-content\/uploads\/2015\/09\/Student-placement.jpg\",\"contentUrl\":\"https:\/\/hgh.ca\/wp-content\/uploads\/2015\/09\/Student-placement.jpg\",\"width\":960,\"height\":259,\"caption\":\"\\\" \\\"\"},{\"@type\":\"BreadcrumbList\",\"@id\":\"https:\/\/hgh.ca\/fr\/stages-et-emplois-etudiants\/#breadcrumb\",\"itemListElement\":[{\"@type\":\"ListItem\",\"position\":1,\"name\":\"Home\",\"item\":\"https:\/\/hgh.ca\/fr\/\"},{\"@type\":\"ListItem\",\"position\":2,\"name\":\"Stages et emplois \u00e9tudiants\"}]},{\"@type\":\"WebSite\",\"@id\":\"https:\/\/hgh.ca\/#website\",\"url\":\"https:\/\/hgh.ca\/\",\"name\":\"H\u00f4pital g\u00e9n\u00e9ral de Hawkesbury\",\"description\":\"Compassion, Innovation, Excellence\",\"potentialAction\":[{\"@type\":\"SearchAction\",\"target\":{\"@type\":\"EntryPoint\",\"urlTemplate\":\"https:\/\/hgh.ca\/?s={search_term_string}\"},\"query-input\":\"required name=search_term_string\"}],\"inLanguage\":\"fr-FR\"}]}<\/script>\n<!-- \/ Yoast SEO plugin. -->","yoast_head_json":{"title":"Stages et emplois \u00e9tudiants - H\u00f4pital g\u00e9n\u00e9ral de Hawkesbury","robots":{"index":"index","follow":"follow","max-snippet":"max-snippet:-1","max-image-preview":"max-image-preview:large","max-video-preview":"max-video-preview:-1"},"canonical":"https:\/\/hgh.ca\/fr\/stages-et-emplois-etudiants\/","og_locale":"fr_FR","og_type":"article","og_title":"Stages et emplois \u00e9tudiants - H\u00f4pital g\u00e9n\u00e9ral de Hawkesbury","og_description":"Affiliations acad\u00e9miques et opportunit\u00e9s de stages L\u2019H\u00f4pital g\u00e9n\u00e9ral de Hawkesbury et district (HGH) est fier d\u2019\u00eatre un site officiel d\u2019enseignement pour aider \u00e0 former la rel\u00e8ve. Si vous souhaitez rejoindre un milieu clinique dynamique et une culture ax\u00e9e sur la compassion, l\u2019innovation et l\u2019excellence, joignez-vous \u00e0 notre \u00e9quipe pour effectuer votre stage ! Le meilleur... Acc\u00e9der l'article","og_url":"https:\/\/hgh.ca\/fr\/stages-et-emplois-etudiants\/","og_site_name":"H\u00f4pital g\u00e9n\u00e9ral de Hawkesbury","article_modified_time":"2025-10-31T14:57:15+00:00","og_image":[{"width":960,"height":259,"url":"https:\/\/hgh.ca\/wp-content\/uploads\/2015\/09\/Student-placement.jpg","type":"image\/jpeg"}],"twitter_card":"summary_large_image","twitter_misc":{"Dur\u00e9e de lecture estim\u00e9e":"1 minute"},"schema":{"@context":"https:\/\/schema.org","@graph":[{"@type":"WebPage","@id":"https:\/\/hgh.ca\/fr\/stages-et-emplois-etudiants\/","url":"https:\/\/hgh.ca\/fr\/stages-et-emplois-etudiants\/","name":"Stages et emplois \u00e9tudiants - H\u00f4pital g\u00e9n\u00e9ral de Hawkesbury","isPartOf":{"@id":"https:\/\/hgh.ca\/#website"},"primaryImageOfPage":{"@id":"https:\/\/hgh.ca\/fr\/stages-et-emplois-etudiants\/#primaryimage"},"image":{"@id":"https:\/\/hgh.ca\/fr\/stages-et-emplois-etudiants\/#primaryimage"},"thumbnailUrl":"https:\/\/hgh.ca\/wp-content\/uploads\/2015\/09\/Student-placement.jpg","datePublished":"2025-10-31T14:52:49+00:00","dateModified":"2025-10-31T14:57:15+00:00","breadcrumb":{"@id":"https:\/\/hgh.ca\/fr\/stages-et-emplois-etudiants\/#breadcrumb"},"inLanguage":"fr-FR","potentialAction":[{"@type":"ReadAction","target":["https:\/\/hgh.ca\/fr\/stages-et-emplois-etudiants\/"]}]},{"@type":"ImageObject","inLanguage":"fr-FR","@id":"https:\/\/hgh.ca\/fr\/stages-et-emplois-etudiants\/#primaryimage","url":"https:\/\/hgh.ca\/wp-content\/uploads\/2015\/09\/Student-placement.jpg","contentUrl":"https:\/\/hgh.ca\/wp-content\/uploads\/2015\/09\/Student-placement.jpg","width":960,"height":259,"caption":"\" \""},{"@type":"BreadcrumbList","@id":"https:\/\/hgh.ca\/fr\/stages-et-emplois-etudiants\/#breadcrumb","itemListElement":[{"@type":"ListItem","position":1,"name":"Home","item":"https:\/\/hgh.ca\/fr\/"},{"@type":"ListItem","position":2,"name":"Stages et emplois \u00e9tudiants"}]},{"@type":"WebSite","@id":"https:\/\/hgh.ca\/#website","url":"https:\/\/hgh.ca\/","name":"H\u00f4pital g\u00e9n\u00e9ral de Hawkesbury","description":"Compassion, Innovation, Excellence","potentialAction":[{"@type":"SearchAction","target":{"@type":"EntryPoint","urlTemplate":"https:\/\/hgh.ca\/?s={search_term_string}"},"query-input":"required name=search_term_string"}],"inLanguage":"fr-FR"}]}},"_links":{"self":[{"href":"https:\/\/hgh.ca\/fr\/wp-json\/wp\/v2\/pages\/11709\/"}],"collection":[{"href":"https:\/\/hgh.ca\/fr\/wp-json\/wp\/v2\/pages\/"}],"about":[{"href":"https:\/\/hgh.ca\/fr\/wp-json\/wp\/v2\/types\/page\/"}],"author":[{"embeddable":true,"href":"https:\/\/hgh.ca\/fr\/wp-json\/wp\/v2\/users\/12\/"}],"replies":[{"embeddable":true,"href":"https:\/\/hgh.ca\/fr\/wp-json\/wp\/v2\/comments\/?post=11709"}],"version-history":[{"count":5,"href":"https:\/\/hgh.ca\/fr\/wp-json\/wp\/v2\/pages\/11709\/revisions\/"}],"predecessor-version":[{"id":12170,"href":"https:\/\/hgh.ca\/fr\/wp-json\/wp\/v2\/pages\/11709\/revisions\/12170\/"}],"up":[{"embeddable":true,"href":"https:\/\/hgh.ca\/fr\/wp-json\/wp\/v2\/pages\/11599\/"}],"wp:featuredmedia":[{"embeddable":true,"href":"https:\/\/hgh.ca\/fr\/wp-json\/wp\/v2\/media\/2425\/"}],"wp:attachment":[{"href":"https:\/\/hgh.ca\/fr\/wp-json\/wp\/v2\/media\/?parent=11709"}],"curies":[{"name":"wp","href":"https:\/\/api.w.org\/{rel}","templated":true}]}}