{"id":119,"date":"2015-02-20T19:27:45","date_gmt":"2015-02-20T19:27:45","guid":{"rendered":"http:\/\/hgh-site.clients.soshal.ca\/projet-de-reamenagement\/"},"modified":"2022-04-20T16:08:32","modified_gmt":"2022-04-20T20:08:32","slug":"projet-de-reamenagement","status":"publish","type":"page","link":"https:\/\/hgh.ca\/fr\/a-notre-sujet\/projet-de-reamenagement\/","title":{"rendered":"Projet de r\u00e9am\u00e9nagement"},"content":{"rendered":"<p>&nbsp;<\/p>\n<p><img loading=\"lazy\" decoding=\"async\" class=\"alignnone wp-image-7302 size-full\" src=\"https:\/\/hgh.ca\/wp-content\/uploads\/2021\/03\/HGH-Main-Entrance-960.jpg\" alt=\"Entr\u00e9e principale HGH\" width=\"960\" height=\"640\" srcset=\"https:\/\/hgh.ca\/wp-content\/uploads\/2021\/03\/HGH-Main-Entrance-960.jpg 960w, https:\/\/hgh.ca\/wp-content\/uploads\/2021\/03\/HGH-Main-Entrance-960-250x167.jpg 250w, https:\/\/hgh.ca\/wp-content\/uploads\/2021\/03\/HGH-Main-Entrance-960-700x467.jpg 700w, https:\/\/hgh.ca\/wp-content\/uploads\/2021\/03\/HGH-Main-Entrance-960-768x512.jpg 768w, https:\/\/hgh.ca\/wp-content\/uploads\/2021\/03\/HGH-Main-Entrance-960-120x80.jpg 120w\" sizes=\"(max-width: 960px) 100vw, 960px\" \/><\/p>\n<h2>Un h\u00f4pital communautaire local devient un h\u00f4pital r\u00e9gional \u00e0 service complet<\/h2>\n<p>Le projet de r\u00e9am\u00e9nagement de l\u2019H\u00f4pital g\u00e9n\u00e9ral de Hawkesbury et district (HGH) est termin\u00e9\u2009!<\/p>\n<p>Votre h\u00f4pital communautaire local est devenu un h\u00f4pital r\u00e9gional \u00e0 service complet gr\u00e2ce \u00e0 un investissement de 200\u00a0millions\u00a0$ en infrastructures, \u00e9quipements m\u00e9dicaux et technologies de pointe.<\/p>\n<p>Que signifie la fin du projet de r\u00e9am\u00e9nagement pour les patients\u2009? Les patients ont d\u00e9sormais acc\u00e8s \u00e0 des soins sp\u00e9cialis\u00e9s pr\u00e8s du domicile offerts dans des installations plus grandes et confortables.<\/p>\n<p>La p\u00e9riode de construction et de r\u00e9novation des \u00e9difices s&rsquo;est \u00e9tendue de 2015 \u00e0 2022, se soldant par l\u2019ajout de 165\u2009000 pieds carr\u00e9s d\u2019espace. Voyez tout ce que votre nouvel h\u00f4pital vous offre dans la section ci-dessous.<\/p>\n<h2>Composantes principales du projet de r\u00e9am\u00e9nagement<\/h2>\n<p>&nbsp;<\/p>\n<p><img loading=\"lazy\" decoding=\"async\" class=\"alignnone wp-image-8265 size-large\" src=\"https:\/\/hgh.ca\/wp-content\/uploads\/2022\/02\/plan-du-projet-de-reamenagement-hgh-700x334.png\" alt=\"Plan de l'h\u00f4pital pr\u00e9sentant les \u00e9l\u00e9ments du projet de r\u00e9am\u00e9nagement\" width=\"700\" height=\"334\" srcset=\"https:\/\/hgh.ca\/wp-content\/uploads\/2022\/02\/plan-du-projet-de-reamenagement-hgh-700x334.png 700w, https:\/\/hgh.ca\/wp-content\/uploads\/2022\/02\/plan-du-projet-de-reamenagement-hgh-250x119.png 250w, https:\/\/hgh.ca\/wp-content\/uploads\/2022\/02\/plan-du-projet-de-reamenagement-hgh-768x366.png 768w, https:\/\/hgh.ca\/wp-content\/uploads\/2022\/02\/plan-du-projet-de-reamenagement-hgh-120x57.png 120w, https:\/\/hgh.ca\/wp-content\/uploads\/2022\/02\/plan-du-projet-de-reamenagement-hgh.png 937w\" sizes=\"(max-width: 700px) 100vw, 700px\" \/><\/p>\n<h3><\/h3>\n<h3>Service d&rsquo;urgence et Unit\u00e9 de soins intensifs<\/h3>\n<ul>\n<li>Trois fois plus d\u2019espace \u2013 18 700 pieds carr\u00e9s dans de nouveaux locaux<\/li>\n<li>Urgence r\u00e9guli\u00e8re : 8 salles et une nouvelle unit\u00e9 de traumatologie<\/li>\n<li>Soins ambulatoires d&rsquo;urgence (EDAS) : 10 salles<\/li>\n<li>Unit\u00e9 de soins intensifs de niveau 2<\/li>\n<li>Con\u00e7u pour recevoir jusqu\u2019\u00e0 70 000 visites par ann\u00e9e<\/li>\n<li>Pleinement fonctionnel depuis septembre 2019<\/li>\n<li>Visitez la page du <a href=\"https:\/\/hgh.ca\/fr\/programmes-services\/urgence\/\">Service d&rsquo;urgence<\/a><\/li>\n<\/ul>\n<h3>Soins ambulatoires<\/h3>\n<ul>\n<li>Regroupement de toutes les cliniques sp\u00e9cialis\u00e9es dans un nouvel \u00e9difice de trois \u00e9tages de 72\u2009000 pi ca ouvert en janvier 2018<\/li>\n<li>Con\u00e7u pour recevoir 70\u2009000 visites par an<\/li>\n<li>Plus de 40 cliniques avec des sp\u00e9cialistes m\u00e9dicaux\/chirurgicaux et plus de 40\u2009000 visites par ann\u00e9e<\/li>\n<li>Services ambulatoires de r\u00e9adaptation<\/li>\n<li>H\u00e9modialyse<\/li>\n<li>Unit\u00e9 m\u00e9dicale de jour<\/li>\n<li>Service de cardiologie ambulatoire (diagnostics et consultations) ouvert en 2020<\/li>\n<li>Les cliniques de soins ambulatoires sont pr\u00e9sent\u00e9es dans la section <a href=\"https:\/\/hgh.ca\/fr\/programmes-services\/\">Programmes et services<\/a><\/li>\n<\/ul>\n<h3>Centre familial des naissances<\/h3>\n<ul>\n<li>Relocalisation du centre dans une nouvelle section de 11 000 pieds carr\u00e9s en mai 2017<\/li>\n<li>Cinq chambres sp\u00e9cialis\u00e9es pour le travail, l\u2019accouchement et la r\u00e9cup\u00e9ration<\/li>\n<li>Trois chambres r\u00e9guli\u00e8res<\/li>\n<li>Visitez la page du <a href=\"https:\/\/hgh.ca\/fr\/programmes-services\/centre-familial-des-naissances\/\">Centre familial des naissances<\/a><\/li>\n<\/ul>\n<h3>Services p\u00e9ri-op\u00e9ratoires<\/h3>\n<ul>\n<li>Nouvel \u00e9difice de 8\u2009600 pi ca \u00e9rig\u00e9 dans l\u2019ancienne cour int\u00e9rieure ouvert en 2016<\/li>\n<li>Trois nouvelles salles d\u2019op\u00e9ration \u00e0 la pointe de la technologie : deux ouvertes en 2016 et la troisi\u00e8me en 2020<\/li>\n<li>Lancement d\u2019un nouveau programme de chirurgie orthop\u00e9dique en 2020 incluant une proc\u00e9dure innovante pour le remplacement de la hanche utilisant l\u2019approche ant\u00e9rieure et r\u00e9alis\u00e9e en chirurgie de jour<\/li>\n<li>Lancement en 2021 d\u2019un nouveau programme de chirurgie ophtalmologique utilisant des technologies et des \u00e9quipements de pointe<\/li>\n<li>Conception am\u00e9liorant le flux et la s\u00e9curit\u00e9 des patients<\/li>\n<li>R\u00e9duction des temps d\u2019attente et am\u00e9lioration de l\u2019acc\u00e8s \u00e0 diff\u00e9rents types de sp\u00e9cialit\u00e9s chirurgicales<\/li>\n<li>Unit\u00e9 de retraitement des dispositifs m\u00e9dicaux compl\u00e8tement automatis\u00e9e et salle st\u00e9rile centrale<\/li>\n<li>Unit\u00e9 d\u2019endoscopie comprenant deux salles de proc\u00e9dures sp\u00e9cialis\u00e9es (avril 2022)<\/li>\n<li>Visitez la page des <a href=\"https:\/\/hgh.ca\/fr\/programmes-services\/services-peri-operatoires\/\">Services p\u00e9ri-op\u00e9ratoires<\/a><\/li>\n<\/ul>\n<h3>Nombre de lits<\/h3>\n<ul>\n<li>Augmentation du nombre de lits : de 69 \u00e0 100<\/li>\n<li>Nouveaux lits en soins aigus, soins intensifs et au centre familial des naissances<\/li>\n<li>Nouvelle unit\u00e9 de transition de 16 lits pr\u00eate \u00e0 ouvrir en 2022<\/li>\n<\/ul>\n<h3>Imagerie m\u00e9dicale<\/h3>\n<ul>\n<li>D\u00e9partement d\u2019imagerie m\u00e9dicale (10 100 pieds carr\u00e9s) \u00e0 service complet, dot\u00e9 d\u2019\u00e9quipements et de technologies de pointe ouvert en 2020<\/li>\n<li>Relocalisation des services d\u2019\u00e9chographie, de mammographie et d\u2019ost\u00e9odensitom\u00e9trie dans des locaux r\u00e9nov\u00e9s (2019)<\/li>\n<li>Nouveau tomodensitom\u00e8tre (CT) et pr\u00e8s de 13\u2009000 examens par an (2019)<\/li>\n<li>Nouveau service d\u2019imagerie par r\u00e9sonance magn\u00e9tique (IRM) et pr\u00e8s de 3\u2009000 examens par an (2020)<\/li>\n<li>Nouvelle salle de fluoroscopie (2020) et nouvel \u00e9quipement de radiologie (2021)<\/li>\n<li>B\u00e2timent con\u00e7u et espace r\u00e9serv\u00e9 pour la future m\u00e9decine nucl\u00e9aire<\/li>\n<li>Visitez la page de l\u2019<a href=\"https:\/\/hgh.ca\/fr\/programmes-services\/imagerie-diagnostique\/\">Imagerie m\u00e9dicale<\/a><\/li>\n<\/ul>\n<h3>Centre de formation<\/h3>\n<ul>\n<li>Installations pour les programmes de formation m\u00e9dicale dans le cadre de l\u2019affiliation acad\u00e9mique avec l\u2019Universit\u00e9 d\u2019Ottawa<\/li>\n<li>Installations \u00e9galement utilis\u00e9es pour les programmes de soins infirmiers avec le coll\u00e8ge communautaire La Cit\u00e9<\/li>\n<\/ul>\n<h3>Plateforme informatique de la sant\u00e9<\/h3>\n<ul>\n<li>Epic est un syst\u00e8me d\u2019information sant\u00e9 de pointe lanc\u00e9 en 2019<\/li>\n<li>Syst\u00e8me int\u00e9gr\u00e9 avec L\u2019H\u00f4pital d\u2019Ottawa et les \u00e9quipes locales de sant\u00e9 familiale<\/li>\n<li>Dossier m\u00e9dical \u00e9lectronique du patient via Epic et <a href=\"https:\/\/hgh.ca\/fr\/mychart\/\">MyChart<\/a><\/li>\n<li>Cr\u00e9ation d\u2019un environnement sans papier<\/li>\n<\/ul>\n","protected":false},"excerpt":{"rendered":"&nbsp; Un h\u00f4pital communautaire local devient un h\u00f4pital r\u00e9gional \u00e0 service complet Le projet de r\u00e9am\u00e9nagement de l\u2019H\u00f4pital g\u00e9n\u00e9ral de Hawkesbury et district (HGH) est termin\u00e9\u2009! Votre h\u00f4pital communautaire local est devenu un h\u00f4pital r\u00e9gional \u00e0 service complet gr\u00e2ce \u00e0 un investissement de 200\u00a0millions\u00a0$ en infrastructures, \u00e9quipements m\u00e9dicaux et technologies de pointe. Que signifie la&#8230; <a class=\"btn btn--primary\" href=\"https:\/\/hgh.ca\/fr\/a-notre-sujet\/projet-de-reamenagement\/\">Acc\u00e9der l&rsquo;article<\/a>","protected":false},"author":1,"featured_media":0,"parent":116,"menu_order":5,"comment_status":"open","ping_status":"open","template":"","meta":{"_acf_changed":false,"_exactmetrics_skip_tracking":false,"_exactmetrics_sitenote_active":false,"_exactmetrics_sitenote_note":"","_exactmetrics_sitenote_category":0,"footnotes":""},"class_list":["post-119","page","type-page","status-publish","hentry"],"acf":[],"yoast_head":"<!-- This site is optimized with the Yoast SEO plugin v23.0 - https:\/\/yoast.com\/wordpress\/plugins\/seo\/ -->\n<title>Projet de r\u00e9am\u00e9nagement - H\u00f4pital g\u00e9n\u00e9ral de Hawkesbury<\/title>\n<meta name=\"robots\" content=\"index, follow, max-snippet:-1, max-image-preview:large, max-video-preview:-1\" \/>\n<link rel=\"canonical\" href=\"https:\/\/hgh.ca\/fr\/about-hgh\/redevelopment-project\/\" \/>\n<meta property=\"og:locale\" content=\"fr_FR\" \/>\n<meta property=\"og:type\" content=\"article\" \/>\n<meta property=\"og:title\" content=\"Projet de r\u00e9am\u00e9nagement - H\u00f4pital g\u00e9n\u00e9ral de Hawkesbury\" \/>\n<meta property=\"og:description\" content=\"&nbsp; Un h\u00f4pital communautaire local devient un h\u00f4pital r\u00e9gional \u00e0 service complet Le projet de r\u00e9am\u00e9nagement de l\u2019H\u00f4pital g\u00e9n\u00e9ral de Hawkesbury et district (HGH) est termin\u00e9\u2009! Votre h\u00f4pital communautaire local est devenu un h\u00f4pital r\u00e9gional \u00e0 service complet gr\u00e2ce \u00e0 un investissement de 200\u00a0millions\u00a0$ en infrastructures, \u00e9quipements m\u00e9dicaux et technologies de pointe. Que signifie la... Acc\u00e9der l&#039;article\" \/>\n<meta property=\"og:url\" content=\"https:\/\/hgh.ca\/about-hgh\/redevelopment-project\/\" \/>\n<meta property=\"og:site_name\" content=\"H\u00f4pital g\u00e9n\u00e9ral de Hawkesbury\" \/>\n<meta property=\"article:modified_time\" content=\"2022-04-20T20:08:32+00:00\" \/>\n<meta property=\"og:image\" content=\"https:\/\/hgh.ca\/wp-content\/uploads\/2021\/03\/HGH-Main-Entrance-960.jpg\" \/>\n<meta name=\"twitter:card\" content=\"summary_large_image\" \/>\n<meta name=\"twitter:label1\" content=\"Dur\u00e9e de lecture estim\u00e9e\" \/>\n\t<meta name=\"twitter:data1\" content=\"4 minutes\" \/>\n<script type=\"application\/ld+json\" class=\"yoast-schema-graph\">{\"@context\":\"https:\/\/schema.org\",\"@graph\":[{\"@type\":\"WebPage\",\"@id\":\"https:\/\/hgh.ca\/about-hgh\/redevelopment-project\/\",\"url\":\"https:\/\/hgh.ca\/about-hgh\/redevelopment-project\/\",\"name\":\"Projet de r\u00e9am\u00e9nagement - H\u00f4pital g\u00e9n\u00e9ral de Hawkesbury\",\"isPartOf\":{\"@id\":\"https:\/\/hgh.ca\/#website\"},\"primaryImageOfPage\":{\"@id\":\"https:\/\/hgh.ca\/about-hgh\/redevelopment-project\/#primaryimage\"},\"image\":{\"@id\":\"https:\/\/hgh.ca\/about-hgh\/redevelopment-project\/#primaryimage\"},\"thumbnailUrl\":\"https:\/\/hgh.ca\/wp-content\/uploads\/2021\/03\/HGH-Main-Entrance-960.jpg\",\"datePublished\":\"2015-02-20T19:27:45+00:00\",\"dateModified\":\"2022-04-20T20:08:32+00:00\",\"breadcrumb\":{\"@id\":\"https:\/\/hgh.ca\/about-hgh\/redevelopment-project\/#breadcrumb\"},\"inLanguage\":\"fr-FR\",\"potentialAction\":[{\"@type\":\"ReadAction\",\"target\":[\"https:\/\/hgh.ca\/about-hgh\/redevelopment-project\/\"]}]},{\"@type\":\"ImageObject\",\"inLanguage\":\"fr-FR\",\"@id\":\"https:\/\/hgh.ca\/about-hgh\/redevelopment-project\/#primaryimage\",\"url\":\"https:\/\/hgh.ca\/wp-content\/uploads\/2021\/03\/HGH-Main-Entrance-960.jpg\",\"contentUrl\":\"https:\/\/hgh.ca\/wp-content\/uploads\/2021\/03\/HGH-Main-Entrance-960.jpg\"},{\"@type\":\"BreadcrumbList\",\"@id\":\"https:\/\/hgh.ca\/about-hgh\/redevelopment-project\/#breadcrumb\",\"itemListElement\":[{\"@type\":\"ListItem\",\"position\":1,\"name\":\"Home\",\"item\":\"https:\/\/hgh.ca\/fr\/\"},{\"@type\":\"ListItem\",\"position\":2,\"name\":\"\u00c0 notre sujet\",\"item\":\"https:\/\/hgh.ca\/fr\/a-notre-sujet\/\"},{\"@type\":\"ListItem\",\"position\":3,\"name\":\"Projet de r\u00e9am\u00e9nagement\"}]},{\"@type\":\"WebSite\",\"@id\":\"https:\/\/hgh.ca\/#website\",\"url\":\"https:\/\/hgh.ca\/\",\"name\":\"H\u00f4pital g\u00e9n\u00e9ral de Hawkesbury\",\"description\":\"Compassion, Innovation, Excellence\",\"potentialAction\":[{\"@type\":\"SearchAction\",\"target\":{\"@type\":\"EntryPoint\",\"urlTemplate\":\"https:\/\/hgh.ca\/?s={search_term_string}\"},\"query-input\":\"required name=search_term_string\"}],\"inLanguage\":\"fr-FR\"}]}<\/script>\n<!-- \/ Yoast SEO plugin. -->","yoast_head_json":{"title":"Projet de r\u00e9am\u00e9nagement - H\u00f4pital g\u00e9n\u00e9ral de Hawkesbury","robots":{"index":"index","follow":"follow","max-snippet":"max-snippet:-1","max-image-preview":"max-image-preview:large","max-video-preview":"max-video-preview:-1"},"canonical":"https:\/\/hgh.ca\/fr\/about-hgh\/redevelopment-project\/","og_locale":"fr_FR","og_type":"article","og_title":"Projet de r\u00e9am\u00e9nagement - H\u00f4pital g\u00e9n\u00e9ral de Hawkesbury","og_description":"&nbsp; Un h\u00f4pital communautaire local devient un h\u00f4pital r\u00e9gional \u00e0 service complet Le projet de r\u00e9am\u00e9nagement de l\u2019H\u00f4pital g\u00e9n\u00e9ral de Hawkesbury et district (HGH) est termin\u00e9\u2009! Votre h\u00f4pital communautaire local est devenu un h\u00f4pital r\u00e9gional \u00e0 service complet gr\u00e2ce \u00e0 un investissement de 200\u00a0millions\u00a0$ en infrastructures, \u00e9quipements m\u00e9dicaux et technologies de pointe. Que signifie la... Acc\u00e9der l'article","og_url":"https:\/\/hgh.ca\/about-hgh\/redevelopment-project\/","og_site_name":"H\u00f4pital g\u00e9n\u00e9ral de Hawkesbury","article_modified_time":"2022-04-20T20:08:32+00:00","og_image":[{"url":"https:\/\/hgh.ca\/wp-content\/uploads\/2021\/03\/HGH-Main-Entrance-960.jpg"}],"twitter_card":"summary_large_image","twitter_misc":{"Dur\u00e9e de lecture estim\u00e9e":"4 minutes"},"schema":{"@context":"https:\/\/schema.org","@graph":[{"@type":"WebPage","@id":"https:\/\/hgh.ca\/about-hgh\/redevelopment-project\/","url":"https:\/\/hgh.ca\/about-hgh\/redevelopment-project\/","name":"Projet de r\u00e9am\u00e9nagement - H\u00f4pital g\u00e9n\u00e9ral de Hawkesbury","isPartOf":{"@id":"https:\/\/hgh.ca\/#website"},"primaryImageOfPage":{"@id":"https:\/\/hgh.ca\/about-hgh\/redevelopment-project\/#primaryimage"},"image":{"@id":"https:\/\/hgh.ca\/about-hgh\/redevelopment-project\/#primaryimage"},"thumbnailUrl":"https:\/\/hgh.ca\/wp-content\/uploads\/2021\/03\/HGH-Main-Entrance-960.jpg","datePublished":"2015-02-20T19:27:45+00:00","dateModified":"2022-04-20T20:08:32+00:00","breadcrumb":{"@id":"https:\/\/hgh.ca\/about-hgh\/redevelopment-project\/#breadcrumb"},"inLanguage":"fr-FR","potentialAction":[{"@type":"ReadAction","target":["https:\/\/hgh.ca\/about-hgh\/redevelopment-project\/"]}]},{"@type":"ImageObject","inLanguage":"fr-FR","@id":"https:\/\/hgh.ca\/about-hgh\/redevelopment-project\/#primaryimage","url":"https:\/\/hgh.ca\/wp-content\/uploads\/2021\/03\/HGH-Main-Entrance-960.jpg","contentUrl":"https:\/\/hgh.ca\/wp-content\/uploads\/2021\/03\/HGH-Main-Entrance-960.jpg"},{"@type":"BreadcrumbList","@id":"https:\/\/hgh.ca\/about-hgh\/redevelopment-project\/#breadcrumb","itemListElement":[{"@type":"ListItem","position":1,"name":"Home","item":"https:\/\/hgh.ca\/fr\/"},{"@type":"ListItem","position":2,"name":"\u00c0 notre sujet","item":"https:\/\/hgh.ca\/fr\/a-notre-sujet\/"},{"@type":"ListItem","position":3,"name":"Projet de r\u00e9am\u00e9nagement"}]},{"@type":"WebSite","@id":"https:\/\/hgh.ca\/#website","url":"https:\/\/hgh.ca\/","name":"H\u00f4pital g\u00e9n\u00e9ral de Hawkesbury","description":"Compassion, Innovation, Excellence","potentialAction":[{"@type":"SearchAction","target":{"@type":"EntryPoint","urlTemplate":"https:\/\/hgh.ca\/?s={search_term_string}"},"query-input":"required name=search_term_string"}],"inLanguage":"fr-FR"}]}},"_links":{"self":[{"href":"https:\/\/hgh.ca\/fr\/wp-json\/wp\/v2\/pages\/119\/"}],"collection":[{"href":"https:\/\/hgh.ca\/fr\/wp-json\/wp\/v2\/pages\/"}],"about":[{"href":"https:\/\/hgh.ca\/fr\/wp-json\/wp\/v2\/types\/page\/"}],"author":[{"embeddable":true,"href":"https:\/\/hgh.ca\/fr\/wp-json\/wp\/v2\/users\/1\/"}],"replies":[{"embeddable":true,"href":"https:\/\/hgh.ca\/fr\/wp-json\/wp\/v2\/comments\/?post=119"}],"version-history":[{"count":7,"href":"https:\/\/hgh.ca\/fr\/wp-json\/wp\/v2\/pages\/119\/revisions\/"}],"predecessor-version":[{"id":8569,"href":"https:\/\/hgh.ca\/fr\/wp-json\/wp\/v2\/pages\/119\/revisions\/8569\/"}],"up":[{"embeddable":true,"href":"https:\/\/hgh.ca\/fr\/wp-json\/wp\/v2\/pages\/116\/"}],"wp:attachment":[{"href":"https:\/\/hgh.ca\/fr\/wp-json\/wp\/v2\/media\/?parent=119"}],"curies":[{"name":"wp","href":"https:\/\/api.w.org\/{rel}","templated":true}]}}