{"id":121,"date":"2015-02-20T19:27:46","date_gmt":"2015-02-20T19:27:46","guid":{"rendered":"http:\/\/hgh-site.clients.soshal.ca\/lequipe-de-leadership\/"},"modified":"2025-10-17T08:35:23","modified_gmt":"2025-10-17T12:35:23","slug":"lequipe-de-leadership","status":"publish","type":"page","link":"https:\/\/hgh.ca\/fr\/a-notre-sujet\/lequipe-de-leadership\/","title":{"rendered":"L&rsquo;\u00e9quipe de Leadership"},"content":{"rendered":"<h2><\/h2>\n","protected":false},"excerpt":{"rendered":"","protected":false},"author":1,"featured_media":0,"parent":116,"menu_order":7,"comment_status":"open","ping_status":"open","template":"template-profiles.php","meta":{"_acf_changed":false,"_exactmetrics_skip_tracking":false,"_exactmetrics_sitenote_active":false,"_exactmetrics_sitenote_note":"","_exactmetrics_sitenote_category":0,"footnotes":""},"class_list":["post-121","page","type-page","status-publish","hentry"],"acf":[],"yoast_head":"<!-- This site is optimized with the Yoast SEO plugin v23.0 - https:\/\/yoast.com\/wordpress\/plugins\/seo\/ -->\n<title>L&#039;\u00e9quipe de Leadership - H\u00f4pital g\u00e9n\u00e9ral de Hawkesbury<\/title>\n<meta name=\"robots\" content=\"index, follow, max-snippet:-1, max-image-preview:large, max-video-preview:-1\" \/>\n<link rel=\"canonical\" href=\"https:\/\/hgh.ca\/fr\/a-notre-sujet\/lequipe-de-leadership\/\" \/>\n<meta property=\"og:locale\" content=\"fr_FR\" \/>\n<meta property=\"og:type\" content=\"article\" \/>\n<meta property=\"og:title\" content=\"L&#039;\u00e9quipe de Leadership - H\u00f4pital g\u00e9n\u00e9ral de Hawkesbury\" \/>\n<meta property=\"og:url\" content=\"https:\/\/hgh.ca\/fr\/a-notre-sujet\/lequipe-de-leadership\/\" \/>\n<meta property=\"og:site_name\" content=\"H\u00f4pital g\u00e9n\u00e9ral de Hawkesbury\" \/>\n<meta property=\"article:modified_time\" content=\"2025-10-17T12:35:23+00:00\" \/>\n<meta name=\"twitter:card\" content=\"summary_large_image\" \/>\n<script type=\"application\/ld+json\" class=\"yoast-schema-graph\">{\"@context\":\"https:\/\/schema.org\",\"@graph\":[{\"@type\":\"WebPage\",\"@id\":\"https:\/\/hgh.ca\/fr\/a-notre-sujet\/lequipe-de-leadership\/\",\"url\":\"https:\/\/hgh.ca\/fr\/a-notre-sujet\/lequipe-de-leadership\/\",\"name\":\"L'\u00e9quipe de Leadership - H\u00f4pital g\u00e9n\u00e9ral de Hawkesbury\",\"isPartOf\":{\"@id\":\"https:\/\/hgh.ca\/#website\"},\"datePublished\":\"2015-02-20T19:27:46+00:00\",\"dateModified\":\"2025-10-17T12:35:23+00:00\",\"breadcrumb\":{\"@id\":\"https:\/\/hgh.ca\/fr\/a-notre-sujet\/lequipe-de-leadership\/#breadcrumb\"},\"inLanguage\":\"fr-FR\",\"potentialAction\":[{\"@type\":\"ReadAction\",\"target\":[\"https:\/\/hgh.ca\/fr\/a-notre-sujet\/lequipe-de-leadership\/\"]}]},{\"@type\":\"BreadcrumbList\",\"@id\":\"https:\/\/hgh.ca\/fr\/a-notre-sujet\/lequipe-de-leadership\/#breadcrumb\",\"itemListElement\":[{\"@type\":\"ListItem\",\"position\":1,\"name\":\"Home\",\"item\":\"https:\/\/hgh.ca\/fr\/\"},{\"@type\":\"ListItem\",\"position\":2,\"name\":\"\u00c0 notre sujet\",\"item\":\"https:\/\/hgh.ca\/fr\/a-notre-sujet\/\"},{\"@type\":\"ListItem\",\"position\":3,\"name\":\"L&#8217;\u00e9quipe de Leadership\"}]},{\"@type\":\"WebSite\",\"@id\":\"https:\/\/hgh.ca\/#website\",\"url\":\"https:\/\/hgh.ca\/\",\"name\":\"H\u00f4pital g\u00e9n\u00e9ral de Hawkesbury\",\"description\":\"Compassion, Innovation, Excellence\",\"potentialAction\":[{\"@type\":\"SearchAction\",\"target\":{\"@type\":\"EntryPoint\",\"urlTemplate\":\"https:\/\/hgh.ca\/?s={search_term_string}\"},\"query-input\":\"required name=search_term_string\"}],\"inLanguage\":\"fr-FR\"}]}<\/script>\n<!-- \/ Yoast SEO plugin. -->","yoast_head_json":{"title":"L'\u00e9quipe de Leadership - H\u00f4pital g\u00e9n\u00e9ral de Hawkesbury","robots":{"index":"index","follow":"follow","max-snippet":"max-snippet:-1","max-image-preview":"max-image-preview:large","max-video-preview":"max-video-preview:-1"},"canonical":"https:\/\/hgh.ca\/fr\/a-notre-sujet\/lequipe-de-leadership\/","og_locale":"fr_FR","og_type":"article","og_title":"L'\u00e9quipe de Leadership - H\u00f4pital g\u00e9n\u00e9ral de Hawkesbury","og_url":"https:\/\/hgh.ca\/fr\/a-notre-sujet\/lequipe-de-leadership\/","og_site_name":"H\u00f4pital g\u00e9n\u00e9ral de Hawkesbury","article_modified_time":"2025-10-17T12:35:23+00:00","twitter_card":"summary_large_image","schema":{"@context":"https:\/\/schema.org","@graph":[{"@type":"WebPage","@id":"https:\/\/hgh.ca\/fr\/a-notre-sujet\/lequipe-de-leadership\/","url":"https:\/\/hgh.ca\/fr\/a-notre-sujet\/lequipe-de-leadership\/","name":"L'\u00e9quipe de Leadership - H\u00f4pital g\u00e9n\u00e9ral de Hawkesbury","isPartOf":{"@id":"https:\/\/hgh.ca\/#website"},"datePublished":"2015-02-20T19:27:46+00:00","dateModified":"2025-10-17T12:35:23+00:00","breadcrumb":{"@id":"https:\/\/hgh.ca\/fr\/a-notre-sujet\/lequipe-de-leadership\/#breadcrumb"},"inLanguage":"fr-FR","potentialAction":[{"@type":"ReadAction","target":["https:\/\/hgh.ca\/fr\/a-notre-sujet\/lequipe-de-leadership\/"]}]},{"@type":"BreadcrumbList","@id":"https:\/\/hgh.ca\/fr\/a-notre-sujet\/lequipe-de-leadership\/#breadcrumb","itemListElement":[{"@type":"ListItem","position":1,"name":"Home","item":"https:\/\/hgh.ca\/fr\/"},{"@type":"ListItem","position":2,"name":"\u00c0 notre sujet","item":"https:\/\/hgh.ca\/fr\/a-notre-sujet\/"},{"@type":"ListItem","position":3,"name":"L&#8217;\u00e9quipe de Leadership"}]},{"@type":"WebSite","@id":"https:\/\/hgh.ca\/#website","url":"https:\/\/hgh.ca\/","name":"H\u00f4pital g\u00e9n\u00e9ral de Hawkesbury","description":"Compassion, Innovation, Excellence","potentialAction":[{"@type":"SearchAction","target":{"@type":"EntryPoint","urlTemplate":"https:\/\/hgh.ca\/?s={search_term_string}"},"query-input":"required name=search_term_string"}],"inLanguage":"fr-FR"}]}},"_links":{"self":[{"href":"https:\/\/hgh.ca\/fr\/wp-json\/wp\/v2\/pages\/121\/"}],"collection":[{"href":"https:\/\/hgh.ca\/fr\/wp-json\/wp\/v2\/pages\/"}],"about":[{"href":"https:\/\/hgh.ca\/fr\/wp-json\/wp\/v2\/types\/page\/"}],"author":[{"embeddable":true,"href":"https:\/\/hgh.ca\/fr\/wp-json\/wp\/v2\/users\/1\/"}],"replies":[{"embeddable":true,"href":"https:\/\/hgh.ca\/fr\/wp-json\/wp\/v2\/comments\/?post=121"}],"version-history":[{"count":7,"href":"https:\/\/hgh.ca\/fr\/wp-json\/wp\/v2\/pages\/121\/revisions\/"}],"predecessor-version":[{"id":12122,"href":"https:\/\/hgh.ca\/fr\/wp-json\/wp\/v2\/pages\/121\/revisions\/12122\/"}],"up":[{"embeddable":true,"href":"https:\/\/hgh.ca\/fr\/wp-json\/wp\/v2\/pages\/116\/"}],"wp:attachment":[{"href":"https:\/\/hgh.ca\/fr\/wp-json\/wp\/v2\/media\/?parent=121"}],"curies":[{"name":"wp","href":"https:\/\/api.w.org\/{rel}","templated":true}]}}