{"id":124,"date":"2015-02-20T19:28:52","date_gmt":"2015-02-20T19:28:52","guid":{"rendered":"http:\/\/hgh-site.clients.soshal.ca\/decouvrez-lhgh\/mission-vision-valeurs\/"},"modified":"2025-03-24T08:38:59","modified_gmt":"2025-03-24T12:38:59","slug":"vision-mission-valeurs","status":"publish","type":"page","link":"https:\/\/hgh.ca\/fr\/a-notre-sujet\/vision-mission-valeurs\/","title":{"rendered":"Vision, mission, valeurs"},"content":{"rendered":"<h2>Notre vision<\/h2>\n<p><span style=\"font-size: 16px\">R\u00e9imaginer les soins de sant\u00e9 pour les Canadiens au-del\u00e0 des villes.<\/span><\/p>\n<h2>Notre mission<\/h2>\n<ul>\n<li>\u00c0 L\u2019HGH, nous sommes une famille qui prend soin de vous comme l\u2019un des n\u00f4tres.<\/li>\n<li>Offrir des soins bilingues exceptionnels tout en reconnaissant l\u2019h\u00e9ritage franco-ontarien de l\u2019h\u00f4pital.<\/li>\n<li>La compassion, l\u2019innovation et l\u2019excellence guident chaque d\u00e9cision.<\/li>\n<\/ul>\n<h2>Nos valeurs<\/h2>\n<ul>\n<li>Bienveillance :\u00a0Inspir\u00e9 par la gentillesse, accompagner chaque patient, chaque famille et chaque coll\u00e8gue, en reconnaissant leur singularit\u00e9 et en respectant leurs opinions.<\/li>\n<li>Collaboration :\u00a0Une \u00e9quipe o\u00f9 chaque voix compte \u2014 collaborer \u00e9troitement avec les patients et les familles pour prendre des d\u00e9cisions \u00e9clair\u00e9es et pleinement partag\u00e9es.<\/li>\n<li>Int\u00e9grit\u00e9 :\u00a0Honn\u00eatet\u00e9 et \u00e9thique absolue dans chaque action et d\u00e9cision, pour b\u00e2tir et renforcer la confiance.<\/li>\n<li>Qualit\u00e9 :\u00a0Innovants et personnalis\u00e9s, les soins ne cessent d\u2019\u00e9voluer afin d\u2019\u00e9lever les normes, d\u2019am\u00e9liorer les r\u00e9sultats et de prioriser les patients.<\/li>\n<li>Respect :\u00a0Honorer chaque personne \u2014 patient, famille et coll\u00e8gue \u2014 en valorisant les diff\u00e9rences et en cultivant une communaut\u00e9 o\u00f9 chacun a sa place.<\/li>\n<\/ul>\n","protected":false},"excerpt":{"rendered":"Notre vision R\u00e9imaginer les soins de sant\u00e9 pour les Canadiens au-del\u00e0 des villes. Notre mission \u00c0 L\u2019HGH, nous sommes une famille qui prend soin de vous comme l\u2019un des n\u00f4tres. Offrir des soins bilingues exceptionnels tout en reconnaissant l\u2019h\u00e9ritage franco-ontarien de l\u2019h\u00f4pital. La compassion, l\u2019innovation et l\u2019excellence guident chaque d\u00e9cision. Nos valeurs Bienveillance :\u00a0Inspir\u00e9 par&#8230; <a class=\"btn btn--primary\" href=\"https:\/\/hgh.ca\/fr\/a-notre-sujet\/vision-mission-valeurs\/\">Acc\u00e9der l&rsquo;article<\/a>","protected":false},"author":1,"featured_media":0,"parent":116,"menu_order":2,"comment_status":"open","ping_status":"open","template":"","meta":{"_acf_changed":false,"_exactmetrics_skip_tracking":false,"_exactmetrics_sitenote_active":false,"_exactmetrics_sitenote_note":"","_exactmetrics_sitenote_category":0,"footnotes":""},"class_list":["post-124","page","type-page","status-publish","hentry"],"acf":[],"yoast_head":"<!-- This site is optimized with the Yoast SEO plugin v23.0 - https:\/\/yoast.com\/wordpress\/plugins\/seo\/ -->\n<title>Vision, mission, valeurs - H\u00f4pital g\u00e9n\u00e9ral de Hawkesbury<\/title>\n<meta name=\"description\" content=\"La mission, la vision et les valeurs de l&#039;H\u00f4pital g\u00e9n\u00e9ral de Hawkesbury et district.\" \/>\n<meta name=\"robots\" content=\"index, follow, max-snippet:-1, max-image-preview:large, max-video-preview:-1\" \/>\n<link rel=\"canonical\" href=\"https:\/\/hgh.ca\/fr\/a-notre-sujet\/vision-mission-valeurs\/\" \/>\n<meta property=\"og:locale\" content=\"fr_FR\" \/>\n<meta property=\"og:type\" content=\"article\" \/>\n<meta property=\"og:title\" content=\"Vision, mission, valeurs - H\u00f4pital g\u00e9n\u00e9ral de Hawkesbury\" \/>\n<meta property=\"og:description\" content=\"La mission, la vision et les valeurs de l&#039;H\u00f4pital g\u00e9n\u00e9ral de Hawkesbury et district.\" \/>\n<meta property=\"og:url\" content=\"https:\/\/hgh.ca\/fr\/a-notre-sujet\/vision-mission-valeurs\/\" \/>\n<meta property=\"og:site_name\" content=\"H\u00f4pital g\u00e9n\u00e9ral de Hawkesbury\" \/>\n<meta property=\"article:modified_time\" content=\"2025-03-24T12:38:59+00:00\" \/>\n<meta name=\"twitter:card\" content=\"summary_large_image\" \/>\n<meta name=\"twitter:label1\" content=\"Dur\u00e9e de lecture estim\u00e9e\" \/>\n\t<meta name=\"twitter:data1\" content=\"1 minute\" \/>\n<script type=\"application\/ld+json\" class=\"yoast-schema-graph\">{\"@context\":\"https:\/\/schema.org\",\"@graph\":[{\"@type\":\"WebPage\",\"@id\":\"https:\/\/hgh.ca\/fr\/a-notre-sujet\/vision-mission-valeurs\/\",\"url\":\"https:\/\/hgh.ca\/fr\/a-notre-sujet\/vision-mission-valeurs\/\",\"name\":\"Vision, mission, valeurs - H\u00f4pital g\u00e9n\u00e9ral de Hawkesbury\",\"isPartOf\":{\"@id\":\"https:\/\/hgh.ca\/#website\"},\"datePublished\":\"2015-02-20T19:28:52+00:00\",\"dateModified\":\"2025-03-24T12:38:59+00:00\",\"description\":\"La mission, la vision et les valeurs de l'H\u00f4pital g\u00e9n\u00e9ral de Hawkesbury et district.\",\"breadcrumb\":{\"@id\":\"https:\/\/hgh.ca\/fr\/a-notre-sujet\/vision-mission-valeurs\/#breadcrumb\"},\"inLanguage\":\"fr-FR\",\"potentialAction\":[{\"@type\":\"ReadAction\",\"target\":[\"https:\/\/hgh.ca\/fr\/a-notre-sujet\/vision-mission-valeurs\/\"]}]},{\"@type\":\"BreadcrumbList\",\"@id\":\"https:\/\/hgh.ca\/fr\/a-notre-sujet\/vision-mission-valeurs\/#breadcrumb\",\"itemListElement\":[{\"@type\":\"ListItem\",\"position\":1,\"name\":\"Home\",\"item\":\"https:\/\/hgh.ca\/fr\/\"},{\"@type\":\"ListItem\",\"position\":2,\"name\":\"\u00c0 notre sujet\",\"item\":\"https:\/\/hgh.ca\/fr\/a-notre-sujet\/\"},{\"@type\":\"ListItem\",\"position\":3,\"name\":\"Vision, mission, valeurs\"}]},{\"@type\":\"WebSite\",\"@id\":\"https:\/\/hgh.ca\/#website\",\"url\":\"https:\/\/hgh.ca\/\",\"name\":\"H\u00f4pital g\u00e9n\u00e9ral de Hawkesbury\",\"description\":\"Compassion, Innovation, Excellence\",\"potentialAction\":[{\"@type\":\"SearchAction\",\"target\":{\"@type\":\"EntryPoint\",\"urlTemplate\":\"https:\/\/hgh.ca\/?s={search_term_string}\"},\"query-input\":\"required name=search_term_string\"}],\"inLanguage\":\"fr-FR\"}]}<\/script>\n<!-- \/ Yoast SEO plugin. -->","yoast_head_json":{"title":"Vision, mission, valeurs - H\u00f4pital g\u00e9n\u00e9ral de Hawkesbury","description":"La mission, la vision et les valeurs de l'H\u00f4pital g\u00e9n\u00e9ral de Hawkesbury et district.","robots":{"index":"index","follow":"follow","max-snippet":"max-snippet:-1","max-image-preview":"max-image-preview:large","max-video-preview":"max-video-preview:-1"},"canonical":"https:\/\/hgh.ca\/fr\/a-notre-sujet\/vision-mission-valeurs\/","og_locale":"fr_FR","og_type":"article","og_title":"Vision, mission, valeurs - H\u00f4pital g\u00e9n\u00e9ral de Hawkesbury","og_description":"La mission, la vision et les valeurs de l'H\u00f4pital g\u00e9n\u00e9ral de Hawkesbury et district.","og_url":"https:\/\/hgh.ca\/fr\/a-notre-sujet\/vision-mission-valeurs\/","og_site_name":"H\u00f4pital g\u00e9n\u00e9ral de Hawkesbury","article_modified_time":"2025-03-24T12:38:59+00:00","twitter_card":"summary_large_image","twitter_misc":{"Dur\u00e9e de lecture estim\u00e9e":"1 minute"},"schema":{"@context":"https:\/\/schema.org","@graph":[{"@type":"WebPage","@id":"https:\/\/hgh.ca\/fr\/a-notre-sujet\/vision-mission-valeurs\/","url":"https:\/\/hgh.ca\/fr\/a-notre-sujet\/vision-mission-valeurs\/","name":"Vision, mission, valeurs - H\u00f4pital g\u00e9n\u00e9ral de Hawkesbury","isPartOf":{"@id":"https:\/\/hgh.ca\/#website"},"datePublished":"2015-02-20T19:28:52+00:00","dateModified":"2025-03-24T12:38:59+00:00","description":"La mission, la vision et les valeurs de l'H\u00f4pital g\u00e9n\u00e9ral de Hawkesbury et district.","breadcrumb":{"@id":"https:\/\/hgh.ca\/fr\/a-notre-sujet\/vision-mission-valeurs\/#breadcrumb"},"inLanguage":"fr-FR","potentialAction":[{"@type":"ReadAction","target":["https:\/\/hgh.ca\/fr\/a-notre-sujet\/vision-mission-valeurs\/"]}]},{"@type":"BreadcrumbList","@id":"https:\/\/hgh.ca\/fr\/a-notre-sujet\/vision-mission-valeurs\/#breadcrumb","itemListElement":[{"@type":"ListItem","position":1,"name":"Home","item":"https:\/\/hgh.ca\/fr\/"},{"@type":"ListItem","position":2,"name":"\u00c0 notre sujet","item":"https:\/\/hgh.ca\/fr\/a-notre-sujet\/"},{"@type":"ListItem","position":3,"name":"Vision, mission, valeurs"}]},{"@type":"WebSite","@id":"https:\/\/hgh.ca\/#website","url":"https:\/\/hgh.ca\/","name":"H\u00f4pital g\u00e9n\u00e9ral de Hawkesbury","description":"Compassion, Innovation, Excellence","potentialAction":[{"@type":"SearchAction","target":{"@type":"EntryPoint","urlTemplate":"https:\/\/hgh.ca\/?s={search_term_string}"},"query-input":"required name=search_term_string"}],"inLanguage":"fr-FR"}]}},"_links":{"self":[{"href":"https:\/\/hgh.ca\/fr\/wp-json\/wp\/v2\/pages\/124\/"}],"collection":[{"href":"https:\/\/hgh.ca\/fr\/wp-json\/wp\/v2\/pages\/"}],"about":[{"href":"https:\/\/hgh.ca\/fr\/wp-json\/wp\/v2\/types\/page\/"}],"author":[{"embeddable":true,"href":"https:\/\/hgh.ca\/fr\/wp-json\/wp\/v2\/users\/1\/"}],"replies":[{"embeddable":true,"href":"https:\/\/hgh.ca\/fr\/wp-json\/wp\/v2\/comments\/?post=124"}],"version-history":[{"count":6,"href":"https:\/\/hgh.ca\/fr\/wp-json\/wp\/v2\/pages\/124\/revisions\/"}],"predecessor-version":[{"id":10531,"href":"https:\/\/hgh.ca\/fr\/wp-json\/wp\/v2\/pages\/124\/revisions\/10531\/"}],"up":[{"embeddable":true,"href":"https:\/\/hgh.ca\/fr\/wp-json\/wp\/v2\/pages\/116\/"}],"wp:attachment":[{"href":"https:\/\/hgh.ca\/fr\/wp-json\/wp\/v2\/media\/?parent=124"}],"curies":[{"name":"wp","href":"https:\/\/api.w.org\/{rel}","templated":true}]}}