{"id":142,"date":"2015-02-20T19:40:09","date_gmt":"2015-02-20T19:40:09","guid":{"rendered":"http:\/\/hgh-site.clients.soshal.ca\/nous-joindre\/"},"modified":"2025-07-23T08:57:15","modified_gmt":"2025-07-23T12:57:15","slug":"nous-joindre","status":"publish","type":"page","link":"https:\/\/hgh.ca\/fr\/nous-joindre\/","title":{"rendered":"Nous joindre"},"content":{"rendered":"<h2>Campus principal<\/h2>\n<h3>H\u00f4pital g\u00e9n\u00e9ral de Hawkesbury et district (HGH)<\/h3>\n<p>1111, rue Ghislain<br \/>\nHawkesbury, ON K6A 3G5<br \/>\n613-632-1111<\/p>\n<p><strong>Centrale de rendez-vous\u00a0:<\/strong> 613-632-1111, option 1<\/p>\n<p><strong>Commentaires et suggestions\u00a0:<\/strong> 613-632-1111, poste 51702 ou consultez notre page <a href=\"https:\/\/hgh.ca\/fr\/vos-commentaires\/\">Commentaires<\/a><\/p>\n<p>Pour les coordonn\u00e9es des diff\u00e9rents services offerts aux patients, consultez <a href=\"https:\/\/hgh.ca\/fr\/programmes-services\/\">Programmes et services.<\/a><\/p>\n<p>Pour les coordonn\u00e9es de nos centres satellites, d\u00e9filez vers le bas de cette page.<\/p>\n<p>Pour de l&rsquo;information sur le dossier m\u00e9dical et le Service des archives m\u00e9dicales, visitez la section <a href=\"https:\/\/hgh.ca\/fr\/patients-familles\/dossier-medical-et-archives\/\">Patients et familles<\/a>.<\/p>\n<h3>Heures d&rsquo;ouverture et heures de visite<\/h3>\n<p>Le Service d&rsquo;urgence est ouvert 24 heures par jour, 7 jours par semaine.<\/p>\n<p>Les Cliniques ambulatoires sont habituellement ouvertes du lundi au vendredi et sont ferm\u00e9es les <a href=\"#cong\u00e9s\">jours f\u00e9ri\u00e9s<\/a>.<\/p>\n<p>Pour conna\u00eetre les jours et les heures d&rsquo;affaires sp\u00e9cifiques \u00e0 chaque clinique, visitez la section Coordonn\u00e9es dans <a href=\"https:\/\/hgh.ca\/fr\/programmes-services\/\">Programmes et services<\/a>.<\/p>\n<p>Pour conna\u00eetre les heures de visite des patients hospitalis\u00e9s, visitez la section <a href=\"https:\/\/hgh.ca\/fr\/patients\/#subtab2-7\">Patients et familles<\/a> ou la page <a href=\"https:\/\/hgh.ca\/fr\/programmes-services\/centre-familial-des-naissances\/\">Centre familial des naissances<\/a>.<\/p>\n<hr \/>\n<h3 id=\"planhopital\">Plan de l&rsquo;h\u00f4pital<\/h3>\n<p><img loading=\"lazy\" decoding=\"async\" class=\"alignnone wp-image-7322 size-full\" src=\"https:\/\/hgh.ca\/wp-content\/uploads\/2021\/04\/HGH-Plan-FR-1200.jpg\" alt=\"Plan de l'HGH, incluant emplacement des cliniques, entr\u00e9es et stationnements\" width=\"1200\" height=\"675\" srcset=\"https:\/\/hgh.ca\/wp-content\/uploads\/2021\/04\/HGH-Plan-FR-1200.jpg 1200w, https:\/\/hgh.ca\/wp-content\/uploads\/2021\/04\/HGH-Plan-FR-1200-250x141.jpg 250w, https:\/\/hgh.ca\/wp-content\/uploads\/2021\/04\/HGH-Plan-FR-1200-700x394.jpg 700w, https:\/\/hgh.ca\/wp-content\/uploads\/2021\/04\/HGH-Plan-FR-1200-768x432.jpg 768w, https:\/\/hgh.ca\/wp-content\/uploads\/2021\/04\/HGH-Plan-FR-1200-120x68.jpg 120w, https:\/\/hgh.ca\/wp-content\/uploads\/2021\/04\/HGH-Plan-FR-1200-960x540.jpg 960w\" sizes=\"(max-width: 1200px) 100vw, 1200px\" \/><\/p>\n<hr \/>\n<h2>Centres satellites<\/h2>\n<h3>Centre r\u00e9gional de sant\u00e9 mentale et toxicomanie<\/h3>\n<p>580, avenue Spence<br \/>\nHawkesbury, ON K6A\u00a00B4<br \/>\nT\u00e9l\u00e9phone : 1-844-304-1414<\/p>\n<hr \/>\n<h3>Centre satellite de Casselman<\/h3>\n<p>710, rue Principale<br \/>\nCasselman, ON K0A 1M0<br \/>\nT\u00e9l\u00e9phone\u00a0: 613-764-5464<\/p>\n<hr \/>\n<h3>Centre satellite de Clarence-Rockland<\/h3>\n<p>1905, rue Laurier<br \/>\nRockland, ON 4K4 0C6<br \/>\nT\u00e9l\u00e9phone\u00a0: 613-446-6776<\/p>\n<hr \/>\n<h2 id=\"cong\u00e9s\">Jours de cong\u00e9<\/h2>\n<p>Certains services et bureaux sont ferm\u00e9s les jours f\u00e9ri\u00e9s. Lorsque les jours f\u00e9ri\u00e9s tombent le samedi ou le dimanche, le cong\u00e9 est report\u00e9 au lundi suivant.<\/p>\n<h3>2025<\/h3>\n<p>Jour de l\u2019An \u2013\u00a0 1<sup>er<\/sup> janvier<br \/>\nLendemain du Jour de l\u2019An \u2013 2 janvier<br \/>\nJourn\u00e9e de la Famille \u2013 17 f\u00e9vrier<br \/>\nVendredi Saint \u2013\u00a0 18 avril<br \/>\nF\u00eate de la Reine Victoria \u2013 19 mai<br \/>\nF\u00eate du Canada \u2013 1er juillet<br \/>\nCong\u00e9 civique \u2013 4 ao\u00fbt<br \/>\nF\u00eate du Travail \u20131<sup>er<\/sup> septembre<br \/>\nAction de gr\u00e2ce \u2013 13 octobre<br \/>\nJour du souvenir \u2013 11 novembre<br \/>\nNo\u00ebl \u2013 25 d\u00e9cembre<br \/>\nLendemain de No\u00ebl \u2013 26 d\u00e9cembre<\/p>\n<p>&nbsp;<\/p>\n","protected":false},"excerpt":{"rendered":"Campus principal H\u00f4pital g\u00e9n\u00e9ral de Hawkesbury et district (HGH) 1111, rue Ghislain Hawkesbury, ON K6A 3G5 613-632-1111 Centrale de rendez-vous\u00a0: 613-632-1111, option 1 Commentaires et suggestions\u00a0: 613-632-1111, poste 51702 ou consultez notre page Commentaires Pour les coordonn\u00e9es des diff\u00e9rents services offerts aux patients, consultez Programmes et services. Pour les coordonn\u00e9es de nos centres satellites, d\u00e9filez&#8230; <a class=\"btn btn--primary\" href=\"https:\/\/hgh.ca\/fr\/nous-joindre\/\">Acc\u00e9der l&rsquo;article<\/a>","protected":false},"author":1,"featured_media":0,"parent":0,"menu_order":16,"comment_status":"open","ping_status":"open","template":"","meta":{"_acf_changed":false,"_exactmetrics_skip_tracking":false,"_exactmetrics_sitenote_active":false,"_exactmetrics_sitenote_note":"","_exactmetrics_sitenote_category":0,"footnotes":""},"class_list":["post-142","page","type-page","status-publish","hentry"],"acf":[],"yoast_head":"<!-- This site is optimized with the Yoast SEO plugin v23.0 - https:\/\/yoast.com\/wordpress\/plugins\/seo\/ -->\n<title>Nous joindre - H\u00f4pital g\u00e9n\u00e9ral de Hawkesbury<\/title>\n<meta name=\"description\" content=\"L&#039;HGH est au 1111, rue Ghislain, Hawkesbury, ON K6A 3G5. T\u00e9l\u00e9phone: 613-632-1111. L&#039;Urgence est ouverte 24 heures par jour, 7 jours semaine.\" \/>\n<meta name=\"robots\" content=\"index, follow, max-snippet:-1, max-image-preview:large, max-video-preview:-1\" \/>\n<link rel=\"canonical\" href=\"https:\/\/hgh.ca\/fr\/nous-joindre\/\" \/>\n<meta property=\"og:locale\" content=\"fr_FR\" \/>\n<meta property=\"og:type\" content=\"article\" \/>\n<meta property=\"og:title\" content=\"Nous joindre - H\u00f4pital g\u00e9n\u00e9ral de Hawkesbury\" \/>\n<meta property=\"og:description\" content=\"L&#039;HGH est au 1111, rue Ghislain, Hawkesbury, ON K6A 3G5. T\u00e9l\u00e9phone: 613-632-1111. L&#039;Urgence est ouverte 24 heures par jour, 7 jours semaine.\" \/>\n<meta property=\"og:url\" content=\"https:\/\/hgh.ca\/fr\/nous-joindre\/\" \/>\n<meta property=\"og:site_name\" content=\"H\u00f4pital g\u00e9n\u00e9ral de Hawkesbury\" \/>\n<meta property=\"article:modified_time\" content=\"2025-07-23T12:57:15+00:00\" \/>\n<meta property=\"og:image\" content=\"https:\/\/hgh.ca\/wp-content\/uploads\/2021\/04\/HGH-Plan-FR-1200.jpg\" \/>\n<meta name=\"twitter:card\" content=\"summary_large_image\" \/>\n<meta name=\"twitter:label1\" content=\"Dur\u00e9e de lecture estim\u00e9e\" \/>\n\t<meta name=\"twitter:data1\" content=\"2 minutes\" \/>\n<script type=\"application\/ld+json\" class=\"yoast-schema-graph\">{\"@context\":\"https:\/\/schema.org\",\"@graph\":[{\"@type\":\"WebPage\",\"@id\":\"https:\/\/hgh.ca\/fr\/nous-joindre\/\",\"url\":\"https:\/\/hgh.ca\/fr\/nous-joindre\/\",\"name\":\"Nous joindre - H\u00f4pital g\u00e9n\u00e9ral de Hawkesbury\",\"isPartOf\":{\"@id\":\"https:\/\/hgh.ca\/#website\"},\"primaryImageOfPage\":{\"@id\":\"https:\/\/hgh.ca\/fr\/nous-joindre\/#primaryimage\"},\"image\":{\"@id\":\"https:\/\/hgh.ca\/fr\/nous-joindre\/#primaryimage\"},\"thumbnailUrl\":\"https:\/\/hgh.ca\/wp-content\/uploads\/2021\/04\/HGH-Plan-FR-1200.jpg\",\"datePublished\":\"2015-02-20T19:40:09+00:00\",\"dateModified\":\"2025-07-23T12:57:15+00:00\",\"description\":\"L'HGH est au 1111, rue Ghislain, Hawkesbury, ON K6A 3G5. T\u00e9l\u00e9phone: 613-632-1111. L'Urgence est ouverte 24 heures par jour, 7 jours semaine.\",\"breadcrumb\":{\"@id\":\"https:\/\/hgh.ca\/fr\/nous-joindre\/#breadcrumb\"},\"inLanguage\":\"fr-FR\",\"potentialAction\":[{\"@type\":\"ReadAction\",\"target\":[\"https:\/\/hgh.ca\/fr\/nous-joindre\/\"]}]},{\"@type\":\"ImageObject\",\"inLanguage\":\"fr-FR\",\"@id\":\"https:\/\/hgh.ca\/fr\/nous-joindre\/#primaryimage\",\"url\":\"https:\/\/hgh.ca\/wp-content\/uploads\/2021\/04\/HGH-Plan-FR-1200.jpg\",\"contentUrl\":\"https:\/\/hgh.ca\/wp-content\/uploads\/2021\/04\/HGH-Plan-FR-1200.jpg\"},{\"@type\":\"BreadcrumbList\",\"@id\":\"https:\/\/hgh.ca\/fr\/nous-joindre\/#breadcrumb\",\"itemListElement\":[{\"@type\":\"ListItem\",\"position\":1,\"name\":\"Home\",\"item\":\"https:\/\/hgh.ca\/fr\/\"},{\"@type\":\"ListItem\",\"position\":2,\"name\":\"Nous joindre\"}]},{\"@type\":\"WebSite\",\"@id\":\"https:\/\/hgh.ca\/#website\",\"url\":\"https:\/\/hgh.ca\/\",\"name\":\"H\u00f4pital g\u00e9n\u00e9ral de Hawkesbury\",\"description\":\"Compassion, Innovation, Excellence\",\"potentialAction\":[{\"@type\":\"SearchAction\",\"target\":{\"@type\":\"EntryPoint\",\"urlTemplate\":\"https:\/\/hgh.ca\/?s={search_term_string}\"},\"query-input\":\"required name=search_term_string\"}],\"inLanguage\":\"fr-FR\"}]}<\/script>\n<!-- \/ Yoast SEO plugin. -->","yoast_head_json":{"title":"Nous joindre - H\u00f4pital g\u00e9n\u00e9ral de Hawkesbury","description":"L'HGH est au 1111, rue Ghislain, Hawkesbury, ON K6A 3G5. T\u00e9l\u00e9phone: 613-632-1111. L'Urgence est ouverte 24 heures par jour, 7 jours semaine.","robots":{"index":"index","follow":"follow","max-snippet":"max-snippet:-1","max-image-preview":"max-image-preview:large","max-video-preview":"max-video-preview:-1"},"canonical":"https:\/\/hgh.ca\/fr\/nous-joindre\/","og_locale":"fr_FR","og_type":"article","og_title":"Nous joindre - H\u00f4pital g\u00e9n\u00e9ral de Hawkesbury","og_description":"L'HGH est au 1111, rue Ghislain, Hawkesbury, ON K6A 3G5. T\u00e9l\u00e9phone: 613-632-1111. L'Urgence est ouverte 24 heures par jour, 7 jours semaine.","og_url":"https:\/\/hgh.ca\/fr\/nous-joindre\/","og_site_name":"H\u00f4pital g\u00e9n\u00e9ral de Hawkesbury","article_modified_time":"2025-07-23T12:57:15+00:00","og_image":[{"url":"https:\/\/hgh.ca\/wp-content\/uploads\/2021\/04\/HGH-Plan-FR-1200.jpg"}],"twitter_card":"summary_large_image","twitter_misc":{"Dur\u00e9e de lecture estim\u00e9e":"2 minutes"},"schema":{"@context":"https:\/\/schema.org","@graph":[{"@type":"WebPage","@id":"https:\/\/hgh.ca\/fr\/nous-joindre\/","url":"https:\/\/hgh.ca\/fr\/nous-joindre\/","name":"Nous joindre - H\u00f4pital g\u00e9n\u00e9ral de Hawkesbury","isPartOf":{"@id":"https:\/\/hgh.ca\/#website"},"primaryImageOfPage":{"@id":"https:\/\/hgh.ca\/fr\/nous-joindre\/#primaryimage"},"image":{"@id":"https:\/\/hgh.ca\/fr\/nous-joindre\/#primaryimage"},"thumbnailUrl":"https:\/\/hgh.ca\/wp-content\/uploads\/2021\/04\/HGH-Plan-FR-1200.jpg","datePublished":"2015-02-20T19:40:09+00:00","dateModified":"2025-07-23T12:57:15+00:00","description":"L'HGH est au 1111, rue Ghislain, Hawkesbury, ON K6A 3G5. T\u00e9l\u00e9phone: 613-632-1111. L'Urgence est ouverte 24 heures par jour, 7 jours semaine.","breadcrumb":{"@id":"https:\/\/hgh.ca\/fr\/nous-joindre\/#breadcrumb"},"inLanguage":"fr-FR","potentialAction":[{"@type":"ReadAction","target":["https:\/\/hgh.ca\/fr\/nous-joindre\/"]}]},{"@type":"ImageObject","inLanguage":"fr-FR","@id":"https:\/\/hgh.ca\/fr\/nous-joindre\/#primaryimage","url":"https:\/\/hgh.ca\/wp-content\/uploads\/2021\/04\/HGH-Plan-FR-1200.jpg","contentUrl":"https:\/\/hgh.ca\/wp-content\/uploads\/2021\/04\/HGH-Plan-FR-1200.jpg"},{"@type":"BreadcrumbList","@id":"https:\/\/hgh.ca\/fr\/nous-joindre\/#breadcrumb","itemListElement":[{"@type":"ListItem","position":1,"name":"Home","item":"https:\/\/hgh.ca\/fr\/"},{"@type":"ListItem","position":2,"name":"Nous joindre"}]},{"@type":"WebSite","@id":"https:\/\/hgh.ca\/#website","url":"https:\/\/hgh.ca\/","name":"H\u00f4pital g\u00e9n\u00e9ral de Hawkesbury","description":"Compassion, Innovation, Excellence","potentialAction":[{"@type":"SearchAction","target":{"@type":"EntryPoint","urlTemplate":"https:\/\/hgh.ca\/?s={search_term_string}"},"query-input":"required name=search_term_string"}],"inLanguage":"fr-FR"}]}},"_links":{"self":[{"href":"https:\/\/hgh.ca\/fr\/wp-json\/wp\/v2\/pages\/142\/"}],"collection":[{"href":"https:\/\/hgh.ca\/fr\/wp-json\/wp\/v2\/pages\/"}],"about":[{"href":"https:\/\/hgh.ca\/fr\/wp-json\/wp\/v2\/types\/page\/"}],"author":[{"embeddable":true,"href":"https:\/\/hgh.ca\/fr\/wp-json\/wp\/v2\/users\/1\/"}],"replies":[{"embeddable":true,"href":"https:\/\/hgh.ca\/fr\/wp-json\/wp\/v2\/comments\/?post=142"}],"version-history":[{"count":7,"href":"https:\/\/hgh.ca\/fr\/wp-json\/wp\/v2\/pages\/142\/revisions\/"}],"predecessor-version":[{"id":11929,"href":"https:\/\/hgh.ca\/fr\/wp-json\/wp\/v2\/pages\/142\/revisions\/11929\/"}],"wp:attachment":[{"href":"https:\/\/hgh.ca\/fr\/wp-json\/wp\/v2\/media\/?parent=142"}],"curies":[{"name":"wp","href":"https:\/\/api.w.org\/{rel}","templated":true}]}}