{"id":1844,"date":"2015-08-19T09:55:07","date_gmt":"2015-08-19T13:55:07","guid":{"rendered":"https:\/\/hgh.ca\/?page_id=1844"},"modified":"2017-08-02T15:45:15","modified_gmt":"2017-08-02T19:45:15","slug":"qualite-et-performance","status":"publish","type":"page","link":"https:\/\/hgh.ca\/fr\/a-notre-sujet\/qualite-et-performance\/","title":{"rendered":"Qualit\u00e9 et performance"},"content":{"rendered":"<p class=\"lead\">L\u2019H\u00f4pital g\u00e9n\u00e9ral de Hawkesbury et district (HGH) s\u2019engage \u00e0 offrir des soins et des services de qualit\u00e9 \u00e0 nos patients, leurs familles et la communaut\u00e9.<\/p>\n<p>Comme organisation, nous misons sur la plus haute qualit\u00e9 avec le taux de risque le plus faible pour nos patients.<\/p>\n<p>Nous avons un Programme de gestion de la qualit\u00e9 et des risques int\u00e9gr\u00e9 \u00e0 nos plans annuels d\u2019op\u00e9ration. Ce programme oriente les employ\u00e9s, les m\u00e9decins, les \u00e9tudiants et les b\u00e9n\u00e9voles dans leur travail quotidien.<\/p>\n<p>Nous \u00e9valuons r\u00e9guli\u00e8rement la qualit\u00e9 de nos services afin d\u2019assurer l\u2019atteinte ou le d\u00e9passement des objectifs \u00e9tablis par les gouvernements f\u00e9d\u00e9ral et provincial ainsi qu\u2019Agr\u00e9ment Canada. Nous utilisons une s\u00e9rie d\u2019outils de communication et d\u2019\u00e9valuation comme les sondages de satisfaction et les commentaires des patients pour recueillir l\u2019information. Nous analysons les donn\u00e9es et les r\u00e9sultats d\u2019indicateurs cl\u00e9s pour am\u00e9liorer notre performance et la qualit\u00e9 de nos services.<\/p>\n","protected":false},"excerpt":{"rendered":"Comme organisation, nous misons sur la plus haute qualit\u00e9 avec le taux de risque le plus faible pour nos patients. Nous avons un Programme de gestion de la qualit\u00e9 et des risques int\u00e9gr\u00e9 \u00e0 nos plans annuels d\u2019op\u00e9ration. Ce programme oriente les employ\u00e9s, les m\u00e9decins, les \u00e9tudiants et les b\u00e9n\u00e9voles dans leur travail quotidien. Nous&#8230; <a class=\"btn btn--primary\" href=\"https:\/\/hgh.ca\/fr\/a-notre-sujet\/qualite-et-performance\/\">Acc\u00e9der l&rsquo;article<\/a>","protected":false},"author":1,"featured_media":0,"parent":116,"menu_order":8,"comment_status":"open","ping_status":"open","template":"","meta":{"_acf_changed":false,"_exactmetrics_skip_tracking":false,"_exactmetrics_sitenote_active":false,"_exactmetrics_sitenote_note":"","_exactmetrics_sitenote_category":0,"footnotes":""},"class_list":["post-1844","page","type-page","status-publish","hentry"],"acf":[],"yoast_head":"<!-- This site is optimized with the Yoast SEO plugin v23.0 - https:\/\/yoast.com\/wordpress\/plugins\/seo\/ -->\n<title>Qualit\u00e9 et performance - H\u00f4pital g\u00e9n\u00e9ral de Hawkesbury<\/title>\n<meta name=\"robots\" content=\"index, follow, max-snippet:-1, max-image-preview:large, max-video-preview:-1\" \/>\n<link rel=\"canonical\" href=\"https:\/\/hgh.ca\/fr\/a-notre-sujet\/qualite-et-performance\/\" \/>\n<meta property=\"og:locale\" content=\"fr_FR\" \/>\n<meta property=\"og:type\" content=\"article\" \/>\n<meta property=\"og:title\" content=\"Qualit\u00e9 et performance - H\u00f4pital g\u00e9n\u00e9ral de Hawkesbury\" \/>\n<meta property=\"og:description\" content=\"Comme organisation, nous misons sur la plus haute qualit\u00e9 avec le taux de risque le plus faible pour nos patients. Nous avons un Programme de gestion de la qualit\u00e9 et des risques int\u00e9gr\u00e9 \u00e0 nos plans annuels d\u2019op\u00e9ration. Ce programme oriente les employ\u00e9s, les m\u00e9decins, les \u00e9tudiants et les b\u00e9n\u00e9voles dans leur travail quotidien. Nous... Acc\u00e9der l&#039;article\" \/>\n<meta property=\"og:url\" content=\"https:\/\/hgh.ca\/fr\/a-notre-sujet\/qualite-et-performance\/\" \/>\n<meta property=\"og:site_name\" content=\"H\u00f4pital g\u00e9n\u00e9ral de Hawkesbury\" \/>\n<meta property=\"article:modified_time\" content=\"2017-08-02T19:45:15+00:00\" \/>\n<meta name=\"twitter:card\" content=\"summary_large_image\" \/>\n<meta name=\"twitter:label1\" content=\"Dur\u00e9e de lecture estim\u00e9e\" \/>\n\t<meta name=\"twitter:data1\" content=\"1 minute\" \/>\n<script type=\"application\/ld+json\" class=\"yoast-schema-graph\">{\"@context\":\"https:\/\/schema.org\",\"@graph\":[{\"@type\":\"WebPage\",\"@id\":\"https:\/\/hgh.ca\/fr\/a-notre-sujet\/qualite-et-performance\/\",\"url\":\"https:\/\/hgh.ca\/fr\/a-notre-sujet\/qualite-et-performance\/\",\"name\":\"Qualit\u00e9 et performance - H\u00f4pital g\u00e9n\u00e9ral de Hawkesbury\",\"isPartOf\":{\"@id\":\"https:\/\/hgh.ca\/#website\"},\"datePublished\":\"2015-08-19T13:55:07+00:00\",\"dateModified\":\"2017-08-02T19:45:15+00:00\",\"breadcrumb\":{\"@id\":\"https:\/\/hgh.ca\/fr\/a-notre-sujet\/qualite-et-performance\/#breadcrumb\"},\"inLanguage\":\"fr-FR\",\"potentialAction\":[{\"@type\":\"ReadAction\",\"target\":[\"https:\/\/hgh.ca\/fr\/a-notre-sujet\/qualite-et-performance\/\"]}]},{\"@type\":\"BreadcrumbList\",\"@id\":\"https:\/\/hgh.ca\/fr\/a-notre-sujet\/qualite-et-performance\/#breadcrumb\",\"itemListElement\":[{\"@type\":\"ListItem\",\"position\":1,\"name\":\"Home\",\"item\":\"https:\/\/hgh.ca\/fr\/\"},{\"@type\":\"ListItem\",\"position\":2,\"name\":\"\u00c0 notre sujet\",\"item\":\"https:\/\/hgh.ca\/fr\/a-notre-sujet\/\"},{\"@type\":\"ListItem\",\"position\":3,\"name\":\"Qualit\u00e9 et performance\"}]},{\"@type\":\"WebSite\",\"@id\":\"https:\/\/hgh.ca\/#website\",\"url\":\"https:\/\/hgh.ca\/\",\"name\":\"H\u00f4pital g\u00e9n\u00e9ral de Hawkesbury\",\"description\":\"Compassion, Innovation, Excellence\",\"potentialAction\":[{\"@type\":\"SearchAction\",\"target\":{\"@type\":\"EntryPoint\",\"urlTemplate\":\"https:\/\/hgh.ca\/?s={search_term_string}\"},\"query-input\":\"required name=search_term_string\"}],\"inLanguage\":\"fr-FR\"}]}<\/script>\n<!-- \/ Yoast SEO plugin. -->","yoast_head_json":{"title":"Qualit\u00e9 et performance - H\u00f4pital g\u00e9n\u00e9ral de Hawkesbury","robots":{"index":"index","follow":"follow","max-snippet":"max-snippet:-1","max-image-preview":"max-image-preview:large","max-video-preview":"max-video-preview:-1"},"canonical":"https:\/\/hgh.ca\/fr\/a-notre-sujet\/qualite-et-performance\/","og_locale":"fr_FR","og_type":"article","og_title":"Qualit\u00e9 et performance - H\u00f4pital g\u00e9n\u00e9ral de Hawkesbury","og_description":"Comme organisation, nous misons sur la plus haute qualit\u00e9 avec le taux de risque le plus faible pour nos patients. Nous avons un Programme de gestion de la qualit\u00e9 et des risques int\u00e9gr\u00e9 \u00e0 nos plans annuels d\u2019op\u00e9ration. Ce programme oriente les employ\u00e9s, les m\u00e9decins, les \u00e9tudiants et les b\u00e9n\u00e9voles dans leur travail quotidien. Nous... Acc\u00e9der l'article","og_url":"https:\/\/hgh.ca\/fr\/a-notre-sujet\/qualite-et-performance\/","og_site_name":"H\u00f4pital g\u00e9n\u00e9ral de Hawkesbury","article_modified_time":"2017-08-02T19:45:15+00:00","twitter_card":"summary_large_image","twitter_misc":{"Dur\u00e9e de lecture estim\u00e9e":"1 minute"},"schema":{"@context":"https:\/\/schema.org","@graph":[{"@type":"WebPage","@id":"https:\/\/hgh.ca\/fr\/a-notre-sujet\/qualite-et-performance\/","url":"https:\/\/hgh.ca\/fr\/a-notre-sujet\/qualite-et-performance\/","name":"Qualit\u00e9 et performance - H\u00f4pital g\u00e9n\u00e9ral de Hawkesbury","isPartOf":{"@id":"https:\/\/hgh.ca\/#website"},"datePublished":"2015-08-19T13:55:07+00:00","dateModified":"2017-08-02T19:45:15+00:00","breadcrumb":{"@id":"https:\/\/hgh.ca\/fr\/a-notre-sujet\/qualite-et-performance\/#breadcrumb"},"inLanguage":"fr-FR","potentialAction":[{"@type":"ReadAction","target":["https:\/\/hgh.ca\/fr\/a-notre-sujet\/qualite-et-performance\/"]}]},{"@type":"BreadcrumbList","@id":"https:\/\/hgh.ca\/fr\/a-notre-sujet\/qualite-et-performance\/#breadcrumb","itemListElement":[{"@type":"ListItem","position":1,"name":"Home","item":"https:\/\/hgh.ca\/fr\/"},{"@type":"ListItem","position":2,"name":"\u00c0 notre sujet","item":"https:\/\/hgh.ca\/fr\/a-notre-sujet\/"},{"@type":"ListItem","position":3,"name":"Qualit\u00e9 et performance"}]},{"@type":"WebSite","@id":"https:\/\/hgh.ca\/#website","url":"https:\/\/hgh.ca\/","name":"H\u00f4pital g\u00e9n\u00e9ral de Hawkesbury","description":"Compassion, Innovation, Excellence","potentialAction":[{"@type":"SearchAction","target":{"@type":"EntryPoint","urlTemplate":"https:\/\/hgh.ca\/?s={search_term_string}"},"query-input":"required name=search_term_string"}],"inLanguage":"fr-FR"}]}},"_links":{"self":[{"href":"https:\/\/hgh.ca\/fr\/wp-json\/wp\/v2\/pages\/1844\/"}],"collection":[{"href":"https:\/\/hgh.ca\/fr\/wp-json\/wp\/v2\/pages\/"}],"about":[{"href":"https:\/\/hgh.ca\/fr\/wp-json\/wp\/v2\/types\/page\/"}],"author":[{"embeddable":true,"href":"https:\/\/hgh.ca\/fr\/wp-json\/wp\/v2\/users\/1\/"}],"replies":[{"embeddable":true,"href":"https:\/\/hgh.ca\/fr\/wp-json\/wp\/v2\/comments\/?post=1844"}],"version-history":[{"count":5,"href":"https:\/\/hgh.ca\/fr\/wp-json\/wp\/v2\/pages\/1844\/revisions\/"}],"predecessor-version":[{"id":3832,"href":"https:\/\/hgh.ca\/fr\/wp-json\/wp\/v2\/pages\/1844\/revisions\/3832\/"}],"up":[{"embeddable":true,"href":"https:\/\/hgh.ca\/fr\/wp-json\/wp\/v2\/pages\/116\/"}],"wp:attachment":[{"href":"https:\/\/hgh.ca\/fr\/wp-json\/wp\/v2\/media\/?parent=1844"}],"curies":[{"name":"wp","href":"https:\/\/api.w.org\/{rel}","templated":true}]}}