{"id":1846,"date":"2015-08-19T17:33:49","date_gmt":"2015-08-19T21:33:49","guid":{"rendered":"https:\/\/hgh.ca\/?page_id=1846"},"modified":"2023-06-02T11:19:13","modified_gmt":"2023-06-02T15:19:13","slug":"agrement","status":"publish","type":"page","link":"https:\/\/hgh.ca\/fr\/a-notre-sujet\/qualite-et-performance\/agrement\/","title":{"rendered":"Agr\u00e9ment"},"content":{"rendered":"<p class=\"lead\">L\u2019agr\u00e9ment est une d\u00e9marche volontaire qui met l\u2019accent sur la s\u00e9curit\u00e9 du patient et l\u2019am\u00e9lioration de la qualit\u00e9 des services par le biais d\u2019\u00e9valuations faites sur place par des pairs.<\/p>\n<p>L\u2019agr\u00e9ment est un exercice effectu\u00e9 \u00e0 l\u2019\u00e9chelle de l\u2019organisation ainsi qu\u2019un processus continu qui m\u00e8ne vers l\u2019am\u00e9lioration continue.<\/p>\n<p>&nbsp;<\/p>\n<p><img loading=\"lazy\" decoding=\"async\" class=\" wp-image-1849 size-thumbnail alignnone\" src=\"https:\/\/hgh.ca\/wp-content\/uploads\/2015\/08\/accreditation-canada-150x150.png\" alt=\"Logo d'Agr\u00e9ment Canada\" width=\"150\" height=\"150\" srcset=\"https:\/\/hgh.ca\/wp-content\/uploads\/2015\/08\/accreditation-canada-150x150.png 150w, https:\/\/hgh.ca\/wp-content\/uploads\/2015\/08\/accreditation-canada-250x250.png 250w, https:\/\/hgh.ca\/wp-content\/uploads\/2015\/08\/accreditation-canada-120x120.png 120w, https:\/\/hgh.ca\/wp-content\/uploads\/2015\/08\/accreditation-canada.png 500w\" sizes=\"(max-width: 150px) 100vw, 150px\" \/><\/p>\n<h2>L&rsquo;HGH agr\u00e9\u00e9 avec mention d&rsquo;honneur<\/h2>\n<p>En novembre 2022, nous avons termin\u00e9 un autre cycle d\u2019am\u00e9lioration continue avec la visite d\u2019Agr\u00e9ment Canada. Et pour une troisi\u00e8me fois d\u2019affil\u00e9e, l\u2019HGH a re\u00e7u le plus haut niveau d\u2019agr\u00e9ment d\u00e9cern\u00e9 \u00e0 un h\u00f4pital : Agr\u00e9\u00e9 avec mention d\u2019honneur. Au Canada, seulement un \u00e9tablissement de soins de sant\u00e9 sur cinq obtient ce niveau. Cette accr\u00e9ditation refl\u00e8te l\u2019excellence et le niveau \u00e9lev\u00e9 d\u2019engagement et de responsabilit\u00e9 d\u00e9montr\u00e9s par tous les employ\u00e9s et les m\u00e9decins de l\u2019HGH. Cet accomplissement est aussi fid\u00e8le \u00e0 la mission de l\u2019HGH, qui est de prodiguer des soins avec compassion \u00e0 nos patients et leurs familles, tout au long du cycle de vie.<\/p>\n<h2>\u00c0 propos d&rsquo;Agr\u00e9ment Canada<\/h2>\n<p>Agr\u00e9ment Canada (AC) est un organisme ind\u00e9pendant et sans but lucratif. AC travaille avec les \u00e9tablissements de soins de sant\u00e9 pour les aider \u00e0 am\u00e9liorer la qualit\u00e9, la s\u00e9curit\u00e9 et l\u2019efficacit\u00e9 de leurs services afin d\u2019offrir aux patients les meilleurs soins possible. Agr\u00e9ment Canada \u00e9tablit des normes et g\u00e8re des programmes d\u2019agr\u00e9ment con\u00e7us pour am\u00e9liorer l\u2019\u00e9tat de sant\u00e9 des patients et la performance du syst\u00e8me de sant\u00e9. AC accr\u00e9dite plus de 1 200\u00a0organisations repr\u00e9sentant 5 700\u00a0\u00e9tablissements au Canada.<\/p>\n<p>Pour plus d\u2019information, visitez <a href=\"https:\/\/www.accreditation.ca\/fr\" target=\"_blank\" rel=\"noopener noreferrer\">Agr\u00e9ment Canada<\/a>.<\/p>\n","protected":false},"excerpt":{"rendered":"L\u2019agr\u00e9ment est une d\u00e9marche volontaire qui met l\u2019accent sur la s\u00e9curit\u00e9 du patient et l\u2019am\u00e9lioration de la qualit\u00e9 des services par le biais d\u2019\u00e9valuations faites sur place par des pairs. L\u2019agr\u00e9ment est un exercice effectu\u00e9 \u00e0 l\u2019\u00e9chelle de l\u2019organisation ainsi qu\u2019un processus continu qui m\u00e8ne vers l\u2019am\u00e9lioration continue. &nbsp; L&rsquo;HGH agr\u00e9\u00e9 avec mention d&rsquo;honneur En&#8230; <a class=\"btn btn--primary\" href=\"https:\/\/hgh.ca\/fr\/a-notre-sujet\/qualite-et-performance\/agrement\/\">Acc\u00e9der l&rsquo;article<\/a>","protected":false},"author":1,"featured_media":0,"parent":1844,"menu_order":1,"comment_status":"open","ping_status":"open","template":"","meta":{"_acf_changed":false,"_exactmetrics_skip_tracking":false,"_exactmetrics_sitenote_active":false,"_exactmetrics_sitenote_note":"","_exactmetrics_sitenote_category":0,"footnotes":""},"class_list":["post-1846","page","type-page","status-publish","hentry"],"acf":[],"yoast_head":"<!-- This site is optimized with the Yoast SEO plugin v23.0 - https:\/\/yoast.com\/wordpress\/plugins\/seo\/ -->\n<title>Agr\u00e9ment - H\u00f4pital g\u00e9n\u00e9ral de Hawkesbury<\/title>\n<meta name=\"robots\" content=\"index, follow, max-snippet:-1, max-image-preview:large, max-video-preview:-1\" \/>\n<link rel=\"canonical\" href=\"https:\/\/hgh.ca\/fr\/a-notre-sujet\/qualite-et-performance\/agrement\/\" \/>\n<meta property=\"og:locale\" content=\"fr_FR\" \/>\n<meta property=\"og:type\" content=\"article\" \/>\n<meta property=\"og:title\" content=\"Agr\u00e9ment - H\u00f4pital g\u00e9n\u00e9ral de Hawkesbury\" \/>\n<meta property=\"og:description\" content=\"L\u2019agr\u00e9ment est une d\u00e9marche volontaire qui met l\u2019accent sur la s\u00e9curit\u00e9 du patient et l\u2019am\u00e9lioration de la qualit\u00e9 des services par le biais d\u2019\u00e9valuations faites sur place par des pairs. L\u2019agr\u00e9ment est un exercice effectu\u00e9 \u00e0 l\u2019\u00e9chelle de l\u2019organisation ainsi qu\u2019un processus continu qui m\u00e8ne vers l\u2019am\u00e9lioration continue. &nbsp; L&rsquo;HGH agr\u00e9\u00e9 avec mention d&rsquo;honneur En... Acc\u00e9der l&#039;article\" \/>\n<meta property=\"og:url\" content=\"https:\/\/hgh.ca\/fr\/a-notre-sujet\/qualite-et-performance\/agrement\/\" \/>\n<meta property=\"og:site_name\" content=\"H\u00f4pital g\u00e9n\u00e9ral de Hawkesbury\" \/>\n<meta property=\"article:modified_time\" content=\"2023-06-02T15:19:13+00:00\" \/>\n<meta property=\"og:image\" content=\"https:\/\/hgh.ca\/wp-content\/uploads\/2015\/08\/accreditation-canada-150x150.png\" \/>\n<meta name=\"twitter:card\" content=\"summary_large_image\" \/>\n<meta name=\"twitter:label1\" content=\"Dur\u00e9e de lecture estim\u00e9e\" \/>\n\t<meta name=\"twitter:data1\" content=\"1 minute\" \/>\n<script type=\"application\/ld+json\" class=\"yoast-schema-graph\">{\"@context\":\"https:\/\/schema.org\",\"@graph\":[{\"@type\":\"WebPage\",\"@id\":\"https:\/\/hgh.ca\/fr\/a-notre-sujet\/qualite-et-performance\/agrement\/\",\"url\":\"https:\/\/hgh.ca\/fr\/a-notre-sujet\/qualite-et-performance\/agrement\/\",\"name\":\"Agr\u00e9ment - H\u00f4pital g\u00e9n\u00e9ral de Hawkesbury\",\"isPartOf\":{\"@id\":\"https:\/\/hgh.ca\/#website\"},\"primaryImageOfPage\":{\"@id\":\"https:\/\/hgh.ca\/fr\/a-notre-sujet\/qualite-et-performance\/agrement\/#primaryimage\"},\"image\":{\"@id\":\"https:\/\/hgh.ca\/fr\/a-notre-sujet\/qualite-et-performance\/agrement\/#primaryimage\"},\"thumbnailUrl\":\"https:\/\/hgh.ca\/wp-content\/uploads\/2015\/08\/accreditation-canada-150x150.png\",\"datePublished\":\"2015-08-19T21:33:49+00:00\",\"dateModified\":\"2023-06-02T15:19:13+00:00\",\"breadcrumb\":{\"@id\":\"https:\/\/hgh.ca\/fr\/a-notre-sujet\/qualite-et-performance\/agrement\/#breadcrumb\"},\"inLanguage\":\"fr-FR\",\"potentialAction\":[{\"@type\":\"ReadAction\",\"target\":[\"https:\/\/hgh.ca\/fr\/a-notre-sujet\/qualite-et-performance\/agrement\/\"]}]},{\"@type\":\"ImageObject\",\"inLanguage\":\"fr-FR\",\"@id\":\"https:\/\/hgh.ca\/fr\/a-notre-sujet\/qualite-et-performance\/agrement\/#primaryimage\",\"url\":\"https:\/\/hgh.ca\/wp-content\/uploads\/2015\/08\/accreditation-canada-150x150.png\",\"contentUrl\":\"https:\/\/hgh.ca\/wp-content\/uploads\/2015\/08\/accreditation-canada-150x150.png\"},{\"@type\":\"BreadcrumbList\",\"@id\":\"https:\/\/hgh.ca\/fr\/a-notre-sujet\/qualite-et-performance\/agrement\/#breadcrumb\",\"itemListElement\":[{\"@type\":\"ListItem\",\"position\":1,\"name\":\"Home\",\"item\":\"https:\/\/hgh.ca\/fr\/\"},{\"@type\":\"ListItem\",\"position\":2,\"name\":\"\u00c0 notre sujet\",\"item\":\"https:\/\/hgh.ca\/fr\/a-notre-sujet\/\"},{\"@type\":\"ListItem\",\"position\":3,\"name\":\"Qualit\u00e9 et performance\",\"item\":\"https:\/\/hgh.ca\/fr\/a-notre-sujet\/qualite-et-performance\/\"},{\"@type\":\"ListItem\",\"position\":4,\"name\":\"Agr\u00e9ment\"}]},{\"@type\":\"WebSite\",\"@id\":\"https:\/\/hgh.ca\/#website\",\"url\":\"https:\/\/hgh.ca\/\",\"name\":\"H\u00f4pital g\u00e9n\u00e9ral de Hawkesbury\",\"description\":\"Compassion, Innovation, Excellence\",\"potentialAction\":[{\"@type\":\"SearchAction\",\"target\":{\"@type\":\"EntryPoint\",\"urlTemplate\":\"https:\/\/hgh.ca\/?s={search_term_string}\"},\"query-input\":\"required name=search_term_string\"}],\"inLanguage\":\"fr-FR\"}]}<\/script>\n<!-- \/ Yoast SEO plugin. -->","yoast_head_json":{"title":"Agr\u00e9ment - H\u00f4pital g\u00e9n\u00e9ral de Hawkesbury","robots":{"index":"index","follow":"follow","max-snippet":"max-snippet:-1","max-image-preview":"max-image-preview:large","max-video-preview":"max-video-preview:-1"},"canonical":"https:\/\/hgh.ca\/fr\/a-notre-sujet\/qualite-et-performance\/agrement\/","og_locale":"fr_FR","og_type":"article","og_title":"Agr\u00e9ment - H\u00f4pital g\u00e9n\u00e9ral de Hawkesbury","og_description":"L\u2019agr\u00e9ment est une d\u00e9marche volontaire qui met l\u2019accent sur la s\u00e9curit\u00e9 du patient et l\u2019am\u00e9lioration de la qualit\u00e9 des services par le biais d\u2019\u00e9valuations faites sur place par des pairs. L\u2019agr\u00e9ment est un exercice effectu\u00e9 \u00e0 l\u2019\u00e9chelle de l\u2019organisation ainsi qu\u2019un processus continu qui m\u00e8ne vers l\u2019am\u00e9lioration continue. &nbsp; L&rsquo;HGH agr\u00e9\u00e9 avec mention d&rsquo;honneur En... Acc\u00e9der l'article","og_url":"https:\/\/hgh.ca\/fr\/a-notre-sujet\/qualite-et-performance\/agrement\/","og_site_name":"H\u00f4pital g\u00e9n\u00e9ral de Hawkesbury","article_modified_time":"2023-06-02T15:19:13+00:00","og_image":[{"url":"https:\/\/hgh.ca\/wp-content\/uploads\/2015\/08\/accreditation-canada-150x150.png"}],"twitter_card":"summary_large_image","twitter_misc":{"Dur\u00e9e de lecture estim\u00e9e":"1 minute"},"schema":{"@context":"https:\/\/schema.org","@graph":[{"@type":"WebPage","@id":"https:\/\/hgh.ca\/fr\/a-notre-sujet\/qualite-et-performance\/agrement\/","url":"https:\/\/hgh.ca\/fr\/a-notre-sujet\/qualite-et-performance\/agrement\/","name":"Agr\u00e9ment - H\u00f4pital g\u00e9n\u00e9ral de Hawkesbury","isPartOf":{"@id":"https:\/\/hgh.ca\/#website"},"primaryImageOfPage":{"@id":"https:\/\/hgh.ca\/fr\/a-notre-sujet\/qualite-et-performance\/agrement\/#primaryimage"},"image":{"@id":"https:\/\/hgh.ca\/fr\/a-notre-sujet\/qualite-et-performance\/agrement\/#primaryimage"},"thumbnailUrl":"https:\/\/hgh.ca\/wp-content\/uploads\/2015\/08\/accreditation-canada-150x150.png","datePublished":"2015-08-19T21:33:49+00:00","dateModified":"2023-06-02T15:19:13+00:00","breadcrumb":{"@id":"https:\/\/hgh.ca\/fr\/a-notre-sujet\/qualite-et-performance\/agrement\/#breadcrumb"},"inLanguage":"fr-FR","potentialAction":[{"@type":"ReadAction","target":["https:\/\/hgh.ca\/fr\/a-notre-sujet\/qualite-et-performance\/agrement\/"]}]},{"@type":"ImageObject","inLanguage":"fr-FR","@id":"https:\/\/hgh.ca\/fr\/a-notre-sujet\/qualite-et-performance\/agrement\/#primaryimage","url":"https:\/\/hgh.ca\/wp-content\/uploads\/2015\/08\/accreditation-canada-150x150.png","contentUrl":"https:\/\/hgh.ca\/wp-content\/uploads\/2015\/08\/accreditation-canada-150x150.png"},{"@type":"BreadcrumbList","@id":"https:\/\/hgh.ca\/fr\/a-notre-sujet\/qualite-et-performance\/agrement\/#breadcrumb","itemListElement":[{"@type":"ListItem","position":1,"name":"Home","item":"https:\/\/hgh.ca\/fr\/"},{"@type":"ListItem","position":2,"name":"\u00c0 notre sujet","item":"https:\/\/hgh.ca\/fr\/a-notre-sujet\/"},{"@type":"ListItem","position":3,"name":"Qualit\u00e9 et performance","item":"https:\/\/hgh.ca\/fr\/a-notre-sujet\/qualite-et-performance\/"},{"@type":"ListItem","position":4,"name":"Agr\u00e9ment"}]},{"@type":"WebSite","@id":"https:\/\/hgh.ca\/#website","url":"https:\/\/hgh.ca\/","name":"H\u00f4pital g\u00e9n\u00e9ral de Hawkesbury","description":"Compassion, Innovation, Excellence","potentialAction":[{"@type":"SearchAction","target":{"@type":"EntryPoint","urlTemplate":"https:\/\/hgh.ca\/?s={search_term_string}"},"query-input":"required name=search_term_string"}],"inLanguage":"fr-FR"}]}},"_links":{"self":[{"href":"https:\/\/hgh.ca\/fr\/wp-json\/wp\/v2\/pages\/1846\/"}],"collection":[{"href":"https:\/\/hgh.ca\/fr\/wp-json\/wp\/v2\/pages\/"}],"about":[{"href":"https:\/\/hgh.ca\/fr\/wp-json\/wp\/v2\/types\/page\/"}],"author":[{"embeddable":true,"href":"https:\/\/hgh.ca\/fr\/wp-json\/wp\/v2\/users\/1\/"}],"replies":[{"embeddable":true,"href":"https:\/\/hgh.ca\/fr\/wp-json\/wp\/v2\/comments\/?post=1846"}],"version-history":[{"count":6,"href":"https:\/\/hgh.ca\/fr\/wp-json\/wp\/v2\/pages\/1846\/revisions\/"}],"predecessor-version":[{"id":9276,"href":"https:\/\/hgh.ca\/fr\/wp-json\/wp\/v2\/pages\/1846\/revisions\/9276\/"}],"up":[{"embeddable":true,"href":"https:\/\/hgh.ca\/fr\/wp-json\/wp\/v2\/pages\/1844\/"}],"wp:attachment":[{"href":"https:\/\/hgh.ca\/fr\/wp-json\/wp\/v2\/media\/?parent=1846"}],"curies":[{"name":"wp","href":"https:\/\/api.w.org\/{rel}","templated":true}]}}