{"id":201,"date":"2015-02-20T19:54:35","date_gmt":"2015-02-21T00:54:35","guid":{"rendered":"http:\/\/hgh-site.clients.soshal.ca\/nouvelles-et-evenements\/bulletins-dinformations\/"},"modified":"2020-02-26T08:06:22","modified_gmt":"2020-02-26T13:06:22","slug":"bulletins-dinformation","status":"publish","type":"page","link":"https:\/\/hgh.ca\/fr\/a-notre-sujet\/nouvelles\/bulletins-dinformation\/","title":{"rendered":"Bulletins d&rsquo;information"},"content":{"rendered":"<h2>Dialogue HGH<\/h2>\n<p>Depuis janvier 2014, l&rsquo;H\u00f4pital g\u00e9n\u00e9ral de Hawkesbury et district (HGH) publie le bulletin de nouvelles Dialogue. Cet outil de communication s&rsquo;adresse aux employ\u00e9s, aux m\u00e9decins et aux partenaires de l&rsquo;HGH ainsi qu&rsquo;aux membres du public int\u00e9ress\u00e9s par le d\u00e9veloppement de l\u2019h\u00f4pital.<\/p>\n<p>Suivez les liens pour consulter ou t\u00e9l\u00e9charger les diff\u00e9rentes \u00e9ditions du bulletin Dialogue HGH.<\/p>\n<ul>\n<li><a href=\"https:\/\/hgh.ca\/wp-content\/uploads\/2020\/02\/HGH-Dialogue-Fevrier-2020-web.pdf\" target=\"_blank\" rel=\"noopener noreferrer\">Dialogue HGH &#8211; F\u00e9vrier 2020 (PDF)<\/a><\/li>\n<li><a href=\"https:\/\/hgh.ca\/wp-content\/uploads\/2019\/12\/Dialogue-HGH-Decembre2019-web.pdf\" target=\"_blank\" rel=\"noopener noreferrer\">Dialogue HGH &#8211; D\u00e9cembre 2019 (PDF)<\/a><\/li>\n<li><a href=\"https:\/\/hgh.ca\/wp-content\/uploads\/2019\/10\/Dialogue-HGH-Octobre-2019.pdf\" target=\"_blank\" rel=\"noopener noreferrer\">Dialogue HGH &#8211; Octobre 2019 (PDF)<\/a><\/li>\n<li><a href=\"https:\/\/hgh.ca\/wp-content\/uploads\/2019\/09\/Bulletin-Dialogue-HGH-Septembre-2019.pdf\" target=\"_blank\" rel=\"noopener noreferrer\">Dialogue HGH &#8211; Septembre 2019 (PDF)<\/a><\/li>\n<li><a href=\"https:\/\/hgh.ca\/wp-content\/uploads\/2019\/10\/Bulletin-Dialogue-HGH-Juillet-2019.pdf\" target=\"_blank\" rel=\"noopener noreferrer\">Dialogue HGH &#8211; Juillet 2019 (PDF)<\/a><\/li>\n<li><a href=\"https:\/\/hgh.ca\/wp-content\/uploads\/2019\/05\/Bulletin-Dialogue-HGH-Mai-2019.pdf\" target=\"_blank\" rel=\"noopener noreferrer\">Dialogue HGH &#8211; Mai 2019 (PDF)<\/a><\/li>\n<li><a href=\"https:\/\/hgh.ca\/wp-content\/uploads\/2019\/05\/HGH-Bulletin-Dialogue-Avril2019-Epic.pdf\" target=\"_blank\" rel=\"noopener noreferrer\">Dialogue HGH &#8211; Avril 2019 Epic (PDF)<\/a><\/li>\n<li><a href=\"https:\/\/hgh.ca\/wp-content\/uploads\/2019\/05\/HGH-Bulletin-Dialogue-Avril-2019.pdf\" target=\"_blank\" rel=\"noopener noreferrer\">Dialogue HGH &#8211; Avril 2019 &#8211; Sondage (PDF)<\/a><\/li>\n<li><a href=\"https:\/\/hgh.ca\/wp-content\/uploads\/2018\/11\/HGH-Bulletin-Dialogue-Septembre-2018.pdf\" target=\"_blank\" rel=\"noopener noreferrer\">Dialogue HGH &#8211; Septembre 2018 (PDF)<\/a><\/li>\n<li><a href=\"https:\/\/hgh.ca\/wp-content\/uploads\/2018\/11\/HGH-Bulletin-Dialogue-Juin-2018.pdf\" target=\"_blank\" rel=\"noopener noreferrer\">Dialogue HGH &#8211; Juin 2018 (PDF)<\/a><\/li>\n<li><a href=\"https:\/\/hgh.ca\/wp-content\/uploads\/2018\/11\/HGH-Bulletin-Dialogue-InfoProjet-Mai_2018.pdf\" target=\"_blank\" rel=\"noopener noreferrer\">Dialogue Info projet HGH &#8211; Mai 2018 (PDF)<\/a><\/li>\n<li><a href=\"https:\/\/hgh.ca\/wp-content\/uploads\/2018\/11\/HGH-BulletinDialogue-InfoProject-February-2018.pdf\" target=\"_blank\" rel=\"noopener noreferrer\">Dialogue Info projet HGH &#8211; F\u00e9vrier 2018 (PDF)<\/a><\/li>\n<li><a href=\"https:\/\/hgh.ca\/wp-content\/uploads\/2018\/11\/Bulletin-Dialogue-HGH-Newsletter-Septembre-2017.pdf\" target=\"_blank\" rel=\"noopener noreferrer\">Dialogue Info projet HGH &#8211; Septembre 2017 (PDF)<\/a><\/li>\n<li><a href=\"https:\/\/hgh.ca\/wp-content\/uploads\/2017\/02\/Bulletin-Dialogue-HGH-Fe\u0301vrier-2017.pdf\" target=\"_blank\" rel=\"noopener noreferrer\">Dialogue Info projet HGH &#8211; F\u00e9vrier 2017 (PDF)<\/a><\/li>\n<li><a href=\"https:\/\/hgh.ca\/wp-content\/uploads\/2016\/10\/Bulletin-Dialogue-HGH-Octobre2016.pdf\" target=\"_blank\" rel=\"noopener noreferrer\">Dialogue Info projet HGH &#8211; Octobre 2016 (PDF)<\/a><\/li>\n<li><a href=\"https:\/\/hgh.ca\/wp-content\/uploads\/2016\/04\/Dialogue-HGH-April-2016.pdf\" target=\"_blank\" rel=\"noopener noreferrer\">Dialogue Info projet HGH &#8211; Avril 2016 (PDF)<\/a><\/li>\n<li><a href=\"https:\/\/hgh.ca\/wp-content\/uploads\/2016\/03\/Bulletin-Dialogue-InfoProjet-HGH-Fevrier-2016.pdf\" target=\"_blank\" rel=\"noopener noreferrer\">Dialogue Info projet HGH &#8211; F\u00e9vrier 2016 (PDF)<\/a><\/li>\n<li><a href=\"https:\/\/hgh.ca\/wp-content\/uploads\/2015\/11\/Bulletin-Dialogue-HGH-Novembre-2015.pdf\" target=\"_blank\" rel=\"noopener noreferrer\">Dialogue HGH &#8211; Novembre 2015 (PDF)<\/a><\/li>\n<li><a href=\"https:\/\/hgh.ca\/wp-content\/uploads\/2015\/08\/Bulletin-Dialogue-HGH-Avril2015.pdf\" target=\"_blank\" rel=\"noopener noreferrer\">Dialogue HGH &#8211; Avril 2015 (PDF)<\/a><\/li>\n<li><a href=\"https:\/\/hgh.ca\/wp-content\/uploads\/2015\/08\/Bulletin-Dialogue-HGH-Mars-2015.pdf\" target=\"_blank\" rel=\"noopener noreferrer\">Dialogue HGH &#8211; Mars 2015 (PDF)<\/a><\/li>\n<li><a href=\"https:\/\/hgh.ca\/wp-content\/uploads\/2015\/08\/Bulletin-Dialogue-HGH-Janvier-2015.pdf\" target=\"_blank\" rel=\"noopener noreferrer\">Dialogue HGH &#8211; Janvier 2015 (PDF)<\/a><\/li>\n<li><a href=\"https:\/\/hgh.ca\/wp-content\/uploads\/2015\/08\/Bulletin-Dialogue-HGH-D\u00e9cembre-2014.pdf\" target=\"_blank\" rel=\"noopener noreferrer\">Dialogue HGH &#8211; D\u00e9cembre 2014 (PDF)<\/a><\/li>\n<li><a href=\"https:\/\/hgh.ca\/wp-content\/uploads\/2015\/08\/Bulletin-Dialogue-HGH-Octobre-2014.pdf\" target=\"_blank\" rel=\"noopener noreferrer\">Dialogue HGH &#8211; Octobre 2014 (PDF)<\/a><\/li>\n<li><a href=\"https:\/\/hgh.ca\/wp-content\/uploads\/2015\/08\/Bulletin-Dialogue-HGH-Septembre-2014.pdf\" target=\"_blank\" rel=\"noopener noreferrer\">Dialogue HGH &#8211; Septembre 2014 (PDF)<\/a><\/li>\n<li><a href=\"https:\/\/hgh.ca\/wp-content\/uploads\/2015\/08\/Bulletin-Dialogue-HGH-Mai-2014.pdf\" target=\"_blank\" rel=\"noopener noreferrer\">Dialogue HGH &#8211; Mai 2014 (PDF)<\/a><\/li>\n<li><a href=\"https:\/\/hgh.ca\/wp-content\/uploads\/2015\/08\/Bulletin-Dialogue-HGH-Mars-2014.pdf\" target=\"_blank\" rel=\"noopener noreferrer\">Dialogue HGH &#8211; Mars 2014 (PDF)<\/a><\/li>\n<li><a href=\"https:\/\/hgh.ca\/wp-content\/uploads\/2015\/08\/Bulletin-Dialogue-HGH-F\u00e9vrier-2014.pdf\" target=\"_blank\" rel=\"noopener noreferrer\">Dialogue HGH &#8211; F\u00e9vrier 2014 (PDF)<\/a><\/li>\n<li><a href=\"https:\/\/hgh.ca\/wp-content\/uploads\/2015\/08\/Bulletin-Dialogue-HGH-Janvier-2014.pdf\" target=\"_blank\" rel=\"noopener noreferrer\">Dialogue HGH &#8211; Janvier 2014 (PDF)<\/a><\/li>\n<\/ul>\n","protected":false},"excerpt":{"rendered":"Dialogue HGH Depuis janvier 2014, l&rsquo;H\u00f4pital g\u00e9n\u00e9ral de Hawkesbury et district (HGH) publie le bulletin de nouvelles Dialogue. Cet outil de communication s&rsquo;adresse aux employ\u00e9s, aux m\u00e9decins et aux partenaires de l&rsquo;HGH ainsi qu&rsquo;aux membres du public int\u00e9ress\u00e9s par le d\u00e9veloppement de l\u2019h\u00f4pital. Suivez les liens pour consulter ou t\u00e9l\u00e9charger les diff\u00e9rentes \u00e9ditions du bulletin&#8230; <a class=\"btn btn--primary\" href=\"https:\/\/hgh.ca\/fr\/a-notre-sujet\/nouvelles\/bulletins-dinformation\/\">Acc\u00e9der l&rsquo;article<\/a>","protected":false},"author":1,"featured_media":0,"parent":135,"menu_order":0,"comment_status":"open","ping_status":"closed","template":"","meta":{"_acf_changed":false,"_exactmetrics_skip_tracking":false,"_exactmetrics_sitenote_active":false,"_exactmetrics_sitenote_note":"","_exactmetrics_sitenote_category":0,"footnotes":""},"class_list":["post-201","page","type-page","status-publish","hentry"],"acf":[],"yoast_head":"<!-- This site is optimized with the Yoast SEO plugin v23.0 - https:\/\/yoast.com\/wordpress\/plugins\/seo\/ -->\n<title>Bulletins d&#039;information - H\u00f4pital g\u00e9n\u00e9ral de Hawkesbury<\/title>\n<meta name=\"robots\" content=\"index, follow, max-snippet:-1, max-image-preview:large, max-video-preview:-1\" \/>\n<link rel=\"canonical\" href=\"https:\/\/hgh.ca\/fr\/a-notre-sujet\/nouvelles\/bulletins-dinformation\/\" \/>\n<meta property=\"og:locale\" content=\"fr_FR\" \/>\n<meta property=\"og:type\" content=\"article\" \/>\n<meta property=\"og:title\" content=\"Bulletins d&#039;information - H\u00f4pital g\u00e9n\u00e9ral de Hawkesbury\" \/>\n<meta property=\"og:description\" content=\"Dialogue HGH Depuis janvier 2014, l&rsquo;H\u00f4pital g\u00e9n\u00e9ral de Hawkesbury et district (HGH) publie le bulletin de nouvelles Dialogue. Cet outil de communication s&rsquo;adresse aux employ\u00e9s, aux m\u00e9decins et aux partenaires de l&rsquo;HGH ainsi qu&rsquo;aux membres du public int\u00e9ress\u00e9s par le d\u00e9veloppement de l\u2019h\u00f4pital. Suivez les liens pour consulter ou t\u00e9l\u00e9charger les diff\u00e9rentes \u00e9ditions du bulletin... Acc\u00e9der l&#039;article\" \/>\n<meta property=\"og:url\" content=\"https:\/\/hgh.ca\/fr\/a-notre-sujet\/nouvelles\/bulletins-dinformation\/\" \/>\n<meta property=\"og:site_name\" content=\"H\u00f4pital g\u00e9n\u00e9ral de Hawkesbury\" \/>\n<meta property=\"article:modified_time\" content=\"2020-02-26T13:06:22+00:00\" \/>\n<meta name=\"twitter:card\" content=\"summary_large_image\" \/>\n<meta name=\"twitter:label1\" content=\"Dur\u00e9e de lecture estim\u00e9e\" \/>\n\t<meta name=\"twitter:data1\" content=\"1 minute\" \/>\n<script type=\"application\/ld+json\" class=\"yoast-schema-graph\">{\"@context\":\"https:\/\/schema.org\",\"@graph\":[{\"@type\":\"WebPage\",\"@id\":\"https:\/\/hgh.ca\/fr\/a-notre-sujet\/nouvelles\/bulletins-dinformation\/\",\"url\":\"https:\/\/hgh.ca\/fr\/a-notre-sujet\/nouvelles\/bulletins-dinformation\/\",\"name\":\"Bulletins d'information - H\u00f4pital g\u00e9n\u00e9ral de Hawkesbury\",\"isPartOf\":{\"@id\":\"https:\/\/hgh.ca\/#website\"},\"datePublished\":\"2015-02-21T00:54:35+00:00\",\"dateModified\":\"2020-02-26T13:06:22+00:00\",\"breadcrumb\":{\"@id\":\"https:\/\/hgh.ca\/fr\/a-notre-sujet\/nouvelles\/bulletins-dinformation\/#breadcrumb\"},\"inLanguage\":\"fr-FR\",\"potentialAction\":[{\"@type\":\"ReadAction\",\"target\":[\"https:\/\/hgh.ca\/fr\/a-notre-sujet\/nouvelles\/bulletins-dinformation\/\"]}]},{\"@type\":\"BreadcrumbList\",\"@id\":\"https:\/\/hgh.ca\/fr\/a-notre-sujet\/nouvelles\/bulletins-dinformation\/#breadcrumb\",\"itemListElement\":[{\"@type\":\"ListItem\",\"position\":1,\"name\":\"Home\",\"item\":\"https:\/\/hgh.ca\/fr\/\"},{\"@type\":\"ListItem\",\"position\":2,\"name\":\"\u00c0 notre sujet\",\"item\":\"https:\/\/hgh.ca\/fr\/a-notre-sujet\/\"},{\"@type\":\"ListItem\",\"position\":3,\"name\":\"Nouvelles\",\"item\":\"https:\/\/hgh.ca\/fr\/a-notre-sujet\/nouvelles\/\"},{\"@type\":\"ListItem\",\"position\":4,\"name\":\"Bulletins d&rsquo;information\"}]},{\"@type\":\"WebSite\",\"@id\":\"https:\/\/hgh.ca\/#website\",\"url\":\"https:\/\/hgh.ca\/\",\"name\":\"H\u00f4pital g\u00e9n\u00e9ral de Hawkesbury\",\"description\":\"Compassion, Innovation, Excellence\",\"potentialAction\":[{\"@type\":\"SearchAction\",\"target\":{\"@type\":\"EntryPoint\",\"urlTemplate\":\"https:\/\/hgh.ca\/?s={search_term_string}\"},\"query-input\":\"required name=search_term_string\"}],\"inLanguage\":\"fr-FR\"}]}<\/script>\n<!-- \/ Yoast SEO plugin. -->","yoast_head_json":{"title":"Bulletins d'information - H\u00f4pital g\u00e9n\u00e9ral de Hawkesbury","robots":{"index":"index","follow":"follow","max-snippet":"max-snippet:-1","max-image-preview":"max-image-preview:large","max-video-preview":"max-video-preview:-1"},"canonical":"https:\/\/hgh.ca\/fr\/a-notre-sujet\/nouvelles\/bulletins-dinformation\/","og_locale":"fr_FR","og_type":"article","og_title":"Bulletins d'information - H\u00f4pital g\u00e9n\u00e9ral de Hawkesbury","og_description":"Dialogue HGH Depuis janvier 2014, l&rsquo;H\u00f4pital g\u00e9n\u00e9ral de Hawkesbury et district (HGH) publie le bulletin de nouvelles Dialogue. Cet outil de communication s&rsquo;adresse aux employ\u00e9s, aux m\u00e9decins et aux partenaires de l&rsquo;HGH ainsi qu&rsquo;aux membres du public int\u00e9ress\u00e9s par le d\u00e9veloppement de l\u2019h\u00f4pital. Suivez les liens pour consulter ou t\u00e9l\u00e9charger les diff\u00e9rentes \u00e9ditions du bulletin... Acc\u00e9der l'article","og_url":"https:\/\/hgh.ca\/fr\/a-notre-sujet\/nouvelles\/bulletins-dinformation\/","og_site_name":"H\u00f4pital g\u00e9n\u00e9ral de Hawkesbury","article_modified_time":"2020-02-26T13:06:22+00:00","twitter_card":"summary_large_image","twitter_misc":{"Dur\u00e9e de lecture estim\u00e9e":"1 minute"},"schema":{"@context":"https:\/\/schema.org","@graph":[{"@type":"WebPage","@id":"https:\/\/hgh.ca\/fr\/a-notre-sujet\/nouvelles\/bulletins-dinformation\/","url":"https:\/\/hgh.ca\/fr\/a-notre-sujet\/nouvelles\/bulletins-dinformation\/","name":"Bulletins d'information - H\u00f4pital g\u00e9n\u00e9ral de Hawkesbury","isPartOf":{"@id":"https:\/\/hgh.ca\/#website"},"datePublished":"2015-02-21T00:54:35+00:00","dateModified":"2020-02-26T13:06:22+00:00","breadcrumb":{"@id":"https:\/\/hgh.ca\/fr\/a-notre-sujet\/nouvelles\/bulletins-dinformation\/#breadcrumb"},"inLanguage":"fr-FR","potentialAction":[{"@type":"ReadAction","target":["https:\/\/hgh.ca\/fr\/a-notre-sujet\/nouvelles\/bulletins-dinformation\/"]}]},{"@type":"BreadcrumbList","@id":"https:\/\/hgh.ca\/fr\/a-notre-sujet\/nouvelles\/bulletins-dinformation\/#breadcrumb","itemListElement":[{"@type":"ListItem","position":1,"name":"Home","item":"https:\/\/hgh.ca\/fr\/"},{"@type":"ListItem","position":2,"name":"\u00c0 notre sujet","item":"https:\/\/hgh.ca\/fr\/a-notre-sujet\/"},{"@type":"ListItem","position":3,"name":"Nouvelles","item":"https:\/\/hgh.ca\/fr\/a-notre-sujet\/nouvelles\/"},{"@type":"ListItem","position":4,"name":"Bulletins d&rsquo;information"}]},{"@type":"WebSite","@id":"https:\/\/hgh.ca\/#website","url":"https:\/\/hgh.ca\/","name":"H\u00f4pital g\u00e9n\u00e9ral de Hawkesbury","description":"Compassion, Innovation, Excellence","potentialAction":[{"@type":"SearchAction","target":{"@type":"EntryPoint","urlTemplate":"https:\/\/hgh.ca\/?s={search_term_string}"},"query-input":"required name=search_term_string"}],"inLanguage":"fr-FR"}]}},"_links":{"self":[{"href":"https:\/\/hgh.ca\/fr\/wp-json\/wp\/v2\/pages\/201\/"}],"collection":[{"href":"https:\/\/hgh.ca\/fr\/wp-json\/wp\/v2\/pages\/"}],"about":[{"href":"https:\/\/hgh.ca\/fr\/wp-json\/wp\/v2\/types\/page\/"}],"author":[{"embeddable":true,"href":"https:\/\/hgh.ca\/fr\/wp-json\/wp\/v2\/users\/1\/"}],"replies":[{"embeddable":true,"href":"https:\/\/hgh.ca\/fr\/wp-json\/wp\/v2\/comments\/?post=201"}],"version-history":[{"count":6,"href":"https:\/\/hgh.ca\/fr\/wp-json\/wp\/v2\/pages\/201\/revisions\/"}],"predecessor-version":[{"id":5924,"href":"https:\/\/hgh.ca\/fr\/wp-json\/wp\/v2\/pages\/201\/revisions\/5924\/"}],"up":[{"embeddable":true,"href":"https:\/\/hgh.ca\/fr\/wp-json\/wp\/v2\/pages\/135\/"}],"wp:attachment":[{"href":"https:\/\/hgh.ca\/fr\/wp-json\/wp\/v2\/media\/?parent=201"}],"curies":[{"name":"wp","href":"https:\/\/api.w.org\/{rel}","templated":true}]}}